{"id":9969,"date":"2025-06-21T04:24:47","date_gmt":"2025-06-21T04:24:47","guid":{"rendered":"https:\/\/bamboovipfood.com\/?post_type=product&#038;p=9969"},"modified":"2025-06-21T07:25:19","modified_gmt":"2025-06-21T07:25:19","slug":"bot-gia-vi-thit-nuong-bbq","status":"publish","type":"product","link":"https:\/\/bamboovipfood.com\/en\/product\/premium-bbq-meat-seasoning-powder\/","title":{"rendered":"BBQ Seasoning Powder"},"content":{"rendered":"<p>Are you a fan of aromatic, bold BBQ flavors? Do you want to easily create perfectly seasoned grilled meats and vegetables without the hassle of preparing spices from scratch? Let <strong>BBQ Seasoning Powder<\/strong> our product become the 'unsung hero' of all your parties!<\/p>\n<p>With a unique recipe that blends the essence of premium spices, this product delivers an enchanting aroma and the bold, signature taste of traditional BBQ. Now, you can effortlessly transform any ingredient into a culinary masterpiece in just a flash!<\/p>\n<h2>Flavor Highlights: What Makes Our BBQ Seasoning Stand Out<\/h2>\n<p><strong>BBQ Seasoning Powder<\/strong> is crafted to provide both convenience and perfect flavor.<\/p>\n<ul>\n<li><strong>Bold &amp; Authentic BBQ Flavor:<\/strong> A harmonious blend of <strong>Sugar, salt, pepper, chili powder, garlic &amp; onion powder, MSG, seasoning<\/strong> and <strong>natural barbecue aroma<\/strong> creating an irresistible symphony of flavors. The rich, enchanting aroma will fill your entire kitchen.<\/li>\n<li><strong>Ultimate Convenience:<\/strong> Forget about measuring out a dozen different spices! With our BBQ Seasoning Powder, you only need one single product to achieve the perfect taste, helping you <strong>save time<\/strong> and significant effort.<\/li>\n<li><strong>Ultra-Fine Powder: Deep Absorption &amp; Even Coating:<\/strong> The powder is ultra-finely ground to easily coat the surface and penetrate deep into every fiber of meat or vegetables, ensuring a rich, bold flavor from the inside out.<\/li>\n<li><strong>Quality &amp; Safety:<\/strong> S\u1ea3n ph\u1ea9m \u0111\u01b0\u1ee3c s\u1ea3n xu\u1ea5t t\u1eeb c\u00e1c th\u00e0nh ph\u1ea7n ch\u1ecdn l\u1ecdc, tu\u00e2n th\u1ee7 quy tr\u00ecnh ki\u1ec3m so\u00e1t ch\u1ea5t l\u01b0\u1ee3ng nghi\u00eam ng\u1eb7t, \u0111\u1ea3m b\u1ea3o <strong>food safety and hygiene<\/strong> v\u00e0 h\u01b0\u01a1ng v\u1ecb lu\u00f4n \u1ed5n \u0111\u1ecbnh.<\/li>\n<li><strong>Versatile Applications:<\/strong> Not just for meat, our BBQ seasoning is also a fantastic choice for grilled vegetables, snacks, and a variety of other dishes.<\/li>\n<\/ul>\n<h2>How to use BBQ Seasoning Powder<\/h2>\n<p>Featuring <strong>BBQ Seasoning Powder<\/strong>unleash your creativity and transform any ingredient into a delicious masterpiece:<\/p>\n<ul>\n<li><strong>Shake Directly onto Snacks:<\/strong>\n<ul>\n<li>Instantly transform a variety of <strong>snacks, French fries, fried sweet potatoes, and popcorn<\/strong> or <strong>Rice crackers<\/strong> into 'addictive' snacks with an aromatic BBQ flavor. Just sprinkle a sufficient amount and shake well!<\/li>\n<\/ul>\n<\/li>\n<li><strong>Perfect Marinating for Mushrooms, Vegetables &amp; BBQ Meats:<\/strong>\n<ul>\n<li><strong>Marinate mushrooms, bell peppers, and eggplants<\/strong> or other vegetables before grilling so they are infused with a rich, bold BBQ flavor.<\/li>\n<li>The ideal choice to <strong>marinate meats (beef, pork, chicken) and seafood<\/strong> when preparing grilled dishes. The seasoning helps tenderize the meat, enhances the aroma, and creates an appealing color after grilling.<\/li>\n<\/ul>\n<\/li>\n<li><strong>Making Multi-Purpose BBQ Sauce:<\/strong>\n<ul>\n<li>Mix the seasoning powder with a bit of water, cooking oil, or ketchup\/chili sauce to create <strong>a thick BBQ sauce<\/strong> used to brush onto meat while grilling, or as a direct dipping sauce.<\/li>\n<\/ul>\n<\/li>\n<li><strong>Adding Rich Flavor to Other Dishes:<\/strong>\n<ul>\n<li>You can add a pinch of powder to your <strong>stir-fried noodles, fried rice, or soups<\/strong> to create a unique and mouth-watering BBQ twist.<\/li>\n<\/ul>\n<\/li>\n<\/ul>\n<h2>Why Choose Our BBQ Kitchen Seasoning Powder?<\/h2>\n<ul>\n<li><strong>Restaurant-Quality Flavor:<\/strong> Bring professional BBQ flavors right into your kitchen<\/li>\n<li><strong>Maximum Time Savings:<\/strong> Enjoy delicious grilled dishes quickly without the need for complex preparation.<\/li>\n<li><strong>Safe for Health:<\/strong> Free from harmful substances and strictly quality-tested.<\/li>\n<li><strong>Simple Storage:<\/strong> The dry powder form ensures a long shelf life, making it convenient for every household.<\/li>\n<\/ul>\n<p><strong>Don't miss the chance to turn simple meals into grand BBQ feasts!<\/strong> Featuring <strong>BBQ Seasoning Powder<\/strong>making it faster and easier than ever to prepare delicious, restaurant-quality BBQ dishes.<\/p>\n<p style=\"text-align: center;\"><strong>BUY OUR BBQ SEASONING POWDER HERE! <a href=\"https:\/\/bamboovipfood.com\/en\/product-category\/spice-powders\/\">Healthy Snack Seasoning<\/a>\u00a0&#8221; <\/strong>or <strong>JOIN US AS A DISTRIBUTION PARTNER!<\/strong><\/p>","protected":false},"excerpt":{"rendered":"<p>Ingredients: Sugar, salt, black pepper, chili powder, garlic powder, onion powder, monosodium glutamate (MSG), seasoning powder, barbecue flavor...<\/p>","protected":false},"featured_media":9970,"comment_status":"open","ping_status":"closed","template":"","meta":[],"product_cat":[446],"product_tag":[],"class_list":{"0":"post-9969","1":"product","2":"type-product","3":"status-publish","4":"has-post-thumbnail","6":"product_cat-bot-gia-vi","8":"first","9":"instock","10":"shipping-taxable","11":"product-type-simple"},"yoast_head":"<!-- This site is optimized with the Yoast SEO plugin v25.7 - https:\/\/yoast.com\/wordpress\/plugins\/seo\/ -->\n<title>B\u1ed9t gia v\u1ecb Th\u1ecbt N\u01b0\u1edbng - BBQ - Bamboo Freeze Drying<\/title>\n<meta name=\"robots\" content=\"index, follow, max-snippet:-1, max-image-preview:large, max-video-preview:-1\" \/>\n<link rel=\"canonical\" href=\"https:\/\/bamboovipfood.com\/en\/product\/premium-bbq-meat-seasoning-powder\/\" \/>\n<meta property=\"og:locale\" content=\"en_US\" \/>\n<meta property=\"og:type\" content=\"article\" \/>\n<meta property=\"og:title\" content=\"B\u1ed9t gia v\u1ecb Th\u1ecbt N\u01b0\u1edbng - BBQ - Bamboo Freeze Drying\" \/>\n<meta property=\"og:description\" content=\"Th\u00e0nh ph\u1ea7n: \u0110\u01b0\u1eddng, mu\u1ed1i, h\u1ea1t ti\u00eau, \u1edbt b\u1ed9t, b\u1ed9t t\u1ecfi, b\u1ed9t h\u00e0nh, b\u1ed9t ng\u1ecdt, h\u1ea1t n\u00eam, h\u01b0\u01a1ng th\u1ecbt n\u01b0\u1edbng...\" \/>\n<meta property=\"og:url\" content=\"https:\/\/bamboovipfood.com\/en\/product\/premium-bbq-meat-seasoning-powder\/\" \/>\n<meta property=\"og:site_name\" content=\"Bamboo Freeze Drying\" \/>\n<meta property=\"article:modified_time\" content=\"2025-06-21T07:25:19+00:00\" \/>\n<meta property=\"og:image\" content=\"https:\/\/bamboovipfood.com\/wp-content\/uploads\/2025\/06\/bot-rac-thit-nuong-bbq.png\" \/>\n\t<meta property=\"og:image:width\" content=\"1024\" \/>\n\t<meta property=\"og:image:height\" content=\"1024\" \/>\n\t<meta property=\"og:image:type\" content=\"image\/png\" \/>\n<meta name=\"twitter:card\" content=\"summary_large_image\" \/>\n<meta name=\"twitter:label1\" content=\"Est. reading time\" \/>\n\t<meta name=\"twitter:data1\" content=\"5 minutes\" \/>\n<script type=\"application\/ld+json\" class=\"yoast-schema-graph\">{\"@context\":\"https:\/\/schema.org\",\"@graph\":[{\"@type\":\"WebPage\",\"@id\":\"https:\/\/bamboovipfood.com\/san-pham\/bot-gia-vi-thit-nuong-bbq\/\",\"url\":\"https:\/\/bamboovipfood.com\/san-pham\/bot-gia-vi-thit-nuong-bbq\/\",\"name\":\"B\u1ed9t gia v\u1ecb Th\u1ecbt N\u01b0\u1edbng - BBQ - Bamboo Freeze Drying\",\"isPartOf\":{\"@id\":\"https:\/\/bamboovipfood.com\/#website\"},\"primaryImageOfPage\":{\"@id\":\"https:\/\/bamboovipfood.com\/san-pham\/bot-gia-vi-thit-nuong-bbq\/#primaryimage\"},\"image\":{\"@id\":\"https:\/\/bamboovipfood.com\/san-pham\/bot-gia-vi-thit-nuong-bbq\/#primaryimage\"},\"thumbnailUrl\":\"https:\/\/bamboovipfood.com\/wp-content\/uploads\/2025\/06\/bot-rac-thit-nuong-bbq.png\",\"datePublished\":\"2025-06-21T04:24:47+00:00\",\"dateModified\":\"2025-06-21T07:25:19+00:00\",\"breadcrumb\":{\"@id\":\"https:\/\/bamboovipfood.com\/san-pham\/bot-gia-vi-thit-nuong-bbq\/#breadcrumb\"},\"inLanguage\":\"en-US\",\"potentialAction\":[{\"@type\":\"ReadAction\",\"target\":[\"https:\/\/bamboovipfood.com\/san-pham\/bot-gia-vi-thit-nuong-bbq\/\"]}]},{\"@type\":\"ImageObject\",\"inLanguage\":\"en-US\",\"@id\":\"https:\/\/bamboovipfood.com\/san-pham\/bot-gia-vi-thit-nuong-bbq\/#primaryimage\",\"url\":\"https:\/\/bamboovipfood.com\/wp-content\/uploads\/2025\/06\/bot-rac-thit-nuong-bbq.png\",\"contentUrl\":\"https:\/\/bamboovipfood.com\/wp-content\/uploads\/2025\/06\/bot-rac-thit-nuong-bbq.png\",\"width\":1024,\"height\":1024,\"caption\":\"B\u1ed9t Gia V\u1ecb Th\u1ecbt N\u01b0\u1edbng BBQ\"},{\"@type\":\"BreadcrumbList\",\"@id\":\"https:\/\/bamboovipfood.com\/san-pham\/bot-gia-vi-thit-nuong-bbq\/#breadcrumb\",\"itemListElement\":[{\"@type\":\"ListItem\",\"position\":1,\"name\":\"Trang ch\u1ee7\",\"item\":\"https:\/\/bamboovipfood.com\/\"},{\"@type\":\"ListItem\",\"position\":2,\"name\":\"Shop\",\"item\":\"https:\/\/bamboovipfood.com\/shop\/\"},{\"@type\":\"ListItem\",\"position\":3,\"name\":\"B\u1ed9t gia v\u1ecb Th\u1ecbt N\u01b0\u1edbng &#8211; BBQ\"}]},{\"@type\":\"WebSite\",\"@id\":\"https:\/\/bamboovipfood.com\/#website\",\"url\":\"https:\/\/bamboovipfood.com\/\",\"name\":\"Bamboo Freeze Drying\",\"description\":\"Nh\u00e0 cung \u1ee9ng s\u1ea3n ph\u1ea9m s\u1ea5y th\u0103ng hoa h\u00e0ng \u0111\u1ea7u\",\"publisher\":{\"@id\":\"https:\/\/bamboovipfood.com\/#organization\"},\"potentialAction\":[{\"@type\":\"SearchAction\",\"target\":{\"@type\":\"EntryPoint\",\"urlTemplate\":\"https:\/\/bamboovipfood.com\/?s={search_term_string}\"},\"query-input\":{\"@type\":\"PropertyValueSpecification\",\"valueRequired\":true,\"valueName\":\"search_term_string\"}}],\"inLanguage\":\"en-US\"},{\"@type\":\"Organization\",\"@id\":\"https:\/\/bamboovipfood.com\/#organization\",\"name\":\"Bamboo Freeze Drying\",\"url\":\"https:\/\/bamboovipfood.com\/\",\"logo\":{\"@type\":\"ImageObject\",\"inLanguage\":\"en-US\",\"@id\":\"https:\/\/bamboovipfood.com\/#\/schema\/logo\/image\/\",\"url\":\"https:\/\/bamboovipfood.com\/wp-content\/uploads\/2020\/08\/Logo-Bamboo-Freeze-Dry-Dark.png\",\"contentUrl\":\"https:\/\/bamboovipfood.com\/wp-content\/uploads\/2020\/08\/Logo-Bamboo-Freeze-Dry-Dark.png\",\"width\":500,\"height\":189,\"caption\":\"Bamboo Freeze Drying\"},\"image\":{\"@id\":\"https:\/\/bamboovipfood.com\/#\/schema\/logo\/image\/\"}}]}<\/script>\n<!-- \/ Yoast SEO plugin. -->","yoast_head_json":{"title":"B\u1ed9t gia v\u1ecb Th\u1ecbt N\u01b0\u1edbng - BBQ - Bamboo Freeze Drying","robots":{"index":"index","follow":"follow","max-snippet":"max-snippet:-1","max-image-preview":"max-image-preview:large","max-video-preview":"max-video-preview:-1"},"canonical":"https:\/\/bamboovipfood.com\/en\/product\/premium-bbq-meat-seasoning-powder\/","og_locale":"en_US","og_type":"article","og_title":"B\u1ed9t gia v\u1ecb Th\u1ecbt N\u01b0\u1edbng - BBQ - Bamboo Freeze Drying","og_description":"Th\u00e0nh ph\u1ea7n: \u0110\u01b0\u1eddng, mu\u1ed1i, h\u1ea1t ti\u00eau, \u1edbt b\u1ed9t, b\u1ed9t t\u1ecfi, b\u1ed9t h\u00e0nh, b\u1ed9t ng\u1ecdt, h\u1ea1t n\u00eam, h\u01b0\u01a1ng th\u1ecbt n\u01b0\u1edbng...","og_url":"https:\/\/bamboovipfood.com\/en\/product\/premium-bbq-meat-seasoning-powder\/","og_site_name":"Bamboo Freeze Drying","article_modified_time":"2025-06-21T07:25:19+00:00","og_image":[{"width":1024,"height":1024,"url":"https:\/\/bamboovipfood.com\/wp-content\/uploads\/2025\/06\/bot-rac-thit-nuong-bbq.png","type":"image\/png"}],"twitter_card":"summary_large_image","twitter_misc":{"Est. reading time":"5 minutes"},"schema":{"@context":"https:\/\/schema.org","@graph":[{"@type":"WebPage","@id":"https:\/\/bamboovipfood.com\/san-pham\/bot-gia-vi-thit-nuong-bbq\/","url":"https:\/\/bamboovipfood.com\/san-pham\/bot-gia-vi-thit-nuong-bbq\/","name":"B\u1ed9t gia v\u1ecb Th\u1ecbt N\u01b0\u1edbng - BBQ - Bamboo Freeze Drying","isPartOf":{"@id":"https:\/\/bamboovipfood.com\/#website"},"primaryImageOfPage":{"@id":"https:\/\/bamboovipfood.com\/san-pham\/bot-gia-vi-thit-nuong-bbq\/#primaryimage"},"image":{"@id":"https:\/\/bamboovipfood.com\/san-pham\/bot-gia-vi-thit-nuong-bbq\/#primaryimage"},"thumbnailUrl":"https:\/\/bamboovipfood.com\/wp-content\/uploads\/2025\/06\/bot-rac-thit-nuong-bbq.png","datePublished":"2025-06-21T04:24:47+00:00","dateModified":"2025-06-21T07:25:19+00:00","breadcrumb":{"@id":"https:\/\/bamboovipfood.com\/san-pham\/bot-gia-vi-thit-nuong-bbq\/#breadcrumb"},"inLanguage":"en-US","potentialAction":[{"@type":"ReadAction","target":["https:\/\/bamboovipfood.com\/san-pham\/bot-gia-vi-thit-nuong-bbq\/"]}]},{"@type":"ImageObject","inLanguage":"en-US","@id":"https:\/\/bamboovipfood.com\/san-pham\/bot-gia-vi-thit-nuong-bbq\/#primaryimage","url":"https:\/\/bamboovipfood.com\/wp-content\/uploads\/2025\/06\/bot-rac-thit-nuong-bbq.png","contentUrl":"https:\/\/bamboovipfood.com\/wp-content\/uploads\/2025\/06\/bot-rac-thit-nuong-bbq.png","width":1024,"height":1024,"caption":"B\u1ed9t Gia V\u1ecb Th\u1ecbt N\u01b0\u1edbng BBQ"},{"@type":"BreadcrumbList","@id":"https:\/\/bamboovipfood.com\/san-pham\/bot-gia-vi-thit-nuong-bbq\/#breadcrumb","itemListElement":[{"@type":"ListItem","position":1,"name":"Trang ch\u1ee7","item":"https:\/\/bamboovipfood.com\/"},{"@type":"ListItem","position":2,"name":"Shop","item":"https:\/\/bamboovipfood.com\/shop\/"},{"@type":"ListItem","position":3,"name":"B\u1ed9t gia v\u1ecb Th\u1ecbt N\u01b0\u1edbng &#8211; BBQ"}]},{"@type":"WebSite","@id":"https:\/\/bamboovipfood.com\/#website","url":"https:\/\/bamboovipfood.com\/","name":"Bamboo Freeze Drying","description":"Nh\u00e0 cung \u1ee9ng s\u1ea3n ph\u1ea9m s\u1ea5y th\u0103ng hoa h\u00e0ng \u0111\u1ea7u","publisher":{"@id":"https:\/\/bamboovipfood.com\/#organization"},"potentialAction":[{"@type":"SearchAction","target":{"@type":"EntryPoint","urlTemplate":"https:\/\/bamboovipfood.com\/?s={search_term_string}"},"query-input":{"@type":"PropertyValueSpecification","valueRequired":true,"valueName":"search_term_string"}}],"inLanguage":"en-US"},{"@type":"Organization","@id":"https:\/\/bamboovipfood.com\/#organization","name":"Bamboo Freeze Drying","url":"https:\/\/bamboovipfood.com\/","logo":{"@type":"ImageObject","inLanguage":"en-US","@id":"https:\/\/bamboovipfood.com\/#\/schema\/logo\/image\/","url":"https:\/\/bamboovipfood.com\/wp-content\/uploads\/2020\/08\/Logo-Bamboo-Freeze-Dry-Dark.png","contentUrl":"https:\/\/bamboovipfood.com\/wp-content\/uploads\/2020\/08\/Logo-Bamboo-Freeze-Dry-Dark.png","width":500,"height":189,"caption":"Bamboo Freeze Drying"},"image":{"@id":"https:\/\/bamboovipfood.com\/#\/schema\/logo\/image\/"}}]}},"_links":{"self":[{"href":"https:\/\/bamboovipfood.com\/en\/wp-json\/wp\/v2\/product\/9969","targetHints":{"allow":["GET"]}}],"collection":[{"href":"https:\/\/bamboovipfood.com\/en\/wp-json\/wp\/v2\/product"}],"about":[{"href":"https:\/\/bamboovipfood.com\/en\/wp-json\/wp\/v2\/types\/product"}],"replies":[{"embeddable":true,"href":"https:\/\/bamboovipfood.com\/en\/wp-json\/wp\/v2\/comments?post=9969"}],"wp:featuredmedia":[{"embeddable":true,"href":"https:\/\/bamboovipfood.com\/en\/wp-json\/wp\/v2\/media\/9970"}],"wp:attachment":[{"href":"https:\/\/bamboovipfood.com\/en\/wp-json\/wp\/v2\/media?parent=9969"}],"wp:term":[{"taxonomy":"product_cat","embeddable":true,"href":"https:\/\/bamboovipfood.com\/en\/wp-json\/wp\/v2\/product_cat?post=9969"},{"taxonomy":"product_tag","embeddable":true,"href":"https:\/\/bamboovipfood.com\/en\/wp-json\/wp\/v2\/product_tag?post=9969"}],"curies":[{"name":"wp","href":"https:\/\/api.w.org\/{rel}","templated":true}]}}