{"id":9967,"date":"2025-06-21T03:52:13","date_gmt":"2025-06-21T03:52:13","guid":{"rendered":"https:\/\/bamboovipfood.com\/?post_type=product&#038;p=9967"},"modified":"2025-06-21T04:06:27","modified_gmt":"2025-06-21T04:06:27","slug":"bot-gia-vi-wasabi","status":"publish","type":"product","link":"https:\/\/bamboovipfood.com\/en\/product\/wasabi-seasoning-powder-for-snacks\/","title":{"rendered":"Wasabi Seasoning Powder"},"content":{"rendered":"<p>B\u1ea1n l\u00e0 ng\u01b0\u1eddi \u0111am m\u00ea h\u01b0\u01a1ng v\u1ecb cay n\u1ed3ng \u0111\u1eb7c tr\u01b0ng, s\u1ea3ng kho\u00e1i c\u1ee7a Wasabi v\u00e0 mu\u1ed1n mang n\u00e9t tinh hoa \u1ea9m th\u1ef1c Nh\u1eadt B\u1ea3n v\u00e0o ngay b\u1eefa \u0103n h\u00e0ng ng\u00e0y? H\u00e3y \u0111\u1ec3 <strong>B\u1ed9t Gia V\u1ecb nh\u00e0 b\u1ebfpWasabi<\/strong> c\u1ee7a ch\u00fang t\u00f4i tr\u1edf th\u00e0nh &#8220;ng\u01b0\u1eddi b\u1ea1n \u0111\u1ed3ng h\u00e0nh&#8221; kh\u00f4ng th\u1ec3 thi\u1ebfu trong c\u0103n b\u1ebfp c\u1ee7a b\u1ea1n!<\/p>\n<p>S\u1ea3n ph\u1ea9m n\u00e0y l\u00e0 s\u1ef1 k\u1ebft h\u1ee3p ho\u00e0n h\u1ea3o gi\u1eefa b\u1ed9t c\u1ea3i ng\u1ef1a v\u00e0 b\u1ed9t m\u00f9 t\u1ea1t, mang \u0111\u1ebfn h\u01b0\u01a1ng v\u1ecb Wasabi chu\u1ea9n m\u1ef1c, ti\u1ec7n l\u1ee3i v\u00e0 \u0111a n\u0103ng \u0111\u1ec3 b\u1ea1n d\u1ec5 d\u00e0ng n\u00e2ng t\u1ea7m m\u1ecdi m\u00f3n \u0103n, t\u1eeb nh\u1eefng l\u00e1t sushi t\u01b0\u01a1i ngon \u0111\u1ebfn c\u00e1c m\u00f3n th\u1ecbt, rau c\u1ee7 quen thu\u1ed9c.<\/p>\n<h2>\u0110\u1eb7c \u0111i\u1ec3m n\u1ed5i b\u1eadt b\u1ed9t gia V\u1ecb Wasabi<\/h2>\n<ul>\n<li><strong>H\u01b0\u01a1ng V\u1ecb Cay N\u1ed3ng Chu\u1ea9n M\u1ef1c:<\/strong> S\u1ea3n ph\u1ea9m \u0111\u01b0\u1ee3c pha tr\u1ed9n t\u1ec9 m\u1ec9 t\u1eeb b\u1ed9t c\u1ea3i ng\u1ef1a v\u00e0 b\u1ed9t m\u00f9 t\u1ea1t, t\u00e1i t\u1ea1o ch\u00e2n th\u1ef1c v\u1ecb cay n\u1ed3ng \u0111\u1eb7c tr\u01b0ng, x\u1ed9c th\u1eb3ng l\u00ean m\u0169i c\u1ee7a Wasabi t\u01b0\u01a1i, mang l\u1ea1i c\u1ea3m gi\u00e1c s\u1ea3ng kho\u00e1i v\u00e0 &#8220;b\u00f9ng n\u1ed5&#8221; v\u1ecb gi\u00e1c.<\/li>\n<li><strong>Ultimate Convenience:<\/strong> Kh\u00f4ng c\u1ea7n t\u00ecm ki\u1ebfm c\u1ee7 Wasabi t\u01b0\u01a1i hay d\u1ee5ng c\u1ee5 m\u00e0i c\u1ea7u k\u1ef3. Ch\u1ec9 v\u1edbi m\u1ed9t g\u00f3i b\u1ed9t gia v\u1ecb Wasabi, b\u1ea1n c\u00f3 th\u1ec3 d\u1ec5 d\u00e0ng t\u1ea1o ra lo\u1ea1i n\u01b0\u1edbc ch\u1ea5m ho\u1eb7c gia v\u1ecb t\u1ea9m \u01b0\u1edbp chu\u1ea9n v\u1ecb, ti\u1ebft ki\u1ec7m th\u1eddi gian v\u00e0 c\u00f4ng s\u1ee9c.<\/li>\n<li><strong>D\u1ea1ng B\u1ed9t M\u1ecbn, D\u1ec5 S\u1eed D\u1ee5ng:<\/strong> B\u1ed9t m\u1ecbn gi\u00fap d\u1ec5 d\u00e0ng h\u00f2a tan trong n\u01b0\u1edbc ho\u1eb7c c\u00e1c lo\u1ea1i s\u1ed1t, t\u1ea1o \u0111\u1ed9 s\u00e1nh m\u1ecbn, b\u00e1m \u0111\u1ec1u v\u00e0o th\u1ef1c ph\u1ea9m, \u0111\u1ea3m b\u1ea3o h\u01b0\u01a1ng v\u1ecb th\u1ea5m \u0111\u1eabm trong t\u1eebng mi\u1ebfng \u0103n.<\/li>\n<li><strong>Th\u00e0nh Ph\u1ea7n An To\u00e0n:<\/strong> \u0110\u01b0\u1ee3c ch\u1ebf bi\u1ebfn t\u1eeb b\u1ed9t c\u1ea3i ng\u1ef1a, b\u1ed9t m\u00f9 t\u1ea1t c\u00f9ng c\u00e1c ch\u1ea5t \u0111i\u1ec1u v\u1ecb v\u00e0 ph\u1ee5 gia th\u1ef1c ph\u1ea9m kh\u00e1c \u0111\u01b0\u1ee3c ki\u1ec3m \u0111\u1ecbnh, \u0111\u1ea3m b\u1ea3o an to\u00e0n v\u1ec7 sinh th\u1ef1c ph\u1ea9m v\u00e0 ch\u1ea5t l\u01b0\u1ee3ng h\u01b0\u01a1ng v\u1ecb \u1ed5n \u0111\u1ecbnh.<\/li>\n<li><strong>Versatile Applications:<\/strong> T\u1eeb vi\u1ec7c ch\u1ea5m m\u00f3n Nh\u1eadt truy\u1ec1n th\u1ed1ng \u0111\u1ebfn s\u00e1ng t\u1ea1o c\u00e1c m\u00f3n \u0103n h\u00e0ng ng\u00e0y, b\u1ed9t Wasabi c\u1ee7a ch\u00fang t\u00f4i m\u1edf ra v\u00f4 v\u00e0n kh\u1ea3 n\u0103ng \u1ea9m th\u1ef1c.<\/li>\n<\/ul>\n<h2>C\u00f4ng d\u1ee5ng &amp; c\u00e1ch s\u1eed d\u1ee5ng b\u1ed9t Wasabi<\/h2>\n<p>Featuring <strong>B\u1ed9t Gia V\u1ecb Wasabi<\/strong>, b\u1ea1n c\u00f3 th\u1ec3 th\u1ecfa s\u1ee9c s\u00e1ng t\u1ea1o v\u00e0 th\u01b0\u1edfng th\u1ee9c h\u01b0\u01a1ng v\u1ecb cay n\u1ed3ng \u0111\u1eb7c tr\u01b0ng:<\/p>\n<ul>\n<li><strong>Gia v\u1ecb tr\u1ef1c ti\u1ebfp cho th\u1ecbt v\u00e0 rau:<\/strong>\n<ul>\n<li>R\u1eafc m\u1ed9t l\u01b0\u1ee3ng nh\u1ecf b\u1ed9t Wasabi tr\u1ef1c ti\u1ebfp l\u00ean c\u00e1c m\u00f3n <strong>th\u1ecbt n\u01b0\u1edbng, th\u1ecbt \u00e1p ch\u1ea3o<\/strong> or <strong>rau c\u1ee7 lu\u1ed9c, h\u1ea5p<\/strong> \u0111\u1ec3 t\u0103ng th\u00eam h\u01b0\u01a1ng v\u1ecb cay nh\u1eb9, k\u00edch th\u00edch v\u1ecb gi\u00e1c v\u00e0 kh\u1eed m\u00f9i tanh (n\u1ebfu c\u00f3).<\/li>\n<li>C\u00f3 th\u1ec3 d\u00f9ng \u0111\u1ec3 t\u1ea9m \u01b0\u1edbp c\u00e1c m\u00f3n \u0103n tr\u01b0\u1edbc khi ch\u1ebf bi\u1ebfn, t\u1ea1o \u0111i\u1ec3m nh\u1ea5n h\u01b0\u01a1ng v\u1ecb \u0111\u1ed9c \u0111\u00e1o.<\/li>\n<\/ul>\n<\/li>\n<li><strong>Pha ch\u1ebf n\u01b0\u1edbc ch\u1ea5m chu\u1ea9n v\u1ecb Nh\u1eadt:<\/strong>\n<ul>\n<li><strong>Ch\u1ea5m Sushi, Sashimi, H\u1ea3i s\u1ea3n t\u01b0\u01a1i s\u1ed1ng:<\/strong> \u0110\u00e2y l\u00e0 c\u00f4ng d\u1ee5ng ph\u1ed5 bi\u1ebfn nh\u1ea5t. Pha b\u1ed9t Wasabi v\u1edbi m\u1ed9t l\u01b0\u1ee3ng n\u01b0\u1edbc nh\u1ecf, t\u1eeb t\u1eeb khu\u1ea5y \u0111\u1ec1u cho \u0111\u1ebfn khi t\u1ea1o th\u00e0nh h\u1ed7n h\u1ee3p s\u1ec7t m\u1ecbn nh\u01b0 paste. B\u1ea1n c\u00f3 th\u1ec3 ch\u1ea5m tr\u1ef1c ti\u1ebfp ho\u1eb7c tr\u1ed9n c\u00f9ng n\u01b0\u1edbc t\u01b0\u01a1ng shoyu \u0111\u1ec3 t\u0103ng th\u00eam \u0111\u1ed9 \u0111\u1eadm \u0111\u00e0.<\/li>\n<li><strong>Pha v\u1edbi Mayonnaise:<\/strong> Tr\u1ed9n b\u1ed9t Wasabi v\u1edbi mayonnaise \u0111\u1ec3 t\u1ea1o th\u00e0nh s\u1ed1t Wasabi mayonnaise b\u00e9o ng\u1eady, cay nh\u1eb9, th\u00edch h\u1ee3p \u0111\u1ec3 ch\u1ea5m khoai t\u00e2y chi\u00ean, g\u00e0 r\u00e1n, ho\u1eb7c l\u00e0m s\u1ed1t cho c\u00e1c m\u00f3n salad, sandwich.<\/li>\n<li><strong>Mu\u1ed1i ch\u1ea5m h\u1ea3i s\u1ea3n:<\/strong> Tr\u1ed9n b\u1ed9t Wasabi v\u1edbi mu\u1ed1i, m\u1ed9t ch\u00fat \u0111\u01b0\u1eddng v\u00e0 \u1edbt b\u1ed9t (n\u1ebfu th\u00edch) \u0111\u1ec3 t\u1ea1o th\u00e0nh lo\u1ea1i mu\u1ed1i ch\u1ea5m h\u1ea3i s\u1ea3n n\u01b0\u1edbng, h\u1ea5p v\u00f4 c\u00f9ng h\u1ea5p d\u1eabn, gi\u00fap l\u00e0m n\u1ed5i b\u1eadt v\u1ecb ng\u1ecdt c\u1ee7a h\u1ea3i s\u1ea3n.<\/li>\n<\/ul>\n<\/li>\n<\/ul>\n<h2>Mua ngay b\u1ed9t gia v\u1ecb Wasabi &#8211; \u0111\u01b0a h\u01b0\u01a1ng v\u1ecb Nh\u1eadt B\u1ea3n v\u1ec1 b\u1ebfp nh\u00e0 b\u1ea1n!<\/h2>\n<p>\u0110\u1eebng b\u1ecf l\u1ee1 c\u01a1 h\u1ed9i kh\u00e1m ph\u00e1 v\u00e0 th\u01b0\u1edfng th\u1ee9c h\u01b0\u01a1ng v\u1ecb Wasabi \u0111\u1ed9c \u0111\u00e1o, s\u1ea3ng kho\u00e1i m\u1ed9t c\u00e1ch ti\u1ec7n l\u1ee3i. V\u1edbi <strong>B\u1ed9t Gia V\u1ecb Wasabi<\/strong> c\u1ee7a ch\u00fang t\u00f4i, b\u1ea1n s\u1ebd d\u1ec5 d\u00e0ng bi\u1ebfn h\u00f3a m\u1ecdi b\u1eefa \u0103n th\u00e0nh m\u1ed9t tr\u1ea3i nghi\u1ec7m \u1ea9m th\u1ef1c \u0111\u1eb3ng c\u1ea5p.<\/p>\n<p><strong>\u0110\u1eb7t mua ngay h\u00f4m nay \u0111\u1ec3 s\u1eb5n s\u00e0ng b\u00f9ng n\u1ed5 v\u1ecb gi\u00e1c v\u1edbi v\u1ecb cay n\u1ed3ng chu\u1ea9n m\u1ef1c t\u1eeb \u0111\u1ea5t n\u01b0\u1edbc m\u1eb7t tr\u1eddi m\u1ecdc!<\/strong><\/p>","protected":false},"excerpt":{"rendered":"<p><strong>Ingredient:\u00a0<\/strong>B\u1ed9t c\u1ea3i ng\u1ef1a, b\u1ed9t m\u00f9 t\u1ea1t, ch\u1ea5t \u0111i\u1ec1u v\u1ecb v\u00e0 ph\u1ee5 gia th\u1ef1c ph\u1ea9m kh\u00e1c.<\/p>","protected":false},"featured_media":9968,"comment_status":"open","ping_status":"closed","template":"","meta":[],"product_cat":[446],"product_tag":[],"class_list":{"0":"post-9967","1":"product","2":"type-product","3":"status-publish","4":"has-post-thumbnail","6":"product_cat-bot-gia-vi","8":"first","9":"instock","10":"shipping-taxable","11":"product-type-simple"},"yoast_head":"<!-- This site is optimized with the Yoast SEO plugin v25.7 - https:\/\/yoast.com\/wordpress\/plugins\/seo\/ -->\n<title>B\u1ed9t gia v\u1ecb WaSaBi - Bamboo Freeze Drying<\/title>\n<meta name=\"robots\" content=\"index, follow, max-snippet:-1, max-image-preview:large, max-video-preview:-1\" \/>\n<link rel=\"canonical\" href=\"https:\/\/bamboovipfood.com\/en\/product\/wasabi-seasoning-powder-for-snacks\/\" \/>\n<meta property=\"og:locale\" content=\"en_US\" \/>\n<meta property=\"og:type\" content=\"article\" \/>\n<meta property=\"og:title\" content=\"B\u1ed9t gia v\u1ecb WaSaBi - Bamboo Freeze Drying\" \/>\n<meta property=\"og:description\" content=\"Th\u00e0nh ph\u1ea7n:\u00a0B\u1ed9t c\u1ea3i ng\u1ef1a, b\u1ed9t m\u00f9 t\u1ea1t, ch\u1ea5t \u0111i\u1ec1u v\u1ecb v\u00e0 ph\u1ee5 gia th\u1ef1c ph\u1ea9m kh\u00e1c.\" \/>\n<meta property=\"og:url\" content=\"https:\/\/bamboovipfood.com\/en\/product\/wasabi-seasoning-powder-for-snacks\/\" \/>\n<meta property=\"og:site_name\" content=\"Bamboo Freeze Drying\" \/>\n<meta property=\"article:modified_time\" content=\"2025-06-21T04:06:27+00:00\" \/>\n<meta property=\"og:image\" content=\"https:\/\/bamboovipfood.com\/wp-content\/uploads\/2025\/06\/bot-wasabi.png\" \/>\n\t<meta property=\"og:image:width\" content=\"1024\" \/>\n\t<meta property=\"og:image:height\" content=\"1024\" \/>\n\t<meta property=\"og:image:type\" content=\"image\/png\" \/>\n<meta name=\"twitter:card\" content=\"summary_large_image\" \/>\n<meta name=\"twitter:label1\" content=\"Est. reading time\" \/>\n\t<meta name=\"twitter:data1\" content=\"4 minutes\" \/>\n<script type=\"application\/ld+json\" class=\"yoast-schema-graph\">{\"@context\":\"https:\/\/schema.org\",\"@graph\":[{\"@type\":\"WebPage\",\"@id\":\"https:\/\/bamboovipfood.com\/san-pham\/bot-gia-vi-wasabi\/\",\"url\":\"https:\/\/bamboovipfood.com\/san-pham\/bot-gia-vi-wasabi\/\",\"name\":\"B\u1ed9t gia v\u1ecb WaSaBi - Bamboo Freeze Drying\",\"isPartOf\":{\"@id\":\"https:\/\/bamboovipfood.com\/#website\"},\"primaryImageOfPage\":{\"@id\":\"https:\/\/bamboovipfood.com\/san-pham\/bot-gia-vi-wasabi\/#primaryimage\"},\"image\":{\"@id\":\"https:\/\/bamboovipfood.com\/san-pham\/bot-gia-vi-wasabi\/#primaryimage\"},\"thumbnailUrl\":\"https:\/\/bamboovipfood.com\/wp-content\/uploads\/2025\/06\/bot-wasabi.png\",\"datePublished\":\"2025-06-21T03:52:13+00:00\",\"dateModified\":\"2025-06-21T04:06:27+00:00\",\"breadcrumb\":{\"@id\":\"https:\/\/bamboovipfood.com\/san-pham\/bot-gia-vi-wasabi\/#breadcrumb\"},\"inLanguage\":\"en-US\",\"potentialAction\":[{\"@type\":\"ReadAction\",\"target\":[\"https:\/\/bamboovipfood.com\/san-pham\/bot-gia-vi-wasabi\/\"]}]},{\"@type\":\"ImageObject\",\"inLanguage\":\"en-US\",\"@id\":\"https:\/\/bamboovipfood.com\/san-pham\/bot-gia-vi-wasabi\/#primaryimage\",\"url\":\"https:\/\/bamboovipfood.com\/wp-content\/uploads\/2025\/06\/bot-wasabi.png\",\"contentUrl\":\"https:\/\/bamboovipfood.com\/wp-content\/uploads\/2025\/06\/bot-wasabi.png\",\"width\":1024,\"height\":1024,\"caption\":\"B\u1ed9t gia v\u1ecb WaSaBi\"},{\"@type\":\"BreadcrumbList\",\"@id\":\"https:\/\/bamboovipfood.com\/san-pham\/bot-gia-vi-wasabi\/#breadcrumb\",\"itemListElement\":[{\"@type\":\"ListItem\",\"position\":1,\"name\":\"Trang ch\u1ee7\",\"item\":\"https:\/\/bamboovipfood.com\/\"},{\"@type\":\"ListItem\",\"position\":2,\"name\":\"Shop\",\"item\":\"https:\/\/bamboovipfood.com\/shop\/\"},{\"@type\":\"ListItem\",\"position\":3,\"name\":\"B\u1ed9t gia v\u1ecb WaSaBi\"}]},{\"@type\":\"WebSite\",\"@id\":\"https:\/\/bamboovipfood.com\/#website\",\"url\":\"https:\/\/bamboovipfood.com\/\",\"name\":\"Bamboo Freeze Drying\",\"description\":\"Nh\u00e0 cung \u1ee9ng s\u1ea3n ph\u1ea9m s\u1ea5y th\u0103ng hoa h\u00e0ng \u0111\u1ea7u\",\"publisher\":{\"@id\":\"https:\/\/bamboovipfood.com\/#organization\"},\"potentialAction\":[{\"@type\":\"SearchAction\",\"target\":{\"@type\":\"EntryPoint\",\"urlTemplate\":\"https:\/\/bamboovipfood.com\/?s={search_term_string}\"},\"query-input\":{\"@type\":\"PropertyValueSpecification\",\"valueRequired\":true,\"valueName\":\"search_term_string\"}}],\"inLanguage\":\"en-US\"},{\"@type\":\"Organization\",\"@id\":\"https:\/\/bamboovipfood.com\/#organization\",\"name\":\"Bamboo Freeze Drying\",\"url\":\"https:\/\/bamboovipfood.com\/\",\"logo\":{\"@type\":\"ImageObject\",\"inLanguage\":\"en-US\",\"@id\":\"https:\/\/bamboovipfood.com\/#\/schema\/logo\/image\/\",\"url\":\"https:\/\/bamboovipfood.com\/wp-content\/uploads\/2020\/08\/Logo-Bamboo-Freeze-Dry-Dark.png\",\"contentUrl\":\"https:\/\/bamboovipfood.com\/wp-content\/uploads\/2020\/08\/Logo-Bamboo-Freeze-Dry-Dark.png\",\"width\":500,\"height\":189,\"caption\":\"Bamboo Freeze Drying\"},\"image\":{\"@id\":\"https:\/\/bamboovipfood.com\/#\/schema\/logo\/image\/\"}}]}<\/script>\n<!-- \/ Yoast SEO plugin. -->","yoast_head_json":{"title":"B\u1ed9t gia v\u1ecb WaSaBi - Bamboo Freeze Drying","robots":{"index":"index","follow":"follow","max-snippet":"max-snippet:-1","max-image-preview":"max-image-preview:large","max-video-preview":"max-video-preview:-1"},"canonical":"https:\/\/bamboovipfood.com\/en\/product\/wasabi-seasoning-powder-for-snacks\/","og_locale":"en_US","og_type":"article","og_title":"B\u1ed9t gia v\u1ecb WaSaBi - Bamboo Freeze Drying","og_description":"Th\u00e0nh ph\u1ea7n:\u00a0B\u1ed9t c\u1ea3i ng\u1ef1a, b\u1ed9t m\u00f9 t\u1ea1t, ch\u1ea5t \u0111i\u1ec1u v\u1ecb v\u00e0 ph\u1ee5 gia th\u1ef1c ph\u1ea9m kh\u00e1c.","og_url":"https:\/\/bamboovipfood.com\/en\/product\/wasabi-seasoning-powder-for-snacks\/","og_site_name":"Bamboo Freeze Drying","article_modified_time":"2025-06-21T04:06:27+00:00","og_image":[{"width":1024,"height":1024,"url":"https:\/\/bamboovipfood.com\/wp-content\/uploads\/2025\/06\/bot-wasabi.png","type":"image\/png"}],"twitter_card":"summary_large_image","twitter_misc":{"Est. reading time":"4 minutes"},"schema":{"@context":"https:\/\/schema.org","@graph":[{"@type":"WebPage","@id":"https:\/\/bamboovipfood.com\/san-pham\/bot-gia-vi-wasabi\/","url":"https:\/\/bamboovipfood.com\/san-pham\/bot-gia-vi-wasabi\/","name":"B\u1ed9t gia v\u1ecb WaSaBi - Bamboo Freeze Drying","isPartOf":{"@id":"https:\/\/bamboovipfood.com\/#website"},"primaryImageOfPage":{"@id":"https:\/\/bamboovipfood.com\/san-pham\/bot-gia-vi-wasabi\/#primaryimage"},"image":{"@id":"https:\/\/bamboovipfood.com\/san-pham\/bot-gia-vi-wasabi\/#primaryimage"},"thumbnailUrl":"https:\/\/bamboovipfood.com\/wp-content\/uploads\/2025\/06\/bot-wasabi.png","datePublished":"2025-06-21T03:52:13+00:00","dateModified":"2025-06-21T04:06:27+00:00","breadcrumb":{"@id":"https:\/\/bamboovipfood.com\/san-pham\/bot-gia-vi-wasabi\/#breadcrumb"},"inLanguage":"en-US","potentialAction":[{"@type":"ReadAction","target":["https:\/\/bamboovipfood.com\/san-pham\/bot-gia-vi-wasabi\/"]}]},{"@type":"ImageObject","inLanguage":"en-US","@id":"https:\/\/bamboovipfood.com\/san-pham\/bot-gia-vi-wasabi\/#primaryimage","url":"https:\/\/bamboovipfood.com\/wp-content\/uploads\/2025\/06\/bot-wasabi.png","contentUrl":"https:\/\/bamboovipfood.com\/wp-content\/uploads\/2025\/06\/bot-wasabi.png","width":1024,"height":1024,"caption":"B\u1ed9t gia v\u1ecb WaSaBi"},{"@type":"BreadcrumbList","@id":"https:\/\/bamboovipfood.com\/san-pham\/bot-gia-vi-wasabi\/#breadcrumb","itemListElement":[{"@type":"ListItem","position":1,"name":"Trang ch\u1ee7","item":"https:\/\/bamboovipfood.com\/"},{"@type":"ListItem","position":2,"name":"Shop","item":"https:\/\/bamboovipfood.com\/shop\/"},{"@type":"ListItem","position":3,"name":"B\u1ed9t gia v\u1ecb WaSaBi"}]},{"@type":"WebSite","@id":"https:\/\/bamboovipfood.com\/#website","url":"https:\/\/bamboovipfood.com\/","name":"Bamboo Freeze Drying","description":"Nh\u00e0 cung \u1ee9ng s\u1ea3n ph\u1ea9m s\u1ea5y th\u0103ng hoa h\u00e0ng \u0111\u1ea7u","publisher":{"@id":"https:\/\/bamboovipfood.com\/#organization"},"potentialAction":[{"@type":"SearchAction","target":{"@type":"EntryPoint","urlTemplate":"https:\/\/bamboovipfood.com\/?s={search_term_string}"},"query-input":{"@type":"PropertyValueSpecification","valueRequired":true,"valueName":"search_term_string"}}],"inLanguage":"en-US"},{"@type":"Organization","@id":"https:\/\/bamboovipfood.com\/#organization","name":"Bamboo Freeze Drying","url":"https:\/\/bamboovipfood.com\/","logo":{"@type":"ImageObject","inLanguage":"en-US","@id":"https:\/\/bamboovipfood.com\/#\/schema\/logo\/image\/","url":"https:\/\/bamboovipfood.com\/wp-content\/uploads\/2020\/08\/Logo-Bamboo-Freeze-Dry-Dark.png","contentUrl":"https:\/\/bamboovipfood.com\/wp-content\/uploads\/2020\/08\/Logo-Bamboo-Freeze-Dry-Dark.png","width":500,"height":189,"caption":"Bamboo Freeze Drying"},"image":{"@id":"https:\/\/bamboovipfood.com\/#\/schema\/logo\/image\/"}}]}},"_links":{"self":[{"href":"https:\/\/bamboovipfood.com\/en\/wp-json\/wp\/v2\/product\/9967","targetHints":{"allow":["GET"]}}],"collection":[{"href":"https:\/\/bamboovipfood.com\/en\/wp-json\/wp\/v2\/product"}],"about":[{"href":"https:\/\/bamboovipfood.com\/en\/wp-json\/wp\/v2\/types\/product"}],"replies":[{"embeddable":true,"href":"https:\/\/bamboovipfood.com\/en\/wp-json\/wp\/v2\/comments?post=9967"}],"wp:featuredmedia":[{"embeddable":true,"href":"https:\/\/bamboovipfood.com\/en\/wp-json\/wp\/v2\/media\/9968"}],"wp:attachment":[{"href":"https:\/\/bamboovipfood.com\/en\/wp-json\/wp\/v2\/media?parent=9967"}],"wp:term":[{"taxonomy":"product_cat","embeddable":true,"href":"https:\/\/bamboovipfood.com\/en\/wp-json\/wp\/v2\/product_cat?post=9967"},{"taxonomy":"product_tag","embeddable":true,"href":"https:\/\/bamboovipfood.com\/en\/wp-json\/wp\/v2\/product_tag?post=9967"}],"curies":[{"name":"wp","href":"https:\/\/api.w.org\/{rel}","templated":true}]}}