{"id":9962,"date":"2025-06-20T06:46:53","date_gmt":"2025-06-20T06:46:53","guid":{"rendered":"https:\/\/bamboovipfood.com\/?post_type=product&#038;p=9962"},"modified":"2025-06-20T10:03:53","modified_gmt":"2025-06-20T10:03:53","slug":"bot-gia-vi-hai-san","status":"publish","type":"product","link":"https:\/\/bamboovipfood.com\/en\/product\/premium-seafood-seasoning-powder\/","title":{"rendered":"Seafood Seasoning Powder"},"content":{"rendered":"<p>N\u1ebfu b\u1ea1n l\u00e0 ng\u01b0\u1eddi y\u00eau th\u00edch h\u1ea3i s\u1ea3n t\u01b0\u01a1i ngon nh\u01b0ng ch\u01b0a t\u00ecm \u0111\u01b0\u1ee3c b\u00ed quy\u1ebft \u0111\u1ec3 l\u00e0m cho m\u00f3n \u0103n th\u00eam \u0111\u1eadm \u0111\u00e0 v\u00e0 h\u1ea5p d\u1eabn; th\u00ec B\u1ed9t Gia V\u1ecb H\u1ea3i S\u1ea3n ch\u00ednh l\u00e0 l\u1ef1a ch\u1ecdn ho\u00e0n h\u1ea3o d\u00e0nh cho b\u1ea1n. V\u1edbi c\u00f4ng th\u1ee9c gia v\u1ecb \u0111\u1eb7c bi\u1ec7t, s\u1ea3n ph\u1ea9m c\u1ee7a ch\u00fang t\u00f4i gi\u00fap b\u1ea1n ch\u1ebf bi\u1ebfn nh\u1eefng b\u1eefa ti\u1ec7c h\u1ea3i s\u1ea3n th\u01a1m l\u1eebng, chu\u1ea9n v\u1ecb bi\u1ec3n c\u1ea3 ngay t\u1ea1i nh\u00e0, mang \u0111\u1ebfn m\u1ed9t tr\u1ea3i nghi\u1ec7m \u1ea9m th\u1ef1c \u0111\u1ea7y th\u00fa v\u1ecb.<\/p>\n<h2>T\u1ea1i sao n\u00ean ch\u1ecdn b\u1ed9t Gia V\u1ecb H\u1ea3i S\u1ea3n cho m\u00f3n \u0103n c\u1ee7a m\u00ecnh?<\/h2>\n<ul>\n<li><strong>H\u01b0\u01a1ng V\u1ecb Tinh T\u1ebf, \u0110\u1eadm \u0110\u00e0<\/strong>: B\u1ed9t Gia V\u1ecb H\u1ea3i S\u1ea3n \u0111\u01b0\u1ee3c pha tr\u1ed9n t\u1ec9 m\u1ec9 \u0111\u1ec3 mang l\u1ea1i h\u01b0\u01a1ng th\u01a1m \u0111\u1eb7c tr\u01b0ng, v\u1ecb m\u1eb7n ng\u1ecdt h\u00e0i h\u00f2a. S\u1ea3n ph\u1ea9m l\u00e0m n\u1ed5i b\u1eadt v\u1ecb t\u01b0\u01a1i ngon c\u1ee7a c\u00e1c lo\u1ea1i h\u1ea3i s\u1ea3n nh\u01b0 t\u00f4m, cua, c\u00e1, m\u1ef1c m\u00e0 kh\u00f4ng l\u00e0m l\u1ea5n \u00e1t h\u01b0\u01a1ng v\u1ecb t\u1ef1 nhi\u00ean c\u1ee7a ch\u00fang.<\/li>\n<li><strong>Kh\u1eed M\u00f9i Tanh Hi\u1ec7u Qu\u1ea3<\/strong>: B\u1ed9t gia v\u1ecb n\u00e0y gi\u00fap lo\u1ea1i b\u1ecf m\u00f9i tanh th\u01b0\u1eddng g\u1eb7p \u1edf h\u1ea3i s\u1ea3n, mang l\u1ea1i m\u00f3n \u0103n th\u01a1m ngon v\u00e0 h\u1ea5p d\u1eabn h\u01a1n, kh\u00f4ng c\u00f2n lo l\u1eafng v\u1ec1 m\u00f9i kh\u00f3 ch\u1ecbu khi ch\u1ebf bi\u1ebfn.<\/li>\n<li><strong>Ti\u1ec7n L\u1ee3i T\u1ed1i \u0110a<\/strong>: B\u1ea1n kh\u00f4ng c\u1ea7n chu\u1ea9n b\u1ecb nhi\u1ec1u lo\u1ea1i gia v\u1ecb ph\u1ee9c t\u1ea1p. Ch\u1ec9 v\u1edbi m\u1ed9t l\u01b0\u1ee3ng b\u1ed9t gia v\u1ecb duy nh\u1ea5t, b\u1ea1n c\u00f3 th\u1ec3 d\u1ec5 d\u00e0ng t\u1ea1o n\u00ean m\u00f3n h\u1ea3i s\u1ea3n \u0111\u1eadm \u0111\u00e0, gi\u00fap ti\u1ebft ki\u1ec7m th\u1eddi gian v\u00e0 c\u00f4ng s\u1ee9c, r\u1ea5t ph\u00f9 h\u1ee3p cho nh\u1eefng ng\u01b0\u1eddi b\u1eadn r\u1ed9n.<\/li>\n<li><strong>D\u1ea1ng B\u1ed9t M\u1ecbn, D\u1ec5 Th\u1ea5m<\/strong>: B\u1ed9t m\u1ecbn d\u1ec5 d\u00e0ng b\u00e1m \u0111\u1ec1u v\u00e0o b\u1ec1 m\u1eb7t h\u1ea3i s\u1ea3n, th\u1ea5m s\u00e2u v\u00e0o t\u1eebng th\u1edb th\u1ecbt, gi\u00fap m\u00f3n \u0103n \u0111\u1eadm \u0111\u00e0 t\u1eeb trong ra ngo\u00e0i, mang \u0111\u1ebfn h\u01b0\u01a1ng v\u1ecb ho\u00e0n h\u1ea3o.<\/li>\n<li><strong>Guaranteed Quality<\/strong>: S\u1ea3n ph\u1ea9m \u0111\u01b0\u1ee3c l\u00e0m t\u1eeb c\u00e1c gia v\u1ecb t\u1ef1 nhi\u00ean, kh\u00f4ng ch\u1ee9a ph\u1ea9m m\u00e0u \u0111\u1ed9c h\u1ea1i, kh\u00f4ng ch\u1ea5t b\u1ea3o qu\u1ea3n, \u0111\u1ea3m b\u1ea3o an to\u00e0n cho s\u1ee9c kh\u1ecfe gia \u0111\u00ecnh b\u1ea1n.<\/li>\n<\/ul>\n<h2>\u1ee8ng d\u1ee5ng \u0111a d\u1ea1ng &amp; c\u00e1ch s\u1eed d\u1ee5ng b\u1ed9t Gia V\u1ecb H\u1ea3i S\u1ea3n<\/h2>\n<p>V\u1edbi B\u1ed9t Gia V\u1ecb h\u01b0\u01a1ng v\u1ecb H\u1ea3i S\u1ea3n, b\u1ea1n c\u00f3 th\u1ec3 d\u1ec5 d\u00e0ng ch\u1ebf bi\u1ebfn nhi\u1ec1u m\u00f3n \u0103n ngon t\u1eeb bi\u1ec3n c\u1ea3:<\/p>\n<h3>T\u1ea9m \u01b0\u1edbp \u0111a n\u0103ng:<\/h3>\n<ul>\n<li><strong>H\u1ea3i s\u1ea3n n\u01b0\u1edbng<\/strong>: \u01af\u1edbp t\u00f4m, m\u1ef1c, b\u1ea1ch tu\u1ed9c, c\u00e1 v\u1edbi b\u1ed9t gia v\u1ecb h\u1ea3i s\u1ea3n tr\u01b0\u1edbc khi n\u01b0\u1edbng. M\u00f3n \u0103n s\u1ebd c\u00f3 m\u00e0u s\u1eafc \u0111\u1eb9p m\u1eaft, h\u01b0\u01a1ng th\u01a1m quy\u1ebfn r\u0169 v\u00e0 \u0111\u1eadm \u0111\u00e0.<\/li>\n<li><strong>H\u1ea3i s\u1ea3n chi\u00ean\/x\u00e0o<\/strong>: D\u00f9ng \u0111\u1ec3 \u01b0\u1edbp h\u1ea3i s\u1ea3n tr\u01b0\u1edbc khi chi\u00ean gi\u00f2n, x\u00e0o m\u1eb7n, ho\u1eb7c l\u00e0m topping cho c\u00e1c m\u00f3n c\u01a1m chi\u00ean, m\u00ec x\u00e0o h\u1ea3i s\u1ea3n.<\/li>\n<li><strong>H\u1ea3i s\u1ea3n h\u1ea5p<\/strong>: R\u1eafc b\u1ed9t v\u00e0o n\u01b0\u1edbc h\u1ea5p ho\u1eb7c tr\u1ef1c ti\u1ebfp l\u00ean h\u1ea3i s\u1ea3n tr\u01b0\u1edbc khi h\u1ea5p \u0111\u1ec3 m\u00f3n \u0103n th\u01a1m ngon v\u00e0 \u0111\u1eadm \u0111\u00e0 h\u01a1n.<\/li>\n<\/ul>\n<h3>Ch\u1ebf bi\u1ebfn n\u01b0\u1edbc s\u1ed1t\/n\u01b0\u1edbc ch\u1ea5m:<\/h3>\n<p>Pha b\u1ed9t gia v\u1ecb h\u1ea3i s\u1ea3n v\u1edbi d\u1ea7u \u0103n, h\u00e0nh t\u1ecfi phi th\u01a1m, \u1edbt, \u0111\u01b0\u1eddng v\u00e0 n\u01b0\u1edbc m\u1eafm. \u0110\u1ec3 t\u1ea1o ra c\u00e1c lo\u1ea1i n\u01b0\u1edbc s\u1ed1t \u0111\u1eb7c tr\u01b0ng cho m\u00f3n h\u1ea3i s\u1ea3n rang mu\u1ed1i, ch\u00e1y t\u1ecfi, ho\u1eb7c l\u00e0m n\u01b0\u1edbc ch\u1ea5m h\u1ea3i s\u1ea3n.<\/p>\n<p><strong>N\u00eam n\u1ebfm c\u00e1c m\u00f3n canh\/s\u00fap h\u1ea3i s\u1ea3n:<\/strong><\/p>\n<p>Th\u00eam m\u1ed9t l\u01b0\u1ee3ng nh\u1ecf b\u1ed9t gia v\u1ecb v\u00e0o c\u00e1c m\u00f3n canh chua h\u1ea3i s\u1ea3n, s\u00fap h\u1ea3i s\u1ea3n \u0111\u1ec3 t\u0103ng c\u01b0\u1eddng h\u01b0\u01a1ng v\u1ecb t\u1ef1 nhi\u00ean, gi\u00fap n\u1ed3i canh ho\u1eb7c s\u00fap th\u01a1m ngon, chu\u1ea9n v\u1ecb h\u01a1n.<\/p>\n<h2 style=\"text-align: center;\">Mua ngay b\u1ed9t gia v\u1ecb h\u1ea3i s\u1ea3n &#8211; \u0111\u01b0a v\u1ecb bi\u1ec3n c\u1ea3 v\u1ec1 b\u1ebfp!<\/h2>\n<p>\u0110\u1eebng \u0111\u1ec3 m\u00f9i tanh hay vi\u1ec7c n\u00eam n\u1ebfm kh\u00f3 kh\u0103n l\u00e0m b\u1ea1n ph\u00e2n v\u00e2n khi ch\u1ebf bi\u1ebfn h\u1ea3i s\u1ea3n. V\u1edbi B\u1ed9t Gia V\u1ecb H\u1ea3i S\u1ea3n c\u1ee7a ch\u00fang t\u00f4i, b\u1ea1n s\u1ebd d\u1ec5 d\u00e0ng t\u1ea1o ra nh\u1eefng m\u00f3n h\u1ea3i s\u1ea3n th\u01a1m ngon, h\u1ea5p d\u1eabn, chu\u1ea9n v\u1ecb nh\u00e0 h\u00e0ng ngay t\u1ea1i nh\u00e0. Gi\u00fap m\u1ed7i b\u1eefa \u0103n c\u00e1c m\u00f3n \u0103n tr\u1edf th\u00e0nh m\u1ed9t b\u1eefa ti\u1ec7c bi\u1ec3n c\u1ea3 \u0111\u1ea7y h\u01b0\u01a1ng v\u1ecb.<\/p>\n<p style=\"text-align: center;\"><strong>\u0110\u1eb7t mua ngay h\u00f4m nay \u0111\u1ec3 s\u1eb5n s\u00e0ng chi\u00eau \u0111\u00e3i gia \u0111\u00ecnh v\u00e0 b\u1ea1n b\u00e8 nh\u1eefng b\u1eefa ti\u1ec7c h\u1ea3i s\u1ea3n t\u01b0\u01a1i ngon, b\u00f9ng n\u1ed5 h\u01b0\u01a1ng v\u1ecb!<\/strong><\/p>","protected":false},"excerpt":{"rendered":"<p><strong>Ingredient:\u00a0<\/strong>Mu\u1ed1i, \u0111\u01b0\u1eddng,\u00a0b\u1ed9t h\u1ea3i s\u1ea3n, ti\u00eau, \u1edbt, t\u1ecfi, b\u1ed9t \u0111\u1ea7u n\u00e0nh, tinh b\u1ed9t<\/p>","protected":false},"featured_media":9963,"comment_status":"open","ping_status":"closed","template":"","meta":[],"product_cat":[446],"product_tag":[],"class_list":{"0":"post-9962","1":"product","2":"type-product","3":"status-publish","4":"has-post-thumbnail","6":"product_cat-bot-gia-vi","8":"first","9":"instock","10":"shipping-taxable","11":"product-type-simple"},"yoast_head":"<!-- This site is optimized with the Yoast SEO plugin v25.7 - https:\/\/yoast.com\/wordpress\/plugins\/seo\/ -->\n<title>B\u1ed9t gia v\u1ecb H\u1ea3i S\u1ea3n - Bamboo Freeze Drying<\/title>\n<meta name=\"robots\" content=\"index, follow, max-snippet:-1, max-image-preview:large, max-video-preview:-1\" \/>\n<link rel=\"canonical\" href=\"https:\/\/bamboovipfood.com\/en\/product\/premium-seafood-seasoning-powder\/\" \/>\n<meta property=\"og:locale\" content=\"en_US\" \/>\n<meta property=\"og:type\" content=\"article\" \/>\n<meta property=\"og:title\" content=\"B\u1ed9t gia v\u1ecb H\u1ea3i S\u1ea3n - Bamboo Freeze Drying\" \/>\n<meta property=\"og:description\" content=\"Th\u00e0nh ph\u1ea7n:\u00a0Mu\u1ed1i, \u0111\u01b0\u1eddng,\u00a0b\u1ed9t h\u1ea3i s\u1ea3n, ti\u00eau, \u1edbt, t\u1ecfi, b\u1ed9t \u0111\u1ea7u n\u00e0nh, tinh b\u1ed9t\" \/>\n<meta property=\"og:url\" content=\"https:\/\/bamboovipfood.com\/en\/product\/premium-seafood-seasoning-powder\/\" \/>\n<meta property=\"og:site_name\" content=\"Bamboo Freeze Drying\" \/>\n<meta property=\"article:modified_time\" content=\"2025-06-20T10:03:53+00:00\" \/>\n<meta property=\"og:image\" content=\"https:\/\/bamboovipfood.com\/wp-content\/uploads\/2025\/06\/bot-gia-vi-hai-san.png\" \/>\n\t<meta property=\"og:image:width\" content=\"1024\" \/>\n\t<meta property=\"og:image:height\" content=\"1024\" \/>\n\t<meta property=\"og:image:type\" content=\"image\/png\" \/>\n<meta name=\"twitter:card\" content=\"summary_large_image\" \/>\n<meta name=\"twitter:label1\" content=\"Est. reading time\" \/>\n\t<meta name=\"twitter:data1\" content=\"4 minutes\" \/>\n<script type=\"application\/ld+json\" class=\"yoast-schema-graph\">{\"@context\":\"https:\/\/schema.org\",\"@graph\":[{\"@type\":\"WebPage\",\"@id\":\"https:\/\/bamboovipfood.com\/san-pham\/bot-gia-vi-hai-san\/\",\"url\":\"https:\/\/bamboovipfood.com\/san-pham\/bot-gia-vi-hai-san\/\",\"name\":\"B\u1ed9t gia v\u1ecb H\u1ea3i S\u1ea3n - Bamboo Freeze Drying\",\"isPartOf\":{\"@id\":\"https:\/\/bamboovipfood.com\/#website\"},\"primaryImageOfPage\":{\"@id\":\"https:\/\/bamboovipfood.com\/san-pham\/bot-gia-vi-hai-san\/#primaryimage\"},\"image\":{\"@id\":\"https:\/\/bamboovipfood.com\/san-pham\/bot-gia-vi-hai-san\/#primaryimage\"},\"thumbnailUrl\":\"https:\/\/bamboovipfood.com\/wp-content\/uploads\/2025\/06\/bot-gia-vi-hai-san.png\",\"datePublished\":\"2025-06-20T06:46:53+00:00\",\"dateModified\":\"2025-06-20T10:03:53+00:00\",\"breadcrumb\":{\"@id\":\"https:\/\/bamboovipfood.com\/san-pham\/bot-gia-vi-hai-san\/#breadcrumb\"},\"inLanguage\":\"en-US\",\"potentialAction\":[{\"@type\":\"ReadAction\",\"target\":[\"https:\/\/bamboovipfood.com\/san-pham\/bot-gia-vi-hai-san\/\"]}]},{\"@type\":\"ImageObject\",\"inLanguage\":\"en-US\",\"@id\":\"https:\/\/bamboovipfood.com\/san-pham\/bot-gia-vi-hai-san\/#primaryimage\",\"url\":\"https:\/\/bamboovipfood.com\/wp-content\/uploads\/2025\/06\/bot-gia-vi-hai-san.png\",\"contentUrl\":\"https:\/\/bamboovipfood.com\/wp-content\/uploads\/2025\/06\/bot-gia-vi-hai-san.png\",\"width\":1024,\"height\":1024,\"caption\":\"B\u1ed9t gia v\u1ecb H\u1ea3i S\u1ea3n\"},{\"@type\":\"BreadcrumbList\",\"@id\":\"https:\/\/bamboovipfood.com\/san-pham\/bot-gia-vi-hai-san\/#breadcrumb\",\"itemListElement\":[{\"@type\":\"ListItem\",\"position\":1,\"name\":\"Trang ch\u1ee7\",\"item\":\"https:\/\/bamboovipfood.com\/\"},{\"@type\":\"ListItem\",\"position\":2,\"name\":\"Shop\",\"item\":\"https:\/\/bamboovipfood.com\/shop\/\"},{\"@type\":\"ListItem\",\"position\":3,\"name\":\"B\u1ed9t gia v\u1ecb H\u1ea3i S\u1ea3n\"}]},{\"@type\":\"WebSite\",\"@id\":\"https:\/\/bamboovipfood.com\/#website\",\"url\":\"https:\/\/bamboovipfood.com\/\",\"name\":\"Bamboo Freeze Drying\",\"description\":\"Nh\u00e0 cung \u1ee9ng s\u1ea3n ph\u1ea9m s\u1ea5y th\u0103ng hoa h\u00e0ng \u0111\u1ea7u\",\"publisher\":{\"@id\":\"https:\/\/bamboovipfood.com\/#organization\"},\"potentialAction\":[{\"@type\":\"SearchAction\",\"target\":{\"@type\":\"EntryPoint\",\"urlTemplate\":\"https:\/\/bamboovipfood.com\/?s={search_term_string}\"},\"query-input\":{\"@type\":\"PropertyValueSpecification\",\"valueRequired\":true,\"valueName\":\"search_term_string\"}}],\"inLanguage\":\"en-US\"},{\"@type\":\"Organization\",\"@id\":\"https:\/\/bamboovipfood.com\/#organization\",\"name\":\"Bamboo Freeze Drying\",\"url\":\"https:\/\/bamboovipfood.com\/\",\"logo\":{\"@type\":\"ImageObject\",\"inLanguage\":\"en-US\",\"@id\":\"https:\/\/bamboovipfood.com\/#\/schema\/logo\/image\/\",\"url\":\"https:\/\/bamboovipfood.com\/wp-content\/uploads\/2020\/08\/Logo-Bamboo-Freeze-Dry-Dark.png\",\"contentUrl\":\"https:\/\/bamboovipfood.com\/wp-content\/uploads\/2020\/08\/Logo-Bamboo-Freeze-Dry-Dark.png\",\"width\":500,\"height\":189,\"caption\":\"Bamboo Freeze Drying\"},\"image\":{\"@id\":\"https:\/\/bamboovipfood.com\/#\/schema\/logo\/image\/\"}}]}<\/script>\n<!-- \/ Yoast SEO plugin. -->","yoast_head_json":{"title":"B\u1ed9t gia v\u1ecb H\u1ea3i S\u1ea3n - Bamboo Freeze Drying","robots":{"index":"index","follow":"follow","max-snippet":"max-snippet:-1","max-image-preview":"max-image-preview:large","max-video-preview":"max-video-preview:-1"},"canonical":"https:\/\/bamboovipfood.com\/en\/product\/premium-seafood-seasoning-powder\/","og_locale":"en_US","og_type":"article","og_title":"B\u1ed9t gia v\u1ecb H\u1ea3i S\u1ea3n - Bamboo Freeze Drying","og_description":"Th\u00e0nh ph\u1ea7n:\u00a0Mu\u1ed1i, \u0111\u01b0\u1eddng,\u00a0b\u1ed9t h\u1ea3i s\u1ea3n, ti\u00eau, \u1edbt, t\u1ecfi, b\u1ed9t \u0111\u1ea7u n\u00e0nh, tinh b\u1ed9t","og_url":"https:\/\/bamboovipfood.com\/en\/product\/premium-seafood-seasoning-powder\/","og_site_name":"Bamboo Freeze Drying","article_modified_time":"2025-06-20T10:03:53+00:00","og_image":[{"width":1024,"height":1024,"url":"https:\/\/bamboovipfood.com\/wp-content\/uploads\/2025\/06\/bot-gia-vi-hai-san.png","type":"image\/png"}],"twitter_card":"summary_large_image","twitter_misc":{"Est. reading time":"4 minutes"},"schema":{"@context":"https:\/\/schema.org","@graph":[{"@type":"WebPage","@id":"https:\/\/bamboovipfood.com\/san-pham\/bot-gia-vi-hai-san\/","url":"https:\/\/bamboovipfood.com\/san-pham\/bot-gia-vi-hai-san\/","name":"B\u1ed9t gia v\u1ecb H\u1ea3i S\u1ea3n - Bamboo Freeze Drying","isPartOf":{"@id":"https:\/\/bamboovipfood.com\/#website"},"primaryImageOfPage":{"@id":"https:\/\/bamboovipfood.com\/san-pham\/bot-gia-vi-hai-san\/#primaryimage"},"image":{"@id":"https:\/\/bamboovipfood.com\/san-pham\/bot-gia-vi-hai-san\/#primaryimage"},"thumbnailUrl":"https:\/\/bamboovipfood.com\/wp-content\/uploads\/2025\/06\/bot-gia-vi-hai-san.png","datePublished":"2025-06-20T06:46:53+00:00","dateModified":"2025-06-20T10:03:53+00:00","breadcrumb":{"@id":"https:\/\/bamboovipfood.com\/san-pham\/bot-gia-vi-hai-san\/#breadcrumb"},"inLanguage":"en-US","potentialAction":[{"@type":"ReadAction","target":["https:\/\/bamboovipfood.com\/san-pham\/bot-gia-vi-hai-san\/"]}]},{"@type":"ImageObject","inLanguage":"en-US","@id":"https:\/\/bamboovipfood.com\/san-pham\/bot-gia-vi-hai-san\/#primaryimage","url":"https:\/\/bamboovipfood.com\/wp-content\/uploads\/2025\/06\/bot-gia-vi-hai-san.png","contentUrl":"https:\/\/bamboovipfood.com\/wp-content\/uploads\/2025\/06\/bot-gia-vi-hai-san.png","width":1024,"height":1024,"caption":"B\u1ed9t gia v\u1ecb H\u1ea3i S\u1ea3n"},{"@type":"BreadcrumbList","@id":"https:\/\/bamboovipfood.com\/san-pham\/bot-gia-vi-hai-san\/#breadcrumb","itemListElement":[{"@type":"ListItem","position":1,"name":"Trang ch\u1ee7","item":"https:\/\/bamboovipfood.com\/"},{"@type":"ListItem","position":2,"name":"Shop","item":"https:\/\/bamboovipfood.com\/shop\/"},{"@type":"ListItem","position":3,"name":"B\u1ed9t gia v\u1ecb H\u1ea3i S\u1ea3n"}]},{"@type":"WebSite","@id":"https:\/\/bamboovipfood.com\/#website","url":"https:\/\/bamboovipfood.com\/","name":"Bamboo Freeze Drying","description":"Nh\u00e0 cung \u1ee9ng s\u1ea3n ph\u1ea9m s\u1ea5y th\u0103ng hoa h\u00e0ng \u0111\u1ea7u","publisher":{"@id":"https:\/\/bamboovipfood.com\/#organization"},"potentialAction":[{"@type":"SearchAction","target":{"@type":"EntryPoint","urlTemplate":"https:\/\/bamboovipfood.com\/?s={search_term_string}"},"query-input":{"@type":"PropertyValueSpecification","valueRequired":true,"valueName":"search_term_string"}}],"inLanguage":"en-US"},{"@type":"Organization","@id":"https:\/\/bamboovipfood.com\/#organization","name":"Bamboo Freeze Drying","url":"https:\/\/bamboovipfood.com\/","logo":{"@type":"ImageObject","inLanguage":"en-US","@id":"https:\/\/bamboovipfood.com\/#\/schema\/logo\/image\/","url":"https:\/\/bamboovipfood.com\/wp-content\/uploads\/2020\/08\/Logo-Bamboo-Freeze-Dry-Dark.png","contentUrl":"https:\/\/bamboovipfood.com\/wp-content\/uploads\/2020\/08\/Logo-Bamboo-Freeze-Dry-Dark.png","width":500,"height":189,"caption":"Bamboo Freeze Drying"},"image":{"@id":"https:\/\/bamboovipfood.com\/#\/schema\/logo\/image\/"}}]}},"_links":{"self":[{"href":"https:\/\/bamboovipfood.com\/en\/wp-json\/wp\/v2\/product\/9962","targetHints":{"allow":["GET"]}}],"collection":[{"href":"https:\/\/bamboovipfood.com\/en\/wp-json\/wp\/v2\/product"}],"about":[{"href":"https:\/\/bamboovipfood.com\/en\/wp-json\/wp\/v2\/types\/product"}],"replies":[{"embeddable":true,"href":"https:\/\/bamboovipfood.com\/en\/wp-json\/wp\/v2\/comments?post=9962"}],"wp:featuredmedia":[{"embeddable":true,"href":"https:\/\/bamboovipfood.com\/en\/wp-json\/wp\/v2\/media\/9963"}],"wp:attachment":[{"href":"https:\/\/bamboovipfood.com\/en\/wp-json\/wp\/v2\/media?parent=9962"}],"wp:term":[{"taxonomy":"product_cat","embeddable":true,"href":"https:\/\/bamboovipfood.com\/en\/wp-json\/wp\/v2\/product_cat?post=9962"},{"taxonomy":"product_tag","embeddable":true,"href":"https:\/\/bamboovipfood.com\/en\/wp-json\/wp\/v2\/product_tag?post=9962"}],"curies":[{"name":"wp","href":"https:\/\/api.w.org\/{rel}","templated":true}]}}