{"id":9960,"date":"2025-06-20T06:28:58","date_gmt":"2025-06-20T06:28:58","guid":{"rendered":"https:\/\/bamboovipfood.com\/?post_type=product&#038;p=9960"},"modified":"2025-06-20T06:29:43","modified_gmt":"2025-06-20T06:29:43","slug":"bot-gia-vi-trung-muoi","status":"publish","type":"product","link":"https:\/\/bamboovipfood.com\/en\/product\/premium-wasabi-seasoning-powder\/","title":{"rendered":"B\u1ed9t gia v\u1ecb Tr\u1ee9ng Mu\u1ed1i"},"content":{"rendered":"<p>B\u1ea1n l\u00e0 t\u00edn \u0111\u1ed3 c\u1ee7a tr\u1ee9ng mu\u1ed1i v\u1edbi v\u1ecb b\u00e9o ng\u1eady, m\u1eb7n m\u00e0 \u0111\u1ea7y quy\u1ebfn r\u0169?. B\u1ea1n mong mu\u1ed1n t\u1ea1o ra nh\u1eefng m\u00f3n \u0103n \u0111\u1ed9c \u0111\u00e1o, t\u1eeb c\u00e1c m\u00f3n snack gi\u00f2n r\u1ee5m cho \u0111\u1ebfn c\u00e1c m\u00f3n ch\u00ednh \u0111\u1eadm \u0111\u00e0, h\u1ea5p d\u1eabn?. B\u1ed9t Gia V\u1ecb Tr\u1ee9ng Mu\u1ed1i c\u1ee7a ch\u00fang t\u00f4i ch\u00ednh l\u00e0 l\u1ef1a ch\u1ecdn ho\u00e0n h\u1ea3o \u0111\u1ec3 b\u1ea1n mang h\u01b0\u01a1ng v\u1ecb \u0111\u1eb7c bi\u1ec7t n\u00e0y v\u00e0o m\u1ecdi m\u00f3n \u0103n ngay t\u1ea1i c\u0103n b\u1ebfp c\u1ee7a m\u00ecnh.<\/p>\n<h2>V\u00ec sao b\u1ea1n n\u00ean ch\u1ecdn b\u1ed9t gia V\u1ecb Tr\u1ee9ng Mu\u1ed1i?<\/h2>\n<ul>\n<li><strong>H\u01b0\u01a1ng V\u1ecb \u0110\u1ed9c \u0110\u00e1o, L\u00f4i Cu\u1ed1n<\/strong>: B\u1ed9t Gia V\u1ecb Tr\u1ee9ng Mu\u1ed1i mang \u0111\u1ebfn s\u1ef1 k\u1ebft h\u1ee3p ho\u00e0n h\u1ea3o gi\u1eefa v\u1ecb m\u1eb7n nh\u1eb9, b\u00e9o ng\u1eady v\u00e0 h\u01b0\u01a1ng th\u01a1m \u0111\u1eb7c tr\u01b0ng c\u1ee7a l\u00f2ng \u0111\u1ecf tr\u1ee9ng mu\u1ed1i. M\u1ed7i l\u1ea7n s\u1eed d\u1ee5ng, b\u1ea1n s\u1ebd tr\u1ea3i nghi\u1ec7m \u0111\u01b0\u1ee3c m\u1ed9t h\u01b0\u01a1ng v\u1ecb kh\u00f4ng th\u1ec3 c\u01b0\u1ee1ng l\u1ea1i, l\u00e0m b\u00f9ng n\u1ed5 gi\u00e1c quan v\u00e0 khi\u1ebfn m\u1ecdi b\u1eefa \u0103n tr\u1edf n\u00ean h\u1ea5p d\u1eabn h\u01a1n bao gi\u1edd h\u1ebft.<\/li>\n<li><strong>D\u1ea1ng B\u1ed9t Si\u00eau M\u1ecbn, D\u1ec5 S\u1eed D\u1ee5ng<\/strong>: B\u1ed9t \u0111\u01b0\u1ee3c nghi\u1ec1n m\u1ecbn t\u1ed1i \u0111a, d\u1ec5 d\u00e0ng b\u00e1m \u0111\u1ec1u v\u00e0o th\u1ef1c ph\u1ea9m v\u00e0 tan nhanh, gi\u00fap b\u1ea1n d\u1ec5 d\u00e0ng \u0111i\u1ec1u ch\u1ec9nh l\u01b0\u1ee3ng gia v\u1ecb theo s\u1edf th\u00edch m\u00e0 kh\u00f4ng lo b\u1ecb v\u00f3n c\u1ee5c.<\/li>\n<li><strong>M\u00e0u S\u1eafc V\u00e0ng Cam T\u1ef1 Nhi\u00ean<\/strong>: V\u1edbi m\u00e0u v\u00e0ng cam b\u1eaft m\u1eaft t\u1eeb l\u00f2ng \u0111\u1ecf tr\u1ee9ng mu\u1ed1i, b\u1ed9t gia v\u1ecb kh\u00f4ng ch\u1ec9 l\u00e0m m\u00f3n \u0103n th\u00eam ngon mi\u1ec7ng m\u00e0 c\u00f2n t\u1ea1o \u0111i\u1ec3m nh\u1ea5n v\u1ec1 m\u1eb7t h\u00ecnh th\u1ee9c, khi\u1ebfn m\u00f3n \u0103n tr\u1edf n\u00ean h\u1ea5p d\u1eabn h\u01a1n.<\/li>\n<li><strong>\u0110a D\u1ea1ng \u1ee8ng D\u1ee5ng, S\u00e1ng T\u1ea1o Kh\u00f4ng Gi\u1edbi H\u1ea1n<\/strong>: Kh\u00f4ng ch\u1ec9 gi\u1edbi h\u1ea1n trong c\u00e1c m\u00f3n snack, b\u1ed9t gia v\u1ecb tr\u1ee9ng mu\u1ed1i c\u00f3 th\u1ec3 d\u00f9ng \u0111\u1ec3 t\u1ea9m \u01b0\u1edbp, r\u1eafc l\u00ean c\u00e1c m\u00f3n \u0103n ch\u00ednh ho\u1eb7c s\u00e1ng t\u1ea1o th\u00eam c\u00e1c m\u00f3n \u0103n m\u1edbi, m\u1edf ra v\u00f4 v\u00e0n c\u01a1 h\u1ed9i th\u1eed nghi\u1ec7m trong b\u1ebfp.<\/li>\n<li><strong>Guaranteed Quality<\/strong>: S\u1ea3n ph\u1ea9m \u0111\u01b0\u1ee3c l\u00e0m t\u1eeb nguy\u00ean li\u1ec7u tr\u1ee9ng mu\u1ed1i ch\u1ecdn l\u1ecdc, qua quy tr\u00ecnh ki\u1ec3m so\u00e1t ch\u1ea5t l\u01b0\u1ee3ng nghi\u00eam ng\u1eb7t, \u0111\u1ea3m b\u1ea3o an to\u00e0n v\u1ec7 sinh th\u1ef1c ph\u1ea9m, gi\u1eef tr\u1ecdn v\u1eb9n h\u01b0\u01a1ng v\u1ecb v\u00e0 ch\u1ea5t l\u01b0\u1ee3ng.<\/li>\n<\/ul>\n<h2>\u1ee8ng d\u1ee5ng \u0111a d\u1ea1ng b\u1ed9t Gia V\u1ecb Tr\u1ee9ng Mu\u1ed1i<\/h2>\n<p>V\u1edbi B\u1ed9t Gia V\u1ecb t\u1eeb Tr\u1ee9ng Mu\u1ed1i, b\u1ea1n c\u00f3 th\u1ec3 d\u1ec5 d\u00e0ng n\u00e2ng t\u1ea7m h\u00e0ng lo\u1ea1t m\u00f3n \u0103n t\u1eeb \u0111\u01a1n gi\u1ea3n \u0111\u1ebfn ph\u1ee9c t\u1ea1p:<\/p>\n<h3>C\u1ea3i thi\u1ec7n m\u00f3n \u0103n v\u1eb7t:<\/h3>\n<ul>\n<li><strong>Khoai t\u00e2y, khoai lang, b\u00e1nh g\u1ea1o chi\u00ean<\/strong>: R\u1eafc b\u1ed9t l\u00ean c\u00e1c m\u00f3n chi\u00ean gi\u00f2n khi c\u00f2n n\u00f3ng, l\u1eafc \u0111\u1ec1u \u0111\u1ec3 b\u1ed9t th\u1ea5m \u0111\u1ec1u v\u00e0o th\u1ef1c ph\u1ea9m. L\u1edbp v\u1ecf ngo\u00e0i s\u1ebd v\u00e0ng \u00f3ng, th\u01a1m l\u1eebng v\u00e0 c\u1ef1c k\u1ef3 h\u1ea5p d\u1eabn.<\/li>\n<li><strong>B\u1eafp rang b\u01a1 tr\u1ee9ng mu\u1ed1i<\/strong>: R\u1eafc b\u1ed9t l\u00ean b\u1eafp rang b\u01a1 n\u00f3ng h\u1ed5i \u0111\u1ec3 t\u1ea1o ra m\u00f3n b\u1eafp rang b\u01a1 b\u00e9o ng\u1eady, m\u1eb7n m\u00e0 \u0111\u1ea7y quy\u1ebfn r\u0169.<\/li>\n<li><strong>G\u00e0 chi\u00ean, b\u00e1nh tr\u00e1ng tr\u1ed9n, snack<\/strong>: T\u0103ng th\u00eam \u0111\u1ed9 b\u00e9o ng\u1eady v\u00e0 h\u01b0\u01a1ng v\u1ecb \u0111\u1eb7c tr\u01b0ng khi r\u1eafc b\u1ed9t l\u00ean c\u00e1c m\u00f3n \u0103n n\u00e0y.<\/li>\n<\/ul>\n<h3>N\u00e2ng t\u1ea7m m\u00f3n ch\u00ednh:<\/h3>\n<ul>\n<li><strong>M\u00ec x\u00e0o, c\u01a1m chi\u00ean tr\u1ee9ng mu\u1ed1i<\/strong>: R\u1eafc m\u1ed9t l\u01b0\u1ee3ng nh\u1ecf b\u1ed9t gia v\u1ecb l\u00ean m\u00ec x\u00e0o ho\u1eb7c c\u01a1m chi\u00ean \u0111\u1ec3 l\u00e0m t\u0103ng h\u01b0\u01a1ng v\u1ecb \u0111\u1eb7c tr\u01b0ng c\u1ee7a tr\u1ee9ng mu\u1ed1i, khi\u1ebfn m\u00f3n \u0103n th\u00eam ph\u1ea7n \u0111\u1eadm \u0111\u00e0.<\/li>\n<li><strong>S\u00fap kem, n\u01b0\u1edbc s\u1ed1t<\/strong>: Th\u00eam m\u1ed9t ch\u00fat b\u1ed9t v\u00e0o s\u00fap kem ho\u1eb7c l\u00e0m n\u01b0\u1edbc s\u1ed1t tr\u1ee9ng mu\u1ed1i cho c\u00e1c m\u00f3n h\u1ea3i s\u1ea3n (t\u00f4m s\u1ed1t tr\u1ee9ng mu\u1ed1i, cua rang tr\u1ee9ng mu\u1ed1i) \u0111\u1ec3 ti\u1ebft ki\u1ec7m th\u1eddi gian m\u00e0 v\u1eabn \u0111\u1ea1t chu\u1ea9n v\u1ecb.<\/li>\n<li><strong>Tr\u1ee9ng c\u00fat l\u1ed9n x\u00e0o me tr\u1ee9ng mu\u1ed1i<\/strong>: R\u1eafc b\u1ed9t gia v\u1ecb tr\u1ee9ng mu\u1ed1i \u0111\u1ec3 m\u00f3n \u0103n n\u00e0y th\u00eam \u0111\u1eadm \u0111\u00e0 v\u00e0 h\u1ea5p d\u1eabn.<\/li>\n<\/ul>\n<h3>S\u00e1ng t\u1ea1o c\u00e1c m\u00f3n \u0103n m\u1edbi:<\/h3>\n<ul>\n<li><strong>B\u00e1nh b\u00f4ng lan tr\u1ee9ng mu\u1ed1i<\/strong>: R\u1eafc m\u1ed9t l\u1edbp b\u1ed9t gia v\u1ecb l\u00ean m\u1eb7t b\u00e1nh \u0111\u1ec3 t\u1ea1o h\u01b0\u01a1ng v\u1ecb tr\u1ee9ng mu\u1ed1i \u0111\u1eb7c tr\u01b0ng cho m\u00f3n b\u00e1nh ng\u1ecdt.<\/li>\n<li><strong>S\u1ed1t ch\u1ea5m<\/strong>: Pha b\u1ed9t v\u1edbi s\u1ed1t mayonnaise ho\u1eb7c s\u1eefa \u0111\u1eb7c \u0111\u1ec3 l\u00e0m s\u1ed1t ch\u1ea5m \u0111\u1ed9c \u0111\u00e1o, ph\u00f9 h\u1ee3p cho c\u00e1c m\u00f3n chi\u00ean.<\/li>\n<\/ul>\n<h2>L\u00fd do b\u1ea1n n\u00ean mua ngay b\u1ed9t Gia V\u1ecb Tr\u1ee9ng Mu\u1ed1i?<\/h2>\n<p>B\u1ed9t Gia V\u1ecb Tr\u1ee9ng Mu\u1ed1i c\u1ee7a ch\u00fang t\u00f4i kh\u00f4ng ch\u1ec9 l\u00e0 gia v\u1ecb m\u00e0 l\u00e0 b\u00ed quy\u1ebft \u0111\u1ec3 b\u1ea1n n\u00e2ng t\u1ea7m m\u1ecdi m\u00f3n \u0103n, t\u1eeb m\u00f3n \u0103n v\u1eb7t \u0111\u1ebfn m\u00f3n ch\u00ednh, t\u1eeb nh\u1eefng m\u00f3n quen thu\u1ed9c \u0111\u1ebfn nh\u1eefng s\u00e1ng t\u1ea1o \u0111\u1ea7y b\u1ea5t ng\u1edd. V\u1edbi s\u1ea3n ph\u1ea9m n\u00e0y, b\u1ea1n c\u00f3 th\u1ec3 d\u1ec5 d\u00e0ng mang h\u01b0\u01a1ng v\u1ecb tr\u1ee9ng mu\u1ed1i th\u01a1m ngon, b\u00e9o ng\u1eady v\u00e0o b\u1eefa \u0103n h\u00e0ng ng\u00e0y m\u00e0 kh\u00f4ng m\u1ea5t qu\u00e1 nhi\u1ec1u th\u1eddi gian.<\/p>\n<p>H\u00e3y \u0111\u1eb7t mua ngay B\u1ed9t Gia V\u1ecb Tr\u1ee9ng Mu\u1ed1i ch\u00fang t\u00f4i \u0111\u1ec3 tr\u1ea3i nghi\u1ec7m s\u1ef1 ti\u1ec7n l\u1ee3i, h\u01b0\u01a1ng v\u1ecb tuy\u1ec7t v\u1eddi v\u00e0 mang \u0111\u1ebfn nh\u1eefng b\u1eefa \u0103n h\u1ea5p d\u1eabn cho gia \u0111\u00ecnh v\u00e0 b\u1ea1n b\u00e8. Th\u1ef1c ph\u1ea9m ngon kh\u00f4ng ch\u1ec9 \u0111\u1ebfn t\u1eeb nguy\u00ean li\u1ec7u, m\u00e0 c\u00f2n t\u1eeb s\u1ef1 s\u00e1ng t\u1ea1o &#8211; h\u00e3y \u0111\u1ec3 B\u1ed9t Gia V\u1ecb Tr\u1ee9ng Mu\u1ed1i l\u00e0 gia v\u1ecb tuy\u1ec7t v\u1eddi gi\u00fap b\u1ea1n t\u1ea1o n\u00ean nh\u1eefng m\u00f3n \u0103n \u0111\u1eadm \u0111\u00e0 v\u00e0 kh\u00f3 qu\u00ean!<\/p>","protected":false},"excerpt":{"rendered":"<p><strong>Ingredient:\u00a0<\/strong>B\u1ed9t l\u00f2ng \u0111\u1ecf tr\u1ee9ng mu\u1ed1i, \u0111\u01b0\u1eddng, mu\u1ed1i, b\u1ed9t s\u1eefa, b\u1ed9t kem kh\u00f4ng s\u1eefa, ch\u1ea5t \u0111i\u1ec1u v\u1ecb, h\u01b0\u01a1ng tr\u1ee9ng mu\u1ed1i t\u1ed5ng h\u1ee3p&#8230;<\/p>","protected":false},"featured_media":9961,"comment_status":"open","ping_status":"closed","template":"","meta":[],"product_cat":[446],"product_tag":[],"class_list":{"0":"post-9960","1":"product","2":"type-product","3":"status-publish","4":"has-post-thumbnail","6":"product_cat-bot-gia-vi","8":"first","9":"instock","10":"shipping-taxable","11":"product-type-simple"},"yoast_head":"<!-- This site is optimized with the Yoast SEO plugin v25.7 - https:\/\/yoast.com\/wordpress\/plugins\/seo\/ -->\n<title>B\u1ed9t gia v\u1ecb Tr\u1ee9ng Mu\u1ed1i - Bamboo Freeze Drying<\/title>\n<meta name=\"robots\" content=\"index, follow, max-snippet:-1, max-image-preview:large, max-video-preview:-1\" \/>\n<link rel=\"canonical\" href=\"https:\/\/bamboovipfood.com\/en\/product\/premium-wasabi-seasoning-powder\/\" \/>\n<meta property=\"og:locale\" content=\"en_US\" \/>\n<meta property=\"og:type\" content=\"article\" \/>\n<meta property=\"og:title\" content=\"B\u1ed9t gia v\u1ecb Tr\u1ee9ng Mu\u1ed1i - Bamboo Freeze Drying\" \/>\n<meta property=\"og:description\" content=\"Th\u00e0nh ph\u1ea7n:\u00a0B\u1ed9t l\u00f2ng \u0111\u1ecf tr\u1ee9ng mu\u1ed1i, \u0111\u01b0\u1eddng, mu\u1ed1i, b\u1ed9t s\u1eefa, b\u1ed9t kem kh\u00f4ng s\u1eefa, ch\u1ea5t \u0111i\u1ec1u v\u1ecb, h\u01b0\u01a1ng tr\u1ee9ng mu\u1ed1i t\u1ed5ng h\u1ee3p...\" \/>\n<meta property=\"og:url\" content=\"https:\/\/bamboovipfood.com\/en\/product\/premium-wasabi-seasoning-powder\/\" \/>\n<meta property=\"og:site_name\" content=\"Bamboo Freeze Drying\" \/>\n<meta property=\"article:modified_time\" content=\"2025-06-20T06:29:43+00:00\" \/>\n<meta property=\"og:image\" content=\"https:\/\/bamboovipfood.com\/wp-content\/uploads\/2025\/06\/bot-gia-vi-trung-muoi.png\" \/>\n\t<meta property=\"og:image:width\" content=\"1024\" \/>\n\t<meta property=\"og:image:height\" content=\"1024\" \/>\n\t<meta property=\"og:image:type\" content=\"image\/png\" \/>\n<meta name=\"twitter:card\" content=\"summary_large_image\" \/>\n<meta name=\"twitter:label1\" content=\"Est. reading time\" \/>\n\t<meta name=\"twitter:data1\" content=\"5 minutes\" \/>\n<script type=\"application\/ld+json\" class=\"yoast-schema-graph\">{\"@context\":\"https:\/\/schema.org\",\"@graph\":[{\"@type\":\"WebPage\",\"@id\":\"https:\/\/bamboovipfood.com\/san-pham\/bot-gia-vi-trung-muoi\/\",\"url\":\"https:\/\/bamboovipfood.com\/san-pham\/bot-gia-vi-trung-muoi\/\",\"name\":\"B\u1ed9t gia v\u1ecb Tr\u1ee9ng Mu\u1ed1i - Bamboo Freeze Drying\",\"isPartOf\":{\"@id\":\"https:\/\/bamboovipfood.com\/#website\"},\"primaryImageOfPage\":{\"@id\":\"https:\/\/bamboovipfood.com\/san-pham\/bot-gia-vi-trung-muoi\/#primaryimage\"},\"image\":{\"@id\":\"https:\/\/bamboovipfood.com\/san-pham\/bot-gia-vi-trung-muoi\/#primaryimage\"},\"thumbnailUrl\":\"https:\/\/bamboovipfood.com\/wp-content\/uploads\/2025\/06\/bot-gia-vi-trung-muoi.png\",\"datePublished\":\"2025-06-20T06:28:58+00:00\",\"dateModified\":\"2025-06-20T06:29:43+00:00\",\"breadcrumb\":{\"@id\":\"https:\/\/bamboovipfood.com\/san-pham\/bot-gia-vi-trung-muoi\/#breadcrumb\"},\"inLanguage\":\"en-US\",\"potentialAction\":[{\"@type\":\"ReadAction\",\"target\":[\"https:\/\/bamboovipfood.com\/san-pham\/bot-gia-vi-trung-muoi\/\"]}]},{\"@type\":\"ImageObject\",\"inLanguage\":\"en-US\",\"@id\":\"https:\/\/bamboovipfood.com\/san-pham\/bot-gia-vi-trung-muoi\/#primaryimage\",\"url\":\"https:\/\/bamboovipfood.com\/wp-content\/uploads\/2025\/06\/bot-gia-vi-trung-muoi.png\",\"contentUrl\":\"https:\/\/bamboovipfood.com\/wp-content\/uploads\/2025\/06\/bot-gia-vi-trung-muoi.png\",\"width\":1024,\"height\":1024,\"caption\":\"B\u1ed9t gia v\u1ecb Tr\u1ee9ng Mu\u1ed1i\"},{\"@type\":\"BreadcrumbList\",\"@id\":\"https:\/\/bamboovipfood.com\/san-pham\/bot-gia-vi-trung-muoi\/#breadcrumb\",\"itemListElement\":[{\"@type\":\"ListItem\",\"position\":1,\"name\":\"Trang ch\u1ee7\",\"item\":\"https:\/\/bamboovipfood.com\/\"},{\"@type\":\"ListItem\",\"position\":2,\"name\":\"Shop\",\"item\":\"https:\/\/bamboovipfood.com\/shop\/\"},{\"@type\":\"ListItem\",\"position\":3,\"name\":\"B\u1ed9t gia v\u1ecb Tr\u1ee9ng Mu\u1ed1i\"}]},{\"@type\":\"WebSite\",\"@id\":\"https:\/\/bamboovipfood.com\/#website\",\"url\":\"https:\/\/bamboovipfood.com\/\",\"name\":\"Bamboo Freeze Drying\",\"description\":\"Nh\u00e0 cung \u1ee9ng s\u1ea3n ph\u1ea9m s\u1ea5y th\u0103ng hoa h\u00e0ng \u0111\u1ea7u\",\"publisher\":{\"@id\":\"https:\/\/bamboovipfood.com\/#organization\"},\"potentialAction\":[{\"@type\":\"SearchAction\",\"target\":{\"@type\":\"EntryPoint\",\"urlTemplate\":\"https:\/\/bamboovipfood.com\/?s={search_term_string}\"},\"query-input\":{\"@type\":\"PropertyValueSpecification\",\"valueRequired\":true,\"valueName\":\"search_term_string\"}}],\"inLanguage\":\"en-US\"},{\"@type\":\"Organization\",\"@id\":\"https:\/\/bamboovipfood.com\/#organization\",\"name\":\"Bamboo Freeze Drying\",\"url\":\"https:\/\/bamboovipfood.com\/\",\"logo\":{\"@type\":\"ImageObject\",\"inLanguage\":\"en-US\",\"@id\":\"https:\/\/bamboovipfood.com\/#\/schema\/logo\/image\/\",\"url\":\"https:\/\/bamboovipfood.com\/wp-content\/uploads\/2020\/08\/Logo-Bamboo-Freeze-Dry-Dark.png\",\"contentUrl\":\"https:\/\/bamboovipfood.com\/wp-content\/uploads\/2020\/08\/Logo-Bamboo-Freeze-Dry-Dark.png\",\"width\":500,\"height\":189,\"caption\":\"Bamboo Freeze Drying\"},\"image\":{\"@id\":\"https:\/\/bamboovipfood.com\/#\/schema\/logo\/image\/\"}}]}<\/script>\n<!-- \/ Yoast SEO plugin. -->","yoast_head_json":{"title":"B\u1ed9t gia v\u1ecb Tr\u1ee9ng Mu\u1ed1i - Bamboo Freeze Drying","robots":{"index":"index","follow":"follow","max-snippet":"max-snippet:-1","max-image-preview":"max-image-preview:large","max-video-preview":"max-video-preview:-1"},"canonical":"https:\/\/bamboovipfood.com\/en\/product\/premium-wasabi-seasoning-powder\/","og_locale":"en_US","og_type":"article","og_title":"B\u1ed9t gia v\u1ecb Tr\u1ee9ng Mu\u1ed1i - Bamboo Freeze Drying","og_description":"Th\u00e0nh ph\u1ea7n:\u00a0B\u1ed9t l\u00f2ng \u0111\u1ecf tr\u1ee9ng mu\u1ed1i, \u0111\u01b0\u1eddng, mu\u1ed1i, b\u1ed9t s\u1eefa, b\u1ed9t kem kh\u00f4ng s\u1eefa, ch\u1ea5t \u0111i\u1ec1u v\u1ecb, h\u01b0\u01a1ng tr\u1ee9ng mu\u1ed1i t\u1ed5ng h\u1ee3p...","og_url":"https:\/\/bamboovipfood.com\/en\/product\/premium-wasabi-seasoning-powder\/","og_site_name":"Bamboo Freeze Drying","article_modified_time":"2025-06-20T06:29:43+00:00","og_image":[{"width":1024,"height":1024,"url":"https:\/\/bamboovipfood.com\/wp-content\/uploads\/2025\/06\/bot-gia-vi-trung-muoi.png","type":"image\/png"}],"twitter_card":"summary_large_image","twitter_misc":{"Est. reading time":"5 minutes"},"schema":{"@context":"https:\/\/schema.org","@graph":[{"@type":"WebPage","@id":"https:\/\/bamboovipfood.com\/san-pham\/bot-gia-vi-trung-muoi\/","url":"https:\/\/bamboovipfood.com\/san-pham\/bot-gia-vi-trung-muoi\/","name":"B\u1ed9t gia v\u1ecb Tr\u1ee9ng Mu\u1ed1i - Bamboo Freeze Drying","isPartOf":{"@id":"https:\/\/bamboovipfood.com\/#website"},"primaryImageOfPage":{"@id":"https:\/\/bamboovipfood.com\/san-pham\/bot-gia-vi-trung-muoi\/#primaryimage"},"image":{"@id":"https:\/\/bamboovipfood.com\/san-pham\/bot-gia-vi-trung-muoi\/#primaryimage"},"thumbnailUrl":"https:\/\/bamboovipfood.com\/wp-content\/uploads\/2025\/06\/bot-gia-vi-trung-muoi.png","datePublished":"2025-06-20T06:28:58+00:00","dateModified":"2025-06-20T06:29:43+00:00","breadcrumb":{"@id":"https:\/\/bamboovipfood.com\/san-pham\/bot-gia-vi-trung-muoi\/#breadcrumb"},"inLanguage":"en-US","potentialAction":[{"@type":"ReadAction","target":["https:\/\/bamboovipfood.com\/san-pham\/bot-gia-vi-trung-muoi\/"]}]},{"@type":"ImageObject","inLanguage":"en-US","@id":"https:\/\/bamboovipfood.com\/san-pham\/bot-gia-vi-trung-muoi\/#primaryimage","url":"https:\/\/bamboovipfood.com\/wp-content\/uploads\/2025\/06\/bot-gia-vi-trung-muoi.png","contentUrl":"https:\/\/bamboovipfood.com\/wp-content\/uploads\/2025\/06\/bot-gia-vi-trung-muoi.png","width":1024,"height":1024,"caption":"B\u1ed9t gia v\u1ecb Tr\u1ee9ng Mu\u1ed1i"},{"@type":"BreadcrumbList","@id":"https:\/\/bamboovipfood.com\/san-pham\/bot-gia-vi-trung-muoi\/#breadcrumb","itemListElement":[{"@type":"ListItem","position":1,"name":"Trang ch\u1ee7","item":"https:\/\/bamboovipfood.com\/"},{"@type":"ListItem","position":2,"name":"Shop","item":"https:\/\/bamboovipfood.com\/shop\/"},{"@type":"ListItem","position":3,"name":"B\u1ed9t gia v\u1ecb Tr\u1ee9ng Mu\u1ed1i"}]},{"@type":"WebSite","@id":"https:\/\/bamboovipfood.com\/#website","url":"https:\/\/bamboovipfood.com\/","name":"Bamboo Freeze Drying","description":"Nh\u00e0 cung \u1ee9ng s\u1ea3n ph\u1ea9m s\u1ea5y th\u0103ng hoa h\u00e0ng \u0111\u1ea7u","publisher":{"@id":"https:\/\/bamboovipfood.com\/#organization"},"potentialAction":[{"@type":"SearchAction","target":{"@type":"EntryPoint","urlTemplate":"https:\/\/bamboovipfood.com\/?s={search_term_string}"},"query-input":{"@type":"PropertyValueSpecification","valueRequired":true,"valueName":"search_term_string"}}],"inLanguage":"en-US"},{"@type":"Organization","@id":"https:\/\/bamboovipfood.com\/#organization","name":"Bamboo Freeze Drying","url":"https:\/\/bamboovipfood.com\/","logo":{"@type":"ImageObject","inLanguage":"en-US","@id":"https:\/\/bamboovipfood.com\/#\/schema\/logo\/image\/","url":"https:\/\/bamboovipfood.com\/wp-content\/uploads\/2020\/08\/Logo-Bamboo-Freeze-Dry-Dark.png","contentUrl":"https:\/\/bamboovipfood.com\/wp-content\/uploads\/2020\/08\/Logo-Bamboo-Freeze-Dry-Dark.png","width":500,"height":189,"caption":"Bamboo Freeze Drying"},"image":{"@id":"https:\/\/bamboovipfood.com\/#\/schema\/logo\/image\/"}}]}},"_links":{"self":[{"href":"https:\/\/bamboovipfood.com\/en\/wp-json\/wp\/v2\/product\/9960","targetHints":{"allow":["GET"]}}],"collection":[{"href":"https:\/\/bamboovipfood.com\/en\/wp-json\/wp\/v2\/product"}],"about":[{"href":"https:\/\/bamboovipfood.com\/en\/wp-json\/wp\/v2\/types\/product"}],"replies":[{"embeddable":true,"href":"https:\/\/bamboovipfood.com\/en\/wp-json\/wp\/v2\/comments?post=9960"}],"wp:featuredmedia":[{"embeddable":true,"href":"https:\/\/bamboovipfood.com\/en\/wp-json\/wp\/v2\/media\/9961"}],"wp:attachment":[{"href":"https:\/\/bamboovipfood.com\/en\/wp-json\/wp\/v2\/media?parent=9960"}],"wp:term":[{"taxonomy":"product_cat","embeddable":true,"href":"https:\/\/bamboovipfood.com\/en\/wp-json\/wp\/v2\/product_cat?post=9960"},{"taxonomy":"product_tag","embeddable":true,"href":"https:\/\/bamboovipfood.com\/en\/wp-json\/wp\/v2\/product_tag?post=9960"}],"curies":[{"name":"wp","href":"https:\/\/api.w.org\/{rel}","templated":true}]}}