{"id":9958,"date":"2025-06-20T06:17:44","date_gmt":"2025-06-20T06:17:44","guid":{"rendered":"https:\/\/bamboovipfood.com\/?post_type=product&#038;p=9958"},"modified":"2025-06-21T08:24:56","modified_gmt":"2025-06-21T08:24:56","slug":"bot-gia-vi-pho-mai-bap","status":"publish","type":"product","link":"https:\/\/bamboovipfood.com\/en\/product\/bot-gia-vi-pho-mai-bap\/","title":{"rendered":"Corn Cheese Seasoning Powder"},"content":{"rendered":"<p>B\u1ea1n l\u00e0 t\u00edn \u0111\u1ed3 c\u1ee7a h\u01b0\u01a1ng v\u1ecb b\u00e9o ng\u1eady, m\u1eb7n m\u00e0 c\u1ee7a ph\u00f4 mai quy\u1ec7n c\u00f9ng s\u1ef1 ng\u1ecdt ng\u00e0o, th\u01a1m l\u1eebng c\u1ee7a b\u1eafp? B\u1ea1n mu\u1ed1n h\u00f4 bi\u1ebfn nh\u1eefng m\u00f3n \u0103n v\u1eb7t quen thu\u1ed9c tr\u1edf n\u00ean \u0111\u1eb7c bi\u1ec7t, &#8220;g\u00e2y nghi\u1ec7n&#8221; ch\u1ec9 v\u1edbi m\u1ed9t lo\u1ea1i gia v\u1ecb? H\u00e3y \u0111\u1ec3 B\u1ed9t Gia V\u1ecb Ph\u00f4 Mai B\u1eafp c\u1ee7a ch\u00fang t\u00f4i tr\u1edf th\u00e0nh &#8220;ng\u00f4i sao&#8221; trong c\u0103n b\u1ebfp c\u1ee7a b\u1ea1n!<\/p>\n<p>V\u1edbi s\u1ef1 k\u1ebft h\u1ee3p \u0111\u1ed9c \u0111\u00e1o n\u00e0y, ch\u00fang t\u00f4i mang \u0111\u1ebfn m\u1ed9t lo\u1ea1i gia v\u1ecb \u0111a n\u0103ng, d\u1ec5 d\u00e0ng n\u00e2ng t\u1ea7m m\u1ecdi m\u00f3n \u0103n, t\u1eeb khoai t\u00e2y chi\u00ean gi\u00f2n tan \u0111\u1ebfn b\u1eafp rang b\u01a1 th\u01a1m ph\u1ee9c, h\u1ea5p d\u1eabn m\u1ecdi th\u00e0nh vi\u00ean trong gia \u0111\u00ecnh.<\/p>\n<h2>C\u00f3 n\u00ean s\u1eed d\u1ee5ng b\u1ed9t Gia V\u1ecb Ph\u00f4 Mai B\u1eafp<\/h2>\n<ul>\n<li><strong>H\u01b0\u01a1ng V\u1ecb \u0110\u1ed9c \u0110\u00e1o, Quy\u1ebfn R\u0169<\/strong>: S\u1ef1 h\u00f2a quy\u1ec7n ho\u00e0n h\u1ea3o gi\u1eefa v\u1ecb m\u1eb7n b\u00e9o \u0111\u1eb7c tr\u01b0ng c\u1ee7a ph\u00f4 mai v\u00e0 h\u01b0\u01a1ng th\u01a1m ng\u1ecdt ng\u00e0o, \u0111\u1eadm \u0111\u00e0 c\u1ee7a b\u1eafp. M\u1ed7i h\u1ea1t b\u1ed9t l\u00e0 m\u1ed9t b\u1ea3n giao h\u01b0\u1edfng v\u1ecb gi\u00e1c, \u0111\u1ea3m b\u1ea3o khi\u1ebfn b\u1ea1n m\u00ea m\u1ea9n ngay t\u1eeb l\u1ea7n th\u1eed \u0111\u1ea7u ti\u00ean.<\/li>\n<li><strong>D\u1ea1ng B\u1ed9t Si\u00eau M\u1ecbn, D\u1ec5 D\u00e0ng S\u1eed D\u1ee5ng<\/strong>: S\u1ea3n ph\u1ea9m \u0111\u01b0\u1ee3c nghi\u1ec1n m\u1ecbn t\u1ed1i \u0111a, gi\u00fap b\u1ed9t b\u00e1m \u0111\u1ec1u v\u00e0o th\u1ef1c ph\u1ea9m, tan nhanh v\u00e0 d\u1ec5 d\u00e0ng \u0111i\u1ec1u ch\u1ec9nh l\u01b0\u1ee3ng d\u00f9ng theo \u00fd mu\u1ed1n, kh\u00f4ng b\u1ecb v\u00f3n c\u1ee5c.<\/li>\n<li><strong>M\u00e0u S\u1eafc B\u1eaft M\u1eaft<\/strong>: B\u1ed9t c\u00f3 m\u00e0u v\u00e0ng cam t\u1ef1 nhi\u00ean, gi\u00fap m\u00f3n \u0103n kh\u00f4ng ch\u1ec9 ngon mi\u1ec7ng m\u00e0 c\u00f2n tr\u1edf n\u00ean h\u1ea5p d\u1eabn, k\u00edch th\u00edch th\u1ecb gi\u00e1c.<\/li>\n<li><strong>Versatile Applications<\/strong>: Kh\u00f4ng ch\u1ec9 gi\u1edbi h\u1ea1n \u1edf c\u00e1c m\u00f3n \u0103n v\u1eb7t, b\u1ed9t gia v\u1ecb ph\u00f4 mai b\u1eafp c\u00f2n c\u00f3 th\u1ec3 d\u00f9ng \u0111\u1ec3 t\u1ea9m \u01b0\u1edbp, r\u1eafc l\u00ean c\u00e1c m\u00f3n \u0103n ch\u00ednh, m\u1edf ra c\u00e1nh c\u1eeda s\u00e1ng t\u1ea1o kh\u00f4ng gi\u1edbi h\u1ea1n trong \u1ea9m th\u1ef1c.<\/li>\n<li><strong>Guaranteed Quality<\/strong>: S\u1ea3n ph\u1ea9m \u0111\u01b0\u1ee3c s\u1ea3n xu\u1ea5t t\u1eeb nguy\u00ean li\u1ec7u ch\u1ecdn l\u1ecdc, tr\u1ea3i qua quy tr\u00ecnh ki\u1ec3m so\u00e1t ch\u1ea5t l\u01b0\u1ee3ng nghi\u00eam ng\u1eb7t, \u0111\u1ea3m b\u1ea3o an to\u00e0n v\u1ec7 sinh th\u1ef1c ph\u1ea9m v\u00e0 h\u01b0\u01a1ng v\u1ecb chu\u1ea9n nh\u1ea5t.<\/li>\n<\/ul>\n<h2>C\u00e1ch s\u1eed d\u1ee5ng gia v\u1ecb ph\u00f4 mai<\/h2>\n<p>V\u1edbi B\u1ed9t Gia V\u1ecb Ph\u00f4 Mai B\u1eafp, b\u1ea1n c\u00f3 th\u1ec3 bi\u1ebfn h\u00f3a h\u00e0ng lo\u1ea1t m\u00f3n \u0103n, \u0111\u1ed3 u\u1ed1ng quen thu\u1ed9c tr\u1edf n\u00ean l\u00f4i cu\u1ed1n v\u00e0 &#8220;hot trend&#8221;:<\/p>\n<h3>&#8220;Best Seller&#8221; cho \u0110\u1ed3 \u0102n V\u1eb7t:<\/h3>\n<ul>\n<li>Khoai t\u00e2y\/Khoai lang\/B\u00e1nh g\u1ea1o chi\u00ean: R\u1eafc b\u1ed9t tr\u1ef1c ti\u1ebfp l\u00ean c\u00e1c m\u00f3n chi\u00ean gi\u00f2n khi c\u00f2n n\u00f3ng, l\u1eafc \u0111\u1ec1u ho\u1eb7c tr\u1ed9n nh\u1eb9 \u0111\u1ec3 b\u1ed9t b\u00e1m \u0111\u1ec1u. H\u01b0\u01a1ng v\u1ecb ph\u00f4 mai b\u1eafp s\u1ebd tan ch\u1ea3y, t\u1ea1o n\u00ean l\u1edbp v\u1ecf ngo\u00e0i v\u00e0ng \u00f3ng, th\u01a1m l\u1eebng.<\/li>\n<li>B\u1eafp rang b\u01a1: B\u00ed quy\u1ebft \u0111\u1ec3 c\u00f3 m\u00f3n b\u1eafp rang b\u01a1 th\u01a1m ngon chu\u1ea9n r\u1ea1p. Ch\u1ec9 c\u1ea7n r\u1eafc b\u1ed9t l\u00ean b\u1eafp rang b\u01a1 n\u00f3ng h\u1ed5i v\u00e0 tr\u1ed9n \u0111\u1ec1u.<\/li>\n<li>G\u00e0 chi\u00ean, xi\u00ean que, tokbokki: R\u1eafc l\u00ean c\u00e1c m\u00f3n n\u00e0y \u0111\u1ec3 t\u0103ng th\u00eam h\u01b0\u01a1ng v\u1ecb b\u00e9o ng\u1eady, m\u1eb7n m\u00e0 v\u00e0 m\u00e0u s\u1eafc h\u1ea5p d\u1eabn.<\/li>\n<\/ul>\n<h3>S\u00e1ng T\u1ea1o M\u00f3n \u0102n Ch\u00ednh:<\/h3>\n<ul>\n<li>M\u00ec x\u00e0o\/C\u01a1m chi\u00ean: R\u1eafc m\u1ed9t l\u01b0\u1ee3ng nh\u1ecf v\u00e0o m\u00f3n m\u00ec x\u00e0o ho\u1eb7c c\u01a1m chi\u00ean \u0111\u1ec3 t\u0103ng th\u00eam h\u01b0\u01a1ng v\u1ecb \u0111\u1ed9c \u0111\u00e1o.<\/li>\n<li>S\u00fap\/Ch\u00e1o: Th\u00eam v\u00e0o c\u00e1c m\u00f3n s\u00fap kem ho\u1eb7c ch\u00e1o cho b\u00e9 \u0111\u1ec3 t\u0103ng \u0111\u1ed9 b\u00e9o ng\u1eady v\u00e0 h\u1ea5p d\u1eabn.<\/li>\n<\/ul>\n<h3>Pha Ch\u1ebf &amp; T\u1ea9m \u01af\u1edbp:<\/h3>\n<ul>\n<li>C\u00f3 th\u1ec3 d\u00f9ng \u0111\u1ec3 t\u1ea9m \u01b0\u1edbp th\u1ecbt g\u00e0, s\u01b0\u1eddn tr\u01b0\u1edbc khi n\u01b0\u1edbng ho\u1eb7c chi\u00ean, mang l\u1ea1i h\u01b0\u01a1ng v\u1ecb m\u1edbi l\u1ea1.<\/li>\n<li>Pha ch\u1ebf n\u01b0\u1edbc s\u1ed1t ch\u1ea5m \u0111\u1ed9c \u0111\u00e1o cho c\u00e1c m\u00f3n n\u01b0\u1edbng.<\/li>\n<\/ul>\n<h2 style=\"text-align: center;\">Mua Ngay B\u1ed9t Gia V\u1ecb Ph\u00f4 Mai B\u1eafp &#8211; Bi\u1ebfn M\u1ecdi M\u00f3n \u0102n Th\u00e0nh &#8220;\u0110\u1ec9nh Cao&#8221;!<\/h2>\n<p>\u0110\u1eebng b\u1ecf l\u1ee1 c\u01a1 h\u1ed9i mang h\u01b0\u01a1ng v\u1ecb &#8220;qu\u1ed1c d\u00e2n&#8221; n\u00e0y v\u1ec1 c\u0103n b\u1ebfp c\u1ee7a b\u1ea1n. B\u1ed9t Gia V\u1ecb Ph\u00f4 Mai B\u1eafp kh\u00f4ng ch\u1ec9 l\u00e0 gia v\u1ecb, m\u00e0 c\u00f2n l\u00e0 &#8220;linh h\u1ed3n&#8221; mang \u0111\u1ebfn s\u1ef1 ph\u1ea5n kh\u00edch v\u00e0 b\u1ea5t ng\u1edd cho m\u1ed7i b\u1eefa \u0103n, m\u1ed7i bu\u1ed5i ti\u1ec7c.<\/p>\n<p style=\"text-align: center;\">\u0110\u1eb7t mua <a href=\"https:\/\/bamboovipfood.com\/en\/product-category\/spice-powders\/\">b\u1ed9t gia v\u1ecb l\u1eafc ng\u1ecdt m\u1eb7n<\/a> ngay h\u00f4m nay \u0111\u1ec3 s\u1eb5n s\u00e0ng b\u00f9ng n\u1ed5 v\u1ecb gi\u00e1c v\u1edbi h\u01b0\u01a1ng v\u1ecb ph\u00f4 mai b\u1eafp chu\u1ea9n ngon, chu\u1ea9n &#8220;trend&#8221;!<\/p>","protected":false},"excerpt":{"rendered":"<p>B\u1ea1n l\u00e0 t\u00edn \u0111\u1ed3 c\u1ee7a h\u01b0\u01a1ng v\u1ecb b\u00e9o ng\u1eady, m\u1eb7n m\u00e0 c\u1ee7a ph\u00f4 mai quy\u1ec7n c\u00f9ng s\u1ef1 ng\u1ecdt ng\u00e0o, th\u01a1m l\u1eebng c\u1ee7a b\u1eafp? B\u1ea1n mu\u1ed1n h\u00f4 bi\u1ebfn nh\u1eefng m\u00f3n \u0103n v\u1eb7t quen thu\u1ed9c tr\u1edf n\u00ean \u0111\u1eb7c bi\u1ec7t, &#8220;g\u00e2y nghi\u1ec7n&#8221; ch\u1ec9 v\u1edbi m\u1ed9t lo\u1ea1i gia v\u1ecb? H\u00e3y \u0111\u1ec3 B\u1ed9t Gia V\u1ecb Ph\u00f4 Mai B\u1eafp c\u1ee7a ch\u00fang [&hellip;]<\/p>","protected":false},"featured_media":9959,"comment_status":"open","ping_status":"closed","template":"","meta":[],"product_cat":[446],"product_tag":[],"class_list":{"0":"post-9958","1":"product","2":"type-product","3":"status-publish","4":"has-post-thumbnail","6":"product_cat-bot-gia-vi","8":"first","9":"instock","10":"shipping-taxable","11":"product-type-simple"},"yoast_head":"<!-- This site is optimized with the Yoast SEO plugin v25.7 - https:\/\/yoast.com\/wordpress\/plugins\/seo\/ -->\n<title>B\u1ed9t gia v\u1ecb Ph\u00f4 Mai B\u1eafp - Bamboo Freeze Drying<\/title>\n<meta name=\"robots\" content=\"index, follow, max-snippet:-1, max-image-preview:large, max-video-preview:-1\" \/>\n<link rel=\"canonical\" href=\"https:\/\/bamboovipfood.com\/en\/product\/bot-gia-vi-pho-mai-bap\/\" \/>\n<meta property=\"og:locale\" content=\"en_US\" \/>\n<meta property=\"og:type\" content=\"article\" \/>\n<meta property=\"og:title\" content=\"B\u1ed9t gia v\u1ecb Ph\u00f4 Mai B\u1eafp - Bamboo Freeze Drying\" \/>\n<meta property=\"og:description\" content=\"B\u1ea1n l\u00e0 t\u00edn \u0111\u1ed3 c\u1ee7a h\u01b0\u01a1ng v\u1ecb b\u00e9o ng\u1eady, m\u1eb7n m\u00e0 c\u1ee7a ph\u00f4 mai quy\u1ec7n c\u00f9ng s\u1ef1 ng\u1ecdt ng\u00e0o, th\u01a1m l\u1eebng c\u1ee7a b\u1eafp? B\u1ea1n mu\u1ed1n h\u00f4 bi\u1ebfn nh\u1eefng m\u00f3n \u0103n v\u1eb7t quen thu\u1ed9c tr\u1edf n\u00ean \u0111\u1eb7c bi\u1ec7t, &#8220;g\u00e2y nghi\u1ec7n&#8221; ch\u1ec9 v\u1edbi m\u1ed9t lo\u1ea1i gia v\u1ecb? H\u00e3y \u0111\u1ec3 B\u1ed9t Gia V\u1ecb Ph\u00f4 Mai B\u1eafp c\u1ee7a ch\u00fang [&hellip;]\" \/>\n<meta property=\"og:url\" content=\"https:\/\/bamboovipfood.com\/en\/product\/bot-gia-vi-pho-mai-bap\/\" \/>\n<meta property=\"og:site_name\" content=\"Bamboo Freeze Drying\" \/>\n<meta property=\"article:modified_time\" content=\"2025-06-21T08:24:56+00:00\" \/>\n<meta property=\"og:image\" content=\"https:\/\/bamboovipfood.com\/wp-content\/uploads\/2025\/06\/bot-pho-mai-vi-bap.png\" \/>\n\t<meta property=\"og:image:width\" content=\"1024\" \/>\n\t<meta property=\"og:image:height\" content=\"1024\" \/>\n\t<meta property=\"og:image:type\" content=\"image\/png\" \/>\n<meta name=\"twitter:card\" content=\"summary_large_image\" \/>\n<meta name=\"twitter:label1\" content=\"Est. reading time\" \/>\n\t<meta name=\"twitter:data1\" content=\"4 minutes\" \/>\n<script type=\"application\/ld+json\" class=\"yoast-schema-graph\">{\"@context\":\"https:\/\/schema.org\",\"@graph\":[{\"@type\":\"WebPage\",\"@id\":\"https:\/\/bamboovipfood.com\/san-pham\/bot-gia-vi-pho-mai-bap\/\",\"url\":\"https:\/\/bamboovipfood.com\/san-pham\/bot-gia-vi-pho-mai-bap\/\",\"name\":\"B\u1ed9t gia v\u1ecb Ph\u00f4 Mai B\u1eafp - Bamboo Freeze Drying\",\"isPartOf\":{\"@id\":\"https:\/\/bamboovipfood.com\/#website\"},\"primaryImageOfPage\":{\"@id\":\"https:\/\/bamboovipfood.com\/san-pham\/bot-gia-vi-pho-mai-bap\/#primaryimage\"},\"image\":{\"@id\":\"https:\/\/bamboovipfood.com\/san-pham\/bot-gia-vi-pho-mai-bap\/#primaryimage\"},\"thumbnailUrl\":\"https:\/\/bamboovipfood.com\/wp-content\/uploads\/2025\/06\/bot-pho-mai-vi-bap.png\",\"datePublished\":\"2025-06-20T06:17:44+00:00\",\"dateModified\":\"2025-06-21T08:24:56+00:00\",\"breadcrumb\":{\"@id\":\"https:\/\/bamboovipfood.com\/san-pham\/bot-gia-vi-pho-mai-bap\/#breadcrumb\"},\"inLanguage\":\"en-US\",\"potentialAction\":[{\"@type\":\"ReadAction\",\"target\":[\"https:\/\/bamboovipfood.com\/san-pham\/bot-gia-vi-pho-mai-bap\/\"]}]},{\"@type\":\"ImageObject\",\"inLanguage\":\"en-US\",\"@id\":\"https:\/\/bamboovipfood.com\/san-pham\/bot-gia-vi-pho-mai-bap\/#primaryimage\",\"url\":\"https:\/\/bamboovipfood.com\/wp-content\/uploads\/2025\/06\/bot-pho-mai-vi-bap.png\",\"contentUrl\":\"https:\/\/bamboovipfood.com\/wp-content\/uploads\/2025\/06\/bot-pho-mai-vi-bap.png\",\"width\":1024,\"height\":1024,\"caption\":\"b\u1ed9t ph\u00f4 mai v\u1ecb b\u1eafp\"},{\"@type\":\"BreadcrumbList\",\"@id\":\"https:\/\/bamboovipfood.com\/san-pham\/bot-gia-vi-pho-mai-bap\/#breadcrumb\",\"itemListElement\":[{\"@type\":\"ListItem\",\"position\":1,\"name\":\"Trang ch\u1ee7\",\"item\":\"https:\/\/bamboovipfood.com\/\"},{\"@type\":\"ListItem\",\"position\":2,\"name\":\"Shop\",\"item\":\"https:\/\/bamboovipfood.com\/shop\/\"},{\"@type\":\"ListItem\",\"position\":3,\"name\":\"B\u1ed9t gia v\u1ecb Ph\u00f4 Mai B\u1eafp\"}]},{\"@type\":\"WebSite\",\"@id\":\"https:\/\/bamboovipfood.com\/#website\",\"url\":\"https:\/\/bamboovipfood.com\/\",\"name\":\"Bamboo Freeze Drying\",\"description\":\"Nh\u00e0 cung \u1ee9ng s\u1ea3n ph\u1ea9m s\u1ea5y th\u0103ng hoa h\u00e0ng \u0111\u1ea7u\",\"publisher\":{\"@id\":\"https:\/\/bamboovipfood.com\/#organization\"},\"potentialAction\":[{\"@type\":\"SearchAction\",\"target\":{\"@type\":\"EntryPoint\",\"urlTemplate\":\"https:\/\/bamboovipfood.com\/?s={search_term_string}\"},\"query-input\":{\"@type\":\"PropertyValueSpecification\",\"valueRequired\":true,\"valueName\":\"search_term_string\"}}],\"inLanguage\":\"en-US\"},{\"@type\":\"Organization\",\"@id\":\"https:\/\/bamboovipfood.com\/#organization\",\"name\":\"Bamboo Freeze Drying\",\"url\":\"https:\/\/bamboovipfood.com\/\",\"logo\":{\"@type\":\"ImageObject\",\"inLanguage\":\"en-US\",\"@id\":\"https:\/\/bamboovipfood.com\/#\/schema\/logo\/image\/\",\"url\":\"https:\/\/bamboovipfood.com\/wp-content\/uploads\/2020\/08\/Logo-Bamboo-Freeze-Dry-Dark.png\",\"contentUrl\":\"https:\/\/bamboovipfood.com\/wp-content\/uploads\/2020\/08\/Logo-Bamboo-Freeze-Dry-Dark.png\",\"width\":500,\"height\":189,\"caption\":\"Bamboo Freeze Drying\"},\"image\":{\"@id\":\"https:\/\/bamboovipfood.com\/#\/schema\/logo\/image\/\"}}]}<\/script>\n<!-- \/ Yoast SEO plugin. -->","yoast_head_json":{"title":"B\u1ed9t gia v\u1ecb Ph\u00f4 Mai B\u1eafp - Bamboo Freeze Drying","robots":{"index":"index","follow":"follow","max-snippet":"max-snippet:-1","max-image-preview":"max-image-preview:large","max-video-preview":"max-video-preview:-1"},"canonical":"https:\/\/bamboovipfood.com\/en\/product\/bot-gia-vi-pho-mai-bap\/","og_locale":"en_US","og_type":"article","og_title":"B\u1ed9t gia v\u1ecb Ph\u00f4 Mai B\u1eafp - Bamboo Freeze Drying","og_description":"B\u1ea1n l\u00e0 t\u00edn \u0111\u1ed3 c\u1ee7a h\u01b0\u01a1ng v\u1ecb b\u00e9o ng\u1eady, m\u1eb7n m\u00e0 c\u1ee7a ph\u00f4 mai quy\u1ec7n c\u00f9ng s\u1ef1 ng\u1ecdt ng\u00e0o, th\u01a1m l\u1eebng c\u1ee7a b\u1eafp? B\u1ea1n mu\u1ed1n h\u00f4 bi\u1ebfn nh\u1eefng m\u00f3n \u0103n v\u1eb7t quen thu\u1ed9c tr\u1edf n\u00ean \u0111\u1eb7c bi\u1ec7t, &#8220;g\u00e2y nghi\u1ec7n&#8221; ch\u1ec9 v\u1edbi m\u1ed9t lo\u1ea1i gia v\u1ecb? H\u00e3y \u0111\u1ec3 B\u1ed9t Gia V\u1ecb Ph\u00f4 Mai B\u1eafp c\u1ee7a ch\u00fang [&hellip;]","og_url":"https:\/\/bamboovipfood.com\/en\/product\/bot-gia-vi-pho-mai-bap\/","og_site_name":"Bamboo Freeze Drying","article_modified_time":"2025-06-21T08:24:56+00:00","og_image":[{"width":1024,"height":1024,"url":"https:\/\/bamboovipfood.com\/wp-content\/uploads\/2025\/06\/bot-pho-mai-vi-bap.png","type":"image\/png"}],"twitter_card":"summary_large_image","twitter_misc":{"Est. reading time":"4 minutes"},"schema":{"@context":"https:\/\/schema.org","@graph":[{"@type":"WebPage","@id":"https:\/\/bamboovipfood.com\/san-pham\/bot-gia-vi-pho-mai-bap\/","url":"https:\/\/bamboovipfood.com\/san-pham\/bot-gia-vi-pho-mai-bap\/","name":"B\u1ed9t gia v\u1ecb Ph\u00f4 Mai B\u1eafp - Bamboo Freeze Drying","isPartOf":{"@id":"https:\/\/bamboovipfood.com\/#website"},"primaryImageOfPage":{"@id":"https:\/\/bamboovipfood.com\/san-pham\/bot-gia-vi-pho-mai-bap\/#primaryimage"},"image":{"@id":"https:\/\/bamboovipfood.com\/san-pham\/bot-gia-vi-pho-mai-bap\/#primaryimage"},"thumbnailUrl":"https:\/\/bamboovipfood.com\/wp-content\/uploads\/2025\/06\/bot-pho-mai-vi-bap.png","datePublished":"2025-06-20T06:17:44+00:00","dateModified":"2025-06-21T08:24:56+00:00","breadcrumb":{"@id":"https:\/\/bamboovipfood.com\/san-pham\/bot-gia-vi-pho-mai-bap\/#breadcrumb"},"inLanguage":"en-US","potentialAction":[{"@type":"ReadAction","target":["https:\/\/bamboovipfood.com\/san-pham\/bot-gia-vi-pho-mai-bap\/"]}]},{"@type":"ImageObject","inLanguage":"en-US","@id":"https:\/\/bamboovipfood.com\/san-pham\/bot-gia-vi-pho-mai-bap\/#primaryimage","url":"https:\/\/bamboovipfood.com\/wp-content\/uploads\/2025\/06\/bot-pho-mai-vi-bap.png","contentUrl":"https:\/\/bamboovipfood.com\/wp-content\/uploads\/2025\/06\/bot-pho-mai-vi-bap.png","width":1024,"height":1024,"caption":"b\u1ed9t ph\u00f4 mai v\u1ecb b\u1eafp"},{"@type":"BreadcrumbList","@id":"https:\/\/bamboovipfood.com\/san-pham\/bot-gia-vi-pho-mai-bap\/#breadcrumb","itemListElement":[{"@type":"ListItem","position":1,"name":"Trang ch\u1ee7","item":"https:\/\/bamboovipfood.com\/"},{"@type":"ListItem","position":2,"name":"Shop","item":"https:\/\/bamboovipfood.com\/shop\/"},{"@type":"ListItem","position":3,"name":"B\u1ed9t gia v\u1ecb Ph\u00f4 Mai B\u1eafp"}]},{"@type":"WebSite","@id":"https:\/\/bamboovipfood.com\/#website","url":"https:\/\/bamboovipfood.com\/","name":"Bamboo Freeze Drying","description":"Nh\u00e0 cung \u1ee9ng s\u1ea3n ph\u1ea9m s\u1ea5y th\u0103ng hoa h\u00e0ng \u0111\u1ea7u","publisher":{"@id":"https:\/\/bamboovipfood.com\/#organization"},"potentialAction":[{"@type":"SearchAction","target":{"@type":"EntryPoint","urlTemplate":"https:\/\/bamboovipfood.com\/?s={search_term_string}"},"query-input":{"@type":"PropertyValueSpecification","valueRequired":true,"valueName":"search_term_string"}}],"inLanguage":"en-US"},{"@type":"Organization","@id":"https:\/\/bamboovipfood.com\/#organization","name":"Bamboo Freeze Drying","url":"https:\/\/bamboovipfood.com\/","logo":{"@type":"ImageObject","inLanguage":"en-US","@id":"https:\/\/bamboovipfood.com\/#\/schema\/logo\/image\/","url":"https:\/\/bamboovipfood.com\/wp-content\/uploads\/2020\/08\/Logo-Bamboo-Freeze-Dry-Dark.png","contentUrl":"https:\/\/bamboovipfood.com\/wp-content\/uploads\/2020\/08\/Logo-Bamboo-Freeze-Dry-Dark.png","width":500,"height":189,"caption":"Bamboo Freeze Drying"},"image":{"@id":"https:\/\/bamboovipfood.com\/#\/schema\/logo\/image\/"}}]}},"_links":{"self":[{"href":"https:\/\/bamboovipfood.com\/en\/wp-json\/wp\/v2\/product\/9958","targetHints":{"allow":["GET"]}}],"collection":[{"href":"https:\/\/bamboovipfood.com\/en\/wp-json\/wp\/v2\/product"}],"about":[{"href":"https:\/\/bamboovipfood.com\/en\/wp-json\/wp\/v2\/types\/product"}],"replies":[{"embeddable":true,"href":"https:\/\/bamboovipfood.com\/en\/wp-json\/wp\/v2\/comments?post=9958"}],"wp:featuredmedia":[{"embeddable":true,"href":"https:\/\/bamboovipfood.com\/en\/wp-json\/wp\/v2\/media\/9959"}],"wp:attachment":[{"href":"https:\/\/bamboovipfood.com\/en\/wp-json\/wp\/v2\/media?parent=9958"}],"wp:term":[{"taxonomy":"product_cat","embeddable":true,"href":"https:\/\/bamboovipfood.com\/en\/wp-json\/wp\/v2\/product_cat?post=9958"},{"taxonomy":"product_tag","embeddable":true,"href":"https:\/\/bamboovipfood.com\/en\/wp-json\/wp\/v2\/product_tag?post=9958"}],"curies":[{"name":"wp","href":"https:\/\/api.w.org\/{rel}","templated":true}]}}