{"id":9950,"date":"2025-06-20T04:25:46","date_gmt":"2025-06-20T04:25:46","guid":{"rendered":"https:\/\/bamboovipfood.com\/?post_type=product&#038;p=9950"},"modified":"2025-06-20T04:28:23","modified_gmt":"2025-06-20T04:28:23","slug":"bot-gia-vi-ca-ri-cua","status":"publish","type":"product","link":"https:\/\/bamboovipfood.com\/en\/product\/crab-curry-seasoning-powder\/","title":{"rendered":"Crab Curry Seasoning Powder"},"content":{"rendered":"<p>B\u1ea1n l\u00e0 ng\u01b0\u1eddi \u0111am m\u00ea h\u01b0\u01a1ng v\u1ecb bi\u1ec3n c\u1ea3, \u0111\u1eb7c bi\u1ec7t l\u00e0 m\u00f3n c\u00e0 ri cua th\u01a1m l\u1eebng, \u0111\u1eadm \u0111\u00e0 nh\u01b0ng ng\u1ea1i kh\u00e2u chu\u1ea9n b\u1ecb c\u1ea7u k\u1ef3?. H\u00e3y \u0111\u1ec3 B\u1ed9t Gia V\u1ecb C\u00e0 Ri Cua c\u1ee7a ch\u00fang t\u00f4i tr\u1edf th\u00e0nh &#8220;tr\u1ee3 th\u1ee7 \u0111\u1eafc l\u1ef1c&#8221; trong c\u0103n b\u1ebfp c\u1ee7a b\u1ea1n; gi\u00fap b\u1ea1n d\u1ec5 d\u00e0ng ch\u1ebf bi\u1ebfn m\u00f3n c\u00e0 ri cua chu\u1ea9n v\u1ecb nh\u00e0 h\u00e0ng ngay t\u1ea1i nh\u00e0!<\/p>\n<p>V\u1edbi s\u1ef1 k\u1ebft h\u1ee3p ho\u00e0n h\u1ea3o c\u1ee7a c\u00e1c lo\u1ea1i gia v\u1ecb th\u01b0\u1ee3ng h\u1ea1ng \u0111\u01b0\u1ee3c tuy\u1ec3n ch\u1ecdn k\u1ef9 l\u01b0\u1ee1ng. B\u1ed9t c\u00e0 ri cua c\u1ee7a ch\u00fang t\u00f4i mang \u0111\u1ebfn h\u01b0\u01a1ng th\u01a1m n\u1ed3ng n\u00e0n, m\u00e0u s\u1eafc h\u1ea5p d\u1eabn v\u00e0 v\u1ecb b\u00e9o ng\u1eady, cay nh\u1eb9 \u0111\u1eb7c tr\u01b0ng, \u0111\u00e1nh th\u1ee9c m\u1ecdi gi\u00e1c quan.<\/p>\n<h2>\u0110\u1eb7c \u0111i\u1ec3m n\u1ed5i b\u1eadt b\u1ed9t gia v\u1ecb C\u00e0 Ri Cua<\/h2>\n<ul>\n<li><strong>H\u01b0\u01a1ng V\u1ecb \u0110\u1eb7c Tr\u01b0ng, \u0110\u1eadm \u0110\u00e0<\/strong>: C\u00f4ng th\u1ee9c \u0111\u01b0\u1ee3c nghi\u00ean c\u1ee9u v\u00e0 pha tr\u1ed9n t\u1ec9 m\u1ec9, \u0111\u1ea3m b\u1ea3o mang l\u1ea1i h\u01b0\u01a1ng v\u1ecb c\u00e0 ri cua truy\u1ec1n th\u1ed1ng, h\u00e0i h\u00f2a gi\u1eefa v\u1ecb b\u00e9o c\u1ee7a c\u1ed1t d\u1eeba, th\u01a1m n\u1ed3ng c\u1ee7a gia v\u1ecb v\u00e0 cay nh\u1eb9 v\u1eeba ph\u1ea3i.<\/li>\n<li><strong>Ti\u1ec7n L\u1ee3i T\u1ed1i \u0110a<\/strong>: Thay v\u00ec ph\u1ea3i chu\u1ea9n b\u1ecb v\u00e0 xay gi\u00e3 nhi\u1ec1u lo\u1ea1i nguy\u00ean li\u1ec7u t\u01b0\u01a1i, b\u1ea1n ch\u1ec9 c\u1ea7n m\u1ed9t g\u00f3i b\u1ed9t gia v\u1ecb duy nh\u1ea5t. Gi\u00fap ti\u1ebft ki\u1ec7m \u0111\u00e1ng k\u1ec3 th\u1eddi gian v\u00e0 c\u00f4ng s\u1ee9c n\u1ea5u n\u01b0\u1edbng.<\/li>\n<li><strong>D\u1ea1ng B\u1ed9t M\u1ecbn, D\u1ec5 H\u00f2a Tan<\/strong>: B\u1ed9t m\u1ecbn gi\u00fap d\u1ec5 d\u00e0ng h\u00f2a quy\u1ec7n v\u00e0o n\u01b0\u1edbc c\u1ed1t d\u1eeba v\u00e0 c\u00e1c nguy\u00ean li\u1ec7u kh\u00e1c, t\u1ea1o n\u00ean n\u01b0\u1edbc s\u1ed1t c\u00e0 ri s\u00e1nh m\u1ecbn, h\u1ea5p d\u1eabn.<\/li>\n<li><strong>Guaranteed Quality<\/strong>: S\u1ea3n ph\u1ea9m \u0111\u01b0\u1ee3c s\u1ea3n xu\u1ea5t t\u1eeb c\u00e1c lo\u1ea1i gia v\u1ecb t\u1ef1 nhi\u00ean, ch\u1ecdn l\u1ecdc k\u1ef9 c\u00e0ng, kh\u00f4ng ch\u1ee9a ph\u1ea9m m\u00e0u \u0111\u1ed9c h\u1ea1i, kh\u00f4ng ch\u1ea5t b\u1ea3o qu\u1ea3n, \u0111\u1ea3m b\u1ea3o an to\u00e0n cho s\u1ee9c kh\u1ecfe gia \u0111\u00ecnh b\u1ea1n.<\/li>\n<li><strong>\u0110a D\u1ea1ng \u1ee8ng D\u1ee5ng<\/strong>: Kh\u00f4ng ch\u1ec9 d\u00f9ng ri\u00eang cho m\u00f3n c\u00e0 ri cua, b\u1ea1n c\u00f2n c\u00f3 th\u1ec3 s\u00e1ng t\u1ea1o v\u1edbi c\u00e1c m\u00f3n h\u1ea3i s\u1ea3n ho\u1eb7c th\u1ecbt kh\u00e1c.<\/li>\n<\/ul>\n<h2>\u1ee8ng d\u1ee5ng &amp; c\u00e1ch s\u1eed d\u1ee5ng Gia V\u1ecb C\u00e0 Ri Cua<\/h2>\n<p>Vi\u1ec7c ch\u1ebf bi\u1ebfn m\u00f3n c\u00e0 ri cua ngon chu\u1ea9n v\u1ecb gi\u1edd \u0111\u00e2y v\u00f4 c\u00f9ng \u0111\u01a1n gi\u1ea3n v\u1edbi b\u1ed9t gia v\u1ecb c\u1ee7a ch\u00fang t\u00f4i:<\/p>\n<h3>Ch\u1ebf bi\u1ebfn c\u00e0 ri cua Truy\u1ec1n Th\u1ed1ng:<\/h3>\n<ul>\n<li><strong>S\u01a1 ch\u1ebf cua<\/strong>: L\u00e0m s\u1ea1ch cua, t\u00e1ch mai v\u00e0 ch\u1eb7t mi\u1ebfng v\u1eeba \u0103n.<\/li>\n<li><strong>\u01af\u1edbp cua<\/strong>: \u01af\u1edbp cua v\u1edbi m\u1ed9t l\u01b0\u1ee3ng b\u1ed9t gia v\u1ecb c\u00e0 ri cua v\u1eeba \u0111\u1ee7 (kho\u1ea3ng 1-2 mu\u1ed7ng canh cho 1kg cua), th\u00eam ch\u00fat \u0111\u01b0\u1eddng, n\u01b0\u1edbc m\u1eafm, h\u00e0nh t\u1ecfi b\u0103m. \u01af\u1edbp kho\u1ea3ng 15-20 ph\u00fat cho cua th\u1ea5m gia v\u1ecb.<\/li>\n<li><strong>Ch\u1ebf bi\u1ebfn<\/strong>: Phi th\u01a1m h\u00e0nh t\u1ecfi, cho cua v\u00e0o x\u00e0o s\u0103n. \u0110\u1ed5 n\u01b0\u1edbc c\u1ed1t d\u1eeba v\u00e0 n\u01b0\u1edbc l\u1ecdc v\u1eeba \u0111\u1ee7, \u0111un nh\u1ecf l\u1eeda cho cua ch\u00edn v\u00e0 n\u01b0\u1edbc s\u1ed1t s\u00e1nh l\u1ea1i. Th\u00eam rau c\u1ee7 t\u00f9y th\u00edch (khoai m\u00f4n, khoai lang, c\u00e0 r\u1ed1t). N\u00eam n\u1ebfm l\u1ea1i cho v\u1eeba \u0103n.<\/li>\n<li><strong>Th\u01b0\u1edfng th\u1ee9c<\/strong>: D\u00f9ng n\u00f3ng v\u1edbi b\u00fan, b\u00e1nh m\u00ec ho\u1eb7c c\u01a1m.<\/li>\n<\/ul>\n<h3>S\u00e1ng T\u1ea1o M\u00f3n Kh\u00e1c:<\/h3>\n<ul>\n<li><strong>C\u00e0 ri h\u1ea3i s\u1ea3n<\/strong>: Thay cua b\u1eb1ng t\u00f4m, m\u1ef1c, c\u00e1 vi\u00ean \u0111\u1ec3 c\u00f3 m\u00f3n c\u00e0 ri h\u1ea3i s\u1ea3n th\u01a1m ngon.<\/li>\n<li><strong>M\u00ec x\u00e0o c\u00e0 ri<\/strong>: D\u00f9ng b\u1ed9t c\u00e0 ri cua \u0111\u1ec3 t\u1ea9m \u01b0\u1edbp m\u00ec ho\u1eb7c x\u00e0o c\u00f9ng c\u00e1c lo\u1ea1i th\u1ecbt, rau c\u1ee7.<\/li>\n<li><strong>G\u00e0\/B\u00f2 n\u1ea5u c\u00e0 ri<\/strong>: D\u00f9 t\u00ean l\u00e0 c\u00e0 ri cua, b\u1ea1n v\u1eabn c\u00f3 th\u1ec3 th\u1eed d\u00f9ng b\u1ed9t n\u00e0y cho m\u00f3n c\u00e0 ri g\u00e0 ho\u1eb7c b\u00f2 \u0111\u1ec3 t\u1ea1o h\u01b0\u01a1ng v\u1ecb l\u1ea1 mi\u1ec7ng, h\u1ea5p d\u1eabn.<\/li>\n<\/ul>\n<h2>Mua Ngay B\u1ed9t Gia V\u1ecb C\u00e0 Ri Cua &#8211; Tr\u1ea3i Nghi\u1ec7m H\u01b0\u01a1ng V\u1ecb \u0110\u00edch Th\u1ef1c!<\/h2>\n<p>\u0110\u1eebng \u0111\u1ec3 s\u1ef1 ph\u1ee9c t\u1ea1p c\u1ee7a vi\u1ec7c chu\u1ea9n b\u1ecb gia v\u1ecb ng\u0103n c\u1ea3n b\u1ea1n th\u01b0\u1edfng th\u1ee9c m\u00f3n c\u00e0 ri cua y\u00eau th\u00edch. V\u1edbi B\u1ed9t Gia V\u1ecb C\u00e0 Ri Cua c\u1ee7a ch\u00fang t\u00f4i, b\u1ea1n s\u1ebd d\u1ec5 d\u00e0ng t\u1ea1o ra nh\u1eefng b\u1eefa \u0103n th\u01a1m ngon, h\u1ea5p d\u1eabn, chu\u1ea9n v\u1ecb nh\u00e0 h\u00e0ng ngay t\u1ea1i ch\u00ednh c\u0103n b\u1ebfp c\u1ee7a m\u00ecnh.<\/p>\n<p style=\"text-align: center;\">\u0110\u1eb7t mua ngay h\u00f4m nay \u0111\u1ec3 mang h\u01b0\u01a1ng v\u1ecb bi\u1ec3n c\u1ea3 \u0111\u1eadm \u0111\u00e0 v\u1ec1 cho gia \u0111\u00ecnh b\u1ea1n!<\/p>","protected":false},"excerpt":{"rendered":"<p><strong>Ingredient:<\/strong>\u00a0\u0110\u01b0\u1eddng, mu\u1ed1i, th\u00ec l\u00e0, c\u00e0 ri, ti\u00eau, t\u1ecfi \u1edbt, \u0111\u1ea1m th\u1ef1c v\u1eadt, b\u1ed9t whey, h\u01b0\u01a1ng v\u1ecb c\u00e0 ri cua<\/p>","protected":false},"featured_media":9951,"comment_status":"open","ping_status":"closed","template":"","meta":[],"product_cat":[446],"product_tag":[],"class_list":{"0":"post-9950","1":"product","2":"type-product","3":"status-publish","4":"has-post-thumbnail","6":"product_cat-bot-gia-vi","8":"first","9":"instock","10":"shipping-taxable","11":"product-type-simple"},"yoast_head":"<!-- This site is optimized with the Yoast SEO plugin v25.7 - https:\/\/yoast.com\/wordpress\/plugins\/seo\/ -->\n<title>B\u1ed9t gia v\u1ecb C\u00e0 Ri Cua - Bamboo Freeze Drying<\/title>\n<meta name=\"robots\" content=\"index, follow, max-snippet:-1, max-image-preview:large, max-video-preview:-1\" \/>\n<link rel=\"canonical\" href=\"https:\/\/bamboovipfood.com\/en\/product\/crab-curry-seasoning-powder\/\" \/>\n<meta property=\"og:locale\" content=\"en_US\" \/>\n<meta property=\"og:type\" content=\"article\" \/>\n<meta property=\"og:title\" content=\"B\u1ed9t gia v\u1ecb C\u00e0 Ri Cua - Bamboo Freeze Drying\" \/>\n<meta property=\"og:description\" content=\"Th\u00e0nh ph\u1ea7n:\u00a0\u0110\u01b0\u1eddng, mu\u1ed1i, th\u00ec l\u00e0, c\u00e0 ri, ti\u00eau, t\u1ecfi \u1edbt, \u0111\u1ea1m th\u1ef1c v\u1eadt, b\u1ed9t whey, h\u01b0\u01a1ng v\u1ecb c\u00e0 ri cua\" \/>\n<meta property=\"og:url\" content=\"https:\/\/bamboovipfood.com\/en\/product\/crab-curry-seasoning-powder\/\" \/>\n<meta property=\"og:site_name\" content=\"Bamboo Freeze Drying\" \/>\n<meta property=\"article:modified_time\" content=\"2025-06-20T04:28:23+00:00\" \/>\n<meta property=\"og:image\" content=\"https:\/\/bamboovipfood.com\/wp-content\/uploads\/2025\/06\/bot-gia-vi-ca-ri-cua.png\" \/>\n\t<meta property=\"og:image:width\" content=\"1024\" \/>\n\t<meta property=\"og:image:height\" content=\"1024\" \/>\n\t<meta property=\"og:image:type\" content=\"image\/png\" \/>\n<meta name=\"twitter:card\" content=\"summary_large_image\" \/>\n<meta name=\"twitter:label1\" content=\"Est. reading time\" \/>\n\t<meta name=\"twitter:data1\" content=\"4 minutes\" \/>\n<script type=\"application\/ld+json\" class=\"yoast-schema-graph\">{\"@context\":\"https:\/\/schema.org\",\"@graph\":[{\"@type\":\"WebPage\",\"@id\":\"https:\/\/bamboovipfood.com\/san-pham\/bot-gia-vi-ca-ri-cua\/\",\"url\":\"https:\/\/bamboovipfood.com\/san-pham\/bot-gia-vi-ca-ri-cua\/\",\"name\":\"B\u1ed9t gia v\u1ecb C\u00e0 Ri Cua - Bamboo Freeze Drying\",\"isPartOf\":{\"@id\":\"https:\/\/bamboovipfood.com\/#website\"},\"primaryImageOfPage\":{\"@id\":\"https:\/\/bamboovipfood.com\/san-pham\/bot-gia-vi-ca-ri-cua\/#primaryimage\"},\"image\":{\"@id\":\"https:\/\/bamboovipfood.com\/san-pham\/bot-gia-vi-ca-ri-cua\/#primaryimage\"},\"thumbnailUrl\":\"https:\/\/bamboovipfood.com\/wp-content\/uploads\/2025\/06\/bot-gia-vi-ca-ri-cua.png\",\"datePublished\":\"2025-06-20T04:25:46+00:00\",\"dateModified\":\"2025-06-20T04:28:23+00:00\",\"breadcrumb\":{\"@id\":\"https:\/\/bamboovipfood.com\/san-pham\/bot-gia-vi-ca-ri-cua\/#breadcrumb\"},\"inLanguage\":\"en-US\",\"potentialAction\":[{\"@type\":\"ReadAction\",\"target\":[\"https:\/\/bamboovipfood.com\/san-pham\/bot-gia-vi-ca-ri-cua\/\"]}]},{\"@type\":\"ImageObject\",\"inLanguage\":\"en-US\",\"@id\":\"https:\/\/bamboovipfood.com\/san-pham\/bot-gia-vi-ca-ri-cua\/#primaryimage\",\"url\":\"https:\/\/bamboovipfood.com\/wp-content\/uploads\/2025\/06\/bot-gia-vi-ca-ri-cua.png\",\"contentUrl\":\"https:\/\/bamboovipfood.com\/wp-content\/uploads\/2025\/06\/bot-gia-vi-ca-ri-cua.png\",\"width\":1024,\"height\":1024,\"caption\":\"B\u1ed9t gia v\u1ecb C\u00e0 Ri Cua\"},{\"@type\":\"BreadcrumbList\",\"@id\":\"https:\/\/bamboovipfood.com\/san-pham\/bot-gia-vi-ca-ri-cua\/#breadcrumb\",\"itemListElement\":[{\"@type\":\"ListItem\",\"position\":1,\"name\":\"Trang ch\u1ee7\",\"item\":\"https:\/\/bamboovipfood.com\/\"},{\"@type\":\"ListItem\",\"position\":2,\"name\":\"Shop\",\"item\":\"https:\/\/bamboovipfood.com\/shop\/\"},{\"@type\":\"ListItem\",\"position\":3,\"name\":\"B\u1ed9t gia v\u1ecb C\u00e0 Ri Cua\"}]},{\"@type\":\"WebSite\",\"@id\":\"https:\/\/bamboovipfood.com\/#website\",\"url\":\"https:\/\/bamboovipfood.com\/\",\"name\":\"Bamboo Freeze Drying\",\"description\":\"Nh\u00e0 cung \u1ee9ng s\u1ea3n ph\u1ea9m s\u1ea5y th\u0103ng hoa h\u00e0ng \u0111\u1ea7u\",\"publisher\":{\"@id\":\"https:\/\/bamboovipfood.com\/#organization\"},\"potentialAction\":[{\"@type\":\"SearchAction\",\"target\":{\"@type\":\"EntryPoint\",\"urlTemplate\":\"https:\/\/bamboovipfood.com\/?s={search_term_string}\"},\"query-input\":{\"@type\":\"PropertyValueSpecification\",\"valueRequired\":true,\"valueName\":\"search_term_string\"}}],\"inLanguage\":\"en-US\"},{\"@type\":\"Organization\",\"@id\":\"https:\/\/bamboovipfood.com\/#organization\",\"name\":\"Bamboo Freeze Drying\",\"url\":\"https:\/\/bamboovipfood.com\/\",\"logo\":{\"@type\":\"ImageObject\",\"inLanguage\":\"en-US\",\"@id\":\"https:\/\/bamboovipfood.com\/#\/schema\/logo\/image\/\",\"url\":\"https:\/\/bamboovipfood.com\/wp-content\/uploads\/2020\/08\/Logo-Bamboo-Freeze-Dry-Dark.png\",\"contentUrl\":\"https:\/\/bamboovipfood.com\/wp-content\/uploads\/2020\/08\/Logo-Bamboo-Freeze-Dry-Dark.png\",\"width\":500,\"height\":189,\"caption\":\"Bamboo Freeze Drying\"},\"image\":{\"@id\":\"https:\/\/bamboovipfood.com\/#\/schema\/logo\/image\/\"}}]}<\/script>\n<!-- \/ Yoast SEO plugin. -->","yoast_head_json":{"title":"B\u1ed9t gia v\u1ecb C\u00e0 Ri Cua - Bamboo Freeze Drying","robots":{"index":"index","follow":"follow","max-snippet":"max-snippet:-1","max-image-preview":"max-image-preview:large","max-video-preview":"max-video-preview:-1"},"canonical":"https:\/\/bamboovipfood.com\/en\/product\/crab-curry-seasoning-powder\/","og_locale":"en_US","og_type":"article","og_title":"B\u1ed9t gia v\u1ecb C\u00e0 Ri Cua - Bamboo Freeze Drying","og_description":"Th\u00e0nh ph\u1ea7n:\u00a0\u0110\u01b0\u1eddng, mu\u1ed1i, th\u00ec l\u00e0, c\u00e0 ri, ti\u00eau, t\u1ecfi \u1edbt, \u0111\u1ea1m th\u1ef1c v\u1eadt, b\u1ed9t whey, h\u01b0\u01a1ng v\u1ecb c\u00e0 ri cua","og_url":"https:\/\/bamboovipfood.com\/en\/product\/crab-curry-seasoning-powder\/","og_site_name":"Bamboo Freeze Drying","article_modified_time":"2025-06-20T04:28:23+00:00","og_image":[{"width":1024,"height":1024,"url":"https:\/\/bamboovipfood.com\/wp-content\/uploads\/2025\/06\/bot-gia-vi-ca-ri-cua.png","type":"image\/png"}],"twitter_card":"summary_large_image","twitter_misc":{"Est. reading time":"4 minutes"},"schema":{"@context":"https:\/\/schema.org","@graph":[{"@type":"WebPage","@id":"https:\/\/bamboovipfood.com\/san-pham\/bot-gia-vi-ca-ri-cua\/","url":"https:\/\/bamboovipfood.com\/san-pham\/bot-gia-vi-ca-ri-cua\/","name":"B\u1ed9t gia v\u1ecb C\u00e0 Ri Cua - Bamboo Freeze Drying","isPartOf":{"@id":"https:\/\/bamboovipfood.com\/#website"},"primaryImageOfPage":{"@id":"https:\/\/bamboovipfood.com\/san-pham\/bot-gia-vi-ca-ri-cua\/#primaryimage"},"image":{"@id":"https:\/\/bamboovipfood.com\/san-pham\/bot-gia-vi-ca-ri-cua\/#primaryimage"},"thumbnailUrl":"https:\/\/bamboovipfood.com\/wp-content\/uploads\/2025\/06\/bot-gia-vi-ca-ri-cua.png","datePublished":"2025-06-20T04:25:46+00:00","dateModified":"2025-06-20T04:28:23+00:00","breadcrumb":{"@id":"https:\/\/bamboovipfood.com\/san-pham\/bot-gia-vi-ca-ri-cua\/#breadcrumb"},"inLanguage":"en-US","potentialAction":[{"@type":"ReadAction","target":["https:\/\/bamboovipfood.com\/san-pham\/bot-gia-vi-ca-ri-cua\/"]}]},{"@type":"ImageObject","inLanguage":"en-US","@id":"https:\/\/bamboovipfood.com\/san-pham\/bot-gia-vi-ca-ri-cua\/#primaryimage","url":"https:\/\/bamboovipfood.com\/wp-content\/uploads\/2025\/06\/bot-gia-vi-ca-ri-cua.png","contentUrl":"https:\/\/bamboovipfood.com\/wp-content\/uploads\/2025\/06\/bot-gia-vi-ca-ri-cua.png","width":1024,"height":1024,"caption":"B\u1ed9t gia v\u1ecb C\u00e0 Ri Cua"},{"@type":"BreadcrumbList","@id":"https:\/\/bamboovipfood.com\/san-pham\/bot-gia-vi-ca-ri-cua\/#breadcrumb","itemListElement":[{"@type":"ListItem","position":1,"name":"Trang ch\u1ee7","item":"https:\/\/bamboovipfood.com\/"},{"@type":"ListItem","position":2,"name":"Shop","item":"https:\/\/bamboovipfood.com\/shop\/"},{"@type":"ListItem","position":3,"name":"B\u1ed9t gia v\u1ecb C\u00e0 Ri Cua"}]},{"@type":"WebSite","@id":"https:\/\/bamboovipfood.com\/#website","url":"https:\/\/bamboovipfood.com\/","name":"Bamboo Freeze Drying","description":"Nh\u00e0 cung \u1ee9ng s\u1ea3n ph\u1ea9m s\u1ea5y th\u0103ng hoa h\u00e0ng \u0111\u1ea7u","publisher":{"@id":"https:\/\/bamboovipfood.com\/#organization"},"potentialAction":[{"@type":"SearchAction","target":{"@type":"EntryPoint","urlTemplate":"https:\/\/bamboovipfood.com\/?s={search_term_string}"},"query-input":{"@type":"PropertyValueSpecification","valueRequired":true,"valueName":"search_term_string"}}],"inLanguage":"en-US"},{"@type":"Organization","@id":"https:\/\/bamboovipfood.com\/#organization","name":"Bamboo Freeze Drying","url":"https:\/\/bamboovipfood.com\/","logo":{"@type":"ImageObject","inLanguage":"en-US","@id":"https:\/\/bamboovipfood.com\/#\/schema\/logo\/image\/","url":"https:\/\/bamboovipfood.com\/wp-content\/uploads\/2020\/08\/Logo-Bamboo-Freeze-Dry-Dark.png","contentUrl":"https:\/\/bamboovipfood.com\/wp-content\/uploads\/2020\/08\/Logo-Bamboo-Freeze-Dry-Dark.png","width":500,"height":189,"caption":"Bamboo Freeze Drying"},"image":{"@id":"https:\/\/bamboovipfood.com\/#\/schema\/logo\/image\/"}}]}},"_links":{"self":[{"href":"https:\/\/bamboovipfood.com\/en\/wp-json\/wp\/v2\/product\/9950","targetHints":{"allow":["GET"]}}],"collection":[{"href":"https:\/\/bamboovipfood.com\/en\/wp-json\/wp\/v2\/product"}],"about":[{"href":"https:\/\/bamboovipfood.com\/en\/wp-json\/wp\/v2\/types\/product"}],"replies":[{"embeddable":true,"href":"https:\/\/bamboovipfood.com\/en\/wp-json\/wp\/v2\/comments?post=9950"}],"wp:featuredmedia":[{"embeddable":true,"href":"https:\/\/bamboovipfood.com\/en\/wp-json\/wp\/v2\/media\/9951"}],"wp:attachment":[{"href":"https:\/\/bamboovipfood.com\/en\/wp-json\/wp\/v2\/media?parent=9950"}],"wp:term":[{"taxonomy":"product_cat","embeddable":true,"href":"https:\/\/bamboovipfood.com\/en\/wp-json\/wp\/v2\/product_cat?post=9950"},{"taxonomy":"product_tag","embeddable":true,"href":"https:\/\/bamboovipfood.com\/en\/wp-json\/wp\/v2\/product_tag?post=9950"}],"curies":[{"name":"wp","href":"https:\/\/api.w.org\/{rel}","templated":true}]}}