{"id":9947,"date":"2025-06-20T04:01:58","date_gmt":"2025-06-20T04:01:58","guid":{"rendered":"https:\/\/bamboovipfood.com\/?post_type=product&#038;p=9947"},"modified":"2025-06-20T04:25:34","modified_gmt":"2025-06-20T04:25:34","slug":"bot-gia-vi-xi-muoi","status":"publish","type":"product","link":"https:\/\/bamboovipfood.com\/en\/product\/premium-sour-plum-seasoning-powder\/","title":{"rendered":"Salty Plum Seasoning Powder"},"content":{"rendered":"<p>B\u1ea1n l\u00e0 t\u00edn \u0111\u1ed3 c\u1ee7a c\u00e1c m\u00f3n \u0103n v\u1eb7t, tr\u00e1i c\u00e2y t\u01b0\u01a1i hay \u0111\u1ed3 chua? B\u1ea1n mu\u1ed1n t\u00ecm m\u1ed9t lo\u1ea1i gia v\u1ecb \u0111\u1ed9c \u0111\u00e1o, gi\u00fap nh\u1eefng m\u00f3n n\u00e0y tr\u1edf n\u00ean b\u00f9ng v\u1ecb, h\u1ea5p d\u1eabn h\u01a1n g\u1ea5p b\u1ed9i?. H\u00e3y \u0111\u1ec3 B\u1ed9t Gia V\u1ecb X\u00ed Mu\u1ed9i c\u1ee7a ch\u00fang t\u00f4i tr\u1edf th\u00e0nh &#8220;ng\u01b0\u1eddi b\u1ea1n \u0111\u1ed3ng h\u00e0nh&#8221; kh\u00f4ng th\u1ec3 thi\u1ebfu trong b\u1ebfp nh\u00e0 b\u1ea1n!<\/p>\n<p>V\u1edbi s\u1ef1 k\u1ebft h\u1ee3p tinh t\u1ebf gi\u1eefa v\u1ecb chua, m\u1eb7n, ng\u1ecdt h\u00e0i h\u00f2a c\u00f9ng h\u01b0\u01a1ng th\u01a1m \u0111\u1eb7c tr\u01b0ng c\u1ee7a x\u00ed mu\u1ed9i. S\u1ea3n ph\u1ea9m n\u00e0y kh\u00f4ng ch\u1ec9 \u0111\u00e1nh th\u1ee9c m\u1ecdi gi\u00e1c quan m\u00e0 c\u00f2n bi\u1ebfn h\u00f3a nh\u1eefng m\u00f3n \u0103n quen thu\u1ed9c tr\u1edf n\u00ean kh\u00f3 c\u01b0\u1ee1ng.<\/p>\n<h2>\u0110\u1eb7c \u0111i\u1ec3m n\u1ed5i b\u1eadt c\u1ee7a b\u1ed9t gia v\u1ecb x\u00ed mu\u1ed9i<\/h2>\n<ul>\n<li><strong>H\u01b0\u01a1ng v\u1ecb \u0111\u1eadm \u0111\u00e0 kh\u00f3 qu\u00ean<\/strong>: S\u1ef1 pha tr\u1ed9n ho\u00e0n h\u1ea3o gi\u1eefa v\u1ecb chua nh\u1eb9 c\u1ee7a \u00f4 mai, v\u1ecb m\u1eb7n c\u1ee7a mu\u1ed1i v\u00e0 ch\u00fat ng\u1ecdt d\u1ecbu, t\u1ea1o n\u00ean m\u1ed9t b\u1ea3n giao h\u01b0\u1edfng v\u1ecb gi\u00e1c kh\u00f3 c\u01b0\u1ee1ng. M\u00f9i th\u01a1m n\u1ed3ng n\u00e0n, \u0111\u1eb7c tr\u01b0ng c\u1ee7a x\u00ed mu\u1ed9i s\u1ebd l\u00e0m b\u1ea1n &#8220;th\u00e8m&#8221; ngay l\u1eadp t\u1ee9c.<\/li>\n<li><strong>D\u1ea1ng b\u1ed9t si\u00eau m\u1ecbn, d\u1ec5 d\u00e0ng s\u1eed d\u1ee5ng<\/strong>: S\u1ea3n ph\u1ea9m \u0111\u01b0\u1ee3c nghi\u1ec1n m\u1ecbn t\u1ed1i \u0111a, gi\u00fap b\u1ed9t b\u00e1m \u0111\u1ec1u v\u00e0o th\u1ef1c ph\u1ea9m, tan nhanh v\u00e0 d\u1ec5 d\u00e0ng \u0111i\u1ec1u ch\u1ec9nh l\u01b0\u1ee3ng d\u00f9ng theo \u00fd mu\u1ed1n.<\/li>\n<li><strong>\u0110a n\u0103ng \u1ee9ng d\u1ee5ng<\/strong>: Kh\u00f4ng ch\u1ec9 g\u00f3i g\u1ecdn trong vi\u1ec7c ch\u1ea5m tr\u00e1i c\u00e2y, b\u1ed9t gia v\u1ecb x\u00ed mu\u1ed9i c\u00f2n c\u00f3 th\u1ec3 d\u00f9ng \u0111\u1ec3 t\u1ea9m \u01b0\u1edbp, r\u1eafc l\u00ean nhi\u1ec1u m\u00f3n \u0103n, mang l\u1ea1i s\u1ef1 s\u00e1ng t\u1ea1o kh\u00f4ng gi\u1edbi h\u1ea1n trong \u1ea9m th\u1ef1c.<\/li>\n<li><strong>Ch\u1ea5t l\u01b0\u1ee3ng \u0111\u1ea3m b\u1ea3o<\/strong>: S\u1ea3n ph\u1ea9m \u0111\u01b0\u1ee3c s\u1ea3n xu\u1ea5t t\u1eeb nguy\u00ean li\u1ec7u ch\u1ecdn l\u1ecdc, tr\u1ea3i qua quy tr\u00ecnh ki\u1ec3m so\u00e1t ch\u1ea5t l\u01b0\u1ee3ng nghi\u00eam ng\u1eb7t, \u0111\u1ea3m b\u1ea3o an to\u00e0n v\u1ec7 sinh th\u1ef1c ph\u1ea9m v\u00e0 h\u01b0\u01a1ng v\u1ecb chu\u1ea9n nh\u1ea5t.<\/li>\n<li><strong>Ti\u1ec7n l\u1ee3i &amp; d\u1ec5 b\u1ea3o qu\u1ea3n<\/strong>: \u0110\u00f3ng g\u00f3i nh\u1ecf g\u1ecdn, d\u1ec5 d\u00e0ng mang theo v\u00e0 b\u1ea3o qu\u1ea3n trong c\u0103n b\u1ebfp gia \u0111\u00ecnh.<\/li>\n<\/ul>\n<h2>\u1ee8ng d\u1ee5ng \u0111a d\u1ea1ng b\u1ed9t gia v\u1ecb x\u00ed mu\u1ed9i<\/h2>\n<p>V\u1edbi b\u1ed9t gia v\u1ecb c\u00f3 th\u00e0nh ph\u1ea7n x\u00ed mu\u1ed9i, b\u1ea1n c\u00f3 th\u1ec3 bi\u1ebfn h\u00f3a h\u00e0ng lo\u1ea1t m\u00f3n \u0103n, \u0111\u1ed3 u\u1ed1ng quen thu\u1ed9c tr\u1edf n\u00ean l\u00f4i cu\u1ed1n:<\/p>\n<ul>\n<li><strong>Ch\u1ea5m tr\u00e1i c\u00e2y t\u01b0\u01a1i<\/strong>: \u0110\u00e2y l\u00e0 \u1ee9ng d\u1ee5ng kinh \u0111i\u1ec3n! B\u1ed9t x\u00ed mu\u1ed9i s\u1ebd l\u00e0m d\u1eady l\u00ean v\u1ecb chua ng\u1ecdt c\u1ee7a c\u00e1c lo\u1ea1i tr\u00e1i c\u00e2y nh\u01b0 xo\u00e0i xanh, c\u00f3c, \u1ed5i, m\u1eadn, d\u1ee9a, mang l\u1ea1i tr\u1ea3i nghi\u1ec7m v\u1ecb gi\u00e1c b\u00f9ng n\u1ed5.<\/li>\n<li><strong>R\u1eafc l\u00ean \u0111\u1ed3 \u0103n v\u1eb7t<\/strong>: Tuy\u1ec7t v\u1eddi cho khoai t\u00e2y chi\u00ean, khoai lang chi\u00ean, b\u1eafp rang b\u01a1, b\u00e1nh g\u1ea1o chi\u00ean, ho\u1eb7c c\u00e1c m\u00f3n snack kh\u00e1c. Ch\u1ec9 c\u1ea7n m\u1ed9t l\u1edbp b\u1ed9t m\u1ecfng, m\u00f3n \u0103n s\u1ebd tr\u1edf n\u00ean h\u1ea5p d\u1eabn h\u01a1n h\u1eb3n.<\/li>\n<li><strong>Pha n\u01b0\u1edbc ch\u1ea5m\/s\u1ed1t ch\u1ea5m<\/strong>: Pha c\u00f9ng m\u1ed9t ch\u00fat \u0111\u01b0\u1eddng, \u1edbt b\u1ed9t, ho\u1eb7c n\u01b0\u1edbc c\u1ed1t t\u1eafc \u0111\u1ec3 t\u1ea1o ra nh\u1eefng lo\u1ea1i n\u01b0\u1edbc ch\u1ea5m \u0111\u1ed9c \u0111\u00e1o cho h\u1ea3i s\u1ea3n n\u01b0\u1edbng, \u0111\u1ed3 lu\u1ed9c ho\u1eb7c g\u1ecfi.<\/li>\n<li><strong>T\u1ea9m \u01b0\u1edbp m\u00f3n \u0103n<\/strong>: S\u1eed d\u1ee5ng m\u1ed9t l\u01b0\u1ee3ng nh\u1ecf \u0111\u1ec3 t\u1ea9m \u01b0\u1edbp c\u00e1c m\u00f3n n\u01b0\u1edbng, chi\u00ean x\u00e0o, gi\u00fap t\u0103ng th\u00eam h\u01b0\u01a1ng v\u1ecb l\u1ea1 mi\u1ec7ng v\u00e0 k\u00edch th\u00edch v\u1ecb gi\u00e1c.<\/li>\n<li><strong>Pha ch\u1ebf \u0111\u1ed3 u\u1ed1ng<\/strong>: Th\u00eam v\u00e0o m\u1ed9t s\u1ed1 lo\u1ea1i \u0111\u1ed3 u\u1ed1ng nh\u01b0 tr\u00e0 t\u1eafc x\u00ed mu\u1ed9i, n\u01b0\u1edbc \u00e9p tr\u00e1i c\u00e2y \u0111\u1ec3 t\u1ea1o \u0111i\u1ec3m nh\u1ea5n chua ng\u1ecdt m\u1eb7n \u0111\u1ed9c \u0111\u00e1o.<\/li>\n<\/ul>\n<h2>C\u00e1ch s\u1eed d\u1ee5ng \u0111\u01a1n gi\u1ea3n khi k\u1ebft h\u1ee3p v\u1edbi b\u1ed9t x\u00ed mu\u1ed9i<\/h2>\n<p><strong>Vi\u1ec7c s\u1eed d\u1ee5ng b\u1ed9t x\u00ed mu\u1ed9i v\u00f4 c\u00f9ng d\u1ec5 d\u00e0ng:<\/strong><\/p>\n<ul>\n<li><strong>Ch\u1ea5m tr\u1ef1c ti\u1ebfp<\/strong>: R\u1eafc m\u1ed9t l\u01b0\u1ee3ng b\u1ed9t v\u1eeba \u0111\u1ee7 ra \u0111\u0129a nh\u1ecf v\u00e0 d\u00f9ng \u0111\u1ec3 ch\u1ea5m c\u00e1c lo\u1ea1i tr\u00e1i c\u00e2y t\u01b0\u01a1i ho\u1eb7c \u0111\u1ed3 \u0103n v\u1eb7t.<\/li>\n<li><strong>R\u1eafc \u0111\u1ec1u<\/strong>: R\u1eafc tr\u1ef1c ti\u1ebfp l\u00ean b\u1ec1 m\u1eb7t th\u1ef1c ph\u1ea9m \u0111\u00e3 ch\u1ebf bi\u1ebfn (nh\u01b0 khoai t\u00e2y chi\u00ean) v\u00e0 tr\u1ed9n \u0111\u1ec1u cho b\u1ed9t b\u00e1m v\u00e0o.<\/li>\n<li><strong>Pha ch\u1ebf<\/strong>: Pha theo c\u00f4ng th\u1ee9c ri\u00eang c\u1ee7a b\u1ea1n cho c\u00e1c m\u00f3n n\u01b0\u1edbc ch\u1ea5m, s\u1ed1t, ho\u1eb7c \u0111\u1ed3 u\u1ed1ng.<\/li>\n<\/ul>\n<h2>Mua ngay b\u1ed9t Gia V\u1ecb X\u00ed Mu\u1ed9i &#8211; \u0110\u00e1nh Th\u1ee9c V\u1ecb Gi\u00e1c B\u1ea1n!<\/h2>\n<p>\u0110\u1eebng b\u1ecf l\u1ee1 c\u01a1 h\u1ed9i bi\u1ebfn nh\u1eefng m\u00f3n \u0103n \u0111\u01a1n gi\u1ea3n tr\u1edf th\u00e0nh tuy\u1ec7t ph\u1ea9m h\u01b0\u01a1ng v\u1ecb!. <a href=\"https:\/\/bamboovipfood.com\/en\/product-category\/spice-powders\/\">Seasoning Powder<\/a> X\u00ed Mu\u1ed9i kh\u00f4ng ch\u1ec9 l\u00e0 gia v\u1ecb, m\u00e0 c\u00f2n l\u00e0 &#8220;linh h\u1ed3n&#8221; mang \u0111\u1ebfn s\u1ef1 ph\u1ea5n kh\u00edch cho m\u1ed7i b\u1eefa \u0103n v\u1eb7t.<\/p>\n<p style=\"text-align: center;\">\u0110\u1eb7t mua ngay h\u00f4m nay \u0111\u1ec3 s\u1eb5n s\u00e0ng b\u00f9ng n\u1ed5 v\u1ecb gi\u00e1c v\u1edbi h\u01b0\u01a1ng v\u1ecb x\u00ed mu\u1ed9i chu\u1ea9n ngon, chu\u1ea9n ch\u1ea5t!<\/p>","protected":false},"excerpt":{"rendered":"<p>B\u1ea1n l\u00e0 t\u00edn \u0111\u1ed3 c\u1ee7a c\u00e1c m\u00f3n \u0103n v\u1eb7t, tr\u00e1i c\u00e2y t\u01b0\u01a1i hay \u0111\u1ed3 chua? B\u1ea1n mu\u1ed1n t\u00ecm m\u1ed9t lo\u1ea1i gia v\u1ecb \u0111\u1ed9c \u0111\u00e1o, gi\u00fap nh\u1eefng m\u00f3n n\u00e0y tr\u1edf n\u00ean b\u00f9ng v\u1ecb, h\u1ea5p d\u1eabn h\u01a1n g\u1ea5p b\u1ed9i?. H\u00e3y \u0111\u1ec3 B\u1ed9t Gia V\u1ecb X\u00ed Mu\u1ed9i c\u1ee7a ch\u00fang t\u00f4i tr\u1edf th\u00e0nh &#8220;ng\u01b0\u1eddi b\u1ea1n \u0111\u1ed3ng h\u00e0nh&#8221; kh\u00f4ng th\u1ec3 [&hellip;]<\/p>","protected":false},"featured_media":9948,"comment_status":"open","ping_status":"closed","template":"","meta":[],"product_cat":[446],"product_tag":[],"class_list":{"0":"post-9947","1":"product","2":"type-product","3":"status-publish","4":"has-post-thumbnail","6":"product_cat-bot-gia-vi","8":"first","9":"instock","10":"shipping-taxable","11":"product-type-simple"},"yoast_head":"<!-- This site is optimized with the Yoast SEO plugin v25.7 - https:\/\/yoast.com\/wordpress\/plugins\/seo\/ -->\n<title>B\u1ed9t gia v\u1ecb x\u00ed mu\u1ed9i - Bamboo Freeze Drying<\/title>\n<meta name=\"robots\" content=\"index, follow, max-snippet:-1, max-image-preview:large, max-video-preview:-1\" \/>\n<link rel=\"canonical\" href=\"https:\/\/bamboovipfood.com\/en\/product\/premium-sour-plum-seasoning-powder\/\" \/>\n<meta property=\"og:locale\" content=\"en_US\" \/>\n<meta property=\"og:type\" content=\"article\" \/>\n<meta property=\"og:title\" content=\"B\u1ed9t gia v\u1ecb x\u00ed mu\u1ed9i - Bamboo Freeze Drying\" \/>\n<meta property=\"og:description\" content=\"B\u1ea1n l\u00e0 t\u00edn \u0111\u1ed3 c\u1ee7a c\u00e1c m\u00f3n \u0103n v\u1eb7t, tr\u00e1i c\u00e2y t\u01b0\u01a1i hay \u0111\u1ed3 chua? B\u1ea1n mu\u1ed1n t\u00ecm m\u1ed9t lo\u1ea1i gia v\u1ecb \u0111\u1ed9c \u0111\u00e1o, gi\u00fap nh\u1eefng m\u00f3n n\u00e0y tr\u1edf n\u00ean b\u00f9ng v\u1ecb, h\u1ea5p d\u1eabn h\u01a1n g\u1ea5p b\u1ed9i?. H\u00e3y \u0111\u1ec3 B\u1ed9t Gia V\u1ecb X\u00ed Mu\u1ed9i c\u1ee7a ch\u00fang t\u00f4i tr\u1edf th\u00e0nh &#8220;ng\u01b0\u1eddi b\u1ea1n \u0111\u1ed3ng h\u00e0nh&#8221; kh\u00f4ng th\u1ec3 [&hellip;]\" \/>\n<meta property=\"og:url\" content=\"https:\/\/bamboovipfood.com\/en\/product\/premium-sour-plum-seasoning-powder\/\" \/>\n<meta property=\"og:site_name\" content=\"Bamboo Freeze Drying\" \/>\n<meta property=\"article:modified_time\" content=\"2025-06-20T04:25:34+00:00\" \/>\n<meta property=\"og:image\" content=\"https:\/\/bamboovipfood.com\/wp-content\/uploads\/2025\/06\/bot-gia-vi-xi-muoi.png\" \/>\n\t<meta property=\"og:image:width\" content=\"1024\" \/>\n\t<meta property=\"og:image:height\" content=\"1024\" \/>\n\t<meta property=\"og:image:type\" content=\"image\/png\" \/>\n<meta name=\"twitter:card\" content=\"summary_large_image\" \/>\n<meta name=\"twitter:label1\" content=\"Est. reading time\" \/>\n\t<meta name=\"twitter:data1\" content=\"4 minutes\" \/>\n<script type=\"application\/ld+json\" class=\"yoast-schema-graph\">{\"@context\":\"https:\/\/schema.org\",\"@graph\":[{\"@type\":\"WebPage\",\"@id\":\"https:\/\/bamboovipfood.com\/san-pham\/bot-gia-vi-xi-muoi\/\",\"url\":\"https:\/\/bamboovipfood.com\/san-pham\/bot-gia-vi-xi-muoi\/\",\"name\":\"B\u1ed9t gia v\u1ecb x\u00ed mu\u1ed9i - Bamboo Freeze Drying\",\"isPartOf\":{\"@id\":\"https:\/\/bamboovipfood.com\/#website\"},\"primaryImageOfPage\":{\"@id\":\"https:\/\/bamboovipfood.com\/san-pham\/bot-gia-vi-xi-muoi\/#primaryimage\"},\"image\":{\"@id\":\"https:\/\/bamboovipfood.com\/san-pham\/bot-gia-vi-xi-muoi\/#primaryimage\"},\"thumbnailUrl\":\"https:\/\/bamboovipfood.com\/wp-content\/uploads\/2025\/06\/bot-gia-vi-xi-muoi.png\",\"datePublished\":\"2025-06-20T04:01:58+00:00\",\"dateModified\":\"2025-06-20T04:25:34+00:00\",\"breadcrumb\":{\"@id\":\"https:\/\/bamboovipfood.com\/san-pham\/bot-gia-vi-xi-muoi\/#breadcrumb\"},\"inLanguage\":\"en-US\",\"potentialAction\":[{\"@type\":\"ReadAction\",\"target\":[\"https:\/\/bamboovipfood.com\/san-pham\/bot-gia-vi-xi-muoi\/\"]}]},{\"@type\":\"ImageObject\",\"inLanguage\":\"en-US\",\"@id\":\"https:\/\/bamboovipfood.com\/san-pham\/bot-gia-vi-xi-muoi\/#primaryimage\",\"url\":\"https:\/\/bamboovipfood.com\/wp-content\/uploads\/2025\/06\/bot-gia-vi-xi-muoi.png\",\"contentUrl\":\"https:\/\/bamboovipfood.com\/wp-content\/uploads\/2025\/06\/bot-gia-vi-xi-muoi.png\",\"width\":1024,\"height\":1024,\"caption\":\"b\u1ed9t gia v\u1ecb x\u00ed mu\u1ed9i\"},{\"@type\":\"BreadcrumbList\",\"@id\":\"https:\/\/bamboovipfood.com\/san-pham\/bot-gia-vi-xi-muoi\/#breadcrumb\",\"itemListElement\":[{\"@type\":\"ListItem\",\"position\":1,\"name\":\"Trang ch\u1ee7\",\"item\":\"https:\/\/bamboovipfood.com\/\"},{\"@type\":\"ListItem\",\"position\":2,\"name\":\"Shop\",\"item\":\"https:\/\/bamboovipfood.com\/shop\/\"},{\"@type\":\"ListItem\",\"position\":3,\"name\":\"B\u1ed9t gia v\u1ecb x\u00ed mu\u1ed9i\"}]},{\"@type\":\"WebSite\",\"@id\":\"https:\/\/bamboovipfood.com\/#website\",\"url\":\"https:\/\/bamboovipfood.com\/\",\"name\":\"Bamboo Freeze Drying\",\"description\":\"Nh\u00e0 cung \u1ee9ng s\u1ea3n ph\u1ea9m s\u1ea5y th\u0103ng hoa h\u00e0ng \u0111\u1ea7u\",\"publisher\":{\"@id\":\"https:\/\/bamboovipfood.com\/#organization\"},\"potentialAction\":[{\"@type\":\"SearchAction\",\"target\":{\"@type\":\"EntryPoint\",\"urlTemplate\":\"https:\/\/bamboovipfood.com\/?s={search_term_string}\"},\"query-input\":{\"@type\":\"PropertyValueSpecification\",\"valueRequired\":true,\"valueName\":\"search_term_string\"}}],\"inLanguage\":\"en-US\"},{\"@type\":\"Organization\",\"@id\":\"https:\/\/bamboovipfood.com\/#organization\",\"name\":\"Bamboo Freeze Drying\",\"url\":\"https:\/\/bamboovipfood.com\/\",\"logo\":{\"@type\":\"ImageObject\",\"inLanguage\":\"en-US\",\"@id\":\"https:\/\/bamboovipfood.com\/#\/schema\/logo\/image\/\",\"url\":\"https:\/\/bamboovipfood.com\/wp-content\/uploads\/2020\/08\/Logo-Bamboo-Freeze-Dry-Dark.png\",\"contentUrl\":\"https:\/\/bamboovipfood.com\/wp-content\/uploads\/2020\/08\/Logo-Bamboo-Freeze-Dry-Dark.png\",\"width\":500,\"height\":189,\"caption\":\"Bamboo Freeze Drying\"},\"image\":{\"@id\":\"https:\/\/bamboovipfood.com\/#\/schema\/logo\/image\/\"}}]}<\/script>\n<!-- \/ Yoast SEO plugin. -->","yoast_head_json":{"title":"B\u1ed9t gia v\u1ecb x\u00ed mu\u1ed9i - Bamboo Freeze Drying","robots":{"index":"index","follow":"follow","max-snippet":"max-snippet:-1","max-image-preview":"max-image-preview:large","max-video-preview":"max-video-preview:-1"},"canonical":"https:\/\/bamboovipfood.com\/en\/product\/premium-sour-plum-seasoning-powder\/","og_locale":"en_US","og_type":"article","og_title":"B\u1ed9t gia v\u1ecb x\u00ed mu\u1ed9i - Bamboo Freeze Drying","og_description":"B\u1ea1n l\u00e0 t\u00edn \u0111\u1ed3 c\u1ee7a c\u00e1c m\u00f3n \u0103n v\u1eb7t, tr\u00e1i c\u00e2y t\u01b0\u01a1i hay \u0111\u1ed3 chua? B\u1ea1n mu\u1ed1n t\u00ecm m\u1ed9t lo\u1ea1i gia v\u1ecb \u0111\u1ed9c \u0111\u00e1o, gi\u00fap nh\u1eefng m\u00f3n n\u00e0y tr\u1edf n\u00ean b\u00f9ng v\u1ecb, h\u1ea5p d\u1eabn h\u01a1n g\u1ea5p b\u1ed9i?. H\u00e3y \u0111\u1ec3 B\u1ed9t Gia V\u1ecb X\u00ed Mu\u1ed9i c\u1ee7a ch\u00fang t\u00f4i tr\u1edf th\u00e0nh &#8220;ng\u01b0\u1eddi b\u1ea1n \u0111\u1ed3ng h\u00e0nh&#8221; kh\u00f4ng th\u1ec3 [&hellip;]","og_url":"https:\/\/bamboovipfood.com\/en\/product\/premium-sour-plum-seasoning-powder\/","og_site_name":"Bamboo Freeze Drying","article_modified_time":"2025-06-20T04:25:34+00:00","og_image":[{"width":1024,"height":1024,"url":"https:\/\/bamboovipfood.com\/wp-content\/uploads\/2025\/06\/bot-gia-vi-xi-muoi.png","type":"image\/png"}],"twitter_card":"summary_large_image","twitter_misc":{"Est. reading time":"4 minutes"},"schema":{"@context":"https:\/\/schema.org","@graph":[{"@type":"WebPage","@id":"https:\/\/bamboovipfood.com\/san-pham\/bot-gia-vi-xi-muoi\/","url":"https:\/\/bamboovipfood.com\/san-pham\/bot-gia-vi-xi-muoi\/","name":"B\u1ed9t gia v\u1ecb x\u00ed mu\u1ed9i - Bamboo Freeze Drying","isPartOf":{"@id":"https:\/\/bamboovipfood.com\/#website"},"primaryImageOfPage":{"@id":"https:\/\/bamboovipfood.com\/san-pham\/bot-gia-vi-xi-muoi\/#primaryimage"},"image":{"@id":"https:\/\/bamboovipfood.com\/san-pham\/bot-gia-vi-xi-muoi\/#primaryimage"},"thumbnailUrl":"https:\/\/bamboovipfood.com\/wp-content\/uploads\/2025\/06\/bot-gia-vi-xi-muoi.png","datePublished":"2025-06-20T04:01:58+00:00","dateModified":"2025-06-20T04:25:34+00:00","breadcrumb":{"@id":"https:\/\/bamboovipfood.com\/san-pham\/bot-gia-vi-xi-muoi\/#breadcrumb"},"inLanguage":"en-US","potentialAction":[{"@type":"ReadAction","target":["https:\/\/bamboovipfood.com\/san-pham\/bot-gia-vi-xi-muoi\/"]}]},{"@type":"ImageObject","inLanguage":"en-US","@id":"https:\/\/bamboovipfood.com\/san-pham\/bot-gia-vi-xi-muoi\/#primaryimage","url":"https:\/\/bamboovipfood.com\/wp-content\/uploads\/2025\/06\/bot-gia-vi-xi-muoi.png","contentUrl":"https:\/\/bamboovipfood.com\/wp-content\/uploads\/2025\/06\/bot-gia-vi-xi-muoi.png","width":1024,"height":1024,"caption":"b\u1ed9t gia v\u1ecb x\u00ed mu\u1ed9i"},{"@type":"BreadcrumbList","@id":"https:\/\/bamboovipfood.com\/san-pham\/bot-gia-vi-xi-muoi\/#breadcrumb","itemListElement":[{"@type":"ListItem","position":1,"name":"Trang ch\u1ee7","item":"https:\/\/bamboovipfood.com\/"},{"@type":"ListItem","position":2,"name":"Shop","item":"https:\/\/bamboovipfood.com\/shop\/"},{"@type":"ListItem","position":3,"name":"B\u1ed9t gia v\u1ecb x\u00ed mu\u1ed9i"}]},{"@type":"WebSite","@id":"https:\/\/bamboovipfood.com\/#website","url":"https:\/\/bamboovipfood.com\/","name":"Bamboo Freeze Drying","description":"Nh\u00e0 cung \u1ee9ng s\u1ea3n ph\u1ea9m s\u1ea5y th\u0103ng hoa h\u00e0ng \u0111\u1ea7u","publisher":{"@id":"https:\/\/bamboovipfood.com\/#organization"},"potentialAction":[{"@type":"SearchAction","target":{"@type":"EntryPoint","urlTemplate":"https:\/\/bamboovipfood.com\/?s={search_term_string}"},"query-input":{"@type":"PropertyValueSpecification","valueRequired":true,"valueName":"search_term_string"}}],"inLanguage":"en-US"},{"@type":"Organization","@id":"https:\/\/bamboovipfood.com\/#organization","name":"Bamboo Freeze Drying","url":"https:\/\/bamboovipfood.com\/","logo":{"@type":"ImageObject","inLanguage":"en-US","@id":"https:\/\/bamboovipfood.com\/#\/schema\/logo\/image\/","url":"https:\/\/bamboovipfood.com\/wp-content\/uploads\/2020\/08\/Logo-Bamboo-Freeze-Dry-Dark.png","contentUrl":"https:\/\/bamboovipfood.com\/wp-content\/uploads\/2020\/08\/Logo-Bamboo-Freeze-Dry-Dark.png","width":500,"height":189,"caption":"Bamboo Freeze Drying"},"image":{"@id":"https:\/\/bamboovipfood.com\/#\/schema\/logo\/image\/"}}]}},"_links":{"self":[{"href":"https:\/\/bamboovipfood.com\/en\/wp-json\/wp\/v2\/product\/9947","targetHints":{"allow":["GET"]}}],"collection":[{"href":"https:\/\/bamboovipfood.com\/en\/wp-json\/wp\/v2\/product"}],"about":[{"href":"https:\/\/bamboovipfood.com\/en\/wp-json\/wp\/v2\/types\/product"}],"replies":[{"embeddable":true,"href":"https:\/\/bamboovipfood.com\/en\/wp-json\/wp\/v2\/comments?post=9947"}],"wp:featuredmedia":[{"embeddable":true,"href":"https:\/\/bamboovipfood.com\/en\/wp-json\/wp\/v2\/media\/9948"}],"wp:attachment":[{"href":"https:\/\/bamboovipfood.com\/en\/wp-json\/wp\/v2\/media?parent=9947"}],"wp:term":[{"taxonomy":"product_cat","embeddable":true,"href":"https:\/\/bamboovipfood.com\/en\/wp-json\/wp\/v2\/product_cat?post=9947"},{"taxonomy":"product_tag","embeddable":true,"href":"https:\/\/bamboovipfood.com\/en\/wp-json\/wp\/v2\/product_tag?post=9947"}],"curies":[{"name":"wp","href":"https:\/\/api.w.org\/{rel}","templated":true}]}}