{"id":9754,"date":"2025-04-22T08:13:19","date_gmt":"2025-04-22T08:13:19","guid":{"rendered":"https:\/\/bamboovipfood.com\/?post_type=product&#038;p=9754"},"modified":"2025-04-22T08:18:39","modified_gmt":"2025-04-22T08:18:39","slug":"nam-linh-chi-say-thang-hoa","status":"publish","type":"product","link":"https:\/\/bamboovipfood.com\/en\/product\/freeze-dried-reishi-mushroom\/","title":{"rendered":"Freeze-Dried Red Reishi Mushroom"},"content":{"rendered":"<p class=\"\" data-start=\"346\" data-end=\"670\">Red Reishi is one of the most precious medicinal herbs with a long history in Asian traditional medicine, particularly renowned for its ability to <strong data-start=\"475\" data-end=\"499\">boost immunity<\/strong>, <strong data-start=\"501\" data-end=\"517\">detoxify the liver<\/strong>, <strong data-start=\"519\" data-end=\"547\">support blood pressure regulation<\/strong> and <strong data-start=\"551\" data-end=\"576\">powerful antioxidant properties<\/strong>. However, the quality of Reishi depends heavily on <strong data-start=\"635\" data-end=\"669\">preservation and processing procedures<\/strong>.<\/p>\n<p class=\"\" data-start=\"672\" data-end=\"832\">We provide <a href=\"https:\/\/bamboovipfood.com\/en\/product\/freeze-dried-reishi-mushroom\/\"><strong data-start=\"691\" data-end=\"721\">Freeze-Dried Red Reishi Mushroom<\/strong><\/a> \u2013 a breakthrough advancement that helps <strong data-start=\"751\" data-end=\"806\">preserving the full medicinal potency, original shape, and natural flavor<\/strong> of the mushroom, just as if it were fresh.<\/p>\n<p data-start=\"672\" data-end=\"832\"><img decoding=\"async\" class=\"aligncenter\" src=\"https:\/\/bamboovipfood.com\/wp-content\/uploads\/2025\/04\/nam-linh-chi-say-thang-hoa-4.jpg\" \/><\/p>\n<h3 data-start=\"839\" data-end=\"905\">Outstanding Advantages of Freeze Drying Technology<\/h3>\n<p class=\"\" data-start=\"907\" data-end=\"1042\">Freeze drying is a low-temperature drying method, <strong data-start=\"957\" data-end=\"1033\">drying the product through ice sublimation under vacuum conditions.<\/strong>, thereby:<\/p>\n<ul>\n<li data-start=\"1046\" data-end=\"1209\"><strong data-start=\"1046\" data-end=\"1092\">Medicinal compounds are not broken down by high temperatures<\/strong>, preserving nearly 100% of precious active compounds such as <em data-start=\"1138\" data-end=\"1186\">polysaccharides, triterpenes, germanium h\u1eefu c\u01a1<\/em> found in Reishi mushrooms.<\/li>\n<li data-start=\"1212\" data-end=\"1327\"><strong data-start=\"1212\" data-end=\"1263\">Preserve the natural color, shape, and texture<\/strong> \u2013 ensuring high aesthetic appeal and making it easy to recognize its premium quality.<\/li>\n<li data-start=\"1330\" data-end=\"1387\"><strong data-start=\"1330\" data-end=\"1355\">Extend the shelf life<\/strong> without the need for preservatives.<\/li>\n<li data-start=\"1390\" data-end=\"1454\"><strong data-start=\"1390\" data-end=\"1432\">Rapid rehydration capability<\/strong> when soaked in warm water.<\/li>\n<\/ul>\n<h3 data-start=\"1461\" data-end=\"1513\">Benefits of Using Freeze-Dried Lingzhi Mushrooms<\/h3>\n<ul>\n<li data-start=\"1517\" data-end=\"1610\"><strong data-start=\"1517\" data-end=\"1545\">Brewing tea to detoxify the body<\/strong> every day to help you sleep better, reduce fatigue, and boost your immune system.<\/li>\n<li data-start=\"1613\" data-end=\"1714\"><strong data-start=\"1613\" data-end=\"1654\">Ingredients for soups or medicinal stews<\/strong> For the elderly, patients, and those in recovery.<\/li>\n<li data-start=\"1717\" data-end=\"1826\"><strong data-start=\"1717\" data-end=\"1749\">Easily ground into a fine powder<\/strong> to make pills or combine with other herbs in traditional medicine.<\/li>\n<li data-start=\"1829\" data-end=\"1922\"><strong data-start=\"1829\" data-end=\"1882\">A premium product, perfect as a health-focused gift.<\/strong> for loved ones, business partners, or during festive occasions like Tet.<\/li>\n<\/ul>\n<h3 data-start=\"1929\" data-end=\"1951\">Practical Applications<\/h3>\n<ul>\n<li data-start=\"1955\" data-end=\"2028\"><strong data-start=\"1955\" data-end=\"1973\">For Family Use<\/strong>: Use daily to nourish the body and prevent diseases.<\/li>\n<li data-start=\"2031\" data-end=\"2135\"><strong data-start=\"2031\" data-end=\"2075\">At spas and wellness centers<\/strong>: Used as an ingredient for liver detox and to enhance skin beauty from within.<\/li>\n<li data-start=\"2138\" data-end=\"2263\"><strong data-start=\"2138\" data-end=\"2173\">In the dietary supplement industry<\/strong>: Used as an extraction raw material for capsules, tea bags, and nutritional powders.<\/li>\n<\/ul>\n<h3 data-start=\"2270\" data-end=\"2295\">Specifications &amp; Storage<\/h3>\n<ul>\n<li data-start=\"2299\" data-end=\"2349\"><strong data-start=\"2299\" data-end=\"2311\">Specifications<\/strong>: Available in 50g, 100g, or 500g packaging upon request.<\/li>\n<li data-start=\"2352\" data-end=\"2474\"><strong data-start=\"2352\" data-end=\"2364\">Storage:<\/strong>: Store in a cool, dry place, away from direct sunlight. Once opened, use within 30 days to ensure the best quality.<\/li>\n<\/ul>\n<h3 data-start=\"2481\" data-end=\"2507\">Our Commitment<\/h3>\n<ul>\n<li data-start=\"2509\" data-end=\"2740\">100% Pure Vietnamese Lingzhi Mushroom<\/li>\n<li data-start=\"2509\" data-end=\"2740\">Production process meets Food Safety and Hygiene standards<\/li>\n<li data-start=\"2509\" data-end=\"2740\">Kh\u00f4ng ph\u1ee5 gia \u2013 Kh\u00f4ng ch\u1ea5t b\u1ea3o qu\u1ea3n \u2013 Kh\u00f4ng m\u00e0u nh\u00e2n t\u1ea1o<\/li>\n<li data-start=\"2509\" data-end=\"2740\">Nationwide Delivery \u2013 Secure Packaging \u2013 Dedicated Customer Support<\/li>\n<\/ul>\n<p style=\"text-align: center;\" data-start=\"2509\" data-end=\"2740\"><span style=\"color: #800000;\"><strong>For any product inquiries or business collaboration opportunities, please contact us at: 0909 753 648<\/strong><\/span><\/p>","protected":false},"excerpt":{"rendered":"<p>N\u1ea5m Linh Chi l\u00e0 m\u1ed9t trong nh\u1eefng d\u01b0\u1ee3c li\u1ec7u qu\u00fd \u0111\u01b0\u1ee3c s\u1eed d\u1ee5ng l\u00e2u \u0111\u1eddi trong y h\u1ecdc c\u1ed5 truy\u1ec1n ch\u00e2u \u00c1, \u0111\u1eb7c bi\u1ec7t n\u1ed5i ti\u1ebfng v\u1edbi kh\u1ea3 n\u0103ng t\u0103ng c\u01b0\u1eddng mi\u1ec5n d\u1ecbch, gi\u1ea3i \u0111\u1ed9c gan, h\u1ed7 tr\u1ee3 \u0111i\u1ec1u h\u00f2a huy\u1ebft \u00e1p v\u00e0 ch\u1ed1ng oxy h\u00f3a m\u1ea1nh m\u1ebd. Tuy nhi\u00ean, ch\u1ea5t l\u01b0\u1ee3ng c\u1ee7a Linh Chi [&hellip;]<\/p>","protected":false},"featured_media":9755,"comment_status":"open","ping_status":"closed","template":"","meta":[],"product_cat":[398],"product_tag":[],"class_list":{"0":"post-9754","1":"product","2":"type-product","3":"status-publish","4":"has-post-thumbnail","6":"product_cat-tra-thao-moc-thuc-pham-suc-khoe","8":"first","9":"instock","10":"shipping-taxable","11":"product-type-simple"},"yoast_head":"<!-- This site is optimized with the Yoast SEO plugin v25.7 - https:\/\/yoast.com\/wordpress\/plugins\/seo\/ -->\n<title>N\u1ea5m Linh Chi S\u1ea5y Th\u0103ng Hoa - Bamboo Freeze Drying<\/title>\n<meta name=\"robots\" content=\"index, follow, max-snippet:-1, max-image-preview:large, max-video-preview:-1\" \/>\n<link rel=\"canonical\" href=\"https:\/\/bamboovipfood.com\/en\/product\/freeze-dried-reishi-mushroom\/\" \/>\n<meta property=\"og:locale\" content=\"en_US\" \/>\n<meta property=\"og:type\" content=\"article\" \/>\n<meta property=\"og:title\" content=\"N\u1ea5m Linh Chi S\u1ea5y Th\u0103ng Hoa - Bamboo Freeze Drying\" \/>\n<meta property=\"og:description\" content=\"N\u1ea5m Linh Chi l\u00e0 m\u1ed9t trong nh\u1eefng d\u01b0\u1ee3c li\u1ec7u qu\u00fd \u0111\u01b0\u1ee3c s\u1eed d\u1ee5ng l\u00e2u \u0111\u1eddi trong y h\u1ecdc c\u1ed5 truy\u1ec1n ch\u00e2u \u00c1, \u0111\u1eb7c bi\u1ec7t n\u1ed5i ti\u1ebfng v\u1edbi kh\u1ea3 n\u0103ng t\u0103ng c\u01b0\u1eddng mi\u1ec5n d\u1ecbch, gi\u1ea3i \u0111\u1ed9c gan, h\u1ed7 tr\u1ee3 \u0111i\u1ec1u h\u00f2a huy\u1ebft \u00e1p v\u00e0 ch\u1ed1ng oxy h\u00f3a m\u1ea1nh m\u1ebd. Tuy nhi\u00ean, ch\u1ea5t l\u01b0\u1ee3ng c\u1ee7a Linh Chi [&hellip;]\" \/>\n<meta property=\"og:url\" content=\"https:\/\/bamboovipfood.com\/en\/product\/freeze-dried-reishi-mushroom\/\" \/>\n<meta property=\"og:site_name\" content=\"Bamboo Freeze Drying\" \/>\n<meta property=\"article:modified_time\" content=\"2025-04-22T08:18:39+00:00\" \/>\n<meta property=\"og:image\" content=\"https:\/\/bamboovipfood.com\/wp-content\/uploads\/2025\/04\/nam-linh-chi-say-thang-hoa.jpg\" \/>\n\t<meta property=\"og:image:width\" content=\"750\" \/>\n\t<meta property=\"og:image:height\" content=\"750\" \/>\n\t<meta property=\"og:image:type\" content=\"image\/jpeg\" \/>\n<meta name=\"twitter:card\" content=\"summary_large_image\" \/>\n<meta name=\"twitter:label1\" content=\"Est. reading time\" \/>\n\t<meta name=\"twitter:data1\" content=\"4 minutes\" \/>\n<script type=\"application\/ld+json\" class=\"yoast-schema-graph\">{\"@context\":\"https:\/\/schema.org\",\"@graph\":[{\"@type\":\"WebPage\",\"@id\":\"https:\/\/bamboovipfood.com\/san-pham\/nam-linh-chi-say-thang-hoa\/\",\"url\":\"https:\/\/bamboovipfood.com\/san-pham\/nam-linh-chi-say-thang-hoa\/\",\"name\":\"N\u1ea5m Linh Chi S\u1ea5y Th\u0103ng Hoa - Bamboo Freeze Drying\",\"isPartOf\":{\"@id\":\"https:\/\/bamboovipfood.com\/#website\"},\"primaryImageOfPage\":{\"@id\":\"https:\/\/bamboovipfood.com\/san-pham\/nam-linh-chi-say-thang-hoa\/#primaryimage\"},\"image\":{\"@id\":\"https:\/\/bamboovipfood.com\/san-pham\/nam-linh-chi-say-thang-hoa\/#primaryimage\"},\"thumbnailUrl\":\"https:\/\/bamboovipfood.com\/wp-content\/uploads\/2025\/04\/nam-linh-chi-say-thang-hoa.jpg\",\"datePublished\":\"2025-04-22T08:13:19+00:00\",\"dateModified\":\"2025-04-22T08:18:39+00:00\",\"breadcrumb\":{\"@id\":\"https:\/\/bamboovipfood.com\/san-pham\/nam-linh-chi-say-thang-hoa\/#breadcrumb\"},\"inLanguage\":\"en-US\",\"potentialAction\":[{\"@type\":\"ReadAction\",\"target\":[\"https:\/\/bamboovipfood.com\/san-pham\/nam-linh-chi-say-thang-hoa\/\"]}]},{\"@type\":\"ImageObject\",\"inLanguage\":\"en-US\",\"@id\":\"https:\/\/bamboovipfood.com\/san-pham\/nam-linh-chi-say-thang-hoa\/#primaryimage\",\"url\":\"https:\/\/bamboovipfood.com\/wp-content\/uploads\/2025\/04\/nam-linh-chi-say-thang-hoa.jpg\",\"contentUrl\":\"https:\/\/bamboovipfood.com\/wp-content\/uploads\/2025\/04\/nam-linh-chi-say-thang-hoa.jpg\",\"width\":750,\"height\":750},{\"@type\":\"BreadcrumbList\",\"@id\":\"https:\/\/bamboovipfood.com\/san-pham\/nam-linh-chi-say-thang-hoa\/#breadcrumb\",\"itemListElement\":[{\"@type\":\"ListItem\",\"position\":1,\"name\":\"Trang ch\u1ee7\",\"item\":\"https:\/\/bamboovipfood.com\/\"},{\"@type\":\"ListItem\",\"position\":2,\"name\":\"Shop\",\"item\":\"https:\/\/bamboovipfood.com\/shop\/\"},{\"@type\":\"ListItem\",\"position\":3,\"name\":\"N\u1ea5m Linh Chi S\u1ea5y Th\u0103ng Hoa\"}]},{\"@type\":\"WebSite\",\"@id\":\"https:\/\/bamboovipfood.com\/#website\",\"url\":\"https:\/\/bamboovipfood.com\/\",\"name\":\"Bamboo Freeze Drying\",\"description\":\"Nh\u00e0 cung \u1ee9ng s\u1ea3n ph\u1ea9m s\u1ea5y th\u0103ng hoa h\u00e0ng \u0111\u1ea7u\",\"publisher\":{\"@id\":\"https:\/\/bamboovipfood.com\/#organization\"},\"potentialAction\":[{\"@type\":\"SearchAction\",\"target\":{\"@type\":\"EntryPoint\",\"urlTemplate\":\"https:\/\/bamboovipfood.com\/?s={search_term_string}\"},\"query-input\":{\"@type\":\"PropertyValueSpecification\",\"valueRequired\":true,\"valueName\":\"search_term_string\"}}],\"inLanguage\":\"en-US\"},{\"@type\":\"Organization\",\"@id\":\"https:\/\/bamboovipfood.com\/#organization\",\"name\":\"Bamboo Freeze Drying\",\"url\":\"https:\/\/bamboovipfood.com\/\",\"logo\":{\"@type\":\"ImageObject\",\"inLanguage\":\"en-US\",\"@id\":\"https:\/\/bamboovipfood.com\/#\/schema\/logo\/image\/\",\"url\":\"https:\/\/bamboovipfood.com\/wp-content\/uploads\/2020\/08\/Logo-Bamboo-Freeze-Dry-Dark.png\",\"contentUrl\":\"https:\/\/bamboovipfood.com\/wp-content\/uploads\/2020\/08\/Logo-Bamboo-Freeze-Dry-Dark.png\",\"width\":500,\"height\":189,\"caption\":\"Bamboo Freeze Drying\"},\"image\":{\"@id\":\"https:\/\/bamboovipfood.com\/#\/schema\/logo\/image\/\"}}]}<\/script>\n<!-- \/ Yoast SEO plugin. -->","yoast_head_json":{"title":"N\u1ea5m Linh Chi S\u1ea5y Th\u0103ng Hoa - Bamboo Freeze Drying","robots":{"index":"index","follow":"follow","max-snippet":"max-snippet:-1","max-image-preview":"max-image-preview:large","max-video-preview":"max-video-preview:-1"},"canonical":"https:\/\/bamboovipfood.com\/en\/product\/freeze-dried-reishi-mushroom\/","og_locale":"en_US","og_type":"article","og_title":"N\u1ea5m Linh Chi S\u1ea5y Th\u0103ng Hoa - Bamboo Freeze Drying","og_description":"N\u1ea5m Linh Chi l\u00e0 m\u1ed9t trong nh\u1eefng d\u01b0\u1ee3c li\u1ec7u qu\u00fd \u0111\u01b0\u1ee3c s\u1eed d\u1ee5ng l\u00e2u \u0111\u1eddi trong y h\u1ecdc c\u1ed5 truy\u1ec1n ch\u00e2u \u00c1, \u0111\u1eb7c bi\u1ec7t n\u1ed5i ti\u1ebfng v\u1edbi kh\u1ea3 n\u0103ng t\u0103ng c\u01b0\u1eddng mi\u1ec5n d\u1ecbch, gi\u1ea3i \u0111\u1ed9c gan, h\u1ed7 tr\u1ee3 \u0111i\u1ec1u h\u00f2a huy\u1ebft \u00e1p v\u00e0 ch\u1ed1ng oxy h\u00f3a m\u1ea1nh m\u1ebd. Tuy nhi\u00ean, ch\u1ea5t l\u01b0\u1ee3ng c\u1ee7a Linh Chi [&hellip;]","og_url":"https:\/\/bamboovipfood.com\/en\/product\/freeze-dried-reishi-mushroom\/","og_site_name":"Bamboo Freeze Drying","article_modified_time":"2025-04-22T08:18:39+00:00","og_image":[{"width":750,"height":750,"url":"https:\/\/bamboovipfood.com\/wp-content\/uploads\/2025\/04\/nam-linh-chi-say-thang-hoa.jpg","type":"image\/jpeg"}],"twitter_card":"summary_large_image","twitter_misc":{"Est. reading time":"4 minutes"},"schema":{"@context":"https:\/\/schema.org","@graph":[{"@type":"WebPage","@id":"https:\/\/bamboovipfood.com\/san-pham\/nam-linh-chi-say-thang-hoa\/","url":"https:\/\/bamboovipfood.com\/san-pham\/nam-linh-chi-say-thang-hoa\/","name":"N\u1ea5m Linh Chi S\u1ea5y Th\u0103ng Hoa - Bamboo Freeze Drying","isPartOf":{"@id":"https:\/\/bamboovipfood.com\/#website"},"primaryImageOfPage":{"@id":"https:\/\/bamboovipfood.com\/san-pham\/nam-linh-chi-say-thang-hoa\/#primaryimage"},"image":{"@id":"https:\/\/bamboovipfood.com\/san-pham\/nam-linh-chi-say-thang-hoa\/#primaryimage"},"thumbnailUrl":"https:\/\/bamboovipfood.com\/wp-content\/uploads\/2025\/04\/nam-linh-chi-say-thang-hoa.jpg","datePublished":"2025-04-22T08:13:19+00:00","dateModified":"2025-04-22T08:18:39+00:00","breadcrumb":{"@id":"https:\/\/bamboovipfood.com\/san-pham\/nam-linh-chi-say-thang-hoa\/#breadcrumb"},"inLanguage":"en-US","potentialAction":[{"@type":"ReadAction","target":["https:\/\/bamboovipfood.com\/san-pham\/nam-linh-chi-say-thang-hoa\/"]}]},{"@type":"ImageObject","inLanguage":"en-US","@id":"https:\/\/bamboovipfood.com\/san-pham\/nam-linh-chi-say-thang-hoa\/#primaryimage","url":"https:\/\/bamboovipfood.com\/wp-content\/uploads\/2025\/04\/nam-linh-chi-say-thang-hoa.jpg","contentUrl":"https:\/\/bamboovipfood.com\/wp-content\/uploads\/2025\/04\/nam-linh-chi-say-thang-hoa.jpg","width":750,"height":750},{"@type":"BreadcrumbList","@id":"https:\/\/bamboovipfood.com\/san-pham\/nam-linh-chi-say-thang-hoa\/#breadcrumb","itemListElement":[{"@type":"ListItem","position":1,"name":"Trang ch\u1ee7","item":"https:\/\/bamboovipfood.com\/"},{"@type":"ListItem","position":2,"name":"Shop","item":"https:\/\/bamboovipfood.com\/shop\/"},{"@type":"ListItem","position":3,"name":"N\u1ea5m Linh Chi S\u1ea5y Th\u0103ng Hoa"}]},{"@type":"WebSite","@id":"https:\/\/bamboovipfood.com\/#website","url":"https:\/\/bamboovipfood.com\/","name":"Bamboo Freeze Drying","description":"Nh\u00e0 cung \u1ee9ng s\u1ea3n ph\u1ea9m s\u1ea5y th\u0103ng hoa h\u00e0ng \u0111\u1ea7u","publisher":{"@id":"https:\/\/bamboovipfood.com\/#organization"},"potentialAction":[{"@type":"SearchAction","target":{"@type":"EntryPoint","urlTemplate":"https:\/\/bamboovipfood.com\/?s={search_term_string}"},"query-input":{"@type":"PropertyValueSpecification","valueRequired":true,"valueName":"search_term_string"}}],"inLanguage":"en-US"},{"@type":"Organization","@id":"https:\/\/bamboovipfood.com\/#organization","name":"Bamboo Freeze Drying","url":"https:\/\/bamboovipfood.com\/","logo":{"@type":"ImageObject","inLanguage":"en-US","@id":"https:\/\/bamboovipfood.com\/#\/schema\/logo\/image\/","url":"https:\/\/bamboovipfood.com\/wp-content\/uploads\/2020\/08\/Logo-Bamboo-Freeze-Dry-Dark.png","contentUrl":"https:\/\/bamboovipfood.com\/wp-content\/uploads\/2020\/08\/Logo-Bamboo-Freeze-Dry-Dark.png","width":500,"height":189,"caption":"Bamboo Freeze Drying"},"image":{"@id":"https:\/\/bamboovipfood.com\/#\/schema\/logo\/image\/"}}]}},"_links":{"self":[{"href":"https:\/\/bamboovipfood.com\/en\/wp-json\/wp\/v2\/product\/9754","targetHints":{"allow":["GET"]}}],"collection":[{"href":"https:\/\/bamboovipfood.com\/en\/wp-json\/wp\/v2\/product"}],"about":[{"href":"https:\/\/bamboovipfood.com\/en\/wp-json\/wp\/v2\/types\/product"}],"replies":[{"embeddable":true,"href":"https:\/\/bamboovipfood.com\/en\/wp-json\/wp\/v2\/comments?post=9754"}],"wp:featuredmedia":[{"embeddable":true,"href":"https:\/\/bamboovipfood.com\/en\/wp-json\/wp\/v2\/media\/9755"}],"wp:attachment":[{"href":"https:\/\/bamboovipfood.com\/en\/wp-json\/wp\/v2\/media?parent=9754"}],"wp:term":[{"taxonomy":"product_cat","embeddable":true,"href":"https:\/\/bamboovipfood.com\/en\/wp-json\/wp\/v2\/product_cat?post=9754"},{"taxonomy":"product_tag","embeddable":true,"href":"https:\/\/bamboovipfood.com\/en\/wp-json\/wp\/v2\/product_tag?post=9754"}],"curies":[{"name":"wp","href":"https:\/\/api.w.org\/{rel}","templated":true}]}}