{"id":9751,"date":"2025-04-22T07:42:52","date_gmt":"2025-04-22T07:42:52","guid":{"rendered":"https:\/\/bamboovipfood.com\/?post_type=product&#038;p=9751"},"modified":"2025-04-22T07:42:52","modified_gmt":"2025-04-22T07:42:52","slug":"cu-cai-trang-say-thang-hoa","status":"publish","type":"product","link":"https:\/\/bamboovipfood.com\/en\/product\/freeze-dried-white-radish\/","title":{"rendered":"Freeze-Dried White Radish"},"content":{"rendered":"<p class=\"\" data-start=\"431\" data-end=\"738\"><strong data-start=\"431\" data-end=\"447\">White Radish<\/strong> \u2013 a familiar vegetable, not only a main ingredient in dishes <strong data-start=\"519\" data-end=\"532\">soups and stews<\/strong> but is also rich in <strong data-start=\"551\" data-end=\"589\">vitamin C, fiber, and minerals<\/strong> It is beneficial for digestive and cardiovascular health. However, fresh radishes spoil easily, are difficult to store for long periods, and are not always available in season.<\/p>\n<p class=\"\" data-start=\"740\" data-end=\"988\">With technology <strong data-start=\"754\" data-end=\"771\">sublimation (freeze-drying)<\/strong> advanced, <strong data-start=\"783\" data-end=\"807\">Bamboo Freeze Drying<\/strong> deliver the product <strong data-start=\"826\" data-end=\"856\">freeze-dried white radish<\/strong> \u2013 a solution <strong data-start=\"873\" data-end=\"908\">convenient, retains nutrients.<\/strong> and <strong data-start=\"912\" data-end=\"933\">natural flavor<\/strong>, easy to use in any meal without worrying about spoilage.<\/p>\n<h3 data-start=\"995\" data-end=\"1058\">Freeze-Drying Technology \u2013 Preserves Nutrients and Flavor<\/h3>\n<p class=\"\" data-start=\"1060\" data-end=\"1303\"><strong data-start=\"1060\" data-end=\"1077\">Freeze dried<\/strong> is a method that helps <strong data-start=\"1098\" data-end=\"1135\">dry food at low temperatures.<\/strong> and <strong data-start=\"1139\" data-end=\"1161\">vacuum pressure<\/strong>, effectively removing moisture while preserving vital nutrients. Specifically, with <strong data-start=\"1266\" data-end=\"1282\">white radish<\/strong>, this process helps:<\/p>\n<ul>\n<li data-start=\"1307\" data-end=\"1410\"><strong data-start=\"1307\" data-end=\"1338\">Retain natural sweetness<\/strong> of the white radish, without the flavor alteration caused by heat processing.<\/li>\n<li data-start=\"1413\" data-end=\"1524\"><strong data-start=\"1413\" data-end=\"1464\">Preserve vitamin C, fiber, and minerals<\/strong> such as potassium and magnesium \u2013 beneficial for heart health and digestion.<\/li>\n<li data-start=\"1527\" data-end=\"1660\"><strong data-start=\"1527\" data-end=\"1551\">Create a light, crispy texture<\/strong>, making it easy to enjoy as a healthy snack, or to rehydrate for use in various dishes.<\/li>\n<\/ul>\n<h3 data-start=\"1667\" data-end=\"1719\">Key Benefits of Freeze-Dried White Radish<\/h3>\n<div class=\"pointer-events-none relative left-[50%]! flex w-[100cqw] translate-x-[-50%] justify-center *:pointer-events-auto\">\n<div class=\"tableContainer horzScrollShadows\">\n<table class=\"min-w-full\" data-start=\"1721\" data-end=\"2407\">\n<thead data-start=\"1721\" data-end=\"1830\">\n<tr data-start=\"1721\" data-end=\"1830\">\n<th data-start=\"1721\" data-end=\"1753\">Outstanding features<\/th>\n<th data-start=\"1753\" data-end=\"1830\">Benefits for consumers<\/th>\n<\/tr>\n<\/thead>\n<tbody data-start=\"1939\" data-end=\"2407\">\n<tr data-start=\"1939\" data-end=\"2054\">\n<td class=\"max-w-[calc(var(--thread-content-max-width)*2\/3)]\" data-start=\"1939\" data-end=\"1972\"><strong data-start=\"1941\" data-end=\"1964\">Preserves the original flavor<\/strong><\/td>\n<td class=\"max-w-[calc(var(--thread-content-max-width)*2\/3)] min-w-[calc(var(--thread-content-max-width)\/3)]\" data-start=\"1972\" data-end=\"2054\">Freeze-dried radishes retain their natural sweetness and delicious flavor, just like fresh radishes.<\/td>\n<\/tr>\n<tr data-start=\"2055\" data-end=\"2165\">\n<td class=\"max-w-[calc(var(--thread-content-max-width)*2\/3)]\" data-start=\"2055\" data-end=\"2088\"><strong data-start=\"2057\" data-end=\"2083\">No oil, no frying.<\/strong><\/td>\n<td class=\"max-w-[calc(var(--thread-content-max-width)*2\/3)] min-w-[calc(var(--thread-content-max-width)\/3)]\" data-start=\"2088\" data-end=\"2165\">Suitable for people following diets, vegetarians, and those trying to lose weight.<\/td>\n<\/tr>\n<tr data-start=\"2166\" data-end=\"2297\">\n<td class=\"max-w-[calc(var(--thread-content-max-width)*2\/3)]\" data-start=\"2166\" data-end=\"2199\"><strong data-start=\"2168\" data-end=\"2194\">Easy to use and maintain<\/strong><\/td>\n<td class=\"max-w-[calc(var(--thread-content-max-width)*2\/3)] min-w-[calc(var(--thread-content-max-width)\/2)]\" data-start=\"2199\" data-end=\"2297\">It is easy to store for a long time and can be reconstituted in minutes for use in dishes.<\/td>\n<\/tr>\n<tr data-start=\"2298\" data-end=\"2407\">\n<td class=\"max-w-[calc(var(--thread-content-max-width)*2\/3)]\" data-start=\"2298\" data-end=\"2331\"><strong data-start=\"2300\" data-end=\"2323\">No preservatives<\/strong><\/td>\n<td class=\"max-w-[calc(var(--thread-content-max-width)*2\/3)] min-w-[calc(var(--thread-content-max-width)\/3)]\" data-start=\"2331\" data-end=\"2407\">Completely safe, with no chemicals or additives.<\/td>\n<\/tr>\n<\/tbody>\n<\/table>\n<h3 class=\"\" data-start=\"2871\" data-end=\"2904\">Ingredients for preparing dishes<\/h3>\n<ul>\n<li data-start=\"2907\" data-end=\"3024\"><strong data-start=\"2907\" data-end=\"2926\">Reconstitution<\/strong> to prepare the dish <strong data-start=\"2943\" data-end=\"2956\">soups and stews<\/strong> or <strong data-start=\"2962\" data-end=\"2969\">fry<\/strong> with various types of meat and seafood to increase nutritional value.<\/li>\n<li data-start=\"3027\" data-end=\"3130\"><strong data-start=\"3027\" data-end=\"3062\">Combine with other dried vegetables<\/strong> such as zucchini, carrots, and potatoes to create nutritious meals for the whole family.<\/li>\n<\/ul>\n<h3 data-start=\"3319\" data-end=\"3358\">Custom Specifications &amp; Processing Available<\/h3>\n<ul>\n<li data-start=\"3362\" data-end=\"3427\"><strong data-start=\"3362\" data-end=\"3379\">Product type<\/strong>: Whole radishes, sliced \u200b\u200bradishes, or finely ground radish powder.<\/li>\n<li data-start=\"3430\" data-end=\"3502\"><strong data-start=\"3430\" data-end=\"3442\">Pack<\/strong>: Zip bags, plastic boxes, vacuum packaging.<\/li>\n<li data-start=\"3505\" data-end=\"3612\">Receive <strong data-start=\"3510\" data-end=\"3546\">Original Equipment Manufacturer (OEM)<\/strong> for spice brands, restaurants, and health gift products.<\/li>\n<\/ul>\n<p style=\"text-align: center;\"><span style=\"color: #993300;\"><strong>For any product inquiries or business collaboration opportunities, please contact us at: 0909 753 648<\/strong><\/span><\/p>\n<\/div>\n<\/div>","protected":false},"excerpt":{"rendered":"<p>C\u1ee7 c\u1ea3i tr\u1eafng \u2013 lo\u1ea1i rau c\u1ee7 quen thu\u1ed9c, kh\u00f4ng ch\u1ec9 l\u00e0 nguy\u00ean li\u1ec7u ch\u00ednh trong c\u00e1c m\u00f3n canh, s\u00fap m\u00e0 c\u00f2n ch\u1ee9a nhi\u1ec1u vitamin C, ch\u1ea5t x\u01a1, v\u00e0 kho\u00e1ng ch\u1ea5t c\u00f3 l\u1ee3i cho h\u1ec7 ti\u00eau h\u00f3a v\u00e0 s\u1ee9c kh\u1ecfe tim m\u1ea1ch. Tuy nhi\u00ean, c\u1ee7 c\u1ea3i t\u01b0\u01a1i d\u1ec5 b\u1ecb h\u01b0 h\u1ecfng, kh\u00f3 b\u1ea3o qu\u1ea3n l\u00e2u [&hellip;]<\/p>","protected":false},"featured_media":9752,"comment_status":"open","ping_status":"closed","template":"","meta":[],"product_cat":[396],"product_tag":[],"class_list":{"0":"post-9751","1":"product","2":"type-product","3":"status-publish","4":"has-post-thumbnail","6":"product_cat-rau-cu-say-thang-hoa","8":"first","9":"instock","10":"shipping-taxable","11":"product-type-simple"},"yoast_head":"<!-- This site is optimized with the Yoast SEO plugin v25.7 - https:\/\/yoast.com\/wordpress\/plugins\/seo\/ -->\n<title>C\u1ee7 C\u1ea3i Tr\u1eafng S\u1ea5y Th\u0103ng Hoa - Bamboo Freeze Drying<\/title>\n<meta name=\"robots\" content=\"index, follow, max-snippet:-1, max-image-preview:large, max-video-preview:-1\" \/>\n<link rel=\"canonical\" href=\"https:\/\/bamboovipfood.com\/en\/product\/freeze-dried-white-radish\/\" \/>\n<meta property=\"og:locale\" content=\"en_US\" \/>\n<meta property=\"og:type\" content=\"article\" \/>\n<meta property=\"og:title\" content=\"C\u1ee7 C\u1ea3i Tr\u1eafng S\u1ea5y Th\u0103ng Hoa - Bamboo Freeze Drying\" \/>\n<meta property=\"og:description\" content=\"C\u1ee7 c\u1ea3i tr\u1eafng \u2013 lo\u1ea1i rau c\u1ee7 quen thu\u1ed9c, kh\u00f4ng ch\u1ec9 l\u00e0 nguy\u00ean li\u1ec7u ch\u00ednh trong c\u00e1c m\u00f3n canh, s\u00fap m\u00e0 c\u00f2n ch\u1ee9a nhi\u1ec1u vitamin C, ch\u1ea5t x\u01a1, v\u00e0 kho\u00e1ng ch\u1ea5t c\u00f3 l\u1ee3i cho h\u1ec7 ti\u00eau h\u00f3a v\u00e0 s\u1ee9c kh\u1ecfe tim m\u1ea1ch. Tuy nhi\u00ean, c\u1ee7 c\u1ea3i t\u01b0\u01a1i d\u1ec5 b\u1ecb h\u01b0 h\u1ecfng, kh\u00f3 b\u1ea3o qu\u1ea3n l\u00e2u [&hellip;]\" \/>\n<meta property=\"og:url\" content=\"https:\/\/bamboovipfood.com\/en\/product\/freeze-dried-white-radish\/\" \/>\n<meta property=\"og:site_name\" content=\"Bamboo Freeze Drying\" \/>\n<meta property=\"og:image\" content=\"https:\/\/bamboovipfood.com\/wp-content\/uploads\/2025\/04\/cu-cai-trang-say-thang-hoa.jpg\" \/>\n\t<meta property=\"og:image:width\" content=\"750\" \/>\n\t<meta property=\"og:image:height\" content=\"750\" \/>\n\t<meta property=\"og:image:type\" content=\"image\/jpeg\" \/>\n<meta name=\"twitter:card\" content=\"summary_large_image\" \/>\n<meta name=\"twitter:label1\" content=\"Est. reading time\" \/>\n\t<meta name=\"twitter:data1\" content=\"3 minutes\" \/>\n<script type=\"application\/ld+json\" class=\"yoast-schema-graph\">{\"@context\":\"https:\/\/schema.org\",\"@graph\":[{\"@type\":\"WebPage\",\"@id\":\"https:\/\/bamboovipfood.com\/san-pham\/cu-cai-trang-say-thang-hoa\/\",\"url\":\"https:\/\/bamboovipfood.com\/san-pham\/cu-cai-trang-say-thang-hoa\/\",\"name\":\"C\u1ee7 C\u1ea3i Tr\u1eafng S\u1ea5y Th\u0103ng Hoa - Bamboo Freeze Drying\",\"isPartOf\":{\"@id\":\"https:\/\/bamboovipfood.com\/#website\"},\"primaryImageOfPage\":{\"@id\":\"https:\/\/bamboovipfood.com\/san-pham\/cu-cai-trang-say-thang-hoa\/#primaryimage\"},\"image\":{\"@id\":\"https:\/\/bamboovipfood.com\/san-pham\/cu-cai-trang-say-thang-hoa\/#primaryimage\"},\"thumbnailUrl\":\"https:\/\/bamboovipfood.com\/wp-content\/uploads\/2025\/04\/cu-cai-trang-say-thang-hoa.jpg\",\"datePublished\":\"2025-04-22T07:42:52+00:00\",\"breadcrumb\":{\"@id\":\"https:\/\/bamboovipfood.com\/san-pham\/cu-cai-trang-say-thang-hoa\/#breadcrumb\"},\"inLanguage\":\"en-US\",\"potentialAction\":[{\"@type\":\"ReadAction\",\"target\":[\"https:\/\/bamboovipfood.com\/san-pham\/cu-cai-trang-say-thang-hoa\/\"]}]},{\"@type\":\"ImageObject\",\"inLanguage\":\"en-US\",\"@id\":\"https:\/\/bamboovipfood.com\/san-pham\/cu-cai-trang-say-thang-hoa\/#primaryimage\",\"url\":\"https:\/\/bamboovipfood.com\/wp-content\/uploads\/2025\/04\/cu-cai-trang-say-thang-hoa.jpg\",\"contentUrl\":\"https:\/\/bamboovipfood.com\/wp-content\/uploads\/2025\/04\/cu-cai-trang-say-thang-hoa.jpg\",\"width\":750,\"height\":750},{\"@type\":\"BreadcrumbList\",\"@id\":\"https:\/\/bamboovipfood.com\/san-pham\/cu-cai-trang-say-thang-hoa\/#breadcrumb\",\"itemListElement\":[{\"@type\":\"ListItem\",\"position\":1,\"name\":\"Trang ch\u1ee7\",\"item\":\"https:\/\/bamboovipfood.com\/\"},{\"@type\":\"ListItem\",\"position\":2,\"name\":\"Shop\",\"item\":\"https:\/\/bamboovipfood.com\/shop\/\"},{\"@type\":\"ListItem\",\"position\":3,\"name\":\"C\u1ee7 C\u1ea3i Tr\u1eafng S\u1ea5y Th\u0103ng Hoa\"}]},{\"@type\":\"WebSite\",\"@id\":\"https:\/\/bamboovipfood.com\/#website\",\"url\":\"https:\/\/bamboovipfood.com\/\",\"name\":\"Bamboo Freeze Drying\",\"description\":\"Nh\u00e0 cung \u1ee9ng s\u1ea3n ph\u1ea9m s\u1ea5y th\u0103ng hoa h\u00e0ng \u0111\u1ea7u\",\"publisher\":{\"@id\":\"https:\/\/bamboovipfood.com\/#organization\"},\"potentialAction\":[{\"@type\":\"SearchAction\",\"target\":{\"@type\":\"EntryPoint\",\"urlTemplate\":\"https:\/\/bamboovipfood.com\/?s={search_term_string}\"},\"query-input\":{\"@type\":\"PropertyValueSpecification\",\"valueRequired\":true,\"valueName\":\"search_term_string\"}}],\"inLanguage\":\"en-US\"},{\"@type\":\"Organization\",\"@id\":\"https:\/\/bamboovipfood.com\/#organization\",\"name\":\"Bamboo Freeze Drying\",\"url\":\"https:\/\/bamboovipfood.com\/\",\"logo\":{\"@type\":\"ImageObject\",\"inLanguage\":\"en-US\",\"@id\":\"https:\/\/bamboovipfood.com\/#\/schema\/logo\/image\/\",\"url\":\"https:\/\/bamboovipfood.com\/wp-content\/uploads\/2020\/08\/Logo-Bamboo-Freeze-Dry-Dark.png\",\"contentUrl\":\"https:\/\/bamboovipfood.com\/wp-content\/uploads\/2020\/08\/Logo-Bamboo-Freeze-Dry-Dark.png\",\"width\":500,\"height\":189,\"caption\":\"Bamboo Freeze Drying\"},\"image\":{\"@id\":\"https:\/\/bamboovipfood.com\/#\/schema\/logo\/image\/\"}}]}<\/script>\n<!-- \/ Yoast SEO plugin. -->","yoast_head_json":{"title":"C\u1ee7 C\u1ea3i Tr\u1eafng S\u1ea5y Th\u0103ng Hoa - Bamboo Freeze Drying","robots":{"index":"index","follow":"follow","max-snippet":"max-snippet:-1","max-image-preview":"max-image-preview:large","max-video-preview":"max-video-preview:-1"},"canonical":"https:\/\/bamboovipfood.com\/en\/product\/freeze-dried-white-radish\/","og_locale":"en_US","og_type":"article","og_title":"C\u1ee7 C\u1ea3i Tr\u1eafng S\u1ea5y Th\u0103ng Hoa - Bamboo Freeze Drying","og_description":"C\u1ee7 c\u1ea3i tr\u1eafng \u2013 lo\u1ea1i rau c\u1ee7 quen thu\u1ed9c, kh\u00f4ng ch\u1ec9 l\u00e0 nguy\u00ean li\u1ec7u ch\u00ednh trong c\u00e1c m\u00f3n canh, s\u00fap m\u00e0 c\u00f2n ch\u1ee9a nhi\u1ec1u vitamin C, ch\u1ea5t x\u01a1, v\u00e0 kho\u00e1ng ch\u1ea5t c\u00f3 l\u1ee3i cho h\u1ec7 ti\u00eau h\u00f3a v\u00e0 s\u1ee9c kh\u1ecfe tim m\u1ea1ch. Tuy nhi\u00ean, c\u1ee7 c\u1ea3i t\u01b0\u01a1i d\u1ec5 b\u1ecb h\u01b0 h\u1ecfng, kh\u00f3 b\u1ea3o qu\u1ea3n l\u00e2u [&hellip;]","og_url":"https:\/\/bamboovipfood.com\/en\/product\/freeze-dried-white-radish\/","og_site_name":"Bamboo Freeze Drying","og_image":[{"width":750,"height":750,"url":"https:\/\/bamboovipfood.com\/wp-content\/uploads\/2025\/04\/cu-cai-trang-say-thang-hoa.jpg","type":"image\/jpeg"}],"twitter_card":"summary_large_image","twitter_misc":{"Est. reading time":"3 minutes"},"schema":{"@context":"https:\/\/schema.org","@graph":[{"@type":"WebPage","@id":"https:\/\/bamboovipfood.com\/san-pham\/cu-cai-trang-say-thang-hoa\/","url":"https:\/\/bamboovipfood.com\/san-pham\/cu-cai-trang-say-thang-hoa\/","name":"C\u1ee7 C\u1ea3i Tr\u1eafng S\u1ea5y Th\u0103ng Hoa - Bamboo Freeze Drying","isPartOf":{"@id":"https:\/\/bamboovipfood.com\/#website"},"primaryImageOfPage":{"@id":"https:\/\/bamboovipfood.com\/san-pham\/cu-cai-trang-say-thang-hoa\/#primaryimage"},"image":{"@id":"https:\/\/bamboovipfood.com\/san-pham\/cu-cai-trang-say-thang-hoa\/#primaryimage"},"thumbnailUrl":"https:\/\/bamboovipfood.com\/wp-content\/uploads\/2025\/04\/cu-cai-trang-say-thang-hoa.jpg","datePublished":"2025-04-22T07:42:52+00:00","breadcrumb":{"@id":"https:\/\/bamboovipfood.com\/san-pham\/cu-cai-trang-say-thang-hoa\/#breadcrumb"},"inLanguage":"en-US","potentialAction":[{"@type":"ReadAction","target":["https:\/\/bamboovipfood.com\/san-pham\/cu-cai-trang-say-thang-hoa\/"]}]},{"@type":"ImageObject","inLanguage":"en-US","@id":"https:\/\/bamboovipfood.com\/san-pham\/cu-cai-trang-say-thang-hoa\/#primaryimage","url":"https:\/\/bamboovipfood.com\/wp-content\/uploads\/2025\/04\/cu-cai-trang-say-thang-hoa.jpg","contentUrl":"https:\/\/bamboovipfood.com\/wp-content\/uploads\/2025\/04\/cu-cai-trang-say-thang-hoa.jpg","width":750,"height":750},{"@type":"BreadcrumbList","@id":"https:\/\/bamboovipfood.com\/san-pham\/cu-cai-trang-say-thang-hoa\/#breadcrumb","itemListElement":[{"@type":"ListItem","position":1,"name":"Trang ch\u1ee7","item":"https:\/\/bamboovipfood.com\/"},{"@type":"ListItem","position":2,"name":"Shop","item":"https:\/\/bamboovipfood.com\/shop\/"},{"@type":"ListItem","position":3,"name":"C\u1ee7 C\u1ea3i Tr\u1eafng S\u1ea5y Th\u0103ng Hoa"}]},{"@type":"WebSite","@id":"https:\/\/bamboovipfood.com\/#website","url":"https:\/\/bamboovipfood.com\/","name":"Bamboo Freeze Drying","description":"Nh\u00e0 cung \u1ee9ng s\u1ea3n ph\u1ea9m s\u1ea5y th\u0103ng hoa h\u00e0ng \u0111\u1ea7u","publisher":{"@id":"https:\/\/bamboovipfood.com\/#organization"},"potentialAction":[{"@type":"SearchAction","target":{"@type":"EntryPoint","urlTemplate":"https:\/\/bamboovipfood.com\/?s={search_term_string}"},"query-input":{"@type":"PropertyValueSpecification","valueRequired":true,"valueName":"search_term_string"}}],"inLanguage":"en-US"},{"@type":"Organization","@id":"https:\/\/bamboovipfood.com\/#organization","name":"Bamboo Freeze Drying","url":"https:\/\/bamboovipfood.com\/","logo":{"@type":"ImageObject","inLanguage":"en-US","@id":"https:\/\/bamboovipfood.com\/#\/schema\/logo\/image\/","url":"https:\/\/bamboovipfood.com\/wp-content\/uploads\/2020\/08\/Logo-Bamboo-Freeze-Dry-Dark.png","contentUrl":"https:\/\/bamboovipfood.com\/wp-content\/uploads\/2020\/08\/Logo-Bamboo-Freeze-Dry-Dark.png","width":500,"height":189,"caption":"Bamboo Freeze Drying"},"image":{"@id":"https:\/\/bamboovipfood.com\/#\/schema\/logo\/image\/"}}]}},"_links":{"self":[{"href":"https:\/\/bamboovipfood.com\/en\/wp-json\/wp\/v2\/product\/9751","targetHints":{"allow":["GET"]}}],"collection":[{"href":"https:\/\/bamboovipfood.com\/en\/wp-json\/wp\/v2\/product"}],"about":[{"href":"https:\/\/bamboovipfood.com\/en\/wp-json\/wp\/v2\/types\/product"}],"replies":[{"embeddable":true,"href":"https:\/\/bamboovipfood.com\/en\/wp-json\/wp\/v2\/comments?post=9751"}],"wp:featuredmedia":[{"embeddable":true,"href":"https:\/\/bamboovipfood.com\/en\/wp-json\/wp\/v2\/media\/9752"}],"wp:attachment":[{"href":"https:\/\/bamboovipfood.com\/en\/wp-json\/wp\/v2\/media?parent=9751"}],"wp:term":[{"taxonomy":"product_cat","embeddable":true,"href":"https:\/\/bamboovipfood.com\/en\/wp-json\/wp\/v2\/product_cat?post=9751"},{"taxonomy":"product_tag","embeddable":true,"href":"https:\/\/bamboovipfood.com\/en\/wp-json\/wp\/v2\/product_tag?post=9751"}],"curies":[{"name":"wp","href":"https:\/\/api.w.org\/{rel}","templated":true}]}}