{"id":9745,"date":"2025-04-22T07:16:44","date_gmt":"2025-04-22T07:16:44","guid":{"rendered":"https:\/\/bamboovipfood.com\/?post_type=product&#038;p=9745"},"modified":"2025-04-22T07:16:44","modified_gmt":"2025-04-22T07:16:44","slug":"bong-cai-trang-say-thang-hoa","status":"publish","type":"product","link":"https:\/\/bamboovipfood.com\/en\/product\/cauliflower-florets-advanced-freeze-dried\/","title":{"rendered":"Cauliflower Florets (Advanced Dried) Freeze-Dried"},"content":{"rendered":"<p class=\"\" data-start=\"455\" data-end=\"825\"><strong data-start=\"455\" data-end=\"488\">Cauliflower<\/strong> is one of the <strong data-start=\"513\" data-end=\"551\">vegetables rich in vitamins and minerals<\/strong> c\u00f3 l\u1ee3i cho s\u1ee9c kh\u1ecfe, \u0111\u1eb7c bi\u1ec7t l\u00e0 \u0111\u1ed1i v\u1edbi <strong data-start=\"593\" data-end=\"645\">the digestive system, heart health, and antioxidant protection.<\/strong>However, preserving fresh cauliflower is always a challenge because it spoils easily, and it is not always convenient to include fresh vegetables in your daily diet.<\/p>\n<p class=\"\" data-start=\"827\" data-end=\"1126\">With technology <strong data-start=\"841\" data-end=\"858\">sublimation (freeze-drying)<\/strong> modern, <strong data-start=\"869\" data-end=\"893\">Bamboo Freeze Drying<\/strong> deliver the product <strong data-start=\"912\" data-end=\"944\">Freeze-Dried Cauliflower<\/strong> \u2013 <strong data-start=\"947\" data-end=\"1002\">retains original flavor, nutrients, and is convenient to use.<\/strong> in daily meals. This is an excellent choice for those who love clean, convenient, and nutrient-rich vegetables.<\/p>\n<h3 data-start=\"1133\" data-end=\"1217\">Advanced Drying Technology Preserves Cauliflower\u2019s Flavor and Nutrients<\/h3>\n<p class=\"\" data-start=\"1219\" data-end=\"1456\"><strong data-start=\"1219\" data-end=\"1236\">Freeze dried<\/strong> is a method of drying food by <strong data-start=\"1280\" data-end=\"1328\">removing moisture at low temperatures and under vacuum.<\/strong>, helping to remove water without losing <strong data-start=\"1368\" data-end=\"1403\">flavor, color, and nutrients<\/strong>. When applied to cauliflower, this technology helps:<\/p>\n<ul>\n<li data-start=\"1460\" data-end=\"1548\"><strong data-start=\"1460\" data-end=\"1493\">Retains the fresh flavor<\/strong> of the cauliflower, without losing its natural sweetness.<\/li>\n<li data-start=\"1551\" data-end=\"1691\"><strong data-start=\"1551\" data-end=\"1582\">Preserves Vitamin C and fiber<\/strong>, and <strong data-start=\"1591\" data-end=\"1606\">Minerals<\/strong> such as folate, calcium, potassium, and iron \u2013 helping to boost heart health and support digestion.<\/li>\n<li data-start=\"1694\" data-end=\"1783\"><strong data-start=\"1694\" data-end=\"1718\">Creates a light, crispy texture<\/strong>, making it easy to crumble or rehydrate for use in various dishes.<\/li>\n<\/ul>\n<h3 data-start=\"1790\" data-end=\"1844\">Outstanding Advantages of Freeze-Dried Cauliflower<\/h3>\n<div class=\"pointer-events-none relative left-[50%]! flex w-[100cqw] translate-x-[-50%] justify-center *:pointer-events-auto\">\n<div class=\"tableContainer horzScrollShadows\">\n<table class=\"min-w-full\" data-start=\"1846\" data-end=\"2547\">\n<thead data-start=\"1846\" data-end=\"1952\">\n<tr data-start=\"1846\" data-end=\"1952\">\n<th data-start=\"1846\" data-end=\"1878\">Outstanding features<\/th>\n<th data-start=\"1878\" data-end=\"1952\">Benefits for consumers<\/th>\n<\/tr>\n<\/thead>\n<tbody data-start=\"2058\" data-end=\"2547\">\n<tr data-start=\"2058\" data-end=\"2171\">\n<td class=\"max-w-[calc(var(--thread-content-max-width)*2\/3)]\" data-start=\"2058\" data-end=\"2090\"><strong data-start=\"2060\" data-end=\"2085\">Preserves Nutritional Value<\/strong><\/td>\n<td class=\"max-w-[calc(var(--thread-content-max-width)*2\/3)] min-w-[calc(var(--thread-content-max-width)\/3)]\" data-start=\"2090\" data-end=\"2171\">Vitamin C, fiber, and minerals are preserved during the freeze-drying process.<\/td>\n<\/tr>\n<tr data-start=\"2172\" data-end=\"2298\">\n<td class=\"max-w-[calc(var(--thread-content-max-width)*2\/3)]\" data-start=\"2172\" data-end=\"2204\"><strong data-start=\"2174\" data-end=\"2195\">Natural Taste<\/strong><\/td>\n<td class=\"max-w-[calc(var(--thread-content-max-width)*2\/3)] min-w-[calc(var(--thread-content-max-width)\/2)]\" data-start=\"2204\" data-end=\"2298\">The cauliflower retains its natural sweetness, without the flavor alteration associated with heat processing.<\/td>\n<\/tr>\n<tr data-start=\"2299\" data-end=\"2426\">\n<td class=\"max-w-[calc(var(--thread-content-max-width)*2\/3)]\" data-start=\"2299\" data-end=\"2331\"><strong data-start=\"2301\" data-end=\"2327\">No oil, no frying.<\/strong><\/td>\n<td class=\"max-w-[calc(var(--thread-content-max-width)*2\/3)] min-w-[calc(var(--thread-content-max-width)\/2)]\" data-start=\"2331\" data-end=\"2426\">Suitable for weight loss diets and healthy lifestyles such as <strong data-start=\"2410\" data-end=\"2423\">Eat Clean<\/strong>.<\/td>\n<\/tr>\n<tr data-start=\"2427\" data-end=\"2547\">\n<td class=\"max-w-[calc(var(--thread-content-max-width)*2\/3)]\" data-start=\"2427\" data-end=\"2459\"><strong data-start=\"2429\" data-end=\"2455\">Convenient &amp; Ready to Use<\/strong><\/td>\n<td class=\"max-w-[calc(var(--thread-content-max-width)*2\/3)] min-w-[calc(var(--thread-content-max-width)\/2)]\" data-start=\"2459\" data-end=\"2547\">Freeze-dried cauliflower is ready to use immediately or can be rehydrated for cooking.<\/td>\n<\/tr>\n<\/tbody>\n<\/table>\n<h3 class=\"\" data-start=\"3025\" data-end=\"3058\">Cooking Ingredient<\/h3>\n<ul>\n<li><strong data-start=\"3061\" data-end=\"3080\">Reconstitution<\/strong> to prepare dishes <strong data-start=\"3101\" data-end=\"3114\">soups, stir-fries<\/strong> or <strong data-start=\"3120\" data-end=\"3127\">stews<\/strong> \u2013 retaining the freshness and nutrition of the cauliflower in your meals.<\/li>\n<li>Use as an ingredient for <strong data-start=\"3222\" data-end=\"3239\">stews, baked goods<\/strong> or combine with <strong data-start=\"3261\" data-end=\"3280\">other dried vegetables<\/strong> to create nutritious dishes.<\/li>\n<\/ul>\n<h3 data-start=\"3499\" data-end=\"3538\">Custom Specifications &amp; Processing Available<\/h3>\n<ul>\n<li data-start=\"3542\" data-end=\"3613\"><strong data-start=\"3542\" data-end=\"3559\">Product type<\/strong>: Whole Florets, Chopped, or Fine Powder.<\/li>\n<li data-start=\"3616\" data-end=\"3688\"><strong data-start=\"3616\" data-end=\"3628\">Pack<\/strong>: Zip bags, plastic boxes, vacuum packaging.<\/li>\n<li data-start=\"3691\" data-end=\"3798\">Receive <strong data-start=\"3696\" data-end=\"3732\">Original Equipment Manufacturer (OEM)<\/strong> for spice brands, restaurants, and health gift products.<\/li>\n<\/ul>\n<p style=\"text-align: center;\"><span style=\"color: #800000;\"><strong>For any product inquiries or business collaboration opportunities, please contact us at: 0909 753 648<\/strong><\/span><\/p>\n<\/div>\n<\/div>","protected":false},"excerpt":{"rendered":"<p>B\u00f4ng c\u1ea3i tr\u1eafng (s\u00fap l\u01a1 tr\u1eafng) l\u00e0 m\u1ed9t trong nh\u1eefng lo\u1ea1i rau c\u1ee7 gi\u00e0u vitamin v\u00e0 kho\u00e1ng ch\u1ea5t c\u00f3 l\u1ee3i cho s\u1ee9c kh\u1ecfe, \u0111\u1eb7c bi\u1ec7t l\u00e0 \u0111\u1ed1i v\u1edbi h\u1ec7 ti\u00eau h\u00f3a, tim m\u1ea1ch, v\u00e0 kh\u1ea3 n\u0103ng ch\u1ed1ng oxy h\u00f3a. Tuy nhi\u00ean, vi\u1ec7c b\u1ea3o qu\u1ea3n b\u00f4ng c\u1ea3i t\u01b0\u01a1i lu\u00f4n g\u1eb7p kh\u00f3 kh\u0103n v\u00ec lo\u1ea1i rau n\u00e0y [&hellip;]<\/p>","protected":false},"featured_media":9746,"comment_status":"open","ping_status":"closed","template":"","meta":[],"product_cat":[396],"product_tag":[],"class_list":{"0":"post-9745","1":"product","2":"type-product","3":"status-publish","4":"has-post-thumbnail","6":"product_cat-rau-cu-say-thang-hoa","8":"first","9":"instock","10":"shipping-taxable","11":"product-type-simple"},"yoast_head":"<!-- This site is optimized with the Yoast SEO plugin v25.7 - https:\/\/yoast.com\/wordpress\/plugins\/seo\/ -->\n<title>B\u00f4ng c\u1ea3i tr\u1eafng s\u1ea5y th\u0103ng hoa - Bamboo Freeze Drying<\/title>\n<meta name=\"robots\" content=\"index, follow, max-snippet:-1, max-image-preview:large, max-video-preview:-1\" \/>\n<link rel=\"canonical\" href=\"https:\/\/bamboovipfood.com\/en\/product\/cauliflower-florets-advanced-freeze-dried\/\" \/>\n<meta property=\"og:locale\" content=\"en_US\" \/>\n<meta property=\"og:type\" content=\"article\" \/>\n<meta property=\"og:title\" content=\"B\u00f4ng c\u1ea3i tr\u1eafng s\u1ea5y th\u0103ng hoa - Bamboo Freeze Drying\" \/>\n<meta property=\"og:description\" content=\"B\u00f4ng c\u1ea3i tr\u1eafng (s\u00fap l\u01a1 tr\u1eafng) l\u00e0 m\u1ed9t trong nh\u1eefng lo\u1ea1i rau c\u1ee7 gi\u00e0u vitamin v\u00e0 kho\u00e1ng ch\u1ea5t c\u00f3 l\u1ee3i cho s\u1ee9c kh\u1ecfe, \u0111\u1eb7c bi\u1ec7t l\u00e0 \u0111\u1ed1i v\u1edbi h\u1ec7 ti\u00eau h\u00f3a, tim m\u1ea1ch, v\u00e0 kh\u1ea3 n\u0103ng ch\u1ed1ng oxy h\u00f3a. Tuy nhi\u00ean, vi\u1ec7c b\u1ea3o qu\u1ea3n b\u00f4ng c\u1ea3i t\u01b0\u01a1i lu\u00f4n g\u1eb7p kh\u00f3 kh\u0103n v\u00ec lo\u1ea1i rau n\u00e0y [&hellip;]\" \/>\n<meta property=\"og:url\" content=\"https:\/\/bamboovipfood.com\/en\/product\/cauliflower-florets-advanced-freeze-dried\/\" \/>\n<meta property=\"og:site_name\" content=\"Bamboo Freeze Drying\" \/>\n<meta property=\"og:image\" content=\"https:\/\/bamboovipfood.com\/wp-content\/uploads\/2025\/04\/bong-cai-trang-say-thang-hoa.jpg\" \/>\n\t<meta property=\"og:image:width\" content=\"750\" \/>\n\t<meta property=\"og:image:height\" content=\"750\" \/>\n\t<meta property=\"og:image:type\" content=\"image\/jpeg\" \/>\n<meta name=\"twitter:card\" content=\"summary_large_image\" \/>\n<meta name=\"twitter:label1\" content=\"Est. reading time\" \/>\n\t<meta name=\"twitter:data1\" content=\"4 minutes\" \/>\n<script type=\"application\/ld+json\" class=\"yoast-schema-graph\">{\"@context\":\"https:\/\/schema.org\",\"@graph\":[{\"@type\":\"WebPage\",\"@id\":\"https:\/\/bamboovipfood.com\/san-pham\/bong-cai-trang-say-thang-hoa\/\",\"url\":\"https:\/\/bamboovipfood.com\/san-pham\/bong-cai-trang-say-thang-hoa\/\",\"name\":\"B\u00f4ng c\u1ea3i tr\u1eafng s\u1ea5y th\u0103ng hoa - Bamboo Freeze Drying\",\"isPartOf\":{\"@id\":\"https:\/\/bamboovipfood.com\/#website\"},\"primaryImageOfPage\":{\"@id\":\"https:\/\/bamboovipfood.com\/san-pham\/bong-cai-trang-say-thang-hoa\/#primaryimage\"},\"image\":{\"@id\":\"https:\/\/bamboovipfood.com\/san-pham\/bong-cai-trang-say-thang-hoa\/#primaryimage\"},\"thumbnailUrl\":\"https:\/\/bamboovipfood.com\/wp-content\/uploads\/2025\/04\/bong-cai-trang-say-thang-hoa.jpg\",\"datePublished\":\"2025-04-22T07:16:44+00:00\",\"breadcrumb\":{\"@id\":\"https:\/\/bamboovipfood.com\/san-pham\/bong-cai-trang-say-thang-hoa\/#breadcrumb\"},\"inLanguage\":\"en-US\",\"potentialAction\":[{\"@type\":\"ReadAction\",\"target\":[\"https:\/\/bamboovipfood.com\/san-pham\/bong-cai-trang-say-thang-hoa\/\"]}]},{\"@type\":\"ImageObject\",\"inLanguage\":\"en-US\",\"@id\":\"https:\/\/bamboovipfood.com\/san-pham\/bong-cai-trang-say-thang-hoa\/#primaryimage\",\"url\":\"https:\/\/bamboovipfood.com\/wp-content\/uploads\/2025\/04\/bong-cai-trang-say-thang-hoa.jpg\",\"contentUrl\":\"https:\/\/bamboovipfood.com\/wp-content\/uploads\/2025\/04\/bong-cai-trang-say-thang-hoa.jpg\",\"width\":750,\"height\":750},{\"@type\":\"BreadcrumbList\",\"@id\":\"https:\/\/bamboovipfood.com\/san-pham\/bong-cai-trang-say-thang-hoa\/#breadcrumb\",\"itemListElement\":[{\"@type\":\"ListItem\",\"position\":1,\"name\":\"Trang ch\u1ee7\",\"item\":\"https:\/\/bamboovipfood.com\/\"},{\"@type\":\"ListItem\",\"position\":2,\"name\":\"Shop\",\"item\":\"https:\/\/bamboovipfood.com\/shop\/\"},{\"@type\":\"ListItem\",\"position\":3,\"name\":\"B\u00f4ng c\u1ea3i tr\u1eafng s\u1ea5y th\u0103ng hoa\"}]},{\"@type\":\"WebSite\",\"@id\":\"https:\/\/bamboovipfood.com\/#website\",\"url\":\"https:\/\/bamboovipfood.com\/\",\"name\":\"Bamboo Freeze Drying\",\"description\":\"Nh\u00e0 cung \u1ee9ng s\u1ea3n ph\u1ea9m s\u1ea5y th\u0103ng hoa h\u00e0ng \u0111\u1ea7u\",\"publisher\":{\"@id\":\"https:\/\/bamboovipfood.com\/#organization\"},\"potentialAction\":[{\"@type\":\"SearchAction\",\"target\":{\"@type\":\"EntryPoint\",\"urlTemplate\":\"https:\/\/bamboovipfood.com\/?s={search_term_string}\"},\"query-input\":{\"@type\":\"PropertyValueSpecification\",\"valueRequired\":true,\"valueName\":\"search_term_string\"}}],\"inLanguage\":\"en-US\"},{\"@type\":\"Organization\",\"@id\":\"https:\/\/bamboovipfood.com\/#organization\",\"name\":\"Bamboo Freeze Drying\",\"url\":\"https:\/\/bamboovipfood.com\/\",\"logo\":{\"@type\":\"ImageObject\",\"inLanguage\":\"en-US\",\"@id\":\"https:\/\/bamboovipfood.com\/#\/schema\/logo\/image\/\",\"url\":\"https:\/\/bamboovipfood.com\/wp-content\/uploads\/2020\/08\/Logo-Bamboo-Freeze-Dry-Dark.png\",\"contentUrl\":\"https:\/\/bamboovipfood.com\/wp-content\/uploads\/2020\/08\/Logo-Bamboo-Freeze-Dry-Dark.png\",\"width\":500,\"height\":189,\"caption\":\"Bamboo Freeze Drying\"},\"image\":{\"@id\":\"https:\/\/bamboovipfood.com\/#\/schema\/logo\/image\/\"}}]}<\/script>\n<!-- \/ Yoast SEO plugin. -->","yoast_head_json":{"title":"B\u00f4ng c\u1ea3i tr\u1eafng s\u1ea5y th\u0103ng hoa - Bamboo Freeze Drying","robots":{"index":"index","follow":"follow","max-snippet":"max-snippet:-1","max-image-preview":"max-image-preview:large","max-video-preview":"max-video-preview:-1"},"canonical":"https:\/\/bamboovipfood.com\/en\/product\/cauliflower-florets-advanced-freeze-dried\/","og_locale":"en_US","og_type":"article","og_title":"B\u00f4ng c\u1ea3i tr\u1eafng s\u1ea5y th\u0103ng hoa - Bamboo Freeze Drying","og_description":"B\u00f4ng c\u1ea3i tr\u1eafng (s\u00fap l\u01a1 tr\u1eafng) l\u00e0 m\u1ed9t trong nh\u1eefng lo\u1ea1i rau c\u1ee7 gi\u00e0u vitamin v\u00e0 kho\u00e1ng ch\u1ea5t c\u00f3 l\u1ee3i cho s\u1ee9c kh\u1ecfe, \u0111\u1eb7c bi\u1ec7t l\u00e0 \u0111\u1ed1i v\u1edbi h\u1ec7 ti\u00eau h\u00f3a, tim m\u1ea1ch, v\u00e0 kh\u1ea3 n\u0103ng ch\u1ed1ng oxy h\u00f3a. Tuy nhi\u00ean, vi\u1ec7c b\u1ea3o qu\u1ea3n b\u00f4ng c\u1ea3i t\u01b0\u01a1i lu\u00f4n g\u1eb7p kh\u00f3 kh\u0103n v\u00ec lo\u1ea1i rau n\u00e0y [&hellip;]","og_url":"https:\/\/bamboovipfood.com\/en\/product\/cauliflower-florets-advanced-freeze-dried\/","og_site_name":"Bamboo Freeze Drying","og_image":[{"width":750,"height":750,"url":"https:\/\/bamboovipfood.com\/wp-content\/uploads\/2025\/04\/bong-cai-trang-say-thang-hoa.jpg","type":"image\/jpeg"}],"twitter_card":"summary_large_image","twitter_misc":{"Est. reading time":"4 minutes"},"schema":{"@context":"https:\/\/schema.org","@graph":[{"@type":"WebPage","@id":"https:\/\/bamboovipfood.com\/san-pham\/bong-cai-trang-say-thang-hoa\/","url":"https:\/\/bamboovipfood.com\/san-pham\/bong-cai-trang-say-thang-hoa\/","name":"B\u00f4ng c\u1ea3i tr\u1eafng s\u1ea5y th\u0103ng hoa - Bamboo Freeze Drying","isPartOf":{"@id":"https:\/\/bamboovipfood.com\/#website"},"primaryImageOfPage":{"@id":"https:\/\/bamboovipfood.com\/san-pham\/bong-cai-trang-say-thang-hoa\/#primaryimage"},"image":{"@id":"https:\/\/bamboovipfood.com\/san-pham\/bong-cai-trang-say-thang-hoa\/#primaryimage"},"thumbnailUrl":"https:\/\/bamboovipfood.com\/wp-content\/uploads\/2025\/04\/bong-cai-trang-say-thang-hoa.jpg","datePublished":"2025-04-22T07:16:44+00:00","breadcrumb":{"@id":"https:\/\/bamboovipfood.com\/san-pham\/bong-cai-trang-say-thang-hoa\/#breadcrumb"},"inLanguage":"en-US","potentialAction":[{"@type":"ReadAction","target":["https:\/\/bamboovipfood.com\/san-pham\/bong-cai-trang-say-thang-hoa\/"]}]},{"@type":"ImageObject","inLanguage":"en-US","@id":"https:\/\/bamboovipfood.com\/san-pham\/bong-cai-trang-say-thang-hoa\/#primaryimage","url":"https:\/\/bamboovipfood.com\/wp-content\/uploads\/2025\/04\/bong-cai-trang-say-thang-hoa.jpg","contentUrl":"https:\/\/bamboovipfood.com\/wp-content\/uploads\/2025\/04\/bong-cai-trang-say-thang-hoa.jpg","width":750,"height":750},{"@type":"BreadcrumbList","@id":"https:\/\/bamboovipfood.com\/san-pham\/bong-cai-trang-say-thang-hoa\/#breadcrumb","itemListElement":[{"@type":"ListItem","position":1,"name":"Trang ch\u1ee7","item":"https:\/\/bamboovipfood.com\/"},{"@type":"ListItem","position":2,"name":"Shop","item":"https:\/\/bamboovipfood.com\/shop\/"},{"@type":"ListItem","position":3,"name":"B\u00f4ng c\u1ea3i tr\u1eafng s\u1ea5y th\u0103ng hoa"}]},{"@type":"WebSite","@id":"https:\/\/bamboovipfood.com\/#website","url":"https:\/\/bamboovipfood.com\/","name":"Bamboo Freeze Drying","description":"Nh\u00e0 cung \u1ee9ng s\u1ea3n ph\u1ea9m s\u1ea5y th\u0103ng hoa h\u00e0ng \u0111\u1ea7u","publisher":{"@id":"https:\/\/bamboovipfood.com\/#organization"},"potentialAction":[{"@type":"SearchAction","target":{"@type":"EntryPoint","urlTemplate":"https:\/\/bamboovipfood.com\/?s={search_term_string}"},"query-input":{"@type":"PropertyValueSpecification","valueRequired":true,"valueName":"search_term_string"}}],"inLanguage":"en-US"},{"@type":"Organization","@id":"https:\/\/bamboovipfood.com\/#organization","name":"Bamboo Freeze Drying","url":"https:\/\/bamboovipfood.com\/","logo":{"@type":"ImageObject","inLanguage":"en-US","@id":"https:\/\/bamboovipfood.com\/#\/schema\/logo\/image\/","url":"https:\/\/bamboovipfood.com\/wp-content\/uploads\/2020\/08\/Logo-Bamboo-Freeze-Dry-Dark.png","contentUrl":"https:\/\/bamboovipfood.com\/wp-content\/uploads\/2020\/08\/Logo-Bamboo-Freeze-Dry-Dark.png","width":500,"height":189,"caption":"Bamboo Freeze Drying"},"image":{"@id":"https:\/\/bamboovipfood.com\/#\/schema\/logo\/image\/"}}]}},"_links":{"self":[{"href":"https:\/\/bamboovipfood.com\/en\/wp-json\/wp\/v2\/product\/9745","targetHints":{"allow":["GET"]}}],"collection":[{"href":"https:\/\/bamboovipfood.com\/en\/wp-json\/wp\/v2\/product"}],"about":[{"href":"https:\/\/bamboovipfood.com\/en\/wp-json\/wp\/v2\/types\/product"}],"replies":[{"embeddable":true,"href":"https:\/\/bamboovipfood.com\/en\/wp-json\/wp\/v2\/comments?post=9745"}],"wp:featuredmedia":[{"embeddable":true,"href":"https:\/\/bamboovipfood.com\/en\/wp-json\/wp\/v2\/media\/9746"}],"wp:attachment":[{"href":"https:\/\/bamboovipfood.com\/en\/wp-json\/wp\/v2\/media?parent=9745"}],"wp:term":[{"taxonomy":"product_cat","embeddable":true,"href":"https:\/\/bamboovipfood.com\/en\/wp-json\/wp\/v2\/product_cat?post=9745"},{"taxonomy":"product_tag","embeddable":true,"href":"https:\/\/bamboovipfood.com\/en\/wp-json\/wp\/v2\/product_tag?post=9745"}],"curies":[{"name":"wp","href":"https:\/\/api.w.org\/{rel}","templated":true}]}}