{"id":9721,"date":"2025-04-21T08:21:48","date_gmt":"2025-04-21T08:21:48","guid":{"rendered":"https:\/\/bamboovipfood.com\/?post_type=product&#038;p=9721"},"modified":"2025-04-21T08:30:33","modified_gmt":"2025-04-21T08:30:33","slug":"khoai-tay-say-thang-hoa","status":"publish","type":"product","link":"https:\/\/bamboovipfood.com\/en\/product\/freeze-dried-potato\/","title":{"rendered":"Golden Diced Potatoes (Freeze-Dried)"},"content":{"rendered":"<p class=\"\" data-start=\"469\" data-end=\"777\"><strong data-start=\"469\" data-end=\"482\">Potato<\/strong> is a starchy tuber rich in vitamin C, potassium, and fiber, which has long been <strong data-start=\"557\" data-end=\"613\">a popular ingredient in every family's menu.<\/strong>. But have you ever tried a version <em data-start=\"654\" data-end=\"719\">crispy potatoes with zero oil, no frying, and no preservatives<\/em> - while still retaining the original flavor of fresh steamed potatoes?<\/p>\n<p class=\"\" data-start=\"779\" data-end=\"1054\">In <strong data-start=\"783\" data-end=\"807\">Bamboo Freeze Drying<\/strong>, we carefully select <strong data-start=\"828\" data-end=\"851\">fresh, delicious potatoes<\/strong>, <strong data-start=\"853\" data-end=\"869\">steamed until tender<\/strong> and evenly sliced before being fed into the production line <strong data-start=\"919\" data-end=\"945\">advanced freeze-drying technology<\/strong>. The result is a product that <strong data-start=\"967\" data-end=\"1053\">crispy and airy potato slices that retain all their nutrients\u2014addictive to eat, but with no weight gain worries<\/strong><\/p>\n<h3 data-start=\"1061\" data-end=\"1138\">Freeze-Dried Potatoes \u2013 The Next Generation of Healthy Snacking<\/h3>\n<p class=\"\" data-start=\"1140\" data-end=\"1291\">Unlike traditional potato chips which are often greasy and high in oil, <strong data-start=\"1197\" data-end=\"1224\">freeze-Dried Potatoes<\/strong> is processed using freezing and vacuum dehydration technology, which helps to:<\/p>\n<ul>\n<li data-start=\"1295\" data-end=\"1355\"><strong data-start=\"1295\" data-end=\"1326\">Retain natural sweetness<\/strong> of the steamed potatoes.<\/li>\n<li data-start=\"1358\" data-end=\"1482\">Preserve <strong data-start=\"1367\" data-end=\"1432\">fiber, vitamin C, potassium, and resistant starch<\/strong> - beneficial for digestion and blood sugar control.<\/li>\n<li data-start=\"1485\" data-end=\"1602\"><strong data-start=\"1485\" data-end=\"1508\">Non-fried<\/strong>, additive-free, <strong data-start=\"1530\" data-end=\"1601\">suitable for vegetarians, dieters, children, and the elderly.<\/strong>.<\/li>\n<\/ul>\n<h3 data-start=\"1609\" data-end=\"1689\">Outstanding Advantages of Bamboo Freeze-Dried Potato Slices<\/h3>\n<div class=\"pointer-events-none relative left-[50%]! flex w-[100cqw] translate-x-[-50%] justify-center *:pointer-events-auto\">\n<div class=\"tableContainer horzScrollShadows\">\n<table class=\"min-w-full\" data-start=\"1691\" data-end=\"2310\">\n<thead data-start=\"1691\" data-end=\"1793\">\n<tr data-start=\"1691\" data-end=\"1793\">\n<th data-start=\"1691\" data-end=\"1724\">Outstanding features<\/th>\n<th data-start=\"1724\" data-end=\"1793\">Superior Benefits<\/th>\n<\/tr>\n<\/thead>\n<tbody data-start=\"1897\" data-end=\"2310\">\n<tr data-start=\"1897\" data-end=\"1999\">\n<td class=\"max-w-[calc(var(--thread-content-max-width)*2\/3)]\" data-start=\"1897\" data-end=\"1929\">Pre-steamed before freeze-drying<\/td>\n<td class=\"max-w-[calc(var(--thread-content-max-width)*2\/3)] min-w-[calc(var(--thread-content-max-width)\/3)]\" data-start=\"1929\" data-end=\"1999\">Easy to digest, retaining the signature flavor of steamed potatoes.<\/td>\n<\/tr>\n<tr data-start=\"2000\" data-end=\"2104\">\n<td class=\"max-w-[calc(var(--thread-content-max-width)*2\/3)]\" data-start=\"2000\" data-end=\"2034\">Uniformly sliced \u2013 naturally crunchy<\/td>\n<td class=\"max-w-[calc(var(--thread-content-max-width)*2\/3)] min-w-[calc(var(--thread-content-max-width)\/3)]\" data-start=\"2034\" data-end=\"2104\">A fun and satisfying snack that stays perfectly healthy.<\/td>\n<\/tr>\n<tr data-start=\"2105\" data-end=\"2207\">\n<td class=\"max-w-[calc(var(--thread-content-max-width)*2\/3)]\" data-start=\"2105\" data-end=\"2137\">No oil, no frying.<\/td>\n<td class=\"max-w-[calc(var(--thread-content-max-width)*2\/3)] min-w-[calc(var(--thread-content-max-width)\/3)]\" data-start=\"2137\" data-end=\"2207\">Perfect for clean eating, healthy lifestyles, and weight management.<\/td>\n<\/tr>\n<tr data-start=\"2208\" data-end=\"2310\">\n<td class=\"max-w-[calc(var(--thread-content-max-width)*2\/3)]\" data-start=\"2208\" data-end=\"2240\">No preservatives<\/td>\n<td class=\"max-w-[calc(var(--thread-content-max-width)*2\/3)] min-w-[calc(var(--thread-content-max-width)\/3)]\" data-start=\"2240\" data-end=\"2310\">Easy to store for 12\u201318 months at room temperature.<\/td>\n<\/tr>\n<\/tbody>\n<\/table>\n<p style=\"text-align: center;\"><span style=\"color: #993300;\"><strong>For any product inquiries or business collaboration opportunities, please contact us at: 0909 753 648<\/strong><\/span><\/p>\n<\/div>\n<\/div>","protected":false},"excerpt":{"rendered":"<p>Khoai t\u00e2y l\u00e0 lo\u1ea1i c\u1ee7 gi\u00e0u tinh b\u1ed9t, vitamin C, kali v\u00e0 ch\u1ea5t x\u01a1, t\u1eeb l\u00e2u \u0111\u00e3 tr\u1edf th\u00e0nh nguy\u00ean li\u1ec7u ph\u1ed5 bi\u1ebfn trong th\u1ef1c \u0111\u01a1n c\u1ee7a m\u1ecdi gia \u0111\u00ecnh. Nh\u01b0ng b\u1ea1n \u0111\u00e3 bao gi\u1edd th\u1eed m\u1ed9t phi\u00ean b\u1ea3n khoai t\u00e2y gi\u00f2n r\u1ee5m, kh\u00f4ng d\u1ea7u, kh\u00f4ng chi\u00ean, kh\u00f4ng ch\u1ea5t b\u1ea3o qu\u1ea3n \u2013 m\u00e0 v\u1eabn gi\u1eef [&hellip;]<\/p>","protected":false},"featured_media":9722,"comment_status":"open","ping_status":"closed","template":"","meta":[],"product_cat":[396],"product_tag":[],"class_list":{"0":"post-9721","1":"product","2":"type-product","3":"status-publish","4":"has-post-thumbnail","6":"product_cat-rau-cu-say-thang-hoa","8":"first","9":"instock","10":"shipping-taxable","11":"product-type-simple"},"yoast_head":"<!-- This site is optimized with the Yoast SEO plugin v25.7 - https:\/\/yoast.com\/wordpress\/plugins\/seo\/ -->\n<title>Khoai t\u00e2y s\u1ea5y th\u0103ng hoa - Bamboo Freeze Drying<\/title>\n<meta name=\"robots\" content=\"index, follow, max-snippet:-1, max-image-preview:large, max-video-preview:-1\" \/>\n<link rel=\"canonical\" href=\"https:\/\/bamboovipfood.com\/en\/product\/freeze-dried-potato\/\" \/>\n<meta property=\"og:locale\" content=\"en_US\" \/>\n<meta property=\"og:type\" content=\"article\" \/>\n<meta property=\"og:title\" content=\"Khoai t\u00e2y s\u1ea5y th\u0103ng hoa - Bamboo Freeze Drying\" \/>\n<meta property=\"og:description\" content=\"Khoai t\u00e2y l\u00e0 lo\u1ea1i c\u1ee7 gi\u00e0u tinh b\u1ed9t, vitamin C, kali v\u00e0 ch\u1ea5t x\u01a1, t\u1eeb l\u00e2u \u0111\u00e3 tr\u1edf th\u00e0nh nguy\u00ean li\u1ec7u ph\u1ed5 bi\u1ebfn trong th\u1ef1c \u0111\u01a1n c\u1ee7a m\u1ecdi gia \u0111\u00ecnh. Nh\u01b0ng b\u1ea1n \u0111\u00e3 bao gi\u1edd th\u1eed m\u1ed9t phi\u00ean b\u1ea3n khoai t\u00e2y gi\u00f2n r\u1ee5m, kh\u00f4ng d\u1ea7u, kh\u00f4ng chi\u00ean, kh\u00f4ng ch\u1ea5t b\u1ea3o qu\u1ea3n \u2013 m\u00e0 v\u1eabn gi\u1eef [&hellip;]\" \/>\n<meta property=\"og:url\" content=\"https:\/\/bamboovipfood.com\/en\/product\/freeze-dried-potato\/\" \/>\n<meta property=\"og:site_name\" content=\"Bamboo Freeze Drying\" \/>\n<meta property=\"article:modified_time\" content=\"2025-04-21T08:30:33+00:00\" \/>\n<meta property=\"og:image\" content=\"https:\/\/bamboovipfood.com\/wp-content\/uploads\/2025\/04\/khoai-tay-say-thang-hoa.jpg\" \/>\n\t<meta property=\"og:image:width\" content=\"750\" \/>\n\t<meta property=\"og:image:height\" content=\"750\" \/>\n\t<meta property=\"og:image:type\" content=\"image\/jpeg\" \/>\n<meta name=\"twitter:card\" content=\"summary_large_image\" \/>\n<meta name=\"twitter:label1\" content=\"Est. reading time\" \/>\n\t<meta name=\"twitter:data1\" content=\"2 minutes\" \/>\n<script type=\"application\/ld+json\" class=\"yoast-schema-graph\">{\"@context\":\"https:\/\/schema.org\",\"@graph\":[{\"@type\":\"WebPage\",\"@id\":\"https:\/\/bamboovipfood.com\/san-pham\/khoai-tay-say-thang-hoa\/\",\"url\":\"https:\/\/bamboovipfood.com\/san-pham\/khoai-tay-say-thang-hoa\/\",\"name\":\"Khoai t\u00e2y s\u1ea5y th\u0103ng hoa - Bamboo Freeze Drying\",\"isPartOf\":{\"@id\":\"https:\/\/bamboovipfood.com\/#website\"},\"primaryImageOfPage\":{\"@id\":\"https:\/\/bamboovipfood.com\/san-pham\/khoai-tay-say-thang-hoa\/#primaryimage\"},\"image\":{\"@id\":\"https:\/\/bamboovipfood.com\/san-pham\/khoai-tay-say-thang-hoa\/#primaryimage\"},\"thumbnailUrl\":\"https:\/\/bamboovipfood.com\/wp-content\/uploads\/2025\/04\/khoai-tay-say-thang-hoa.jpg\",\"datePublished\":\"2025-04-21T08:21:48+00:00\",\"dateModified\":\"2025-04-21T08:30:33+00:00\",\"breadcrumb\":{\"@id\":\"https:\/\/bamboovipfood.com\/san-pham\/khoai-tay-say-thang-hoa\/#breadcrumb\"},\"inLanguage\":\"en-US\",\"potentialAction\":[{\"@type\":\"ReadAction\",\"target\":[\"https:\/\/bamboovipfood.com\/san-pham\/khoai-tay-say-thang-hoa\/\"]}]},{\"@type\":\"ImageObject\",\"inLanguage\":\"en-US\",\"@id\":\"https:\/\/bamboovipfood.com\/san-pham\/khoai-tay-say-thang-hoa\/#primaryimage\",\"url\":\"https:\/\/bamboovipfood.com\/wp-content\/uploads\/2025\/04\/khoai-tay-say-thang-hoa.jpg\",\"contentUrl\":\"https:\/\/bamboovipfood.com\/wp-content\/uploads\/2025\/04\/khoai-tay-say-thang-hoa.jpg\",\"width\":750,\"height\":750},{\"@type\":\"BreadcrumbList\",\"@id\":\"https:\/\/bamboovipfood.com\/san-pham\/khoai-tay-say-thang-hoa\/#breadcrumb\",\"itemListElement\":[{\"@type\":\"ListItem\",\"position\":1,\"name\":\"Trang ch\u1ee7\",\"item\":\"https:\/\/bamboovipfood.com\/\"},{\"@type\":\"ListItem\",\"position\":2,\"name\":\"Shop\",\"item\":\"https:\/\/bamboovipfood.com\/shop\/\"},{\"@type\":\"ListItem\",\"position\":3,\"name\":\"Khoai t\u00e2y s\u1ea5y th\u0103ng hoa\"}]},{\"@type\":\"WebSite\",\"@id\":\"https:\/\/bamboovipfood.com\/#website\",\"url\":\"https:\/\/bamboovipfood.com\/\",\"name\":\"Bamboo Freeze Drying\",\"description\":\"Nh\u00e0 cung \u1ee9ng s\u1ea3n ph\u1ea9m s\u1ea5y th\u0103ng hoa h\u00e0ng \u0111\u1ea7u\",\"publisher\":{\"@id\":\"https:\/\/bamboovipfood.com\/#organization\"},\"potentialAction\":[{\"@type\":\"SearchAction\",\"target\":{\"@type\":\"EntryPoint\",\"urlTemplate\":\"https:\/\/bamboovipfood.com\/?s={search_term_string}\"},\"query-input\":{\"@type\":\"PropertyValueSpecification\",\"valueRequired\":true,\"valueName\":\"search_term_string\"}}],\"inLanguage\":\"en-US\"},{\"@type\":\"Organization\",\"@id\":\"https:\/\/bamboovipfood.com\/#organization\",\"name\":\"Bamboo Freeze Drying\",\"url\":\"https:\/\/bamboovipfood.com\/\",\"logo\":{\"@type\":\"ImageObject\",\"inLanguage\":\"en-US\",\"@id\":\"https:\/\/bamboovipfood.com\/#\/schema\/logo\/image\/\",\"url\":\"https:\/\/bamboovipfood.com\/wp-content\/uploads\/2020\/08\/Logo-Bamboo-Freeze-Dry-Dark.png\",\"contentUrl\":\"https:\/\/bamboovipfood.com\/wp-content\/uploads\/2020\/08\/Logo-Bamboo-Freeze-Dry-Dark.png\",\"width\":500,\"height\":189,\"caption\":\"Bamboo Freeze Drying\"},\"image\":{\"@id\":\"https:\/\/bamboovipfood.com\/#\/schema\/logo\/image\/\"}}]}<\/script>\n<!-- \/ Yoast SEO plugin. -->","yoast_head_json":{"title":"Khoai t\u00e2y s\u1ea5y th\u0103ng hoa - Bamboo Freeze Drying","robots":{"index":"index","follow":"follow","max-snippet":"max-snippet:-1","max-image-preview":"max-image-preview:large","max-video-preview":"max-video-preview:-1"},"canonical":"https:\/\/bamboovipfood.com\/en\/product\/freeze-dried-potato\/","og_locale":"en_US","og_type":"article","og_title":"Khoai t\u00e2y s\u1ea5y th\u0103ng hoa - Bamboo Freeze Drying","og_description":"Khoai t\u00e2y l\u00e0 lo\u1ea1i c\u1ee7 gi\u00e0u tinh b\u1ed9t, vitamin C, kali v\u00e0 ch\u1ea5t x\u01a1, t\u1eeb l\u00e2u \u0111\u00e3 tr\u1edf th\u00e0nh nguy\u00ean li\u1ec7u ph\u1ed5 bi\u1ebfn trong th\u1ef1c \u0111\u01a1n c\u1ee7a m\u1ecdi gia \u0111\u00ecnh. Nh\u01b0ng b\u1ea1n \u0111\u00e3 bao gi\u1edd th\u1eed m\u1ed9t phi\u00ean b\u1ea3n khoai t\u00e2y gi\u00f2n r\u1ee5m, kh\u00f4ng d\u1ea7u, kh\u00f4ng chi\u00ean, kh\u00f4ng ch\u1ea5t b\u1ea3o qu\u1ea3n \u2013 m\u00e0 v\u1eabn gi\u1eef [&hellip;]","og_url":"https:\/\/bamboovipfood.com\/en\/product\/freeze-dried-potato\/","og_site_name":"Bamboo Freeze Drying","article_modified_time":"2025-04-21T08:30:33+00:00","og_image":[{"width":750,"height":750,"url":"https:\/\/bamboovipfood.com\/wp-content\/uploads\/2025\/04\/khoai-tay-say-thang-hoa.jpg","type":"image\/jpeg"}],"twitter_card":"summary_large_image","twitter_misc":{"Est. reading time":"2 minutes"},"schema":{"@context":"https:\/\/schema.org","@graph":[{"@type":"WebPage","@id":"https:\/\/bamboovipfood.com\/san-pham\/khoai-tay-say-thang-hoa\/","url":"https:\/\/bamboovipfood.com\/san-pham\/khoai-tay-say-thang-hoa\/","name":"Khoai t\u00e2y s\u1ea5y th\u0103ng hoa - Bamboo Freeze Drying","isPartOf":{"@id":"https:\/\/bamboovipfood.com\/#website"},"primaryImageOfPage":{"@id":"https:\/\/bamboovipfood.com\/san-pham\/khoai-tay-say-thang-hoa\/#primaryimage"},"image":{"@id":"https:\/\/bamboovipfood.com\/san-pham\/khoai-tay-say-thang-hoa\/#primaryimage"},"thumbnailUrl":"https:\/\/bamboovipfood.com\/wp-content\/uploads\/2025\/04\/khoai-tay-say-thang-hoa.jpg","datePublished":"2025-04-21T08:21:48+00:00","dateModified":"2025-04-21T08:30:33+00:00","breadcrumb":{"@id":"https:\/\/bamboovipfood.com\/san-pham\/khoai-tay-say-thang-hoa\/#breadcrumb"},"inLanguage":"en-US","potentialAction":[{"@type":"ReadAction","target":["https:\/\/bamboovipfood.com\/san-pham\/khoai-tay-say-thang-hoa\/"]}]},{"@type":"ImageObject","inLanguage":"en-US","@id":"https:\/\/bamboovipfood.com\/san-pham\/khoai-tay-say-thang-hoa\/#primaryimage","url":"https:\/\/bamboovipfood.com\/wp-content\/uploads\/2025\/04\/khoai-tay-say-thang-hoa.jpg","contentUrl":"https:\/\/bamboovipfood.com\/wp-content\/uploads\/2025\/04\/khoai-tay-say-thang-hoa.jpg","width":750,"height":750},{"@type":"BreadcrumbList","@id":"https:\/\/bamboovipfood.com\/san-pham\/khoai-tay-say-thang-hoa\/#breadcrumb","itemListElement":[{"@type":"ListItem","position":1,"name":"Trang ch\u1ee7","item":"https:\/\/bamboovipfood.com\/"},{"@type":"ListItem","position":2,"name":"Shop","item":"https:\/\/bamboovipfood.com\/shop\/"},{"@type":"ListItem","position":3,"name":"Khoai t\u00e2y s\u1ea5y th\u0103ng hoa"}]},{"@type":"WebSite","@id":"https:\/\/bamboovipfood.com\/#website","url":"https:\/\/bamboovipfood.com\/","name":"Bamboo Freeze Drying","description":"Nh\u00e0 cung \u1ee9ng s\u1ea3n ph\u1ea9m s\u1ea5y th\u0103ng hoa h\u00e0ng \u0111\u1ea7u","publisher":{"@id":"https:\/\/bamboovipfood.com\/#organization"},"potentialAction":[{"@type":"SearchAction","target":{"@type":"EntryPoint","urlTemplate":"https:\/\/bamboovipfood.com\/?s={search_term_string}"},"query-input":{"@type":"PropertyValueSpecification","valueRequired":true,"valueName":"search_term_string"}}],"inLanguage":"en-US"},{"@type":"Organization","@id":"https:\/\/bamboovipfood.com\/#organization","name":"Bamboo Freeze Drying","url":"https:\/\/bamboovipfood.com\/","logo":{"@type":"ImageObject","inLanguage":"en-US","@id":"https:\/\/bamboovipfood.com\/#\/schema\/logo\/image\/","url":"https:\/\/bamboovipfood.com\/wp-content\/uploads\/2020\/08\/Logo-Bamboo-Freeze-Dry-Dark.png","contentUrl":"https:\/\/bamboovipfood.com\/wp-content\/uploads\/2020\/08\/Logo-Bamboo-Freeze-Dry-Dark.png","width":500,"height":189,"caption":"Bamboo Freeze Drying"},"image":{"@id":"https:\/\/bamboovipfood.com\/#\/schema\/logo\/image\/"}}]}},"_links":{"self":[{"href":"https:\/\/bamboovipfood.com\/en\/wp-json\/wp\/v2\/product\/9721","targetHints":{"allow":["GET"]}}],"collection":[{"href":"https:\/\/bamboovipfood.com\/en\/wp-json\/wp\/v2\/product"}],"about":[{"href":"https:\/\/bamboovipfood.com\/en\/wp-json\/wp\/v2\/types\/product"}],"replies":[{"embeddable":true,"href":"https:\/\/bamboovipfood.com\/en\/wp-json\/wp\/v2\/comments?post=9721"}],"wp:featuredmedia":[{"embeddable":true,"href":"https:\/\/bamboovipfood.com\/en\/wp-json\/wp\/v2\/media\/9722"}],"wp:attachment":[{"href":"https:\/\/bamboovipfood.com\/en\/wp-json\/wp\/v2\/media?parent=9721"}],"wp:term":[{"taxonomy":"product_cat","embeddable":true,"href":"https:\/\/bamboovipfood.com\/en\/wp-json\/wp\/v2\/product_cat?post=9721"},{"taxonomy":"product_tag","embeddable":true,"href":"https:\/\/bamboovipfood.com\/en\/wp-json\/wp\/v2\/product_tag?post=9721"}],"curies":[{"name":"wp","href":"https:\/\/api.w.org\/{rel}","templated":true}]}}