{"id":9717,"date":"2025-04-21T06:16:11","date_gmt":"2025-04-21T06:16:11","guid":{"rendered":"https:\/\/bamboovipfood.com\/?post_type=product&#038;p=9717"},"modified":"2025-04-21T06:16:12","modified_gmt":"2025-04-21T06:16:12","slug":"la-dua-say-thang-hoa","status":"publish","type":"product","link":"https:\/\/bamboovipfood.com\/en\/product\/freeze-dried-pandan-leaves\/","title":{"rendered":"Crunchy Okra Snacks (Freeze-Dried)"},"content":{"rendered":"<p class=\"\" data-start=\"383\" data-end=\"874\"><strong data-start=\"383\" data-end=\"393\">Pandan Leaves<\/strong> is more than just a <strong data-start=\"420\" data-end=\"463\">an indispensable ingredient in many dishes.<\/strong> typical of Vietnamese cuisine such as sweet soups, sticky rice, and pastries, but also offers <strong data-start=\"531\" data-end=\"569\">incredible health benefits.<\/strong>However, preserving fresh pandan leaves is always a challenge as they are highly perishable and cannot be stored for long. To overcome this, <strong data-start=\"701\" data-end=\"725\">Bamboo Freeze Drying<\/strong> has applied technology <strong data-start=\"748\" data-end=\"765\">sublimation (freeze-drying)<\/strong> to deliver a product that <strong data-start=\"787\" data-end=\"811\">freeze-Dried Pandan Leaves<\/strong> \u2013 <strong data-start=\"814\" data-end=\"873\">retaining its original flavor and nutrients, while being convenient and easy to use.<\/strong>.<\/p>\n<h3 data-start=\"881\" data-end=\"940\">Freeze-Dried Pandan \u2013 Technology that Preserves Every Bit of Freshness<\/h3>\n<p class=\"\" data-start=\"942\" data-end=\"1124\">Technology <strong data-start=\"952\" data-end=\"969\">sublimation (freeze-drying)<\/strong> which removes water from the pandan leaves without losing their color, aroma, or precious active compounds. This process is carried out at low temperatures, helping to protect:<\/p>\n<ul>\n<li data-start=\"1128\" data-end=\"1206\"><strong data-start=\"1128\" data-end=\"1162\">The natural aroma of pandan leaves<\/strong> - which are not lost during the processing.<\/li>\n<li data-start=\"1209\" data-end=\"1309\"><strong data-start=\"1209\" data-end=\"1258\">Vitamins, minerals, and natural compounds<\/strong> such as <strong data-start=\"1263\" data-end=\"1309\">easy to digest, cooling the body, and relieving stress.<\/strong><\/li>\n<li data-start=\"1312\" data-end=\"1417\"><strong data-start=\"1312\" data-end=\"1327\">Leaf structure<\/strong> remains intact, allowing it to be easily ground into powder, thinly sliced, or used as whole leaves in your dishes.<\/li>\n<\/ul>\n<h3 data-start=\"1424\" data-end=\"1476\">Benefits and Applications of Freeze-Dried Pandan Leaves<\/h3>\n<h4 data-start=\"1478\" data-end=\"1522\">A seasoning for traditional dishes<\/h4>\n<ul>\n<li data-start=\"1525\" data-end=\"1633\"><strong data-start=\"1525\" data-end=\"1543\">Sweet soups, sticky rice, and pastries<\/strong>: freeze-dried pandan leaves still retain <strong data-start=\"1579\" data-end=\"1601\">Distinctive aroma<\/strong>, enhancing the flavor of your dishes.<\/li>\n<li data-start=\"1636\" data-end=\"1730\"><strong data-start=\"1636\" data-end=\"1650\">Pandan Tea<\/strong>: steep the freeze-dried leaves in hot water to create <strong data-start=\"1690\" data-end=\"1729\">n\u01b0\u1edbc tr\u00e0 thanh m\u00e1t, gi\u00fap gi\u1ea3i nhi\u1ec7t<\/strong>.<\/li>\n<\/ul>\n<h4 data-start=\"1732\" data-end=\"1774\">Ingredients for healthy beverages<\/h4>\n<ul>\n<li data-start=\"1777\" data-end=\"1875\"><strong data-start=\"1777\" data-end=\"1799\">Detox herbal tea<\/strong>: use freeze-dried pandan leaves as a detox tea to cleanse the body and reduce excess fat.<\/li>\n<li data-start=\"1878\" data-end=\"1992\"><strong data-start=\"1878\" data-end=\"1889\">Juice<\/strong>: combine pandan with fruits like watermelon, orange, and apple to create <strong data-start=\"1959\" data-end=\"1991\">Refreshing and delicious drinks<\/strong>.<\/li>\n<\/ul>\n<h4 data-start=\"1994\" data-end=\"2025\">Baking and creative culinary dishes<\/h4>\n<ul>\n<li data-start=\"2028\" data-end=\"2104\"><strong data-start=\"2028\" data-end=\"2043\">Pandan Cake<\/strong>: use freeze-dried pandan powder as a natural food coloring for your cakes.<\/li>\n<li data-start=\"2107\" data-end=\"2200\"><strong data-start=\"2107\" data-end=\"2126\">Pandan Sauce<\/strong>: add to stir-fries or dipping sauces to make your dishes more appealing and delicious.<\/li>\n<\/ul>\n<h3 data-start=\"2345\" data-end=\"2391\">Outstanding Advantages of Freeze-Dried Pandan Leaves<\/h3>\n<div class=\"pointer-events-none relative left-[50%]! flex w-[100cqw] translate-x-[-50%] justify-center *:pointer-events-auto\">\n<div class=\"tableContainer horzScrollShadows\">\n<table class=\"min-w-full\" data-start=\"2393\" data-end=\"3026\">\n<thead data-start=\"2393\" data-end=\"2489\">\n<tr data-start=\"2393\" data-end=\"2489\">\n<th data-start=\"2393\" data-end=\"2424\">Features<\/th>\n<th data-start=\"2424\" data-end=\"2489\">Benefits for Consumers<\/th>\n<\/tr>\n<\/thead>\n<tbody data-start=\"2587\" data-end=\"3026\">\n<tr data-start=\"2587\" data-end=\"2694\">\n<td class=\"max-w-[calc(var(--thread-content-max-width)*2\/3)]\" data-start=\"2587\" data-end=\"2618\"><strong data-start=\"2589\" data-end=\"2612\">Preserves the original flavor<\/strong><\/td>\n<td class=\"max-w-[calc(var(--thread-content-max-width)*2\/3)] min-w-[calc(var(--thread-content-max-width)\/3)]\" data-start=\"2618\" data-end=\"2694\">Pandan leaves retain their natural aroma, which is not lost during processing.<\/td>\n<\/tr>\n<tr data-start=\"2695\" data-end=\"2802\">\n<td class=\"max-w-[calc(var(--thread-content-max-width)*2\/3)]\" data-start=\"2695\" data-end=\"2726\"><strong data-start=\"2697\" data-end=\"2724\">No refrigeration required<\/strong><\/td>\n<td class=\"max-w-[calc(var(--thread-content-max-width)*2\/3)] min-w-[calc(var(--thread-content-max-width)\/3)]\" data-start=\"2726\" data-end=\"2802\">Extremely low moisture content, making it easy to store for 12\u201318 months without refrigeration.<\/td>\n<\/tr>\n<tr data-start=\"2803\" data-end=\"2913\">\n<td class=\"max-w-[calc(var(--thread-content-max-width)*2\/3)]\" data-start=\"2803\" data-end=\"2834\"><strong data-start=\"2805\" data-end=\"2824\">Easy to use<\/strong><\/td>\n<td class=\"max-w-[calc(var(--thread-content-max-width)*2\/3)] min-w-[calc(var(--thread-content-max-width)\/3)]\" data-start=\"2834\" data-end=\"2913\">Available in whole leaves or powder form; can be used directly or easily steeped in hot water.<\/td>\n<\/tr>\n<tr data-start=\"2914\" data-end=\"3026\">\n<td class=\"max-w-[calc(var(--thread-content-max-width)*2\/3)]\" data-start=\"2914\" data-end=\"2956\"><strong data-start=\"2916\" data-end=\"2955\">No chemicals, no preservatives<\/strong><\/td>\n<td class=\"max-w-[calc(var(--thread-content-max-width)*2\/3)] min-w-[calc(var(--thread-content-max-width)\/3)]\" data-start=\"2956\" data-end=\"3026\">Absolutely safe, with no additives or preservatives.<\/td>\n<\/tr>\n<\/tbody>\n<\/table>\n<h3 data-start=\"3033\" data-end=\"3080\">Packaging Specifications &amp; Custom Manufacturing<\/h3>\n<ul>\n<li data-start=\"3084\" data-end=\"3145\"><strong data-start=\"3084\" data-end=\"3101\">Product type<\/strong>: Whole leaves, cut leaves, or pandan powder.<\/li>\n<li data-start=\"3148\" data-end=\"3220\"><strong data-start=\"3148\" data-end=\"3160\">Pack<\/strong>: Plastic jars, glass jars, zip-lock bags, or vacuum-sealed packaging.<\/li>\n<li data-start=\"3223\" data-end=\"3323\">Receive <strong data-start=\"3228\" data-end=\"3264\">Original Equipment Manufacturer (OEM)<\/strong> for food brands, herbal tea companies, and detox product lines.<\/li>\n<\/ul>\n<p style=\"text-align: center;\"><span style=\"color: #800080;\"><strong>For any product inquiries or business collaboration opportunities, please contact us at: 0909 753 648<\/strong><\/span><\/p>\n<\/div>\n<\/div>","protected":false},"excerpt":{"rendered":"<p>L\u00e1 d\u1ee9a kh\u00f4ng ch\u1ec9 l\u00e0 m\u1ed9t gia v\u1ecb kh\u00f4ng th\u1ec3 thi\u1ebfu trong c\u00e1c m\u00f3n \u0103n \u0111\u1eb7c tr\u01b0ng c\u1ee7a \u1ea9m th\u1ef1c Vi\u1ec7t Nam nh\u01b0 ch\u00e8, x\u00f4i, b\u00e1nh, m\u00e0 c\u00f2n c\u00f3 nh\u1eefng l\u1ee3i \u00edch tuy\u1ec7t v\u1eddi \u0111\u1ed1i v\u1edbi s\u1ee9c kh\u1ecfe. Tuy nhi\u00ean, vi\u1ec7c b\u1ea3o qu\u1ea3n l\u00e1 d\u1ee9a t\u01b0\u01a1i lu\u00f4n l\u00e0 th\u00e1ch th\u1ee9c v\u00ec l\u00e1 d\u1ee9a d\u1ec5 h\u01b0 [&hellip;]<\/p>","protected":false},"featured_media":9718,"comment_status":"open","ping_status":"closed","template":"","meta":[],"product_cat":[396],"product_tag":[],"class_list":{"0":"post-9717","1":"product","2":"type-product","3":"status-publish","4":"has-post-thumbnail","6":"product_cat-rau-cu-say-thang-hoa","8":"first","9":"instock","10":"shipping-taxable","11":"product-type-simple"},"yoast_head":"<!-- This site is optimized with the Yoast SEO plugin v25.7 - https:\/\/yoast.com\/wordpress\/plugins\/seo\/ -->\n<title>L\u00e1 d\u1ee9a s\u1ea5y th\u0103ng hoa - Bamboo Freeze Drying<\/title>\n<meta name=\"robots\" content=\"index, follow, max-snippet:-1, max-image-preview:large, max-video-preview:-1\" \/>\n<link rel=\"canonical\" href=\"https:\/\/bamboovipfood.com\/en\/product\/freeze-dried-pandan-leaves\/\" \/>\n<meta property=\"og:locale\" content=\"en_US\" \/>\n<meta property=\"og:type\" content=\"article\" \/>\n<meta property=\"og:title\" content=\"L\u00e1 d\u1ee9a s\u1ea5y th\u0103ng hoa - Bamboo Freeze Drying\" \/>\n<meta property=\"og:description\" content=\"L\u00e1 d\u1ee9a kh\u00f4ng ch\u1ec9 l\u00e0 m\u1ed9t gia v\u1ecb kh\u00f4ng th\u1ec3 thi\u1ebfu trong c\u00e1c m\u00f3n \u0103n \u0111\u1eb7c tr\u01b0ng c\u1ee7a \u1ea9m th\u1ef1c Vi\u1ec7t Nam nh\u01b0 ch\u00e8, x\u00f4i, b\u00e1nh, m\u00e0 c\u00f2n c\u00f3 nh\u1eefng l\u1ee3i \u00edch tuy\u1ec7t v\u1eddi \u0111\u1ed1i v\u1edbi s\u1ee9c kh\u1ecfe. Tuy nhi\u00ean, vi\u1ec7c b\u1ea3o qu\u1ea3n l\u00e1 d\u1ee9a t\u01b0\u01a1i lu\u00f4n l\u00e0 th\u00e1ch th\u1ee9c v\u00ec l\u00e1 d\u1ee9a d\u1ec5 h\u01b0 [&hellip;]\" \/>\n<meta property=\"og:url\" content=\"https:\/\/bamboovipfood.com\/en\/product\/freeze-dried-pandan-leaves\/\" \/>\n<meta property=\"og:site_name\" content=\"Bamboo Freeze Drying\" \/>\n<meta property=\"article:modified_time\" content=\"2025-04-21T06:16:12+00:00\" \/>\n<meta property=\"og:image\" content=\"https:\/\/bamboovipfood.com\/wp-content\/uploads\/2025\/04\/la-dua-say-thang-hoa.jpg\" \/>\n\t<meta property=\"og:image:width\" content=\"750\" \/>\n\t<meta property=\"og:image:height\" content=\"750\" \/>\n\t<meta property=\"og:image:type\" content=\"image\/jpeg\" \/>\n<meta name=\"twitter:card\" content=\"summary_large_image\" \/>\n<meta name=\"twitter:label1\" content=\"Est. reading time\" \/>\n\t<meta name=\"twitter:data1\" content=\"4 minutes\" \/>\n<script type=\"application\/ld+json\" class=\"yoast-schema-graph\">{\"@context\":\"https:\/\/schema.org\",\"@graph\":[{\"@type\":\"WebPage\",\"@id\":\"https:\/\/bamboovipfood.com\/san-pham\/la-dua-say-thang-hoa\/\",\"url\":\"https:\/\/bamboovipfood.com\/san-pham\/la-dua-say-thang-hoa\/\",\"name\":\"L\u00e1 d\u1ee9a s\u1ea5y th\u0103ng hoa - Bamboo Freeze Drying\",\"isPartOf\":{\"@id\":\"https:\/\/bamboovipfood.com\/#website\"},\"primaryImageOfPage\":{\"@id\":\"https:\/\/bamboovipfood.com\/san-pham\/la-dua-say-thang-hoa\/#primaryimage\"},\"image\":{\"@id\":\"https:\/\/bamboovipfood.com\/san-pham\/la-dua-say-thang-hoa\/#primaryimage\"},\"thumbnailUrl\":\"https:\/\/bamboovipfood.com\/wp-content\/uploads\/2025\/04\/la-dua-say-thang-hoa.jpg\",\"datePublished\":\"2025-04-21T06:16:11+00:00\",\"dateModified\":\"2025-04-21T06:16:12+00:00\",\"breadcrumb\":{\"@id\":\"https:\/\/bamboovipfood.com\/san-pham\/la-dua-say-thang-hoa\/#breadcrumb\"},\"inLanguage\":\"en-US\",\"potentialAction\":[{\"@type\":\"ReadAction\",\"target\":[\"https:\/\/bamboovipfood.com\/san-pham\/la-dua-say-thang-hoa\/\"]}]},{\"@type\":\"ImageObject\",\"inLanguage\":\"en-US\",\"@id\":\"https:\/\/bamboovipfood.com\/san-pham\/la-dua-say-thang-hoa\/#primaryimage\",\"url\":\"https:\/\/bamboovipfood.com\/wp-content\/uploads\/2025\/04\/la-dua-say-thang-hoa.jpg\",\"contentUrl\":\"https:\/\/bamboovipfood.com\/wp-content\/uploads\/2025\/04\/la-dua-say-thang-hoa.jpg\",\"width\":750,\"height\":750},{\"@type\":\"BreadcrumbList\",\"@id\":\"https:\/\/bamboovipfood.com\/san-pham\/la-dua-say-thang-hoa\/#breadcrumb\",\"itemListElement\":[{\"@type\":\"ListItem\",\"position\":1,\"name\":\"Trang ch\u1ee7\",\"item\":\"https:\/\/bamboovipfood.com\/\"},{\"@type\":\"ListItem\",\"position\":2,\"name\":\"Shop\",\"item\":\"https:\/\/bamboovipfood.com\/shop\/\"},{\"@type\":\"ListItem\",\"position\":3,\"name\":\"L\u00e1 d\u1ee9a s\u1ea5y th\u0103ng hoa\"}]},{\"@type\":\"WebSite\",\"@id\":\"https:\/\/bamboovipfood.com\/#website\",\"url\":\"https:\/\/bamboovipfood.com\/\",\"name\":\"Bamboo Freeze Drying\",\"description\":\"Nh\u00e0 cung \u1ee9ng s\u1ea3n ph\u1ea9m s\u1ea5y th\u0103ng hoa h\u00e0ng \u0111\u1ea7u\",\"publisher\":{\"@id\":\"https:\/\/bamboovipfood.com\/#organization\"},\"potentialAction\":[{\"@type\":\"SearchAction\",\"target\":{\"@type\":\"EntryPoint\",\"urlTemplate\":\"https:\/\/bamboovipfood.com\/?s={search_term_string}\"},\"query-input\":{\"@type\":\"PropertyValueSpecification\",\"valueRequired\":true,\"valueName\":\"search_term_string\"}}],\"inLanguage\":\"en-US\"},{\"@type\":\"Organization\",\"@id\":\"https:\/\/bamboovipfood.com\/#organization\",\"name\":\"Bamboo Freeze Drying\",\"url\":\"https:\/\/bamboovipfood.com\/\",\"logo\":{\"@type\":\"ImageObject\",\"inLanguage\":\"en-US\",\"@id\":\"https:\/\/bamboovipfood.com\/#\/schema\/logo\/image\/\",\"url\":\"https:\/\/bamboovipfood.com\/wp-content\/uploads\/2020\/08\/Logo-Bamboo-Freeze-Dry-Dark.png\",\"contentUrl\":\"https:\/\/bamboovipfood.com\/wp-content\/uploads\/2020\/08\/Logo-Bamboo-Freeze-Dry-Dark.png\",\"width\":500,\"height\":189,\"caption\":\"Bamboo Freeze Drying\"},\"image\":{\"@id\":\"https:\/\/bamboovipfood.com\/#\/schema\/logo\/image\/\"}}]}<\/script>\n<!-- \/ Yoast SEO plugin. -->","yoast_head_json":{"title":"L\u00e1 d\u1ee9a s\u1ea5y th\u0103ng hoa - Bamboo Freeze Drying","robots":{"index":"index","follow":"follow","max-snippet":"max-snippet:-1","max-image-preview":"max-image-preview:large","max-video-preview":"max-video-preview:-1"},"canonical":"https:\/\/bamboovipfood.com\/en\/product\/freeze-dried-pandan-leaves\/","og_locale":"en_US","og_type":"article","og_title":"L\u00e1 d\u1ee9a s\u1ea5y th\u0103ng hoa - Bamboo Freeze Drying","og_description":"L\u00e1 d\u1ee9a kh\u00f4ng ch\u1ec9 l\u00e0 m\u1ed9t gia v\u1ecb kh\u00f4ng th\u1ec3 thi\u1ebfu trong c\u00e1c m\u00f3n \u0103n \u0111\u1eb7c tr\u01b0ng c\u1ee7a \u1ea9m th\u1ef1c Vi\u1ec7t Nam nh\u01b0 ch\u00e8, x\u00f4i, b\u00e1nh, m\u00e0 c\u00f2n c\u00f3 nh\u1eefng l\u1ee3i \u00edch tuy\u1ec7t v\u1eddi \u0111\u1ed1i v\u1edbi s\u1ee9c kh\u1ecfe. Tuy nhi\u00ean, vi\u1ec7c b\u1ea3o qu\u1ea3n l\u00e1 d\u1ee9a t\u01b0\u01a1i lu\u00f4n l\u00e0 th\u00e1ch th\u1ee9c v\u00ec l\u00e1 d\u1ee9a d\u1ec5 h\u01b0 [&hellip;]","og_url":"https:\/\/bamboovipfood.com\/en\/product\/freeze-dried-pandan-leaves\/","og_site_name":"Bamboo Freeze Drying","article_modified_time":"2025-04-21T06:16:12+00:00","og_image":[{"width":750,"height":750,"url":"https:\/\/bamboovipfood.com\/wp-content\/uploads\/2025\/04\/la-dua-say-thang-hoa.jpg","type":"image\/jpeg"}],"twitter_card":"summary_large_image","twitter_misc":{"Est. reading time":"4 minutes"},"schema":{"@context":"https:\/\/schema.org","@graph":[{"@type":"WebPage","@id":"https:\/\/bamboovipfood.com\/san-pham\/la-dua-say-thang-hoa\/","url":"https:\/\/bamboovipfood.com\/san-pham\/la-dua-say-thang-hoa\/","name":"L\u00e1 d\u1ee9a s\u1ea5y th\u0103ng hoa - Bamboo Freeze Drying","isPartOf":{"@id":"https:\/\/bamboovipfood.com\/#website"},"primaryImageOfPage":{"@id":"https:\/\/bamboovipfood.com\/san-pham\/la-dua-say-thang-hoa\/#primaryimage"},"image":{"@id":"https:\/\/bamboovipfood.com\/san-pham\/la-dua-say-thang-hoa\/#primaryimage"},"thumbnailUrl":"https:\/\/bamboovipfood.com\/wp-content\/uploads\/2025\/04\/la-dua-say-thang-hoa.jpg","datePublished":"2025-04-21T06:16:11+00:00","dateModified":"2025-04-21T06:16:12+00:00","breadcrumb":{"@id":"https:\/\/bamboovipfood.com\/san-pham\/la-dua-say-thang-hoa\/#breadcrumb"},"inLanguage":"en-US","potentialAction":[{"@type":"ReadAction","target":["https:\/\/bamboovipfood.com\/san-pham\/la-dua-say-thang-hoa\/"]}]},{"@type":"ImageObject","inLanguage":"en-US","@id":"https:\/\/bamboovipfood.com\/san-pham\/la-dua-say-thang-hoa\/#primaryimage","url":"https:\/\/bamboovipfood.com\/wp-content\/uploads\/2025\/04\/la-dua-say-thang-hoa.jpg","contentUrl":"https:\/\/bamboovipfood.com\/wp-content\/uploads\/2025\/04\/la-dua-say-thang-hoa.jpg","width":750,"height":750},{"@type":"BreadcrumbList","@id":"https:\/\/bamboovipfood.com\/san-pham\/la-dua-say-thang-hoa\/#breadcrumb","itemListElement":[{"@type":"ListItem","position":1,"name":"Trang ch\u1ee7","item":"https:\/\/bamboovipfood.com\/"},{"@type":"ListItem","position":2,"name":"Shop","item":"https:\/\/bamboovipfood.com\/shop\/"},{"@type":"ListItem","position":3,"name":"L\u00e1 d\u1ee9a s\u1ea5y th\u0103ng hoa"}]},{"@type":"WebSite","@id":"https:\/\/bamboovipfood.com\/#website","url":"https:\/\/bamboovipfood.com\/","name":"Bamboo Freeze Drying","description":"Nh\u00e0 cung \u1ee9ng s\u1ea3n ph\u1ea9m s\u1ea5y th\u0103ng hoa h\u00e0ng \u0111\u1ea7u","publisher":{"@id":"https:\/\/bamboovipfood.com\/#organization"},"potentialAction":[{"@type":"SearchAction","target":{"@type":"EntryPoint","urlTemplate":"https:\/\/bamboovipfood.com\/?s={search_term_string}"},"query-input":{"@type":"PropertyValueSpecification","valueRequired":true,"valueName":"search_term_string"}}],"inLanguage":"en-US"},{"@type":"Organization","@id":"https:\/\/bamboovipfood.com\/#organization","name":"Bamboo Freeze Drying","url":"https:\/\/bamboovipfood.com\/","logo":{"@type":"ImageObject","inLanguage":"en-US","@id":"https:\/\/bamboovipfood.com\/#\/schema\/logo\/image\/","url":"https:\/\/bamboovipfood.com\/wp-content\/uploads\/2020\/08\/Logo-Bamboo-Freeze-Dry-Dark.png","contentUrl":"https:\/\/bamboovipfood.com\/wp-content\/uploads\/2020\/08\/Logo-Bamboo-Freeze-Dry-Dark.png","width":500,"height":189,"caption":"Bamboo Freeze Drying"},"image":{"@id":"https:\/\/bamboovipfood.com\/#\/schema\/logo\/image\/"}}]}},"_links":{"self":[{"href":"https:\/\/bamboovipfood.com\/en\/wp-json\/wp\/v2\/product\/9717","targetHints":{"allow":["GET"]}}],"collection":[{"href":"https:\/\/bamboovipfood.com\/en\/wp-json\/wp\/v2\/product"}],"about":[{"href":"https:\/\/bamboovipfood.com\/en\/wp-json\/wp\/v2\/types\/product"}],"replies":[{"embeddable":true,"href":"https:\/\/bamboovipfood.com\/en\/wp-json\/wp\/v2\/comments?post=9717"}],"wp:featuredmedia":[{"embeddable":true,"href":"https:\/\/bamboovipfood.com\/en\/wp-json\/wp\/v2\/media\/9718"}],"wp:attachment":[{"href":"https:\/\/bamboovipfood.com\/en\/wp-json\/wp\/v2\/media?parent=9717"}],"wp:term":[{"taxonomy":"product_cat","embeddable":true,"href":"https:\/\/bamboovipfood.com\/en\/wp-json\/wp\/v2\/product_cat?post=9717"},{"taxonomy":"product_tag","embeddable":true,"href":"https:\/\/bamboovipfood.com\/en\/wp-json\/wp\/v2\/product_tag?post=9717"}],"curies":[{"name":"wp","href":"https:\/\/api.w.org\/{rel}","templated":true}]}}