{"id":9695,"date":"2025-04-17T06:36:28","date_gmt":"2025-04-17T06:36:28","guid":{"rendered":"https:\/\/bamboovipfood.com\/?post_type=product&#038;p=9695"},"modified":"2025-04-21T06:18:15","modified_gmt":"2025-04-21T06:18:15","slug":"dau-bap-say-thang-hoa","status":"publish","type":"product","link":"https:\/\/bamboovipfood.com\/en\/product\/freeze-dried-okra\/","title":{"rendered":"Freeze-Dried Okra"},"content":{"rendered":"<p class=\"\" data-start=\"461\" data-end=\"820\"><strong data-start=\"461\" data-end=\"483\">Okra<\/strong>\u00a0- a rustic vegetable rich in mucilage and fiber - has long been known as a <strong data-start=\"562\" data-end=\"582\">\"Golden\" food<\/strong> for digestion, heart health, and skin. However, few people realize that when applying <strong data-start=\"652\" data-end=\"679\">freeze-drying technology<\/strong>, okra not only retains its inherent nutritional value but also becomes a <strong data-start=\"762\" data-end=\"819\">crunchy, appealing, and completely oil-free snack.<\/strong>.<\/p>\n<p class=\"\" data-start=\"822\" data-end=\"1061\">In <strong data-start=\"826\" data-end=\"850\">Bamboo Freeze Drying<\/strong>, we select young, fresh, and clean okra pods, which are then put through a <strong data-start=\"932\" data-end=\"974\">modern, export-standard freeze-drying<\/strong>, delivering a product that <strong data-start=\"994\" data-end=\"1060\">Original Flavor \u2013 Original Shape \u2013 Original Nutrients<\/strong>.<\/p>\n<h3 data-start=\"1068\" data-end=\"1139\">Freeze-Drying Technology: Preserving Value, Enhancing Experience<\/h3>\n<p class=\"\" data-start=\"1141\" data-end=\"1277\">Freeze drying is a food preservation method that works by <strong data-start=\"1214\" data-end=\"1258\">freezing and removing moisture under vacuum pressure<\/strong>, allowing the okra to:<\/p>\n<ul>\n<li data-start=\"1281\" data-end=\"1338\"><strong data-start=\"1281\" data-end=\"1336\">Maintains structure \u2013 No shrinking \u2013 No crumbling.<\/strong><\/li>\n<li data-start=\"1341\" data-end=\"1490\"><strong data-start=\"1341\" data-end=\"1383\">Retains 90\u201395% of natural active ingredients<\/strong>, especially the mucilage, soluble fiber, vitamins C, A, B9, and minerals such as magnesium, calcium, and potassium.<\/li>\n<li data-start=\"1493\" data-end=\"1605\"><strong data-start=\"1493\" data-end=\"1540\">Non-fried, Oil-free, No preservatives<\/strong> \u2013 made with only <strong data-start=\"1550\" data-end=\"1574\">pure, fresh vegetable<\/strong> and a completely natural crunch.<\/li>\n<\/ul>\n<h3 data-start=\"1612\" data-end=\"1672\">Versatile Usage \u2013 A 'Green' Snack for All Ages<\/h3>\n<h4 data-start=\"1674\" data-end=\"1722\">Healthy Snack \u2013 Crispy &amp; Nutritious<\/h4>\n<ul>\n<li data-start=\"1725\" data-end=\"1804\">Enjoy directly, as crunchy as potato chips \u2013 but <strong data-start=\"1772\" data-end=\"1803\">non-fattening and oil-free<\/strong>.<\/li>\n<li data-start=\"1807\" data-end=\"1879\">Suitable for <strong data-start=\"1819\" data-end=\"1878\">dieters, children, postpartum women, and the elderly<\/strong>.<\/li>\n<\/ul>\n<h4 data-start=\"1881\" data-end=\"1922\">Culinary Pairings \u2013 Convenient &amp; Aesthetic<\/h4>\n<ul>\n<li data-start=\"1925\" data-end=\"1980\">Use as <strong data-start=\"1934\" data-end=\"1980\">topping for salads, Bento boxes, and vegetable congee.<\/strong><\/li>\n<li data-start=\"1983\" data-end=\"2061\">Can <strong data-start=\"1990\" data-end=\"2036\">rehydrate for soups, garlic stir-fries, or steaming<\/strong>,... as convenient as fresh vegetables.<\/li>\n<\/ul>\n<h4 data-start=\"2063\" data-end=\"2113\">Ingredients for Functional Foods &amp; Detox Products<\/h4>\n<ul>\n<li data-start=\"2116\" data-end=\"2194\">Ground into <strong data-start=\"2129\" data-end=\"2144\">okra powder<\/strong> to supplement fiber, support digestive health, and detoxify the liver.<\/li>\n<li data-start=\"2197\" data-end=\"2290\">Combine with apple, celery, and bitter melon to create <strong data-start=\"2241\" data-end=\"2289\">premium Eat Clean &amp; Detox Dried Vegetable Collection<\/strong>.<\/li>\n<\/ul>\n<h3 data-start=\"2297\" data-end=\"2365\">Key Advantages of Bamboo Freeze-Dried Okra<\/h3>\n<div class=\"pointer-events-none relative left-[50%]! flex w-[100cqw] translate-x-[-50%] justify-center *:pointer-events-auto\">\n<div class=\"tableContainer horzScrollShadows\">\n<table class=\"min-w-full\" data-start=\"2367\" data-end=\"2984\">\n<thead data-start=\"2367\" data-end=\"2469\">\n<tr data-start=\"2367\" data-end=\"2469\">\n<th data-start=\"2367\" data-end=\"2400\">Product Features<\/th>\n<th data-start=\"2400\" data-end=\"2469\">Benefits for consumers<\/th>\n<\/tr>\n<\/thead>\n<tbody data-start=\"2573\" data-end=\"2984\">\n<tr data-start=\"2573\" data-end=\"2675\">\n<td class=\"max-w-[calc(var(--thread-content-max-width)*2\/3)]\" data-start=\"2573\" data-end=\"2606\">Crispy &amp; Airy \u2013 Whole Pods<\/td>\n<td class=\"max-w-[calc(var(--thread-content-max-width)*2\/3)] min-w-[calc(var(--thread-content-max-width)\/3)]\" data-start=\"2606\" data-end=\"2675\">Delicious \u2013 Eye-catching \u2013 Convenient as a snack<\/td>\n<\/tr>\n<tr data-start=\"2676\" data-end=\"2778\">\n<td class=\"max-w-[calc(var(--thread-content-max-width)*2\/3)]\" data-start=\"2676\" data-end=\"2709\">Oil-free, No additives<\/td>\n<td class=\"max-w-[calc(var(--thread-content-max-width)*2\/3)] min-w-[calc(var(--thread-content-max-width)\/3)]\" data-start=\"2709\" data-end=\"2778\">Absolutely Safe \u2013 Suitable for All Diets<\/td>\n<\/tr>\n<tr data-start=\"2779\" data-end=\"2881\">\n<td class=\"max-w-[calc(var(--thread-content-max-width)*2\/3)]\" data-start=\"2779\" data-end=\"2812\">Ultra-low moisture, long shelf life<\/td>\n<td class=\"max-w-[calc(var(--thread-content-max-width)*2\/3)]\" data-start=\"2812\" data-end=\"2881\">No refrigeration required \u2013 12 to 18-month shelf life<\/td>\n<\/tr>\n<tr data-start=\"2882\" data-end=\"2984\">\n<td class=\"max-w-[calc(var(--thread-content-max-width)*2\/3)]\" data-start=\"2882\" data-end=\"2915\">Multiple Sizes &amp; Cut Types<\/td>\n<td class=\"max-w-[calc(var(--thread-content-max-width)*2\/3)] min-w-[calc(var(--thread-content-max-width)\/3)]\" data-start=\"2915\" data-end=\"2984\">Segments \u2013 Whole Pods \u2013 Slices \u2013 Powder<\/td>\n<\/tr>\n<\/tbody>\n<\/table>\n<h3 data-start=\"2991\" data-end=\"3030\">Custom Specifications &amp; Processing<\/h3>\n<ul>\n<li data-start=\"3034\" data-end=\"3097\"><strong data-start=\"3034\" data-end=\"3051\">Product type<\/strong>: whole pods, diagonal slices, segments, and fine powder.<\/li>\n<li data-start=\"3100\" data-end=\"3177\"><strong data-start=\"3100\" data-end=\"3112\">Pack<\/strong>: ziplock bags or PET jars, vacuum-sealed packaging.<\/li>\n<li data-start=\"3180\" data-end=\"3293\">Receive <strong data-start=\"3185\" data-end=\"3221\">Original Equipment Manufacturer (OEM)<\/strong> for supermarket chains, Eat Clean shops, and functional food brands.<\/li>\n<\/ul>\n<p style=\"text-align: center;\"><span style=\"color: #993300;\"><strong>For any product inquiries or business collaboration opportunities, please contact us at: 0909 753 648<\/strong><\/span><\/p>\n<\/div>\n<\/div>","protected":false},"excerpt":{"rendered":"<p>\u0110\u1eadu b\u1eafp\u00a0\u2013 lo\u1ea1i rau d\u00e2n d\u00e3 gi\u00e0u ch\u1ea5t nh\u1ea7y v\u00e0 ch\u1ea5t x\u01a1 \u2013 t\u1eeb l\u00e2u \u0111\u00e3 \u0111\u01b0\u1ee3c bi\u1ebft \u0111\u1ebfn nh\u01b0 m\u1ed9t th\u1ef1c ph\u1ea9m \u201cv\u00e0ng\u201d cho ti\u00eau h\u00f3a, tim m\u1ea1ch v\u00e0 l\u00e0n da. Nh\u01b0ng \u00edt ai bi\u1ebft r\u1eb1ng, khi \u00e1p d\u1ee5ng c\u00f4ng ngh\u1ec7 s\u1ea5y th\u0103ng hoa, \u0111\u1eadu b\u1eafp kh\u00f4ng ch\u1ec9 gi\u1eef tr\u1ecdn nh\u1eefng gi\u00e1 tr\u1ecb dinh [&hellip;]<\/p>","protected":false},"featured_media":9696,"comment_status":"open","ping_status":"closed","template":"","meta":[],"product_cat":[396],"product_tag":[],"class_list":{"0":"post-9695","1":"product","2":"type-product","3":"status-publish","4":"has-post-thumbnail","6":"product_cat-rau-cu-say-thang-hoa","8":"first","9":"instock","10":"shipping-taxable","11":"product-type-simple"},"yoast_head":"<!-- This site is optimized with the Yoast SEO plugin v25.7 - https:\/\/yoast.com\/wordpress\/plugins\/seo\/ -->\n<title>\u0110\u1eadu b\u1eafp s\u1ea5y th\u0103ng hoa - Bamboo Freeze Drying<\/title>\n<meta name=\"robots\" content=\"index, follow, max-snippet:-1, max-image-preview:large, max-video-preview:-1\" \/>\n<link rel=\"canonical\" href=\"https:\/\/bamboovipfood.com\/en\/product\/freeze-dried-okra\/\" \/>\n<meta property=\"og:locale\" content=\"en_US\" \/>\n<meta property=\"og:type\" content=\"article\" \/>\n<meta property=\"og:title\" content=\"\u0110\u1eadu b\u1eafp s\u1ea5y th\u0103ng hoa - Bamboo Freeze Drying\" \/>\n<meta property=\"og:description\" content=\"\u0110\u1eadu b\u1eafp\u00a0\u2013 lo\u1ea1i rau d\u00e2n d\u00e3 gi\u00e0u ch\u1ea5t nh\u1ea7y v\u00e0 ch\u1ea5t x\u01a1 \u2013 t\u1eeb l\u00e2u \u0111\u00e3 \u0111\u01b0\u1ee3c bi\u1ebft \u0111\u1ebfn nh\u01b0 m\u1ed9t th\u1ef1c ph\u1ea9m \u201cv\u00e0ng\u201d cho ti\u00eau h\u00f3a, tim m\u1ea1ch v\u00e0 l\u00e0n da. Nh\u01b0ng \u00edt ai bi\u1ebft r\u1eb1ng, khi \u00e1p d\u1ee5ng c\u00f4ng ngh\u1ec7 s\u1ea5y th\u0103ng hoa, \u0111\u1eadu b\u1eafp kh\u00f4ng ch\u1ec9 gi\u1eef tr\u1ecdn nh\u1eefng gi\u00e1 tr\u1ecb dinh [&hellip;]\" \/>\n<meta property=\"og:url\" content=\"https:\/\/bamboovipfood.com\/en\/product\/freeze-dried-okra\/\" \/>\n<meta property=\"og:site_name\" content=\"Bamboo Freeze Drying\" \/>\n<meta property=\"article:modified_time\" content=\"2025-04-21T06:18:15+00:00\" \/>\n<meta property=\"og:image\" content=\"https:\/\/bamboovipfood.com\/wp-content\/uploads\/2025\/04\/dau-bap-say-thang-hoa.jpg\" \/>\n\t<meta property=\"og:image:width\" content=\"750\" \/>\n\t<meta property=\"og:image:height\" content=\"750\" \/>\n\t<meta property=\"og:image:type\" content=\"image\/jpeg\" \/>\n<meta name=\"twitter:card\" content=\"summary_large_image\" \/>\n<meta name=\"twitter:label1\" content=\"Est. reading time\" \/>\n\t<meta name=\"twitter:data1\" content=\"3 minutes\" \/>\n<script type=\"application\/ld+json\" class=\"yoast-schema-graph\">{\"@context\":\"https:\/\/schema.org\",\"@graph\":[{\"@type\":\"WebPage\",\"@id\":\"https:\/\/bamboovipfood.com\/san-pham\/dau-bap-say-thang-hoa\/\",\"url\":\"https:\/\/bamboovipfood.com\/san-pham\/dau-bap-say-thang-hoa\/\",\"name\":\"\u0110\u1eadu b\u1eafp s\u1ea5y th\u0103ng hoa - Bamboo Freeze Drying\",\"isPartOf\":{\"@id\":\"https:\/\/bamboovipfood.com\/#website\"},\"primaryImageOfPage\":{\"@id\":\"https:\/\/bamboovipfood.com\/san-pham\/dau-bap-say-thang-hoa\/#primaryimage\"},\"image\":{\"@id\":\"https:\/\/bamboovipfood.com\/san-pham\/dau-bap-say-thang-hoa\/#primaryimage\"},\"thumbnailUrl\":\"https:\/\/bamboovipfood.com\/wp-content\/uploads\/2025\/04\/dau-bap-say-thang-hoa.jpg\",\"datePublished\":\"2025-04-17T06:36:28+00:00\",\"dateModified\":\"2025-04-21T06:18:15+00:00\",\"breadcrumb\":{\"@id\":\"https:\/\/bamboovipfood.com\/san-pham\/dau-bap-say-thang-hoa\/#breadcrumb\"},\"inLanguage\":\"en-US\",\"potentialAction\":[{\"@type\":\"ReadAction\",\"target\":[\"https:\/\/bamboovipfood.com\/san-pham\/dau-bap-say-thang-hoa\/\"]}]},{\"@type\":\"ImageObject\",\"inLanguage\":\"en-US\",\"@id\":\"https:\/\/bamboovipfood.com\/san-pham\/dau-bap-say-thang-hoa\/#primaryimage\",\"url\":\"https:\/\/bamboovipfood.com\/wp-content\/uploads\/2025\/04\/dau-bap-say-thang-hoa.jpg\",\"contentUrl\":\"https:\/\/bamboovipfood.com\/wp-content\/uploads\/2025\/04\/dau-bap-say-thang-hoa.jpg\",\"width\":750,\"height\":750},{\"@type\":\"BreadcrumbList\",\"@id\":\"https:\/\/bamboovipfood.com\/san-pham\/dau-bap-say-thang-hoa\/#breadcrumb\",\"itemListElement\":[{\"@type\":\"ListItem\",\"position\":1,\"name\":\"Trang ch\u1ee7\",\"item\":\"https:\/\/bamboovipfood.com\/\"},{\"@type\":\"ListItem\",\"position\":2,\"name\":\"Shop\",\"item\":\"https:\/\/bamboovipfood.com\/shop\/\"},{\"@type\":\"ListItem\",\"position\":3,\"name\":\"\u0110\u1eadu b\u1eafp s\u1ea5y th\u0103ng hoa\"}]},{\"@type\":\"WebSite\",\"@id\":\"https:\/\/bamboovipfood.com\/#website\",\"url\":\"https:\/\/bamboovipfood.com\/\",\"name\":\"Bamboo Freeze Drying\",\"description\":\"Nh\u00e0 cung \u1ee9ng s\u1ea3n ph\u1ea9m s\u1ea5y th\u0103ng hoa h\u00e0ng \u0111\u1ea7u\",\"publisher\":{\"@id\":\"https:\/\/bamboovipfood.com\/#organization\"},\"potentialAction\":[{\"@type\":\"SearchAction\",\"target\":{\"@type\":\"EntryPoint\",\"urlTemplate\":\"https:\/\/bamboovipfood.com\/?s={search_term_string}\"},\"query-input\":{\"@type\":\"PropertyValueSpecification\",\"valueRequired\":true,\"valueName\":\"search_term_string\"}}],\"inLanguage\":\"en-US\"},{\"@type\":\"Organization\",\"@id\":\"https:\/\/bamboovipfood.com\/#organization\",\"name\":\"Bamboo Freeze Drying\",\"url\":\"https:\/\/bamboovipfood.com\/\",\"logo\":{\"@type\":\"ImageObject\",\"inLanguage\":\"en-US\",\"@id\":\"https:\/\/bamboovipfood.com\/#\/schema\/logo\/image\/\",\"url\":\"https:\/\/bamboovipfood.com\/wp-content\/uploads\/2020\/08\/Logo-Bamboo-Freeze-Dry-Dark.png\",\"contentUrl\":\"https:\/\/bamboovipfood.com\/wp-content\/uploads\/2020\/08\/Logo-Bamboo-Freeze-Dry-Dark.png\",\"width\":500,\"height\":189,\"caption\":\"Bamboo Freeze Drying\"},\"image\":{\"@id\":\"https:\/\/bamboovipfood.com\/#\/schema\/logo\/image\/\"}}]}<\/script>\n<!-- \/ Yoast SEO plugin. -->","yoast_head_json":{"title":"\u0110\u1eadu b\u1eafp s\u1ea5y th\u0103ng hoa - Bamboo Freeze Drying","robots":{"index":"index","follow":"follow","max-snippet":"max-snippet:-1","max-image-preview":"max-image-preview:large","max-video-preview":"max-video-preview:-1"},"canonical":"https:\/\/bamboovipfood.com\/en\/product\/freeze-dried-okra\/","og_locale":"en_US","og_type":"article","og_title":"\u0110\u1eadu b\u1eafp s\u1ea5y th\u0103ng hoa - Bamboo Freeze Drying","og_description":"\u0110\u1eadu b\u1eafp\u00a0\u2013 lo\u1ea1i rau d\u00e2n d\u00e3 gi\u00e0u ch\u1ea5t nh\u1ea7y v\u00e0 ch\u1ea5t x\u01a1 \u2013 t\u1eeb l\u00e2u \u0111\u00e3 \u0111\u01b0\u1ee3c bi\u1ebft \u0111\u1ebfn nh\u01b0 m\u1ed9t th\u1ef1c ph\u1ea9m \u201cv\u00e0ng\u201d cho ti\u00eau h\u00f3a, tim m\u1ea1ch v\u00e0 l\u00e0n da. Nh\u01b0ng \u00edt ai bi\u1ebft r\u1eb1ng, khi \u00e1p d\u1ee5ng c\u00f4ng ngh\u1ec7 s\u1ea5y th\u0103ng hoa, \u0111\u1eadu b\u1eafp kh\u00f4ng ch\u1ec9 gi\u1eef tr\u1ecdn nh\u1eefng gi\u00e1 tr\u1ecb dinh [&hellip;]","og_url":"https:\/\/bamboovipfood.com\/en\/product\/freeze-dried-okra\/","og_site_name":"Bamboo Freeze Drying","article_modified_time":"2025-04-21T06:18:15+00:00","og_image":[{"width":750,"height":750,"url":"https:\/\/bamboovipfood.com\/wp-content\/uploads\/2025\/04\/dau-bap-say-thang-hoa.jpg","type":"image\/jpeg"}],"twitter_card":"summary_large_image","twitter_misc":{"Est. reading time":"3 minutes"},"schema":{"@context":"https:\/\/schema.org","@graph":[{"@type":"WebPage","@id":"https:\/\/bamboovipfood.com\/san-pham\/dau-bap-say-thang-hoa\/","url":"https:\/\/bamboovipfood.com\/san-pham\/dau-bap-say-thang-hoa\/","name":"\u0110\u1eadu b\u1eafp s\u1ea5y th\u0103ng hoa - Bamboo Freeze Drying","isPartOf":{"@id":"https:\/\/bamboovipfood.com\/#website"},"primaryImageOfPage":{"@id":"https:\/\/bamboovipfood.com\/san-pham\/dau-bap-say-thang-hoa\/#primaryimage"},"image":{"@id":"https:\/\/bamboovipfood.com\/san-pham\/dau-bap-say-thang-hoa\/#primaryimage"},"thumbnailUrl":"https:\/\/bamboovipfood.com\/wp-content\/uploads\/2025\/04\/dau-bap-say-thang-hoa.jpg","datePublished":"2025-04-17T06:36:28+00:00","dateModified":"2025-04-21T06:18:15+00:00","breadcrumb":{"@id":"https:\/\/bamboovipfood.com\/san-pham\/dau-bap-say-thang-hoa\/#breadcrumb"},"inLanguage":"en-US","potentialAction":[{"@type":"ReadAction","target":["https:\/\/bamboovipfood.com\/san-pham\/dau-bap-say-thang-hoa\/"]}]},{"@type":"ImageObject","inLanguage":"en-US","@id":"https:\/\/bamboovipfood.com\/san-pham\/dau-bap-say-thang-hoa\/#primaryimage","url":"https:\/\/bamboovipfood.com\/wp-content\/uploads\/2025\/04\/dau-bap-say-thang-hoa.jpg","contentUrl":"https:\/\/bamboovipfood.com\/wp-content\/uploads\/2025\/04\/dau-bap-say-thang-hoa.jpg","width":750,"height":750},{"@type":"BreadcrumbList","@id":"https:\/\/bamboovipfood.com\/san-pham\/dau-bap-say-thang-hoa\/#breadcrumb","itemListElement":[{"@type":"ListItem","position":1,"name":"Trang ch\u1ee7","item":"https:\/\/bamboovipfood.com\/"},{"@type":"ListItem","position":2,"name":"Shop","item":"https:\/\/bamboovipfood.com\/shop\/"},{"@type":"ListItem","position":3,"name":"\u0110\u1eadu b\u1eafp s\u1ea5y th\u0103ng hoa"}]},{"@type":"WebSite","@id":"https:\/\/bamboovipfood.com\/#website","url":"https:\/\/bamboovipfood.com\/","name":"Bamboo Freeze Drying","description":"Nh\u00e0 cung \u1ee9ng s\u1ea3n ph\u1ea9m s\u1ea5y th\u0103ng hoa h\u00e0ng \u0111\u1ea7u","publisher":{"@id":"https:\/\/bamboovipfood.com\/#organization"},"potentialAction":[{"@type":"SearchAction","target":{"@type":"EntryPoint","urlTemplate":"https:\/\/bamboovipfood.com\/?s={search_term_string}"},"query-input":{"@type":"PropertyValueSpecification","valueRequired":true,"valueName":"search_term_string"}}],"inLanguage":"en-US"},{"@type":"Organization","@id":"https:\/\/bamboovipfood.com\/#organization","name":"Bamboo Freeze Drying","url":"https:\/\/bamboovipfood.com\/","logo":{"@type":"ImageObject","inLanguage":"en-US","@id":"https:\/\/bamboovipfood.com\/#\/schema\/logo\/image\/","url":"https:\/\/bamboovipfood.com\/wp-content\/uploads\/2020\/08\/Logo-Bamboo-Freeze-Dry-Dark.png","contentUrl":"https:\/\/bamboovipfood.com\/wp-content\/uploads\/2020\/08\/Logo-Bamboo-Freeze-Dry-Dark.png","width":500,"height":189,"caption":"Bamboo Freeze Drying"},"image":{"@id":"https:\/\/bamboovipfood.com\/#\/schema\/logo\/image\/"}}]}},"_links":{"self":[{"href":"https:\/\/bamboovipfood.com\/en\/wp-json\/wp\/v2\/product\/9695","targetHints":{"allow":["GET"]}}],"collection":[{"href":"https:\/\/bamboovipfood.com\/en\/wp-json\/wp\/v2\/product"}],"about":[{"href":"https:\/\/bamboovipfood.com\/en\/wp-json\/wp\/v2\/types\/product"}],"replies":[{"embeddable":true,"href":"https:\/\/bamboovipfood.com\/en\/wp-json\/wp\/v2\/comments?post=9695"}],"wp:featuredmedia":[{"embeddable":true,"href":"https:\/\/bamboovipfood.com\/en\/wp-json\/wp\/v2\/media\/9696"}],"wp:attachment":[{"href":"https:\/\/bamboovipfood.com\/en\/wp-json\/wp\/v2\/media?parent=9695"}],"wp:term":[{"taxonomy":"product_cat","embeddable":true,"href":"https:\/\/bamboovipfood.com\/en\/wp-json\/wp\/v2\/product_cat?post=9695"},{"taxonomy":"product_tag","embeddable":true,"href":"https:\/\/bamboovipfood.com\/en\/wp-json\/wp\/v2\/product_tag?post=9695"}],"curies":[{"name":"wp","href":"https:\/\/api.w.org\/{rel}","templated":true}]}}