{"id":9691,"date":"2025-04-15T09:19:45","date_gmt":"2025-04-15T09:19:45","guid":{"rendered":"https:\/\/bamboovipfood.com\/?post_type=product&#038;p=9691"},"modified":"2025-04-15T09:20:35","modified_gmt":"2025-04-15T09:20:35","slug":"bap-my-say-thang-hoa","status":"publish","type":"product","link":"https:\/\/bamboovipfood.com\/en\/product\/freeze-dried-sweet-corn\/","title":{"rendered":"Freeze-dried (Sweet) Corn"},"content":{"rendered":"<p class=\"\" data-start=\"497\" data-end=\"879\"><strong data-start=\"497\" data-end=\"510\">Sweet Corn<\/strong> - a familiar and nutrient-rich grain - has long been a staple in every meal, from street food stalls to high-end restaurants. At <strong data-start=\"632\" data-end=\"656\">Bamboo Freeze Drying<\/strong>, we have carefully selected from premium varieties <strong data-start=\"694\" data-end=\"727\">sweet corn, yellow corn, and red corn<\/strong> of high quality and applied advanced technology <strong data-start=\"764\" data-end=\"781\">sublimation (freeze-drying)<\/strong> to create our products <strong data-start=\"801\" data-end=\"878\"><a href=\"https:\/\/bamboovipfood.com\/en\/product\/freeze-dried-sweet-corn\/\">Freeze-Dried Corn<\/a> crispy, flavorful, nutrient-rich, and absolutely convenient.<\/strong>.<\/p>\n<h3 data-start=\"886\" data-end=\"942\">What makes our freeze-dried corn so special?<\/h3>\n<p class=\"\" data-start=\"944\" data-end=\"1119\">Unlike traditional popcorn or heat-dried corn, which can be tough and discolored, this is the result of vacuum freeze-drying technology at low temperatures, which helps:<\/p>\n<ul>\n<li data-start=\"1123\" data-end=\"1224\"><strong data-start=\"1123\" data-end=\"1154\">Preserve natural color<\/strong>: the golden yellow of sweet corn, the vibrant red of purple waxy corn, and the bright hues of yellow corn.<\/li>\n<li data-start=\"1227\" data-end=\"1345\"><strong data-start=\"1227\" data-end=\"1261\">Preserve essential nutrients<\/strong>: vitamins B1, B6, folate, lutein, zeaxanthin, soluble fiber, and antioxidants.<\/li>\n<li data-start=\"1348\" data-end=\"1465\"><strong data-start=\"1348\" data-end=\"1381\">Create a uniquely crispy texture<\/strong>: every single corn kernel <strong data-start=\"1396\" data-end=\"1427\">light, crunchy, and nutty,<\/strong>, with absolutely no toughness or chewiness.<\/li>\n<\/ul>\n<h3 data-start=\"1472\" data-end=\"1516\">Versatile Applications of Freeze-Dried Corn<\/h3>\n<h4 data-start=\"1518\" data-end=\"1557\">Ready-to-eat snack \u2013 convenient and healthy<\/h4>\n<ul>\n<li data-start=\"1560\" data-end=\"1647\">Enjoy directly as <strong data-start=\"1577\" data-end=\"1600\">naturally crunchy snack<\/strong> - non-fried, oil-free, and healthy.<\/li>\n<li data-start=\"1650\" data-end=\"1728\">Suitable for <strong data-start=\"1662\" data-end=\"1728\">vegetarians, people losing weight, and those on an 'Eat Clean' diet.<\/strong><\/li>\n<\/ul>\n<h4 data-start=\"1730\" data-end=\"1773\">Ingredients for Mixology and Culinary Arts<\/h4>\n<ul>\n<li data-start=\"1776\" data-end=\"1829\">Used as <strong data-start=\"1785\" data-end=\"1829\">topping cho salad, s\u00fap, pizza, c\u01a1m tr\u1ed9n.<\/strong><\/li>\n<li data-start=\"1832\" data-end=\"1911\">Finely ground into <strong data-start=\"1849\" data-end=\"1872\">b\u1ed9t b\u1eafp nguy\u00ean ch\u1ea5t<\/strong> \u0111\u1ec3 l\u00e0m b\u00e1nh, s\u1eefa h\u1ea1t, ch\u00e1o dinh d\u01b0\u1ee1ng.<\/li>\n<li data-start=\"1914\" data-end=\"1992\">L\u00e0 nguy\u00ean li\u1ec7u b\u1ed5 sung v\u00e0o <strong data-start=\"1941\" data-end=\"1992\">ch\u00e1o s\u1ea5y kh\u00f4, m\u00ec cao c\u1ea5p, snack h\u1ed7n h\u1ee3p rau c\u1ee7.<\/strong><\/li>\n<\/ul>\n<h3 data-start=\"2266\" data-end=\"2341\">\u01afu \u0111i\u1ec3m v\u01b0\u1ee3t tr\u1ed9i c\u1ee7a s\u1ea3n ph\u1ea9m b\u1eafp s\u1ea5y th\u0103ng hoa Bamboo Freeze Drying<\/h3>\n<div class=\"pointer-events-none relative left-[50%]! flex w-[100cqw] translate-x-[-50%] justify-center *:pointer-events-auto\">\n<div class=\"tableContainer horzScrollShadows\">\n<table class=\"min-w-full\" data-start=\"2343\" data-end=\"2928\">\n<thead data-start=\"2343\" data-end=\"2439\">\n<tr data-start=\"2343\" data-end=\"2439\">\n<th data-start=\"2343\" data-end=\"2372\">Outstanding features<\/th>\n<th data-start=\"2372\" data-end=\"2439\">L\u1ee3i \u00edch mang l\u1ea1i<\/th>\n<\/tr>\n<\/thead>\n<tbody data-start=\"2537\" data-end=\"2928\">\n<tr data-start=\"2537\" data-end=\"2633\">\n<td class=\"max-w-[calc(var(--thread-content-max-width)*2\/3)]\" data-start=\"2537\" data-end=\"2566\">100% t\u1eeb b\u1eafp t\u01b0\u01a1i s\u1ea1ch<\/td>\n<td class=\"max-w-[calc(var(--thread-content-max-width)*2\/3)] min-w-[calc(var(--thread-content-max-width)\/3)]\" data-start=\"2566\" data-end=\"2633\">Kh\u00f4ng \u0111\u01b0\u1eddng, kh\u00f4ng ch\u1ea5t b\u1ea3o qu\u1ea3n, kh\u00f4ng h\u01b0\u01a1ng li\u1ec7u nh\u00e2n t\u1ea1o<\/td>\n<\/tr>\n<tr data-start=\"2634\" data-end=\"2730\">\n<td class=\"max-w-[calc(var(--thread-content-max-width)*2\/3)]\" data-start=\"2634\" data-end=\"2663\">S\u1ea5y l\u1ea1nh b\u1ea3o to\u00e0n ch\u1ea5t<\/td>\n<td class=\"max-w-[calc(var(--thread-content-max-width)*2\/3)] min-w-[calc(var(--thread-content-max-width)\/3)]\" data-start=\"2663\" data-end=\"2730\">Gi\u1eef tr\u1ecdn vitamin \u2013 ch\u1ea5t x\u01a1 \u2013 enzym t\u1ef1 nhi\u00ean<\/td>\n<\/tr>\n<tr data-start=\"2731\" data-end=\"2829\">\n<td class=\"max-w-[calc(var(--thread-content-max-width)*2\/3)]\" data-start=\"2731\" data-end=\"2760\">D\u1ec5 ti\u00eau h\u00f3a, an to\u00e0n<\/td>\n<td class=\"max-w-[calc(var(--thread-content-max-width)*2\/3)] min-w-[calc(var(--thread-content-max-width)\/3)]\" data-start=\"2760\" data-end=\"2829\">Ph\u00f9 h\u1ee3p cho tr\u1ebb em, ng\u01b0\u1eddi l\u1edbn tu\u1ed5i, ng\u01b0\u1eddi c\u00f3 h\u1ec7 ti\u00eau h\u00f3a nh\u1ea1y c\u1ea3m<\/td>\n<\/tr>\n<tr data-start=\"2830\" data-end=\"2928\">\n<td class=\"max-w-[calc(var(--thread-content-max-width)*2\/3)]\" data-start=\"2830\" data-end=\"2861\">D\u1ea1ng h\u1ea1t nguy\u00ean \u2013 nguy\u00ean v\u1eb9n<\/td>\n<td class=\"max-w-[calc(var(--thread-content-max-width)*2\/3)]\" data-start=\"2861\" data-end=\"2928\">Kh\u00f4ng v\u1ee1 v\u1ee5n, d\u1ec5 \u0111\u00f3ng g\u00f3i, th\u1ea9m m\u1ef9 cao<\/td>\n<\/tr>\n<\/tbody>\n<\/table>\n<h3 data-start=\"2935\" data-end=\"2978\">Quy c\u00e1ch s\u1ea3n ph\u1ea9m &amp; OEM theo y\u00eau c\u1ea7u<\/h3>\n<ul data-start=\"2980\" data-end=\"3249\">\n<li class=\"\" data-start=\"2980\" data-end=\"3056\">\n<p class=\"\" data-start=\"2982\" data-end=\"3056\"><strong data-start=\"2982\" data-end=\"2999\">Product type<\/strong>: h\u1ea1t b\u1eafp s\u1ea5y th\u0103ng hoa nguy\u00ean, b\u1ed9t b\u1eafp m\u1ecbn.<\/p>\n<\/li>\n<li class=\"\" data-start=\"3057\" data-end=\"3147\">\n<p class=\"\" data-start=\"3059\" data-end=\"3147\"><strong data-start=\"3059\" data-end=\"3071\">Pack<\/strong>: t\u00fai zip b\u1ea1c ho\u1eb7c h\u1ee7 nh\u1ef1a, bao b\u00ec h\u00fat ch\u00e2n kh\u00f4ng cao c\u1ea5p.<\/p>\n<\/li>\n<li class=\"\" data-start=\"3148\" data-end=\"3249\">\n<p class=\"\" data-start=\"3150\" data-end=\"3249\">Contract Manufacturing <strong data-start=\"3164\" data-end=\"3195\">private label (OEM\/ODM)<\/strong> cho th\u01b0\u01a1ng hi\u1ec7u snack, th\u1ef1c ph\u1ea9m s\u1ee9c kh\u1ecfe, xu\u1ea5t kh\u1ea9u.<\/p>\n<\/li>\n<\/ul>\n<p><span style=\"color: #993300;\"><strong>For any product inquiries or business collaboration opportunities, please contact us at: 0909 753 648<\/strong><\/span><\/p>\n<\/div>\n<\/div>","protected":false},"excerpt":{"rendered":"<p>B\u1eafp (ng\u00f4) \u2013 lo\u1ea1i ng\u0169 c\u1ed1c quen thu\u1ed9c v\u00e0 gi\u00e0u d\u01b0\u1ee1ng ch\u1ea5t \u2013 t\u1eeb l\u00e2u \u0111\u00e3 c\u00f3 m\u1eb7t trong m\u1ecdi b\u1eefa \u0103n, t\u1eeb \u0111\u01b0\u1eddng ph\u1ed1 \u0111\u1ebfn nh\u00e0 h\u00e0ng cao c\u1ea5p. T\u1ea1i Bamboo Freeze Drying, ch\u00fang t\u00f4i \u0111\u00e3 tuy\u1ec3n ch\u1ecdn t\u1eeb gi\u1ed1ng b\u1eafp M\u1ef9, ng\u1ecdt v\u00e0ng, \u0111\u1ecf ch\u1ea5t l\u01b0\u1ee3ng cao v\u00e0 \u00e1p d\u1ee5ng c\u00f4ng ngh\u1ec7 s\u1ea5y [&hellip;]<\/p>","protected":false},"featured_media":9692,"comment_status":"open","ping_status":"closed","template":"","meta":[],"product_cat":[396],"product_tag":[],"class_list":{"0":"post-9691","1":"product","2":"type-product","3":"status-publish","4":"has-post-thumbnail","6":"product_cat-rau-cu-say-thang-hoa","8":"first","9":"instock","10":"shipping-taxable","11":"product-type-simple"},"yoast_head":"<!-- This site is optimized with the Yoast SEO plugin v25.7 - https:\/\/yoast.com\/wordpress\/plugins\/seo\/ -->\n<title>B\u1eafp (M\u1ef9) s\u1ea5y th\u0103ng hoa - Bamboo Freeze Drying<\/title>\n<meta name=\"robots\" content=\"index, follow, max-snippet:-1, max-image-preview:large, max-video-preview:-1\" \/>\n<link rel=\"canonical\" href=\"https:\/\/bamboovipfood.com\/en\/product\/freeze-dried-sweet-corn\/\" \/>\n<meta property=\"og:locale\" content=\"en_US\" \/>\n<meta property=\"og:type\" content=\"article\" \/>\n<meta property=\"og:title\" content=\"B\u1eafp (M\u1ef9) s\u1ea5y th\u0103ng hoa - Bamboo Freeze Drying\" \/>\n<meta property=\"og:description\" content=\"B\u1eafp (ng\u00f4) \u2013 lo\u1ea1i ng\u0169 c\u1ed1c quen thu\u1ed9c v\u00e0 gi\u00e0u d\u01b0\u1ee1ng ch\u1ea5t \u2013 t\u1eeb l\u00e2u \u0111\u00e3 c\u00f3 m\u1eb7t trong m\u1ecdi b\u1eefa \u0103n, t\u1eeb \u0111\u01b0\u1eddng ph\u1ed1 \u0111\u1ebfn nh\u00e0 h\u00e0ng cao c\u1ea5p. T\u1ea1i Bamboo Freeze Drying, ch\u00fang t\u00f4i \u0111\u00e3 tuy\u1ec3n ch\u1ecdn t\u1eeb gi\u1ed1ng b\u1eafp M\u1ef9, ng\u1ecdt v\u00e0ng, \u0111\u1ecf ch\u1ea5t l\u01b0\u1ee3ng cao v\u00e0 \u00e1p d\u1ee5ng c\u00f4ng ngh\u1ec7 s\u1ea5y [&hellip;]\" \/>\n<meta property=\"og:url\" content=\"https:\/\/bamboovipfood.com\/en\/product\/freeze-dried-sweet-corn\/\" \/>\n<meta property=\"og:site_name\" content=\"Bamboo Freeze Drying\" \/>\n<meta property=\"article:modified_time\" content=\"2025-04-15T09:20:35+00:00\" \/>\n<meta property=\"og:image\" content=\"https:\/\/bamboovipfood.com\/wp-content\/uploads\/2025\/04\/bap-my-say-thang-hoa.jpg\" \/>\n\t<meta property=\"og:image:width\" content=\"750\" \/>\n\t<meta property=\"og:image:height\" content=\"750\" \/>\n\t<meta property=\"og:image:type\" content=\"image\/jpeg\" \/>\n<meta name=\"twitter:card\" content=\"summary_large_image\" \/>\n<meta name=\"twitter:label1\" content=\"Est. reading time\" \/>\n\t<meta name=\"twitter:data1\" content=\"3 minutes\" \/>\n<script type=\"application\/ld+json\" class=\"yoast-schema-graph\">{\"@context\":\"https:\/\/schema.org\",\"@graph\":[{\"@type\":\"WebPage\",\"@id\":\"https:\/\/bamboovipfood.com\/san-pham\/bap-my-say-thang-hoa\/\",\"url\":\"https:\/\/bamboovipfood.com\/san-pham\/bap-my-say-thang-hoa\/\",\"name\":\"B\u1eafp (M\u1ef9) s\u1ea5y th\u0103ng hoa - Bamboo Freeze Drying\",\"isPartOf\":{\"@id\":\"https:\/\/bamboovipfood.com\/#website\"},\"primaryImageOfPage\":{\"@id\":\"https:\/\/bamboovipfood.com\/san-pham\/bap-my-say-thang-hoa\/#primaryimage\"},\"image\":{\"@id\":\"https:\/\/bamboovipfood.com\/san-pham\/bap-my-say-thang-hoa\/#primaryimage\"},\"thumbnailUrl\":\"https:\/\/bamboovipfood.com\/wp-content\/uploads\/2025\/04\/bap-my-say-thang-hoa.jpg\",\"datePublished\":\"2025-04-15T09:19:45+00:00\",\"dateModified\":\"2025-04-15T09:20:35+00:00\",\"breadcrumb\":{\"@id\":\"https:\/\/bamboovipfood.com\/san-pham\/bap-my-say-thang-hoa\/#breadcrumb\"},\"inLanguage\":\"en-US\",\"potentialAction\":[{\"@type\":\"ReadAction\",\"target\":[\"https:\/\/bamboovipfood.com\/san-pham\/bap-my-say-thang-hoa\/\"]}]},{\"@type\":\"ImageObject\",\"inLanguage\":\"en-US\",\"@id\":\"https:\/\/bamboovipfood.com\/san-pham\/bap-my-say-thang-hoa\/#primaryimage\",\"url\":\"https:\/\/bamboovipfood.com\/wp-content\/uploads\/2025\/04\/bap-my-say-thang-hoa.jpg\",\"contentUrl\":\"https:\/\/bamboovipfood.com\/wp-content\/uploads\/2025\/04\/bap-my-say-thang-hoa.jpg\",\"width\":750,\"height\":750},{\"@type\":\"BreadcrumbList\",\"@id\":\"https:\/\/bamboovipfood.com\/san-pham\/bap-my-say-thang-hoa\/#breadcrumb\",\"itemListElement\":[{\"@type\":\"ListItem\",\"position\":1,\"name\":\"Trang ch\u1ee7\",\"item\":\"https:\/\/bamboovipfood.com\/\"},{\"@type\":\"ListItem\",\"position\":2,\"name\":\"Shop\",\"item\":\"https:\/\/bamboovipfood.com\/shop\/\"},{\"@type\":\"ListItem\",\"position\":3,\"name\":\"B\u1eafp (M\u1ef9) s\u1ea5y th\u0103ng hoa\"}]},{\"@type\":\"WebSite\",\"@id\":\"https:\/\/bamboovipfood.com\/#website\",\"url\":\"https:\/\/bamboovipfood.com\/\",\"name\":\"Bamboo Freeze Drying\",\"description\":\"Nh\u00e0 cung \u1ee9ng s\u1ea3n ph\u1ea9m s\u1ea5y th\u0103ng hoa h\u00e0ng \u0111\u1ea7u\",\"publisher\":{\"@id\":\"https:\/\/bamboovipfood.com\/#organization\"},\"potentialAction\":[{\"@type\":\"SearchAction\",\"target\":{\"@type\":\"EntryPoint\",\"urlTemplate\":\"https:\/\/bamboovipfood.com\/?s={search_term_string}\"},\"query-input\":{\"@type\":\"PropertyValueSpecification\",\"valueRequired\":true,\"valueName\":\"search_term_string\"}}],\"inLanguage\":\"en-US\"},{\"@type\":\"Organization\",\"@id\":\"https:\/\/bamboovipfood.com\/#organization\",\"name\":\"Bamboo Freeze Drying\",\"url\":\"https:\/\/bamboovipfood.com\/\",\"logo\":{\"@type\":\"ImageObject\",\"inLanguage\":\"en-US\",\"@id\":\"https:\/\/bamboovipfood.com\/#\/schema\/logo\/image\/\",\"url\":\"https:\/\/bamboovipfood.com\/wp-content\/uploads\/2020\/08\/Logo-Bamboo-Freeze-Dry-Dark.png\",\"contentUrl\":\"https:\/\/bamboovipfood.com\/wp-content\/uploads\/2020\/08\/Logo-Bamboo-Freeze-Dry-Dark.png\",\"width\":500,\"height\":189,\"caption\":\"Bamboo Freeze Drying\"},\"image\":{\"@id\":\"https:\/\/bamboovipfood.com\/#\/schema\/logo\/image\/\"}}]}<\/script>\n<!-- \/ Yoast SEO plugin. -->","yoast_head_json":{"title":"B\u1eafp (M\u1ef9) s\u1ea5y th\u0103ng hoa - Bamboo Freeze Drying","robots":{"index":"index","follow":"follow","max-snippet":"max-snippet:-1","max-image-preview":"max-image-preview:large","max-video-preview":"max-video-preview:-1"},"canonical":"https:\/\/bamboovipfood.com\/en\/product\/freeze-dried-sweet-corn\/","og_locale":"en_US","og_type":"article","og_title":"B\u1eafp (M\u1ef9) s\u1ea5y th\u0103ng hoa - Bamboo Freeze Drying","og_description":"B\u1eafp (ng\u00f4) \u2013 lo\u1ea1i ng\u0169 c\u1ed1c quen thu\u1ed9c v\u00e0 gi\u00e0u d\u01b0\u1ee1ng ch\u1ea5t \u2013 t\u1eeb l\u00e2u \u0111\u00e3 c\u00f3 m\u1eb7t trong m\u1ecdi b\u1eefa \u0103n, t\u1eeb \u0111\u01b0\u1eddng ph\u1ed1 \u0111\u1ebfn nh\u00e0 h\u00e0ng cao c\u1ea5p. T\u1ea1i Bamboo Freeze Drying, ch\u00fang t\u00f4i \u0111\u00e3 tuy\u1ec3n ch\u1ecdn t\u1eeb gi\u1ed1ng b\u1eafp M\u1ef9, ng\u1ecdt v\u00e0ng, \u0111\u1ecf ch\u1ea5t l\u01b0\u1ee3ng cao v\u00e0 \u00e1p d\u1ee5ng c\u00f4ng ngh\u1ec7 s\u1ea5y [&hellip;]","og_url":"https:\/\/bamboovipfood.com\/en\/product\/freeze-dried-sweet-corn\/","og_site_name":"Bamboo Freeze Drying","article_modified_time":"2025-04-15T09:20:35+00:00","og_image":[{"width":750,"height":750,"url":"https:\/\/bamboovipfood.com\/wp-content\/uploads\/2025\/04\/bap-my-say-thang-hoa.jpg","type":"image\/jpeg"}],"twitter_card":"summary_large_image","twitter_misc":{"Est. reading time":"3 minutes"},"schema":{"@context":"https:\/\/schema.org","@graph":[{"@type":"WebPage","@id":"https:\/\/bamboovipfood.com\/san-pham\/bap-my-say-thang-hoa\/","url":"https:\/\/bamboovipfood.com\/san-pham\/bap-my-say-thang-hoa\/","name":"B\u1eafp (M\u1ef9) s\u1ea5y th\u0103ng hoa - Bamboo Freeze Drying","isPartOf":{"@id":"https:\/\/bamboovipfood.com\/#website"},"primaryImageOfPage":{"@id":"https:\/\/bamboovipfood.com\/san-pham\/bap-my-say-thang-hoa\/#primaryimage"},"image":{"@id":"https:\/\/bamboovipfood.com\/san-pham\/bap-my-say-thang-hoa\/#primaryimage"},"thumbnailUrl":"https:\/\/bamboovipfood.com\/wp-content\/uploads\/2025\/04\/bap-my-say-thang-hoa.jpg","datePublished":"2025-04-15T09:19:45+00:00","dateModified":"2025-04-15T09:20:35+00:00","breadcrumb":{"@id":"https:\/\/bamboovipfood.com\/san-pham\/bap-my-say-thang-hoa\/#breadcrumb"},"inLanguage":"en-US","potentialAction":[{"@type":"ReadAction","target":["https:\/\/bamboovipfood.com\/san-pham\/bap-my-say-thang-hoa\/"]}]},{"@type":"ImageObject","inLanguage":"en-US","@id":"https:\/\/bamboovipfood.com\/san-pham\/bap-my-say-thang-hoa\/#primaryimage","url":"https:\/\/bamboovipfood.com\/wp-content\/uploads\/2025\/04\/bap-my-say-thang-hoa.jpg","contentUrl":"https:\/\/bamboovipfood.com\/wp-content\/uploads\/2025\/04\/bap-my-say-thang-hoa.jpg","width":750,"height":750},{"@type":"BreadcrumbList","@id":"https:\/\/bamboovipfood.com\/san-pham\/bap-my-say-thang-hoa\/#breadcrumb","itemListElement":[{"@type":"ListItem","position":1,"name":"Trang ch\u1ee7","item":"https:\/\/bamboovipfood.com\/"},{"@type":"ListItem","position":2,"name":"Shop","item":"https:\/\/bamboovipfood.com\/shop\/"},{"@type":"ListItem","position":3,"name":"B\u1eafp (M\u1ef9) s\u1ea5y th\u0103ng hoa"}]},{"@type":"WebSite","@id":"https:\/\/bamboovipfood.com\/#website","url":"https:\/\/bamboovipfood.com\/","name":"Bamboo Freeze Drying","description":"Nh\u00e0 cung \u1ee9ng s\u1ea3n ph\u1ea9m s\u1ea5y th\u0103ng hoa h\u00e0ng \u0111\u1ea7u","publisher":{"@id":"https:\/\/bamboovipfood.com\/#organization"},"potentialAction":[{"@type":"SearchAction","target":{"@type":"EntryPoint","urlTemplate":"https:\/\/bamboovipfood.com\/?s={search_term_string}"},"query-input":{"@type":"PropertyValueSpecification","valueRequired":true,"valueName":"search_term_string"}}],"inLanguage":"en-US"},{"@type":"Organization","@id":"https:\/\/bamboovipfood.com\/#organization","name":"Bamboo Freeze Drying","url":"https:\/\/bamboovipfood.com\/","logo":{"@type":"ImageObject","inLanguage":"en-US","@id":"https:\/\/bamboovipfood.com\/#\/schema\/logo\/image\/","url":"https:\/\/bamboovipfood.com\/wp-content\/uploads\/2020\/08\/Logo-Bamboo-Freeze-Dry-Dark.png","contentUrl":"https:\/\/bamboovipfood.com\/wp-content\/uploads\/2020\/08\/Logo-Bamboo-Freeze-Dry-Dark.png","width":500,"height":189,"caption":"Bamboo Freeze Drying"},"image":{"@id":"https:\/\/bamboovipfood.com\/#\/schema\/logo\/image\/"}}]}},"_links":{"self":[{"href":"https:\/\/bamboovipfood.com\/en\/wp-json\/wp\/v2\/product\/9691","targetHints":{"allow":["GET"]}}],"collection":[{"href":"https:\/\/bamboovipfood.com\/en\/wp-json\/wp\/v2\/product"}],"about":[{"href":"https:\/\/bamboovipfood.com\/en\/wp-json\/wp\/v2\/types\/product"}],"replies":[{"embeddable":true,"href":"https:\/\/bamboovipfood.com\/en\/wp-json\/wp\/v2\/comments?post=9691"}],"wp:featuredmedia":[{"embeddable":true,"href":"https:\/\/bamboovipfood.com\/en\/wp-json\/wp\/v2\/media\/9692"}],"wp:attachment":[{"href":"https:\/\/bamboovipfood.com\/en\/wp-json\/wp\/v2\/media?parent=9691"}],"wp:term":[{"taxonomy":"product_cat","embeddable":true,"href":"https:\/\/bamboovipfood.com\/en\/wp-json\/wp\/v2\/product_cat?post=9691"},{"taxonomy":"product_tag","embeddable":true,"href":"https:\/\/bamboovipfood.com\/en\/wp-json\/wp\/v2\/product_tag?post=9691"}],"curies":[{"name":"wp","href":"https:\/\/api.w.org\/{rel}","templated":true}]}}