{"id":9672,"date":"2025-04-14T08:40:07","date_gmt":"2025-04-14T08:40:07","guid":{"rendered":"https:\/\/bamboovipfood.com\/?post_type=product&#038;p=9672"},"modified":"2025-04-14T08:40:27","modified_gmt":"2025-04-14T08:40:27","slug":"kho-qua-muop-dang-say-thang-hoa","status":"publish","type":"product","link":"https:\/\/bamboovipfood.com\/en\/product\/freeze-dried-bitter-melon\/","title":{"rendered":"Bitter Melon Slices (Traditional Flavor) Freeze-dried"},"content":{"rendered":"<p class=\"\" data-start=\"306\" data-end=\"642\"><strong data-start=\"306\" data-end=\"329\">Bitter Melon<\/strong> is a vegetable and medicinal herb used by Vietnamese people for thousands of years, offering exceptional health benefits such as: <strong data-start=\"444\" data-end=\"511\">purifying heat, detoxifying, supporting blood sugar levels, and improving digestion.<\/strong>. However, storing and using fresh bitter melon remains inconvenient: it spoils easily, is difficult to transport over long distances, and is not available year-round.<\/p>\n<p class=\"\" data-start=\"644\" data-end=\"883\">Therefore, <strong data-start=\"658\" data-end=\"682\">Bamboo Freeze Drying<\/strong> has pioneered the application of technology <strong data-start=\"715\" data-end=\"732\">sublimation (freeze-drying)<\/strong> to launch the product <a href=\"https:\/\/bamboovipfood.com\/en\/product\/freeze-dried-bitter-melon\/\"><strong data-start=\"756\" data-end=\"781\">freeze-Dried Bitter Melon<\/strong><\/a> \u2013 a breakthrough solution to fully harness the nutrients and medicinal properties of this special food.<\/p>\n<h3 data-start=\"890\" data-end=\"939\">Why Choose Freeze-Drying for Bitter Melon?<\/h3>\n<p class=\"\" data-start=\"941\" data-end=\"1049\">\"Unlike traditional heat drying or sun drying, which causes a loss of flavor and nutrients, <strong data-start=\"1006\" data-end=\"1039\">Freeze Drying<\/strong> allows for:<\/p>\n<ul>\n<li data-start=\"1053\" data-end=\"1174\"><strong data-start=\"1053\" data-end=\"1118\">Preserves precious active compounds such as charantin, vicine, and polypeptide-P<\/strong> \u2013 compounds that help <strong data-start=\"1139\" data-end=\"1173\">lower blood sugar and provide anti-inflammatory benefits.<\/strong>.<\/li>\n<li data-start=\"1177\" data-end=\"1296\"><strong data-start=\"1177\" data-end=\"1223\">Maintains the vibrant green color and characteristic bitterness<\/strong> of bitter melon \u2013 the key factors that provide its purifying and healing properties.<\/li>\n<li data-start=\"1299\" data-end=\"1420\"><strong data-start=\"1299\" data-end=\"1333\">Pure Nutrition, Perfect Shape<\/strong>: The bitter melon slices retain an attractive shape, with a crispy and airy texture that is easy to grind or rehydrate.<\/li>\n<\/ul>\n<h3 data-start=\"1427\" data-end=\"1485\">Versatile Applications \u2013 A Solution for Every Lifestyle<\/h3>\n<h4 data-start=\"1487\" data-end=\"1528\">Dietary Supplements \u2013 Herbal Tea<\/h4>\n<ul data-start=\"1530\" data-end=\"1743\">\n<li class=\"\" data-start=\"1530\" data-end=\"1627\">\n<p class=\"\" data-start=\"1532\" data-end=\"1627\"><strong data-start=\"1532\" data-end=\"1551\">Freeze-Dried Bitter Melon Slices<\/strong> can be brewed as tea to help clear body heat, detoxify the liver, and regulate blood pressure.<\/p>\n<\/li>\n<li class=\"\" data-start=\"1628\" data-end=\"1743\">\n<p class=\"\" data-start=\"1630\" data-end=\"1743\">Combine <strong data-start=\"1638\" data-end=\"1669\">Bitter Melon + Stevia + Chrysanthemum<\/strong> to create a perfect detox tea blend that is both easy to drink and supports body recovery.<\/p>\n<\/li>\n<\/ul>\n<h4 data-start=\"1745\" data-end=\"1780\">Seasonings and Cooking Ingredients<\/h4>\n<ul>\n<li data-start=\"1784\" data-end=\"1884\"><strong data-start=\"1784\" data-end=\"1823\">Rehydrate before cooking<\/strong>: bitter melon soup with meat, stir-fried bitter melon with eggs, or added to porridge and detox soups.<\/li>\n<li data-start=\"1887\" data-end=\"1996\">Combine with <strong data-start=\"1900\" data-end=\"1919\">other dried vegetables<\/strong> in a convenient meal kit, perfect for vegetarians and busy individuals.<\/li>\n<\/ul>\n<h4 data-start=\"1998\" data-end=\"2050\">Nutritional Supplements &amp; Therapeutic Support<\/h4>\n<ul>\n<li data-start=\"2054\" data-end=\"2109\">Used in <strong data-start=\"2065\" data-end=\"2108\">capsules, bitter melon powder, or detox bars.<\/strong>.<\/li>\n<li data-start=\"2112\" data-end=\"2190\">Suitable for Eat Clean food brands, as well as products for diabetes or hypertension.<\/li>\n<\/ul>\n<h3 data-start=\"2197\" data-end=\"2265\">Outstanding Advantages of Bamboo Freeze-Dried Bitter Melon<\/h3>\n<div class=\"pointer-events-none relative left-[50%]! flex w-[100cqw] translate-x-[-50%] justify-center *:pointer-events-auto\">\n<div class=\"tableContainer horzScrollShadows\">\n<table class=\"min-w-full\" data-start=\"2267\" data-end=\"2894\">\n<thead data-start=\"2267\" data-end=\"2371\">\n<tr data-start=\"2267\" data-end=\"2371\">\n<th data-start=\"2267\" data-end=\"2296\">Superior Features<\/th>\n<th data-start=\"2296\" data-end=\"2371\">Value Delivered<\/th>\n<\/tr>\n<\/thead>\n<tbody data-start=\"2477\" data-end=\"2894\">\n<tr data-start=\"2477\" data-end=\"2580\">\n<td class=\"max-w-[calc(var(--thread-content-max-width)*2\/3)]\" data-start=\"2477\" data-end=\"2506\">Low-temperature drying:<\/td>\n<td class=\"max-w-[calc(var(--thread-content-max-width)*2\/3)] min-w-[calc(var(--thread-content-max-width)\/3)]\" data-start=\"2506\" data-end=\"2580\">Preserves Essential Bioactive Compounds<\/td>\n<\/tr>\n<tr data-start=\"2581\" data-end=\"2685\">\n<td class=\"max-w-[calc(var(--thread-content-max-width)*2\/3)]\" data-start=\"2581\" data-end=\"2610\">Ultra-low moisture &lt;5%<\/td>\n<td class=\"max-w-[calc(var(--thread-content-max-width)*2\/3)] min-w-[calc(var(--thread-content-max-width)\/3)]\" data-start=\"2610\" data-end=\"2685\">Easily stored for 18\u201324 months without the need for preservatives.<\/td>\n<\/tr>\n<tr data-start=\"2686\" data-end=\"2790\">\n<td class=\"max-w-[calc(var(--thread-content-max-width)*2\/3)]\" data-start=\"2686\" data-end=\"2715\">Aesthetic Appearance \u2013 Color Retention<\/td>\n<td class=\"max-w-[calc(var(--thread-content-max-width)*2\/3)] min-w-[calc(var(--thread-content-max-width)\/3)]\" data-start=\"2715\" data-end=\"2790\">Enhances the sensory value of the product, ideal for premium packaging.<\/td>\n<\/tr>\n<tr data-start=\"2791\" data-end=\"2894\">\n<td class=\"max-w-[calc(var(--thread-content-max-width)*2\/3)]\" data-start=\"2791\" data-end=\"2820\">Intense Flavor \u2013 Retained Bitterness<\/td>\n<td class=\"max-w-[calc(var(--thread-content-max-width)*2\/3)] min-w-[calc(var(--thread-content-max-width)\/3)]\" data-start=\"2820\" data-end=\"2894\">Maintains purification effects \u2013 supports treatment as effectively as original medicinal herbs.<\/td>\n<\/tr>\n<\/tbody>\n<\/table>\n<h3 data-start=\"2901\" data-end=\"2948\">Product Specifications &amp; Custom Processing<\/h3>\n<ul>\n<li data-start=\"2952\" data-end=\"3001\"><strong data-start=\"2952\" data-end=\"3001\">Available in slices, chunks, or pure bitter melon powder.<\/strong><\/li>\n<li data-start=\"3004\" data-end=\"3080\">Zip bag packaging or <strong data-start=\"3044\" data-end=\"3079\">canned, or vacuum-sealed packaging.<\/strong>.<\/li>\n<li data-start=\"3083\" data-end=\"3186\">Contract Manufacturing <strong data-start=\"3097\" data-end=\"3117\">private Label (OEM)<\/strong> for dietary supplement brands, herbal tea companies, supermarkets, and distributors<\/li>\n<\/ul>\n<p><span style=\"color: #993300;\"><strong>For any product inquiries or business collaboration opportunities, please contact us at: 0909 753 648<\/strong><\/span><\/p>\n<\/div>\n<\/div>","protected":false},"excerpt":{"rendered":"<p>Kh\u1ed5 qua (m\u01b0\u1edbp \u0111\u1eafng) l\u00e0 m\u1ed9t lo\u1ea1i rau \u2013 d\u01b0\u1ee3c li\u1ec7u \u0111\u01b0\u1ee3c ng\u01b0\u1eddi Vi\u1ec7t s\u1eed d\u1ee5ng h\u00e0ng ngh\u00ecn n\u0103m v\u1edbi nhi\u1ec1u c\u00f4ng d\u1ee5ng tuy\u1ec7t v\u1eddi cho s\u1ee9c kh\u1ecfe nh\u01b0 thanh nhi\u1ec7t, gi\u1ea3i \u0111\u1ed9c, h\u1ed7 tr\u1ee3 \u0111\u01b0\u1eddng huy\u1ebft v\u00e0 c\u1ea3i thi\u1ec7n ti\u00eau h\u00f3a. Tuy nhi\u00ean, vi\u1ec7c b\u1ea3o qu\u1ea3n v\u00e0 s\u1eed d\u1ee5ng kh\u1ed5 qua t\u01b0\u01a1i v\u1eabn c\u00f2n [&hellip;]<\/p>","protected":false},"featured_media":9673,"comment_status":"open","ping_status":"closed","template":"","meta":[],"product_cat":[396],"product_tag":[],"class_list":{"0":"post-9672","1":"product","2":"type-product","3":"status-publish","4":"has-post-thumbnail","6":"product_cat-rau-cu-say-thang-hoa","8":"first","9":"instock","10":"shipping-taxable","11":"product-type-simple"},"yoast_head":"<!-- This site is optimized with the Yoast SEO plugin v25.7 - https:\/\/yoast.com\/wordpress\/plugins\/seo\/ -->\n<title>Kh\u1ed5 qua (m\u01b0\u1edbp \u0111\u1eafng) S\u1ea5y th\u0103ng hoa - Bamboo Freeze Drying<\/title>\n<meta name=\"robots\" content=\"index, follow, max-snippet:-1, max-image-preview:large, max-video-preview:-1\" \/>\n<link rel=\"canonical\" href=\"https:\/\/bamboovipfood.com\/en\/product\/freeze-dried-bitter-melon\/\" \/>\n<meta property=\"og:locale\" content=\"en_US\" \/>\n<meta property=\"og:type\" content=\"article\" \/>\n<meta property=\"og:title\" content=\"Kh\u1ed5 qua (m\u01b0\u1edbp \u0111\u1eafng) S\u1ea5y th\u0103ng hoa - Bamboo Freeze Drying\" \/>\n<meta property=\"og:description\" content=\"Kh\u1ed5 qua (m\u01b0\u1edbp \u0111\u1eafng) l\u00e0 m\u1ed9t lo\u1ea1i rau \u2013 d\u01b0\u1ee3c li\u1ec7u \u0111\u01b0\u1ee3c ng\u01b0\u1eddi Vi\u1ec7t s\u1eed d\u1ee5ng h\u00e0ng ngh\u00ecn n\u0103m v\u1edbi nhi\u1ec1u c\u00f4ng d\u1ee5ng tuy\u1ec7t v\u1eddi cho s\u1ee9c kh\u1ecfe nh\u01b0 thanh nhi\u1ec7t, gi\u1ea3i \u0111\u1ed9c, h\u1ed7 tr\u1ee3 \u0111\u01b0\u1eddng huy\u1ebft v\u00e0 c\u1ea3i thi\u1ec7n ti\u00eau h\u00f3a. Tuy nhi\u00ean, vi\u1ec7c b\u1ea3o qu\u1ea3n v\u00e0 s\u1eed d\u1ee5ng kh\u1ed5 qua t\u01b0\u01a1i v\u1eabn c\u00f2n [&hellip;]\" \/>\n<meta property=\"og:url\" content=\"https:\/\/bamboovipfood.com\/en\/product\/freeze-dried-bitter-melon\/\" \/>\n<meta property=\"og:site_name\" content=\"Bamboo Freeze Drying\" \/>\n<meta property=\"article:modified_time\" content=\"2025-04-14T08:40:27+00:00\" \/>\n<meta property=\"og:image\" content=\"https:\/\/bamboovipfood.com\/wp-content\/uploads\/2025\/04\/kho-qua-say-thang-hoa.jpg\" \/>\n\t<meta property=\"og:image:width\" content=\"750\" \/>\n\t<meta property=\"og:image:height\" content=\"750\" \/>\n\t<meta property=\"og:image:type\" content=\"image\/jpeg\" \/>\n<meta name=\"twitter:card\" content=\"summary_large_image\" \/>\n<meta name=\"twitter:label1\" content=\"Est. reading time\" \/>\n\t<meta name=\"twitter:data1\" content=\"4 minutes\" \/>\n<script type=\"application\/ld+json\" class=\"yoast-schema-graph\">{\"@context\":\"https:\/\/schema.org\",\"@graph\":[{\"@type\":\"WebPage\",\"@id\":\"https:\/\/bamboovipfood.com\/san-pham\/kho-qua-muop-dang-say-thang-hoa\/\",\"url\":\"https:\/\/bamboovipfood.com\/san-pham\/kho-qua-muop-dang-say-thang-hoa\/\",\"name\":\"Kh\u1ed5 qua (m\u01b0\u1edbp \u0111\u1eafng) S\u1ea5y th\u0103ng hoa - Bamboo Freeze Drying\",\"isPartOf\":{\"@id\":\"https:\/\/bamboovipfood.com\/#website\"},\"primaryImageOfPage\":{\"@id\":\"https:\/\/bamboovipfood.com\/san-pham\/kho-qua-muop-dang-say-thang-hoa\/#primaryimage\"},\"image\":{\"@id\":\"https:\/\/bamboovipfood.com\/san-pham\/kho-qua-muop-dang-say-thang-hoa\/#primaryimage\"},\"thumbnailUrl\":\"https:\/\/bamboovipfood.com\/wp-content\/uploads\/2025\/04\/kho-qua-say-thang-hoa.jpg\",\"datePublished\":\"2025-04-14T08:40:07+00:00\",\"dateModified\":\"2025-04-14T08:40:27+00:00\",\"breadcrumb\":{\"@id\":\"https:\/\/bamboovipfood.com\/san-pham\/kho-qua-muop-dang-say-thang-hoa\/#breadcrumb\"},\"inLanguage\":\"en-US\",\"potentialAction\":[{\"@type\":\"ReadAction\",\"target\":[\"https:\/\/bamboovipfood.com\/san-pham\/kho-qua-muop-dang-say-thang-hoa\/\"]}]},{\"@type\":\"ImageObject\",\"inLanguage\":\"en-US\",\"@id\":\"https:\/\/bamboovipfood.com\/san-pham\/kho-qua-muop-dang-say-thang-hoa\/#primaryimage\",\"url\":\"https:\/\/bamboovipfood.com\/wp-content\/uploads\/2025\/04\/kho-qua-say-thang-hoa.jpg\",\"contentUrl\":\"https:\/\/bamboovipfood.com\/wp-content\/uploads\/2025\/04\/kho-qua-say-thang-hoa.jpg\",\"width\":750,\"height\":750},{\"@type\":\"BreadcrumbList\",\"@id\":\"https:\/\/bamboovipfood.com\/san-pham\/kho-qua-muop-dang-say-thang-hoa\/#breadcrumb\",\"itemListElement\":[{\"@type\":\"ListItem\",\"position\":1,\"name\":\"Trang ch\u1ee7\",\"item\":\"https:\/\/bamboovipfood.com\/\"},{\"@type\":\"ListItem\",\"position\":2,\"name\":\"Shop\",\"item\":\"https:\/\/bamboovipfood.com\/shop\/\"},{\"@type\":\"ListItem\",\"position\":3,\"name\":\"Kh\u1ed5 qua (m\u01b0\u1edbp \u0111\u1eafng) S\u1ea5y th\u0103ng hoa\"}]},{\"@type\":\"WebSite\",\"@id\":\"https:\/\/bamboovipfood.com\/#website\",\"url\":\"https:\/\/bamboovipfood.com\/\",\"name\":\"Bamboo Freeze Drying\",\"description\":\"Nh\u00e0 cung \u1ee9ng s\u1ea3n ph\u1ea9m s\u1ea5y th\u0103ng hoa h\u00e0ng \u0111\u1ea7u\",\"publisher\":{\"@id\":\"https:\/\/bamboovipfood.com\/#organization\"},\"potentialAction\":[{\"@type\":\"SearchAction\",\"target\":{\"@type\":\"EntryPoint\",\"urlTemplate\":\"https:\/\/bamboovipfood.com\/?s={search_term_string}\"},\"query-input\":{\"@type\":\"PropertyValueSpecification\",\"valueRequired\":true,\"valueName\":\"search_term_string\"}}],\"inLanguage\":\"en-US\"},{\"@type\":\"Organization\",\"@id\":\"https:\/\/bamboovipfood.com\/#organization\",\"name\":\"Bamboo Freeze Drying\",\"url\":\"https:\/\/bamboovipfood.com\/\",\"logo\":{\"@type\":\"ImageObject\",\"inLanguage\":\"en-US\",\"@id\":\"https:\/\/bamboovipfood.com\/#\/schema\/logo\/image\/\",\"url\":\"https:\/\/bamboovipfood.com\/wp-content\/uploads\/2020\/08\/Logo-Bamboo-Freeze-Dry-Dark.png\",\"contentUrl\":\"https:\/\/bamboovipfood.com\/wp-content\/uploads\/2020\/08\/Logo-Bamboo-Freeze-Dry-Dark.png\",\"width\":500,\"height\":189,\"caption\":\"Bamboo Freeze Drying\"},\"image\":{\"@id\":\"https:\/\/bamboovipfood.com\/#\/schema\/logo\/image\/\"}}]}<\/script>\n<!-- \/ Yoast SEO plugin. -->","yoast_head_json":{"title":"Kh\u1ed5 qua (m\u01b0\u1edbp \u0111\u1eafng) S\u1ea5y th\u0103ng hoa - Bamboo Freeze Drying","robots":{"index":"index","follow":"follow","max-snippet":"max-snippet:-1","max-image-preview":"max-image-preview:large","max-video-preview":"max-video-preview:-1"},"canonical":"https:\/\/bamboovipfood.com\/en\/product\/freeze-dried-bitter-melon\/","og_locale":"en_US","og_type":"article","og_title":"Kh\u1ed5 qua (m\u01b0\u1edbp \u0111\u1eafng) S\u1ea5y th\u0103ng hoa - Bamboo Freeze Drying","og_description":"Kh\u1ed5 qua (m\u01b0\u1edbp \u0111\u1eafng) l\u00e0 m\u1ed9t lo\u1ea1i rau \u2013 d\u01b0\u1ee3c li\u1ec7u \u0111\u01b0\u1ee3c ng\u01b0\u1eddi Vi\u1ec7t s\u1eed d\u1ee5ng h\u00e0ng ngh\u00ecn n\u0103m v\u1edbi nhi\u1ec1u c\u00f4ng d\u1ee5ng tuy\u1ec7t v\u1eddi cho s\u1ee9c kh\u1ecfe nh\u01b0 thanh nhi\u1ec7t, gi\u1ea3i \u0111\u1ed9c, h\u1ed7 tr\u1ee3 \u0111\u01b0\u1eddng huy\u1ebft v\u00e0 c\u1ea3i thi\u1ec7n ti\u00eau h\u00f3a. Tuy nhi\u00ean, vi\u1ec7c b\u1ea3o qu\u1ea3n v\u00e0 s\u1eed d\u1ee5ng kh\u1ed5 qua t\u01b0\u01a1i v\u1eabn c\u00f2n [&hellip;]","og_url":"https:\/\/bamboovipfood.com\/en\/product\/freeze-dried-bitter-melon\/","og_site_name":"Bamboo Freeze Drying","article_modified_time":"2025-04-14T08:40:27+00:00","og_image":[{"width":750,"height":750,"url":"https:\/\/bamboovipfood.com\/wp-content\/uploads\/2025\/04\/kho-qua-say-thang-hoa.jpg","type":"image\/jpeg"}],"twitter_card":"summary_large_image","twitter_misc":{"Est. reading time":"4 minutes"},"schema":{"@context":"https:\/\/schema.org","@graph":[{"@type":"WebPage","@id":"https:\/\/bamboovipfood.com\/san-pham\/kho-qua-muop-dang-say-thang-hoa\/","url":"https:\/\/bamboovipfood.com\/san-pham\/kho-qua-muop-dang-say-thang-hoa\/","name":"Kh\u1ed5 qua (m\u01b0\u1edbp \u0111\u1eafng) S\u1ea5y th\u0103ng hoa - Bamboo Freeze Drying","isPartOf":{"@id":"https:\/\/bamboovipfood.com\/#website"},"primaryImageOfPage":{"@id":"https:\/\/bamboovipfood.com\/san-pham\/kho-qua-muop-dang-say-thang-hoa\/#primaryimage"},"image":{"@id":"https:\/\/bamboovipfood.com\/san-pham\/kho-qua-muop-dang-say-thang-hoa\/#primaryimage"},"thumbnailUrl":"https:\/\/bamboovipfood.com\/wp-content\/uploads\/2025\/04\/kho-qua-say-thang-hoa.jpg","datePublished":"2025-04-14T08:40:07+00:00","dateModified":"2025-04-14T08:40:27+00:00","breadcrumb":{"@id":"https:\/\/bamboovipfood.com\/san-pham\/kho-qua-muop-dang-say-thang-hoa\/#breadcrumb"},"inLanguage":"en-US","potentialAction":[{"@type":"ReadAction","target":["https:\/\/bamboovipfood.com\/san-pham\/kho-qua-muop-dang-say-thang-hoa\/"]}]},{"@type":"ImageObject","inLanguage":"en-US","@id":"https:\/\/bamboovipfood.com\/san-pham\/kho-qua-muop-dang-say-thang-hoa\/#primaryimage","url":"https:\/\/bamboovipfood.com\/wp-content\/uploads\/2025\/04\/kho-qua-say-thang-hoa.jpg","contentUrl":"https:\/\/bamboovipfood.com\/wp-content\/uploads\/2025\/04\/kho-qua-say-thang-hoa.jpg","width":750,"height":750},{"@type":"BreadcrumbList","@id":"https:\/\/bamboovipfood.com\/san-pham\/kho-qua-muop-dang-say-thang-hoa\/#breadcrumb","itemListElement":[{"@type":"ListItem","position":1,"name":"Trang ch\u1ee7","item":"https:\/\/bamboovipfood.com\/"},{"@type":"ListItem","position":2,"name":"Shop","item":"https:\/\/bamboovipfood.com\/shop\/"},{"@type":"ListItem","position":3,"name":"Kh\u1ed5 qua (m\u01b0\u1edbp \u0111\u1eafng) S\u1ea5y th\u0103ng hoa"}]},{"@type":"WebSite","@id":"https:\/\/bamboovipfood.com\/#website","url":"https:\/\/bamboovipfood.com\/","name":"Bamboo Freeze Drying","description":"Nh\u00e0 cung \u1ee9ng s\u1ea3n ph\u1ea9m s\u1ea5y th\u0103ng hoa h\u00e0ng \u0111\u1ea7u","publisher":{"@id":"https:\/\/bamboovipfood.com\/#organization"},"potentialAction":[{"@type":"SearchAction","target":{"@type":"EntryPoint","urlTemplate":"https:\/\/bamboovipfood.com\/?s={search_term_string}"},"query-input":{"@type":"PropertyValueSpecification","valueRequired":true,"valueName":"search_term_string"}}],"inLanguage":"en-US"},{"@type":"Organization","@id":"https:\/\/bamboovipfood.com\/#organization","name":"Bamboo Freeze Drying","url":"https:\/\/bamboovipfood.com\/","logo":{"@type":"ImageObject","inLanguage":"en-US","@id":"https:\/\/bamboovipfood.com\/#\/schema\/logo\/image\/","url":"https:\/\/bamboovipfood.com\/wp-content\/uploads\/2020\/08\/Logo-Bamboo-Freeze-Dry-Dark.png","contentUrl":"https:\/\/bamboovipfood.com\/wp-content\/uploads\/2020\/08\/Logo-Bamboo-Freeze-Dry-Dark.png","width":500,"height":189,"caption":"Bamboo Freeze Drying"},"image":{"@id":"https:\/\/bamboovipfood.com\/#\/schema\/logo\/image\/"}}]}},"_links":{"self":[{"href":"https:\/\/bamboovipfood.com\/en\/wp-json\/wp\/v2\/product\/9672","targetHints":{"allow":["GET"]}}],"collection":[{"href":"https:\/\/bamboovipfood.com\/en\/wp-json\/wp\/v2\/product"}],"about":[{"href":"https:\/\/bamboovipfood.com\/en\/wp-json\/wp\/v2\/types\/product"}],"replies":[{"embeddable":true,"href":"https:\/\/bamboovipfood.com\/en\/wp-json\/wp\/v2\/comments?post=9672"}],"wp:featuredmedia":[{"embeddable":true,"href":"https:\/\/bamboovipfood.com\/en\/wp-json\/wp\/v2\/media\/9673"}],"wp:attachment":[{"href":"https:\/\/bamboovipfood.com\/en\/wp-json\/wp\/v2\/media?parent=9672"}],"wp:term":[{"taxonomy":"product_cat","embeddable":true,"href":"https:\/\/bamboovipfood.com\/en\/wp-json\/wp\/v2\/product_cat?post=9672"},{"taxonomy":"product_tag","embeddable":true,"href":"https:\/\/bamboovipfood.com\/en\/wp-json\/wp\/v2\/product_tag?post=9672"}],"curies":[{"name":"wp","href":"https:\/\/api.w.org\/{rel}","templated":true}]}}