{"id":9669,"date":"2025-04-14T08:23:57","date_gmt":"2025-04-14T08:23:57","guid":{"rendered":"https:\/\/bamboovipfood.com\/?post_type=product&#038;p=9669"},"modified":"2025-04-14T08:23:57","modified_gmt":"2025-04-14T08:23:57","slug":"mang-tay-say-thang-hoa","status":"publish","type":"product","link":"https:\/\/bamboovipfood.com\/en\/product\/freeze-dried-asparagus\/","title":{"rendered":"Freeze-dried Asparagus"},"content":{"rendered":"<p class=\"\" data-start=\"440\" data-end=\"844\">Among the list of highly nutritious vegetables favored by the fine dining world, <strong data-start=\"527\" data-end=\"539\">Asparagus<\/strong> always holds a top position. With its exceptional content of vitamins, minerals, and antioxidants, asparagus is often likened to <strong data-start=\"657\" data-end=\"670\">\"King of Vegetables\"<\/strong> in the world of clean food. However, the perishable nature and storage difficulties of fresh asparagus are major barriers to making this premium vegetable accessible to all consumers.<\/p>\n<p class=\"\" data-start=\"846\" data-end=\"1090\">Hi\u1ec3u \u0111\u01b0\u1ee3c nhu c\u1ea7u n\u00e0y, <strong data-start=\"869\" data-end=\"893\">Bamboo Freeze Drying<\/strong> has applied technology <strong data-start=\"916\" data-end=\"933\">sublimation (freeze-drying)<\/strong> to create our products <strong data-start=\"953\" data-end=\"979\">Freeze-Dried Asparagus<\/strong> \u2013 a smart, convenient solution that preserves full nutritional value and allows you to enjoy asparagus anytime, anywhere.<\/p>\n<h3 data-start=\"1097\" data-end=\"1157\">Freeze Drying \u2013 The Game Changer for Premium Green Vegetables<\/h3>\n<p class=\"\" data-start=\"1159\" data-end=\"1468\"><strong data-start=\"1159\" data-end=\"1192\">Freeze Drying (S\u1ea5y th\u0103ng hoa)<\/strong> is the most advanced drying method available today, utilizing a vacuum environment and extremely low temperatures to remove water from food while <strong data-start=\"1326\" data-end=\"1380\">preserving the nutritional integrity, enzymes, and original taste.<\/strong>For asparagus \u2013 a heat-sensitive vegetable \u2013 this technology is the ideal choice to:<\/p>\n<ul>\n<li data-start=\"1472\" data-end=\"1543\"><strong data-start=\"1472\" data-end=\"1541\">Retains the full natural green color and signature crispy fibrous structure.<\/strong><\/li>\n<li data-start=\"1546\" data-end=\"1673\"><strong data-start=\"1546\" data-end=\"1671\">Preserves vitamins B1, B2, K, folate, fiber, and especially glutathione \u2013 a precious compound with powerful antioxidant properties.<\/strong><\/li>\n<li data-start=\"1676\" data-end=\"1770\"><strong data-start=\"1676\" data-end=\"1701\">No alteration of flavor<\/strong> \u2013 retaining the fresh aroma and natural subtle sweetness of asparagus.<\/li>\n<\/ul>\n<h3 data-start=\"1777\" data-end=\"1826\">Diverse Applications of Freeze-Dried Asparagus<\/h3>\n<h4 data-start=\"1828\" data-end=\"1856\">For Everyday Family Meals<\/h4>\n<ul>\n<li data-start=\"1859\" data-end=\"1958\"><strong data-start=\"1859\" data-end=\"1879\">Rehydrate to restore<\/strong> with warm water for 3\u20135 minutes, then use it like fresh asparagus to prepare dishes such as:<\/li>\n<li data-start=\"1963\" data-end=\"2004\">Asparagus and minced pork soup, Cream of asparagus soup.<\/li>\n<li data-start=\"2009\" data-end=\"2039\">Asparagus stir-fried with garlic, Asparagus stir-fried with beef.<\/li>\n<li data-start=\"2044\" data-end=\"2078\">Steamed asparagus, Cold asparagus salad.<\/li>\n<\/ul>\n<h4 data-start=\"2082\" data-end=\"2121\">\u00a0Steamed asparagus, Cold asparagus salad<\/h4>\n<ul data-start=\"2122\" data-end=\"2256\">\n<li class=\"\" data-start=\"2122\" data-end=\"2199\">\n<p class=\"\" data-start=\"2124\" data-end=\"2199\">Used as <strong data-start=\"2133\" data-end=\"2177\">ingredients for instant noodles and dried porridge<\/strong>and convenient vegetable seasoning packs.<\/p>\n<\/li>\n<\/ul>\n<h4 data-start=\"2258\" data-end=\"2315\">In the Beverage and Dietary Supplement Industry<\/h4>\n<ul data-start=\"2316\" data-end=\"2431\">\n<li class=\"\" data-start=\"2316\" data-end=\"2431\">\n<p class=\"\" data-start=\"2318\" data-end=\"2431\">Finely ground into <strong data-start=\"2335\" data-end=\"2351\">Asparagus Powder<\/strong> for use in detox drinks, smoothies, or fiber-rich and anti-aging supplements.<\/p>\n<\/li>\n<\/ul>\n<h3 data-start=\"2617\" data-end=\"2688\">The Outstanding Advantages of Bamboo Freeze-Dried Asparagus<\/h3>\n<div class=\"pointer-events-none relative left-[50%]! flex w-[100cqw] translate-x-[-50%] justify-center *:pointer-events-auto\">\n<div class=\"tableContainer horzScrollShadows\">\n<table class=\"min-w-full\" data-start=\"2690\" data-end=\"3297\">\n<thead data-start=\"2690\" data-end=\"2792\">\n<tr data-start=\"2690\" data-end=\"2792\">\n<th data-start=\"2690\" data-end=\"2723\">Outstanding features<\/th>\n<th data-start=\"2723\" data-end=\"2792\">Value Delivered<\/th>\n<\/tr>\n<\/thead>\n<tbody data-start=\"2895\" data-end=\"3297\">\n<tr data-start=\"2895\" data-end=\"2995\">\n<td class=\"max-w-[calc(var(--thread-content-max-width)*2\/3)]\" data-start=\"2895\" data-end=\"2927\"><strong data-start=\"2897\" data-end=\"2916\">Nutrient-rich<\/strong><\/td>\n<td class=\"max-w-[calc(var(--thread-content-max-width)*2\/3)] min-w-[calc(var(--thread-content-max-width)\/3)]\" data-start=\"2927\" data-end=\"2995\">Retains over 90% of the nutrients found in fresh asparagus.<\/td>\n<\/tr>\n<tr data-start=\"2996\" data-end=\"3095\">\n<td class=\"max-w-[calc(var(--thread-content-max-width)*2\/3)]\" data-start=\"2996\" data-end=\"3027\"><strong data-start=\"2998\" data-end=\"3021\">No preservatives<\/strong><\/td>\n<td class=\"max-w-[calc(var(--thread-content-max-width)*2\/3)] min-w-[calc(var(--thread-content-max-width)\/3)]\" data-start=\"3027\" data-end=\"3095\">Absolutely safe, with a shelf life of up to 24 months.<\/td>\n<\/tr>\n<tr data-start=\"3096\" data-end=\"3196\">\n<td class=\"max-w-[calc(var(--thread-content-max-width)*2\/3)]\" data-start=\"3096\" data-end=\"3128\"><strong data-start=\"3098\" data-end=\"3127\">Preserves Color, Aroma, and Flavor<\/strong><\/td>\n<td class=\"max-w-[calc(var(--thread-content-max-width)*2\/3)] min-w-[calc(var(--thread-content-max-width)\/3)]\" data-start=\"3128\" data-end=\"3196\">No browning or deformation, unlike heat-drying or freezing methods.<\/td>\n<\/tr>\n<tr data-start=\"3197\" data-end=\"3297\">\n<td class=\"max-w-[calc(var(--thread-content-max-width)*2\/3)]\" data-start=\"3197\" data-end=\"3229\"><strong data-start=\"3199\" data-end=\"3222\">Convenient and Versatile<\/strong><\/td>\n<td class=\"max-w-[calc(var(--thread-content-max-width)*2\/3)] min-w-[calc(var(--thread-content-max-width)\/3)]\" data-start=\"3229\" data-end=\"3297\">Easy to store, easy to use, and saves cooking time.<\/td>\n<\/tr>\n<\/tbody>\n<\/table>\n<h3 data-start=\"3304\" data-end=\"3352\">Product Specifications &amp; OEM Manufacturing Options<\/h3>\n<ul data-start=\"3354\" data-end=\"3604\">\n<li class=\"\" data-start=\"3354\" data-end=\"3421\">\n<p class=\"\" data-start=\"3356\" data-end=\"3421\"><strong data-start=\"3356\" data-end=\"3373\">Product type<\/strong>: 3\u20135 cm cuts, whole young stalks, or powder form.<\/p>\n<\/li>\n<li class=\"\" data-start=\"3422\" data-end=\"3499\">\n<p class=\"\" data-start=\"3424\" data-end=\"3499\"><strong data-start=\"3424\" data-end=\"3436\">Pack<\/strong>: Zip bags or cans \u2013 vacuum sealed.<\/p>\n<\/li>\n<li class=\"\" data-start=\"3500\" data-end=\"3604\">\n<p class=\"\" data-start=\"3502\" data-end=\"3604\"><strong data-start=\"3502\" data-end=\"3542\">Custom Brand Manufacturing (OEM\/ODM)<\/strong> customized for distributors, export partners, and clean food chains.<\/p>\n<\/li>\n<\/ul>\n<p><span style=\"color: #800000;\"><strong>For any product inquiries or business collaboration opportunities, please contact us at: 0909 753 648<\/strong><\/span><\/p>\n<\/div>\n<\/div>","protected":false},"excerpt":{"rendered":"<p>Trong danh s\u00e1ch nh\u1eefng lo\u1ea1i rau gi\u00e0u dinh d\u01b0\u1ee1ng v\u00e0 \u0111\u01b0\u1ee3c gi\u1edbi \u1ea9m th\u1ef1c cao c\u1ea5p \u01b0a chu\u1ed9ng, m\u0103ng t\u00e2y lu\u00f4n n\u1eb1m \u1edf v\u1ecb tr\u00ed h\u00e0ng \u0111\u1ea7u. V\u1edbi h\u00e0m l\u01b0\u1ee3ng vitamin, kho\u00e1ng ch\u1ea5t v\u00e0 ch\u1ea5t ch\u1ed1ng oxy h\u00f3a v\u01b0\u1ee3t tr\u1ed9i, m\u0103ng t\u00e2y \u0111\u01b0\u1ee3c v\u00ed nh\u01b0 &#8220;rau vua&#8221; trong th\u1ebf gi\u1edbi th\u1ef1c ph\u1ea9m s\u1ea1ch. Tuy nhi\u00ean, [&hellip;]<\/p>","protected":false},"featured_media":9670,"comment_status":"open","ping_status":"closed","template":"","meta":[],"product_cat":[396],"product_tag":[],"class_list":{"0":"post-9669","1":"product","2":"type-product","3":"status-publish","4":"has-post-thumbnail","6":"product_cat-rau-cu-say-thang-hoa","8":"first","9":"instock","10":"shipping-taxable","11":"product-type-simple"},"yoast_head":"<!-- This site is optimized with the Yoast SEO plugin v25.7 - https:\/\/yoast.com\/wordpress\/plugins\/seo\/ -->\n<title>M\u0103ng t\u00e2y s\u1ea5y th\u0103ng hoa - Bamboo Freeze Drying<\/title>\n<meta name=\"robots\" content=\"index, follow, max-snippet:-1, max-image-preview:large, max-video-preview:-1\" \/>\n<link rel=\"canonical\" href=\"https:\/\/bamboovipfood.com\/en\/product\/freeze-dried-asparagus\/\" \/>\n<meta property=\"og:locale\" content=\"en_US\" \/>\n<meta property=\"og:type\" content=\"article\" \/>\n<meta property=\"og:title\" content=\"M\u0103ng t\u00e2y s\u1ea5y th\u0103ng hoa - Bamboo Freeze Drying\" \/>\n<meta property=\"og:description\" content=\"Trong danh s\u00e1ch nh\u1eefng lo\u1ea1i rau gi\u00e0u dinh d\u01b0\u1ee1ng v\u00e0 \u0111\u01b0\u1ee3c gi\u1edbi \u1ea9m th\u1ef1c cao c\u1ea5p \u01b0a chu\u1ed9ng, m\u0103ng t\u00e2y lu\u00f4n n\u1eb1m \u1edf v\u1ecb tr\u00ed h\u00e0ng \u0111\u1ea7u. V\u1edbi h\u00e0m l\u01b0\u1ee3ng vitamin, kho\u00e1ng ch\u1ea5t v\u00e0 ch\u1ea5t ch\u1ed1ng oxy h\u00f3a v\u01b0\u1ee3t tr\u1ed9i, m\u0103ng t\u00e2y \u0111\u01b0\u1ee3c v\u00ed nh\u01b0 &#8220;rau vua&#8221; trong th\u1ebf gi\u1edbi th\u1ef1c ph\u1ea9m s\u1ea1ch. Tuy nhi\u00ean, [&hellip;]\" \/>\n<meta property=\"og:url\" content=\"https:\/\/bamboovipfood.com\/en\/product\/freeze-dried-asparagus\/\" \/>\n<meta property=\"og:site_name\" content=\"Bamboo Freeze Drying\" \/>\n<meta property=\"og:image\" content=\"https:\/\/bamboovipfood.com\/wp-content\/uploads\/2025\/04\/mang-tay-say-thang-hoa.jpg\" \/>\n\t<meta property=\"og:image:width\" content=\"750\" \/>\n\t<meta property=\"og:image:height\" content=\"750\" \/>\n\t<meta property=\"og:image:type\" content=\"image\/jpeg\" \/>\n<meta name=\"twitter:card\" content=\"summary_large_image\" \/>\n<meta name=\"twitter:label1\" content=\"Est. reading time\" \/>\n\t<meta name=\"twitter:data1\" content=\"4 minutes\" \/>\n<script type=\"application\/ld+json\" class=\"yoast-schema-graph\">{\"@context\":\"https:\/\/schema.org\",\"@graph\":[{\"@type\":\"WebPage\",\"@id\":\"https:\/\/bamboovipfood.com\/san-pham\/mang-tay-say-thang-hoa\/\",\"url\":\"https:\/\/bamboovipfood.com\/san-pham\/mang-tay-say-thang-hoa\/\",\"name\":\"M\u0103ng t\u00e2y s\u1ea5y th\u0103ng hoa - Bamboo Freeze Drying\",\"isPartOf\":{\"@id\":\"https:\/\/bamboovipfood.com\/#website\"},\"primaryImageOfPage\":{\"@id\":\"https:\/\/bamboovipfood.com\/san-pham\/mang-tay-say-thang-hoa\/#primaryimage\"},\"image\":{\"@id\":\"https:\/\/bamboovipfood.com\/san-pham\/mang-tay-say-thang-hoa\/#primaryimage\"},\"thumbnailUrl\":\"https:\/\/bamboovipfood.com\/wp-content\/uploads\/2025\/04\/mang-tay-say-thang-hoa.jpg\",\"datePublished\":\"2025-04-14T08:23:57+00:00\",\"breadcrumb\":{\"@id\":\"https:\/\/bamboovipfood.com\/san-pham\/mang-tay-say-thang-hoa\/#breadcrumb\"},\"inLanguage\":\"en-US\",\"potentialAction\":[{\"@type\":\"ReadAction\",\"target\":[\"https:\/\/bamboovipfood.com\/san-pham\/mang-tay-say-thang-hoa\/\"]}]},{\"@type\":\"ImageObject\",\"inLanguage\":\"en-US\",\"@id\":\"https:\/\/bamboovipfood.com\/san-pham\/mang-tay-say-thang-hoa\/#primaryimage\",\"url\":\"https:\/\/bamboovipfood.com\/wp-content\/uploads\/2025\/04\/mang-tay-say-thang-hoa.jpg\",\"contentUrl\":\"https:\/\/bamboovipfood.com\/wp-content\/uploads\/2025\/04\/mang-tay-say-thang-hoa.jpg\",\"width\":750,\"height\":750},{\"@type\":\"BreadcrumbList\",\"@id\":\"https:\/\/bamboovipfood.com\/san-pham\/mang-tay-say-thang-hoa\/#breadcrumb\",\"itemListElement\":[{\"@type\":\"ListItem\",\"position\":1,\"name\":\"Trang ch\u1ee7\",\"item\":\"https:\/\/bamboovipfood.com\/\"},{\"@type\":\"ListItem\",\"position\":2,\"name\":\"Shop\",\"item\":\"https:\/\/bamboovipfood.com\/shop\/\"},{\"@type\":\"ListItem\",\"position\":3,\"name\":\"M\u0103ng t\u00e2y s\u1ea5y th\u0103ng hoa\"}]},{\"@type\":\"WebSite\",\"@id\":\"https:\/\/bamboovipfood.com\/#website\",\"url\":\"https:\/\/bamboovipfood.com\/\",\"name\":\"Bamboo Freeze Drying\",\"description\":\"Nh\u00e0 cung \u1ee9ng s\u1ea3n ph\u1ea9m s\u1ea5y th\u0103ng hoa h\u00e0ng \u0111\u1ea7u\",\"publisher\":{\"@id\":\"https:\/\/bamboovipfood.com\/#organization\"},\"potentialAction\":[{\"@type\":\"SearchAction\",\"target\":{\"@type\":\"EntryPoint\",\"urlTemplate\":\"https:\/\/bamboovipfood.com\/?s={search_term_string}\"},\"query-input\":{\"@type\":\"PropertyValueSpecification\",\"valueRequired\":true,\"valueName\":\"search_term_string\"}}],\"inLanguage\":\"en-US\"},{\"@type\":\"Organization\",\"@id\":\"https:\/\/bamboovipfood.com\/#organization\",\"name\":\"Bamboo Freeze Drying\",\"url\":\"https:\/\/bamboovipfood.com\/\",\"logo\":{\"@type\":\"ImageObject\",\"inLanguage\":\"en-US\",\"@id\":\"https:\/\/bamboovipfood.com\/#\/schema\/logo\/image\/\",\"url\":\"https:\/\/bamboovipfood.com\/wp-content\/uploads\/2020\/08\/Logo-Bamboo-Freeze-Dry-Dark.png\",\"contentUrl\":\"https:\/\/bamboovipfood.com\/wp-content\/uploads\/2020\/08\/Logo-Bamboo-Freeze-Dry-Dark.png\",\"width\":500,\"height\":189,\"caption\":\"Bamboo Freeze Drying\"},\"image\":{\"@id\":\"https:\/\/bamboovipfood.com\/#\/schema\/logo\/image\/\"}}]}<\/script>\n<!-- \/ Yoast SEO plugin. -->","yoast_head_json":{"title":"M\u0103ng t\u00e2y s\u1ea5y th\u0103ng hoa - Bamboo Freeze Drying","robots":{"index":"index","follow":"follow","max-snippet":"max-snippet:-1","max-image-preview":"max-image-preview:large","max-video-preview":"max-video-preview:-1"},"canonical":"https:\/\/bamboovipfood.com\/en\/product\/freeze-dried-asparagus\/","og_locale":"en_US","og_type":"article","og_title":"M\u0103ng t\u00e2y s\u1ea5y th\u0103ng hoa - Bamboo Freeze Drying","og_description":"Trong danh s\u00e1ch nh\u1eefng lo\u1ea1i rau gi\u00e0u dinh d\u01b0\u1ee1ng v\u00e0 \u0111\u01b0\u1ee3c gi\u1edbi \u1ea9m th\u1ef1c cao c\u1ea5p \u01b0a chu\u1ed9ng, m\u0103ng t\u00e2y lu\u00f4n n\u1eb1m \u1edf v\u1ecb tr\u00ed h\u00e0ng \u0111\u1ea7u. V\u1edbi h\u00e0m l\u01b0\u1ee3ng vitamin, kho\u00e1ng ch\u1ea5t v\u00e0 ch\u1ea5t ch\u1ed1ng oxy h\u00f3a v\u01b0\u1ee3t tr\u1ed9i, m\u0103ng t\u00e2y \u0111\u01b0\u1ee3c v\u00ed nh\u01b0 &#8220;rau vua&#8221; trong th\u1ebf gi\u1edbi th\u1ef1c ph\u1ea9m s\u1ea1ch. Tuy nhi\u00ean, [&hellip;]","og_url":"https:\/\/bamboovipfood.com\/en\/product\/freeze-dried-asparagus\/","og_site_name":"Bamboo Freeze Drying","og_image":[{"width":750,"height":750,"url":"https:\/\/bamboovipfood.com\/wp-content\/uploads\/2025\/04\/mang-tay-say-thang-hoa.jpg","type":"image\/jpeg"}],"twitter_card":"summary_large_image","twitter_misc":{"Est. reading time":"4 minutes"},"schema":{"@context":"https:\/\/schema.org","@graph":[{"@type":"WebPage","@id":"https:\/\/bamboovipfood.com\/san-pham\/mang-tay-say-thang-hoa\/","url":"https:\/\/bamboovipfood.com\/san-pham\/mang-tay-say-thang-hoa\/","name":"M\u0103ng t\u00e2y s\u1ea5y th\u0103ng hoa - Bamboo Freeze Drying","isPartOf":{"@id":"https:\/\/bamboovipfood.com\/#website"},"primaryImageOfPage":{"@id":"https:\/\/bamboovipfood.com\/san-pham\/mang-tay-say-thang-hoa\/#primaryimage"},"image":{"@id":"https:\/\/bamboovipfood.com\/san-pham\/mang-tay-say-thang-hoa\/#primaryimage"},"thumbnailUrl":"https:\/\/bamboovipfood.com\/wp-content\/uploads\/2025\/04\/mang-tay-say-thang-hoa.jpg","datePublished":"2025-04-14T08:23:57+00:00","breadcrumb":{"@id":"https:\/\/bamboovipfood.com\/san-pham\/mang-tay-say-thang-hoa\/#breadcrumb"},"inLanguage":"en-US","potentialAction":[{"@type":"ReadAction","target":["https:\/\/bamboovipfood.com\/san-pham\/mang-tay-say-thang-hoa\/"]}]},{"@type":"ImageObject","inLanguage":"en-US","@id":"https:\/\/bamboovipfood.com\/san-pham\/mang-tay-say-thang-hoa\/#primaryimage","url":"https:\/\/bamboovipfood.com\/wp-content\/uploads\/2025\/04\/mang-tay-say-thang-hoa.jpg","contentUrl":"https:\/\/bamboovipfood.com\/wp-content\/uploads\/2025\/04\/mang-tay-say-thang-hoa.jpg","width":750,"height":750},{"@type":"BreadcrumbList","@id":"https:\/\/bamboovipfood.com\/san-pham\/mang-tay-say-thang-hoa\/#breadcrumb","itemListElement":[{"@type":"ListItem","position":1,"name":"Trang ch\u1ee7","item":"https:\/\/bamboovipfood.com\/"},{"@type":"ListItem","position":2,"name":"Shop","item":"https:\/\/bamboovipfood.com\/shop\/"},{"@type":"ListItem","position":3,"name":"M\u0103ng t\u00e2y s\u1ea5y th\u0103ng hoa"}]},{"@type":"WebSite","@id":"https:\/\/bamboovipfood.com\/#website","url":"https:\/\/bamboovipfood.com\/","name":"Bamboo Freeze Drying","description":"Nh\u00e0 cung \u1ee9ng s\u1ea3n ph\u1ea9m s\u1ea5y th\u0103ng hoa h\u00e0ng \u0111\u1ea7u","publisher":{"@id":"https:\/\/bamboovipfood.com\/#organization"},"potentialAction":[{"@type":"SearchAction","target":{"@type":"EntryPoint","urlTemplate":"https:\/\/bamboovipfood.com\/?s={search_term_string}"},"query-input":{"@type":"PropertyValueSpecification","valueRequired":true,"valueName":"search_term_string"}}],"inLanguage":"en-US"},{"@type":"Organization","@id":"https:\/\/bamboovipfood.com\/#organization","name":"Bamboo Freeze Drying","url":"https:\/\/bamboovipfood.com\/","logo":{"@type":"ImageObject","inLanguage":"en-US","@id":"https:\/\/bamboovipfood.com\/#\/schema\/logo\/image\/","url":"https:\/\/bamboovipfood.com\/wp-content\/uploads\/2020\/08\/Logo-Bamboo-Freeze-Dry-Dark.png","contentUrl":"https:\/\/bamboovipfood.com\/wp-content\/uploads\/2020\/08\/Logo-Bamboo-Freeze-Dry-Dark.png","width":500,"height":189,"caption":"Bamboo Freeze Drying"},"image":{"@id":"https:\/\/bamboovipfood.com\/#\/schema\/logo\/image\/"}}]}},"_links":{"self":[{"href":"https:\/\/bamboovipfood.com\/en\/wp-json\/wp\/v2\/product\/9669","targetHints":{"allow":["GET"]}}],"collection":[{"href":"https:\/\/bamboovipfood.com\/en\/wp-json\/wp\/v2\/product"}],"about":[{"href":"https:\/\/bamboovipfood.com\/en\/wp-json\/wp\/v2\/types\/product"}],"replies":[{"embeddable":true,"href":"https:\/\/bamboovipfood.com\/en\/wp-json\/wp\/v2\/comments?post=9669"}],"wp:featuredmedia":[{"embeddable":true,"href":"https:\/\/bamboovipfood.com\/en\/wp-json\/wp\/v2\/media\/9670"}],"wp:attachment":[{"href":"https:\/\/bamboovipfood.com\/en\/wp-json\/wp\/v2\/media?parent=9669"}],"wp:term":[{"taxonomy":"product_cat","embeddable":true,"href":"https:\/\/bamboovipfood.com\/en\/wp-json\/wp\/v2\/product_cat?post=9669"},{"taxonomy":"product_tag","embeddable":true,"href":"https:\/\/bamboovipfood.com\/en\/wp-json\/wp\/v2\/product_tag?post=9669"}],"curies":[{"name":"wp","href":"https:\/\/api.w.org\/{rel}","templated":true}]}}