{"id":9602,"date":"2025-04-09T01:53:10","date_gmt":"2025-04-09T01:53:10","guid":{"rendered":"https:\/\/bamboovipfood.com\/?post_type=product&#038;p=9602"},"modified":"2025-04-22T04:23:31","modified_gmt":"2025-04-22T04:23:31","slug":"nam-moi-den-say-thang-hoa-loai-vip","status":"publish","type":"product","link":"https:\/\/bamboovipfood.com\/en\/product\/freeze-dried-wild-black-termite-mushrooms\/","title":{"rendered":"VIP grade freeze-dried black fungus"},"content":{"rendered":"<pre>Premium Freeze-Dried Black Termite Mushroom (VIP Grade) \u2013 Large, Uniform &amp; Full of Natural Flavor<\/pre>\n<p>Are you looking for a premium mushroom product that is clean, nutritious, and retains its natural flavor? <strong>Bamboo Freeze Drying<\/strong> Introducing to our valued customers the following type <a href=\"https:\/\/bamboovipfood.com\/en\/product\/freeze-dried-wild-black-termite-mushrooms\/\">VIP grade freeze-dried black fungus<\/a> \u2013 Large, consistent, and specialized product lines for discerning customers and markets demanding high quality, such as gifts, exports, or use in high-end cuisine.<\/p>\n<p><img decoding=\"async\" class=\"aligncenter\" src=\"https:\/\/bamboovipfood.com\/wp-content\/uploads\/2025\/04\/nam-moi-den-say-thang-hoa-vip-4.jpg\" \/><\/p>\n<h3>Black termite mushrooms \u2013 A precious gift from nature.<\/h3>\n<p>Black termite mushrooms are considered a \"gift from heaven\" due to their high nutritional content, distinctive, subtly sweet flavor, and health benefits. However, fresh mushrooms spoil easily, are difficult to preserve, and challenging to transport over long distances.<\/p>\n<p>To overcome this, we apply modern freeze-drying technology, which helps to:<\/p>\n<ul>\n<li data-start=\"935\" data-end=\"993\">Preserve the shape, color, and size of the black termite mushroom.<\/li>\n<li data-start=\"935\" data-end=\"993\">Preserves the aroma and natural sweetness of fresh mushrooms.<\/li>\n<li data-start=\"935\" data-end=\"993\">Preserving the maximum amount of valuable nutrients in mushrooms.<\/li>\n<\/ul>\n<h3 data-start=\"1109\" data-end=\"1170\">VIP Category \u2013 Top-tier quality for discerning customers.<\/h3>\n<p data-start=\"1172\" data-end=\"1277\">In addition to offering regular freeze-dried black termite mushrooms, our VIP range is carefully selected:<\/p>\n<ul>\n<li data-start=\"1281\" data-end=\"1359\">Each mushroom is hand-selected: large, uniform, intact, unbroken, and undamaged.<\/li>\n<li data-start=\"1362\" data-end=\"1457\">Drying is done under strictly controlled conditions, ensuring the finished product is crispy, has a beautiful color, and is not crumbly.<\/li>\n<li data-start=\"1460\" data-end=\"1543\">Luxurious packaging, suitable as a gift for business partners, relatives, VIP clients, etc.<\/li>\n<\/ul>\n<h3 data-start=\"1550\" data-end=\"1617\">The outstanding advantages of VIP freeze-dried black termite mushrooms:<\/h3>\n<ul>\n<li data-start=\"1621\" data-end=\"1664\">100% fresh mushrooms, no preservatives.<\/li>\n<li data-start=\"1667\" data-end=\"1717\">Rich in protein, amino acids, and antioxidants.<\/li>\n<li data-start=\"1720\" data-end=\"1811\">Delicious and easy to prepare, it can be soaked in water to make soup, stir-fried, stewed, or used in hot pot dishes\u2026<\/li>\n<li data-start=\"1814\" data-end=\"1874\">Long shelf life, easy to store at room temperature.<\/li>\n<\/ul>\n<h3 data-start=\"1881\" data-end=\"1931\">Suitable for a wide range of customers:<\/h3>\n<ul>\n<li data-start=\"1935\" data-end=\"1972\">Vegetarians, macrobiotics, and those who live a green lifestyle.<\/li>\n<li data-start=\"1975\" data-end=\"2009\">The family wants to improve their health.<\/li>\n<li data-start=\"2012\" data-end=\"2059\">Export customers, high-end specialty stores.<\/li>\n<li data-start=\"2062\" data-end=\"2117\">Businesses need unique and luxurious gift products.<\/li>\n<\/ul>\n<h3 data-start=\"2124\" data-end=\"2164\">Packaging and delivery specifications:<\/h3>\n<ul>\n<li data-start=\"2168\" data-end=\"2228\">Packaged in aluminum foil bags with elegant boxes as needed.<\/li>\n<li data-start=\"2231\" data-end=\"2281\">Weight: 20g \u2013 50g \u2013 100g \u2013 200g \u2013 1kg\u2026 custom orders available.<\/li>\n<li data-start=\"2284\" data-end=\"2340\">Private label\/OEM manufacturing is available.<\/li>\n<\/ul>\n<h3 data-start=\"2347\" data-end=\"2406\">Contact us now to get a quote and experience the product:<\/h3>\n<p data-start=\"2408\" data-end=\"2682\">We are a specialized manufacturer of high-quality freeze-dried products, supplying wholesale and retail, and exporting with strict standards. With modern production lines and an experienced team, we are committed to providing you with the best products <a href=\"https:\/\/bamboovipfood.com\/en\/product-category\/freeze-dried-mushrooms\/\">Freeze-dried mushrooms<\/a> best on the market.<\/p>\n<p style=\"text-align: center;\" data-start=\"2408\" data-end=\"2682\"><span style=\"color: #993300;\"><strong>For any product inquiries or business collaboration opportunities, please contact us at: 0909 753 648<\/strong><\/span><\/p>","protected":false},"excerpt":{"rendered":"<ul>\n<li><span class=\"OYPEnA text-decoration-none text-strikethrough-none\">Moisture:\u00a0<strong>&lt;5%<\/strong><\/span><\/li>\n<li><span class=\"OYPEnA text-decoration-none text-strikethrough-none\">Variety: Large, uniformly sized VIP black termite mushrooms<\/span><\/li>\n<li><span class=\"OYPEnA text-decoration-none text-strikethrough-none\">Drying Method: Freeze-Drying<\/span><\/li>\n<li><span class=\"OYPEnA text-decoration-none text-strikethrough-none\">Texture: Dry and Crispy<\/span><\/li>\n<li><span class=\"OYPEnA text-decoration-none text-strikethrough-none\">Storage: Aluminum foil bag<\/span><\/li>\n<li><span class=\"OYPEnA text-decoration-none text-strikethrough-none\">Shelf Life: 12 months<\/span><\/li>\n<li>100% t\u1ef1 nhi\u00ean,\u00a0<span class=\"OYPEnA text-decoration-none text-strikethrough-none\">No Added Sugar, No Preservatives<\/span><\/li>\n<\/ul>","protected":false},"featured_media":9604,"comment_status":"open","ping_status":"closed","template":"","meta":[],"product_cat":[444],"product_tag":[],"class_list":{"0":"post-9602","1":"product","2":"type-product","3":"status-publish","4":"has-post-thumbnail","6":"product_cat-nam-say-thang-hoa","8":"first","9":"instock","10":"shipping-taxable","11":"purchasable","12":"product-type-variable","13":"wvs-archive-product-wrapper"},"yoast_head":"<!-- This site is optimized with the Yoast SEO plugin v25.7 - https:\/\/yoast.com\/wordpress\/plugins\/seo\/ -->\n<title>N\u1ea5m m\u1ed1i \u0111en s\u1ea5y th\u0103ng hoa lo\u1ea1i VIP - Bamboo Freeze Drying<\/title>\n<meta name=\"robots\" content=\"index, follow, max-snippet:-1, max-image-preview:large, max-video-preview:-1\" \/>\n<link rel=\"canonical\" href=\"https:\/\/bamboovipfood.com\/en\/product\/freeze-dried-wild-black-termite-mushrooms\/\" \/>\n<meta property=\"og:locale\" content=\"en_US\" \/>\n<meta property=\"og:type\" content=\"article\" \/>\n<meta property=\"og:title\" content=\"N\u1ea5m m\u1ed1i \u0111en s\u1ea5y th\u0103ng hoa lo\u1ea1i VIP - Bamboo Freeze Drying\" \/>\n<meta property=\"og:description\" content=\"\u0110\u1ed9 \u1ea9m:\u00a0&lt;5%  D\u00f2ng: N\u1ea5m m\u1ed1i \u0111en lo\u1ea1i Vip to, \u0111\u1ec1u  Ph\u01b0\u01a1ng ph\u00e1p s\u1ea5y: Th\u0103ng hoa  K\u1ebft c\u1ea5u: Kh\u00f4 Gi\u00f2n  B\u1ea3o qu\u1ea3n: T\u00fai nh\u00f4m  Th\u1eddi h\u1ea1n s\u1eed d\u1ee5ng: 12 th\u00e1ng  100% t\u1ef1 nhi\u00ean,\u00a0Kh\u00f4ng \u0111\u01b0\u1eddng, kh\u00f4ng ch\u1ea5t b\u1ea3o qu\u1ea3n\" \/>\n<meta property=\"og:url\" content=\"https:\/\/bamboovipfood.com\/en\/product\/freeze-dried-wild-black-termite-mushrooms\/\" \/>\n<meta property=\"og:site_name\" content=\"Bamboo Freeze Drying\" \/>\n<meta property=\"article:modified_time\" content=\"2025-04-22T04:23:31+00:00\" \/>\n<meta property=\"og:image\" content=\"https:\/\/bamboovipfood.com\/wp-content\/uploads\/2025\/04\/nam-moi-den-say-thang-hoa-vip.jpg\" \/>\n\t<meta property=\"og:image:width\" content=\"750\" \/>\n\t<meta property=\"og:image:height\" content=\"750\" \/>\n\t<meta property=\"og:image:type\" content=\"image\/jpeg\" \/>\n<meta name=\"twitter:card\" content=\"summary_large_image\" \/>\n<meta name=\"twitter:label1\" content=\"Est. reading time\" \/>\n\t<meta name=\"twitter:data1\" content=\"4 minutes\" \/>\n<script type=\"application\/ld+json\" class=\"yoast-schema-graph\">{\"@context\":\"https:\/\/schema.org\",\"@graph\":[{\"@type\":\"WebPage\",\"@id\":\"https:\/\/bamboovipfood.com\/san-pham\/nam-moi-den-say-thang-hoa-loai-vip\/\",\"url\":\"https:\/\/bamboovipfood.com\/san-pham\/nam-moi-den-say-thang-hoa-loai-vip\/\",\"name\":\"N\u1ea5m m\u1ed1i \u0111en s\u1ea5y th\u0103ng hoa lo\u1ea1i VIP - Bamboo Freeze Drying\",\"isPartOf\":{\"@id\":\"https:\/\/bamboovipfood.com\/#website\"},\"primaryImageOfPage\":{\"@id\":\"https:\/\/bamboovipfood.com\/san-pham\/nam-moi-den-say-thang-hoa-loai-vip\/#primaryimage\"},\"image\":{\"@id\":\"https:\/\/bamboovipfood.com\/san-pham\/nam-moi-den-say-thang-hoa-loai-vip\/#primaryimage\"},\"thumbnailUrl\":\"https:\/\/bamboovipfood.com\/wp-content\/uploads\/2025\/04\/nam-moi-den-say-thang-hoa-vip.jpg\",\"datePublished\":\"2025-04-09T01:53:10+00:00\",\"dateModified\":\"2025-04-22T04:23:31+00:00\",\"breadcrumb\":{\"@id\":\"https:\/\/bamboovipfood.com\/san-pham\/nam-moi-den-say-thang-hoa-loai-vip\/#breadcrumb\"},\"inLanguage\":\"en-US\",\"potentialAction\":[{\"@type\":\"ReadAction\",\"target\":[\"https:\/\/bamboovipfood.com\/san-pham\/nam-moi-den-say-thang-hoa-loai-vip\/\"]}]},{\"@type\":\"ImageObject\",\"inLanguage\":\"en-US\",\"@id\":\"https:\/\/bamboovipfood.com\/san-pham\/nam-moi-den-say-thang-hoa-loai-vip\/#primaryimage\",\"url\":\"https:\/\/bamboovipfood.com\/wp-content\/uploads\/2025\/04\/nam-moi-den-say-thang-hoa-vip.jpg\",\"contentUrl\":\"https:\/\/bamboovipfood.com\/wp-content\/uploads\/2025\/04\/nam-moi-den-say-thang-hoa-vip.jpg\",\"width\":750,\"height\":750},{\"@type\":\"BreadcrumbList\",\"@id\":\"https:\/\/bamboovipfood.com\/san-pham\/nam-moi-den-say-thang-hoa-loai-vip\/#breadcrumb\",\"itemListElement\":[{\"@type\":\"ListItem\",\"position\":1,\"name\":\"Trang ch\u1ee7\",\"item\":\"https:\/\/bamboovipfood.com\/\"},{\"@type\":\"ListItem\",\"position\":2,\"name\":\"Shop\",\"item\":\"https:\/\/bamboovipfood.com\/shop\/\"},{\"@type\":\"ListItem\",\"position\":3,\"name\":\"N\u1ea5m m\u1ed1i \u0111en s\u1ea5y th\u0103ng hoa lo\u1ea1i VIP\"}]},{\"@type\":\"WebSite\",\"@id\":\"https:\/\/bamboovipfood.com\/#website\",\"url\":\"https:\/\/bamboovipfood.com\/\",\"name\":\"Bamboo Freeze Drying\",\"description\":\"Nh\u00e0 cung \u1ee9ng s\u1ea3n ph\u1ea9m s\u1ea5y th\u0103ng hoa h\u00e0ng \u0111\u1ea7u\",\"publisher\":{\"@id\":\"https:\/\/bamboovipfood.com\/#organization\"},\"potentialAction\":[{\"@type\":\"SearchAction\",\"target\":{\"@type\":\"EntryPoint\",\"urlTemplate\":\"https:\/\/bamboovipfood.com\/?s={search_term_string}\"},\"query-input\":{\"@type\":\"PropertyValueSpecification\",\"valueRequired\":true,\"valueName\":\"search_term_string\"}}],\"inLanguage\":\"en-US\"},{\"@type\":\"Organization\",\"@id\":\"https:\/\/bamboovipfood.com\/#organization\",\"name\":\"Bamboo Freeze Drying\",\"url\":\"https:\/\/bamboovipfood.com\/\",\"logo\":{\"@type\":\"ImageObject\",\"inLanguage\":\"en-US\",\"@id\":\"https:\/\/bamboovipfood.com\/#\/schema\/logo\/image\/\",\"url\":\"https:\/\/bamboovipfood.com\/wp-content\/uploads\/2020\/08\/Logo-Bamboo-Freeze-Dry-Dark.png\",\"contentUrl\":\"https:\/\/bamboovipfood.com\/wp-content\/uploads\/2020\/08\/Logo-Bamboo-Freeze-Dry-Dark.png\",\"width\":500,\"height\":189,\"caption\":\"Bamboo Freeze Drying\"},\"image\":{\"@id\":\"https:\/\/bamboovipfood.com\/#\/schema\/logo\/image\/\"}}]}<\/script>\n<!-- \/ Yoast SEO plugin. -->","yoast_head_json":{"title":"N\u1ea5m m\u1ed1i \u0111en s\u1ea5y th\u0103ng hoa lo\u1ea1i VIP - Bamboo Freeze Drying","robots":{"index":"index","follow":"follow","max-snippet":"max-snippet:-1","max-image-preview":"max-image-preview:large","max-video-preview":"max-video-preview:-1"},"canonical":"https:\/\/bamboovipfood.com\/en\/product\/freeze-dried-wild-black-termite-mushrooms\/","og_locale":"en_US","og_type":"article","og_title":"N\u1ea5m m\u1ed1i \u0111en s\u1ea5y th\u0103ng hoa lo\u1ea1i VIP - Bamboo Freeze Drying","og_description":"\u0110\u1ed9 \u1ea9m:\u00a0&lt;5%  D\u00f2ng: N\u1ea5m m\u1ed1i \u0111en lo\u1ea1i Vip to, \u0111\u1ec1u  Ph\u01b0\u01a1ng ph\u00e1p s\u1ea5y: Th\u0103ng hoa  K\u1ebft c\u1ea5u: Kh\u00f4 Gi\u00f2n  B\u1ea3o qu\u1ea3n: T\u00fai nh\u00f4m  Th\u1eddi h\u1ea1n s\u1eed d\u1ee5ng: 12 th\u00e1ng  100% t\u1ef1 nhi\u00ean,\u00a0Kh\u00f4ng \u0111\u01b0\u1eddng, kh\u00f4ng ch\u1ea5t b\u1ea3o qu\u1ea3n","og_url":"https:\/\/bamboovipfood.com\/en\/product\/freeze-dried-wild-black-termite-mushrooms\/","og_site_name":"Bamboo Freeze Drying","article_modified_time":"2025-04-22T04:23:31+00:00","og_image":[{"width":750,"height":750,"url":"https:\/\/bamboovipfood.com\/wp-content\/uploads\/2025\/04\/nam-moi-den-say-thang-hoa-vip.jpg","type":"image\/jpeg"}],"twitter_card":"summary_large_image","twitter_misc":{"Est. reading time":"4 minutes"},"schema":{"@context":"https:\/\/schema.org","@graph":[{"@type":"WebPage","@id":"https:\/\/bamboovipfood.com\/san-pham\/nam-moi-den-say-thang-hoa-loai-vip\/","url":"https:\/\/bamboovipfood.com\/san-pham\/nam-moi-den-say-thang-hoa-loai-vip\/","name":"N\u1ea5m m\u1ed1i \u0111en s\u1ea5y th\u0103ng hoa lo\u1ea1i VIP - Bamboo Freeze Drying","isPartOf":{"@id":"https:\/\/bamboovipfood.com\/#website"},"primaryImageOfPage":{"@id":"https:\/\/bamboovipfood.com\/san-pham\/nam-moi-den-say-thang-hoa-loai-vip\/#primaryimage"},"image":{"@id":"https:\/\/bamboovipfood.com\/san-pham\/nam-moi-den-say-thang-hoa-loai-vip\/#primaryimage"},"thumbnailUrl":"https:\/\/bamboovipfood.com\/wp-content\/uploads\/2025\/04\/nam-moi-den-say-thang-hoa-vip.jpg","datePublished":"2025-04-09T01:53:10+00:00","dateModified":"2025-04-22T04:23:31+00:00","breadcrumb":{"@id":"https:\/\/bamboovipfood.com\/san-pham\/nam-moi-den-say-thang-hoa-loai-vip\/#breadcrumb"},"inLanguage":"en-US","potentialAction":[{"@type":"ReadAction","target":["https:\/\/bamboovipfood.com\/san-pham\/nam-moi-den-say-thang-hoa-loai-vip\/"]}]},{"@type":"ImageObject","inLanguage":"en-US","@id":"https:\/\/bamboovipfood.com\/san-pham\/nam-moi-den-say-thang-hoa-loai-vip\/#primaryimage","url":"https:\/\/bamboovipfood.com\/wp-content\/uploads\/2025\/04\/nam-moi-den-say-thang-hoa-vip.jpg","contentUrl":"https:\/\/bamboovipfood.com\/wp-content\/uploads\/2025\/04\/nam-moi-den-say-thang-hoa-vip.jpg","width":750,"height":750},{"@type":"BreadcrumbList","@id":"https:\/\/bamboovipfood.com\/san-pham\/nam-moi-den-say-thang-hoa-loai-vip\/#breadcrumb","itemListElement":[{"@type":"ListItem","position":1,"name":"Trang ch\u1ee7","item":"https:\/\/bamboovipfood.com\/"},{"@type":"ListItem","position":2,"name":"Shop","item":"https:\/\/bamboovipfood.com\/shop\/"},{"@type":"ListItem","position":3,"name":"N\u1ea5m m\u1ed1i \u0111en s\u1ea5y th\u0103ng hoa lo\u1ea1i VIP"}]},{"@type":"WebSite","@id":"https:\/\/bamboovipfood.com\/#website","url":"https:\/\/bamboovipfood.com\/","name":"Bamboo Freeze Drying","description":"Nh\u00e0 cung \u1ee9ng s\u1ea3n ph\u1ea9m s\u1ea5y th\u0103ng hoa h\u00e0ng \u0111\u1ea7u","publisher":{"@id":"https:\/\/bamboovipfood.com\/#organization"},"potentialAction":[{"@type":"SearchAction","target":{"@type":"EntryPoint","urlTemplate":"https:\/\/bamboovipfood.com\/?s={search_term_string}"},"query-input":{"@type":"PropertyValueSpecification","valueRequired":true,"valueName":"search_term_string"}}],"inLanguage":"en-US"},{"@type":"Organization","@id":"https:\/\/bamboovipfood.com\/#organization","name":"Bamboo Freeze Drying","url":"https:\/\/bamboovipfood.com\/","logo":{"@type":"ImageObject","inLanguage":"en-US","@id":"https:\/\/bamboovipfood.com\/#\/schema\/logo\/image\/","url":"https:\/\/bamboovipfood.com\/wp-content\/uploads\/2020\/08\/Logo-Bamboo-Freeze-Dry-Dark.png","contentUrl":"https:\/\/bamboovipfood.com\/wp-content\/uploads\/2020\/08\/Logo-Bamboo-Freeze-Dry-Dark.png","width":500,"height":189,"caption":"Bamboo Freeze Drying"},"image":{"@id":"https:\/\/bamboovipfood.com\/#\/schema\/logo\/image\/"}}]}},"_links":{"self":[{"href":"https:\/\/bamboovipfood.com\/en\/wp-json\/wp\/v2\/product\/9602","targetHints":{"allow":["GET"]}}],"collection":[{"href":"https:\/\/bamboovipfood.com\/en\/wp-json\/wp\/v2\/product"}],"about":[{"href":"https:\/\/bamboovipfood.com\/en\/wp-json\/wp\/v2\/types\/product"}],"replies":[{"embeddable":true,"href":"https:\/\/bamboovipfood.com\/en\/wp-json\/wp\/v2\/comments?post=9602"}],"wp:featuredmedia":[{"embeddable":true,"href":"https:\/\/bamboovipfood.com\/en\/wp-json\/wp\/v2\/media\/9604"}],"wp:attachment":[{"href":"https:\/\/bamboovipfood.com\/en\/wp-json\/wp\/v2\/media?parent=9602"}],"wp:term":[{"taxonomy":"product_cat","embeddable":true,"href":"https:\/\/bamboovipfood.com\/en\/wp-json\/wp\/v2\/product_cat?post=9602"},{"taxonomy":"product_tag","embeddable":true,"href":"https:\/\/bamboovipfood.com\/en\/wp-json\/wp\/v2\/product_tag?post=9602"}],"curies":[{"name":"wp","href":"https:\/\/api.w.org\/{rel}","templated":true}]}}