{"id":9409,"date":"2024-11-18T01:33:14","date_gmt":"2024-11-18T01:33:14","guid":{"rendered":"https:\/\/bamboovipfood.com\/?post_type=product&#038;p=9409"},"modified":"2025-02-14T01:56:20","modified_gmt":"2025-02-14T01:56:20","slug":"bot-bi-do-say-thang-hoa","status":"publish","type":"product","link":"https:\/\/bamboovipfood.com\/en\/product\/pure-freeze-dried-pumpkin-powder\/","title":{"rendered":"Freeze-Dried Pumpkin Powder"},"content":{"rendered":"<table>\n<tbody>\n<tr>\n<td>Ph\u01b0\u01a1ng ph\u00e1p s\u1ea5y<\/td>\n<td><strong>S\u1ea5y Th\u0103ng hoa<\/strong><\/td>\n<\/tr>\n<tr>\n<td>Ngu\u1ed3n g\u1ed1c<\/td>\n<td><span style=\"font-weight: 400;\">T\u1eeb nh\u1eefng qu\u1ea3 b\u00ed \u0111\u1ecf ch\u1ea5t l\u01b0\u1ee3ng cao \u0111\u01b0\u1ee3c x\u1eed l\u00fd s\u1ea1ch, h\u1ea5p v\u00e0 s\u1ea5y th\u0103ng hoa, nghi\u1ec1n m\u1ecbn<\/span><\/td>\n<\/tr>\n<tr>\n<td>Feature<\/td>\n<td><span style=\"font-weight: 400;\">B\u1ed9t c\u00f3 m\u00e0u v\u00e0ng t\u01b0\u01a1i \u0111\u1eadm, m\u00f9i th\u01a1m \u0111\u1eb7c tr\u01b0ng, 100% l\u1ecdt r\u00e2y 80 mesh, \u0111\u1ed9 \u1ea9m &lt;5%<\/span><\/td>\n<\/tr>\n<tr>\n<td>H\u00e0m l\u01b0\u1ee3ng dinh d\u01b0\u1ee1ng<\/td>\n<td><span style=\"font-weight: 400;\">Cao, ch\u1ee9a nhi\u1ec1u Vitamin A, Lutein v\u00e0 Zeaxanthin c\u00f3 th\u1ec3 b\u1ea3o v\u1ec7 th\u1ecb l\u1ef1c, v\u00e0 h\u00e0m l\u01b0\u1ee3ng cao c\u00e1c ch\u1ea5t ch\u1ed1ng oxy ho\u00e1 gi\u1ea3m nguy c\u01a1 c\u00e1c b\u1ec7nh m\u00e3n t\u00ednh<\/span><\/td>\n<\/tr>\n<tr>\n<td>C\u00f4ng d\u1ee5ng<\/td>\n<td><span style=\"font-weight: 400;\">D\u00f9ng trong ng\u00e0nh th\u1ef1c ph\u1ea9m v\u00e0 ch\u1ebf bi\u1ebfn \u0111\u1ed3 u\u1ed1ng nh\u01b0 m\u00ec \u0103n li\u1ec1n, ch\u00e1o \u0103n li\u1ec1n, \u0111\u1ed3 \u0103n d\u1eb7m, th\u1ef1c ph\u1ea9m dinh d\u01b0\u1ee1ng, snack, \u0111\u1ed3 h\u1ed9p, b\u00e1nh ng\u1ecdt, b\u00e1nh m\u1eb7n, l\u00e0m ch\u1ea5t t\u1ea1o m\u00e0u t\u1ef1 nhi\u00ean cho m\u1ee9t, th\u1ea1ch<\/span><\/td>\n<\/tr>\n<\/tbody>\n<\/table>\n<p>Trong nh\u1ecbp s\u1ed1ng hi\u1ec7n \u0111\u1ea1i b\u1eadn r\u1ed9n, nhu c\u1ea7u v\u1ec1 c\u00e1c lo\u1ea1i th\u1ef1c ph\u1ea9m ti\u1ec7n l\u1ee3i nh\u01b0ng v\u1eabn \u0111\u1ea3m b\u1ea3o dinh d\u01b0\u1ee1ng ng\u00e0y c\u00e0ng t\u0103ng cao. \u0110\u00f3 l\u00e0 l\u00fd do b\u1ed9t b\u00ed \u0111\u1ecf s\u1ea5y th\u0103ng hoa \u0111ang tr\u1edf th\u00e0nh l\u1ef1a ch\u1ecdn h\u00e0ng \u0111\u1ea7u c\u1ee7a nhi\u1ec1u gia \u0111\u00ecnh.<\/p>\n<p>\u0110\u01b0\u1ee3c s\u1ea3n xu\u1ea5t b\u1eb1ng c\u00f4ng ngh\u1ec7 s\u1ea5y th\u0103ng hoa ti\u00ean ti\u1ebfn, b\u1ed9t b\u00ed \u0111\u1ecf kh\u00f4ng ch\u1ec9 gi\u1eef nguy\u00ean c\u00e1c gi\u00e1 tr\u1ecb dinh d\u01b0\u1ee1ng qu\u00fd gi\u00e1 c\u1ee7a qu\u1ea3 b\u00ed \u0111\u1ecf t\u01b0\u01a1i m\u00e0 c\u00f2n mang l\u1ea1i s\u1ef1 ti\u1ec7n l\u1ee3i t\u1ed1i \u01b0u cho ng\u01b0\u1eddi s\u1eed d\u1ee5ng. T\u1eeb vi\u1ec7c b\u1ed5 sung dinh d\u01b0\u1ee1ng h\u00e0ng ng\u00e0y cho \u0111\u1ebfn ch\u1ebf bi\u1ebfn nh\u1eefng m\u00f3n \u0103n phong ph\u00fa, b\u1ed9t b\u00ed \u0111\u1ecf s\u1ea5y th\u0103ng hoa th\u1ef1c s\u1ef1 l\u00e0 ng\u01b0\u1eddi b\u1ea1n \u0111\u1ed3ng h\u00e0nh l\u00fd t\u01b0\u1edfng cho m\u1ed9t cu\u1ed9c s\u1ed1ng kh\u1ecfe m\u1ea1nh v\u00e0 n\u0103ng \u0111\u1ed9ng.<\/p>\n<h3><strong>\u01afu <\/strong><strong>\u0111<\/strong><strong>i\u1ec3m <\/strong><strong>c<\/strong><strong>\u1ee7a B\u1ed9t<\/strong><strong> Pumpkin:<\/strong> <strong>s<\/strong><strong>\u1ea5y <\/strong><strong>t<\/strong><strong>h\u0103ng <\/strong><strong>h<\/strong><strong>oa<\/strong><\/h3>\n<p>B\u1ed9t b\u00ed \u0111\u1ecf \u0111\u01b0\u1ee3c s\u1ea3n xu\u1ea5t b\u1eb1ng c\u00f4ng ngh\u1ec7 s\u1ea5y th\u0103ng hoa &#8211; m\u1ed9t trong nh\u1eefng ph\u01b0\u01a1ng ph\u00e1p s\u1ea5y ti\u00ean ti\u1ebfn nh\u1ea5t hi\u1ec7n nay. S\u1ea5y th\u0103ng hoa gi\u00fap gi\u1eef l\u1ea1i \u0111\u1ebfn 95% ch\u1ea5t dinh d\u01b0\u1ee1ng, h\u01b0\u01a1ng v\u1ecb v\u00e0 m\u00e0u s\u1eafc t\u1ef1 nhi\u00ean c\u1ee7a th\u1ef1c ph\u1ea9m.<\/p>\n<p>\u0110\u1eb7c bi\u1ec7t, qu\u00e1 tr\u00ecnh n\u00e0y lo\u1ea1i b\u1ecf ho\u00e0n to\u00e0n n\u01b0\u1edbc trong b\u00ed \u0111\u1ecf m\u00e0 kh\u00f4ng l\u00e0m bi\u1ebfn \u0111\u1ed5i c\u1ea5u tr\u00fac hay g\u00e2y m\u1ea5t ch\u1ea5t, gi\u00fap b\u1ed9t c\u00f3 \u0111\u1ed9 b\u1ec1n cao m\u00e0 kh\u00f4ng c\u1ea7n s\u1eed d\u1ee5ng ch\u1ea5t b\u1ea3o qu\u1ea3n. Kh\u00f4ng gi\u1ed1ng nh\u01b0 c\u00e1c ph\u01b0\u01a1ng ph\u00e1p s\u1ea5y th\u00f4ng th\u01b0\u1eddng, b\u1ed9t s\u1ea5y th\u0103ng hoa c\u00f3 \u0111\u1ed9 m\u1ecbn cao, tan nhanh v\u00e0 d\u1ec5 d\u00e0ng b\u1ea3o qu\u1ea3n, \u0111\u00e1p \u1ee9ng t\u1ed1t nhu c\u1ea7u c\u1ee7a ng\u01b0\u1eddi ti\u00eau d\u00f9ng hi\u1ec7n \u0111\u1ea1i.<\/p>\n<h3><strong>L\u1ee3i <\/strong><strong>\u00ed<\/strong><strong>ch<\/strong><\/h3>\n<p>B\u1ed9t b\u00ed \u0111\u1ecf s\u1ea5y th\u0103ng hoa l\u00e0 ngu\u1ed3n dinh d\u01b0\u1ee1ng phong ph\u00fa, ch\u1ee9a nhi\u1ec1u vitamin A, C, E, v\u00e0 c\u00e1c ch\u1ea5t ch\u1ed1ng oxy h\u00f3a m\u1ea1nh m\u1ebd. Vitamin A gi\u00fap c\u1ea3i thi\u1ec7n th\u1ecb l\u1ef1c, duy tr\u00ec l\u00e0n da kh\u1ecfe m\u1ea1nh v\u00e0 t\u0103ng c\u01b0\u1eddng h\u1ec7 mi\u1ec5n d\u1ecbch. Ch\u1ea5t x\u01a1 c\u00f3 trong b\u00ed \u0111\u1ecf c\u00f2n h\u1ed7 tr\u1ee3 h\u1ec7 ti\u00eau h\u00f3a, gi\u00fap ph\u00f2ng ng\u1eeba t\u00e1o b\u00f3n v\u00e0 c\u1ea3i thi\u1ec7n s\u1ee9c kh\u1ecfe \u0111\u01b0\u1eddng ru\u1ed9t.<\/p>\n<p>H\u01a1n n\u1eefa, b\u1ed9t b\u00ed \u0111\u1ecf c\u00f2n gi\u00e0u kali v\u00e0 magie, c\u00f3 t\u00e1c d\u1ee5ng \u1ed5n \u0111\u1ecbnh huy\u1ebft \u00e1p v\u00e0 t\u0103ng c\u01b0\u1eddng s\u1ee9c kh\u1ecfe tim m\u1ea1ch. \u0110\u1eb7c bi\u1ec7t, \u0111\u00e2y l\u00e0 th\u1ef1c ph\u1ea9m c\u00f3 l\u01b0\u1ee3ng calo th\u1ea5p, ph\u00f9 h\u1ee3p cho ng\u01b0\u1eddi \u0111ang \u0103n ki\u00eang ho\u1eb7c mu\u1ed1n duy tr\u00ec v\u00f3c d\u00e1ng.<\/p>\n<h3><strong>\u1ee8ng <\/strong><strong>d<\/strong><strong>\u1ee5ng:<\/strong><\/h3>\n<p>V\u1edbi s\u1ef1 ti\u1ec7n l\u1ee3i v\u00e0 gi\u00e1 tr\u1ecb dinh d\u01b0\u1ee1ng cao, b\u1ed9t b\u00ed \u0111\u1ecf s\u1ea5y th\u0103ng hoa c\u00f3 th\u1ec3 \u1ee9ng d\u1ee5ng trong nhi\u1ec1u m\u00f3n \u0103n v\u00e0 \u0111\u1ed3 u\u1ed1ng kh\u00e1c nhau.<\/p>\n<ul>\n<li>S\u1eed d\u1ee5ng b\u1ed9t \u0111\u1ec3 pha ch\u1ebf sinh t\u1ed1, n\u01b0\u1edbc \u00e9p, ho\u1eb7c l\u00e0m s\u1eefa b\u00ed \u0111\u1ecf &#8211; m\u1ed9t lo\u1ea1i th\u1ee9c u\u1ed1ng b\u1ed5 d\u01b0\u1ee1ng cho c\u1ea3 gia \u0111\u00ecnh.<\/li>\n<li>Ngo\u00e0i ra, b\u1ed9t b\u00ed \u0111\u1ecf c\u00f2n l\u00e0 nguy\u00ean li\u1ec7u tuy\u1ec7t v\u1eddi \u0111\u1ec3 l\u00e0m b\u00e1nh, n\u1ea5u ch\u00e1o, ho\u1eb7c th\u00eam v\u00e0o s\u00fap, m\u00ec g\u00f3i cho b\u00e9 \u0103n d\u1eb7m.<\/li>\n<li>Nh\u1edd kh\u1ea3 n\u0103ng tan nhanh v\u00e0 d\u1ec5 h\u00f2a tan, b\u1ed9t b\u00ed \u0111\u1ecf c\u0169ng r\u1ea5t ph\u00f9 h\u1ee3p \u0111\u1ec3 l\u00e0m c\u00e1c m\u00f3n tr\u00e1ng mi\u1ec7ng nh\u01b0 pudding, kem hay th\u1ea1ch.<\/li>\n<\/ul>\n<p>V\u1edbi nh\u1eefng \u01b0u \u0111i\u1ec3m v\u01b0\u1ee3t tr\u1ed9i v\u00e0 l\u1ee3i \u00edch dinh d\u01b0\u1ee1ng \u0111\u00e1ng k\u1ec3, b\u1ed9t b\u00ed \u0111\u1ecf s\u1ea5y th\u0103ng hoa kh\u00f4ng ch\u1ec9 l\u00e0 m\u1ed9t s\u1ea3n ph\u1ea9m ti\u1ec7n d\u1ee5ng cho c\u0103n b\u1ebfp m\u00e0 c\u00f2n l\u00e0 s\u1ef1 l\u1ef1a ch\u1ecdn l\u00e0nh m\u1ea1nh cho s\u1ee9c kh\u1ecfe c\u1ee7a b\u1ea1n v\u00e0 gia \u0111\u00ecnh. H\u00e3y b\u1ed5 sung ngay b\u1ed9t b\u00ed \u0111\u1ecf v\u00e0o ch\u1ebf \u0111\u1ed9 \u0103n u\u1ed1ng h\u00e0ng ng\u00e0y \u0111\u1ec3 t\u1eadn h\u01b0\u1edfng nh\u1eefng gi\u00e1 tr\u1ecb tuy\u1ec7t v\u1eddi m\u00e0 n\u00f3 mang l\u1ea1i.<\/p>","protected":false},"excerpt":{"rendered":"<p>Ph\u01b0\u01a1ng ph\u00e1p s\u1ea5y S\u1ea5y Th\u0103ng hoa Ngu\u1ed3n g\u1ed1c T\u1eeb nh\u1eefng qu\u1ea3 b\u00ed \u0111\u1ecf ch\u1ea5t l\u01b0\u1ee3ng cao \u0111\u01b0\u1ee3c x\u1eed l\u00fd s\u1ea1ch, h\u1ea5p v\u00e0 s\u1ea5y th\u0103ng hoa, nghi\u1ec1n m\u1ecbn \u0110\u1eb7c \u0111i\u1ec3m B\u1ed9t c\u00f3 m\u00e0u v\u00e0ng t\u01b0\u01a1i \u0111\u1eadm, m\u00f9i th\u01a1m \u0111\u1eb7c tr\u01b0ng, 100% l\u1ecdt r\u00e2y 80 mesh, \u0111\u1ed9 \u1ea9m &lt;5% H\u00e0m l\u01b0\u1ee3ng dinh d\u01b0\u1ee1ng Cao, ch\u1ee9a nhi\u1ec1u Vitamin [&hellip;]<\/p>","protected":false},"featured_media":9410,"comment_status":"open","ping_status":"closed","template":"","meta":[],"product_cat":[238],"product_tag":[],"class_list":{"0":"post-9409","1":"product","2":"type-product","3":"status-publish","4":"has-post-thumbnail","6":"product_cat-bot-rau-cu-qua","8":"first","9":"instock","10":"shipping-taxable","11":"purchasable","12":"product-type-variable","13":"wvs-archive-product-wrapper"},"yoast_head":"<!-- This site is optimized with the Yoast SEO plugin v25.7 - https:\/\/yoast.com\/wordpress\/plugins\/seo\/ -->\n<title>B\u1ed9t b\u00ed \u0111\u1ecf s\u1ea5y th\u0103ng hoa - Bamboo Freeze Drying<\/title>\n<meta name=\"robots\" content=\"index, follow, max-snippet:-1, max-image-preview:large, max-video-preview:-1\" \/>\n<link rel=\"canonical\" href=\"https:\/\/bamboovipfood.com\/en\/product\/pure-freeze-dried-pumpkin-powder\/\" \/>\n<meta property=\"og:locale\" content=\"en_US\" \/>\n<meta property=\"og:type\" content=\"article\" \/>\n<meta property=\"og:title\" content=\"B\u1ed9t b\u00ed \u0111\u1ecf s\u1ea5y th\u0103ng hoa - Bamboo Freeze Drying\" \/>\n<meta property=\"og:description\" content=\"Ph\u01b0\u01a1ng ph\u00e1p s\u1ea5y S\u1ea5y Th\u0103ng hoa Ngu\u1ed3n g\u1ed1c T\u1eeb nh\u1eefng qu\u1ea3 b\u00ed \u0111\u1ecf ch\u1ea5t l\u01b0\u1ee3ng cao \u0111\u01b0\u1ee3c x\u1eed l\u00fd s\u1ea1ch, h\u1ea5p v\u00e0 s\u1ea5y th\u0103ng hoa, nghi\u1ec1n m\u1ecbn \u0110\u1eb7c \u0111i\u1ec3m B\u1ed9t c\u00f3 m\u00e0u v\u00e0ng t\u01b0\u01a1i \u0111\u1eadm, m\u00f9i th\u01a1m \u0111\u1eb7c tr\u01b0ng, 100% l\u1ecdt r\u00e2y 80 mesh, \u0111\u1ed9 \u1ea9m &lt;5% H\u00e0m l\u01b0\u1ee3ng dinh d\u01b0\u1ee1ng Cao, ch\u1ee9a nhi\u1ec1u Vitamin [&hellip;]\" \/>\n<meta property=\"og:url\" content=\"https:\/\/bamboovipfood.com\/en\/product\/pure-freeze-dried-pumpkin-powder\/\" \/>\n<meta property=\"og:site_name\" content=\"Bamboo Freeze Drying\" \/>\n<meta property=\"article:modified_time\" content=\"2025-02-14T01:56:20+00:00\" \/>\n<meta property=\"og:image\" content=\"https:\/\/bamboovipfood.com\/wp-content\/uploads\/2024\/11\/bot-bi-do-say-thang-hoa.jpg\" \/>\n\t<meta property=\"og:image:width\" content=\"750\" \/>\n\t<meta property=\"og:image:height\" content=\"750\" \/>\n\t<meta property=\"og:image:type\" content=\"image\/jpeg\" \/>\n<meta name=\"twitter:card\" content=\"summary_large_image\" \/>\n<meta name=\"twitter:label1\" content=\"Est. reading time\" \/>\n\t<meta name=\"twitter:data1\" content=\"4 minutes\" \/>\n<script type=\"application\/ld+json\" class=\"yoast-schema-graph\">{\"@context\":\"https:\/\/schema.org\",\"@graph\":[{\"@type\":\"WebPage\",\"@id\":\"https:\/\/bamboovipfood.com\/san-pham\/bot-bi-do-say-thang-hoa\/\",\"url\":\"https:\/\/bamboovipfood.com\/san-pham\/bot-bi-do-say-thang-hoa\/\",\"name\":\"B\u1ed9t b\u00ed \u0111\u1ecf s\u1ea5y th\u0103ng hoa - Bamboo Freeze Drying\",\"isPartOf\":{\"@id\":\"https:\/\/bamboovipfood.com\/#website\"},\"primaryImageOfPage\":{\"@id\":\"https:\/\/bamboovipfood.com\/san-pham\/bot-bi-do-say-thang-hoa\/#primaryimage\"},\"image\":{\"@id\":\"https:\/\/bamboovipfood.com\/san-pham\/bot-bi-do-say-thang-hoa\/#primaryimage\"},\"thumbnailUrl\":\"https:\/\/bamboovipfood.com\/wp-content\/uploads\/2024\/11\/bot-bi-do-say-thang-hoa.jpg\",\"datePublished\":\"2024-11-18T01:33:14+00:00\",\"dateModified\":\"2025-02-14T01:56:20+00:00\",\"breadcrumb\":{\"@id\":\"https:\/\/bamboovipfood.com\/san-pham\/bot-bi-do-say-thang-hoa\/#breadcrumb\"},\"inLanguage\":\"en-US\",\"potentialAction\":[{\"@type\":\"ReadAction\",\"target\":[\"https:\/\/bamboovipfood.com\/san-pham\/bot-bi-do-say-thang-hoa\/\"]}]},{\"@type\":\"ImageObject\",\"inLanguage\":\"en-US\",\"@id\":\"https:\/\/bamboovipfood.com\/san-pham\/bot-bi-do-say-thang-hoa\/#primaryimage\",\"url\":\"https:\/\/bamboovipfood.com\/wp-content\/uploads\/2024\/11\/bot-bi-do-say-thang-hoa.jpg\",\"contentUrl\":\"https:\/\/bamboovipfood.com\/wp-content\/uploads\/2024\/11\/bot-bi-do-say-thang-hoa.jpg\",\"width\":750,\"height\":750},{\"@type\":\"BreadcrumbList\",\"@id\":\"https:\/\/bamboovipfood.com\/san-pham\/bot-bi-do-say-thang-hoa\/#breadcrumb\",\"itemListElement\":[{\"@type\":\"ListItem\",\"position\":1,\"name\":\"Trang ch\u1ee7\",\"item\":\"https:\/\/bamboovipfood.com\/\"},{\"@type\":\"ListItem\",\"position\":2,\"name\":\"Shop\",\"item\":\"https:\/\/bamboovipfood.com\/shop\/\"},{\"@type\":\"ListItem\",\"position\":3,\"name\":\"B\u1ed9t b\u00ed \u0111\u1ecf s\u1ea5y th\u0103ng hoa\"}]},{\"@type\":\"WebSite\",\"@id\":\"https:\/\/bamboovipfood.com\/#website\",\"url\":\"https:\/\/bamboovipfood.com\/\",\"name\":\"Bamboo Freeze Drying\",\"description\":\"Nh\u00e0 cung \u1ee9ng s\u1ea3n ph\u1ea9m s\u1ea5y th\u0103ng hoa h\u00e0ng \u0111\u1ea7u\",\"publisher\":{\"@id\":\"https:\/\/bamboovipfood.com\/#organization\"},\"potentialAction\":[{\"@type\":\"SearchAction\",\"target\":{\"@type\":\"EntryPoint\",\"urlTemplate\":\"https:\/\/bamboovipfood.com\/?s={search_term_string}\"},\"query-input\":{\"@type\":\"PropertyValueSpecification\",\"valueRequired\":true,\"valueName\":\"search_term_string\"}}],\"inLanguage\":\"en-US\"},{\"@type\":\"Organization\",\"@id\":\"https:\/\/bamboovipfood.com\/#organization\",\"name\":\"Bamboo Freeze Drying\",\"url\":\"https:\/\/bamboovipfood.com\/\",\"logo\":{\"@type\":\"ImageObject\",\"inLanguage\":\"en-US\",\"@id\":\"https:\/\/bamboovipfood.com\/#\/schema\/logo\/image\/\",\"url\":\"https:\/\/bamboovipfood.com\/wp-content\/uploads\/2020\/08\/Logo-Bamboo-Freeze-Dry-Dark.png\",\"contentUrl\":\"https:\/\/bamboovipfood.com\/wp-content\/uploads\/2020\/08\/Logo-Bamboo-Freeze-Dry-Dark.png\",\"width\":500,\"height\":189,\"caption\":\"Bamboo Freeze Drying\"},\"image\":{\"@id\":\"https:\/\/bamboovipfood.com\/#\/schema\/logo\/image\/\"}}]}<\/script>\n<!-- \/ Yoast SEO plugin. -->","yoast_head_json":{"title":"B\u1ed9t b\u00ed \u0111\u1ecf s\u1ea5y th\u0103ng hoa - Bamboo Freeze Drying","robots":{"index":"index","follow":"follow","max-snippet":"max-snippet:-1","max-image-preview":"max-image-preview:large","max-video-preview":"max-video-preview:-1"},"canonical":"https:\/\/bamboovipfood.com\/en\/product\/pure-freeze-dried-pumpkin-powder\/","og_locale":"en_US","og_type":"article","og_title":"B\u1ed9t b\u00ed \u0111\u1ecf s\u1ea5y th\u0103ng hoa - Bamboo Freeze Drying","og_description":"Ph\u01b0\u01a1ng ph\u00e1p s\u1ea5y S\u1ea5y Th\u0103ng hoa Ngu\u1ed3n g\u1ed1c T\u1eeb nh\u1eefng qu\u1ea3 b\u00ed \u0111\u1ecf ch\u1ea5t l\u01b0\u1ee3ng cao \u0111\u01b0\u1ee3c x\u1eed l\u00fd s\u1ea1ch, h\u1ea5p v\u00e0 s\u1ea5y th\u0103ng hoa, nghi\u1ec1n m\u1ecbn \u0110\u1eb7c \u0111i\u1ec3m B\u1ed9t c\u00f3 m\u00e0u v\u00e0ng t\u01b0\u01a1i \u0111\u1eadm, m\u00f9i th\u01a1m \u0111\u1eb7c tr\u01b0ng, 100% l\u1ecdt r\u00e2y 80 mesh, \u0111\u1ed9 \u1ea9m &lt;5% H\u00e0m l\u01b0\u1ee3ng dinh d\u01b0\u1ee1ng Cao, ch\u1ee9a nhi\u1ec1u Vitamin [&hellip;]","og_url":"https:\/\/bamboovipfood.com\/en\/product\/pure-freeze-dried-pumpkin-powder\/","og_site_name":"Bamboo Freeze Drying","article_modified_time":"2025-02-14T01:56:20+00:00","og_image":[{"width":750,"height":750,"url":"https:\/\/bamboovipfood.com\/wp-content\/uploads\/2024\/11\/bot-bi-do-say-thang-hoa.jpg","type":"image\/jpeg"}],"twitter_card":"summary_large_image","twitter_misc":{"Est. reading time":"4 minutes"},"schema":{"@context":"https:\/\/schema.org","@graph":[{"@type":"WebPage","@id":"https:\/\/bamboovipfood.com\/san-pham\/bot-bi-do-say-thang-hoa\/","url":"https:\/\/bamboovipfood.com\/san-pham\/bot-bi-do-say-thang-hoa\/","name":"B\u1ed9t b\u00ed \u0111\u1ecf s\u1ea5y th\u0103ng hoa - Bamboo Freeze Drying","isPartOf":{"@id":"https:\/\/bamboovipfood.com\/#website"},"primaryImageOfPage":{"@id":"https:\/\/bamboovipfood.com\/san-pham\/bot-bi-do-say-thang-hoa\/#primaryimage"},"image":{"@id":"https:\/\/bamboovipfood.com\/san-pham\/bot-bi-do-say-thang-hoa\/#primaryimage"},"thumbnailUrl":"https:\/\/bamboovipfood.com\/wp-content\/uploads\/2024\/11\/bot-bi-do-say-thang-hoa.jpg","datePublished":"2024-11-18T01:33:14+00:00","dateModified":"2025-02-14T01:56:20+00:00","breadcrumb":{"@id":"https:\/\/bamboovipfood.com\/san-pham\/bot-bi-do-say-thang-hoa\/#breadcrumb"},"inLanguage":"en-US","potentialAction":[{"@type":"ReadAction","target":["https:\/\/bamboovipfood.com\/san-pham\/bot-bi-do-say-thang-hoa\/"]}]},{"@type":"ImageObject","inLanguage":"en-US","@id":"https:\/\/bamboovipfood.com\/san-pham\/bot-bi-do-say-thang-hoa\/#primaryimage","url":"https:\/\/bamboovipfood.com\/wp-content\/uploads\/2024\/11\/bot-bi-do-say-thang-hoa.jpg","contentUrl":"https:\/\/bamboovipfood.com\/wp-content\/uploads\/2024\/11\/bot-bi-do-say-thang-hoa.jpg","width":750,"height":750},{"@type":"BreadcrumbList","@id":"https:\/\/bamboovipfood.com\/san-pham\/bot-bi-do-say-thang-hoa\/#breadcrumb","itemListElement":[{"@type":"ListItem","position":1,"name":"Trang ch\u1ee7","item":"https:\/\/bamboovipfood.com\/"},{"@type":"ListItem","position":2,"name":"Shop","item":"https:\/\/bamboovipfood.com\/shop\/"},{"@type":"ListItem","position":3,"name":"B\u1ed9t b\u00ed \u0111\u1ecf s\u1ea5y th\u0103ng hoa"}]},{"@type":"WebSite","@id":"https:\/\/bamboovipfood.com\/#website","url":"https:\/\/bamboovipfood.com\/","name":"Bamboo Freeze Drying","description":"Nh\u00e0 cung \u1ee9ng s\u1ea3n ph\u1ea9m s\u1ea5y th\u0103ng hoa h\u00e0ng \u0111\u1ea7u","publisher":{"@id":"https:\/\/bamboovipfood.com\/#organization"},"potentialAction":[{"@type":"SearchAction","target":{"@type":"EntryPoint","urlTemplate":"https:\/\/bamboovipfood.com\/?s={search_term_string}"},"query-input":{"@type":"PropertyValueSpecification","valueRequired":true,"valueName":"search_term_string"}}],"inLanguage":"en-US"},{"@type":"Organization","@id":"https:\/\/bamboovipfood.com\/#organization","name":"Bamboo Freeze Drying","url":"https:\/\/bamboovipfood.com\/","logo":{"@type":"ImageObject","inLanguage":"en-US","@id":"https:\/\/bamboovipfood.com\/#\/schema\/logo\/image\/","url":"https:\/\/bamboovipfood.com\/wp-content\/uploads\/2020\/08\/Logo-Bamboo-Freeze-Dry-Dark.png","contentUrl":"https:\/\/bamboovipfood.com\/wp-content\/uploads\/2020\/08\/Logo-Bamboo-Freeze-Dry-Dark.png","width":500,"height":189,"caption":"Bamboo Freeze Drying"},"image":{"@id":"https:\/\/bamboovipfood.com\/#\/schema\/logo\/image\/"}}]}},"_links":{"self":[{"href":"https:\/\/bamboovipfood.com\/en\/wp-json\/wp\/v2\/product\/9409","targetHints":{"allow":["GET"]}}],"collection":[{"href":"https:\/\/bamboovipfood.com\/en\/wp-json\/wp\/v2\/product"}],"about":[{"href":"https:\/\/bamboovipfood.com\/en\/wp-json\/wp\/v2\/types\/product"}],"replies":[{"embeddable":true,"href":"https:\/\/bamboovipfood.com\/en\/wp-json\/wp\/v2\/comments?post=9409"}],"wp:featuredmedia":[{"embeddable":true,"href":"https:\/\/bamboovipfood.com\/en\/wp-json\/wp\/v2\/media\/9410"}],"wp:attachment":[{"href":"https:\/\/bamboovipfood.com\/en\/wp-json\/wp\/v2\/media?parent=9409"}],"wp:term":[{"taxonomy":"product_cat","embeddable":true,"href":"https:\/\/bamboovipfood.com\/en\/wp-json\/wp\/v2\/product_cat?post=9409"},{"taxonomy":"product_tag","embeddable":true,"href":"https:\/\/bamboovipfood.com\/en\/wp-json\/wp\/v2\/product_tag?post=9409"}],"curies":[{"name":"wp","href":"https:\/\/api.w.org\/{rel}","templated":true}]}}