{"id":9394,"date":"2024-11-11T08:34:23","date_gmt":"2024-11-11T08:34:23","guid":{"rendered":"https:\/\/bamboovipfood.com\/?post_type=product&#038;p=9394"},"modified":"2024-11-18T06:09:12","modified_gmt":"2024-11-18T06:09:12","slug":"bot-bap-nguyen-chat-say-thang-hoa","status":"publish","type":"product","link":"https:\/\/bamboovipfood.com\/en\/product\/sweet-corn-powder\/","title":{"rendered":"Freeze-Dried Sweet Corn Powder"},"content":{"rendered":"<pre><strong>B\u1ed9t b\u1eafp S\u1ea5y Th\u0103ng Hoa \u2013 Gi\u1ea3i Ph\u00e1p Dinh D\u01b0\u1ee1ng T\u1eeb Thi\u00ean Nhi\u00ean, L\u01b0u Gi\u1eef Tr\u1ecdn V\u1eb9n H\u01b0\u01a1ng V\u1ecb Nguy\u00ean B\u1ea3n<\/strong><\/pre>\n<p>Ng\u00f4 (B\u1eafp) l\u00e0 m\u1ed9t lo\u1ea1i th\u1ef1c ph\u1ea9m quen thu\u1ed9c trong \u0111\u1eddi s\u1ed1ng h\u00e0ng ng\u00e0y, kh\u00f4ng ch\u1ec9 gi\u00e0u tinh b\u1ed9t, ch\u1ea5t x\u01a1 m\u00e0 c\u00f2n cung c\u1ea5p nhi\u1ec1u vitamin v\u00e0 kho\u00e1ng ch\u1ea5t thi\u1ebft y\u1ebfu. Tuy nhi\u00ean, vi\u1ec7c b\u1ea3o qu\u1ea3n v\u00e0 s\u1eed d\u1ee5ng t\u01b0\u01a1i trong th\u1eddi gian d\u00e0i l\u00e0 \u0111i\u1ec1u kh\u00f4ng d\u1ec5 d\u00e0ng. Ch\u00ednh v\u00ec v\u1eady, <strong><a href=\"https:\/\/bamboovipfood.com\/en\/product\/sweet-corn-powder\/\">b\u1ed9t b\u1eafp s\u1ea5y th\u0103ng hoa<\/a><\/strong> ra \u0111\u1eddi nh\u01b0 m\u1ed9t gi\u1ea3i ph\u00e1p t\u1ed1i \u01b0u \u0111\u1ec3 gi\u1eef nguy\u00ean d\u01b0\u1ee1ng ch\u1ea5t v\u00e0 h\u01b0\u01a1ng v\u1ecb c\u1ee7a ch\u00fang trong su\u1ed1t qu\u00e1 tr\u00ecnh ch\u1ebf bi\u1ebfn. V\u1edbi c\u00f4ng ngh\u1ec7 s\u1ea5y th\u0103ng hoa, n\u01b0\u1edbc trong b\u1eafp t\u01b0\u01a1i \u0111\u01b0\u1ee3c lo\u1ea1i b\u1ecf m\u00e0 kh\u00f4ng l\u00e0m m\u1ea5t \u0111i c\u00e1c vitamin v\u00e0 kho\u00e1ng ch\u1ea5t, gi\u1eef nguy\u00ean m\u00e0u s\u1eafc, h\u01b0\u01a1ng th\u01a1m v\u00e0 gi\u00e1 tr\u1ecb dinh d\u01b0\u1ee1ng. S\u1ea3n ph\u1ea9m n\u00e0y kh\u00f4ng ch\u1ec9 an to\u00e0n v\u00e0 ti\u1ec7n l\u1ee3i m\u00e0 c\u00f2n gi\u00fap ng\u01b0\u1eddi ti\u00eau d\u00f9ng d\u1ec5 d\u00e0ng b\u1ed5 sung ng\u00f4 v\u00e0o ch\u1ebf \u0111\u1ed9 \u0103n u\u1ed1ng h\u00e0ng ng\u00e0y m\u00e0 kh\u00f4ng lo ng\u1ea1i v\u1ec1 v\u1ea5n \u0111\u1ec1 b\u1ea3o qu\u1ea3n hay m\u1ea5t \u0111i ch\u1ea5t l\u01b0\u1ee3ng.<\/p>\n<h3><strong>\u01afu \u0111i\u1ec3m c\u1ee7a B\u1ed9t b\u1eafp S\u1ea5y Th\u0103ng Hoa<\/strong><\/h3>\n<ul>\n<li>Gi\u1eef nguy\u00ean d\u01b0\u1ee1ng ch\u1ea5t: B\u1ed9t b\u1eafp s\u1ea5y th\u0103ng hoa kh\u00f4ng b\u1ecb m\u1ea5t \u0111i c\u00e1c vitamin, kho\u00e1ng ch\u1ea5t quan tr\u1ecdng trong qu\u00e1 tr\u00ecnh ch\u1ebf bi\u1ebfn, mang l\u1ea1i gi\u00e1 tr\u1ecb dinh d\u01b0\u1ee1ng cao.<\/li>\n<li>H\u01b0\u01a1ng v\u1ecb t\u1ef1 nhi\u00ean: \u0110\u01b0\u1ee3c ch\u1ebf bi\u1ebfn t\u1eeb ng\u00f4 t\u01b0\u01a1i, s\u1ea3n ph\u1ea9m gi\u1eef \u0111\u01b0\u1ee3c h\u01b0\u01a1ng v\u1ecb ng\u1ecdt t\u1ef1 nhi\u00ean v\u00e0 m\u00f9i th\u01a1m \u0111\u1eb7c tr\u01b0ng<\/li>\n<li>D\u1ec5 d\u00e0ng s\u1eed d\u1ee5ng: c\u00f3 th\u1ec3 s\u1eed d\u1ee5ng ngay trong c\u00e1c c\u00f4ng th\u1ee9c n\u1ea5u \u0103n, ch\u1ebf bi\u1ebfn m\u00f3n \u0103n, ho\u1eb7c l\u00e0m nguy\u00ean li\u1ec7u cho c\u00e1c s\u1ea3n ph\u1ea9m ch\u1ebf bi\u1ebfn s\u1eb5n nh\u01b0 b\u00e1nh k\u1eb9o, th\u1ef1c ph\u1ea9m ch\u1ee9c n\u0103ng, th\u1ef1c ph\u1ea9m ch\u1ebf bi\u1ebfn nhanh.<\/li>\n<li>B\u1ea3o qu\u1ea3n l\u00e2u d\u00e0i: Quy tr\u00ecnh s\u1ea5y th\u0103ng hoa gi\u00fap s\u1ea3n ph\u1ea9m kh\u00f4ng b\u1ecb h\u01b0 h\u1ecfng trong th\u1eddi gian d\u00e0i, thu\u1eadn ti\u1ec7n cho vi\u1ec7c b\u1ea3o qu\u1ea3n v\u00e0 v\u1eadn chuy\u1ec3n.<\/li>\n<\/ul>\n<h3><strong>L\u1ee3i \u00edch c\u1ee7a B\u1ed9t ng\u00f4:<\/strong><\/h3>\n<ul>\n<li>Cung c\u1ea5p n\u0103ng l\u01b0\u1ee3ng t\u1ef1 nhi\u00ean: cung c\u1ea5p carbohydrate ch\u00ednh, gi\u00fap c\u01a1 th\u1ec3 nhanh ch\u00f3ng b\u1ed5 sung n\u0103ng l\u01b0\u1ee3ng.<\/li>\n<li>Gi\u00e0u ch\u1ea5t x\u01a1, t\u1ed1t cho ti\u00eau h\u00f3a: c\u1ea3i thi\u1ec7n ch\u1ee9c n\u0103ng ti\u00eau h\u00f3a, t\u0103ng c\u01b0\u1eddng nhu \u0111\u1ed9ng ru\u1ed9t v\u00e0 ng\u0103n ng\u1eeba t\u00e1o b\u00f3n.<\/li>\n<li>Ngu\u1ed3n cung c\u1ea5p vitamin v\u00e0 kho\u00e1ng ch\u1ea5t: vitamin B, A, C, Magie, Kali r\u1ea5t t\u1ed1t cho s\u1ee9c kh\u1ecfe<\/li>\n<li>Gi\u00fap \u0111i\u1ec1u ch\u1ec9nh l\u01b0\u1ee3ng \u0111\u01b0\u1eddng huy\u1ebft: b\u1ed9t ng\u00f4 c\u00f3 ch\u1ec9 s\u1ed1 glycemic th\u1ea5p, \u0111i\u1ec1u n\u00e0y c\u00f3 ngh\u0129a l\u00e0 n\u00f3 gi\u00fap c\u01a1 th\u1ec3 duy tr\u00ec m\u1ee9c \u0111\u01b0\u1eddng huy\u1ebft \u1ed5n \u0111\u1ecbnh h\u01a1n so v\u1edbi c\u00e1c th\u1ef1c ph\u1ea9m ch\u1ee9a tinh b\u1ed9t kh\u00e1c.<\/li>\n<\/ul>\n<h3><strong>\u1ee8ng d\u1ee5ng c\u1ee7a B\u1ed9t b\u1eafp S\u1ea5y Th\u0103ng Hoa<\/strong><\/h3>\n<ul>\n<li>Ch\u1ebf bi\u1ebfn m\u00f3n \u0103n: D\u00f9ng l\u00e0m nguy\u00ean li\u1ec7u cho c\u00e1c m\u00f3n \u0103n truy\u1ec1n th\u1ed1ng ho\u1eb7c hi\u1ec7n \u0111\u1ea1i nh\u01b0 s\u00fap ng\u00f4, b\u00e1nh ng\u00f4, \u0111\u1ed3 \u0103n v\u1eb7t, salad,&#8230;<\/li>\n<li>S\u1ea3n xu\u1ea5t th\u1ef1c ph\u1ea9m ch\u1ebf bi\u1ebfn s\u1eb5n: \u0110\u01b0\u1ee3c s\u1eed d\u1ee5ng trong ng\u00e0nh c\u00f4ng nghi\u1ec7p th\u1ef1c ph\u1ea9m \u0111\u1ec3 t\u1ea1o ra c\u00e1c s\u1ea3n ph\u1ea9m ch\u1ebf bi\u1ebfn s\u1eb5n nh\u01b0 m\u00ec ng\u00f4, snack, b\u00e1nh ng\u00f4.<\/li>\n<li>C\u00f4ng nghi\u1ec7p th\u1ef1c ph\u1ea9m dinh d\u01b0\u1ee1ng: L\u00e0 th\u00e0nh ph\u1ea7n quan tr\u1ecdng trong c\u00e1c th\u1ef1c ph\u1ea9m ch\u1ee9c n\u0103ng, th\u1ef1c ph\u1ea9m b\u1ed5 sung dinh d\u01b0\u1ee1ng, \u0111\u1eb7c bi\u1ec7t l\u00e0 trong c\u00e1c s\u1ea3n ph\u1ea9m cho tr\u1ebb em v\u00e0 ng\u01b0\u1eddi l\u1edbn.<\/li>\n<li>Ch\u1ebf bi\u1ebfn th\u1ef1c ph\u1ea9m cho ng\u01b0\u1eddi \u0103n ki\u00eang: B\u1ed9t ng\u00f4 c\u00f3 th\u1ec3 d\u00f9ng trong c\u00e1c ch\u1ebf \u0111\u1ed9 \u0103n ki\u00eang v\u00ec h\u00e0m l\u01b0\u1ee3ng calo th\u1ea5p, d\u1ec5 ti\u00eau h\u00f3a v\u00e0 b\u1ed5 sung n\u0103ng l\u01b0\u1ee3ng t\u1ef1 nhi\u00ean.<\/li>\n<\/ul>\n<blockquote><p>Explore more of our powder products:\u00a0<strong><a href=\"https:\/\/bamboovipfood.com\/en\/product-category\/freeze-dried-vegetable-powder\/\">https:\/\/bamboovipfood.com\/en\/product-category\/freeze-dried-vegetable-powder\/<\/a><\/strong><\/p><\/blockquote>\n<p><span style=\"color: #993300;\"><strong>Whether you are looking for retail purchases or wholesale distribution, please contact us for further assistance. Hotline: 0909 753 648<\/strong><\/span><\/p>","protected":false},"excerpt":{"rendered":"<ul>\n<li><span class=\"OYPEnA text-decoration-none text-strikethrough-none\">Shape: <strong>B\u1ed9t m\u1ecbn<\/strong><\/span><\/li>\n<li><span class=\"OYPEnA text-decoration-none text-strikethrough-none\">Moisture:\u00a0<strong>&lt; 5%<\/strong><\/span><\/li>\n<li><span class=\"OYPEnA text-decoration-none text-strikethrough-none\">Purity:\u00a0<strong>100% t\u1eeb b\u1eafp M\u1ef9<\/strong><\/span><\/li>\n<li><span class=\"OYPEnA text-decoration-none text-strikethrough-none\">Drying Method: Freeze-Drying<\/span><\/li>\n<li><span class=\"OYPEnA text-decoration-none text-strikethrough-none\">B\u1ea3o qu\u1ea3n: T\u00fai zip\/ H\u1ee7 th\u1ee7y tinh k\u00edn<\/span><\/li>\n<li><span class=\"OYPEnA text-decoration-none text-strikethrough-none\">Shelf Life: 12 months<\/span><\/li>\n<li><span class=\"OYPEnA text-decoration-none text-strikethrough-none\">No Added Sugar, No Preservatives<\/span><\/li>\n<\/ul>","protected":false},"featured_media":9395,"comment_status":"open","ping_status":"closed","template":"","meta":[],"product_cat":[238],"product_tag":[],"class_list":{"0":"post-9394","1":"product","2":"type-product","3":"status-publish","4":"has-post-thumbnail","6":"product_cat-bot-rau-cu-qua","8":"first","9":"instock","10":"shipping-taxable","11":"purchasable","12":"product-type-variable","13":"wvs-archive-product-wrapper"},"yoast_head":"<!-- This site is optimized with the Yoast SEO plugin v25.7 - https:\/\/yoast.com\/wordpress\/plugins\/seo\/ -->\n<title>B\u1ed9t b\u1eafp (M\u1ef9) nguy\u00ean ch\u1ea5t s\u1ea5y th\u0103ng hoa - Bamboo Freeze Drying<\/title>\n<meta name=\"robots\" content=\"index, follow, max-snippet:-1, max-image-preview:large, max-video-preview:-1\" \/>\n<link rel=\"canonical\" href=\"https:\/\/bamboovipfood.com\/en\/product\/sweet-corn-powder\/\" \/>\n<meta property=\"og:locale\" content=\"en_US\" \/>\n<meta property=\"og:type\" content=\"article\" \/>\n<meta property=\"og:title\" content=\"B\u1ed9t b\u1eafp (M\u1ef9) nguy\u00ean ch\u1ea5t s\u1ea5y th\u0103ng hoa - Bamboo Freeze Drying\" \/>\n<meta property=\"og:description\" content=\"H\u00ecnh d\u1ea1ng: B\u1ed9t m\u1ecbn  \u0110\u1ed9 \u1ea9m:\u00a0&lt; 5%  \u0110\u1ed9 tinh khi\u1ebft:\u00a0100% t\u1eeb b\u1eafp M\u1ef9  Ph\u01b0\u01a1ng ph\u00e1p s\u1ea5y: Th\u0103ng hoa  B\u1ea3o qu\u1ea3n: T\u00fai zip\/ H\u1ee7 th\u1ee7y tinh k\u00edn  Th\u1eddi h\u1ea1n s\u1eed d\u1ee5ng: 12 th\u00e1ng  Kh\u00f4ng \u0111\u01b0\u1eddng, kh\u00f4ng ch\u1ea5t b\u1ea3o qu\u1ea3n\" \/>\n<meta property=\"og:url\" content=\"https:\/\/bamboovipfood.com\/en\/product\/sweet-corn-powder\/\" \/>\n<meta property=\"og:site_name\" content=\"Bamboo Freeze Drying\" \/>\n<meta property=\"article:modified_time\" content=\"2024-11-18T06:09:12+00:00\" \/>\n<meta property=\"og:image\" content=\"https:\/\/bamboovipfood.com\/wp-content\/uploads\/2024\/11\/bot-bap-say-thang-hoa.jpg\" \/>\n\t<meta property=\"og:image:width\" content=\"750\" \/>\n\t<meta property=\"og:image:height\" content=\"750\" \/>\n\t<meta property=\"og:image:type\" content=\"image\/jpeg\" \/>\n<meta name=\"twitter:card\" content=\"summary_large_image\" \/>\n<meta name=\"twitter:label1\" content=\"Est. reading time\" \/>\n\t<meta name=\"twitter:data1\" content=\"4 minutes\" \/>\n<script type=\"application\/ld+json\" class=\"yoast-schema-graph\">{\"@context\":\"https:\/\/schema.org\",\"@graph\":[{\"@type\":\"WebPage\",\"@id\":\"https:\/\/bamboovipfood.com\/san-pham\/bot-bap-nguyen-chat-say-thang-hoa\/\",\"url\":\"https:\/\/bamboovipfood.com\/san-pham\/bot-bap-nguyen-chat-say-thang-hoa\/\",\"name\":\"B\u1ed9t b\u1eafp (M\u1ef9) nguy\u00ean ch\u1ea5t s\u1ea5y th\u0103ng hoa - Bamboo Freeze Drying\",\"isPartOf\":{\"@id\":\"https:\/\/bamboovipfood.com\/#website\"},\"primaryImageOfPage\":{\"@id\":\"https:\/\/bamboovipfood.com\/san-pham\/bot-bap-nguyen-chat-say-thang-hoa\/#primaryimage\"},\"image\":{\"@id\":\"https:\/\/bamboovipfood.com\/san-pham\/bot-bap-nguyen-chat-say-thang-hoa\/#primaryimage\"},\"thumbnailUrl\":\"https:\/\/bamboovipfood.com\/wp-content\/uploads\/2024\/11\/bot-bap-say-thang-hoa.jpg\",\"datePublished\":\"2024-11-11T08:34:23+00:00\",\"dateModified\":\"2024-11-18T06:09:12+00:00\",\"breadcrumb\":{\"@id\":\"https:\/\/bamboovipfood.com\/san-pham\/bot-bap-nguyen-chat-say-thang-hoa\/#breadcrumb\"},\"inLanguage\":\"en-US\",\"potentialAction\":[{\"@type\":\"ReadAction\",\"target\":[\"https:\/\/bamboovipfood.com\/san-pham\/bot-bap-nguyen-chat-say-thang-hoa\/\"]}]},{\"@type\":\"ImageObject\",\"inLanguage\":\"en-US\",\"@id\":\"https:\/\/bamboovipfood.com\/san-pham\/bot-bap-nguyen-chat-say-thang-hoa\/#primaryimage\",\"url\":\"https:\/\/bamboovipfood.com\/wp-content\/uploads\/2024\/11\/bot-bap-say-thang-hoa.jpg\",\"contentUrl\":\"https:\/\/bamboovipfood.com\/wp-content\/uploads\/2024\/11\/bot-bap-say-thang-hoa.jpg\",\"width\":750,\"height\":750},{\"@type\":\"BreadcrumbList\",\"@id\":\"https:\/\/bamboovipfood.com\/san-pham\/bot-bap-nguyen-chat-say-thang-hoa\/#breadcrumb\",\"itemListElement\":[{\"@type\":\"ListItem\",\"position\":1,\"name\":\"Trang ch\u1ee7\",\"item\":\"https:\/\/bamboovipfood.com\/\"},{\"@type\":\"ListItem\",\"position\":2,\"name\":\"Shop\",\"item\":\"https:\/\/bamboovipfood.com\/shop\/\"},{\"@type\":\"ListItem\",\"position\":3,\"name\":\"B\u1ed9t b\u1eafp (M\u1ef9) nguy\u00ean ch\u1ea5t s\u1ea5y th\u0103ng hoa\"}]},{\"@type\":\"WebSite\",\"@id\":\"https:\/\/bamboovipfood.com\/#website\",\"url\":\"https:\/\/bamboovipfood.com\/\",\"name\":\"Bamboo Freeze Drying\",\"description\":\"Nh\u00e0 cung \u1ee9ng s\u1ea3n ph\u1ea9m s\u1ea5y th\u0103ng hoa h\u00e0ng \u0111\u1ea7u\",\"publisher\":{\"@id\":\"https:\/\/bamboovipfood.com\/#organization\"},\"potentialAction\":[{\"@type\":\"SearchAction\",\"target\":{\"@type\":\"EntryPoint\",\"urlTemplate\":\"https:\/\/bamboovipfood.com\/?s={search_term_string}\"},\"query-input\":{\"@type\":\"PropertyValueSpecification\",\"valueRequired\":true,\"valueName\":\"search_term_string\"}}],\"inLanguage\":\"en-US\"},{\"@type\":\"Organization\",\"@id\":\"https:\/\/bamboovipfood.com\/#organization\",\"name\":\"Bamboo Freeze Drying\",\"url\":\"https:\/\/bamboovipfood.com\/\",\"logo\":{\"@type\":\"ImageObject\",\"inLanguage\":\"en-US\",\"@id\":\"https:\/\/bamboovipfood.com\/#\/schema\/logo\/image\/\",\"url\":\"https:\/\/bamboovipfood.com\/wp-content\/uploads\/2020\/08\/Logo-Bamboo-Freeze-Dry-Dark.png\",\"contentUrl\":\"https:\/\/bamboovipfood.com\/wp-content\/uploads\/2020\/08\/Logo-Bamboo-Freeze-Dry-Dark.png\",\"width\":500,\"height\":189,\"caption\":\"Bamboo Freeze Drying\"},\"image\":{\"@id\":\"https:\/\/bamboovipfood.com\/#\/schema\/logo\/image\/\"}}]}<\/script>\n<!-- \/ Yoast SEO plugin. -->","yoast_head_json":{"title":"B\u1ed9t b\u1eafp (M\u1ef9) nguy\u00ean ch\u1ea5t s\u1ea5y th\u0103ng hoa - Bamboo Freeze Drying","robots":{"index":"index","follow":"follow","max-snippet":"max-snippet:-1","max-image-preview":"max-image-preview:large","max-video-preview":"max-video-preview:-1"},"canonical":"https:\/\/bamboovipfood.com\/en\/product\/sweet-corn-powder\/","og_locale":"en_US","og_type":"article","og_title":"B\u1ed9t b\u1eafp (M\u1ef9) nguy\u00ean ch\u1ea5t s\u1ea5y th\u0103ng hoa - Bamboo Freeze Drying","og_description":"H\u00ecnh d\u1ea1ng: B\u1ed9t m\u1ecbn  \u0110\u1ed9 \u1ea9m:\u00a0&lt; 5%  \u0110\u1ed9 tinh khi\u1ebft:\u00a0100% t\u1eeb b\u1eafp M\u1ef9  Ph\u01b0\u01a1ng ph\u00e1p s\u1ea5y: Th\u0103ng hoa  B\u1ea3o qu\u1ea3n: T\u00fai zip\/ H\u1ee7 th\u1ee7y tinh k\u00edn  Th\u1eddi h\u1ea1n s\u1eed d\u1ee5ng: 12 th\u00e1ng  Kh\u00f4ng \u0111\u01b0\u1eddng, kh\u00f4ng ch\u1ea5t b\u1ea3o qu\u1ea3n","og_url":"https:\/\/bamboovipfood.com\/en\/product\/sweet-corn-powder\/","og_site_name":"Bamboo Freeze Drying","article_modified_time":"2024-11-18T06:09:12+00:00","og_image":[{"width":750,"height":750,"url":"https:\/\/bamboovipfood.com\/wp-content\/uploads\/2024\/11\/bot-bap-say-thang-hoa.jpg","type":"image\/jpeg"}],"twitter_card":"summary_large_image","twitter_misc":{"Est. reading time":"4 minutes"},"schema":{"@context":"https:\/\/schema.org","@graph":[{"@type":"WebPage","@id":"https:\/\/bamboovipfood.com\/san-pham\/bot-bap-nguyen-chat-say-thang-hoa\/","url":"https:\/\/bamboovipfood.com\/san-pham\/bot-bap-nguyen-chat-say-thang-hoa\/","name":"B\u1ed9t b\u1eafp (M\u1ef9) nguy\u00ean ch\u1ea5t s\u1ea5y th\u0103ng hoa - Bamboo Freeze Drying","isPartOf":{"@id":"https:\/\/bamboovipfood.com\/#website"},"primaryImageOfPage":{"@id":"https:\/\/bamboovipfood.com\/san-pham\/bot-bap-nguyen-chat-say-thang-hoa\/#primaryimage"},"image":{"@id":"https:\/\/bamboovipfood.com\/san-pham\/bot-bap-nguyen-chat-say-thang-hoa\/#primaryimage"},"thumbnailUrl":"https:\/\/bamboovipfood.com\/wp-content\/uploads\/2024\/11\/bot-bap-say-thang-hoa.jpg","datePublished":"2024-11-11T08:34:23+00:00","dateModified":"2024-11-18T06:09:12+00:00","breadcrumb":{"@id":"https:\/\/bamboovipfood.com\/san-pham\/bot-bap-nguyen-chat-say-thang-hoa\/#breadcrumb"},"inLanguage":"en-US","potentialAction":[{"@type":"ReadAction","target":["https:\/\/bamboovipfood.com\/san-pham\/bot-bap-nguyen-chat-say-thang-hoa\/"]}]},{"@type":"ImageObject","inLanguage":"en-US","@id":"https:\/\/bamboovipfood.com\/san-pham\/bot-bap-nguyen-chat-say-thang-hoa\/#primaryimage","url":"https:\/\/bamboovipfood.com\/wp-content\/uploads\/2024\/11\/bot-bap-say-thang-hoa.jpg","contentUrl":"https:\/\/bamboovipfood.com\/wp-content\/uploads\/2024\/11\/bot-bap-say-thang-hoa.jpg","width":750,"height":750},{"@type":"BreadcrumbList","@id":"https:\/\/bamboovipfood.com\/san-pham\/bot-bap-nguyen-chat-say-thang-hoa\/#breadcrumb","itemListElement":[{"@type":"ListItem","position":1,"name":"Trang ch\u1ee7","item":"https:\/\/bamboovipfood.com\/"},{"@type":"ListItem","position":2,"name":"Shop","item":"https:\/\/bamboovipfood.com\/shop\/"},{"@type":"ListItem","position":3,"name":"B\u1ed9t b\u1eafp (M\u1ef9) nguy\u00ean ch\u1ea5t s\u1ea5y th\u0103ng hoa"}]},{"@type":"WebSite","@id":"https:\/\/bamboovipfood.com\/#website","url":"https:\/\/bamboovipfood.com\/","name":"Bamboo Freeze Drying","description":"Nh\u00e0 cung \u1ee9ng s\u1ea3n ph\u1ea9m s\u1ea5y th\u0103ng hoa h\u00e0ng \u0111\u1ea7u","publisher":{"@id":"https:\/\/bamboovipfood.com\/#organization"},"potentialAction":[{"@type":"SearchAction","target":{"@type":"EntryPoint","urlTemplate":"https:\/\/bamboovipfood.com\/?s={search_term_string}"},"query-input":{"@type":"PropertyValueSpecification","valueRequired":true,"valueName":"search_term_string"}}],"inLanguage":"en-US"},{"@type":"Organization","@id":"https:\/\/bamboovipfood.com\/#organization","name":"Bamboo Freeze Drying","url":"https:\/\/bamboovipfood.com\/","logo":{"@type":"ImageObject","inLanguage":"en-US","@id":"https:\/\/bamboovipfood.com\/#\/schema\/logo\/image\/","url":"https:\/\/bamboovipfood.com\/wp-content\/uploads\/2020\/08\/Logo-Bamboo-Freeze-Dry-Dark.png","contentUrl":"https:\/\/bamboovipfood.com\/wp-content\/uploads\/2020\/08\/Logo-Bamboo-Freeze-Dry-Dark.png","width":500,"height":189,"caption":"Bamboo Freeze Drying"},"image":{"@id":"https:\/\/bamboovipfood.com\/#\/schema\/logo\/image\/"}}]}},"_links":{"self":[{"href":"https:\/\/bamboovipfood.com\/en\/wp-json\/wp\/v2\/product\/9394","targetHints":{"allow":["GET"]}}],"collection":[{"href":"https:\/\/bamboovipfood.com\/en\/wp-json\/wp\/v2\/product"}],"about":[{"href":"https:\/\/bamboovipfood.com\/en\/wp-json\/wp\/v2\/types\/product"}],"replies":[{"embeddable":true,"href":"https:\/\/bamboovipfood.com\/en\/wp-json\/wp\/v2\/comments?post=9394"}],"wp:featuredmedia":[{"embeddable":true,"href":"https:\/\/bamboovipfood.com\/en\/wp-json\/wp\/v2\/media\/9395"}],"wp:attachment":[{"href":"https:\/\/bamboovipfood.com\/en\/wp-json\/wp\/v2\/media?parent=9394"}],"wp:term":[{"taxonomy":"product_cat","embeddable":true,"href":"https:\/\/bamboovipfood.com\/en\/wp-json\/wp\/v2\/product_cat?post=9394"},{"taxonomy":"product_tag","embeddable":true,"href":"https:\/\/bamboovipfood.com\/en\/wp-json\/wp\/v2\/product_tag?post=9394"}],"curies":[{"name":"wp","href":"https:\/\/api.w.org\/{rel}","templated":true}]}}