{"id":9382,"date":"2024-11-11T08:19:21","date_gmt":"2024-11-11T08:19:21","guid":{"rendered":"https:\/\/bamboovipfood.com\/?post_type=product&#038;p=9382"},"modified":"2024-11-18T06:16:22","modified_gmt":"2024-11-18T06:16:22","slug":"bot-dau-do-huyet-rong-say-thang-hoa","status":"publish","type":"product","link":"https:\/\/bamboovipfood.com\/en\/product\/dragon-blood-red-bean-powder\/","title":{"rendered":"B\u1ed9t \u0111\u1eadu \u0111\u1ecf huy\u1ebft r\u1ed3ng s\u1ea5y th\u0103ng hoa"},"content":{"rendered":"<p><em><strong>B\u1ea1n \u0111ang t\u00ecm ki\u1ebfm m\u1ed9t gi\u1ea3i ph\u00e1p t\u1ef1 nhi\u00ean \u0111\u1ec3 c\u1ea3i thi\u1ec7n s\u1ee9c kh\u1ecfe v\u00e0 l\u00e0m \u0111\u1eb9p da? B\u1ed9t \u0111\u1eadu huy\u1ebft r\u1ed3ng s\u1ea5y th\u0103ng hoa ch\u00ednh l\u00e0 c\u00e2u tr\u1ea3 l\u1eddi b\u1ea1n \u0111ang t\u00ecm ki\u1ebfm!<\/strong><\/em><\/p>\n<p>\u0110\u1eadu huy\u1ebft r\u1ed3ng, m\u1ed9t lo\u1ea1i \u0111\u1eadu \u0111\u1ecf qu\u00fd hi\u1ebfm, t\u1eeb l\u00e2u \u0111\u00e3 \u0111\u01b0\u1ee3c bi\u1ebft \u0111\u1ebfn v\u1edbi nh\u1eefng l\u1ee3i \u00edch tuy\u1ec7t v\u1eddi cho s\u1ee9c kh\u1ecfe. Nh\u1edd h\u00e0m l\u01b0\u1ee3ng dinh d\u01b0\u1ee1ng d\u1ed3i d\u00e0o nh\u01b0 vitamin, kho\u00e1ng ch\u1ea5t, ch\u1ea5t x\u01a1 v\u00e0 protein th\u1ef1c v\u1eadt, \u0111\u1eadu huy\u1ebft r\u1ed3ng kh\u00f4ng ch\u1ec9 gi\u00fap t\u0103ng c\u01b0\u1eddng s\u1ee9c kh\u1ecfe m\u00e0 c\u00f2n l\u00e0m \u0111\u1eb9p da, h\u1ed7 tr\u1ee3 gi\u1ea3m c\u00e2n v\u00e0 nhi\u1ec1u h\u01a1n n\u1eefa.<\/p>\n<p>Featuring <strong>c\u00f4ng ngh\u1ec7 s\u1ea5y th\u0103ng hoa hi\u1ec7n \u0111\u1ea1i<\/strong>, ch\u00fang t\u00f4i \u0111\u00e3 <strong>gi\u1eef nguy\u00ean v\u1eb9n t\u1ea5t c\u1ea3 c\u00e1c d\u01b0\u1ee1ng ch\u1ea5t qu\u00fd gi\u00e1<\/strong> c\u00f3 trong \u0111\u1eadu huy\u1ebft r\u1ed3ng. <strong><a href=\"https:\/\/bamboovipfood.com\/en\/product\/dragon-blood-red-bean-powder\/\">B\u1ed9t \u0111\u1eadu \u0111\u1ecf huy\u1ebft r\u1ed3ng s\u1ea5y th\u0103ng hoa<\/a><\/strong> c\u00f3 k\u1ebft c\u1ea5u si\u00eau m\u1ecbn, d\u1ec5 d\u00e0ng h\u00f2a tan trong n\u01b0\u1edbc, s\u1eefa ho\u1eb7c c\u00e1c lo\u1ea1i th\u1ee9c u\u1ed1ng kh\u00e1c, t\u1ea1o n\u00ean nh\u1eefng m\u00f3n \u0103n th\u1ee9c u\u1ed1ng th\u01a1m ngon v\u00e0 b\u1ed5 d\u01b0\u1ee1ng.<\/p>\n<p>H\u00e3y \u0111\u1ec3 b\u1ed9t \u0111\u1eadu huy\u1ebft r\u1ed3ng s\u1ea5y th\u0103ng hoa tr\u1edf th\u00e0nh m\u1ed9t ph\u1ea7n kh\u00f4ng th\u1ec3 thi\u1ebfu trong ch\u1ebf \u0111\u1ed9 \u0103n u\u1ed1ng h\u00e0ng ng\u00e0y c\u1ee7a b\u1ea1n. S\u1ee9c kh\u1ecfe v\u00e0 s\u1eafc \u0111\u1eb9p c\u1ee7a b\u1ea1n s\u1ebd \u0111\u01b0\u1ee3c c\u1ea3i thi\u1ec7n r\u00f5 r\u1ec7t ch\u1ec9 sau m\u1ed9t th\u1eddi gian ng\u1eafn s\u1eed d\u1ee5ng.<\/p>\n<h3><strong>\u01afu \u0110i\u1ec3m V\u01b0\u1ee3t Tr\u1ed9i C\u1ee7a B\u1ed9t \u0110\u1eadu Huy\u1ebft R\u1ed3ng S\u1ea5y Th\u0103ng Hoa<\/strong><\/h3>\n<p><strong>C\u00f4ng ngh\u1ec7 s\u1ea5y ti\u00ean ti\u1ebfn nh\u1ea5t:<\/strong><\/p>\n<ul>\n<li style=\"list-style-type: none;\">\n<ul>\n<li>\u0110\u01b0\u1ee3c s\u1ea3n xu\u1ea5t b\u1eb1ng <strong>freeze-drying technology<\/strong> hi\u1ec7n \u0111\u1ea1i, gi\u00fap gi\u1eef nguy\u00ean <strong>h\u00e0m l\u01b0\u1ee3ng d\u01b0\u1ee1ng ch\u1ea5t<\/strong> t\u1ef1 nhi\u00ean c\u00f3 trong \u0111\u1eadu huy\u1ebft r\u1ed3ng, \u0111\u00e2y l\u00e0 l\u1ee3i th\u1ebf l\u1edbn nh\u1ea5t c\u1ee7a ph\u01b0\u01a1ng ph\u00e1p s\u1ea5y n\u00e0y.<\/li>\n<li>B\u1ed9t \u0111\u1eadu gi\u1eef \u0111\u01b0\u1ee3c m\u00e0u s\u1eafc \u0111\u1ecf \u0111\u1eb7c tr\u01b0ng, h\u01b0\u01a1ng v\u1ecb t\u1ef1 nhi\u00ean v\u00e0 kh\u00f4ng b\u1ecb bi\u1ebfn \u0111\u1ed5i ch\u1ea5t, mang \u0111\u1ebfn ch\u1ea5t l\u01b0\u1ee3ng v\u01b0\u1ee3t tr\u1ed9i so v\u1edbi c\u00e1c lo\u1ea1i b\u1ed9t th\u00f4ng th\u01b0\u1eddng.<\/li>\n<\/ul>\n<\/li>\n<\/ul>\n<p><strong>\u0110\u1ed9 m\u1ecbn cao, d\u1ec5 h\u00f2a tan:<\/strong><\/p>\n<ul>\n<li style=\"list-style-type: none;\">\n<ul>\n<li>B\u1ed9t \u0111\u01b0\u1ee3c nghi\u1ec1n si\u00eau m\u1ecbn, tan nhanh trong n\u01b0\u1edbc, gi\u00fap b\u1ea1n d\u1ec5 d\u00e0ng pha ch\u1ebf ho\u1eb7c ch\u1ebf bi\u1ebfn c\u00e1c m\u00f3n \u0103n.<\/li>\n<li>Kh\u00f4ng ch\u1ee9a ch\u1ea5t b\u1ea3o qu\u1ea3n, h\u01b0\u01a1ng li\u1ec7u nh\u00e2n t\u1ea1o, ho\u00e0n to\u00e0n an to\u00e0n cho s\u1ee9c kh\u1ecfe.<\/li>\n<\/ul>\n<\/li>\n<\/ul>\n<p><strong>Ngu\u1ed3n g\u1ed1c h\u1eefu c\u01a1 an to\u00e0n:<\/strong><\/p>\n<ul>\n<li style=\"list-style-type: none;\">\n<ul>\n<li>S\u1eed d\u1ee5ng \u0111\u1eadu huy\u1ebft r\u1ed3ng h\u1eefu c\u01a1 \u0111\u01b0\u1ee3c tr\u1ed3ng t\u1ef1 nhi\u00ean, kh\u00f4ng s\u1eed d\u1ee5ng ph\u00e2n b\u00f3n h\u00f3a h\u1ecdc hay thu\u1ed1c tr\u1eeb s\u00e2u.<\/li>\n<li>S\u1ea3n ph\u1ea9m thu\u1ea7n chay, ph\u00f9 h\u1ee3p cho c\u1ea3 ng\u01b0\u1eddi \u0103n ki\u00eang, \u0103n chay v\u00e0 tr\u1ebb nh\u1ecf.<\/li>\n<\/ul>\n<\/li>\n<\/ul>\n<h3><strong>L\u1ee3i \u00cdch Tuy\u1ec7t V\u1eddi C\u1ee7a B\u1ed9t \u0110\u1eadu Huy\u1ebft R\u1ed3ng<\/strong><\/h3>\n<p><strong>T\u0103ng c\u01b0\u1eddng s\u1ee9c kh\u1ecfe v\u00e0 cung c\u1ea5p n\u0103ng l\u01b0\u1ee3ng:<\/strong><\/p>\n<ul>\n<li style=\"list-style-type: none;\">\n<ul>\n<li>Gi\u00e0u protein th\u1ef1c v\u1eadt, ch\u1ea5t x\u01a1, vitamin B v\u00e0 c\u00e1c kho\u00e1ng ch\u1ea5t nh\u01b0 s\u1eaft, magie, gi\u00fap cung c\u1ea5p n\u0103ng l\u01b0\u1ee3ng, c\u1ea3i thi\u1ec7n s\u1ee9c \u0111\u1ec1 kh\u00e1ng v\u00e0 h\u1ed7 tr\u1ee3 ph\u00e1t tri\u1ec3n c\u01a1 b\u1eafp.<\/li>\n<li>Th\u00edch h\u1ee3p cho ng\u01b0\u1eddi \u0103n chay, ng\u01b0\u1eddi th\u01b0\u1eddng xuy\u00ean t\u1eadp th\u1ec3 thao ho\u1eb7c c\u1ea7n b\u1ed5 sung dinh d\u01b0\u1ee1ng.<\/li>\n<\/ul>\n<\/li>\n<\/ul>\n<p><strong>H\u1ed7 tr\u1ee3 ti\u00eau h\u00f3a &amp; thanh l\u1ecdc c\u01a1 th\u1ec3:<\/strong><\/p>\n<ul>\n<li style=\"list-style-type: none;\">\n<ul>\n<li>H\u00e0m l\u01b0\u1ee3ng ch\u1ea5t x\u01a1 cao trong b\u1ed9t \u0111\u1eadu huy\u1ebft r\u1ed3ng gi\u00fap c\u1ea3i thi\u1ec7n h\u1ec7 ti\u00eau h\u00f3a, ng\u0103n ng\u1eeba t\u00e1o b\u00f3n v\u00e0 h\u1ed7 tr\u1ee3 qu\u00e1 tr\u00ecnh thanh l\u1ecdc c\u01a1 th\u1ec3.<\/li>\n<li>Gi\u00fap \u1ed5n \u0111\u1ecbnh \u0111\u01b0\u1eddng huy\u1ebft v\u00e0 gi\u1ea3m cholesterol x\u1ea5u, g\u00f3p ph\u1ea7n ph\u00f2ng ng\u1eeba c\u00e1c b\u1ec7nh tim m\u1ea1ch.<\/li>\n<\/ul>\n<\/li>\n<\/ul>\n<p><strong>D\u01b0\u1ee1ng da s\u00e1ng m\u1ecbn v\u00e0 l\u00e0m \u0111\u1eb9p t\u1ef1 nhi\u00ean:<\/strong><\/p>\n<ul>\n<li style=\"list-style-type: none;\">\n<ul>\n<li>Gi\u00e0u ch\u1ea5t ch\u1ed1ng oxy h\u00f3a, b\u1ed9t \u0111\u1eadu huy\u1ebft r\u1ed3ng gi\u00fap b\u1ea3o v\u1ec7 l\u00e0n da kh\u1ecfi t\u00e1c \u0111\u1ed9ng c\u1ee7a c\u00e1c g\u1ed1c t\u1ef1 do, l\u00e0m ch\u1eadm qu\u00e1 tr\u00ecnh l\u00e3o h\u00f3a.<\/li>\n<li>D\u00f9ng b\u1ed9t \u0111\u1eadu huy\u1ebft r\u1ed3ng \u0111\u1ec3 l\u00e0m m\u1eb7t n\u1ea1 d\u01b0\u1ee1ng da, gi\u00fap da s\u00e1ng kh\u1ecfe, m\u1ecbn m\u00e0ng v\u00e0 gi\u1ea3m m\u1ee5n.<\/li>\n<\/ul>\n<\/li>\n<\/ul>\n<h3><strong>\u1ee8ng D\u1ee5ng \u0110a D\u1ea1ng C\u1ee7a B\u1ed9t \u0110\u1eadu \u0111\u1ecf Huy\u1ebft R\u1ed3ng<\/strong><\/h3>\n<p><strong>Ch\u0103m s\u00f3c da b\u1eb1ng m\u1eb7t n\u1ea1 t\u1ef1 nhi\u00ean:<\/strong><\/p>\n<ul>\n<li style=\"list-style-type: none;\">\n<ul>\n<li>C\u00f4ng th\u1ee9c m\u1eb7t n\u1ea1 d\u01b0\u1ee1ng s\u00e1ng da: Tr\u1ed9n 2 th\u00eca b\u1ed9t \u0111\u1eadu huy\u1ebft r\u1ed3ng v\u1edbi s\u1eefa t\u01b0\u01a1i kh\u00f4ng \u0111\u01b0\u1eddng v\u00e0 m\u1eadt ong, thoa \u0111\u1ec1u l\u00ean m\u1eb7t, \u0111\u1ec3 trong 15-20 ph\u00fat r\u1ed3i r\u1eeda s\u1ea1ch.<\/li>\n<li>Gi\u00fap da s\u00e1ng m\u1ecbn, gi\u1ea3m th\u00e2m n\u00e1m v\u00e0 l\u00e0m m\u1edd n\u1ebfp nh\u0103n.<\/li>\n<\/ul>\n<\/li>\n<\/ul>\n<p><strong>Th\u1ee9c u\u1ed1ng dinh d\u01b0\u1ee1ng<\/strong><\/p>\n<ul>\n<li style=\"list-style-type: none;\">\n<ul>\n<li>Pha 2-3 th\u00eca b\u1ed9t \u0111\u1eadu huy\u1ebft r\u1ed3ng v\u1edbi n\u01b0\u1edbc \u1ea5m ho\u1eb7c s\u1eefa h\u1ea1t, th\u00eam ch\u00fat m\u1eadt ong ho\u1eb7c \u0111\u01b0\u1eddng th\u1ed1t n\u1ed1t \u0111\u1ec3 t\u0103ng h\u01b0\u01a1ng v\u1ecb.<\/li>\n<li>Th\u1ee9c u\u1ed1ng gi\u00fap thanh l\u1ecdc c\u01a1 th\u1ec3, cung c\u1ea5p n\u0103ng l\u01b0\u1ee3ng t\u1ef1 nhi\u00ean, \u0111\u1eb7c bi\u1ec7t t\u1ed1t cho b\u1eefa s\u00e1ng ho\u1eb7c sau khi t\u1eadp luy\u1ec7n.<\/li>\n<\/ul>\n<\/li>\n<\/ul>\n<p><strong>Cooking Ingredient<\/strong><\/p>\n<ul>\n<li style=\"list-style-type: none;\">\n<ul>\n<li>D\u00f9ng l\u00e0m nguy\u00ean li\u1ec7u cho c\u00e1c m\u00f3n b\u00e1nh, ch\u00e1o, s\u00fap, gi\u00fap t\u0103ng c\u01b0\u1eddng dinh d\u01b0\u1ee1ng v\u00e0 h\u01b0\u01a1ng v\u1ecb cho b\u1eefa \u0103n gia \u0111\u00ecnh.<\/li>\n<li>Th\u00edch h\u1ee3p \u0111\u1ec3 l\u00e0m c\u00e1c m\u00f3n \u0103n v\u1eb7t l\u00e0nh m\u1ea1nh cho tr\u1ebb em v\u00e0 ng\u01b0\u1eddi l\u1edbn.<\/li>\n<\/ul>\n<\/li>\n<\/ul>\n<blockquote><p>Xem th\u00eam nhi\u1ec1u s\u1ea3n ph\u1ea9m b\u1ed9t c\u1ee7a ch\u00fang t\u00f4i: <strong><a href=\"https:\/\/bamboovipfood.com\/en\/product-category\/freeze-dried-vegetable-powder\/\">https:\/\/bamboovipfood.com\/en\/product-category\/freeze-dried-vegetable-powder\/<\/a><\/strong><\/p><\/blockquote>\n<p><span style=\"color: #993300;\"><strong>Whether you are looking for retail purchases or wholesale distribution, please contact us for further assistance. Hotline: 0909 753 648<\/strong><\/span><\/p>","protected":false},"excerpt":{"rendered":"<p>B\u1ea1n \u0111ang t\u00ecm ki\u1ebfm m\u1ed9t gi\u1ea3i ph\u00e1p t\u1ef1 nhi\u00ean \u0111\u1ec3 c\u1ea3i thi\u1ec7n s\u1ee9c kh\u1ecfe v\u00e0 l\u00e0m \u0111\u1eb9p da? B\u1ed9t \u0111\u1eadu huy\u1ebft r\u1ed3ng s\u1ea5y th\u0103ng hoa ch\u00ednh l\u00e0 c\u00e2u tr\u1ea3 l\u1eddi b\u1ea1n \u0111ang t\u00ecm ki\u1ebfm! \u0110\u1eadu huy\u1ebft r\u1ed3ng, m\u1ed9t lo\u1ea1i \u0111\u1eadu \u0111\u1ecf qu\u00fd hi\u1ebfm, t\u1eeb l\u00e2u \u0111\u00e3 \u0111\u01b0\u1ee3c bi\u1ebft \u0111\u1ebfn v\u1edbi nh\u1eefng l\u1ee3i \u00edch tuy\u1ec7t v\u1eddi [&hellip;]<\/p>","protected":false},"featured_media":9383,"comment_status":"open","ping_status":"closed","template":"","meta":[],"product_cat":[238],"product_tag":[],"class_list":{"0":"post-9382","1":"product","2":"type-product","3":"status-publish","4":"has-post-thumbnail","6":"product_cat-bot-rau-cu-qua","8":"first","9":"instock","10":"shipping-taxable","11":"purchasable","12":"product-type-variable","13":"wvs-archive-product-wrapper"},"yoast_head":"<!-- This site is optimized with the Yoast SEO plugin v25.7 - https:\/\/yoast.com\/wordpress\/plugins\/seo\/ -->\n<title>B\u1ed9t \u0111\u1eadu \u0111\u1ecf huy\u1ebft r\u1ed3ng s\u1ea5y th\u0103ng hoa - Bamboo Freeze Drying<\/title>\n<meta name=\"robots\" content=\"index, follow, max-snippet:-1, max-image-preview:large, max-video-preview:-1\" \/>\n<link rel=\"canonical\" href=\"https:\/\/bamboovipfood.com\/en\/product\/dragon-blood-red-bean-powder\/\" \/>\n<meta property=\"og:locale\" content=\"en_US\" \/>\n<meta property=\"og:type\" content=\"article\" \/>\n<meta property=\"og:title\" content=\"B\u1ed9t \u0111\u1eadu \u0111\u1ecf huy\u1ebft r\u1ed3ng s\u1ea5y th\u0103ng hoa - Bamboo Freeze Drying\" \/>\n<meta property=\"og:description\" content=\"B\u1ea1n \u0111ang t\u00ecm ki\u1ebfm m\u1ed9t gi\u1ea3i ph\u00e1p t\u1ef1 nhi\u00ean \u0111\u1ec3 c\u1ea3i thi\u1ec7n s\u1ee9c kh\u1ecfe v\u00e0 l\u00e0m \u0111\u1eb9p da? B\u1ed9t \u0111\u1eadu huy\u1ebft r\u1ed3ng s\u1ea5y th\u0103ng hoa ch\u00ednh l\u00e0 c\u00e2u tr\u1ea3 l\u1eddi b\u1ea1n \u0111ang t\u00ecm ki\u1ebfm! \u0110\u1eadu huy\u1ebft r\u1ed3ng, m\u1ed9t lo\u1ea1i \u0111\u1eadu \u0111\u1ecf qu\u00fd hi\u1ebfm, t\u1eeb l\u00e2u \u0111\u00e3 \u0111\u01b0\u1ee3c bi\u1ebft \u0111\u1ebfn v\u1edbi nh\u1eefng l\u1ee3i \u00edch tuy\u1ec7t v\u1eddi [&hellip;]\" \/>\n<meta property=\"og:url\" content=\"https:\/\/bamboovipfood.com\/en\/product\/dragon-blood-red-bean-powder\/\" \/>\n<meta property=\"og:site_name\" content=\"Bamboo Freeze Drying\" \/>\n<meta property=\"article:modified_time\" content=\"2024-11-18T06:16:22+00:00\" \/>\n<meta property=\"og:image\" content=\"https:\/\/bamboovipfood.com\/wp-content\/uploads\/2024\/11\/bot-dau-do-huyet-rong-say-thang-hoa.jpg\" \/>\n\t<meta property=\"og:image:width\" content=\"750\" \/>\n\t<meta property=\"og:image:height\" content=\"750\" \/>\n\t<meta property=\"og:image:type\" content=\"image\/jpeg\" \/>\n<meta name=\"twitter:card\" content=\"summary_large_image\" \/>\n<meta name=\"twitter:label1\" content=\"Est. reading time\" \/>\n\t<meta name=\"twitter:data1\" content=\"5 minutes\" \/>\n<script type=\"application\/ld+json\" class=\"yoast-schema-graph\">{\"@context\":\"https:\/\/schema.org\",\"@graph\":[{\"@type\":\"WebPage\",\"@id\":\"https:\/\/bamboovipfood.com\/san-pham\/bot-dau-do-huyet-rong-say-thang-hoa\/\",\"url\":\"https:\/\/bamboovipfood.com\/san-pham\/bot-dau-do-huyet-rong-say-thang-hoa\/\",\"name\":\"B\u1ed9t \u0111\u1eadu \u0111\u1ecf huy\u1ebft r\u1ed3ng s\u1ea5y th\u0103ng hoa - Bamboo Freeze Drying\",\"isPartOf\":{\"@id\":\"https:\/\/bamboovipfood.com\/#website\"},\"primaryImageOfPage\":{\"@id\":\"https:\/\/bamboovipfood.com\/san-pham\/bot-dau-do-huyet-rong-say-thang-hoa\/#primaryimage\"},\"image\":{\"@id\":\"https:\/\/bamboovipfood.com\/san-pham\/bot-dau-do-huyet-rong-say-thang-hoa\/#primaryimage\"},\"thumbnailUrl\":\"https:\/\/bamboovipfood.com\/wp-content\/uploads\/2024\/11\/bot-dau-do-huyet-rong-say-thang-hoa.jpg\",\"datePublished\":\"2024-11-11T08:19:21+00:00\",\"dateModified\":\"2024-11-18T06:16:22+00:00\",\"breadcrumb\":{\"@id\":\"https:\/\/bamboovipfood.com\/san-pham\/bot-dau-do-huyet-rong-say-thang-hoa\/#breadcrumb\"},\"inLanguage\":\"en-US\",\"potentialAction\":[{\"@type\":\"ReadAction\",\"target\":[\"https:\/\/bamboovipfood.com\/san-pham\/bot-dau-do-huyet-rong-say-thang-hoa\/\"]}]},{\"@type\":\"ImageObject\",\"inLanguage\":\"en-US\",\"@id\":\"https:\/\/bamboovipfood.com\/san-pham\/bot-dau-do-huyet-rong-say-thang-hoa\/#primaryimage\",\"url\":\"https:\/\/bamboovipfood.com\/wp-content\/uploads\/2024\/11\/bot-dau-do-huyet-rong-say-thang-hoa.jpg\",\"contentUrl\":\"https:\/\/bamboovipfood.com\/wp-content\/uploads\/2024\/11\/bot-dau-do-huyet-rong-say-thang-hoa.jpg\",\"width\":750,\"height\":750},{\"@type\":\"BreadcrumbList\",\"@id\":\"https:\/\/bamboovipfood.com\/san-pham\/bot-dau-do-huyet-rong-say-thang-hoa\/#breadcrumb\",\"itemListElement\":[{\"@type\":\"ListItem\",\"position\":1,\"name\":\"Trang ch\u1ee7\",\"item\":\"https:\/\/bamboovipfood.com\/\"},{\"@type\":\"ListItem\",\"position\":2,\"name\":\"Shop\",\"item\":\"https:\/\/bamboovipfood.com\/shop\/\"},{\"@type\":\"ListItem\",\"position\":3,\"name\":\"B\u1ed9t \u0111\u1eadu \u0111\u1ecf huy\u1ebft r\u1ed3ng s\u1ea5y th\u0103ng hoa\"}]},{\"@type\":\"WebSite\",\"@id\":\"https:\/\/bamboovipfood.com\/#website\",\"url\":\"https:\/\/bamboovipfood.com\/\",\"name\":\"Bamboo Freeze Drying\",\"description\":\"Nh\u00e0 cung \u1ee9ng s\u1ea3n ph\u1ea9m s\u1ea5y th\u0103ng hoa h\u00e0ng \u0111\u1ea7u\",\"publisher\":{\"@id\":\"https:\/\/bamboovipfood.com\/#organization\"},\"potentialAction\":[{\"@type\":\"SearchAction\",\"target\":{\"@type\":\"EntryPoint\",\"urlTemplate\":\"https:\/\/bamboovipfood.com\/?s={search_term_string}\"},\"query-input\":{\"@type\":\"PropertyValueSpecification\",\"valueRequired\":true,\"valueName\":\"search_term_string\"}}],\"inLanguage\":\"en-US\"},{\"@type\":\"Organization\",\"@id\":\"https:\/\/bamboovipfood.com\/#organization\",\"name\":\"Bamboo Freeze Drying\",\"url\":\"https:\/\/bamboovipfood.com\/\",\"logo\":{\"@type\":\"ImageObject\",\"inLanguage\":\"en-US\",\"@id\":\"https:\/\/bamboovipfood.com\/#\/schema\/logo\/image\/\",\"url\":\"https:\/\/bamboovipfood.com\/wp-content\/uploads\/2020\/08\/Logo-Bamboo-Freeze-Dry-Dark.png\",\"contentUrl\":\"https:\/\/bamboovipfood.com\/wp-content\/uploads\/2020\/08\/Logo-Bamboo-Freeze-Dry-Dark.png\",\"width\":500,\"height\":189,\"caption\":\"Bamboo Freeze Drying\"},\"image\":{\"@id\":\"https:\/\/bamboovipfood.com\/#\/schema\/logo\/image\/\"}}]}<\/script>\n<!-- \/ Yoast SEO plugin. -->","yoast_head_json":{"title":"B\u1ed9t \u0111\u1eadu \u0111\u1ecf huy\u1ebft r\u1ed3ng s\u1ea5y th\u0103ng hoa - Bamboo Freeze Drying","robots":{"index":"index","follow":"follow","max-snippet":"max-snippet:-1","max-image-preview":"max-image-preview:large","max-video-preview":"max-video-preview:-1"},"canonical":"https:\/\/bamboovipfood.com\/en\/product\/dragon-blood-red-bean-powder\/","og_locale":"en_US","og_type":"article","og_title":"B\u1ed9t \u0111\u1eadu \u0111\u1ecf huy\u1ebft r\u1ed3ng s\u1ea5y th\u0103ng hoa - Bamboo Freeze Drying","og_description":"B\u1ea1n \u0111ang t\u00ecm ki\u1ebfm m\u1ed9t gi\u1ea3i ph\u00e1p t\u1ef1 nhi\u00ean \u0111\u1ec3 c\u1ea3i thi\u1ec7n s\u1ee9c kh\u1ecfe v\u00e0 l\u00e0m \u0111\u1eb9p da? B\u1ed9t \u0111\u1eadu huy\u1ebft r\u1ed3ng s\u1ea5y th\u0103ng hoa ch\u00ednh l\u00e0 c\u00e2u tr\u1ea3 l\u1eddi b\u1ea1n \u0111ang t\u00ecm ki\u1ebfm! \u0110\u1eadu huy\u1ebft r\u1ed3ng, m\u1ed9t lo\u1ea1i \u0111\u1eadu \u0111\u1ecf qu\u00fd hi\u1ebfm, t\u1eeb l\u00e2u \u0111\u00e3 \u0111\u01b0\u1ee3c bi\u1ebft \u0111\u1ebfn v\u1edbi nh\u1eefng l\u1ee3i \u00edch tuy\u1ec7t v\u1eddi [&hellip;]","og_url":"https:\/\/bamboovipfood.com\/en\/product\/dragon-blood-red-bean-powder\/","og_site_name":"Bamboo Freeze Drying","article_modified_time":"2024-11-18T06:16:22+00:00","og_image":[{"width":750,"height":750,"url":"https:\/\/bamboovipfood.com\/wp-content\/uploads\/2024\/11\/bot-dau-do-huyet-rong-say-thang-hoa.jpg","type":"image\/jpeg"}],"twitter_card":"summary_large_image","twitter_misc":{"Est. reading time":"5 minutes"},"schema":{"@context":"https:\/\/schema.org","@graph":[{"@type":"WebPage","@id":"https:\/\/bamboovipfood.com\/san-pham\/bot-dau-do-huyet-rong-say-thang-hoa\/","url":"https:\/\/bamboovipfood.com\/san-pham\/bot-dau-do-huyet-rong-say-thang-hoa\/","name":"B\u1ed9t \u0111\u1eadu \u0111\u1ecf huy\u1ebft r\u1ed3ng s\u1ea5y th\u0103ng hoa - Bamboo Freeze Drying","isPartOf":{"@id":"https:\/\/bamboovipfood.com\/#website"},"primaryImageOfPage":{"@id":"https:\/\/bamboovipfood.com\/san-pham\/bot-dau-do-huyet-rong-say-thang-hoa\/#primaryimage"},"image":{"@id":"https:\/\/bamboovipfood.com\/san-pham\/bot-dau-do-huyet-rong-say-thang-hoa\/#primaryimage"},"thumbnailUrl":"https:\/\/bamboovipfood.com\/wp-content\/uploads\/2024\/11\/bot-dau-do-huyet-rong-say-thang-hoa.jpg","datePublished":"2024-11-11T08:19:21+00:00","dateModified":"2024-11-18T06:16:22+00:00","breadcrumb":{"@id":"https:\/\/bamboovipfood.com\/san-pham\/bot-dau-do-huyet-rong-say-thang-hoa\/#breadcrumb"},"inLanguage":"en-US","potentialAction":[{"@type":"ReadAction","target":["https:\/\/bamboovipfood.com\/san-pham\/bot-dau-do-huyet-rong-say-thang-hoa\/"]}]},{"@type":"ImageObject","inLanguage":"en-US","@id":"https:\/\/bamboovipfood.com\/san-pham\/bot-dau-do-huyet-rong-say-thang-hoa\/#primaryimage","url":"https:\/\/bamboovipfood.com\/wp-content\/uploads\/2024\/11\/bot-dau-do-huyet-rong-say-thang-hoa.jpg","contentUrl":"https:\/\/bamboovipfood.com\/wp-content\/uploads\/2024\/11\/bot-dau-do-huyet-rong-say-thang-hoa.jpg","width":750,"height":750},{"@type":"BreadcrumbList","@id":"https:\/\/bamboovipfood.com\/san-pham\/bot-dau-do-huyet-rong-say-thang-hoa\/#breadcrumb","itemListElement":[{"@type":"ListItem","position":1,"name":"Trang ch\u1ee7","item":"https:\/\/bamboovipfood.com\/"},{"@type":"ListItem","position":2,"name":"Shop","item":"https:\/\/bamboovipfood.com\/shop\/"},{"@type":"ListItem","position":3,"name":"B\u1ed9t \u0111\u1eadu \u0111\u1ecf huy\u1ebft r\u1ed3ng s\u1ea5y th\u0103ng hoa"}]},{"@type":"WebSite","@id":"https:\/\/bamboovipfood.com\/#website","url":"https:\/\/bamboovipfood.com\/","name":"Bamboo Freeze Drying","description":"Nh\u00e0 cung \u1ee9ng s\u1ea3n ph\u1ea9m s\u1ea5y th\u0103ng hoa h\u00e0ng \u0111\u1ea7u","publisher":{"@id":"https:\/\/bamboovipfood.com\/#organization"},"potentialAction":[{"@type":"SearchAction","target":{"@type":"EntryPoint","urlTemplate":"https:\/\/bamboovipfood.com\/?s={search_term_string}"},"query-input":{"@type":"PropertyValueSpecification","valueRequired":true,"valueName":"search_term_string"}}],"inLanguage":"en-US"},{"@type":"Organization","@id":"https:\/\/bamboovipfood.com\/#organization","name":"Bamboo Freeze Drying","url":"https:\/\/bamboovipfood.com\/","logo":{"@type":"ImageObject","inLanguage":"en-US","@id":"https:\/\/bamboovipfood.com\/#\/schema\/logo\/image\/","url":"https:\/\/bamboovipfood.com\/wp-content\/uploads\/2020\/08\/Logo-Bamboo-Freeze-Dry-Dark.png","contentUrl":"https:\/\/bamboovipfood.com\/wp-content\/uploads\/2020\/08\/Logo-Bamboo-Freeze-Dry-Dark.png","width":500,"height":189,"caption":"Bamboo Freeze Drying"},"image":{"@id":"https:\/\/bamboovipfood.com\/#\/schema\/logo\/image\/"}}]}},"_links":{"self":[{"href":"https:\/\/bamboovipfood.com\/en\/wp-json\/wp\/v2\/product\/9382","targetHints":{"allow":["GET"]}}],"collection":[{"href":"https:\/\/bamboovipfood.com\/en\/wp-json\/wp\/v2\/product"}],"about":[{"href":"https:\/\/bamboovipfood.com\/en\/wp-json\/wp\/v2\/types\/product"}],"replies":[{"embeddable":true,"href":"https:\/\/bamboovipfood.com\/en\/wp-json\/wp\/v2\/comments?post=9382"}],"wp:featuredmedia":[{"embeddable":true,"href":"https:\/\/bamboovipfood.com\/en\/wp-json\/wp\/v2\/media\/9383"}],"wp:attachment":[{"href":"https:\/\/bamboovipfood.com\/en\/wp-json\/wp\/v2\/media?parent=9382"}],"wp:term":[{"taxonomy":"product_cat","embeddable":true,"href":"https:\/\/bamboovipfood.com\/en\/wp-json\/wp\/v2\/product_cat?post=9382"},{"taxonomy":"product_tag","embeddable":true,"href":"https:\/\/bamboovipfood.com\/en\/wp-json\/wp\/v2\/product_tag?post=9382"}],"curies":[{"name":"wp","href":"https:\/\/api.w.org\/{rel}","templated":true}]}}