{"id":9129,"date":"2024-11-07T03:33:29","date_gmt":"2024-11-07T03:33:29","guid":{"rendered":"https:\/\/bamboovipfood.com\/?post_type=product&#038;p=9129"},"modified":"2024-11-18T06:24:59","modified_gmt":"2024-11-18T06:24:59","slug":"bot-dau-nanh-nguyen-chat","status":"publish","type":"product","link":"https:\/\/bamboovipfood.com\/en\/product\/pure-freeze-dried-soybean-powder\/","title":{"rendered":"Freeze-Dried Pure Soybean Powder"},"content":{"rendered":"<ul>\n<li><em>Ngu\u1ed3n g\u1ed1c: \u0110\u01b0\u1ee3c tuy\u1ec3n ch\u1ecdn t\u1eeb nh\u1eefng h\u1ea1t \u0111\u1eadu n\u00e0nh \u0111\u1eb9p, ch\u1ea5t l\u01b0\u1ee3ng cao kh\u00f4ng t\u1ea1p ch\u1ea5t. \u0110\u1eadu \u0111\u01b0\u1ee3c r\u1eeda s\u1ea1ch, h\u1ea5p, c\u1ea5p \u0111\u00f4ng sau \u0111\u00f3 s\u1ea5y b\u1eb1ng ph\u01b0\u01a1ng ph\u00e1p th\u0103ng hoa<\/em><\/li>\n<li><em>B\u1ed9t c\u00f3 m\u00e0u v\u00e0ng nh\u1ea1t, m\u1ecbn l\u1ecdt r\u00e2y 70 mesh, m\u00f9i th\u01a1m ng\u1ecdt \u0111\u1eadu n\u00e0nh<\/em><\/li>\n<li><em>H\u00e0m l\u01b0\u1ee3ng dinh d\u01b0\u1ee1ng: cao, ch\u1ee9a nhi\u1ec1u protein v\u00e0 ch\u1ea5t x\u01a1 \u0111\u01b0\u1ee3c b\u1ea3o to\u00e0n 100%<\/em><\/li>\n<li><em>C\u00f4ng d\u1ee5ng: l\u1ef1a ch\u1ecdn t\u1ed1t cho ng\u01b0\u1eddi \u0103n chay v\u00e0 ng\u01b0\u1eddi mu\u1ed1n gi\u1ea3m c\u00e2n, d\u00f9ng trong n\u1ea5u \u0103n, c\u00e1c s\u1ea3n ph\u1ea9m l\u00e0m \u0111\u1eb9p da, t\u0103ng v\u00f2ng 1<\/em><\/li>\n<\/ul>\n<p><a href=\"https:\/\/bamboovipfood.com\/en\/product\/pure-freeze-dried-soybean-powder\/\"><strong>B\u1ed9t \u0110\u1eadu N\u00e0nh S\u1ea5y Th\u0103ng Hoa<\/strong><\/a> ra \u0111\u1eddi &#8211; m\u1ed9t gi\u1ea3i ph\u00e1p ho\u00e0n h\u1ea3o cho nh\u1eefng ai mong mu\u1ed1n b\u1ed5 sung d\u01b0\u1ee1ng ch\u1ea5t t\u1ef1 nhi\u00ean v\u00e0o ch\u1ebf \u0111\u1ed9 \u0103n h\u00e0ng ng\u00e0y. S\u1ea3n ph\u1ea9m kh\u00f4ng ch\u1ec9 gi\u1eef nguy\u00ean h\u01b0\u01a1ng v\u1ecb th\u01a1m ngon \u0111\u1eb7c tr\u01b0ng c\u1ee7a h\u1ea1t \u0111\u1eadu n\u00e0nh m\u00e0 c\u00f2n \u00e1p d\u1ee5ng c\u00f4ng ngh\u1ec7 s\u1ea5y th\u0103ng hoa ti\u00ean ti\u1ebfn, gi\u00fap b\u1ea3o to\u00e0n g\u1ea7n nh\u01b0 to\u00e0n b\u1ed9 d\u01b0\u1ee1ng ch\u1ea5t qu\u00fd gi\u00e1. \u0110\u01b0\u1ee3c s\u1ea3n xu\u1ea5t t\u1eeb 100% \u0111\u1eadu n\u00e0nh tuy\u1ec3n ch\u1ecdn, b\u1ed9t \u0111\u1eadu n\u00e0nh s\u1ea5y th\u0103ng hoa l\u00e0 m\u1ed9t l\u1ef1a ch\u1ecdn l\u00fd t\u01b0\u1edfng cho nh\u1eefng ai \u0111ang t\u00ecm ki\u1ebfm m\u1ed9t lo\u1ea1i th\u1ef1c ph\u1ea9m gi\u00e0u protein, ch\u1ea5t x\u01a1 v\u00e0 c\u00e1c vi ch\u1ea5t thi\u1ebft y\u1ebfu.<\/p>\n<h3><strong>\u0110i\u1ec3m n\u1ed5i b\u1eadt c\u1ee7a s\u1ea3n ph\u1ea9m<\/strong><\/h3>\n<ul>\n<li>Gi\u1eef nguy\u00ean d\u01b0\u1ee1ng ch\u1ea5t: C\u00f4ng ngh\u1ec7 s\u1ea5y th\u0103ng hoa gi\u00fap b\u1ea3o to\u00e0n vitamin, kho\u00e1ng ch\u1ea5t v\u00e0 c\u00e1c h\u1ee3p ch\u1ea5t ch\u1ed1ng oxy h\u00f3a t\u1eeb h\u1ea1t \u0111\u1eadu n\u00e0nh.<\/li>\n<li>Kh\u00f4ng ch\u1ea5t b\u1ea3o qu\u1ea3n: S\u1ea3n ph\u1ea9m ho\u00e0n to\u00e0n t\u1eeb 100% h\u1ea1t \u0111\u1eadu n\u00e0nh t\u1ef1 nhi\u00ean, kh\u00f4ng ch\u1ee9a ch\u1ea5t b\u1ea3o qu\u1ea3n hay ph\u1ee5 gia, nh\u01b0ng do \u0111\u01b0\u1ee3c s\u1ea5y th\u0103ng hoa \u0111\u1eb7c bi\u1ec7t n\u00ean th\u1eddi gian b\u1ea3o qu\u1ea3n c\u00f3 th\u1ec3 l\u00ean \u0111\u1ebfn 12 th\u00e1ng.<\/li>\n<li>H\u01b0\u01a1ng v\u1ecb th\u01a1m ngon: V\u1ecb ng\u1ecdt t\u1ef1 nhi\u00ean v\u00e0 m\u00f9i th\u01a1m \u0111\u1eb7c tr\u01b0ng c\u1ee7a \u0111\u1eadu n\u00e0nh nguy\u00ean ch\u1ea5t.<\/li>\n<li>\u0110a d\u1ea1ng c\u00e1ch s\u1eed d\u1ee5ng: C\u00f3 th\u1ec3 d\u00f9ng tr\u1ef1c ti\u1ebfp ho\u1eb7c k\u1ebft h\u1ee3p trong c\u00e1c m\u00f3n \u0103n nh\u01b0 sinh t\u1ed1, ch\u00e1o, b\u00e1nh, ho\u1eb7c pha ch\u1ebf \u0111\u1ed3 u\u1ed1ng dinh d\u01b0\u1ee1ng.<\/li>\n<\/ul>\n<h3><strong>L\u1ee3i \u00edch c\u1ee7a B\u1ed9t \u0110\u1eadu N\u00e0nh S\u1ea5y Th\u0103ng Hoa<\/strong><\/h3>\n<ul>\n<li>T\u0103ng c\u01b0\u1eddng s\u1ee9c \u0111\u1ec1 kh\u00e1ng: B\u1ed9t \u0111\u1eadu n\u00e0nh gi\u00e0u protein, gi\u00fap c\u01a1 th\u1ec3 kh\u1ecfe m\u1ea1nh v\u00e0 n\u0103ng l\u01b0\u1ee3ng d\u1ed3i d\u00e0o.<\/li>\n<li>H\u1ed7 tr\u1ee3 h\u1ec7 ti\u00eau h\u00f3a: Ch\u1ee9a nhi\u1ec1u ch\u1ea5t x\u01a1 gi\u00fap c\u1ea3i thi\u1ec7n ch\u1ee9c n\u0103ng ti\u00eau h\u00f3a, ng\u0103n ng\u1eeba t\u00e1o b\u00f3n.<\/li>\n<li>T\u1ed1t cho tim m\u1ea1ch: Gi\u1ea3m cholesterol x\u1ea5u nh\u1edd v\u00e0o c\u00e1c isoflavone, t\u1eeb \u0111\u00f3 gi\u1ea3m nguy c\u01a1 m\u1eafc c\u00e1c b\u1ec7nh tim m\u1ea1ch.<\/li>\n<li>C\u1ea3i thi\u1ec7n l\u00e0n da: Cung c\u1ea5p vitamin E v\u00e0 c\u00e1c ch\u1ea5t ch\u1ed1ng oxy h\u00f3a, gi\u00fap l\u00e0n da t\u01b0\u01a1i tr\u1ebb, c\u0103ng m\u1ecbn.<\/li>\n<li>H\u1ed7 tr\u1ee3 gi\u1ea3m c\u00e2n: Th\u00edch h\u1ee3p cho ch\u1ebf \u0111\u1ed9 \u0103n ki\u00eang nh\u1edd \u00edt calo, gi\u00fap b\u1ea1n ki\u1ec3m so\u00e1t c\u00e2n n\u1eb7ng hi\u1ec7u qu\u1ea3.<\/li>\n<\/ul>\n<h3><strong>M\u1ed9t s\u1ed1 h<\/strong><strong>\u01b0\u1edbng d\u1eabn s\u1eed d\u1ee5ng<\/strong><\/h3>\n<ul>\n<li><strong>Pha \u0111\u1ed3 u\u1ed1ng<\/strong>: L\u1ea5y 2-3 th\u00eca c\u00e0 ph\u00ea b\u1ed9t \u0111\u1eadu n\u00e0nh h\u00f2a tan trong 200ml n\u01b0\u1edbc \u1ea5m, khu\u1ea5y \u0111\u1ec1u v\u00e0 th\u01b0\u1edfng th\u1ee9c.<\/li>\n<li><strong>L\u00e0m sinh t\u1ed1<\/strong>: K\u1ebft h\u1ee3p b\u1ed9t \u0111\u1eadu n\u00e0nh v\u1edbi tr\u00e1i c\u00e2y t\u01b0\u01a1i, s\u1eefa chua \u0111\u1ec3 t\u1ea1o n\u00ean m\u1ed9t ly sinh t\u1ed1 gi\u00e0u dinh d\u01b0\u1ee1ng.<\/li>\n<li><strong>N\u1ea5u \u0103n<\/strong>: D\u00f9ng l\u00e0m nguy\u00ean li\u1ec7u cho c\u00e1c m\u00f3n ch\u00e1o, s\u00fap, b\u00e1nh n\u01b0\u1edbng ho\u1eb7c l\u00e0m n\u01b0\u1edbc s\u1ed1t.<\/li>\n<\/ul>\n<blockquote><p>Explore more of our powder products: <strong><a href=\"https:\/\/bamboovipfood.com\/en\/product-category\/freeze-dried-vegetable-powder\/\">https:\/\/bamboovipfood.com\/en\/product-category\/freeze-dried-vegetable-powder\/<\/a><\/strong><\/p><\/blockquote>\n<p><span style=\"color: #993300;\"><strong>Whether you are looking for retail purchases or wholesale distribution, please contact us for further assistance. Hotline: 0909 753 648<\/strong><\/span><\/p>","protected":false},"excerpt":{"rendered":"<p>Ngu\u1ed3n g\u1ed1c: \u0110\u01b0\u1ee3c tuy\u1ec3n ch\u1ecdn t\u1eeb nh\u1eefng h\u1ea1t \u0111\u1eadu n\u00e0nh \u0111\u1eb9p, ch\u1ea5t l\u01b0\u1ee3ng cao kh\u00f4ng t\u1ea1p ch\u1ea5t. \u0110\u1eadu \u0111\u01b0\u1ee3c r\u1eeda s\u1ea1ch, h\u1ea5p, c\u1ea5p \u0111\u00f4ng sau \u0111\u00f3 s\u1ea5y b\u1eb1ng ph\u01b0\u01a1ng ph\u00e1p th\u0103ng hoa B\u1ed9t c\u00f3 m\u00e0u v\u00e0ng nh\u1ea1t, m\u1ecbn l\u1ecdt r\u00e2y 70 mesh, m\u00f9i th\u01a1m ng\u1ecdt \u0111\u1eadu n\u00e0nh H\u00e0m l\u01b0\u1ee3ng dinh d\u01b0\u1ee1ng: cao, ch\u1ee9a nhi\u1ec1u protein [&hellip;]<\/p>","protected":false},"featured_media":9330,"comment_status":"open","ping_status":"closed","template":"","meta":[],"product_cat":[238],"product_tag":[],"class_list":{"0":"post-9129","1":"product","2":"type-product","3":"status-publish","4":"has-post-thumbnail","6":"product_cat-bot-rau-cu-qua","8":"first","9":"instock","10":"shipping-taxable","11":"purchasable","12":"product-type-variable","13":"wvs-archive-product-wrapper"},"yoast_head":"<!-- This site is optimized with the Yoast SEO plugin v25.7 - https:\/\/yoast.com\/wordpress\/plugins\/seo\/ -->\n<title>B\u1ed9t \u0111\u1eadu n\u00e0nh nguy\u00ean ch\u1ea5t s\u1ea5y th\u0103ng hoa - Bamboo Freeze Drying<\/title>\n<meta name=\"robots\" content=\"index, follow, max-snippet:-1, max-image-preview:large, max-video-preview:-1\" \/>\n<link rel=\"canonical\" href=\"https:\/\/bamboovipfood.com\/en\/product\/pure-freeze-dried-soybean-powder\/\" \/>\n<meta property=\"og:locale\" content=\"en_US\" \/>\n<meta property=\"og:type\" content=\"article\" \/>\n<meta property=\"og:title\" content=\"B\u1ed9t \u0111\u1eadu n\u00e0nh nguy\u00ean ch\u1ea5t s\u1ea5y th\u0103ng hoa - Bamboo Freeze Drying\" \/>\n<meta property=\"og:description\" content=\"Ngu\u1ed3n g\u1ed1c: \u0110\u01b0\u1ee3c tuy\u1ec3n ch\u1ecdn t\u1eeb nh\u1eefng h\u1ea1t \u0111\u1eadu n\u00e0nh \u0111\u1eb9p, ch\u1ea5t l\u01b0\u1ee3ng cao kh\u00f4ng t\u1ea1p ch\u1ea5t. \u0110\u1eadu \u0111\u01b0\u1ee3c r\u1eeda s\u1ea1ch, h\u1ea5p, c\u1ea5p \u0111\u00f4ng sau \u0111\u00f3 s\u1ea5y b\u1eb1ng ph\u01b0\u01a1ng ph\u00e1p th\u0103ng hoa B\u1ed9t c\u00f3 m\u00e0u v\u00e0ng nh\u1ea1t, m\u1ecbn l\u1ecdt r\u00e2y 70 mesh, m\u00f9i th\u01a1m ng\u1ecdt \u0111\u1eadu n\u00e0nh H\u00e0m l\u01b0\u1ee3ng dinh d\u01b0\u1ee1ng: cao, ch\u1ee9a nhi\u1ec1u protein [&hellip;]\" \/>\n<meta property=\"og:url\" content=\"https:\/\/bamboovipfood.com\/en\/product\/pure-freeze-dried-soybean-powder\/\" \/>\n<meta property=\"og:site_name\" content=\"Bamboo Freeze Drying\" \/>\n<meta property=\"article:modified_time\" content=\"2024-11-18T06:24:59+00:00\" \/>\n<meta property=\"og:image\" content=\"https:\/\/bamboovipfood.com\/wp-content\/uploads\/2024\/10\/dau-nanh-nguyen-chat-say-thang-hoa.jpg\" \/>\n\t<meta property=\"og:image:width\" content=\"750\" \/>\n\t<meta property=\"og:image:height\" content=\"750\" \/>\n\t<meta property=\"og:image:type\" content=\"image\/jpeg\" \/>\n<meta name=\"twitter:card\" content=\"summary_large_image\" \/>\n<meta name=\"twitter:label1\" content=\"Est. reading time\" \/>\n\t<meta name=\"twitter:data1\" content=\"4 minutes\" \/>\n<script type=\"application\/ld+json\" class=\"yoast-schema-graph\">{\"@context\":\"https:\/\/schema.org\",\"@graph\":[{\"@type\":\"WebPage\",\"@id\":\"https:\/\/bamboovipfood.com\/san-pham\/bot-dau-nanh-nguyen-chat\/\",\"url\":\"https:\/\/bamboovipfood.com\/san-pham\/bot-dau-nanh-nguyen-chat\/\",\"name\":\"B\u1ed9t \u0111\u1eadu n\u00e0nh nguy\u00ean ch\u1ea5t s\u1ea5y th\u0103ng hoa - Bamboo Freeze Drying\",\"isPartOf\":{\"@id\":\"https:\/\/bamboovipfood.com\/#website\"},\"primaryImageOfPage\":{\"@id\":\"https:\/\/bamboovipfood.com\/san-pham\/bot-dau-nanh-nguyen-chat\/#primaryimage\"},\"image\":{\"@id\":\"https:\/\/bamboovipfood.com\/san-pham\/bot-dau-nanh-nguyen-chat\/#primaryimage\"},\"thumbnailUrl\":\"https:\/\/bamboovipfood.com\/wp-content\/uploads\/2024\/10\/dau-nanh-nguyen-chat-say-thang-hoa.jpg\",\"datePublished\":\"2024-11-07T03:33:29+00:00\",\"dateModified\":\"2024-11-18T06:24:59+00:00\",\"breadcrumb\":{\"@id\":\"https:\/\/bamboovipfood.com\/san-pham\/bot-dau-nanh-nguyen-chat\/#breadcrumb\"},\"inLanguage\":\"en-US\",\"potentialAction\":[{\"@type\":\"ReadAction\",\"target\":[\"https:\/\/bamboovipfood.com\/san-pham\/bot-dau-nanh-nguyen-chat\/\"]}]},{\"@type\":\"ImageObject\",\"inLanguage\":\"en-US\",\"@id\":\"https:\/\/bamboovipfood.com\/san-pham\/bot-dau-nanh-nguyen-chat\/#primaryimage\",\"url\":\"https:\/\/bamboovipfood.com\/wp-content\/uploads\/2024\/10\/dau-nanh-nguyen-chat-say-thang-hoa.jpg\",\"contentUrl\":\"https:\/\/bamboovipfood.com\/wp-content\/uploads\/2024\/10\/dau-nanh-nguyen-chat-say-thang-hoa.jpg\",\"width\":750,\"height\":750},{\"@type\":\"BreadcrumbList\",\"@id\":\"https:\/\/bamboovipfood.com\/san-pham\/bot-dau-nanh-nguyen-chat\/#breadcrumb\",\"itemListElement\":[{\"@type\":\"ListItem\",\"position\":1,\"name\":\"Trang ch\u1ee7\",\"item\":\"https:\/\/bamboovipfood.com\/\"},{\"@type\":\"ListItem\",\"position\":2,\"name\":\"Shop\",\"item\":\"https:\/\/bamboovipfood.com\/shop\/\"},{\"@type\":\"ListItem\",\"position\":3,\"name\":\"B\u1ed9t \u0111\u1eadu n\u00e0nh nguy\u00ean ch\u1ea5t s\u1ea5y th\u0103ng hoa\"}]},{\"@type\":\"WebSite\",\"@id\":\"https:\/\/bamboovipfood.com\/#website\",\"url\":\"https:\/\/bamboovipfood.com\/\",\"name\":\"Bamboo Freeze Drying\",\"description\":\"Nh\u00e0 cung \u1ee9ng s\u1ea3n ph\u1ea9m s\u1ea5y th\u0103ng hoa h\u00e0ng \u0111\u1ea7u\",\"publisher\":{\"@id\":\"https:\/\/bamboovipfood.com\/#organization\"},\"potentialAction\":[{\"@type\":\"SearchAction\",\"target\":{\"@type\":\"EntryPoint\",\"urlTemplate\":\"https:\/\/bamboovipfood.com\/?s={search_term_string}\"},\"query-input\":{\"@type\":\"PropertyValueSpecification\",\"valueRequired\":true,\"valueName\":\"search_term_string\"}}],\"inLanguage\":\"en-US\"},{\"@type\":\"Organization\",\"@id\":\"https:\/\/bamboovipfood.com\/#organization\",\"name\":\"Bamboo Freeze Drying\",\"url\":\"https:\/\/bamboovipfood.com\/\",\"logo\":{\"@type\":\"ImageObject\",\"inLanguage\":\"en-US\",\"@id\":\"https:\/\/bamboovipfood.com\/#\/schema\/logo\/image\/\",\"url\":\"https:\/\/bamboovipfood.com\/wp-content\/uploads\/2020\/08\/Logo-Bamboo-Freeze-Dry-Dark.png\",\"contentUrl\":\"https:\/\/bamboovipfood.com\/wp-content\/uploads\/2020\/08\/Logo-Bamboo-Freeze-Dry-Dark.png\",\"width\":500,\"height\":189,\"caption\":\"Bamboo Freeze Drying\"},\"image\":{\"@id\":\"https:\/\/bamboovipfood.com\/#\/schema\/logo\/image\/\"}}]}<\/script>\n<!-- \/ Yoast SEO plugin. -->","yoast_head_json":{"title":"B\u1ed9t \u0111\u1eadu n\u00e0nh nguy\u00ean ch\u1ea5t s\u1ea5y th\u0103ng hoa - Bamboo Freeze Drying","robots":{"index":"index","follow":"follow","max-snippet":"max-snippet:-1","max-image-preview":"max-image-preview:large","max-video-preview":"max-video-preview:-1"},"canonical":"https:\/\/bamboovipfood.com\/en\/product\/pure-freeze-dried-soybean-powder\/","og_locale":"en_US","og_type":"article","og_title":"B\u1ed9t \u0111\u1eadu n\u00e0nh nguy\u00ean ch\u1ea5t s\u1ea5y th\u0103ng hoa - Bamboo Freeze Drying","og_description":"Ngu\u1ed3n g\u1ed1c: \u0110\u01b0\u1ee3c tuy\u1ec3n ch\u1ecdn t\u1eeb nh\u1eefng h\u1ea1t \u0111\u1eadu n\u00e0nh \u0111\u1eb9p, ch\u1ea5t l\u01b0\u1ee3ng cao kh\u00f4ng t\u1ea1p ch\u1ea5t. \u0110\u1eadu \u0111\u01b0\u1ee3c r\u1eeda s\u1ea1ch, h\u1ea5p, c\u1ea5p \u0111\u00f4ng sau \u0111\u00f3 s\u1ea5y b\u1eb1ng ph\u01b0\u01a1ng ph\u00e1p th\u0103ng hoa B\u1ed9t c\u00f3 m\u00e0u v\u00e0ng nh\u1ea1t, m\u1ecbn l\u1ecdt r\u00e2y 70 mesh, m\u00f9i th\u01a1m ng\u1ecdt \u0111\u1eadu n\u00e0nh H\u00e0m l\u01b0\u1ee3ng dinh d\u01b0\u1ee1ng: cao, ch\u1ee9a nhi\u1ec1u protein [&hellip;]","og_url":"https:\/\/bamboovipfood.com\/en\/product\/pure-freeze-dried-soybean-powder\/","og_site_name":"Bamboo Freeze Drying","article_modified_time":"2024-11-18T06:24:59+00:00","og_image":[{"width":750,"height":750,"url":"https:\/\/bamboovipfood.com\/wp-content\/uploads\/2024\/10\/dau-nanh-nguyen-chat-say-thang-hoa.jpg","type":"image\/jpeg"}],"twitter_card":"summary_large_image","twitter_misc":{"Est. reading time":"4 minutes"},"schema":{"@context":"https:\/\/schema.org","@graph":[{"@type":"WebPage","@id":"https:\/\/bamboovipfood.com\/san-pham\/bot-dau-nanh-nguyen-chat\/","url":"https:\/\/bamboovipfood.com\/san-pham\/bot-dau-nanh-nguyen-chat\/","name":"B\u1ed9t \u0111\u1eadu n\u00e0nh nguy\u00ean ch\u1ea5t s\u1ea5y th\u0103ng hoa - Bamboo Freeze Drying","isPartOf":{"@id":"https:\/\/bamboovipfood.com\/#website"},"primaryImageOfPage":{"@id":"https:\/\/bamboovipfood.com\/san-pham\/bot-dau-nanh-nguyen-chat\/#primaryimage"},"image":{"@id":"https:\/\/bamboovipfood.com\/san-pham\/bot-dau-nanh-nguyen-chat\/#primaryimage"},"thumbnailUrl":"https:\/\/bamboovipfood.com\/wp-content\/uploads\/2024\/10\/dau-nanh-nguyen-chat-say-thang-hoa.jpg","datePublished":"2024-11-07T03:33:29+00:00","dateModified":"2024-11-18T06:24:59+00:00","breadcrumb":{"@id":"https:\/\/bamboovipfood.com\/san-pham\/bot-dau-nanh-nguyen-chat\/#breadcrumb"},"inLanguage":"en-US","potentialAction":[{"@type":"ReadAction","target":["https:\/\/bamboovipfood.com\/san-pham\/bot-dau-nanh-nguyen-chat\/"]}]},{"@type":"ImageObject","inLanguage":"en-US","@id":"https:\/\/bamboovipfood.com\/san-pham\/bot-dau-nanh-nguyen-chat\/#primaryimage","url":"https:\/\/bamboovipfood.com\/wp-content\/uploads\/2024\/10\/dau-nanh-nguyen-chat-say-thang-hoa.jpg","contentUrl":"https:\/\/bamboovipfood.com\/wp-content\/uploads\/2024\/10\/dau-nanh-nguyen-chat-say-thang-hoa.jpg","width":750,"height":750},{"@type":"BreadcrumbList","@id":"https:\/\/bamboovipfood.com\/san-pham\/bot-dau-nanh-nguyen-chat\/#breadcrumb","itemListElement":[{"@type":"ListItem","position":1,"name":"Trang ch\u1ee7","item":"https:\/\/bamboovipfood.com\/"},{"@type":"ListItem","position":2,"name":"Shop","item":"https:\/\/bamboovipfood.com\/shop\/"},{"@type":"ListItem","position":3,"name":"B\u1ed9t \u0111\u1eadu n\u00e0nh nguy\u00ean ch\u1ea5t s\u1ea5y th\u0103ng hoa"}]},{"@type":"WebSite","@id":"https:\/\/bamboovipfood.com\/#website","url":"https:\/\/bamboovipfood.com\/","name":"Bamboo Freeze Drying","description":"Nh\u00e0 cung \u1ee9ng s\u1ea3n ph\u1ea9m s\u1ea5y th\u0103ng hoa h\u00e0ng \u0111\u1ea7u","publisher":{"@id":"https:\/\/bamboovipfood.com\/#organization"},"potentialAction":[{"@type":"SearchAction","target":{"@type":"EntryPoint","urlTemplate":"https:\/\/bamboovipfood.com\/?s={search_term_string}"},"query-input":{"@type":"PropertyValueSpecification","valueRequired":true,"valueName":"search_term_string"}}],"inLanguage":"en-US"},{"@type":"Organization","@id":"https:\/\/bamboovipfood.com\/#organization","name":"Bamboo Freeze Drying","url":"https:\/\/bamboovipfood.com\/","logo":{"@type":"ImageObject","inLanguage":"en-US","@id":"https:\/\/bamboovipfood.com\/#\/schema\/logo\/image\/","url":"https:\/\/bamboovipfood.com\/wp-content\/uploads\/2020\/08\/Logo-Bamboo-Freeze-Dry-Dark.png","contentUrl":"https:\/\/bamboovipfood.com\/wp-content\/uploads\/2020\/08\/Logo-Bamboo-Freeze-Dry-Dark.png","width":500,"height":189,"caption":"Bamboo Freeze Drying"},"image":{"@id":"https:\/\/bamboovipfood.com\/#\/schema\/logo\/image\/"}}]}},"_links":{"self":[{"href":"https:\/\/bamboovipfood.com\/en\/wp-json\/wp\/v2\/product\/9129","targetHints":{"allow":["GET"]}}],"collection":[{"href":"https:\/\/bamboovipfood.com\/en\/wp-json\/wp\/v2\/product"}],"about":[{"href":"https:\/\/bamboovipfood.com\/en\/wp-json\/wp\/v2\/types\/product"}],"replies":[{"embeddable":true,"href":"https:\/\/bamboovipfood.com\/en\/wp-json\/wp\/v2\/comments?post=9129"}],"wp:featuredmedia":[{"embeddable":true,"href":"https:\/\/bamboovipfood.com\/en\/wp-json\/wp\/v2\/media\/9330"}],"wp:attachment":[{"href":"https:\/\/bamboovipfood.com\/en\/wp-json\/wp\/v2\/media?parent=9129"}],"wp:term":[{"taxonomy":"product_cat","embeddable":true,"href":"https:\/\/bamboovipfood.com\/en\/wp-json\/wp\/v2\/product_cat?post=9129"},{"taxonomy":"product_tag","embeddable":true,"href":"https:\/\/bamboovipfood.com\/en\/wp-json\/wp\/v2\/product_tag?post=9129"}],"curies":[{"name":"wp","href":"https:\/\/api.w.org\/{rel}","templated":true}]}}