{"id":9113,"date":"2024-11-07T01:57:33","date_gmt":"2024-11-07T01:57:33","guid":{"rendered":"https:\/\/bamboovipfood.com\/?post_type=product&#038;p=9113"},"modified":"2024-11-18T06:28:52","modified_gmt":"2024-11-18T06:28:52","slug":"bot-dau-do-nguyen-chat","status":"publish","type":"product","link":"https:\/\/bamboovipfood.com\/en\/product\/pure-freeze-dried-red-bean-powder\/","title":{"rendered":"Freeze-Dried Pure Red Bean Powder"},"content":{"rendered":"<table>\n<tbody>\n<tr>\n<td>Ph\u01b0\u01a1ng ph\u00e1p<\/td>\n<td style=\"text-align: left;\"><strong>Freeze dried<\/strong><\/td>\n<\/tr>\n<tr>\n<td>Ngu\u1ed3n g\u1ed1c<\/td>\n<td>\u0110\u01b0\u1ee3c ch\u1ecdn l\u1ecdc t\u1eeb nh\u1eefng h\u1ea1t \u0111\u1eadu \u0111\u1ecf c\u00f3 ch\u1ea5t l\u01b0\u1ee3ng cao, kh\u00f4ng l\u1eabn t\u1ea1p ch\u1ea5t.<\/p>\n<p>B\u1ed9t c\u00f3 m\u00e0u v\u00e0ng nh\u1ea1t, \u0111\u1ecf n\u00e2u li ti c\u1ee7a v\u1ecf, h\u1ea1t b\u1ed9t m\u1ecbn l\u1ecdt r\u00e2y 70 mesh, \u0111\u1ed9 \u1ea9m &lt; 5%, th\u01a1m ng\u1ecdt<\/td>\n<\/tr>\n<tr>\n<td>H\u00e0m l\u01b0\u1ee3ng dinh d\u01b0\u1ee1ng<\/td>\n<td>H\u00e0m l\u01b0\u1ee3ng cao protid, glucid, lipid, ch\u1ea5t x\u01a1, b\u1ed9t \u0111\u1eadu \u0111\u1ecf gi\u1eef nguy\u00ean \u0111\u01b0\u1ee3c h\u01b0\u01a1ng v\u1ecb v\u00e0 h\u00e0m l\u01b0\u1ee3ng cao c\u00e1c vitamin, kho\u1ea3ng ch\u1ea5t b\u00ean trong h\u1ea1t<\/td>\n<\/tr>\n<tr>\n<td>C\u00f4ng d\u1ee5ng<\/td>\n<td>T\u1ed1t cho tim m\u1ea1ch v\u00e0 h\u1ec7 ti\u00eau ho\u00e1, ch\u1ed1ng oxy ho\u00e1 v\u00e0 l\u00e0m \u0111\u1eb9p s\u00e1ng da. L\u00e0m th\u00e0nh ph\u1ea7n trong c\u00e1c s\u1ea3n ph\u1ea9m cao c\u1ea5p nh\u01b0 m\u1ef9 ph\u1ea9m, th\u1ef1c ph\u1ea9m ch\u1ee9c n\u0103ng \u0111i\u1ec1u ch\u1ec9nh ch\u1ee9c n\u0103ng th\u1eadn v\u00e0 gi\u1ea3i \u0111\u1ed9c<\/td>\n<\/tr>\n<\/tbody>\n<\/table>\n<p><img decoding=\"async\" class=\"aligncenter\" src=\"https:\/\/bamboovipfood.com\/wp-content\/uploads\/2024\/10\/dau-do-say-thang-hoa-5.jpg\" \/><\/p>\n<p>B\u1ea1n \u0111\u00e3 t\u1eebng nghe \u0111\u1ebfn si\u00eau th\u1ef1c ph\u1ea9m \u0111\u1eadu \u0111\u1ecf? Lo\u1ea1i h\u1ea1t nh\u1ecf b\u00e9 n\u00e0y kh\u00f4ng ch\u1ec9 l\u00e0 nguy\u00ean li\u1ec7u quen thu\u1ed9c trong c\u0103n b\u1ebfp c\u1ee7a nhi\u1ec1u gia \u0111\u00ecnh m\u00e0 c\u00f2n l\u00e0 &#8220;v\u0169 kh\u00ed&#8221; b\u00ed m\u1eadt gi\u00fap ph\u00e1i \u0111\u1eb9p s\u1edf h\u1eefu l\u00e0n da t\u01b0\u01a1i tr\u1ebb v\u00e0 c\u01a1 th\u1ec3 kh\u1ecfe m\u1ea1nh. V\u00e0 gi\u1edd \u0111\u00e2y, v\u1edbi c\u00f4ng ngh\u1ec7 <strong>advanced freeze-drying technology<\/strong>, \u0111\u1eadu \u0111\u1ecf \u0111\u00e3 \u0111\u01b0\u1ee3c &#8220;bi\u1ebfn h\u00ecnh&#8221; th\u00e0nh b\u1ed9t \u0111\u1eadu \u0111\u1ecf s\u1ea5y th\u0103ng hoa &#8211; s\u1ea3n ph\u1ea9m mang \u0111\u1ebfn nh\u1eefng tr\u1ea3i nghi\u1ec7m l\u00e0m \u0111\u1eb9p ho\u00e0n to\u00e0n m\u1edbi.<\/p>\n<p>Kh\u00e1c bi\u1ec7t so v\u1edbi c\u00e1c lo\u1ea1i b\u1ed9t th\u00f4ng th\u01b0\u1eddng, <a href=\"https:\/\/bamboovipfood.com\/en\/product\/pure-freeze-dried-red-bean-powder\/\">b\u1ed9t \u0111\u1eadu \u0111\u1ecf s\u1ea5y th\u0103ng hoa<\/a> <strong>gi\u1eef l\u1ea1i nguy\u00ean v\u1eb9n d\u01b0\u1ee1ng ch\u1ea5t<\/strong> qu\u00fd gi\u00e1 t\u1eeb thi\u00ean nhi\u00ean. Nh\u1edd \u0111\u00f3, b\u1ea1n c\u00f3 th\u1ec3 t\u1eadn d\u1ee5ng t\u1ed1i \u0111a nh\u1eefng l\u1ee3i \u00edch m\u00e0 \u0111\u1eadu \u0111\u1ecf mang l\u1ea1i, t\u1eeb vi\u1ec7c d\u01b0\u1ee1ng da tr\u1eafng m\u1ecbn, m\u1edd th\u00e2m n\u00e1m \u0111\u1ebfn vi\u1ec7c t\u0103ng c\u01b0\u1eddng s\u1ee9c kh\u1ecfe, c\u1ea3i thi\u1ec7n h\u1ec7 ti\u00eau h\u00f3a.<\/p>\n<p>H\u00e3y t\u01b0\u1edfng t\u01b0\u1ee3ng m\u1ed9t lo\u1ea1i b\u1ed9t v\u1eeba c\u00f3 th\u1ec3 l\u00e0m m\u1eb7t n\u1ea1 d\u01b0\u1ee1ng da m\u1ecbn m\u00e0ng, v\u1eeba c\u00f3 th\u1ec3 pha th\u00e0nh th\u1ee9c u\u1ed1ng th\u01a1m ngon b\u1ed5 d\u01b0\u1ee1ng, ho\u1eb7c th\u1eadm ch\u00ed l\u00e0 nguy\u00ean li\u1ec7u cho c\u00e1c m\u00f3n b\u00e1nh ng\u1ecdt h\u1ea5p d\u1eabn. B\u1ed9t \u0111\u1eadu \u0111\u1ecf s\u1ea5y th\u0103ng hoa ch\u00ednh l\u00e0 c\u00e2u tr\u1ea3 l\u1eddi ho\u00e0n h\u1ea3o cho nh\u1eefng ai \u0111ang t\u00ecm ki\u1ebfm m\u1ed9t s\u1ea3n ph\u1ea9m l\u00e0m \u0111\u1eb9p \u0111a n\u0103ng v\u00e0 ti\u1ec7n l\u1ee3i.<\/p>\n<h3><strong>\u01afu \u0110i\u1ec3m C\u1ee7a B\u1ed9t \u0110\u1eadu \u0110\u1ecf S\u1ea5y Th\u0103ng Hoa<\/strong><\/h3>\n<p><strong>Ph\u01b0\u01a1ng ph\u00e1p s\u1ea5y ti\u00ean ti\u1ebfn nh\u1ea5t:<\/strong><\/p>\n<ul>\n<li style=\"list-style-type: none;\">\n<ul>\n<li>S\u1eed d\u1ee5ng c\u00f4ng ngh\u1ec7 s\u1ea5y th\u0103ng hoa gi\u00fap gi\u1eef nguy\u00ean 100% d\u01b0\u1ee1ng ch\u1ea5t, m\u00e0u s\u1eafc v\u00e0 h\u01b0\u01a1ng v\u1ecb t\u1ef1 nhi\u00ean c\u1ee7a \u0111\u1eadu \u0111\u1ecf.<\/li>\n<li>Kh\u00f4ng s\u1eed d\u1ee5ng ch\u1ea5t b\u1ea3o qu\u1ea3n, h\u01b0\u01a1ng li\u1ec7u nh\u00e2n t\u1ea1o, \u0111\u1ea3m b\u1ea3o an to\u00e0n cho s\u1ee9c kh\u1ecfe.<\/li>\n<\/ul>\n<\/li>\n<\/ul>\n<p><strong>\u0110\u1ed9 m\u1ecbn cao, tan nhanh:<\/strong><\/p>\n<ul>\n<li style=\"list-style-type: none;\">\n<ul>\n<li>B\u1ed9t \u0111\u01b0\u1ee3c nghi\u1ec1n si\u00eau m\u1ecbn, d\u1ec5 h\u00f2a tan trong n\u01b0\u1edbc, s\u1eefa ho\u1eb7c c\u00e1c lo\u1ea1i th\u1ee9c u\u1ed1ng kh\u00e1c, ti\u1ec7n l\u1ee3i khi s\u1eed d\u1ee5ng.<\/li>\n<li>Kh\u00f4ng b\u1ecb v\u00f3n c\u1ee5c, mang l\u1ea1i tr\u1ea3i nghi\u1ec7m tuy\u1ec7t v\u1eddi cho ng\u01b0\u1eddi d\u00f9ng.<\/li>\n<\/ul>\n<\/li>\n<\/ul>\n<p><strong>Ngu\u1ed3n g\u1ed1c h\u1eefu c\u01a1, an to\u00e0n:<\/strong><\/p>\n<ul>\n<li style=\"list-style-type: none;\">\n<ul>\n<li>\u0110\u1eadu \u0111\u1ecf \u0111\u01b0\u1ee3c ch\u1ecdn l\u1ecdc t\u1eeb nh\u1eefng n\u00f4ng tr\u1ea1i canh t\u00e1c h\u1eefu c\u01a1, \u0111\u1ea3m b\u1ea3o kh\u00f4ng ch\u1ee9a h\u00f3a ch\u1ea5t \u0111\u1ed9c h\u1ea1i.<\/li>\n<li>S\u1ea3n ph\u1ea9m thu\u1ea7n chay, ph\u00f9 h\u1ee3p v\u1edbi m\u1ecdi l\u1ee9a tu\u1ed5i.<\/li>\n<\/ul>\n<\/li>\n<\/ul>\n<h3><strong>L\u1ee3i <\/strong><strong>\u00cdch Tuy\u1ec7t V\u1eddi C\u1ee7a B\u1ed9t \u0110\u1eadu \u0110\u1ecf<\/strong><\/h3>\n<ul>\n<li>L\u00e0m \u0111\u1eb9p da t\u1ef1 nhi\u00ean: Gi\u00e0u viamin B, E, C v\u00e0 ch\u1ea5t ch\u1ed1ng oxy h\u00f3a, gi\u00fap l\u00e0m s\u00e1ng da, m\u1edd th\u00e2m n\u00e1m, t\u1ea9y t\u1ebf b\u00e0o ch\u1ebft nh\u1eb9 nh\u00e0ng, nu\u00f4i d\u01b0\u1ee1ng l\u00e0n da m\u1ec1m m\u1ea1i, m\u1ecbn m\u00e0ng.<\/li>\n<li>Gi\u1ea3m c\u00e2n, thanh l\u1ecdc c\u01a1 th\u1ec3: Gi\u00e0u ch\u1ea5t x\u01a1, c\u1ea3i thi\u1ec7n h\u1ec7 ti\u00eau h\u00f3a, h\u1ed7 tr\u1ee3 gi\u1ea3m c\u00e2n v\u00ec th\u00fac \u0111\u1ea9y qu\u00e1 tr\u00ecnh thanh l\u1ecdc c\u01a1 th\u1ec3, lo\u1ea1i b\u1ecf \u0111\u1ed9c t\u1ed1.<\/li>\n<li>T\u0103ng c\u01b0\u1eddng s\u1ee9c kh\u1ecfe: Cung c\u1ea5p protein th\u1ef1c v\u1eadt v\u00e0 c\u00e1c kho\u00e1ng ch\u1ea5t thi\u1ebft y\u1ebfu, gi\u00fap t\u0103ng c\u01b0\u1eddng n\u0103ng l\u01b0\u1ee3ng, n\u00e2ng cao s\u1ee9c \u0111\u1ec1 kh\u00e1ng. Ph\u00f9 h\u1ee3p v\u1edbi ng\u01b0\u1eddi \u0103n ki\u00eang, ng\u01b0\u1eddi l\u1edbn tu\u1ed5i v\u00e0 tr\u1ebb nh\u1ecf.<\/li>\n<\/ul>\n<h3><strong>\u1ee8ng D\u1ee5ng \u0110a D\u1ea1ng C\u1ee7a B\u1ed9t \u0110\u1eadu \u0110\u1ecf<\/strong><\/h3>\n<p><strong>Ch\u0103m s\u00f3c da:<\/strong><\/p>\n<ul>\n<li style=\"list-style-type: none;\">\n<ul>\n<li>C\u00f4ng th\u1ee9c m\u1eb7t n\u1ea1 s\u00e1ng da: Tr\u1ed9n 2 th\u00eca b\u1ed9t \u0111\u1eadu \u0111\u1ecf v\u1edbi s\u1eefa t\u01b0\u01a1i kh\u00f4ng \u0111\u01b0\u1eddng v\u00e0 m\u1eadt ong, thoa \u0111\u1ec1u l\u00ean m\u1eb7t, \u0111\u1ec3 trong 15-20 ph\u00fat, sau \u0111\u00f3 r\u1eeda s\u1ea1ch.<\/li>\n<li>Gi\u00fap da s\u00e1ng m\u1ecbn, ng\u0103n ng\u1eeba m\u1ee5n v\u00e0 gi\u1ea3m th\u00e2m n\u00e1m.<\/li>\n<\/ul>\n<\/li>\n<\/ul>\n<p><strong>\u0110\u1ed3 u\u1ed1ng dinh d\u01b0\u1ee1ng:<\/strong><\/p>\n<ul>\n<li style=\"list-style-type: none;\">\n<ul>\n<li>Pha 2-3 th\u00eca b\u1ed9t \u0111\u1eadu \u0111\u1ecf v\u1edbi n\u01b0\u1edbc \u1ea5m ho\u1eb7c s\u1eefa t\u01b0\u01a1i, c\u00f3 th\u1ec3 th\u00eam m\u1eadt ong ho\u1eb7c \u0111\u01b0\u1eddng th\u1ed1t n\u1ed1t \u0111\u1ec3 t\u0103ng h\u01b0\u01a1ng v\u1ecb.<\/li>\n<li>T\u1ed1t cho h\u1ec7 ti\u00eau h\u00f3a, b\u1ed5 sung n\u0103ng l\u01b0\u1ee3ng v\u00e0o bu\u1ed5i s\u00e1ng ho\u1eb7c sau khi t\u1eadp luy\u1ec7n.<\/li>\n<\/ul>\n<\/li>\n<\/ul>\n<p><strong>Nguy\u00ean li\u1ec7u cho m\u00f3n \u0103n:<\/strong><\/p>\n<ul>\n<li style=\"list-style-type: none;\">\n<ul>\n<li>D\u00f9ng l\u00e0m nguy\u00ean li\u1ec7u cho c\u00e1c m\u00f3n b\u00e1nh, ch\u00e8, ch\u00e1o ho\u1eb7c sinh t\u1ed1, gi\u00fap m\u00f3n \u0103n th\u00eam b\u1ed5 d\u01b0\u1ee1ng v\u00e0 h\u1ea5p d\u1eabn.<\/li>\n<li>Th\u00edch h\u1ee3p cho ng\u01b0\u1eddi \u0103n chay, \u0103n ki\u00eang, ng\u01b0\u1eddi c\u1ea7n b\u1ed5 sung d\u01b0\u1ee1ng ch\u1ea5t t\u1ef1 nhi\u00ean.<\/li>\n<\/ul>\n<\/li>\n<\/ul>\n<blockquote><p>Explore more of our powder products:\u00a0<strong><a href=\"https:\/\/bamboovipfood.com\/en\/product-category\/freeze-dried-vegetable-powder\/\">https:\/\/bamboovipfood.com\/en\/product-category\/freeze-dried-vegetable-powder\/<\/a><\/strong><\/p><\/blockquote>\n<p><span style=\"color: #993300;\"><strong>Whether you are looking for retail purchases or wholesale distribution, please contact us for further assistance. Hotline: 0909 753 648<\/strong><\/span><\/p>","protected":false},"excerpt":{"rendered":"<p>Ph\u01b0\u01a1ng ph\u00e1p S\u1ea5y th\u0103ng hoa Ngu\u1ed3n g\u1ed1c \u0110\u01b0\u1ee3c ch\u1ecdn l\u1ecdc t\u1eeb nh\u1eefng h\u1ea1t \u0111\u1eadu \u0111\u1ecf c\u00f3 ch\u1ea5t l\u01b0\u1ee3ng cao, kh\u00f4ng l\u1eabn t\u1ea1p ch\u1ea5t. B\u1ed9t c\u00f3 m\u00e0u v\u00e0ng nh\u1ea1t, \u0111\u1ecf n\u00e2u li ti c\u1ee7a v\u1ecf, h\u1ea1t b\u1ed9t m\u1ecbn l\u1ecdt r\u00e2y 70 mesh, \u0111\u1ed9 \u1ea9m &lt; 5%, th\u01a1m ng\u1ecdt H\u00e0m l\u01b0\u1ee3ng dinh d\u01b0\u1ee1ng H\u00e0m l\u01b0\u1ee3ng cao protid, [&hellip;]<\/p>","protected":false},"featured_media":9340,"comment_status":"open","ping_status":"closed","template":"","meta":[],"product_cat":[238],"product_tag":[],"class_list":{"0":"post-9113","1":"product","2":"type-product","3":"status-publish","4":"has-post-thumbnail","6":"product_cat-bot-rau-cu-qua","8":"first","9":"instock","10":"shipping-taxable","11":"purchasable","12":"product-type-variable","13":"wvs-archive-product-wrapper"},"yoast_head":"<!-- This site is optimized with the Yoast SEO plugin v25.7 - https:\/\/yoast.com\/wordpress\/plugins\/seo\/ -->\n<title>B\u1ed9t \u0111\u1eadu \u0111\u1ecf nguy\u00ean ch\u1ea5t s\u1ea5y th\u0103ng hoa - Bamboo Freeze Drying<\/title>\n<meta name=\"robots\" content=\"index, follow, max-snippet:-1, max-image-preview:large, max-video-preview:-1\" \/>\n<link rel=\"canonical\" href=\"https:\/\/bamboovipfood.com\/en\/product\/pure-freeze-dried-red-bean-powder\/\" \/>\n<meta property=\"og:locale\" content=\"en_US\" \/>\n<meta property=\"og:type\" content=\"article\" \/>\n<meta property=\"og:title\" content=\"B\u1ed9t \u0111\u1eadu \u0111\u1ecf nguy\u00ean ch\u1ea5t s\u1ea5y th\u0103ng hoa - Bamboo Freeze Drying\" \/>\n<meta property=\"og:description\" content=\"Ph\u01b0\u01a1ng ph\u00e1p S\u1ea5y th\u0103ng hoa Ngu\u1ed3n g\u1ed1c \u0110\u01b0\u1ee3c ch\u1ecdn l\u1ecdc t\u1eeb nh\u1eefng h\u1ea1t \u0111\u1eadu \u0111\u1ecf c\u00f3 ch\u1ea5t l\u01b0\u1ee3ng cao, kh\u00f4ng l\u1eabn t\u1ea1p ch\u1ea5t. B\u1ed9t c\u00f3 m\u00e0u v\u00e0ng nh\u1ea1t, \u0111\u1ecf n\u00e2u li ti c\u1ee7a v\u1ecf, h\u1ea1t b\u1ed9t m\u1ecbn l\u1ecdt r\u00e2y 70 mesh, \u0111\u1ed9 \u1ea9m &lt; 5%, th\u01a1m ng\u1ecdt H\u00e0m l\u01b0\u1ee3ng dinh d\u01b0\u1ee1ng H\u00e0m l\u01b0\u1ee3ng cao protid, [&hellip;]\" \/>\n<meta property=\"og:url\" content=\"https:\/\/bamboovipfood.com\/en\/product\/pure-freeze-dried-red-bean-powder\/\" \/>\n<meta property=\"og:site_name\" content=\"Bamboo Freeze Drying\" \/>\n<meta property=\"article:modified_time\" content=\"2024-11-18T06:28:52+00:00\" \/>\n<meta property=\"og:image\" content=\"https:\/\/bamboovipfood.com\/wp-content\/uploads\/2024\/10\/dau-do-say-thang-hoa.jpg\" \/>\n\t<meta property=\"og:image:width\" content=\"750\" \/>\n\t<meta property=\"og:image:height\" content=\"750\" \/>\n\t<meta property=\"og:image:type\" content=\"image\/jpeg\" \/>\n<meta name=\"twitter:card\" content=\"summary_large_image\" \/>\n<meta name=\"twitter:label1\" content=\"Est. reading time\" \/>\n\t<meta name=\"twitter:data1\" content=\"5 minutes\" \/>\n<script type=\"application\/ld+json\" class=\"yoast-schema-graph\">{\"@context\":\"https:\/\/schema.org\",\"@graph\":[{\"@type\":\"WebPage\",\"@id\":\"https:\/\/bamboovipfood.com\/san-pham\/bot-dau-do-nguyen-chat\/\",\"url\":\"https:\/\/bamboovipfood.com\/san-pham\/bot-dau-do-nguyen-chat\/\",\"name\":\"B\u1ed9t \u0111\u1eadu \u0111\u1ecf nguy\u00ean ch\u1ea5t s\u1ea5y th\u0103ng hoa - Bamboo Freeze Drying\",\"isPartOf\":{\"@id\":\"https:\/\/bamboovipfood.com\/#website\"},\"primaryImageOfPage\":{\"@id\":\"https:\/\/bamboovipfood.com\/san-pham\/bot-dau-do-nguyen-chat\/#primaryimage\"},\"image\":{\"@id\":\"https:\/\/bamboovipfood.com\/san-pham\/bot-dau-do-nguyen-chat\/#primaryimage\"},\"thumbnailUrl\":\"https:\/\/bamboovipfood.com\/wp-content\/uploads\/2024\/10\/dau-do-say-thang-hoa.jpg\",\"datePublished\":\"2024-11-07T01:57:33+00:00\",\"dateModified\":\"2024-11-18T06:28:52+00:00\",\"breadcrumb\":{\"@id\":\"https:\/\/bamboovipfood.com\/san-pham\/bot-dau-do-nguyen-chat\/#breadcrumb\"},\"inLanguage\":\"en-US\",\"potentialAction\":[{\"@type\":\"ReadAction\",\"target\":[\"https:\/\/bamboovipfood.com\/san-pham\/bot-dau-do-nguyen-chat\/\"]}]},{\"@type\":\"ImageObject\",\"inLanguage\":\"en-US\",\"@id\":\"https:\/\/bamboovipfood.com\/san-pham\/bot-dau-do-nguyen-chat\/#primaryimage\",\"url\":\"https:\/\/bamboovipfood.com\/wp-content\/uploads\/2024\/10\/dau-do-say-thang-hoa.jpg\",\"contentUrl\":\"https:\/\/bamboovipfood.com\/wp-content\/uploads\/2024\/10\/dau-do-say-thang-hoa.jpg\",\"width\":750,\"height\":750},{\"@type\":\"BreadcrumbList\",\"@id\":\"https:\/\/bamboovipfood.com\/san-pham\/bot-dau-do-nguyen-chat\/#breadcrumb\",\"itemListElement\":[{\"@type\":\"ListItem\",\"position\":1,\"name\":\"Trang ch\u1ee7\",\"item\":\"https:\/\/bamboovipfood.com\/\"},{\"@type\":\"ListItem\",\"position\":2,\"name\":\"Shop\",\"item\":\"https:\/\/bamboovipfood.com\/shop\/\"},{\"@type\":\"ListItem\",\"position\":3,\"name\":\"B\u1ed9t \u0111\u1eadu \u0111\u1ecf nguy\u00ean ch\u1ea5t s\u1ea5y th\u0103ng hoa\"}]},{\"@type\":\"WebSite\",\"@id\":\"https:\/\/bamboovipfood.com\/#website\",\"url\":\"https:\/\/bamboovipfood.com\/\",\"name\":\"Bamboo Freeze Drying\",\"description\":\"Nh\u00e0 cung \u1ee9ng s\u1ea3n ph\u1ea9m s\u1ea5y th\u0103ng hoa h\u00e0ng \u0111\u1ea7u\",\"publisher\":{\"@id\":\"https:\/\/bamboovipfood.com\/#organization\"},\"potentialAction\":[{\"@type\":\"SearchAction\",\"target\":{\"@type\":\"EntryPoint\",\"urlTemplate\":\"https:\/\/bamboovipfood.com\/?s={search_term_string}\"},\"query-input\":{\"@type\":\"PropertyValueSpecification\",\"valueRequired\":true,\"valueName\":\"search_term_string\"}}],\"inLanguage\":\"en-US\"},{\"@type\":\"Organization\",\"@id\":\"https:\/\/bamboovipfood.com\/#organization\",\"name\":\"Bamboo Freeze Drying\",\"url\":\"https:\/\/bamboovipfood.com\/\",\"logo\":{\"@type\":\"ImageObject\",\"inLanguage\":\"en-US\",\"@id\":\"https:\/\/bamboovipfood.com\/#\/schema\/logo\/image\/\",\"url\":\"https:\/\/bamboovipfood.com\/wp-content\/uploads\/2020\/08\/Logo-Bamboo-Freeze-Dry-Dark.png\",\"contentUrl\":\"https:\/\/bamboovipfood.com\/wp-content\/uploads\/2020\/08\/Logo-Bamboo-Freeze-Dry-Dark.png\",\"width\":500,\"height\":189,\"caption\":\"Bamboo Freeze Drying\"},\"image\":{\"@id\":\"https:\/\/bamboovipfood.com\/#\/schema\/logo\/image\/\"}}]}<\/script>\n<!-- \/ Yoast SEO plugin. -->","yoast_head_json":{"title":"B\u1ed9t \u0111\u1eadu \u0111\u1ecf nguy\u00ean ch\u1ea5t s\u1ea5y th\u0103ng hoa - Bamboo Freeze Drying","robots":{"index":"index","follow":"follow","max-snippet":"max-snippet:-1","max-image-preview":"max-image-preview:large","max-video-preview":"max-video-preview:-1"},"canonical":"https:\/\/bamboovipfood.com\/en\/product\/pure-freeze-dried-red-bean-powder\/","og_locale":"en_US","og_type":"article","og_title":"B\u1ed9t \u0111\u1eadu \u0111\u1ecf nguy\u00ean ch\u1ea5t s\u1ea5y th\u0103ng hoa - Bamboo Freeze Drying","og_description":"Ph\u01b0\u01a1ng ph\u00e1p S\u1ea5y th\u0103ng hoa Ngu\u1ed3n g\u1ed1c \u0110\u01b0\u1ee3c ch\u1ecdn l\u1ecdc t\u1eeb nh\u1eefng h\u1ea1t \u0111\u1eadu \u0111\u1ecf c\u00f3 ch\u1ea5t l\u01b0\u1ee3ng cao, kh\u00f4ng l\u1eabn t\u1ea1p ch\u1ea5t. B\u1ed9t c\u00f3 m\u00e0u v\u00e0ng nh\u1ea1t, \u0111\u1ecf n\u00e2u li ti c\u1ee7a v\u1ecf, h\u1ea1t b\u1ed9t m\u1ecbn l\u1ecdt r\u00e2y 70 mesh, \u0111\u1ed9 \u1ea9m &lt; 5%, th\u01a1m ng\u1ecdt H\u00e0m l\u01b0\u1ee3ng dinh d\u01b0\u1ee1ng H\u00e0m l\u01b0\u1ee3ng cao protid, [&hellip;]","og_url":"https:\/\/bamboovipfood.com\/en\/product\/pure-freeze-dried-red-bean-powder\/","og_site_name":"Bamboo Freeze Drying","article_modified_time":"2024-11-18T06:28:52+00:00","og_image":[{"width":750,"height":750,"url":"https:\/\/bamboovipfood.com\/wp-content\/uploads\/2024\/10\/dau-do-say-thang-hoa.jpg","type":"image\/jpeg"}],"twitter_card":"summary_large_image","twitter_misc":{"Est. reading time":"5 minutes"},"schema":{"@context":"https:\/\/schema.org","@graph":[{"@type":"WebPage","@id":"https:\/\/bamboovipfood.com\/san-pham\/bot-dau-do-nguyen-chat\/","url":"https:\/\/bamboovipfood.com\/san-pham\/bot-dau-do-nguyen-chat\/","name":"B\u1ed9t \u0111\u1eadu \u0111\u1ecf nguy\u00ean ch\u1ea5t s\u1ea5y th\u0103ng hoa - Bamboo Freeze Drying","isPartOf":{"@id":"https:\/\/bamboovipfood.com\/#website"},"primaryImageOfPage":{"@id":"https:\/\/bamboovipfood.com\/san-pham\/bot-dau-do-nguyen-chat\/#primaryimage"},"image":{"@id":"https:\/\/bamboovipfood.com\/san-pham\/bot-dau-do-nguyen-chat\/#primaryimage"},"thumbnailUrl":"https:\/\/bamboovipfood.com\/wp-content\/uploads\/2024\/10\/dau-do-say-thang-hoa.jpg","datePublished":"2024-11-07T01:57:33+00:00","dateModified":"2024-11-18T06:28:52+00:00","breadcrumb":{"@id":"https:\/\/bamboovipfood.com\/san-pham\/bot-dau-do-nguyen-chat\/#breadcrumb"},"inLanguage":"en-US","potentialAction":[{"@type":"ReadAction","target":["https:\/\/bamboovipfood.com\/san-pham\/bot-dau-do-nguyen-chat\/"]}]},{"@type":"ImageObject","inLanguage":"en-US","@id":"https:\/\/bamboovipfood.com\/san-pham\/bot-dau-do-nguyen-chat\/#primaryimage","url":"https:\/\/bamboovipfood.com\/wp-content\/uploads\/2024\/10\/dau-do-say-thang-hoa.jpg","contentUrl":"https:\/\/bamboovipfood.com\/wp-content\/uploads\/2024\/10\/dau-do-say-thang-hoa.jpg","width":750,"height":750},{"@type":"BreadcrumbList","@id":"https:\/\/bamboovipfood.com\/san-pham\/bot-dau-do-nguyen-chat\/#breadcrumb","itemListElement":[{"@type":"ListItem","position":1,"name":"Trang ch\u1ee7","item":"https:\/\/bamboovipfood.com\/"},{"@type":"ListItem","position":2,"name":"Shop","item":"https:\/\/bamboovipfood.com\/shop\/"},{"@type":"ListItem","position":3,"name":"B\u1ed9t \u0111\u1eadu \u0111\u1ecf nguy\u00ean ch\u1ea5t s\u1ea5y th\u0103ng hoa"}]},{"@type":"WebSite","@id":"https:\/\/bamboovipfood.com\/#website","url":"https:\/\/bamboovipfood.com\/","name":"Bamboo Freeze Drying","description":"Nh\u00e0 cung \u1ee9ng s\u1ea3n ph\u1ea9m s\u1ea5y th\u0103ng hoa h\u00e0ng \u0111\u1ea7u","publisher":{"@id":"https:\/\/bamboovipfood.com\/#organization"},"potentialAction":[{"@type":"SearchAction","target":{"@type":"EntryPoint","urlTemplate":"https:\/\/bamboovipfood.com\/?s={search_term_string}"},"query-input":{"@type":"PropertyValueSpecification","valueRequired":true,"valueName":"search_term_string"}}],"inLanguage":"en-US"},{"@type":"Organization","@id":"https:\/\/bamboovipfood.com\/#organization","name":"Bamboo Freeze Drying","url":"https:\/\/bamboovipfood.com\/","logo":{"@type":"ImageObject","inLanguage":"en-US","@id":"https:\/\/bamboovipfood.com\/#\/schema\/logo\/image\/","url":"https:\/\/bamboovipfood.com\/wp-content\/uploads\/2020\/08\/Logo-Bamboo-Freeze-Dry-Dark.png","contentUrl":"https:\/\/bamboovipfood.com\/wp-content\/uploads\/2020\/08\/Logo-Bamboo-Freeze-Dry-Dark.png","width":500,"height":189,"caption":"Bamboo Freeze Drying"},"image":{"@id":"https:\/\/bamboovipfood.com\/#\/schema\/logo\/image\/"}}]}},"_links":{"self":[{"href":"https:\/\/bamboovipfood.com\/en\/wp-json\/wp\/v2\/product\/9113","targetHints":{"allow":["GET"]}}],"collection":[{"href":"https:\/\/bamboovipfood.com\/en\/wp-json\/wp\/v2\/product"}],"about":[{"href":"https:\/\/bamboovipfood.com\/en\/wp-json\/wp\/v2\/types\/product"}],"replies":[{"embeddable":true,"href":"https:\/\/bamboovipfood.com\/en\/wp-json\/wp\/v2\/comments?post=9113"}],"wp:featuredmedia":[{"embeddable":true,"href":"https:\/\/bamboovipfood.com\/en\/wp-json\/wp\/v2\/media\/9340"}],"wp:attachment":[{"href":"https:\/\/bamboovipfood.com\/en\/wp-json\/wp\/v2\/media?parent=9113"}],"wp:term":[{"taxonomy":"product_cat","embeddable":true,"href":"https:\/\/bamboovipfood.com\/en\/wp-json\/wp\/v2\/product_cat?post=9113"},{"taxonomy":"product_tag","embeddable":true,"href":"https:\/\/bamboovipfood.com\/en\/wp-json\/wp\/v2\/product_tag?post=9113"}],"curies":[{"name":"wp","href":"https:\/\/api.w.org\/{rel}","templated":true}]}}