{"id":9094,"date":"2024-11-07T01:46:47","date_gmt":"2024-11-07T01:46:47","guid":{"rendered":"https:\/\/bamboovipfood.com\/?post_type=product&#038;p=9094"},"modified":"2024-11-18T06:33:26","modified_gmt":"2024-11-18T06:33:26","slug":"bot-dau-den-nguyen-chat","status":"publish","type":"product","link":"https:\/\/bamboovipfood.com\/en\/product\/pure-freeze-dried-black-bean-powder\/","title":{"rendered":"Freeze-Dried Pure Black Bean Powder"},"content":{"rendered":"<table>\n<tbody>\n<tr>\n<td>Ph\u01b0\u01a1ng ph\u00e1p s\u1ea5y<\/td>\n<td><strong>Freeze dried<\/strong><\/td>\n<\/tr>\n<tr>\n<td>Ngu\u1ed3n g\u1ed1c<\/td>\n<td>T\u1eeb nh\u1eefng h\u1ea1t \u0111\u1eadu \u0111en \u0111\u01b0\u1ee3c ch\u1ecdn l\u1ecdc, l\u00e0m s\u1ea1ch, h\u1ea5p ch\u00edn, mang c\u1ea5p \u0111\u00f4ng sau \u0111\u00f3 \u0111\u01b0a v\u00e0o m\u00e1y s\u1ea5y th\u0103ng hoa, th\u00e0nh ph\u1ea9m mang nghi\u1ec1n m\u1ecbn<\/p>\n<p>B\u1ed9t c\u00f3 m\u00e0u tr\u1eafng xanh, li ti h\u1ea1t m\u00e0u \u0111en c\u1ee7a v\u1ecf, m\u00f9i th\u01a1m n\u1ed3ng, b\u1ed9t m\u1ecbn r\u00e2y l\u1ecdt l\u01b0\u1edbi 80 mesh, \u0111\u1ed9 \u1ea9m &lt;5%<\/td>\n<\/tr>\n<tr>\n<td>H\u00e0m l\u01b0\u1ee3ng dinh d\u01b0\u1ee1ng<\/td>\n<td>Ch\u1ee9a nhi\u1ec1u ch\u1ea5t nh\u01b0: protein t\u1ef1 nhi\u00ean, ch\u1ea5t b\u00e9o, canxi, ph\u1ed1t pho, vitamin, s\u1eaft,&#8230;. C\u00e1c axit amin t\u1ed1t cho qu\u00e1 tr\u00ecnh l\u00e3o h\u00f3a nh\u01b0 lysin, valin&#8230;.<\/td>\n<\/tr>\n<tr>\n<td>C\u00f4ng d\u1ee5ng<\/td>\n<td>D\u00f9ng trong pha ch\u1ebf \u0111\u1ed3 u\u1ed1ng v\u00e0 ch\u1ebf bi\u1ebfn th\u1ef1c ph\u1ea9m, c\u00e1c lo\u1ea1i th\u1ef1c ph\u1ea9m b\u1ed5 sung dinh d\u01b0\u1ee1ng cho c\u01a1 th\u1ec3 nh\u01b0 ng\u0169 c\u1ed1c, b\u1ed9t dinh d\u01b0\u1ee1ng, t\u1ed1t cho ng\u01b0\u1eddi \u0103n chay, ng\u01b0\u1eddi b\u1ec7nh ti\u1ec3u \u0111\u01b0\u1eddng<\/td>\n<\/tr>\n<\/tbody>\n<\/table>\n<p>B\u1ea1n c\u00f3 mu\u1ed1n t\u00ecm ki\u1ebfm m\u1ed9t ngu\u1ed3n n\u0103ng l\u01b0\u1ee3ng t\u1ef1 nhi\u00ean, gi\u00e0u dinh d\u01b0\u1ee1ng \u0111\u1ec3 b\u1eaft \u0111\u1ea7u m\u1ed9t ng\u00e0y m\u1edbi? <strong><a href=\"https:\/\/bamboovipfood.com\/en\/product\/pure-freeze-dried-black-bean-powder\/\">B\u1ed9t \u0111\u1eadu \u0111en s\u1ea5y th\u0103ng hoa<\/a><\/strong> ch\u00ednh l\u00e0 l\u1ef1a ch\u1ecdn d\u00e0nh cho b\u1ea1n. V\u1edbi c\u00f4ng ngh\u1ec7 s\u1ea5y hi\u1ec7n \u0111\u1ea1i, h\u01b0\u01a1ng v\u1ecb th\u01a1m b\u00f9i, b\u00e9o ng\u1eady c\u1ee7a \u0111\u1eadu \u0111en \u0111\u01b0\u1ee3c gi\u1eef nguy\u00ean v\u1eb9n, t\u1ea1o n\u00ean m\u1ed9t m\u00f3n \u0103n th\u01a1m ngon, h\u1ea5p d\u1eabn. Ch\u1ec9 v\u1edbi v\u00e0i thao t\u00e1c \u0111\u01a1n gi\u1ea3n, b\u1ea1n \u0111\u00e3 c\u00f3 ngay m\u1ed9t ly s\u1eefa h\u1ea1t th\u01a1m ngon, b\u1ed5 d\u01b0\u1ee1ng \u0111\u1ec3 d\u00f9ng l\u00e0m b\u1eefa s\u00e1ng ho\u1eb7c b\u1eefa ph\u1ee5.<\/p>\n<h3><strong>T\u1ea1i sao n\u00ean ch\u1ecdn<\/strong><strong> B\u1ed9t \u0110\u1eadu \u0110en S\u1ea5y Th\u0103ng Hoa<\/strong><strong>?<\/strong><\/h3>\n<ul>\n<li>Gi\u1eef nguy\u00ean d\u01b0\u1ee1ng ch\u1ea5t: C\u00f4ng ngh\u1ec7 s\u1ea5y th\u0103ng hoa hi\u1ec7n \u0111\u1ea1i gi\u00fap b\u1ea3o to\u00e0n t\u1ed1i \u0111a h\u00e0m l\u01b0\u1ee3ng protein, ch\u1ea5t x\u01a1, vitamin v\u00e0 kho\u00e1ng ch\u1ea5t c\u00f3 trong \u0111\u1eadu \u0111en t\u01b0\u01a1i.<\/li>\n<li>H\u01b0\u01a1ng v\u1ecb th\u01a1m ngon: B\u1ed9t \u0111\u1eadu \u0111en gi\u1eef nguy\u00ean h\u01b0\u01a1ng v\u1ecb th\u01a1m b\u00f9i \u0111\u1eb7c tr\u01b0ng c\u1ee7a \u0111\u1eadu \u0111en, mang \u0111\u1ebfn tr\u1ea3i nghi\u1ec7m \u1ea9m th\u1ef1c tuy\u1ec7t v\u1eddi.<\/li>\n<li>Ti\u1ec7n l\u1ee3i: D\u1ec5 d\u00e0ng pha ch\u1ebf, b\u1ea3o qu\u1ea3n v\u00e0 mang theo.<\/li>\n<li>\u0110a d\u1ea1ng \u1ee9ng d\u1ee5ng: C\u00f3 th\u1ec3 s\u1eed d\u1ee5ng \u0111\u1ec3 l\u00e0m b\u00e1nh, s\u1eefa h\u1ea1t, sinh t\u1ed1, ho\u1eb7c pha c\u00f9ng c\u00e1c lo\u1ea1i \u0111\u1ed3 u\u1ed1ng kh\u00e1c.<\/li>\n<\/ul>\n<h3><strong>L\u1ee3i \u00edch tuy\u1ec7t v\u1eddi cho s\u1ee9c kh\u1ecfe<\/strong><strong> c\u1ee7a B\u1ed9t \u0110\u1eadu \u0110en S\u1ea5y Th\u0103ng Hoa<\/strong><\/h3>\n<ul>\n<li>C\u1ea3i thi\u1ec7n ti\u00eau h\u00f3a: Ch\u1ea5t x\u01a1 d\u1ed3i d\u00e0o gi\u00fap h\u1ed7 tr\u1ee3 h\u1ec7 ti\u00eau h\u00f3a kh\u1ecfe m\u1ea1nh, ng\u0103n ng\u1eeba t\u00e1o b\u00f3n.<\/li>\n<li>Ki\u1ec3m so\u00e1t \u0111\u01b0\u1eddng huy\u1ebft: Gi\u00fap \u1ed5n \u0111\u1ecbnh \u0111\u01b0\u1eddng huy\u1ebft, \u0111\u1eb7c bi\u1ec7t t\u1ed1t cho ng\u01b0\u1eddi m\u1eafc b\u1ec7nh ti\u1ec3u \u0111\u01b0\u1eddng.<\/li>\n<li>T\u1ed1t cho tim m\u1ea1ch: Gi\u1ea3m cholesterol x\u1ea5u, b\u1ea3o v\u1ec7 tim m\u1ea1ch.<\/li>\n<li>Cung c\u1ea5p n\u0103ng l\u01b0\u1ee3ng: L\u00e0 ngu\u1ed3n n\u0103ng l\u01b0\u1ee3ng d\u1ed3i d\u00e0o, gi\u00fap b\u1ea1n lu\u00f4n tr\u00e0n \u0111\u1ea7y s\u1ee9c s\u1ed1ng.<\/li>\n<li>T\u1ed1t cho l\u00e0n da: C\u00e1c ch\u1ea5t ch\u1ed1ng oxy h\u00f3a gi\u00fap b\u1ea3o v\u1ec7 da kh\u1ecfi t\u00e1c h\u1ea1i c\u1ee7a g\u1ed1c t\u1ef1 do, l\u00e0m ch\u1eadm qu\u00e1 tr\u00ecnh l\u00e3o h\u00f3a.<\/li>\n<\/ul>\n<h3><strong>\u1ee8ng d\u1ee5ng \u0111a d\u1ea1ng<\/strong><\/h3>\n<ul>\n<li>Pha ch\u1ebf \u0111\u1ed3 u\u1ed1ng: Pha c\u00f9ng s\u1eefa, n\u01b0\u1edbc \u1ea5m \u0111\u1ec3 t\u1ea1o th\u00e0nh th\u1ee9c u\u1ed1ng th\u01a1m ngon, b\u1ed5 d\u01b0\u1ee1ng.<\/li>\n<li>L\u00e0m s\u1eefa h\u1ea1t: K\u1ebft h\u1ee3p v\u1edbi c\u00e1c lo\u1ea1i h\u1ea1t kh\u00e1c \u0111\u1ec3 t\u1ea1o ra s\u1eefa h\u1ea1t th\u01a1m ngon, b\u1ed5 d\u01b0\u1ee1ng.<\/li>\n<li>Sinh t\u1ed1: Pha c\u00f9ng tr\u00e1i c\u00e2y t\u01b0\u01a1i \u0111\u1ec3 t\u1ea1o ra nh\u1eefng ly sinh t\u1ed1 th\u01a1m ngon, b\u1ed5 d\u01b0\u1ee1ng.<\/li>\n<\/ul>\n<blockquote><p>Explore more of our powder products:\u00a0<strong><a href=\"https:\/\/bamboovipfood.com\/en\/product-category\/freeze-dried-vegetable-powder\/\">https:\/\/bamboovipfood.com\/en\/product-category\/freeze-dried-vegetable-powder\/<\/a><\/strong><\/p><\/blockquote>\n<p><span style=\"color: #993300;\"><strong>Whether you are looking for retail purchases or wholesale distribution, please contact us for further assistance. Hotline: 0909 753 648<\/strong><\/span><\/p>","protected":false},"excerpt":{"rendered":"<p>Ph\u01b0\u01a1ng ph\u00e1p s\u1ea5y S\u1ea5y th\u0103ng hoa Ngu\u1ed3n g\u1ed1c T\u1eeb nh\u1eefng h\u1ea1t \u0111\u1eadu \u0111en \u0111\u01b0\u1ee3c ch\u1ecdn l\u1ecdc, l\u00e0m s\u1ea1ch, h\u1ea5p ch\u00edn, mang c\u1ea5p \u0111\u00f4ng sau \u0111\u00f3 \u0111\u01b0a v\u00e0o m\u00e1y s\u1ea5y th\u0103ng hoa, th\u00e0nh ph\u1ea9m mang nghi\u1ec1n m\u1ecbn B\u1ed9t c\u00f3 m\u00e0u tr\u1eafng xanh, li ti h\u1ea1t m\u00e0u \u0111en c\u1ee7a v\u1ecf, m\u00f9i th\u01a1m n\u1ed3ng, b\u1ed9t m\u1ecbn r\u00e2y l\u1ecdt [&hellip;]<\/p>","protected":false},"featured_media":9375,"comment_status":"open","ping_status":"closed","template":"","meta":[],"product_cat":[238],"product_tag":[],"class_list":{"0":"post-9094","1":"product","2":"type-product","3":"status-publish","4":"has-post-thumbnail","6":"product_cat-bot-rau-cu-qua","8":"first","9":"instock","10":"shipping-taxable","11":"purchasable","12":"product-type-variable","13":"wvs-archive-product-wrapper"},"yoast_head":"<!-- This site is optimized with the Yoast SEO plugin v25.7 - https:\/\/yoast.com\/wordpress\/plugins\/seo\/ -->\n<title>B\u1ed9t \u0111\u1eadu \u0111en nguy\u00ean ch\u1ea5t s\u1ea5y th\u0103ng hoa - Bamboo Freeze Drying<\/title>\n<meta name=\"robots\" content=\"index, follow, max-snippet:-1, max-image-preview:large, max-video-preview:-1\" \/>\n<link rel=\"canonical\" href=\"https:\/\/bamboovipfood.com\/en\/product\/pure-freeze-dried-black-bean-powder\/\" \/>\n<meta property=\"og:locale\" content=\"en_US\" \/>\n<meta property=\"og:type\" content=\"article\" \/>\n<meta property=\"og:title\" content=\"B\u1ed9t \u0111\u1eadu \u0111en nguy\u00ean ch\u1ea5t s\u1ea5y th\u0103ng hoa - Bamboo Freeze Drying\" \/>\n<meta property=\"og:description\" content=\"Ph\u01b0\u01a1ng ph\u00e1p s\u1ea5y S\u1ea5y th\u0103ng hoa Ngu\u1ed3n g\u1ed1c T\u1eeb nh\u1eefng h\u1ea1t \u0111\u1eadu \u0111en \u0111\u01b0\u1ee3c ch\u1ecdn l\u1ecdc, l\u00e0m s\u1ea1ch, h\u1ea5p ch\u00edn, mang c\u1ea5p \u0111\u00f4ng sau \u0111\u00f3 \u0111\u01b0a v\u00e0o m\u00e1y s\u1ea5y th\u0103ng hoa, th\u00e0nh ph\u1ea9m mang nghi\u1ec1n m\u1ecbn B\u1ed9t c\u00f3 m\u00e0u tr\u1eafng xanh, li ti h\u1ea1t m\u00e0u \u0111en c\u1ee7a v\u1ecf, m\u00f9i th\u01a1m n\u1ed3ng, b\u1ed9t m\u1ecbn r\u00e2y l\u1ecdt [&hellip;]\" \/>\n<meta property=\"og:url\" content=\"https:\/\/bamboovipfood.com\/en\/product\/pure-freeze-dried-black-bean-powder\/\" \/>\n<meta property=\"og:site_name\" content=\"Bamboo Freeze Drying\" \/>\n<meta property=\"article:modified_time\" content=\"2024-11-18T06:33:26+00:00\" \/>\n<meta property=\"og:image\" content=\"https:\/\/bamboovipfood.com\/wp-content\/uploads\/2024\/10\/bot-dau-den-say-thang-hoa.jpg\" \/>\n\t<meta property=\"og:image:width\" content=\"750\" \/>\n\t<meta property=\"og:image:height\" content=\"750\" \/>\n\t<meta property=\"og:image:type\" content=\"image\/jpeg\" \/>\n<meta name=\"twitter:card\" content=\"summary_large_image\" \/>\n<meta name=\"twitter:label1\" content=\"Est. reading time\" \/>\n\t<meta name=\"twitter:data1\" content=\"3 minutes\" \/>\n<script type=\"application\/ld+json\" class=\"yoast-schema-graph\">{\"@context\":\"https:\/\/schema.org\",\"@graph\":[{\"@type\":\"WebPage\",\"@id\":\"https:\/\/bamboovipfood.com\/san-pham\/bot-dau-den-nguyen-chat\/\",\"url\":\"https:\/\/bamboovipfood.com\/san-pham\/bot-dau-den-nguyen-chat\/\",\"name\":\"B\u1ed9t \u0111\u1eadu \u0111en nguy\u00ean ch\u1ea5t s\u1ea5y th\u0103ng hoa - Bamboo Freeze Drying\",\"isPartOf\":{\"@id\":\"https:\/\/bamboovipfood.com\/#website\"},\"primaryImageOfPage\":{\"@id\":\"https:\/\/bamboovipfood.com\/san-pham\/bot-dau-den-nguyen-chat\/#primaryimage\"},\"image\":{\"@id\":\"https:\/\/bamboovipfood.com\/san-pham\/bot-dau-den-nguyen-chat\/#primaryimage\"},\"thumbnailUrl\":\"https:\/\/bamboovipfood.com\/wp-content\/uploads\/2024\/10\/bot-dau-den-say-thang-hoa.jpg\",\"datePublished\":\"2024-11-07T01:46:47+00:00\",\"dateModified\":\"2024-11-18T06:33:26+00:00\",\"breadcrumb\":{\"@id\":\"https:\/\/bamboovipfood.com\/san-pham\/bot-dau-den-nguyen-chat\/#breadcrumb\"},\"inLanguage\":\"en-US\",\"potentialAction\":[{\"@type\":\"ReadAction\",\"target\":[\"https:\/\/bamboovipfood.com\/san-pham\/bot-dau-den-nguyen-chat\/\"]}]},{\"@type\":\"ImageObject\",\"inLanguage\":\"en-US\",\"@id\":\"https:\/\/bamboovipfood.com\/san-pham\/bot-dau-den-nguyen-chat\/#primaryimage\",\"url\":\"https:\/\/bamboovipfood.com\/wp-content\/uploads\/2024\/10\/bot-dau-den-say-thang-hoa.jpg\",\"contentUrl\":\"https:\/\/bamboovipfood.com\/wp-content\/uploads\/2024\/10\/bot-dau-den-say-thang-hoa.jpg\",\"width\":750,\"height\":750},{\"@type\":\"BreadcrumbList\",\"@id\":\"https:\/\/bamboovipfood.com\/san-pham\/bot-dau-den-nguyen-chat\/#breadcrumb\",\"itemListElement\":[{\"@type\":\"ListItem\",\"position\":1,\"name\":\"Trang ch\u1ee7\",\"item\":\"https:\/\/bamboovipfood.com\/\"},{\"@type\":\"ListItem\",\"position\":2,\"name\":\"Shop\",\"item\":\"https:\/\/bamboovipfood.com\/shop\/\"},{\"@type\":\"ListItem\",\"position\":3,\"name\":\"B\u1ed9t \u0111\u1eadu \u0111en nguy\u00ean ch\u1ea5t s\u1ea5y th\u0103ng hoa\"}]},{\"@type\":\"WebSite\",\"@id\":\"https:\/\/bamboovipfood.com\/#website\",\"url\":\"https:\/\/bamboovipfood.com\/\",\"name\":\"Bamboo Freeze Drying\",\"description\":\"Nh\u00e0 cung \u1ee9ng s\u1ea3n ph\u1ea9m s\u1ea5y th\u0103ng hoa h\u00e0ng \u0111\u1ea7u\",\"publisher\":{\"@id\":\"https:\/\/bamboovipfood.com\/#organization\"},\"potentialAction\":[{\"@type\":\"SearchAction\",\"target\":{\"@type\":\"EntryPoint\",\"urlTemplate\":\"https:\/\/bamboovipfood.com\/?s={search_term_string}\"},\"query-input\":{\"@type\":\"PropertyValueSpecification\",\"valueRequired\":true,\"valueName\":\"search_term_string\"}}],\"inLanguage\":\"en-US\"},{\"@type\":\"Organization\",\"@id\":\"https:\/\/bamboovipfood.com\/#organization\",\"name\":\"Bamboo Freeze Drying\",\"url\":\"https:\/\/bamboovipfood.com\/\",\"logo\":{\"@type\":\"ImageObject\",\"inLanguage\":\"en-US\",\"@id\":\"https:\/\/bamboovipfood.com\/#\/schema\/logo\/image\/\",\"url\":\"https:\/\/bamboovipfood.com\/wp-content\/uploads\/2020\/08\/Logo-Bamboo-Freeze-Dry-Dark.png\",\"contentUrl\":\"https:\/\/bamboovipfood.com\/wp-content\/uploads\/2020\/08\/Logo-Bamboo-Freeze-Dry-Dark.png\",\"width\":500,\"height\":189,\"caption\":\"Bamboo Freeze Drying\"},\"image\":{\"@id\":\"https:\/\/bamboovipfood.com\/#\/schema\/logo\/image\/\"}}]}<\/script>\n<!-- \/ Yoast SEO plugin. -->","yoast_head_json":{"title":"B\u1ed9t \u0111\u1eadu \u0111en nguy\u00ean ch\u1ea5t s\u1ea5y th\u0103ng hoa - Bamboo Freeze Drying","robots":{"index":"index","follow":"follow","max-snippet":"max-snippet:-1","max-image-preview":"max-image-preview:large","max-video-preview":"max-video-preview:-1"},"canonical":"https:\/\/bamboovipfood.com\/en\/product\/pure-freeze-dried-black-bean-powder\/","og_locale":"en_US","og_type":"article","og_title":"B\u1ed9t \u0111\u1eadu \u0111en nguy\u00ean ch\u1ea5t s\u1ea5y th\u0103ng hoa - Bamboo Freeze Drying","og_description":"Ph\u01b0\u01a1ng ph\u00e1p s\u1ea5y S\u1ea5y th\u0103ng hoa Ngu\u1ed3n g\u1ed1c T\u1eeb nh\u1eefng h\u1ea1t \u0111\u1eadu \u0111en \u0111\u01b0\u1ee3c ch\u1ecdn l\u1ecdc, l\u00e0m s\u1ea1ch, h\u1ea5p ch\u00edn, mang c\u1ea5p \u0111\u00f4ng sau \u0111\u00f3 \u0111\u01b0a v\u00e0o m\u00e1y s\u1ea5y th\u0103ng hoa, th\u00e0nh ph\u1ea9m mang nghi\u1ec1n m\u1ecbn B\u1ed9t c\u00f3 m\u00e0u tr\u1eafng xanh, li ti h\u1ea1t m\u00e0u \u0111en c\u1ee7a v\u1ecf, m\u00f9i th\u01a1m n\u1ed3ng, b\u1ed9t m\u1ecbn r\u00e2y l\u1ecdt [&hellip;]","og_url":"https:\/\/bamboovipfood.com\/en\/product\/pure-freeze-dried-black-bean-powder\/","og_site_name":"Bamboo Freeze Drying","article_modified_time":"2024-11-18T06:33:26+00:00","og_image":[{"width":750,"height":750,"url":"https:\/\/bamboovipfood.com\/wp-content\/uploads\/2024\/10\/bot-dau-den-say-thang-hoa.jpg","type":"image\/jpeg"}],"twitter_card":"summary_large_image","twitter_misc":{"Est. reading time":"3 minutes"},"schema":{"@context":"https:\/\/schema.org","@graph":[{"@type":"WebPage","@id":"https:\/\/bamboovipfood.com\/san-pham\/bot-dau-den-nguyen-chat\/","url":"https:\/\/bamboovipfood.com\/san-pham\/bot-dau-den-nguyen-chat\/","name":"B\u1ed9t \u0111\u1eadu \u0111en nguy\u00ean ch\u1ea5t s\u1ea5y th\u0103ng hoa - Bamboo Freeze Drying","isPartOf":{"@id":"https:\/\/bamboovipfood.com\/#website"},"primaryImageOfPage":{"@id":"https:\/\/bamboovipfood.com\/san-pham\/bot-dau-den-nguyen-chat\/#primaryimage"},"image":{"@id":"https:\/\/bamboovipfood.com\/san-pham\/bot-dau-den-nguyen-chat\/#primaryimage"},"thumbnailUrl":"https:\/\/bamboovipfood.com\/wp-content\/uploads\/2024\/10\/bot-dau-den-say-thang-hoa.jpg","datePublished":"2024-11-07T01:46:47+00:00","dateModified":"2024-11-18T06:33:26+00:00","breadcrumb":{"@id":"https:\/\/bamboovipfood.com\/san-pham\/bot-dau-den-nguyen-chat\/#breadcrumb"},"inLanguage":"en-US","potentialAction":[{"@type":"ReadAction","target":["https:\/\/bamboovipfood.com\/san-pham\/bot-dau-den-nguyen-chat\/"]}]},{"@type":"ImageObject","inLanguage":"en-US","@id":"https:\/\/bamboovipfood.com\/san-pham\/bot-dau-den-nguyen-chat\/#primaryimage","url":"https:\/\/bamboovipfood.com\/wp-content\/uploads\/2024\/10\/bot-dau-den-say-thang-hoa.jpg","contentUrl":"https:\/\/bamboovipfood.com\/wp-content\/uploads\/2024\/10\/bot-dau-den-say-thang-hoa.jpg","width":750,"height":750},{"@type":"BreadcrumbList","@id":"https:\/\/bamboovipfood.com\/san-pham\/bot-dau-den-nguyen-chat\/#breadcrumb","itemListElement":[{"@type":"ListItem","position":1,"name":"Trang ch\u1ee7","item":"https:\/\/bamboovipfood.com\/"},{"@type":"ListItem","position":2,"name":"Shop","item":"https:\/\/bamboovipfood.com\/shop\/"},{"@type":"ListItem","position":3,"name":"B\u1ed9t \u0111\u1eadu \u0111en nguy\u00ean ch\u1ea5t s\u1ea5y th\u0103ng hoa"}]},{"@type":"WebSite","@id":"https:\/\/bamboovipfood.com\/#website","url":"https:\/\/bamboovipfood.com\/","name":"Bamboo Freeze Drying","description":"Nh\u00e0 cung \u1ee9ng s\u1ea3n ph\u1ea9m s\u1ea5y th\u0103ng hoa h\u00e0ng \u0111\u1ea7u","publisher":{"@id":"https:\/\/bamboovipfood.com\/#organization"},"potentialAction":[{"@type":"SearchAction","target":{"@type":"EntryPoint","urlTemplate":"https:\/\/bamboovipfood.com\/?s={search_term_string}"},"query-input":{"@type":"PropertyValueSpecification","valueRequired":true,"valueName":"search_term_string"}}],"inLanguage":"en-US"},{"@type":"Organization","@id":"https:\/\/bamboovipfood.com\/#organization","name":"Bamboo Freeze Drying","url":"https:\/\/bamboovipfood.com\/","logo":{"@type":"ImageObject","inLanguage":"en-US","@id":"https:\/\/bamboovipfood.com\/#\/schema\/logo\/image\/","url":"https:\/\/bamboovipfood.com\/wp-content\/uploads\/2020\/08\/Logo-Bamboo-Freeze-Dry-Dark.png","contentUrl":"https:\/\/bamboovipfood.com\/wp-content\/uploads\/2020\/08\/Logo-Bamboo-Freeze-Dry-Dark.png","width":500,"height":189,"caption":"Bamboo Freeze Drying"},"image":{"@id":"https:\/\/bamboovipfood.com\/#\/schema\/logo\/image\/"}}]}},"_links":{"self":[{"href":"https:\/\/bamboovipfood.com\/en\/wp-json\/wp\/v2\/product\/9094","targetHints":{"allow":["GET"]}}],"collection":[{"href":"https:\/\/bamboovipfood.com\/en\/wp-json\/wp\/v2\/product"}],"about":[{"href":"https:\/\/bamboovipfood.com\/en\/wp-json\/wp\/v2\/types\/product"}],"replies":[{"embeddable":true,"href":"https:\/\/bamboovipfood.com\/en\/wp-json\/wp\/v2\/comments?post=9094"}],"wp:featuredmedia":[{"embeddable":true,"href":"https:\/\/bamboovipfood.com\/en\/wp-json\/wp\/v2\/media\/9375"}],"wp:attachment":[{"href":"https:\/\/bamboovipfood.com\/en\/wp-json\/wp\/v2\/media?parent=9094"}],"wp:term":[{"taxonomy":"product_cat","embeddable":true,"href":"https:\/\/bamboovipfood.com\/en\/wp-json\/wp\/v2\/product_cat?post=9094"},{"taxonomy":"product_tag","embeddable":true,"href":"https:\/\/bamboovipfood.com\/en\/wp-json\/wp\/v2\/product_tag?post=9094"}],"curies":[{"name":"wp","href":"https:\/\/api.w.org\/{rel}","templated":true}]}}