{"id":9030,"date":"2024-10-03T06:35:02","date_gmt":"2024-10-03T06:35:02","guid":{"rendered":"https:\/\/bamboovipfood.com\/?post_type=product&#038;p=9030"},"modified":"2024-10-03T08:26:14","modified_gmt":"2024-10-03T08:26:14","slug":"hoa-atiso-do-say-thang-hoa","status":"publish","type":"product","link":"https:\/\/bamboovipfood.com\/en\/product\/freeze-dried-hibiscus\/","title":{"rendered":"Premium Freeze-Dried Hibiscus Flowers"},"content":{"rendered":"<p>For a long time, hibiscus flowers have been known as a precious herb, offering numerous health benefits. With its refreshing taste and subtly tart flavor, hibiscus tea has become a familiar daily beverage for many. Utilizing advanced drying methods, <a href=\"https:\/\/bamboovipfood.com\/en\/product\/freeze-dried-hibiscus\/\"><strong>Freeze-Dried Red Artichoke Flowers<\/strong><\/a> Made from 100% hand-picked Hibiscus flowers, our advanced freeze-drying technology preserves the original flavor, vibrant color, and nutrients while ensuring long-term storage.<\/p>\n<p><img decoding=\"async\" class=\"aligncenter\" src=\"https:\/\/bamboovipfood.com\/wp-content\/uploads\/2024\/10\/hoa-atiso-do-say-thang-hoa-1.jpg\" \/><\/p>\n<h3>Hibiscus \u2013 The Queen of Herbs<\/h3>\n<p>Hibiscus biloba, also known as roselle, is a plant belonging to the Asteraceae family. The part used to make tea is mainly the calyx, which is bright red or deep purple. It's not only visually appealing but also contains many valuable nutrients such as vitamin C, antioxidants, and flavonoids. The amazing benefits of freeze-dried hibiscus tea:<\/p>\n<ul>\n<li><strong>Clears heat and detoxifies:<\/strong> Red artichoke tea is considered a \"miracle cure\" that helps cleanse the body, cool down, and detoxify the liver, especially beneficial for those who are frequently exposed to polluted environments or use many stimulants.<\/li>\n<li><strong>Supports digestion:<\/strong> The components in hibiscus flowers help stimulate digestion and reduce bloating, indigestion, and constipation.<\/li>\n<li><strong>Skin beautification:<\/strong>Thanks to its powerful antioxidant properties, hibiscus tea helps slow down the skin aging process, improve skin complexion, and reduce acne, dark spots, and freckles.<\/li>\n<li><strong>Supports weight loss:<\/strong> It has a mild diuretic effect, helping the body eliminate toxins and supporting effective weight loss when combined with a healthy diet and exercise.<\/li>\n<li><strong>Heart-Healthy<\/strong>: The antioxidants in hibiscus tea help lower blood cholesterol, prevent atherosclerosis, and thus protect cardiovascular health.<\/li>\n<li><strong>Improves sleep quality<\/strong>: Hibiscus tea has a mild sedative effect, helping you sleep better and reduce stress.<\/li>\n<\/ul>\n<p><img decoding=\"async\" class=\"aligncenter\" src=\"https:\/\/bamboovipfood.com\/wp-content\/uploads\/2024\/10\/hoa-atiso-do-say-thang-hoa-2.jpg\" \/><\/p>\n<h3>How to properly and deliciously brew freeze-dried hibiscus tea.<\/h3>\n<ul>\n<li>Ingredients: Freeze-dried artichoke flowers, boiling water.<\/li>\n<li>Instructions: Place a sufficient amount of artichoke flowers in a teapot, pour in boiling water, and steep for about 5-7 minutes.<\/li>\n<li>Enjoy: You can drink artichoke tea hot or cold, depending on your preference. To enhance the flavor, you can add a little honey or lemon.<\/li>\n<\/ul>\n<p><img decoding=\"async\" class=\"aligncenter\" src=\"https:\/\/bamboovipfood.com\/wp-content\/uploads\/2024\/10\/hoa-atiso-do-say-thang-hoa-4.jpg\" \/><\/p>\n<h3>Some recipes using freeze-dried hibiscus flowers.<\/h3>\n<ul>\n<li>Combining with other herbs: You can combine hibiscus flowers with herbs such as lemongrass, lime leaves, and pandan leaves to create new and unique flavors.<\/li>\n<li>Artichoke flower smoothie: Blending red artichoke flowers with fruits like apples and watermelons creates a refreshing and cooling drink.<\/li>\n<li>Artichoke flower salad: Boiled artichoke flowers are mixed with various green vegetables and avocado to create a refreshing and nutritious salad.<\/li>\n<\/ul>\n<h3>Notes on using hibiscus tea<\/h3>\n<ul>\n<li>People with low blood pressure should limit their consumption of artichoke tea, as it may further lower blood pressure.<\/li>\n<li>Pregnant and breastfeeding women: Consult your doctor before use.<\/li>\n<li>People with digestive problems should drink artichoke tea in moderation.<\/li>\n<\/ul>\n<h3>Leading supplier of freeze-dried hibiscus flowers in Vietnam:<\/h3>\n<p>You can buy <strong>Wholesale and retail freeze-dried artichoke flowers at Bamboo Freeze Drying<\/strong>wholesale prices starting from just 1kg. We are a leading processor and exporter of freeze-dried products in Vietnam, offering a range of fruits, vegetables, mushrooms, snacks, and health products. All ingredients are carefully selected from reputable sources, ensuring the freshest and highest quality. Processed using the most advanced drying technology, preserving flavor and nutrients. We guarantee:<\/p>\n<ul>\n<li>We possess the production capacity to meet high-volume demands for businesses of all sizes and types: retailers, wholesalers, distributors, and food service providers.<\/li>\n<li>We offer private labeling services, allowing you to create your own brand.<\/li>\n<li>Our dedicated and friendly team is highly experienced and ready to assist customers.<\/li>\n<li>Fast and reliable delivery services, ensuring your orders arrive on time, every time.<\/li>\n<\/ul>","protected":false},"excerpt":{"rendered":"<p>T\u1eeb l\u00e2u, hoa atiso \u0111\u1ecf \u0111\u00e3 \u0111\u01b0\u1ee3c bi\u1ebft \u0111\u1ebfn nh\u01b0 m\u1ed9t lo\u1ea1i th\u1ea3o d\u01b0\u1ee3c qu\u00fd gi\u00e1, mang l\u1ea1i nhi\u1ec1u l\u1ee3i \u00edch cho s\u1ee9c kh\u1ecfe. V\u1edbi h\u01b0\u01a1ng v\u1ecb thanh m\u00e1t, h\u01a1i chua nh\u1eb9, tr\u00e0 hoa atiso \u0111\u1ecf \u0111\u00e3 tr\u1edf th\u00e0nh th\u1ee9c u\u1ed1ng quen thu\u1ed9c trong cu\u1ed9c s\u1ed1ng h\u00e0ng ng\u00e0y c\u1ee7a nhi\u1ec1u ng\u01b0\u1eddi. V\u1edbi ph\u01b0\u01a1ng ph\u00e1p s\u1ea5y [&hellip;]<\/p>","protected":false},"featured_media":9031,"comment_status":"open","ping_status":"closed","template":"","meta":[],"product_cat":[398],"product_tag":[],"class_list":{"0":"post-9030","1":"product","2":"type-product","3":"status-publish","4":"has-post-thumbnail","6":"product_cat-tra-thao-moc-thuc-pham-suc-khoe","8":"first","9":"instock","10":"shipping-taxable","11":"product-type-simple"},"yoast_head":"<!-- This site is optimized with the Yoast SEO plugin v25.7 - https:\/\/yoast.com\/wordpress\/plugins\/seo\/ -->\n<title>Hoa Atiso \u0111\u1ecf th\u01b0\u1ee3ng h\u1ea1ng s\u1ea5y th\u0103ng hoa - Bamboo Freeze Drying<\/title>\n<meta name=\"robots\" content=\"index, follow, max-snippet:-1, max-image-preview:large, max-video-preview:-1\" \/>\n<link rel=\"canonical\" href=\"https:\/\/bamboovipfood.com\/en\/product\/freeze-dried-hibiscus\/\" \/>\n<meta property=\"og:locale\" content=\"en_US\" \/>\n<meta property=\"og:type\" content=\"article\" \/>\n<meta property=\"og:title\" content=\"Hoa Atiso \u0111\u1ecf th\u01b0\u1ee3ng h\u1ea1ng s\u1ea5y th\u0103ng hoa - Bamboo Freeze Drying\" \/>\n<meta property=\"og:description\" content=\"T\u1eeb l\u00e2u, hoa atiso \u0111\u1ecf \u0111\u00e3 \u0111\u01b0\u1ee3c bi\u1ebft \u0111\u1ebfn nh\u01b0 m\u1ed9t lo\u1ea1i th\u1ea3o d\u01b0\u1ee3c qu\u00fd gi\u00e1, mang l\u1ea1i nhi\u1ec1u l\u1ee3i \u00edch cho s\u1ee9c kh\u1ecfe. V\u1edbi h\u01b0\u01a1ng v\u1ecb thanh m\u00e1t, h\u01a1i chua nh\u1eb9, tr\u00e0 hoa atiso \u0111\u1ecf \u0111\u00e3 tr\u1edf th\u00e0nh th\u1ee9c u\u1ed1ng quen thu\u1ed9c trong cu\u1ed9c s\u1ed1ng h\u00e0ng ng\u00e0y c\u1ee7a nhi\u1ec1u ng\u01b0\u1eddi. V\u1edbi ph\u01b0\u01a1ng ph\u00e1p s\u1ea5y [&hellip;]\" \/>\n<meta property=\"og:url\" content=\"https:\/\/bamboovipfood.com\/en\/product\/freeze-dried-hibiscus\/\" \/>\n<meta property=\"og:site_name\" content=\"Bamboo Freeze Drying\" \/>\n<meta property=\"article:modified_time\" content=\"2024-10-03T08:26:14+00:00\" \/>\n<meta property=\"og:image\" content=\"https:\/\/bamboovipfood.com\/wp-content\/uploads\/2024\/10\/hoa-atiso-do-say-thang-hoa.jpg\" \/>\n\t<meta property=\"og:image:width\" content=\"750\" \/>\n\t<meta property=\"og:image:height\" content=\"750\" \/>\n\t<meta property=\"og:image:type\" content=\"image\/jpeg\" \/>\n<meta name=\"twitter:card\" content=\"summary_large_image\" \/>\n<meta name=\"twitter:label1\" content=\"Est. reading time\" \/>\n\t<meta name=\"twitter:data1\" content=\"6 minutes\" \/>\n<script type=\"application\/ld+json\" class=\"yoast-schema-graph\">{\"@context\":\"https:\/\/schema.org\",\"@graph\":[{\"@type\":\"WebPage\",\"@id\":\"https:\/\/bamboovipfood.com\/san-pham\/hoa-atiso-do-say-thang-hoa\/\",\"url\":\"https:\/\/bamboovipfood.com\/san-pham\/hoa-atiso-do-say-thang-hoa\/\",\"name\":\"Hoa Atiso \u0111\u1ecf th\u01b0\u1ee3ng h\u1ea1ng s\u1ea5y th\u0103ng hoa - Bamboo Freeze Drying\",\"isPartOf\":{\"@id\":\"https:\/\/bamboovipfood.com\/#website\"},\"primaryImageOfPage\":{\"@id\":\"https:\/\/bamboovipfood.com\/san-pham\/hoa-atiso-do-say-thang-hoa\/#primaryimage\"},\"image\":{\"@id\":\"https:\/\/bamboovipfood.com\/san-pham\/hoa-atiso-do-say-thang-hoa\/#primaryimage\"},\"thumbnailUrl\":\"https:\/\/bamboovipfood.com\/wp-content\/uploads\/2024\/10\/hoa-atiso-do-say-thang-hoa.jpg\",\"datePublished\":\"2024-10-03T06:35:02+00:00\",\"dateModified\":\"2024-10-03T08:26:14+00:00\",\"breadcrumb\":{\"@id\":\"https:\/\/bamboovipfood.com\/san-pham\/hoa-atiso-do-say-thang-hoa\/#breadcrumb\"},\"inLanguage\":\"en-US\",\"potentialAction\":[{\"@type\":\"ReadAction\",\"target\":[\"https:\/\/bamboovipfood.com\/san-pham\/hoa-atiso-do-say-thang-hoa\/\"]}]},{\"@type\":\"ImageObject\",\"inLanguage\":\"en-US\",\"@id\":\"https:\/\/bamboovipfood.com\/san-pham\/hoa-atiso-do-say-thang-hoa\/#primaryimage\",\"url\":\"https:\/\/bamboovipfood.com\/wp-content\/uploads\/2024\/10\/hoa-atiso-do-say-thang-hoa.jpg\",\"contentUrl\":\"https:\/\/bamboovipfood.com\/wp-content\/uploads\/2024\/10\/hoa-atiso-do-say-thang-hoa.jpg\",\"width\":750,\"height\":750},{\"@type\":\"BreadcrumbList\",\"@id\":\"https:\/\/bamboovipfood.com\/san-pham\/hoa-atiso-do-say-thang-hoa\/#breadcrumb\",\"itemListElement\":[{\"@type\":\"ListItem\",\"position\":1,\"name\":\"Trang ch\u1ee7\",\"item\":\"https:\/\/bamboovipfood.com\/\"},{\"@type\":\"ListItem\",\"position\":2,\"name\":\"Shop\",\"item\":\"https:\/\/bamboovipfood.com\/shop\/\"},{\"@type\":\"ListItem\",\"position\":3,\"name\":\"Hoa Atiso \u0111\u1ecf th\u01b0\u1ee3ng h\u1ea1ng s\u1ea5y th\u0103ng hoa\"}]},{\"@type\":\"WebSite\",\"@id\":\"https:\/\/bamboovipfood.com\/#website\",\"url\":\"https:\/\/bamboovipfood.com\/\",\"name\":\"Bamboo Freeze Drying\",\"description\":\"Nh\u00e0 cung \u1ee9ng s\u1ea3n ph\u1ea9m s\u1ea5y th\u0103ng hoa h\u00e0ng \u0111\u1ea7u\",\"publisher\":{\"@id\":\"https:\/\/bamboovipfood.com\/#organization\"},\"potentialAction\":[{\"@type\":\"SearchAction\",\"target\":{\"@type\":\"EntryPoint\",\"urlTemplate\":\"https:\/\/bamboovipfood.com\/?s={search_term_string}\"},\"query-input\":{\"@type\":\"PropertyValueSpecification\",\"valueRequired\":true,\"valueName\":\"search_term_string\"}}],\"inLanguage\":\"en-US\"},{\"@type\":\"Organization\",\"@id\":\"https:\/\/bamboovipfood.com\/#organization\",\"name\":\"Bamboo Freeze Drying\",\"url\":\"https:\/\/bamboovipfood.com\/\",\"logo\":{\"@type\":\"ImageObject\",\"inLanguage\":\"en-US\",\"@id\":\"https:\/\/bamboovipfood.com\/#\/schema\/logo\/image\/\",\"url\":\"https:\/\/bamboovipfood.com\/wp-content\/uploads\/2020\/08\/Logo-Bamboo-Freeze-Dry-Dark.png\",\"contentUrl\":\"https:\/\/bamboovipfood.com\/wp-content\/uploads\/2020\/08\/Logo-Bamboo-Freeze-Dry-Dark.png\",\"width\":500,\"height\":189,\"caption\":\"Bamboo Freeze Drying\"},\"image\":{\"@id\":\"https:\/\/bamboovipfood.com\/#\/schema\/logo\/image\/\"}}]}<\/script>\n<!-- \/ Yoast SEO plugin. -->","yoast_head_json":{"title":"Hoa Atiso \u0111\u1ecf th\u01b0\u1ee3ng h\u1ea1ng s\u1ea5y th\u0103ng hoa - Bamboo Freeze Drying","robots":{"index":"index","follow":"follow","max-snippet":"max-snippet:-1","max-image-preview":"max-image-preview:large","max-video-preview":"max-video-preview:-1"},"canonical":"https:\/\/bamboovipfood.com\/en\/product\/freeze-dried-hibiscus\/","og_locale":"en_US","og_type":"article","og_title":"Hoa Atiso \u0111\u1ecf th\u01b0\u1ee3ng h\u1ea1ng s\u1ea5y th\u0103ng hoa - Bamboo Freeze Drying","og_description":"T\u1eeb l\u00e2u, hoa atiso \u0111\u1ecf \u0111\u00e3 \u0111\u01b0\u1ee3c bi\u1ebft \u0111\u1ebfn nh\u01b0 m\u1ed9t lo\u1ea1i th\u1ea3o d\u01b0\u1ee3c qu\u00fd gi\u00e1, mang l\u1ea1i nhi\u1ec1u l\u1ee3i \u00edch cho s\u1ee9c kh\u1ecfe. V\u1edbi h\u01b0\u01a1ng v\u1ecb thanh m\u00e1t, h\u01a1i chua nh\u1eb9, tr\u00e0 hoa atiso \u0111\u1ecf \u0111\u00e3 tr\u1edf th\u00e0nh th\u1ee9c u\u1ed1ng quen thu\u1ed9c trong cu\u1ed9c s\u1ed1ng h\u00e0ng ng\u00e0y c\u1ee7a nhi\u1ec1u ng\u01b0\u1eddi. V\u1edbi ph\u01b0\u01a1ng ph\u00e1p s\u1ea5y [&hellip;]","og_url":"https:\/\/bamboovipfood.com\/en\/product\/freeze-dried-hibiscus\/","og_site_name":"Bamboo Freeze Drying","article_modified_time":"2024-10-03T08:26:14+00:00","og_image":[{"width":750,"height":750,"url":"https:\/\/bamboovipfood.com\/wp-content\/uploads\/2024\/10\/hoa-atiso-do-say-thang-hoa.jpg","type":"image\/jpeg"}],"twitter_card":"summary_large_image","twitter_misc":{"Est. reading time":"6 minutes"},"schema":{"@context":"https:\/\/schema.org","@graph":[{"@type":"WebPage","@id":"https:\/\/bamboovipfood.com\/san-pham\/hoa-atiso-do-say-thang-hoa\/","url":"https:\/\/bamboovipfood.com\/san-pham\/hoa-atiso-do-say-thang-hoa\/","name":"Hoa Atiso \u0111\u1ecf th\u01b0\u1ee3ng h\u1ea1ng s\u1ea5y th\u0103ng hoa - Bamboo Freeze Drying","isPartOf":{"@id":"https:\/\/bamboovipfood.com\/#website"},"primaryImageOfPage":{"@id":"https:\/\/bamboovipfood.com\/san-pham\/hoa-atiso-do-say-thang-hoa\/#primaryimage"},"image":{"@id":"https:\/\/bamboovipfood.com\/san-pham\/hoa-atiso-do-say-thang-hoa\/#primaryimage"},"thumbnailUrl":"https:\/\/bamboovipfood.com\/wp-content\/uploads\/2024\/10\/hoa-atiso-do-say-thang-hoa.jpg","datePublished":"2024-10-03T06:35:02+00:00","dateModified":"2024-10-03T08:26:14+00:00","breadcrumb":{"@id":"https:\/\/bamboovipfood.com\/san-pham\/hoa-atiso-do-say-thang-hoa\/#breadcrumb"},"inLanguage":"en-US","potentialAction":[{"@type":"ReadAction","target":["https:\/\/bamboovipfood.com\/san-pham\/hoa-atiso-do-say-thang-hoa\/"]}]},{"@type":"ImageObject","inLanguage":"en-US","@id":"https:\/\/bamboovipfood.com\/san-pham\/hoa-atiso-do-say-thang-hoa\/#primaryimage","url":"https:\/\/bamboovipfood.com\/wp-content\/uploads\/2024\/10\/hoa-atiso-do-say-thang-hoa.jpg","contentUrl":"https:\/\/bamboovipfood.com\/wp-content\/uploads\/2024\/10\/hoa-atiso-do-say-thang-hoa.jpg","width":750,"height":750},{"@type":"BreadcrumbList","@id":"https:\/\/bamboovipfood.com\/san-pham\/hoa-atiso-do-say-thang-hoa\/#breadcrumb","itemListElement":[{"@type":"ListItem","position":1,"name":"Trang ch\u1ee7","item":"https:\/\/bamboovipfood.com\/"},{"@type":"ListItem","position":2,"name":"Shop","item":"https:\/\/bamboovipfood.com\/shop\/"},{"@type":"ListItem","position":3,"name":"Hoa Atiso \u0111\u1ecf th\u01b0\u1ee3ng h\u1ea1ng s\u1ea5y th\u0103ng hoa"}]},{"@type":"WebSite","@id":"https:\/\/bamboovipfood.com\/#website","url":"https:\/\/bamboovipfood.com\/","name":"Bamboo Freeze Drying","description":"Nh\u00e0 cung \u1ee9ng s\u1ea3n ph\u1ea9m s\u1ea5y th\u0103ng hoa h\u00e0ng \u0111\u1ea7u","publisher":{"@id":"https:\/\/bamboovipfood.com\/#organization"},"potentialAction":[{"@type":"SearchAction","target":{"@type":"EntryPoint","urlTemplate":"https:\/\/bamboovipfood.com\/?s={search_term_string}"},"query-input":{"@type":"PropertyValueSpecification","valueRequired":true,"valueName":"search_term_string"}}],"inLanguage":"en-US"},{"@type":"Organization","@id":"https:\/\/bamboovipfood.com\/#organization","name":"Bamboo Freeze Drying","url":"https:\/\/bamboovipfood.com\/","logo":{"@type":"ImageObject","inLanguage":"en-US","@id":"https:\/\/bamboovipfood.com\/#\/schema\/logo\/image\/","url":"https:\/\/bamboovipfood.com\/wp-content\/uploads\/2020\/08\/Logo-Bamboo-Freeze-Dry-Dark.png","contentUrl":"https:\/\/bamboovipfood.com\/wp-content\/uploads\/2020\/08\/Logo-Bamboo-Freeze-Dry-Dark.png","width":500,"height":189,"caption":"Bamboo Freeze Drying"},"image":{"@id":"https:\/\/bamboovipfood.com\/#\/schema\/logo\/image\/"}}]}},"_links":{"self":[{"href":"https:\/\/bamboovipfood.com\/en\/wp-json\/wp\/v2\/product\/9030","targetHints":{"allow":["GET"]}}],"collection":[{"href":"https:\/\/bamboovipfood.com\/en\/wp-json\/wp\/v2\/product"}],"about":[{"href":"https:\/\/bamboovipfood.com\/en\/wp-json\/wp\/v2\/types\/product"}],"replies":[{"embeddable":true,"href":"https:\/\/bamboovipfood.com\/en\/wp-json\/wp\/v2\/comments?post=9030"}],"wp:featuredmedia":[{"embeddable":true,"href":"https:\/\/bamboovipfood.com\/en\/wp-json\/wp\/v2\/media\/9031"}],"wp:attachment":[{"href":"https:\/\/bamboovipfood.com\/en\/wp-json\/wp\/v2\/media?parent=9030"}],"wp:term":[{"taxonomy":"product_cat","embeddable":true,"href":"https:\/\/bamboovipfood.com\/en\/wp-json\/wp\/v2\/product_cat?post=9030"},{"taxonomy":"product_tag","embeddable":true,"href":"https:\/\/bamboovipfood.com\/en\/wp-json\/wp\/v2\/product_tag?post=9030"}],"curies":[{"name":"wp","href":"https:\/\/api.w.org\/{rel}","templated":true}]}}