{"id":9020,"date":"2024-10-03T06:10:14","date_gmt":"2024-10-03T06:10:14","guid":{"rendered":"https:\/\/bamboovipfood.com\/?post_type=product&#038;p=9020"},"modified":"2025-04-22T08:39:33","modified_gmt":"2025-04-22T08:39:33","slug":"vien-yen-sao-say-thang-hoa","status":"publish","type":"product","link":"https:\/\/bamboovipfood.com\/en\/product\/freeze-dried-birds-nest-cubes\/","title":{"rendered":"Freeze-Dried Bird's Nest Cubes"},"content":{"rendered":"<p class=\"\" data-start=\"205\" data-end=\"515\"><strong data-start=\"205\" data-end=\"235\">Freeze-Dried Bird's Nest Cubes<\/strong> is a unique product, born from the perfect harmony between <strong data-start=\"302\" data-end=\"323\">Ready-to-eat Bird's Nest<\/strong> and <strong data-start=\"327\" data-end=\"340\">grated fresh ginger<\/strong>. With advanced drying technology, the product not only preserves its natural flavor but also retains its full nutritional value, offering numerous wonderful health benefits.<\/p>\n<h3 class=\"\" data-start=\"517\" data-end=\"562\">Premium Sourcing and Craftsmanship<\/h3>\n<ul>\n<li data-start=\"567\" data-end=\"930\"><strong data-start=\"567\" data-end=\"588\">Ready-to-eat Bird's Nest<\/strong>: Bird's nest has long been recognized as a precious food source, rich in <strong data-start=\"666\" data-end=\"677\">protein<\/strong>, <strong data-start=\"679\" data-end=\"702\">essential amino acids<\/strong>and essential minerals for the body. Bird's nest helps boost the immune system, enhance skin beauty, and provide anti-aging benefits. With a process <strong data-start=\"828\" data-end=\"841\">ready-to-eat<\/strong>, bird's nest is processed meticulously, helping to preserve all its nutrients and natural flavor.<\/li>\n<li data-start=\"935\" data-end=\"1212\"><strong data-start=\"935\" data-end=\"948\">Fresh Ginger<\/strong>: Ginger is one of the most popular natural ingredients in many dishes and remedies. Ginger helps <strong data-start=\"1053\" data-end=\"1076\">stimulate digestion<\/strong>, <strong data-start=\"1078\" data-end=\"1105\">improve blood circulation<\/strong>and <strong data-start=\"1110\" data-end=\"1137\">Boost the immune system<\/strong>. Furthermore, ginger possesses warming properties that help warm the body and dispel fatigue.<\/li>\n<li data-start=\"1217\" data-end=\"1539\"><strong data-start=\"1217\" data-end=\"1244\">Freeze-Drying Technology<\/strong>: Once prepared and infused with ginger, <a href=\"https:\/\/bamboovipfood.com\/en\/product\/freeze-dried-birds-nest-cubes\/\"><strong data-start=\"1290\" data-end=\"1320\">freeze-dried bird's nest<\/strong><\/a> processed using modern freeze-drying technology, which completely removes water from the raw materials while retaining nutrients and flavor. This process helps preserve the product for a long time without the need for preservatives.<\/li>\n<\/ul>\n<h3 class=\"\" data-start=\"1541\" data-end=\"1571\">Amazing Health Benefits<\/h3>\n<ul>\n<li data-start=\"1576\" data-end=\"1832\"><strong data-start=\"1576\" data-end=\"1603\">Boost The Immune System<\/strong>: With <strong data-start=\"1609\" data-end=\"1620\">Bird's nest<\/strong> rich in protein and <strong data-start=\"1637\" data-end=\"1645\">ginger<\/strong> with its ability to boost the immune system, freeze-dried bird's nest capsules are the perfect combination to help you maintain good health, especially during changing weather or during epidemic seasons.<\/li>\n<li data-start=\"1837\" data-end=\"2035\"><strong data-start=\"1837\" data-end=\"1856\">Digestive Support:<\/strong>Ginger stimulates digestion and reduces bloating and indigestion. When combined with bird's nest, the product not only soothes the stomach but also effectively supports the digestive process.<\/li>\n<li data-start=\"2040\" data-end=\"2228\"><strong data-start=\"2040\" data-end=\"2068\">Reduce Stress and Fatigue:<\/strong>With the warming properties of ginger, bird's nest can help reduce fatigue, relax after a long day at work, and improve sleep.<\/li>\n<li data-start=\"2233\" data-end=\"2454\"><strong data-start=\"2233\" data-end=\"2264\">Anti-Aging and Skin Beautification:<\/strong>: <strong data-start=\"2266\" data-end=\"2277\">Edible Bird's Nest<\/strong> contains many <strong data-start=\"2289\" data-end=\"2301\">collagen<\/strong> and <strong data-start=\"2305\" data-end=\"2318\">axit amin<\/strong> It helps regenerate skin cells, maintain elasticity, and fight aging. Freeze-dried bird's nest capsules will help you achieve healthy and radiant skin.<\/li>\n<li data-start=\"2459\" data-end=\"2719\"><strong data-start=\"2459\" data-end=\"2482\">Good for the Cardiovascular System:<\/strong>Ginger not only helps warm the body but also protects the cardiovascular system, helps stabilize blood pressure, and prevents cardiovascular diseases. It will be a reliable companion in maintaining a healthy heart.<\/li>\n<\/ul>\n<h3 class=\"\" data-start=\"2721\" data-end=\"2773\">Outstanding Advantages of Freeze-Dried Bird's Nest Capsules<\/h3>\n<ul>\n<li data-start=\"2778\" data-end=\"2984\"><strong data-start=\"2778\" data-end=\"2803\">Keep Original Nutrients:<\/strong>Freeze-drying technology helps preserve almost all the nutrients in the product. <strong data-start=\"2883\" data-end=\"2894\">Bird's nest<\/strong> and <strong data-start=\"2898\" data-end=\"2906\">ginger<\/strong>, providing optimal health benefits without worrying about losing nutrients.<\/li>\n<li data-start=\"2989\" data-end=\"3212\"><strong data-start=\"2989\" data-end=\"3015\">Convenient and Easy to Use:<\/strong>Freeze-dried bird's nest tablets are packaged in small, convenient packs, perfect for carrying and using anytime. You can enjoy them as a nutritious snack or a light meal between main meals.<\/li>\n<li data-start=\"3217\" data-end=\"3367\"><strong data-start=\"3217\" data-end=\"3237\">Easy Storage:<\/strong>The product can be stored at room temperature for a long time without fear of spoilage, saving you time and effort.<\/li>\n<li data-start=\"3372\" data-end=\"3539\"><strong data-start=\"3372\" data-end=\"3395\">Preservative-Free:<\/strong>Freeze-dried bird's nest tablets are completely natural, contain no preservatives, and are suitable for those pursuing a healthy lifestyle and clean eating.<\/li>\n<\/ul>\n<h3 class=\"\" data-start=\"3541\" data-end=\"3584\">How to Use:<\/h3>\n<ul>\n<li data-start=\"3588\" data-end=\"3731\"><strong data-start=\"3588\" data-end=\"3604\">Eat directly<\/strong>You can eat these bird's nest pieces as a nutritious snack; they're delicious and help provide energy to your body.<\/li>\n<li data-start=\"3735\" data-end=\"3955\"><strong data-start=\"3735\" data-end=\"3756\">Mix with hot water:<\/strong>To make a nutritious drink, you can add a bird's nest piece to a cup of hot water, stir well, and enjoy. This is a great way to relieve stress and relax after a day's work.<\/li>\n<li data-start=\"3959\" data-end=\"4163\"><strong data-start=\"3959\" data-end=\"3989\">Add it to soups and stews:<\/strong>This bird's nest can also be used as an ingredient to make nutritious soups and stews, bringing a unique flavor and superior nutrition to family meals.<\/li>\n<\/ul>\n<p class=\"\" data-start=\"4179\" data-end=\"4546\"><strong data-start=\"4179\" data-end=\"4209\">Freeze-Dried Bird's Nest Cubes<\/strong> This is a great product for your health, helping you maintain energy, boost your immune system, beautify your skin, and protect your overall health. With modern manufacturing technology and natural ingredients, it's the perfect choice for those who want to conveniently and effectively supplement their daily diet with nutrients.<\/p>\n<p class=\"\" style=\"text-align: center;\" data-start=\"4548\" data-end=\"4688\"><span style=\"color: #993300;\"><strong>For any product inquiries or business collaboration opportunities, please contact us at: 0909 753 648<\/strong><\/span><\/p>","protected":false},"excerpt":{"rendered":"<p>Vi\u00ean y\u1ebfn s\u00e0o s\u1ea5y th\u0103ng hoa l\u00e0 m\u1ed9t s\u1ea3n ph\u1ea9m \u0111\u1eb7c bi\u1ec7t, \u0111\u01b0\u1ee3c t\u1ea1o ra t\u1eeb s\u1ef1 k\u1ebft h\u1ee3p ho\u00e0n h\u1ea3o gi\u1eefa y\u1ebfn s\u00e0o ch\u01b0ng s\u1eb5n v\u00e0 g\u1eebng t\u01b0\u01a1i. V\u1edbi c\u00f4ng ngh\u1ec7 s\u1ea5y hi\u1ec7n \u0111\u1ea1i, s\u1ea3n ph\u1ea9m kh\u00f4ng ch\u1ec9 b\u1ea3o to\u00e0n \u0111\u01b0\u1ee3c h\u01b0\u01a1ng v\u1ecb t\u1ef1 nhi\u00ean m\u00e0 c\u00f2n gi\u1eef nguy\u00ean gi\u00e1 tr\u1ecb dinh d\u01b0\u1ee1ng, mang [&hellip;]<\/p>","protected":false},"featured_media":9021,"comment_status":"open","ping_status":"closed","template":"","meta":[],"product_cat":[398],"product_tag":[],"class_list":{"0":"post-9020","1":"product","2":"type-product","3":"status-publish","4":"has-post-thumbnail","6":"product_cat-tra-thao-moc-thuc-pham-suc-khoe","8":"first","9":"instock","10":"shipping-taxable","11":"product-type-simple"},"yoast_head":"<!-- This site is optimized with the Yoast SEO plugin v25.7 - https:\/\/yoast.com\/wordpress\/plugins\/seo\/ -->\n<title>Vi\u00ean y\u1ebfn s\u00e0o s\u1ea5y th\u0103ng hoa - Bamboo Freeze Drying<\/title>\n<meta name=\"robots\" content=\"index, follow, max-snippet:-1, max-image-preview:large, max-video-preview:-1\" \/>\n<link rel=\"canonical\" href=\"https:\/\/bamboovipfood.com\/en\/product\/freeze-dried-birds-nest-cubes\/\" \/>\n<meta property=\"og:locale\" content=\"en_US\" \/>\n<meta property=\"og:type\" content=\"article\" \/>\n<meta property=\"og:title\" content=\"Vi\u00ean y\u1ebfn s\u00e0o s\u1ea5y th\u0103ng hoa - Bamboo Freeze Drying\" \/>\n<meta property=\"og:description\" content=\"Vi\u00ean y\u1ebfn s\u00e0o s\u1ea5y th\u0103ng hoa l\u00e0 m\u1ed9t s\u1ea3n ph\u1ea9m \u0111\u1eb7c bi\u1ec7t, \u0111\u01b0\u1ee3c t\u1ea1o ra t\u1eeb s\u1ef1 k\u1ebft h\u1ee3p ho\u00e0n h\u1ea3o gi\u1eefa y\u1ebfn s\u00e0o ch\u01b0ng s\u1eb5n v\u00e0 g\u1eebng t\u01b0\u01a1i. V\u1edbi c\u00f4ng ngh\u1ec7 s\u1ea5y hi\u1ec7n \u0111\u1ea1i, s\u1ea3n ph\u1ea9m kh\u00f4ng ch\u1ec9 b\u1ea3o to\u00e0n \u0111\u01b0\u1ee3c h\u01b0\u01a1ng v\u1ecb t\u1ef1 nhi\u00ean m\u00e0 c\u00f2n gi\u1eef nguy\u00ean gi\u00e1 tr\u1ecb dinh d\u01b0\u1ee1ng, mang [&hellip;]\" \/>\n<meta property=\"og:url\" content=\"https:\/\/bamboovipfood.com\/en\/product\/freeze-dried-birds-nest-cubes\/\" \/>\n<meta property=\"og:site_name\" content=\"Bamboo Freeze Drying\" \/>\n<meta property=\"article:modified_time\" content=\"2025-04-22T08:39:33+00:00\" \/>\n<meta property=\"og:image\" content=\"https:\/\/bamboovipfood.com\/wp-content\/uploads\/2024\/10\/vien-yen-sao-say-thang-hoa.jpg\" \/>\n\t<meta property=\"og:image:width\" content=\"750\" \/>\n\t<meta property=\"og:image:height\" content=\"750\" \/>\n\t<meta property=\"og:image:type\" content=\"image\/jpeg\" \/>\n<meta name=\"twitter:card\" content=\"summary_large_image\" \/>\n<meta name=\"twitter:label1\" content=\"Est. reading time\" \/>\n\t<meta name=\"twitter:data1\" content=\"6 minutes\" \/>\n<script type=\"application\/ld+json\" class=\"yoast-schema-graph\">{\"@context\":\"https:\/\/schema.org\",\"@graph\":[{\"@type\":\"WebPage\",\"@id\":\"https:\/\/bamboovipfood.com\/san-pham\/vien-yen-sao-say-thang-hoa\/\",\"url\":\"https:\/\/bamboovipfood.com\/san-pham\/vien-yen-sao-say-thang-hoa\/\",\"name\":\"Vi\u00ean y\u1ebfn s\u00e0o s\u1ea5y th\u0103ng hoa - Bamboo Freeze Drying\",\"isPartOf\":{\"@id\":\"https:\/\/bamboovipfood.com\/#website\"},\"primaryImageOfPage\":{\"@id\":\"https:\/\/bamboovipfood.com\/san-pham\/vien-yen-sao-say-thang-hoa\/#primaryimage\"},\"image\":{\"@id\":\"https:\/\/bamboovipfood.com\/san-pham\/vien-yen-sao-say-thang-hoa\/#primaryimage\"},\"thumbnailUrl\":\"https:\/\/bamboovipfood.com\/wp-content\/uploads\/2024\/10\/vien-yen-sao-say-thang-hoa.jpg\",\"datePublished\":\"2024-10-03T06:10:14+00:00\",\"dateModified\":\"2025-04-22T08:39:33+00:00\",\"breadcrumb\":{\"@id\":\"https:\/\/bamboovipfood.com\/san-pham\/vien-yen-sao-say-thang-hoa\/#breadcrumb\"},\"inLanguage\":\"en-US\",\"potentialAction\":[{\"@type\":\"ReadAction\",\"target\":[\"https:\/\/bamboovipfood.com\/san-pham\/vien-yen-sao-say-thang-hoa\/\"]}]},{\"@type\":\"ImageObject\",\"inLanguage\":\"en-US\",\"@id\":\"https:\/\/bamboovipfood.com\/san-pham\/vien-yen-sao-say-thang-hoa\/#primaryimage\",\"url\":\"https:\/\/bamboovipfood.com\/wp-content\/uploads\/2024\/10\/vien-yen-sao-say-thang-hoa.jpg\",\"contentUrl\":\"https:\/\/bamboovipfood.com\/wp-content\/uploads\/2024\/10\/vien-yen-sao-say-thang-hoa.jpg\",\"width\":750,\"height\":750},{\"@type\":\"BreadcrumbList\",\"@id\":\"https:\/\/bamboovipfood.com\/san-pham\/vien-yen-sao-say-thang-hoa\/#breadcrumb\",\"itemListElement\":[{\"@type\":\"ListItem\",\"position\":1,\"name\":\"Trang ch\u1ee7\",\"item\":\"https:\/\/bamboovipfood.com\/\"},{\"@type\":\"ListItem\",\"position\":2,\"name\":\"Shop\",\"item\":\"https:\/\/bamboovipfood.com\/shop\/\"},{\"@type\":\"ListItem\",\"position\":3,\"name\":\"Vi\u00ean y\u1ebfn s\u00e0o s\u1ea5y th\u0103ng hoa\"}]},{\"@type\":\"WebSite\",\"@id\":\"https:\/\/bamboovipfood.com\/#website\",\"url\":\"https:\/\/bamboovipfood.com\/\",\"name\":\"Bamboo Freeze Drying\",\"description\":\"Nh\u00e0 cung \u1ee9ng s\u1ea3n ph\u1ea9m s\u1ea5y th\u0103ng hoa h\u00e0ng \u0111\u1ea7u\",\"publisher\":{\"@id\":\"https:\/\/bamboovipfood.com\/#organization\"},\"potentialAction\":[{\"@type\":\"SearchAction\",\"target\":{\"@type\":\"EntryPoint\",\"urlTemplate\":\"https:\/\/bamboovipfood.com\/?s={search_term_string}\"},\"query-input\":{\"@type\":\"PropertyValueSpecification\",\"valueRequired\":true,\"valueName\":\"search_term_string\"}}],\"inLanguage\":\"en-US\"},{\"@type\":\"Organization\",\"@id\":\"https:\/\/bamboovipfood.com\/#organization\",\"name\":\"Bamboo Freeze Drying\",\"url\":\"https:\/\/bamboovipfood.com\/\",\"logo\":{\"@type\":\"ImageObject\",\"inLanguage\":\"en-US\",\"@id\":\"https:\/\/bamboovipfood.com\/#\/schema\/logo\/image\/\",\"url\":\"https:\/\/bamboovipfood.com\/wp-content\/uploads\/2020\/08\/Logo-Bamboo-Freeze-Dry-Dark.png\",\"contentUrl\":\"https:\/\/bamboovipfood.com\/wp-content\/uploads\/2020\/08\/Logo-Bamboo-Freeze-Dry-Dark.png\",\"width\":500,\"height\":189,\"caption\":\"Bamboo Freeze Drying\"},\"image\":{\"@id\":\"https:\/\/bamboovipfood.com\/#\/schema\/logo\/image\/\"}}]}<\/script>\n<!-- \/ Yoast SEO plugin. -->","yoast_head_json":{"title":"Vi\u00ean y\u1ebfn s\u00e0o s\u1ea5y th\u0103ng hoa - Bamboo Freeze Drying","robots":{"index":"index","follow":"follow","max-snippet":"max-snippet:-1","max-image-preview":"max-image-preview:large","max-video-preview":"max-video-preview:-1"},"canonical":"https:\/\/bamboovipfood.com\/en\/product\/freeze-dried-birds-nest-cubes\/","og_locale":"en_US","og_type":"article","og_title":"Vi\u00ean y\u1ebfn s\u00e0o s\u1ea5y th\u0103ng hoa - Bamboo Freeze Drying","og_description":"Vi\u00ean y\u1ebfn s\u00e0o s\u1ea5y th\u0103ng hoa l\u00e0 m\u1ed9t s\u1ea3n ph\u1ea9m \u0111\u1eb7c bi\u1ec7t, \u0111\u01b0\u1ee3c t\u1ea1o ra t\u1eeb s\u1ef1 k\u1ebft h\u1ee3p ho\u00e0n h\u1ea3o gi\u1eefa y\u1ebfn s\u00e0o ch\u01b0ng s\u1eb5n v\u00e0 g\u1eebng t\u01b0\u01a1i. V\u1edbi c\u00f4ng ngh\u1ec7 s\u1ea5y hi\u1ec7n \u0111\u1ea1i, s\u1ea3n ph\u1ea9m kh\u00f4ng ch\u1ec9 b\u1ea3o to\u00e0n \u0111\u01b0\u1ee3c h\u01b0\u01a1ng v\u1ecb t\u1ef1 nhi\u00ean m\u00e0 c\u00f2n gi\u1eef nguy\u00ean gi\u00e1 tr\u1ecb dinh d\u01b0\u1ee1ng, mang [&hellip;]","og_url":"https:\/\/bamboovipfood.com\/en\/product\/freeze-dried-birds-nest-cubes\/","og_site_name":"Bamboo Freeze Drying","article_modified_time":"2025-04-22T08:39:33+00:00","og_image":[{"width":750,"height":750,"url":"https:\/\/bamboovipfood.com\/wp-content\/uploads\/2024\/10\/vien-yen-sao-say-thang-hoa.jpg","type":"image\/jpeg"}],"twitter_card":"summary_large_image","twitter_misc":{"Est. reading time":"6 minutes"},"schema":{"@context":"https:\/\/schema.org","@graph":[{"@type":"WebPage","@id":"https:\/\/bamboovipfood.com\/san-pham\/vien-yen-sao-say-thang-hoa\/","url":"https:\/\/bamboovipfood.com\/san-pham\/vien-yen-sao-say-thang-hoa\/","name":"Vi\u00ean y\u1ebfn s\u00e0o s\u1ea5y th\u0103ng hoa - Bamboo Freeze Drying","isPartOf":{"@id":"https:\/\/bamboovipfood.com\/#website"},"primaryImageOfPage":{"@id":"https:\/\/bamboovipfood.com\/san-pham\/vien-yen-sao-say-thang-hoa\/#primaryimage"},"image":{"@id":"https:\/\/bamboovipfood.com\/san-pham\/vien-yen-sao-say-thang-hoa\/#primaryimage"},"thumbnailUrl":"https:\/\/bamboovipfood.com\/wp-content\/uploads\/2024\/10\/vien-yen-sao-say-thang-hoa.jpg","datePublished":"2024-10-03T06:10:14+00:00","dateModified":"2025-04-22T08:39:33+00:00","breadcrumb":{"@id":"https:\/\/bamboovipfood.com\/san-pham\/vien-yen-sao-say-thang-hoa\/#breadcrumb"},"inLanguage":"en-US","potentialAction":[{"@type":"ReadAction","target":["https:\/\/bamboovipfood.com\/san-pham\/vien-yen-sao-say-thang-hoa\/"]}]},{"@type":"ImageObject","inLanguage":"en-US","@id":"https:\/\/bamboovipfood.com\/san-pham\/vien-yen-sao-say-thang-hoa\/#primaryimage","url":"https:\/\/bamboovipfood.com\/wp-content\/uploads\/2024\/10\/vien-yen-sao-say-thang-hoa.jpg","contentUrl":"https:\/\/bamboovipfood.com\/wp-content\/uploads\/2024\/10\/vien-yen-sao-say-thang-hoa.jpg","width":750,"height":750},{"@type":"BreadcrumbList","@id":"https:\/\/bamboovipfood.com\/san-pham\/vien-yen-sao-say-thang-hoa\/#breadcrumb","itemListElement":[{"@type":"ListItem","position":1,"name":"Trang ch\u1ee7","item":"https:\/\/bamboovipfood.com\/"},{"@type":"ListItem","position":2,"name":"Shop","item":"https:\/\/bamboovipfood.com\/shop\/"},{"@type":"ListItem","position":3,"name":"Vi\u00ean y\u1ebfn s\u00e0o s\u1ea5y th\u0103ng hoa"}]},{"@type":"WebSite","@id":"https:\/\/bamboovipfood.com\/#website","url":"https:\/\/bamboovipfood.com\/","name":"Bamboo Freeze Drying","description":"Nh\u00e0 cung \u1ee9ng s\u1ea3n ph\u1ea9m s\u1ea5y th\u0103ng hoa h\u00e0ng \u0111\u1ea7u","publisher":{"@id":"https:\/\/bamboovipfood.com\/#organization"},"potentialAction":[{"@type":"SearchAction","target":{"@type":"EntryPoint","urlTemplate":"https:\/\/bamboovipfood.com\/?s={search_term_string}"},"query-input":{"@type":"PropertyValueSpecification","valueRequired":true,"valueName":"search_term_string"}}],"inLanguage":"en-US"},{"@type":"Organization","@id":"https:\/\/bamboovipfood.com\/#organization","name":"Bamboo Freeze Drying","url":"https:\/\/bamboovipfood.com\/","logo":{"@type":"ImageObject","inLanguage":"en-US","@id":"https:\/\/bamboovipfood.com\/#\/schema\/logo\/image\/","url":"https:\/\/bamboovipfood.com\/wp-content\/uploads\/2020\/08\/Logo-Bamboo-Freeze-Dry-Dark.png","contentUrl":"https:\/\/bamboovipfood.com\/wp-content\/uploads\/2020\/08\/Logo-Bamboo-Freeze-Dry-Dark.png","width":500,"height":189,"caption":"Bamboo Freeze Drying"},"image":{"@id":"https:\/\/bamboovipfood.com\/#\/schema\/logo\/image\/"}}]}},"_links":{"self":[{"href":"https:\/\/bamboovipfood.com\/en\/wp-json\/wp\/v2\/product\/9020","targetHints":{"allow":["GET"]}}],"collection":[{"href":"https:\/\/bamboovipfood.com\/en\/wp-json\/wp\/v2\/product"}],"about":[{"href":"https:\/\/bamboovipfood.com\/en\/wp-json\/wp\/v2\/types\/product"}],"replies":[{"embeddable":true,"href":"https:\/\/bamboovipfood.com\/en\/wp-json\/wp\/v2\/comments?post=9020"}],"wp:featuredmedia":[{"embeddable":true,"href":"https:\/\/bamboovipfood.com\/en\/wp-json\/wp\/v2\/media\/9021"}],"wp:attachment":[{"href":"https:\/\/bamboovipfood.com\/en\/wp-json\/wp\/v2\/media?parent=9020"}],"wp:term":[{"taxonomy":"product_cat","embeddable":true,"href":"https:\/\/bamboovipfood.com\/en\/wp-json\/wp\/v2\/product_cat?post=9020"},{"taxonomy":"product_tag","embeddable":true,"href":"https:\/\/bamboovipfood.com\/en\/wp-json\/wp\/v2\/product_tag?post=9020"}],"curies":[{"name":"wp","href":"https:\/\/api.w.org\/{rel}","templated":true}]}}