{"id":8911,"date":"2024-09-17T07:24:18","date_gmt":"2024-09-17T07:24:18","guid":{"rendered":"https:\/\/bamboovipfood.com\/?post_type=product&#038;p=8911"},"modified":"2024-09-17T07:24:18","modified_gmt":"2024-09-17T07:24:18","slug":"bot-la-hung-tay-basil-say-thang-hoa","status":"publish","type":"product","link":"https:\/\/bamboovipfood.com\/en\/product\/pure-freeze-dried-basil-powder\/","title":{"rendered":"Freeze-Dried Basil Powder"},"content":{"rendered":"<h3><strong>B\u1ed9t l\u00e1 h\u00fang t\u00e2y \u2013 Gia v\u1ecb th\u1ea7n k\u1ef3 cho m\u1ecdi b\u1eefa \u0103n<\/strong><\/h3>\n<p><strong>B\u1ed9t l\u00e1 h\u00fang t\u00e2y<\/strong> (hay c\u00f2n g\u1ecdi l\u00e0 b\u1ed9t basil) l\u00e0 m\u1ed9t lo\u1ea1i gia v\u1ecb quen thu\u1ed9c trong nhi\u1ec1u m\u00f3n \u0103n tr\u00ean th\u1ebf gi\u1edbi, \u0111\u1eb7c bi\u1ec7t l\u00e0 \u1ea9m th\u1ef1c \u00dd. V\u1edbi h\u01b0\u01a1ng th\u01a1m n\u1ed3ng n\u00e0n, v\u1ecb cay nh\u1eb9 \u0111\u1eb7c tr\u01b0ng, b\u1ed9t h\u00fang t\u00e2y kh\u00f4ng ch\u1ec9 l\u00e0m t\u0103ng h\u01b0\u01a1ng v\u1ecb cho m\u00f3n \u0103n m\u00e0 c\u00f2n mang l\u1ea1i nhi\u1ec1u l\u1ee3i \u00edch cho s\u1ee9c kh\u1ecfe.<\/p>\n<p><img decoding=\"async\" class=\"aligncenter\" src=\"https:\/\/bamboovipfood.com\/wp-content\/uploads\/2024\/09\/bot-la-hung-tay-basil-say-thang-hoa-1.jpg\" \/><\/p>\n<h3><strong>L\u1ee3i \u00edch c\u1ee7a b\u1ed9t l\u00e1 h\u00fang t\u00e2y<\/strong><\/h3>\n<ul>\n<li><strong>Gia t\u0103ng h\u01b0\u01a1ng v\u1ecb:<\/strong> B\u1ed9t h\u00fang t\u00e2y c\u00f3 kh\u1ea3 n\u0103ng l\u00e0m t\u0103ng h\u01b0\u01a1ng v\u1ecb c\u1ee7a c\u00e1c m\u00f3n \u0103n, mang \u0111\u1ebfn m\u1ed9t h\u01b0\u01a1ng th\u01a1m n\u1ed3ng n\u00e0n, k\u00edch th\u00edch v\u1ecb gi\u00e1c.<\/li>\n<li><strong>Ngu\u1ed3n cung c\u1ea5p ch\u1ea5t ch\u1ed1ng oxy h\u00f3a:<\/strong> Basil ch\u1ee9a nhi\u1ec1u ch\u1ea5t ch\u1ed1ng oxy h\u00f3a, gi\u00fap b\u1ea3o v\u1ec7 t\u1ebf b\u00e0o kh\u1ecfi t\u1ed5n th\u01b0\u01a1ng, ng\u0103n ng\u1eeba l\u00e3o h\u00f3a.<\/li>\n<li><strong>Supports digestion:<\/strong> B\u1ed9t basil c\u00f3 t\u00e1c d\u1ee5ng k\u00edch th\u00edch ti\u00eau h\u00f3a, gi\u00fap c\u01a1 th\u1ec3 h\u1ea5p thu ch\u1ea5t dinh d\u01b0\u1ee1ng t\u1ed1t h\u01a1n.<\/li>\n<li><strong>Kh\u00e1ng khu\u1ea9n:<\/strong> Basil c\u00f3 t\u00ednh kh\u00e1ng khu\u1ea9n t\u1ef1 nhi\u00ean, gi\u00fap b\u1ea3o v\u1ec7 c\u01a1 th\u1ec3 kh\u1ecfi c\u00e1c b\u1ec7nh nhi\u1ec5m tr\u00f9ng.<\/li>\n<\/ul>\n<p><img decoding=\"async\" class=\"aligncenter\" src=\"https:\/\/bamboovipfood.com\/wp-content\/uploads\/2024\/09\/bot-la-hung-tay-basil-say-thang-hoa-2.jpg\" \/><\/p>\n<h3><strong>C\u00e1ch s\u1eed d\u1ee5ng b\u1ed9t l\u00e1 h\u00fang t\u00e2y<\/strong><\/h3>\n<p>B\u1ed9t l\u00e1 h\u00fang t\u00e2y c\u00f3 th\u1ec3 \u0111\u01b0\u1ee3c s\u1eed d\u1ee5ng trong r\u1ea5t nhi\u1ec1u m\u00f3n \u0103n kh\u00e1c nhau, t\u1eeb m\u00f3n \u00c2u \u0111\u1ebfn m\u00f3n \u00c1.<\/p>\n<ul>\n<li><strong>M\u00f3n \u00dd:<\/strong> Pizza, pasta, s\u1ed1t c\u00e0 chua, s\u00fap&#8230;<\/li>\n<li><strong>M\u00f3n \u00c1:<\/strong> X\u00e0o, n\u01b0\u1edbng, l\u00e0m gia v\u1ecb \u01b0\u1edbp th\u1ecbt&#8230;<\/li>\n<li><strong>\u0110\u1ed3 u\u1ed1ng:<\/strong> L\u00e0m tr\u00e0, pha ch\u1ebf cocktail&#8230;<\/li>\n<li><strong>L\u00e0m gia v\u1ecb \u01b0\u1edbp:<\/strong> Tr\u1ed9n b\u1ed9t basil v\u1edbi c\u00e1c lo\u1ea1i gia v\u1ecb kh\u00e1c nh\u01b0 t\u1ecfi, ti\u00eau, mu\u1ed1i \u0111\u1ec3 t\u1ea1o ra h\u1ed7n h\u1ee3p \u01b0\u1edbp th\u1ecbt, h\u1ea3i s\u1ea3n th\u01a1m ngon.<\/li>\n<li><strong>L\u00e0m s\u1ed1t:<\/strong> B\u1ed9t basil l\u00e0 th\u00e0nh ph\u1ea7n kh\u00f4ng th\u1ec3 thi\u1ebfu trong nhi\u1ec1u lo\u1ea1i s\u1ed1t nh\u01b0 s\u1ed1t pesto, s\u1ed1t c\u00e0 chua.<\/li>\n<\/ul>\n<h3><strong>C\u00f4ng th\u1ee9c n\u1ea5u \u0103n v\u1edbi b\u1ed9t l\u00e1 h\u00fang t\u00e2y<\/strong><\/h3>\n<ul>\n<li><strong>M\u00ec \u00dd s\u1ed1t pesto:<\/strong> M\u1ed9t m\u00f3n \u0103n kinh \u0111i\u1ec3n c\u1ee7a \u00dd, k\u1ebft h\u1ee3p ho\u00e0n h\u1ea3o gi\u1eefa b\u1ed9t basil, ph\u00f4 mai Parmesan, h\u1ea1t th\u00f4ng v\u00e0 d\u1ea7u oliu.<\/li>\n<li><strong>G\u00e0 n\u01b0\u1edbng s\u1ed1t h\u00fang t\u00e2y:<\/strong> G\u00e0 \u01b0\u1edbp v\u1edbi h\u1ed7n h\u1ee3p b\u1ed9t basil, t\u1ecfi, d\u1ea7u oliu s\u1ebd tr\u1edf n\u00ean th\u01a1m ngon v\u00e0 \u0111\u1eadm \u0111\u00e0 h\u01a1n.<\/li>\n<li><strong>S\u00fap c\u00e0 chua v\u1edbi basil:<\/strong> M\u1ed9t m\u00f3n s\u00fap \u1ea5m \u00e1p v\u00e0 b\u1ed5 d\u01b0\u1ee1ng, h\u01b0\u01a1ng v\u1ecb th\u01a1m ngon c\u1ee7a basil s\u1ebd l\u00e0m b\u1ea1n th\u00edch m\u00ea.<\/li>\n<\/ul>","protected":false},"excerpt":{"rendered":"<p>B\u1ed9t l\u00e1 h\u00fang t\u00e2y \u2013 Gia v\u1ecb th\u1ea7n k\u1ef3 cho m\u1ecdi b\u1eefa \u0103n B\u1ed9t l\u00e1 h\u00fang t\u00e2y (hay c\u00f2n g\u1ecdi l\u00e0 b\u1ed9t basil) l\u00e0 m\u1ed9t lo\u1ea1i gia v\u1ecb quen thu\u1ed9c trong nhi\u1ec1u m\u00f3n \u0103n tr\u00ean th\u1ebf gi\u1edbi, \u0111\u1eb7c bi\u1ec7t l\u00e0 \u1ea9m th\u1ef1c \u00dd. V\u1edbi h\u01b0\u01a1ng th\u01a1m n\u1ed3ng n\u00e0n, v\u1ecb cay nh\u1eb9 \u0111\u1eb7c tr\u01b0ng, b\u1ed9t h\u00fang [&hellip;]<\/p>","protected":false},"featured_media":8912,"comment_status":"open","ping_status":"closed","template":"","meta":[],"product_cat":[238],"product_tag":[],"class_list":{"0":"post-8911","1":"product","2":"type-product","3":"status-publish","4":"has-post-thumbnail","6":"product_cat-bot-rau-cu-qua","8":"first","9":"instock","10":"shipping-taxable","11":"product-type-simple"},"yoast_head":"<!-- This site is optimized with the Yoast SEO plugin v25.7 - https:\/\/yoast.com\/wordpress\/plugins\/seo\/ -->\n<title>B\u1ed9t l\u00e1 h\u00fang t\u00e2y (basil) s\u1ea5y th\u0103ng hoa - Bamboo Freeze Drying<\/title>\n<meta name=\"robots\" content=\"index, follow, max-snippet:-1, max-image-preview:large, max-video-preview:-1\" \/>\n<link rel=\"canonical\" href=\"https:\/\/bamboovipfood.com\/en\/product\/pure-freeze-dried-basil-powder\/\" \/>\n<meta property=\"og:locale\" content=\"en_US\" \/>\n<meta property=\"og:type\" content=\"article\" \/>\n<meta property=\"og:title\" content=\"B\u1ed9t l\u00e1 h\u00fang t\u00e2y (basil) s\u1ea5y th\u0103ng hoa - Bamboo Freeze Drying\" \/>\n<meta property=\"og:description\" content=\"B\u1ed9t l\u00e1 h\u00fang t\u00e2y \u2013 Gia v\u1ecb th\u1ea7n k\u1ef3 cho m\u1ecdi b\u1eefa \u0103n B\u1ed9t l\u00e1 h\u00fang t\u00e2y (hay c\u00f2n g\u1ecdi l\u00e0 b\u1ed9t basil) l\u00e0 m\u1ed9t lo\u1ea1i gia v\u1ecb quen thu\u1ed9c trong nhi\u1ec1u m\u00f3n \u0103n tr\u00ean th\u1ebf gi\u1edbi, \u0111\u1eb7c bi\u1ec7t l\u00e0 \u1ea9m th\u1ef1c \u00dd. V\u1edbi h\u01b0\u01a1ng th\u01a1m n\u1ed3ng n\u00e0n, v\u1ecb cay nh\u1eb9 \u0111\u1eb7c tr\u01b0ng, b\u1ed9t h\u00fang [&hellip;]\" \/>\n<meta property=\"og:url\" content=\"https:\/\/bamboovipfood.com\/en\/product\/pure-freeze-dried-basil-powder\/\" \/>\n<meta property=\"og:site_name\" content=\"Bamboo Freeze Drying\" \/>\n<meta property=\"og:image\" content=\"https:\/\/bamboovipfood.com\/wp-content\/uploads\/2024\/09\/bot-la-hung-tay-basil-say-thang-hoa.jpg\" \/>\n\t<meta property=\"og:image:width\" content=\"750\" \/>\n\t<meta property=\"og:image:height\" content=\"750\" \/>\n\t<meta property=\"og:image:type\" content=\"image\/jpeg\" \/>\n<meta name=\"twitter:card\" content=\"summary_large_image\" \/>\n<meta name=\"twitter:label1\" content=\"Est. reading time\" \/>\n\t<meta name=\"twitter:data1\" content=\"3 minutes\" \/>\n<script type=\"application\/ld+json\" class=\"yoast-schema-graph\">{\"@context\":\"https:\/\/schema.org\",\"@graph\":[{\"@type\":\"WebPage\",\"@id\":\"https:\/\/bamboovipfood.com\/san-pham\/bot-la-hung-tay-basil-say-thang-hoa\/\",\"url\":\"https:\/\/bamboovipfood.com\/san-pham\/bot-la-hung-tay-basil-say-thang-hoa\/\",\"name\":\"B\u1ed9t l\u00e1 h\u00fang t\u00e2y (basil) s\u1ea5y th\u0103ng hoa - Bamboo Freeze Drying\",\"isPartOf\":{\"@id\":\"https:\/\/bamboovipfood.com\/#website\"},\"primaryImageOfPage\":{\"@id\":\"https:\/\/bamboovipfood.com\/san-pham\/bot-la-hung-tay-basil-say-thang-hoa\/#primaryimage\"},\"image\":{\"@id\":\"https:\/\/bamboovipfood.com\/san-pham\/bot-la-hung-tay-basil-say-thang-hoa\/#primaryimage\"},\"thumbnailUrl\":\"https:\/\/bamboovipfood.com\/wp-content\/uploads\/2024\/09\/bot-la-hung-tay-basil-say-thang-hoa.jpg\",\"datePublished\":\"2024-09-17T07:24:18+00:00\",\"breadcrumb\":{\"@id\":\"https:\/\/bamboovipfood.com\/san-pham\/bot-la-hung-tay-basil-say-thang-hoa\/#breadcrumb\"},\"inLanguage\":\"en-US\",\"potentialAction\":[{\"@type\":\"ReadAction\",\"target\":[\"https:\/\/bamboovipfood.com\/san-pham\/bot-la-hung-tay-basil-say-thang-hoa\/\"]}]},{\"@type\":\"ImageObject\",\"inLanguage\":\"en-US\",\"@id\":\"https:\/\/bamboovipfood.com\/san-pham\/bot-la-hung-tay-basil-say-thang-hoa\/#primaryimage\",\"url\":\"https:\/\/bamboovipfood.com\/wp-content\/uploads\/2024\/09\/bot-la-hung-tay-basil-say-thang-hoa.jpg\",\"contentUrl\":\"https:\/\/bamboovipfood.com\/wp-content\/uploads\/2024\/09\/bot-la-hung-tay-basil-say-thang-hoa.jpg\",\"width\":750,\"height\":750},{\"@type\":\"BreadcrumbList\",\"@id\":\"https:\/\/bamboovipfood.com\/san-pham\/bot-la-hung-tay-basil-say-thang-hoa\/#breadcrumb\",\"itemListElement\":[{\"@type\":\"ListItem\",\"position\":1,\"name\":\"Trang ch\u1ee7\",\"item\":\"https:\/\/bamboovipfood.com\/\"},{\"@type\":\"ListItem\",\"position\":2,\"name\":\"Shop\",\"item\":\"https:\/\/bamboovipfood.com\/shop\/\"},{\"@type\":\"ListItem\",\"position\":3,\"name\":\"B\u1ed9t l\u00e1 h\u00fang t\u00e2y (basil) s\u1ea5y th\u0103ng hoa\"}]},{\"@type\":\"WebSite\",\"@id\":\"https:\/\/bamboovipfood.com\/#website\",\"url\":\"https:\/\/bamboovipfood.com\/\",\"name\":\"Bamboo Freeze Drying\",\"description\":\"Nh\u00e0 cung \u1ee9ng s\u1ea3n ph\u1ea9m s\u1ea5y th\u0103ng hoa h\u00e0ng \u0111\u1ea7u\",\"publisher\":{\"@id\":\"https:\/\/bamboovipfood.com\/#organization\"},\"potentialAction\":[{\"@type\":\"SearchAction\",\"target\":{\"@type\":\"EntryPoint\",\"urlTemplate\":\"https:\/\/bamboovipfood.com\/?s={search_term_string}\"},\"query-input\":{\"@type\":\"PropertyValueSpecification\",\"valueRequired\":true,\"valueName\":\"search_term_string\"}}],\"inLanguage\":\"en-US\"},{\"@type\":\"Organization\",\"@id\":\"https:\/\/bamboovipfood.com\/#organization\",\"name\":\"Bamboo Freeze Drying\",\"url\":\"https:\/\/bamboovipfood.com\/\",\"logo\":{\"@type\":\"ImageObject\",\"inLanguage\":\"en-US\",\"@id\":\"https:\/\/bamboovipfood.com\/#\/schema\/logo\/image\/\",\"url\":\"https:\/\/bamboovipfood.com\/wp-content\/uploads\/2020\/08\/Logo-Bamboo-Freeze-Dry-Dark.png\",\"contentUrl\":\"https:\/\/bamboovipfood.com\/wp-content\/uploads\/2020\/08\/Logo-Bamboo-Freeze-Dry-Dark.png\",\"width\":500,\"height\":189,\"caption\":\"Bamboo Freeze Drying\"},\"image\":{\"@id\":\"https:\/\/bamboovipfood.com\/#\/schema\/logo\/image\/\"}}]}<\/script>\n<!-- \/ Yoast SEO plugin. -->","yoast_head_json":{"title":"B\u1ed9t l\u00e1 h\u00fang t\u00e2y (basil) s\u1ea5y th\u0103ng hoa - Bamboo Freeze Drying","robots":{"index":"index","follow":"follow","max-snippet":"max-snippet:-1","max-image-preview":"max-image-preview:large","max-video-preview":"max-video-preview:-1"},"canonical":"https:\/\/bamboovipfood.com\/en\/product\/pure-freeze-dried-basil-powder\/","og_locale":"en_US","og_type":"article","og_title":"B\u1ed9t l\u00e1 h\u00fang t\u00e2y (basil) s\u1ea5y th\u0103ng hoa - Bamboo Freeze Drying","og_description":"B\u1ed9t l\u00e1 h\u00fang t\u00e2y \u2013 Gia v\u1ecb th\u1ea7n k\u1ef3 cho m\u1ecdi b\u1eefa \u0103n B\u1ed9t l\u00e1 h\u00fang t\u00e2y (hay c\u00f2n g\u1ecdi l\u00e0 b\u1ed9t basil) l\u00e0 m\u1ed9t lo\u1ea1i gia v\u1ecb quen thu\u1ed9c trong nhi\u1ec1u m\u00f3n \u0103n tr\u00ean th\u1ebf gi\u1edbi, \u0111\u1eb7c bi\u1ec7t l\u00e0 \u1ea9m th\u1ef1c \u00dd. V\u1edbi h\u01b0\u01a1ng th\u01a1m n\u1ed3ng n\u00e0n, v\u1ecb cay nh\u1eb9 \u0111\u1eb7c tr\u01b0ng, b\u1ed9t h\u00fang [&hellip;]","og_url":"https:\/\/bamboovipfood.com\/en\/product\/pure-freeze-dried-basil-powder\/","og_site_name":"Bamboo Freeze Drying","og_image":[{"width":750,"height":750,"url":"https:\/\/bamboovipfood.com\/wp-content\/uploads\/2024\/09\/bot-la-hung-tay-basil-say-thang-hoa.jpg","type":"image\/jpeg"}],"twitter_card":"summary_large_image","twitter_misc":{"Est. reading time":"3 minutes"},"schema":{"@context":"https:\/\/schema.org","@graph":[{"@type":"WebPage","@id":"https:\/\/bamboovipfood.com\/san-pham\/bot-la-hung-tay-basil-say-thang-hoa\/","url":"https:\/\/bamboovipfood.com\/san-pham\/bot-la-hung-tay-basil-say-thang-hoa\/","name":"B\u1ed9t l\u00e1 h\u00fang t\u00e2y (basil) s\u1ea5y th\u0103ng hoa - Bamboo Freeze Drying","isPartOf":{"@id":"https:\/\/bamboovipfood.com\/#website"},"primaryImageOfPage":{"@id":"https:\/\/bamboovipfood.com\/san-pham\/bot-la-hung-tay-basil-say-thang-hoa\/#primaryimage"},"image":{"@id":"https:\/\/bamboovipfood.com\/san-pham\/bot-la-hung-tay-basil-say-thang-hoa\/#primaryimage"},"thumbnailUrl":"https:\/\/bamboovipfood.com\/wp-content\/uploads\/2024\/09\/bot-la-hung-tay-basil-say-thang-hoa.jpg","datePublished":"2024-09-17T07:24:18+00:00","breadcrumb":{"@id":"https:\/\/bamboovipfood.com\/san-pham\/bot-la-hung-tay-basil-say-thang-hoa\/#breadcrumb"},"inLanguage":"en-US","potentialAction":[{"@type":"ReadAction","target":["https:\/\/bamboovipfood.com\/san-pham\/bot-la-hung-tay-basil-say-thang-hoa\/"]}]},{"@type":"ImageObject","inLanguage":"en-US","@id":"https:\/\/bamboovipfood.com\/san-pham\/bot-la-hung-tay-basil-say-thang-hoa\/#primaryimage","url":"https:\/\/bamboovipfood.com\/wp-content\/uploads\/2024\/09\/bot-la-hung-tay-basil-say-thang-hoa.jpg","contentUrl":"https:\/\/bamboovipfood.com\/wp-content\/uploads\/2024\/09\/bot-la-hung-tay-basil-say-thang-hoa.jpg","width":750,"height":750},{"@type":"BreadcrumbList","@id":"https:\/\/bamboovipfood.com\/san-pham\/bot-la-hung-tay-basil-say-thang-hoa\/#breadcrumb","itemListElement":[{"@type":"ListItem","position":1,"name":"Trang ch\u1ee7","item":"https:\/\/bamboovipfood.com\/"},{"@type":"ListItem","position":2,"name":"Shop","item":"https:\/\/bamboovipfood.com\/shop\/"},{"@type":"ListItem","position":3,"name":"B\u1ed9t l\u00e1 h\u00fang t\u00e2y (basil) s\u1ea5y th\u0103ng hoa"}]},{"@type":"WebSite","@id":"https:\/\/bamboovipfood.com\/#website","url":"https:\/\/bamboovipfood.com\/","name":"Bamboo Freeze Drying","description":"Nh\u00e0 cung \u1ee9ng s\u1ea3n ph\u1ea9m s\u1ea5y th\u0103ng hoa h\u00e0ng \u0111\u1ea7u","publisher":{"@id":"https:\/\/bamboovipfood.com\/#organization"},"potentialAction":[{"@type":"SearchAction","target":{"@type":"EntryPoint","urlTemplate":"https:\/\/bamboovipfood.com\/?s={search_term_string}"},"query-input":{"@type":"PropertyValueSpecification","valueRequired":true,"valueName":"search_term_string"}}],"inLanguage":"en-US"},{"@type":"Organization","@id":"https:\/\/bamboovipfood.com\/#organization","name":"Bamboo Freeze Drying","url":"https:\/\/bamboovipfood.com\/","logo":{"@type":"ImageObject","inLanguage":"en-US","@id":"https:\/\/bamboovipfood.com\/#\/schema\/logo\/image\/","url":"https:\/\/bamboovipfood.com\/wp-content\/uploads\/2020\/08\/Logo-Bamboo-Freeze-Dry-Dark.png","contentUrl":"https:\/\/bamboovipfood.com\/wp-content\/uploads\/2020\/08\/Logo-Bamboo-Freeze-Dry-Dark.png","width":500,"height":189,"caption":"Bamboo Freeze Drying"},"image":{"@id":"https:\/\/bamboovipfood.com\/#\/schema\/logo\/image\/"}}]}},"_links":{"self":[{"href":"https:\/\/bamboovipfood.com\/en\/wp-json\/wp\/v2\/product\/8911","targetHints":{"allow":["GET"]}}],"collection":[{"href":"https:\/\/bamboovipfood.com\/en\/wp-json\/wp\/v2\/product"}],"about":[{"href":"https:\/\/bamboovipfood.com\/en\/wp-json\/wp\/v2\/types\/product"}],"replies":[{"embeddable":true,"href":"https:\/\/bamboovipfood.com\/en\/wp-json\/wp\/v2\/comments?post=8911"}],"wp:featuredmedia":[{"embeddable":true,"href":"https:\/\/bamboovipfood.com\/en\/wp-json\/wp\/v2\/media\/8912"}],"wp:attachment":[{"href":"https:\/\/bamboovipfood.com\/en\/wp-json\/wp\/v2\/media?parent=8911"}],"wp:term":[{"taxonomy":"product_cat","embeddable":true,"href":"https:\/\/bamboovipfood.com\/en\/wp-json\/wp\/v2\/product_cat?post=8911"},{"taxonomy":"product_tag","embeddable":true,"href":"https:\/\/bamboovipfood.com\/en\/wp-json\/wp\/v2\/product_tag?post=8911"}],"curies":[{"name":"wp","href":"https:\/\/api.w.org\/{rel}","templated":true}]}}