{"id":8658,"date":"2025-04-06T02:24:14","date_gmt":"2025-04-06T02:24:14","guid":{"rendered":"https:\/\/bamboovipfood.com\/?post_type=product&#038;p=8658"},"modified":"2025-04-19T09:01:38","modified_gmt":"2025-04-19T09:01:38","slug":"nam-huong-say-thang-hoa","status":"publish","type":"product","link":"https:\/\/bamboovipfood.com\/en\/product\/freeze-dried-shiitake-mushrooms\/","title":{"rendered":"Freeze-dried shiitake mushrooms"},"content":{"rendered":"<p><strong>Shiitake mushroom<\/strong> Packed with nutrients and amino acids comparable to meat, these mushrooms are celebrated for their bold, delicious taste and wide-ranging health perks. The natural compounds in shiitakes act as a powerful shield, helping to combat cancer, enhance immunity, and promote a healthy heart.<\/p>\n<p>Freshly harvested shiitake mushrooms quickly soften and turn brown during storage, resulting in a short shelf life and high perishability. To extend their shelf life, the most common method is reducing the moisture content to below 5%. Among various techniques, freeze-drying is considered the optimal way to retain the nutrition, color, texture, and flavor of most fruits and vegetables\u2014especially mushrooms, which are notoriously difficult to preserve for the long term.<\/p>\n<p>Utilizing today's most advanced preservation method\u2014Freeze-Drying\u2014our products are free from preservatives and additives, ensuring long-term storage while remaining Non-GMO. Our freeze-dried shiitake mushrooms retain over 95% of their 'fresh' nutritional value and make a versatile addition to any recipe. They are convenient for home storage, ready to use whenever you need, and perfect for taking anywhere, such as on trips or travels.<\/p>\n<p><img fetchpriority=\"high\" decoding=\"async\" class=\"aligncenter\" src=\"https:\/\/bamboovipfood.com\/wp-content\/uploads\/2024\/06\/nam-huong-say-thang-hoa-1.jpg\" alt=\"N\u1ea5m h\u01b0\u01a1ng s\u1ea5y th\u0103ng hoa 1\" width=\"1011\" height=\"568\" \/><\/p>\n<h3>Health Benefits of Shiitake Mushrooms:<\/h3>\n<p>Shiitake mushrooms are dark brown with caps ranging from 2 to 4 inches (5 to 10 cm) in diameter. They are low in calories and provide a good source of fiber, as well as B vitamins and essential minerals.<\/p>\n<p><strong>Nutritional content in 4 dried shiitake mushrooms (15 grams):<\/strong><\/p>\n<ul>\n<li>Calories: 44<\/li>\n<li>Carb: 11 gram<\/li>\n<li>Fiber: 2 grams<\/li>\n<li>Protein: 1 gram<\/li>\n<li>Riboflavin: 11% of the daily value (DV)<\/li>\n<li>Niacin: 11% DV<\/li>\n<li>Copper: 39% DV<\/li>\n<li>Vitamin B5: 33% DV<\/li>\n<li>Selen: 10% DV<\/li>\n<li>Mangan: 9% DV<\/li>\n<li>Zinc: 8% DV<\/li>\n<li>Vitamin B6: 7% DV<\/li>\n<li>Folate: 6% DV<\/li>\n<li>Vitamin D: 6% DV<\/li>\n<li>In addition, shiitake mushrooms contain many of the same amino acids as meat.<\/li>\n<\/ul>\n<p>They also contain polysaccharides, terpenoids, steroids, and lipids, some of which have immune-boosting and cholesterol-lowering effects.<\/p>\n<ul>\n<li>Eritadenine: This compound inhibits an enzyme involved in cholesterol production.<\/li>\n<li>Sterols: These molecules help prevent the absorption of cholesterol in your intestines.<\/li>\n<li>Beta glucan: This type of fiber may help lower cholesterol.<\/li>\n<\/ul>\n<h3>Advantages of freeze-dried shiitake mushrooms:<\/h3>\n<ul>\n<li>Dried from <strong>100%<\/strong> fresh shiitake mushrooms, with no preservatives.<\/li>\n<li>This method helps to retain almost all of the nutritional value of the mushrooms.<\/li>\n<li>The color and flavor remain unchanged.<\/li>\n<li>Simple to use for rehydration, and can be incorporated into various dishes: vegetarian dishes, stews, stir-fries, hot pot, etc.<\/li>\n<\/ul>\n<p><img decoding=\"async\" class=\"aligncenter\" src=\"https:\/\/bamboovipfood.com\/wp-content\/uploads\/2024\/06\/nam-huong-say-thang-hoa-3.jpg\" alt=\"N\u1ea5m h\u01b0\u01a1ng s\u1ea5y th\u0103ng hoa 1\" width=\"750\" height=\"750\" \/><\/p>\n<h3>Can freeze-dried shiitake mushrooms be stored for a long time?<\/h3>\n<p>\"Freeze-dried shiitake mushrooms are packaged in zip-lock bags or airtight plastic jars\/glass containers, ensuring the product is airtight, keeping it dry and vacuum-sealed. If stored properly at room temperature and away from direct sunlight, the product can be preserved for several years. This means all our products will stay fresh for as long as possible.\"<\/p>\n<p>After opening the bag\/jar for use, if there are any left over, seal it tightly again, making sure the jar is kept completely dry. It's best to consume freeze-dried shiitake mushrooms within 3-4 weeks, as they absorb moisture from the air even when the jar is open for a while.<\/p>\n<p>Freeze-dried products have a long shelf life and do not require special storage conditions like refrigeration, making them very easy to store.<\/p>\n<p><img decoding=\"async\" class=\"aligncenter\" src=\"https:\/\/bamboovipfood.com\/wp-content\/uploads\/2024\/06\/nam-huong-say-thang-hoa-2-1.jpg\" alt=\"N\u1ea5m h\u01b0\u01a1ng s\u1ea5y th\u0103ng hoa 2\" width=\"750\" height=\"750\" \/><\/p>\n<h3>Reputable supplier of freeze-dried shiitake mushrooms:<\/h3>\n<p>You can <a href=\"https:\/\/bamboovipfood.com\/en\/product\/freeze-dried-shiitake-mushrooms\/\">buy freeze-dried shiitake mushrooms<\/a> wholesale and retail at Bamboo, wholesale prices starting from just 1kg. We are a processing and exporting company. <a href=\"https:\/\/bamboovipfood.com\/en\/product-category\/freeze-dried-vegetables\/\">Freeze-dried foods<\/a> as a leading Vietnamese company specializing in tropical fruits and mushrooms, our products are made with carefully selected, fresh, and high-quality ingredients, processed using advanced technology to preserve flavor and nutritional value to the fullest.<\/p>\n<p>We are a leading processor and exporter of <strong>premium fruits <a href=\"https:\/\/bamboovipfood.com\/en\/product-category\/freeze-dried-mushrooms\/\">Freeze-Dried Mushrooms<\/a>,<\/strong>...at competitive prices, with all the necessary documents and certificates for export.<\/p>\n<ul>\n<li>We possess the production capacity to meet high-volume demands for businesses of all sizes and types: retailers, wholesalers, distributors, and food service providers.<\/li>\n<li>We offer private labeling services, allowing you to create your own brand.<\/li>\n<li>Our dedicated and friendly team, full of experience, is ready to assist you with any questions, requests, or feedback.<\/li>\n<li>Fast and reliable delivery services, ensuring your orders arrive on time, every time.<\/li>\n<\/ul>\n<div style=\"display: table; border-radius: 2px; min-width: 250px; margin-left: auto; margin-right: auto; text-shadow: #a70c0c 0px 1px 0px; padding: 10px; background: #f38020; text-align: center;\"><a href=\"https:\/\/s.shopee.vn\/7pg2RxAhWM\"><span style=\"font-size: 20px;\"><span style=\"color: #ffffff;\"><strong>ORDER NOW<\/strong><\/span><\/span><\/a><\/div>","protected":false},"excerpt":{"rendered":"<ul>\n<li><span class=\"OYPEnA text-decoration-none text-strikethrough-none\">Moisture:\u00a0<strong>&lt; 5%<\/strong><\/span><\/li>\n<li><span class=\"OYPEnA text-decoration-none text-strikethrough-none\">Type: <strong>Grade 1 Garden Shiitake Mushrooms<\/strong><\/span><\/li>\n<li><span class=\"OYPEnA text-decoration-none text-strikethrough-none\">Purity:\u00a0<strong>100%<\/strong><\/span><\/li>\n<li><span class=\"OYPEnA text-decoration-none text-strikethrough-none\">Drying Method: Freeze-Drying<\/span><\/li>\n<li><span class=\"OYPEnA text-decoration-none text-strikethrough-none\">Texture: Crispy<\/span><\/li>\n<li><span class=\"OYPEnA text-decoration-none text-strikethrough-none\">Storage: Vacuum-sealed zip bag<\/span><\/li>\n<li><span class=\"OYPEnA text-decoration-none text-strikethrough-none\">Shelf Life: 12 months<\/span><\/li>\n<li><span class=\"OYPEnA text-decoration-none text-strikethrough-none\">No Added Sugar, No Preservatives<\/span><\/li>\n<\/ul>","protected":false},"featured_media":9327,"comment_status":"open","ping_status":"closed","template":"","meta":[],"product_cat":[444],"product_tag":[],"class_list":{"0":"post-8658","1":"product","2":"type-product","3":"status-publish","4":"has-post-thumbnail","6":"product_cat-nam-say-thang-hoa","8":"first","9":"instock","10":"shipping-taxable","11":"purchasable","12":"product-type-variable","13":"wvs-archive-product-wrapper"},"yoast_head":"<!-- This site is optimized with the Yoast SEO plugin v25.7 - https:\/\/yoast.com\/wordpress\/plugins\/seo\/ -->\n<title>N\u1ea5m h\u01b0\u01a1ng s\u1ea5y th\u0103ng hoa - Bamboo Freeze Drying<\/title>\n<meta name=\"robots\" content=\"index, follow, max-snippet:-1, max-image-preview:large, max-video-preview:-1\" \/>\n<link rel=\"canonical\" href=\"https:\/\/bamboovipfood.com\/en\/product\/freeze-dried-shiitake-mushrooms\/\" \/>\n<meta property=\"og:locale\" content=\"en_US\" \/>\n<meta property=\"og:type\" content=\"article\" \/>\n<meta property=\"og:title\" content=\"N\u1ea5m h\u01b0\u01a1ng s\u1ea5y th\u0103ng hoa - Bamboo Freeze Drying\" \/>\n<meta property=\"og:description\" content=\"\u0110\u1ed9 \u1ea9m:\u00a0&lt; 5%  D\u00f2ng: N\u1ea5m h\u01b0\u01a1ng nh\u00e0 v\u01b0\u1eddn lo\u1ea1i I  \u0110\u1ed9 tinh khi\u1ebft:\u00a0100%  Ph\u01b0\u01a1ng ph\u00e1p s\u1ea5y: Th\u0103ng hoa  K\u1ebft c\u1ea5u: Gi\u00f2n  B\u1ea3o qu\u1ea3n: T\u00fai zip h\u00fat ch\u00e2n kh\u00f4ng  Th\u1eddi h\u1ea1n s\u1eed d\u1ee5ng: 12 th\u00e1ng  Kh\u00f4ng \u0111\u01b0\u1eddng, kh\u00f4ng ch\u1ea5t b\u1ea3o qu\u1ea3n\" \/>\n<meta property=\"og:url\" content=\"https:\/\/bamboovipfood.com\/en\/product\/freeze-dried-shiitake-mushrooms\/\" \/>\n<meta property=\"og:site_name\" content=\"Bamboo Freeze Drying\" \/>\n<meta property=\"article:modified_time\" content=\"2025-04-19T09:01:38+00:00\" \/>\n<meta property=\"og:image\" content=\"https:\/\/bamboovipfood.com\/wp-content\/uploads\/2024\/10\/nam-huong-say-thang-hoa.jpg\" \/>\n\t<meta property=\"og:image:width\" content=\"750\" \/>\n\t<meta property=\"og:image:height\" content=\"750\" \/>\n\t<meta property=\"og:image:type\" content=\"image\/jpeg\" \/>\n<meta name=\"twitter:card\" content=\"summary_large_image\" \/>\n<meta name=\"twitter:label1\" content=\"Est. reading time\" \/>\n\t<meta name=\"twitter:data1\" content=\"6 minutes\" \/>\n<script type=\"application\/ld+json\" class=\"yoast-schema-graph\">{\"@context\":\"https:\/\/schema.org\",\"@graph\":[{\"@type\":\"WebPage\",\"@id\":\"https:\/\/bamboovipfood.com\/san-pham\/nam-huong-say-thang-hoa\/\",\"url\":\"https:\/\/bamboovipfood.com\/san-pham\/nam-huong-say-thang-hoa\/\",\"name\":\"N\u1ea5m h\u01b0\u01a1ng s\u1ea5y th\u0103ng hoa - Bamboo Freeze Drying\",\"isPartOf\":{\"@id\":\"https:\/\/bamboovipfood.com\/#website\"},\"primaryImageOfPage\":{\"@id\":\"https:\/\/bamboovipfood.com\/san-pham\/nam-huong-say-thang-hoa\/#primaryimage\"},\"image\":{\"@id\":\"https:\/\/bamboovipfood.com\/san-pham\/nam-huong-say-thang-hoa\/#primaryimage\"},\"thumbnailUrl\":\"https:\/\/bamboovipfood.com\/wp-content\/uploads\/2024\/10\/nam-huong-say-thang-hoa.jpg\",\"datePublished\":\"2025-04-06T02:24:14+00:00\",\"dateModified\":\"2025-04-19T09:01:38+00:00\",\"breadcrumb\":{\"@id\":\"https:\/\/bamboovipfood.com\/san-pham\/nam-huong-say-thang-hoa\/#breadcrumb\"},\"inLanguage\":\"en-US\",\"potentialAction\":[{\"@type\":\"ReadAction\",\"target\":[\"https:\/\/bamboovipfood.com\/san-pham\/nam-huong-say-thang-hoa\/\"]}]},{\"@type\":\"ImageObject\",\"inLanguage\":\"en-US\",\"@id\":\"https:\/\/bamboovipfood.com\/san-pham\/nam-huong-say-thang-hoa\/#primaryimage\",\"url\":\"https:\/\/bamboovipfood.com\/wp-content\/uploads\/2024\/10\/nam-huong-say-thang-hoa.jpg\",\"contentUrl\":\"https:\/\/bamboovipfood.com\/wp-content\/uploads\/2024\/10\/nam-huong-say-thang-hoa.jpg\",\"width\":750,\"height\":750},{\"@type\":\"BreadcrumbList\",\"@id\":\"https:\/\/bamboovipfood.com\/san-pham\/nam-huong-say-thang-hoa\/#breadcrumb\",\"itemListElement\":[{\"@type\":\"ListItem\",\"position\":1,\"name\":\"Trang ch\u1ee7\",\"item\":\"https:\/\/bamboovipfood.com\/\"},{\"@type\":\"ListItem\",\"position\":2,\"name\":\"Shop\",\"item\":\"https:\/\/bamboovipfood.com\/shop\/\"},{\"@type\":\"ListItem\",\"position\":3,\"name\":\"N\u1ea5m h\u01b0\u01a1ng s\u1ea5y th\u0103ng hoa\"}]},{\"@type\":\"WebSite\",\"@id\":\"https:\/\/bamboovipfood.com\/#website\",\"url\":\"https:\/\/bamboovipfood.com\/\",\"name\":\"Bamboo Freeze Drying\",\"description\":\"Nh\u00e0 cung \u1ee9ng s\u1ea3n ph\u1ea9m s\u1ea5y th\u0103ng hoa h\u00e0ng \u0111\u1ea7u\",\"publisher\":{\"@id\":\"https:\/\/bamboovipfood.com\/#organization\"},\"potentialAction\":[{\"@type\":\"SearchAction\",\"target\":{\"@type\":\"EntryPoint\",\"urlTemplate\":\"https:\/\/bamboovipfood.com\/?s={search_term_string}\"},\"query-input\":{\"@type\":\"PropertyValueSpecification\",\"valueRequired\":true,\"valueName\":\"search_term_string\"}}],\"inLanguage\":\"en-US\"},{\"@type\":\"Organization\",\"@id\":\"https:\/\/bamboovipfood.com\/#organization\",\"name\":\"Bamboo Freeze Drying\",\"url\":\"https:\/\/bamboovipfood.com\/\",\"logo\":{\"@type\":\"ImageObject\",\"inLanguage\":\"en-US\",\"@id\":\"https:\/\/bamboovipfood.com\/#\/schema\/logo\/image\/\",\"url\":\"https:\/\/bamboovipfood.com\/wp-content\/uploads\/2020\/08\/Logo-Bamboo-Freeze-Dry-Dark.png\",\"contentUrl\":\"https:\/\/bamboovipfood.com\/wp-content\/uploads\/2020\/08\/Logo-Bamboo-Freeze-Dry-Dark.png\",\"width\":500,\"height\":189,\"caption\":\"Bamboo Freeze Drying\"},\"image\":{\"@id\":\"https:\/\/bamboovipfood.com\/#\/schema\/logo\/image\/\"}}]}<\/script>\n<!-- \/ Yoast SEO plugin. -->","yoast_head_json":{"title":"N\u1ea5m h\u01b0\u01a1ng s\u1ea5y th\u0103ng hoa - Bamboo Freeze Drying","robots":{"index":"index","follow":"follow","max-snippet":"max-snippet:-1","max-image-preview":"max-image-preview:large","max-video-preview":"max-video-preview:-1"},"canonical":"https:\/\/bamboovipfood.com\/en\/product\/freeze-dried-shiitake-mushrooms\/","og_locale":"en_US","og_type":"article","og_title":"N\u1ea5m h\u01b0\u01a1ng s\u1ea5y th\u0103ng hoa - Bamboo Freeze Drying","og_description":"\u0110\u1ed9 \u1ea9m:\u00a0&lt; 5%  D\u00f2ng: N\u1ea5m h\u01b0\u01a1ng nh\u00e0 v\u01b0\u1eddn lo\u1ea1i I  \u0110\u1ed9 tinh khi\u1ebft:\u00a0100%  Ph\u01b0\u01a1ng ph\u00e1p s\u1ea5y: Th\u0103ng hoa  K\u1ebft c\u1ea5u: Gi\u00f2n  B\u1ea3o qu\u1ea3n: T\u00fai zip h\u00fat ch\u00e2n kh\u00f4ng  Th\u1eddi h\u1ea1n s\u1eed d\u1ee5ng: 12 th\u00e1ng  Kh\u00f4ng \u0111\u01b0\u1eddng, kh\u00f4ng ch\u1ea5t b\u1ea3o qu\u1ea3n","og_url":"https:\/\/bamboovipfood.com\/en\/product\/freeze-dried-shiitake-mushrooms\/","og_site_name":"Bamboo Freeze Drying","article_modified_time":"2025-04-19T09:01:38+00:00","og_image":[{"width":750,"height":750,"url":"https:\/\/bamboovipfood.com\/wp-content\/uploads\/2024\/10\/nam-huong-say-thang-hoa.jpg","type":"image\/jpeg"}],"twitter_card":"summary_large_image","twitter_misc":{"Est. reading time":"6 minutes"},"schema":{"@context":"https:\/\/schema.org","@graph":[{"@type":"WebPage","@id":"https:\/\/bamboovipfood.com\/san-pham\/nam-huong-say-thang-hoa\/","url":"https:\/\/bamboovipfood.com\/san-pham\/nam-huong-say-thang-hoa\/","name":"N\u1ea5m h\u01b0\u01a1ng s\u1ea5y th\u0103ng hoa - Bamboo Freeze Drying","isPartOf":{"@id":"https:\/\/bamboovipfood.com\/#website"},"primaryImageOfPage":{"@id":"https:\/\/bamboovipfood.com\/san-pham\/nam-huong-say-thang-hoa\/#primaryimage"},"image":{"@id":"https:\/\/bamboovipfood.com\/san-pham\/nam-huong-say-thang-hoa\/#primaryimage"},"thumbnailUrl":"https:\/\/bamboovipfood.com\/wp-content\/uploads\/2024\/10\/nam-huong-say-thang-hoa.jpg","datePublished":"2025-04-06T02:24:14+00:00","dateModified":"2025-04-19T09:01:38+00:00","breadcrumb":{"@id":"https:\/\/bamboovipfood.com\/san-pham\/nam-huong-say-thang-hoa\/#breadcrumb"},"inLanguage":"en-US","potentialAction":[{"@type":"ReadAction","target":["https:\/\/bamboovipfood.com\/san-pham\/nam-huong-say-thang-hoa\/"]}]},{"@type":"ImageObject","inLanguage":"en-US","@id":"https:\/\/bamboovipfood.com\/san-pham\/nam-huong-say-thang-hoa\/#primaryimage","url":"https:\/\/bamboovipfood.com\/wp-content\/uploads\/2024\/10\/nam-huong-say-thang-hoa.jpg","contentUrl":"https:\/\/bamboovipfood.com\/wp-content\/uploads\/2024\/10\/nam-huong-say-thang-hoa.jpg","width":750,"height":750},{"@type":"BreadcrumbList","@id":"https:\/\/bamboovipfood.com\/san-pham\/nam-huong-say-thang-hoa\/#breadcrumb","itemListElement":[{"@type":"ListItem","position":1,"name":"Trang ch\u1ee7","item":"https:\/\/bamboovipfood.com\/"},{"@type":"ListItem","position":2,"name":"Shop","item":"https:\/\/bamboovipfood.com\/shop\/"},{"@type":"ListItem","position":3,"name":"N\u1ea5m h\u01b0\u01a1ng s\u1ea5y th\u0103ng hoa"}]},{"@type":"WebSite","@id":"https:\/\/bamboovipfood.com\/#website","url":"https:\/\/bamboovipfood.com\/","name":"Bamboo Freeze Drying","description":"Nh\u00e0 cung \u1ee9ng s\u1ea3n ph\u1ea9m s\u1ea5y th\u0103ng hoa h\u00e0ng \u0111\u1ea7u","publisher":{"@id":"https:\/\/bamboovipfood.com\/#organization"},"potentialAction":[{"@type":"SearchAction","target":{"@type":"EntryPoint","urlTemplate":"https:\/\/bamboovipfood.com\/?s={search_term_string}"},"query-input":{"@type":"PropertyValueSpecification","valueRequired":true,"valueName":"search_term_string"}}],"inLanguage":"en-US"},{"@type":"Organization","@id":"https:\/\/bamboovipfood.com\/#organization","name":"Bamboo Freeze Drying","url":"https:\/\/bamboovipfood.com\/","logo":{"@type":"ImageObject","inLanguage":"en-US","@id":"https:\/\/bamboovipfood.com\/#\/schema\/logo\/image\/","url":"https:\/\/bamboovipfood.com\/wp-content\/uploads\/2020\/08\/Logo-Bamboo-Freeze-Dry-Dark.png","contentUrl":"https:\/\/bamboovipfood.com\/wp-content\/uploads\/2020\/08\/Logo-Bamboo-Freeze-Dry-Dark.png","width":500,"height":189,"caption":"Bamboo Freeze Drying"},"image":{"@id":"https:\/\/bamboovipfood.com\/#\/schema\/logo\/image\/"}}]}},"_links":{"self":[{"href":"https:\/\/bamboovipfood.com\/en\/wp-json\/wp\/v2\/product\/8658","targetHints":{"allow":["GET"]}}],"collection":[{"href":"https:\/\/bamboovipfood.com\/en\/wp-json\/wp\/v2\/product"}],"about":[{"href":"https:\/\/bamboovipfood.com\/en\/wp-json\/wp\/v2\/types\/product"}],"replies":[{"embeddable":true,"href":"https:\/\/bamboovipfood.com\/en\/wp-json\/wp\/v2\/comments?post=8658"}],"wp:featuredmedia":[{"embeddable":true,"href":"https:\/\/bamboovipfood.com\/en\/wp-json\/wp\/v2\/media\/9327"}],"wp:attachment":[{"href":"https:\/\/bamboovipfood.com\/en\/wp-json\/wp\/v2\/media?parent=8658"}],"wp:term":[{"taxonomy":"product_cat","embeddable":true,"href":"https:\/\/bamboovipfood.com\/en\/wp-json\/wp\/v2\/product_cat?post=8658"},{"taxonomy":"product_tag","embeddable":true,"href":"https:\/\/bamboovipfood.com\/en\/wp-json\/wp\/v2\/product_tag?post=8658"}],"curies":[{"name":"wp","href":"https:\/\/api.w.org\/{rel}","templated":true}]}}