{"id":8652,"date":"2025-04-10T02:03:52","date_gmt":"2025-04-10T02:03:52","guid":{"rendered":"https:\/\/bamboovipfood.com\/?post_type=product&#038;p=8652"},"modified":"2025-04-22T05:01:42","modified_gmt":"2025-04-22T05:01:42","slug":"bot-xoai-say-thang-hoa","status":"publish","type":"product","link":"https:\/\/bamboovipfood.com\/en\/product\/freeze-dried-mango-powder\/","title":{"rendered":"Freeze-Dried Mango Powder"},"content":{"rendered":"<table>\n<tbody>\n<tr>\n<td>Ph\u01b0\u01a1ng ph\u00e1p s\u1ea5y<\/td>\n<td><strong>S\u1ea5y Th\u0103ng hoa<\/strong><\/td>\n<\/tr>\n<tr>\n<td>Ngu\u1ed3n g\u1ed1c<\/td>\n<td><span style=\"font-weight: 400;\">T\u1eeb nh\u1eefng qu\u1ea3 xo\u00e0i (C\u00e1t chu) \u0111\u1ea1t ch\u1ea5t l\u01b0\u1ee3ng, \u0111\u01b0\u1ee3c x\u1eed l\u00fd, s\u1ea5y v\u00e0 nghi\u1ec1n m\u1ecbn<\/span><\/td>\n<\/tr>\n<tr>\n<td>Feature<\/td>\n<td><span style=\"font-weight: 400;\">B\u1ed9t c\u00f3 m\u00e0u v\u00e0ng nh\u1ea1t, m\u00f9i th\u01a1m \u0111\u1eb7c tr\u01b0ng, v\u1ecb ng\u1ecdt, \u0111\u1ed9 m\u1ecbn 80 mesh, \u0111\u1ed9 \u1ea9m &lt;5%<\/span><\/td>\n<\/tr>\n<tr>\n<td>H\u00e0m l\u01b0\u1ee3ng dinh d\u01b0\u1ee1ng<\/td>\n<td><span style=\"font-weight: 400;\">Cao, ch\u1ee9a m\u1ed9t l\u01b0\u1ee3ng l\u1edbn c\u00e1c ch\u1ea5t oxy h\u00f3a quan tr\u1ecdng nh\u01b0: quercetin, betacarotene v\u00e0 astragalin, c\u00f9ng c\u00e1c vitamin v\u00e0 kho\u00e1ng ch\u1ea5t<\/span><\/td>\n<\/tr>\n<tr>\n<td>C\u00f4ng d\u1ee5ng<\/td>\n<td><span style=\"font-weight: 400;\">D\u00f9ng u\u1ed1ng tr\u1ef1c ti\u1ebfp, d\u00f9ng trong pha ch\u1ebf \u0111\u1ed3 u\u1ed1ng v\u00e0 ch\u1ebf bi\u1ebfn m\u00f3n \u0103n gi\u00fap t\u1ea1o h\u01b0\u01a1ng th\u01a1m t\u1ef1 nhi\u00ean, d\u00f9ng mix c\u00f9ng c\u00e1c th\u00e0nh ph\u1ea7n kh\u00e1c t\u1ea1o n\u00ean th\u1ee9c u\u1ed1ng dinh d\u01b0\u1ee1ng, l\u00e0m nguy\u00ean li\u1ec7u cho c\u00e1c lo\u1ea1i b\u00e1nh k\u1eb9o<\/span><\/td>\n<\/tr>\n<\/tbody>\n<\/table>\n<p>B\u1ed9t xo\u00e0i s\u1ea5y th\u0103ng hoa \u0111ang d\u1ea7n kh\u1eb3ng \u0111\u1ecbnh v\u1ecb th\u1ebf c\u1ee7a m\u00ecnh trong ng\u00e0nh c\u00f4ng nghi\u1ec7p th\u1ef1c ph\u1ea9m. V\u1edbi h\u01b0\u01a1ng v\u1ecb th\u01a1m ngon \u0111\u1eb7c tr\u01b0ng v\u00e0 h\u00e0m l\u01b0\u1ee3ng dinh d\u01b0\u1ee1ng cao, b\u1ed9t xo\u00e0i kh\u00f4ng ch\u1ec9 \u0111\u01b0\u1ee3c s\u1eed d\u1ee5ng trong s\u1ea3n xu\u1ea5t th\u1ef1c ph\u1ea9m m\u00e0 c\u00f2n c\u00f3 nhi\u1ec1u \u1ee9ng d\u1ee5ng trong l\u0129nh v\u1ef1c d\u01b0\u1ee3c ph\u1ea9m v\u00e0 m\u1ef9 ph\u1ea9m. Kh\u00e1c v\u1edbi c\u00e1c ph\u01b0\u01a1ng ph\u00e1p s\u1ea5y nhi\u1ec7t hay s\u1ea5y l\u1ea1nh kh\u00e1c, s\u1ea3n ph\u1ea9m b\u1ed9t s\u1ea5y th\u0103ng hoa \u0111ang d\u1ea7n \u0111\u01b0\u1ee3c t\u00ecm ki\u1ebfm d\u1ea1o g\u1ea7n \u0111\u00e2y.<\/p>\n<p><img decoding=\"async\" class=\"aligncenter\" src=\"https:\/\/bamboovipfood.com\/wp-content\/uploads\/2024\/06\/bot-xoai-say-thang-hoa-1-1.jpg\" \/><\/p>\n<h3>Quy tr\u00ecnh s\u1ea3n xu\u1ea5t b\u1ed9t xo\u00e0i s\u1ea5y th\u0103ng hoa:<\/h3>\n<p>S\u1ea5y th\u0103ng hoa l\u00e0 ph\u01b0\u01a1ng ph\u00e1p s\u1ea5y hi\u1ec7n \u0111\u1ea1i nh\u1ea5t hi\u1ec7n nay, gi\u00fap gi\u1eef nguy\u00ean m\u00e0u s\u1eafc, h\u01b0\u01a1ng v\u1ecb v\u00e0 gi\u00e1 tr\u1ecb dinh d\u01b0\u1ee1ng c\u1ee7a xo\u00e0i. Quy tr\u00ecnh s\u1ea3n xu\u1ea5t <strong><a href=\"https:\/\/bamboovipfood.com\/en\/product\/freeze-dried-mango-powder\/\">b\u1ed9t xo\u00e0i s\u1ea5y th\u0103ng hoa<\/a><\/strong> bao g\u1ed3m c\u00e1c b\u01b0\u1edbc sau:<\/p>\n<ol>\n<li>Ch\u1ecdn l\u1ef1a nguy\u00ean li\u1ec7u: Xo\u00e0i t\u01b0\u01a1i ngon, ch\u00edn \u0111\u1ec1u \u0111\u01b0\u1ee3c l\u1ef1a ch\u1ecdn k\u1ef9 c\u00e0ng \u0111\u1ec3 \u0111\u1ea3m b\u1ea3o ch\u1ea5t l\u01b0\u1ee3ng s\u1ea3n ph\u1ea9m cu\u1ed1i c\u00f9ng.<\/li>\n<li>S\u01a1 ch\u1ebf: Xo\u00e0i \u0111\u01b0\u1ee3c r\u1eeda s\u1ea1ch, g\u1ecdt v\u1ecf, b\u1ecf h\u1ea1t v\u00e0 c\u1eaft th\u00e0nh c\u00e1c l\u00e1t m\u1ecfng.<\/li>\n<li>C\u1ea5p \u0111\u00f4ng: C\u00e1c l\u00e1t xo\u00e0i \u0111\u01b0\u1ee3c l\u00e0m \u0111\u00f4ng nhanh \u1edf nhi\u1ec7t \u0111\u1ed9 r\u1ea5t th\u1ea5p<\/li>\n<li>S\u1ea5y: s\u1ea3n ph\u1ea9m sau khi c\u1ea5p \u0111\u00f4ng s\u1ebd \u0111\u01b0a v\u00e0o m\u00e1y s\u1ea5y th\u0103ng hoa v\u1edbi th\u1eddi gian s\u1ea5y t\u1ea7m 48 gi\u1edd, lo\u1ea1i b\u1ecf ho\u00e0n to\u00e0n n\u01b0\u1edbc m\u00e0 kh\u00f4ng l\u00e0m bi\u1ebfn \u0111\u1ed5i c\u1ea5u tr\u00fac t\u1ebf b\u00e0o.<\/li>\n<li>Xay th\u00e0nh b\u1ed9t: S\u1ea3n ph\u1ea9m sau khi s\u1ea5y th\u0103ng hoa \u0111\u01b0\u1ee3c xay th\u00e0nh b\u1ed9t m\u1ecbn, d\u1ec5 d\u00e0ng b\u1ea3o qu\u1ea3n v\u00e0 s\u1eed d\u1ee5ng.<\/li>\n<\/ol>\n<p><img decoding=\"async\" class=\"aligncenter\" src=\"https:\/\/bamboovipfood.com\/wp-content\/uploads\/2024\/06\/bot-xoai-say-thang-hoa-2.jpg\" \/><\/p>\n<h3>Nutrition Facts<\/h3>\n<p><strong>Freeze-Dried Mango Powder<\/strong> ch\u1ee9a h\u00e0m l\u01b0\u1ee3ng cao c\u00e1c ch\u1ea5t dinh d\u01b0\u1ee1ng quan tr\u1ecdng nh\u01b0:<\/p>\n<ul>\n<li>Vitamin C: Gi\u00fap t\u0103ng c\u01b0\u1eddng h\u1ec7 mi\u1ec5n d\u1ecbch, b\u1ea3o v\u1ec7 c\u01a1 th\u1ec3 kh\u1ecfi c\u00e1c g\u1ed1c t\u1ef1 do.<\/li>\n<li>Beta-carotene: M\u1ed9t ti\u1ec1n ch\u1ea5t c\u1ee7a vitamin A, t\u1ed1t cho th\u1ecb l\u1ef1c v\u00e0 s\u1ee9c kh\u1ecfe l\u00e0n da.<\/li>\n<li>C\u00e1c ch\u1ea5t ch\u1ed1ng oxy h\u00f3a: Gi\u00fap trung h\u00f2a c\u00e1c g\u1ed1c t\u1ef1 do, gi\u1ea3m thi\u1ec3u t\u1ed5n th\u01b0\u01a1ng t\u1ebf b\u00e0o v\u00e0 t\u0103ng c\u01b0\u1eddng s\u1ee9c \u0111\u1ec1 kh\u00e1ng c\u1ee7a c\u01a1 th\u1ec3.<\/li>\n<li>Ch\u1ea5t x\u01a1: Gi\u00fap c\u1ea3i thi\u1ec7n h\u1ec7 ti\u00eau h\u00f3a, t\u0103ng c\u1ea3m gi\u00e1c no.<\/li>\n<li>C\u00e1c kho\u00e1ng ch\u1ea5t: Cung c\u1ea5p m\u1ed9t l\u01b0\u1ee3ng nh\u1ecf c\u00e1c kho\u00e1ng ch\u1ea5t nh\u01b0 kali.<\/li>\n<\/ul>\n<p><img decoding=\"async\" class=\"aligncenter\" src=\"https:\/\/bamboovipfood.com\/wp-content\/uploads\/2024\/06\/bot-xoai-say-thang-hoa-3.jpg\" \/><\/p>\n<h3>Health Benefits<\/h3>\n<ul>\n<li>Ch\u1ed1ng oxy h\u00f3a m\u1ea1nh m\u1ebd: C\u00e1c ch\u1ea5t ch\u1ed1ng oxy h\u00f3a trong xo\u00e0i gi\u00fap trung h\u00f2a c\u00e1c g\u1ed1c t\u1ef1 do, ng\u0103n ng\u1eeba l\u00e3o h\u00f3a v\u00e0 c\u00e1c b\u1ec7nh m\u00e3n t\u00ednh.<\/li>\n<li>T\u0103ng c\u01b0\u1eddng h\u1ec7 mi\u1ec5n d\u1ecbch: Vitamin C gi\u00fap t\u0103ng c\u01b0\u1eddng h\u1ec7 mi\u1ec5n d\u1ecbch, b\u1ea3o v\u1ec7 c\u01a1 th\u1ec3 kh\u1ecfi b\u1ec7nh t\u1eadt.<\/li>\n<li>C\u1ea3i thi\u1ec7n th\u1ecb l\u1ef1c: Beta-carotene gi\u00fap c\u1ea3i thi\u1ec7n th\u1ecb l\u1ef1c v\u00e0 b\u1ea3o v\u1ec7 m\u1eaft.<\/li>\n<li>H\u1ed7 tr\u1ee3 ti\u00eau h\u00f3a: Ch\u1ea5t x\u01a1 trong xo\u00e0i gi\u00fap c\u1ea3i thi\u1ec7n h\u1ec7 ti\u00eau h\u00f3a, ng\u0103n ng\u1eeba t\u00e1o b\u00f3n.<\/li>\n<li>C\u1ea3i thi\u1ec7n s\u1ee9c kh\u1ecfe l\u00e0n da: Vitamin A gi\u00fap duy tr\u00ec l\u00e0n da kh\u1ecfe m\u1ea1nh.<\/li>\n<\/ul>\n<h3>\u1ee8ng d\u1ee5ng c\u1ee7a b\u1ed9t xo\u00e0i s\u1ea5y th\u0103ng hoa<\/h3>\n<p>B\u1ed9t xo\u00e0i s\u1ea5y th\u0103ng hoa c\u00f3 nhi\u1ec1u \u1ee9ng d\u1ee5ng trong ng\u00e0nh th\u1ef1c ph\u1ea9m v\u00e0 dinh d\u01b0\u1ee1ng, bao g\u1ed3m:<\/p>\n<p><img decoding=\"async\" class=\"aligncenter\" src=\"https:\/\/bamboovipfood.com\/wp-content\/uploads\/2024\/06\/bot-xoai-say-thang-hoa-4.jpg\" \/><\/p>\n<h4>M\u00f3n tr\u00e1ng mi\u1ec7ng:<\/h4>\n<ul>\n<li>Yogurt xo\u00e0i: Tr\u1ed9n b\u1ed9t xo\u00e0i v\u1edbi s\u1eefa chua kh\u00f4ng \u0111\u01b0\u1eddng \u0111\u1ec3 c\u00f3 m\u1ed9t m\u00f3n \u0103n s\u00e1ng ho\u1eb7c tr\u00e1ng mi\u1ec7ng gi\u00e0u dinh d\u01b0\u1ee1ng v\u00e0 th\u01a1m ngon.<\/li>\n<li>Kem xo\u00e0i: Th\u00eam b\u1ed9t xo\u00e0i v\u00e0o kem t\u01b0\u01a1i ho\u1eb7c kem vani \u0111\u1ec3 t\u1ea1o h\u01b0\u01a1ng v\u1ecb xo\u00e0i t\u1ef1 nhi\u00ean v\u00e0 m\u00e0u s\u1eafc b\u1eaft m\u1eaft.<\/li>\n<li>Pudding xo\u00e0i: Tr\u1ed9n b\u1ed9t xo\u00e0i v\u1edbi s\u1eefa, \u0111\u01b0\u1eddng v\u00e0 b\u1ed9t pudding \u0111\u1ec3 t\u1ea1o th\u00e0nh m\u1ed9t m\u00f3n tr\u00e1ng mi\u1ec7ng m\u1ec1m m\u1ecbn, th\u01a1m ngon.<\/li>\n<li>B\u00e1nh pudding xo\u00e0i: Th\u00eam b\u1ed9t xo\u00e0i v\u00e0o b\u00e1nh pudding \u0111\u1ec3 t\u0103ng h\u01b0\u01a1ng v\u1ecb v\u00e0 t\u1ea1o m\u00e0u v\u00e0ng \u00f3ng h\u1ea5p d\u1eabn.<\/li>\n<li>Mousse xo\u00e0i: Tr\u1ed9n b\u1ed9t xo\u00e0i v\u1edbi whipping cream v\u00e0 gelatin \u0111\u1ec3 t\u1ea1o m\u1ed9t m\u00f3n mousse nh\u1eb9 nh\u00e0ng, thanh m\u00e1t.<\/li>\n<\/ul>\n<h4>\u0110\u1ed3 u\u1ed1ng:<\/h4>\n<ul>\n<li>Sinh t\u1ed1 xo\u00e0i: Tr\u1ed9n b\u1ed9t xo\u00e0i v\u1edbi s\u1eefa, s\u1eefa chua ho\u1eb7c n\u01b0\u1edbc c\u1ed1t d\u1eeba \u0111\u1ec3 t\u1ea1o th\u00e0nh m\u1ed9t ly sinh t\u1ed1 th\u01a1m ngon, b\u1ed5 d\u01b0\u1ee1ng.<\/li>\n<li>N\u01b0\u1edbc \u00e9p xo\u00e0i: Pha b\u1ed9t xo\u00e0i v\u1edbi n\u01b0\u1edbc l\u1ecdc ho\u1eb7c n\u01b0\u1edbc ng\u1ecdt c\u00f3 ga \u0111\u1ec3 t\u1ea1o ra m\u1ed9t th\u1ee9c u\u1ed1ng gi\u1ea3i kh\u00e1t.<\/li>\n<li>Smoothie xo\u00e0i: K\u1ebft h\u1ee3p b\u1ed9t xo\u00e0i v\u1edbi c\u00e1c lo\u1ea1i tr\u00e1i c\u00e2y kh\u00e1c nh\u01b0 chu\u1ed1i, d\u1ee9a \u0111\u1ec3 t\u1ea1o ra m\u1ed9t ly smoothie th\u01a1m ngon v\u00e0 b\u1ed5 d\u01b0\u1ee1ng.<\/li>\n<li>Latte xo\u00e0i: Pha b\u1ed9t xo\u00e0i v\u1edbi c\u00e0 ph\u00ea ho\u1eb7c s\u1eefa \u0111\u1ec3 t\u1ea1o ra m\u1ed9t ly latte th\u01a1m ngon v\u00e0 \u0111\u1ed9c \u0111\u00e1o.<\/li>\n<\/ul>\n<h4>B\u00e1nh v\u00e0 c\u00e1c m\u00f3n n\u01b0\u1edbng:<\/h4>\n<ul>\n<li>B\u00e1nh muffin xo\u00e0i: Tr\u1ed9n b\u1ed9t xo\u00e0i v\u00e0o b\u1ed9t b\u00e1nh muffin th\u00f4ng th\u01b0\u1eddng \u0111\u1ec3 t\u1ea1o m\u00e0u v\u00e0ng t\u1ef1 nhi\u00ean v\u00e0 h\u01b0\u01a1ng v\u1ecb th\u01a1m ngon.<\/li>\n<li>B\u00e1nh cupcake xo\u00e0i: R\u1eafc b\u1ed9t xo\u00e0i l\u00ean tr\u00ean l\u1edbp kem \u0111\u1ec3 trang tr\u00ed v\u00e0 t\u0103ng th\u00eam h\u01b0\u01a1ng v\u1ecb cho b\u00e1nh cupcake.<\/li>\n<li>B\u00e1nh quy xo\u00e0i: Th\u00eam b\u1ed9t xo\u00e0i v\u00e0o b\u1ed9t b\u00e1nh quy \u0111\u1ec3 t\u1ea1o ra nh\u1eefng chi\u1ebfc b\u00e1nh quy gi\u00f2n tan v\u1edbi v\u1ecb xo\u00e0i ng\u1ecdt ng\u00e0o.<\/li>\n<li>B\u00e1nh gato xo\u00e0i: S\u1eed d\u1ee5ng b\u1ed9t xo\u00e0i \u0111\u1ec3 t\u1ea1o m\u00e0u v\u00e0ng cho l\u1edbp kem ho\u1eb7c l\u00e0m nh\u00e2n b\u00e1nh gato.<\/li>\n<\/ul>\n<h4>C\u00e1c m\u00f3n \u0103n kh\u00e1c:<\/h4>\n<ul>\n<li>Oatmeal xo\u00e0i: Th\u00eam b\u1ed9t xo\u00e0i v\u00e0o y\u1ebfn m\u1ea1ch \u0111\u1ec3 t\u1ea1o ra m\u1ed9t b\u1eefa s\u00e1ng gi\u00e0u dinh d\u01b0\u1ee1ng v\u00e0 th\u01a1m ngon.<\/li>\n<li>S\u1eefa chua xo\u00e0i: Tr\u1ed9n b\u1ed9t xo\u00e0i v\u1edbi s\u1eefa chua \u0111\u1ec3 t\u1ea1o ra m\u1ed9t m\u00f3n \u0103n nh\u1eb9 gi\u00e0u protein v\u00e0 canxi.<\/li>\n<li>B\u00e1nh m\u00ec k\u1eb9p xo\u00e0i: Ph\u1ebft m\u1ed9t l\u1edbp m\u1ecfng b\u01a1 ho\u1eb7c ph\u00f4 mai l\u00ean b\u00e1nh m\u00ec, r\u1eafc th\u00eam b\u1ed9t xo\u00e0i l\u00ean tr\u00ean.<\/li>\n<\/ul>\n<h3>Bamboo Freeze Drying l\u00e0 nh\u00e0 cung c\u1ea5p uy t\u00edn c\u00e1c s\u1ea3n ph\u1ea9m s\u1ea5y th\u0103ng hoa<\/h3>\n<p>B\u1ea1n c\u00f3 th\u1ec3 \u0111\u1eb7t mua l\u1ebb v\u1edbi s\u1ed1 l\u01b0\u1ee3ng t\u00f9y th\u00edch ho\u1eb7c mua v\u1ec1 ph\u00e2n ph\u1ed1i l\u1ea1i, s\u1ea3n ph\u1ea9m c\u1ee7a ch\u00fang t\u00f4i \u0111\u01b0\u1ee3c tuy\u1ec3n ch\u1ecdn t\u1eeb c\u00e1c ngu\u1ed3n xo\u00e0i t\u01b0\u01a1i t\u1ed1t nh\u1ea5t, qua ph\u01b0\u01a1ng ph\u00e1p ch\u1ebf bi\u1ebfn chuy\u00ean nghi\u1ec7p b\u1eb1ng c\u00f4ng ngh\u1ec7 ti\u00ean ti\u1ebfn \u0111\u1ec3 b\u1ea3o to\u00e0n h\u01b0\u01a1ng v\u1ecb v\u00e0 dinh d\u01b0\u1ee1ng t\u1ed1i \u0111a.<\/p>\n<p><strong>Bamboo Freeze Drying<\/strong> \u2013 chuy\u00ean ch\u1ebf bi\u1ebfn v\u00e0 xu\u1ea5t kh\u1ea9u\u00a0c\u00e1c lo\u1ea1i s\u1ea3n ph\u1ea9m s\u1ea5y th\u0103ng hoa v\u1edbi gi\u00e1 t\u1ed1t, \u0111\u1ea7y \u0111\u1ee7 gi\u1ea5y t\u1edd, ch\u1ee9ng ch\u1ec9 \u0111\u1ec3 xu\u1ea5t kh\u1ea9u.<\/p>\n<ul>\n<li>Capable of large-scale production for businesses of all sizes and types: retailers, wholesalers, distributors, and food service providers.<\/li>\n<li>We offer private label services, allowing you to create your own signature dried fruit brand.<\/li>\n<li>Our dedicated, friendly, and experienced team is always ready to assist you with any questions, requests, or feedback.<\/li>\n<li>Fast and reliable delivery services, ensuring your orders arrive on time, every time.<\/li>\n<\/ul>\n<blockquote><p>Explore more of our powder products: <strong><a href=\"https:\/\/bamboovipfood.com\/en\/product-category\/freeze-dried-vegetable-powder\/\">https:\/\/bamboovipfood.com\/en\/product-category\/freeze-dried-vegetable-powder\/<\/a><\/strong><\/p><\/blockquote>\n<p><strong>If you are interested in this product line, please feel free to contact our team!<\/strong><\/p>","protected":false},"excerpt":{"rendered":"<p class=\"LC20lb MBeuO DKV0Md\"><span style=\"color: #ff6600;\"><strong>Freeze Dried Mango Powder<\/strong><\/span><\/p>\n<ul>\n<li><span class=\"OYPEnA text-decoration-none text-strikethrough-none\">H\u00ecnh d\u1ea1ng: B\u1ed9t m\u1ecbn<\/span><\/li>\n<li><span class=\"OYPEnA text-decoration-none text-strikethrough-none\">Moisture:\u00a0<strong>&lt; 5%<\/strong><\/span><\/li>\n<li><span class=\"OYPEnA text-decoration-none text-strikethrough-none\">D\u00f2ng xo\u00e0i: C\u00e1t Chu<\/span><\/li>\n<li><span class=\"OYPEnA text-decoration-none text-strikethrough-none\">Purity:\u00a0<strong>100%<\/strong><\/span><\/li>\n<li><span class=\"OYPEnA text-decoration-none text-strikethrough-none\">Drying Method: Freeze-Drying (Sublimation)<\/span><\/li>\n<li><span class=\"OYPEnA text-decoration-none text-strikethrough-none\">B\u1ea3o qu\u1ea3n: T\u00fai zip\/ H\u1ee7 th\u1ee7y tinh k\u00edn<\/span><\/li>\n<li><span class=\"OYPEnA text-decoration-none text-strikethrough-none\">Shelf Life: 24 months<\/span><\/li>\n<li><span class=\"OYPEnA text-decoration-none text-strikethrough-none\">No Added Sugar, No Preservatives<\/span><\/li>\n<\/ul>","protected":false},"featured_media":9244,"comment_status":"open","ping_status":"closed","template":"","meta":[],"product_cat":[238],"product_tag":[240],"class_list":{"0":"post-8652","1":"product","2":"type-product","3":"status-publish","4":"has-post-thumbnail","6":"product_cat-bot-rau-cu-qua","7":"product_tag-xoai","9":"first","10":"instock","11":"shipping-taxable","12":"purchasable","13":"product-type-variable","14":"wvs-archive-product-wrapper"},"yoast_head":"<!-- This site is optimized with the Yoast SEO plugin v25.7 - https:\/\/yoast.com\/wordpress\/plugins\/seo\/ -->\n<title>B\u1ed9t xo\u00e0i s\u1ea5y th\u0103ng hoa - Bamboo Freeze Drying<\/title>\n<meta name=\"robots\" content=\"index, follow, max-snippet:-1, max-image-preview:large, max-video-preview:-1\" \/>\n<link rel=\"canonical\" href=\"https:\/\/bamboovipfood.com\/en\/product\/freeze-dried-mango-powder\/\" \/>\n<meta property=\"og:locale\" content=\"en_US\" \/>\n<meta property=\"og:type\" content=\"article\" \/>\n<meta property=\"og:title\" content=\"B\u1ed9t xo\u00e0i s\u1ea5y th\u0103ng hoa - Bamboo Freeze Drying\" \/>\n<meta property=\"og:description\" content=\"Freeze Dried Mango Powder    H\u00ecnh d\u1ea1ng: B\u1ed9t m\u1ecbn  \u0110\u1ed9 \u1ea9m:\u00a0&lt; 5%  D\u00f2ng xo\u00e0i: C\u00e1t Chu  \u0110\u1ed9 tinh khi\u1ebft:\u00a0100%  Ph\u01b0\u01a1ng ph\u00e1p s\u1ea5y: \u0110\u00f4ng kh\u00f4 (Th\u0103ng hoa)  B\u1ea3o qu\u1ea3n: T\u00fai zip\/ H\u1ee7 th\u1ee7y tinh k\u00edn  Th\u1eddi h\u1ea1n s\u1eed d\u1ee5ng: 24 th\u00e1ng  Kh\u00f4ng \u0111\u01b0\u1eddng, kh\u00f4ng ch\u1ea5t b\u1ea3o qu\u1ea3n\" \/>\n<meta property=\"og:url\" content=\"https:\/\/bamboovipfood.com\/en\/product\/freeze-dried-mango-powder\/\" \/>\n<meta property=\"og:site_name\" content=\"Bamboo Freeze Drying\" \/>\n<meta property=\"article:modified_time\" content=\"2025-04-22T05:01:42+00:00\" \/>\n<meta property=\"og:image\" content=\"https:\/\/bamboovipfood.com\/wp-content\/uploads\/2024\/06\/bot-xoai-say-thang-hoa-1.jpg\" \/>\n\t<meta property=\"og:image:width\" content=\"750\" \/>\n\t<meta property=\"og:image:height\" content=\"750\" \/>\n\t<meta property=\"og:image:type\" content=\"image\/jpeg\" \/>\n<meta name=\"twitter:card\" content=\"summary_large_image\" \/>\n<meta name=\"twitter:label1\" content=\"Est. reading time\" \/>\n\t<meta name=\"twitter:data1\" content=\"8 minutes\" \/>\n<script type=\"application\/ld+json\" class=\"yoast-schema-graph\">{\"@context\":\"https:\/\/schema.org\",\"@graph\":[{\"@type\":\"WebPage\",\"@id\":\"https:\/\/bamboovipfood.com\/san-pham\/bot-xoai-say-thang-hoa\/\",\"url\":\"https:\/\/bamboovipfood.com\/san-pham\/bot-xoai-say-thang-hoa\/\",\"name\":\"B\u1ed9t xo\u00e0i s\u1ea5y th\u0103ng hoa - Bamboo Freeze Drying\",\"isPartOf\":{\"@id\":\"https:\/\/bamboovipfood.com\/#website\"},\"primaryImageOfPage\":{\"@id\":\"https:\/\/bamboovipfood.com\/san-pham\/bot-xoai-say-thang-hoa\/#primaryimage\"},\"image\":{\"@id\":\"https:\/\/bamboovipfood.com\/san-pham\/bot-xoai-say-thang-hoa\/#primaryimage\"},\"thumbnailUrl\":\"https:\/\/bamboovipfood.com\/wp-content\/uploads\/2024\/06\/bot-xoai-say-thang-hoa-1.jpg\",\"datePublished\":\"2025-04-10T02:03:52+00:00\",\"dateModified\":\"2025-04-22T05:01:42+00:00\",\"breadcrumb\":{\"@id\":\"https:\/\/bamboovipfood.com\/san-pham\/bot-xoai-say-thang-hoa\/#breadcrumb\"},\"inLanguage\":\"en-US\",\"potentialAction\":[{\"@type\":\"ReadAction\",\"target\":[\"https:\/\/bamboovipfood.com\/san-pham\/bot-xoai-say-thang-hoa\/\"]}]},{\"@type\":\"ImageObject\",\"inLanguage\":\"en-US\",\"@id\":\"https:\/\/bamboovipfood.com\/san-pham\/bot-xoai-say-thang-hoa\/#primaryimage\",\"url\":\"https:\/\/bamboovipfood.com\/wp-content\/uploads\/2024\/06\/bot-xoai-say-thang-hoa-1.jpg\",\"contentUrl\":\"https:\/\/bamboovipfood.com\/wp-content\/uploads\/2024\/06\/bot-xoai-say-thang-hoa-1.jpg\",\"width\":750,\"height\":750},{\"@type\":\"BreadcrumbList\",\"@id\":\"https:\/\/bamboovipfood.com\/san-pham\/bot-xoai-say-thang-hoa\/#breadcrumb\",\"itemListElement\":[{\"@type\":\"ListItem\",\"position\":1,\"name\":\"Trang ch\u1ee7\",\"item\":\"https:\/\/bamboovipfood.com\/\"},{\"@type\":\"ListItem\",\"position\":2,\"name\":\"Shop\",\"item\":\"https:\/\/bamboovipfood.com\/shop\/\"},{\"@type\":\"ListItem\",\"position\":3,\"name\":\"B\u1ed9t xo\u00e0i s\u1ea5y th\u0103ng hoa\"}]},{\"@type\":\"WebSite\",\"@id\":\"https:\/\/bamboovipfood.com\/#website\",\"url\":\"https:\/\/bamboovipfood.com\/\",\"name\":\"Bamboo Freeze Drying\",\"description\":\"Nh\u00e0 cung \u1ee9ng s\u1ea3n ph\u1ea9m s\u1ea5y th\u0103ng hoa h\u00e0ng \u0111\u1ea7u\",\"publisher\":{\"@id\":\"https:\/\/bamboovipfood.com\/#organization\"},\"potentialAction\":[{\"@type\":\"SearchAction\",\"target\":{\"@type\":\"EntryPoint\",\"urlTemplate\":\"https:\/\/bamboovipfood.com\/?s={search_term_string}\"},\"query-input\":{\"@type\":\"PropertyValueSpecification\",\"valueRequired\":true,\"valueName\":\"search_term_string\"}}],\"inLanguage\":\"en-US\"},{\"@type\":\"Organization\",\"@id\":\"https:\/\/bamboovipfood.com\/#organization\",\"name\":\"Bamboo Freeze Drying\",\"url\":\"https:\/\/bamboovipfood.com\/\",\"logo\":{\"@type\":\"ImageObject\",\"inLanguage\":\"en-US\",\"@id\":\"https:\/\/bamboovipfood.com\/#\/schema\/logo\/image\/\",\"url\":\"https:\/\/bamboovipfood.com\/wp-content\/uploads\/2020\/08\/Logo-Bamboo-Freeze-Dry-Dark.png\",\"contentUrl\":\"https:\/\/bamboovipfood.com\/wp-content\/uploads\/2020\/08\/Logo-Bamboo-Freeze-Dry-Dark.png\",\"width\":500,\"height\":189,\"caption\":\"Bamboo Freeze Drying\"},\"image\":{\"@id\":\"https:\/\/bamboovipfood.com\/#\/schema\/logo\/image\/\"}}]}<\/script>\n<!-- \/ Yoast SEO plugin. -->","yoast_head_json":{"title":"B\u1ed9t xo\u00e0i s\u1ea5y th\u0103ng hoa - Bamboo Freeze Drying","robots":{"index":"index","follow":"follow","max-snippet":"max-snippet:-1","max-image-preview":"max-image-preview:large","max-video-preview":"max-video-preview:-1"},"canonical":"https:\/\/bamboovipfood.com\/en\/product\/freeze-dried-mango-powder\/","og_locale":"en_US","og_type":"article","og_title":"B\u1ed9t xo\u00e0i s\u1ea5y th\u0103ng hoa - Bamboo Freeze Drying","og_description":"Freeze Dried Mango Powder    H\u00ecnh d\u1ea1ng: B\u1ed9t m\u1ecbn  \u0110\u1ed9 \u1ea9m:\u00a0&lt; 5%  D\u00f2ng xo\u00e0i: C\u00e1t Chu  \u0110\u1ed9 tinh khi\u1ebft:\u00a0100%  Ph\u01b0\u01a1ng ph\u00e1p s\u1ea5y: \u0110\u00f4ng kh\u00f4 (Th\u0103ng hoa)  B\u1ea3o qu\u1ea3n: T\u00fai zip\/ H\u1ee7 th\u1ee7y tinh k\u00edn  Th\u1eddi h\u1ea1n s\u1eed d\u1ee5ng: 24 th\u00e1ng  Kh\u00f4ng \u0111\u01b0\u1eddng, kh\u00f4ng ch\u1ea5t b\u1ea3o qu\u1ea3n","og_url":"https:\/\/bamboovipfood.com\/en\/product\/freeze-dried-mango-powder\/","og_site_name":"Bamboo Freeze Drying","article_modified_time":"2025-04-22T05:01:42+00:00","og_image":[{"width":750,"height":750,"url":"https:\/\/bamboovipfood.com\/wp-content\/uploads\/2024\/06\/bot-xoai-say-thang-hoa-1.jpg","type":"image\/jpeg"}],"twitter_card":"summary_large_image","twitter_misc":{"Est. reading time":"8 minutes"},"schema":{"@context":"https:\/\/schema.org","@graph":[{"@type":"WebPage","@id":"https:\/\/bamboovipfood.com\/san-pham\/bot-xoai-say-thang-hoa\/","url":"https:\/\/bamboovipfood.com\/san-pham\/bot-xoai-say-thang-hoa\/","name":"B\u1ed9t xo\u00e0i s\u1ea5y th\u0103ng hoa - Bamboo Freeze Drying","isPartOf":{"@id":"https:\/\/bamboovipfood.com\/#website"},"primaryImageOfPage":{"@id":"https:\/\/bamboovipfood.com\/san-pham\/bot-xoai-say-thang-hoa\/#primaryimage"},"image":{"@id":"https:\/\/bamboovipfood.com\/san-pham\/bot-xoai-say-thang-hoa\/#primaryimage"},"thumbnailUrl":"https:\/\/bamboovipfood.com\/wp-content\/uploads\/2024\/06\/bot-xoai-say-thang-hoa-1.jpg","datePublished":"2025-04-10T02:03:52+00:00","dateModified":"2025-04-22T05:01:42+00:00","breadcrumb":{"@id":"https:\/\/bamboovipfood.com\/san-pham\/bot-xoai-say-thang-hoa\/#breadcrumb"},"inLanguage":"en-US","potentialAction":[{"@type":"ReadAction","target":["https:\/\/bamboovipfood.com\/san-pham\/bot-xoai-say-thang-hoa\/"]}]},{"@type":"ImageObject","inLanguage":"en-US","@id":"https:\/\/bamboovipfood.com\/san-pham\/bot-xoai-say-thang-hoa\/#primaryimage","url":"https:\/\/bamboovipfood.com\/wp-content\/uploads\/2024\/06\/bot-xoai-say-thang-hoa-1.jpg","contentUrl":"https:\/\/bamboovipfood.com\/wp-content\/uploads\/2024\/06\/bot-xoai-say-thang-hoa-1.jpg","width":750,"height":750},{"@type":"BreadcrumbList","@id":"https:\/\/bamboovipfood.com\/san-pham\/bot-xoai-say-thang-hoa\/#breadcrumb","itemListElement":[{"@type":"ListItem","position":1,"name":"Trang ch\u1ee7","item":"https:\/\/bamboovipfood.com\/"},{"@type":"ListItem","position":2,"name":"Shop","item":"https:\/\/bamboovipfood.com\/shop\/"},{"@type":"ListItem","position":3,"name":"B\u1ed9t xo\u00e0i s\u1ea5y th\u0103ng hoa"}]},{"@type":"WebSite","@id":"https:\/\/bamboovipfood.com\/#website","url":"https:\/\/bamboovipfood.com\/","name":"Bamboo Freeze Drying","description":"Nh\u00e0 cung \u1ee9ng s\u1ea3n ph\u1ea9m s\u1ea5y th\u0103ng hoa h\u00e0ng \u0111\u1ea7u","publisher":{"@id":"https:\/\/bamboovipfood.com\/#organization"},"potentialAction":[{"@type":"SearchAction","target":{"@type":"EntryPoint","urlTemplate":"https:\/\/bamboovipfood.com\/?s={search_term_string}"},"query-input":{"@type":"PropertyValueSpecification","valueRequired":true,"valueName":"search_term_string"}}],"inLanguage":"en-US"},{"@type":"Organization","@id":"https:\/\/bamboovipfood.com\/#organization","name":"Bamboo Freeze Drying","url":"https:\/\/bamboovipfood.com\/","logo":{"@type":"ImageObject","inLanguage":"en-US","@id":"https:\/\/bamboovipfood.com\/#\/schema\/logo\/image\/","url":"https:\/\/bamboovipfood.com\/wp-content\/uploads\/2020\/08\/Logo-Bamboo-Freeze-Dry-Dark.png","contentUrl":"https:\/\/bamboovipfood.com\/wp-content\/uploads\/2020\/08\/Logo-Bamboo-Freeze-Dry-Dark.png","width":500,"height":189,"caption":"Bamboo Freeze Drying"},"image":{"@id":"https:\/\/bamboovipfood.com\/#\/schema\/logo\/image\/"}}]}},"_links":{"self":[{"href":"https:\/\/bamboovipfood.com\/en\/wp-json\/wp\/v2\/product\/8652","targetHints":{"allow":["GET"]}}],"collection":[{"href":"https:\/\/bamboovipfood.com\/en\/wp-json\/wp\/v2\/product"}],"about":[{"href":"https:\/\/bamboovipfood.com\/en\/wp-json\/wp\/v2\/types\/product"}],"replies":[{"embeddable":true,"href":"https:\/\/bamboovipfood.com\/en\/wp-json\/wp\/v2\/comments?post=8652"}],"wp:featuredmedia":[{"embeddable":true,"href":"https:\/\/bamboovipfood.com\/en\/wp-json\/wp\/v2\/media\/9244"}],"wp:attachment":[{"href":"https:\/\/bamboovipfood.com\/en\/wp-json\/wp\/v2\/media?parent=8652"}],"wp:term":[{"taxonomy":"product_cat","embeddable":true,"href":"https:\/\/bamboovipfood.com\/en\/wp-json\/wp\/v2\/product_cat?post=8652"},{"taxonomy":"product_tag","embeddable":true,"href":"https:\/\/bamboovipfood.com\/en\/wp-json\/wp\/v2\/product_tag?post=8652"}],"curies":[{"name":"wp","href":"https:\/\/api.w.org\/{rel}","templated":true}]}}