{"id":8489,"date":"2024-05-06T04:13:56","date_gmt":"2024-05-06T04:13:56","guid":{"rendered":"https:\/\/bamboovipfood.com\/?post_type=product&#038;p=8489"},"modified":"2024-05-06T04:13:56","modified_gmt":"2024-05-06T04:13:56","slug":"thit-bo-say-dong-kho","status":"publish","type":"product","link":"https:\/\/bamboovipfood.com\/en\/product\/freeze-dried-beef\/","title":{"rendered":"Freeze-Dried Beef"},"content":{"rendered":"<p><b>Freeze-dried raw beef stew, specially packaged for long-term storage, is a convenient solution for home cooking or taking along on picnics and trips with family and friends.<\/b><\/p>\n<p>With this product, you're getting premium freeze-dried beef cubes that are perfect for making beef stew or any braised dish of your choice. Lightweight and compactly packaged, they are designed for long-term storage and easy transport<\/p>\n<p>Made from premium fresh beef, our product is thoroughly cleaned and freeze-dried\u2014a method that ensures long-term preservation while retaining its original flavor and nutritional value. When ready to use, simply rehydrate and it's good to go.<\/p>\n<p>These freeze-dried beef cubes are raw and uncooked, making them the perfect companion for hiking or camping. You can whip up a meal over a small stove or campfire without the need for heavy frozen food or expensive grocery runs. Best of all, you have total control\u2014not just over the seasoning, but also how you cook them to suit your taste.<\/p>\n<p>Simply rehydrate in water for a few minutes (as instructed on the label), cook and season to your liking, then enjoy!<\/p>","protected":false},"excerpt":{"rendered":"<p>Th\u1ecbt b\u00f2 h\u1ea7m \u0111\u00f4ng kh\u00f4 (ch\u01b0a n\u1ea5u ch\u00edn) \u0111\u01b0\u1ee3c \u0111\u00f3ng g\u00f3i \u0111\u1ec3 b\u1ea3o qu\u1ea3n l\u00e2u d\u00e0i, ti\u1ec7n d\u1ee5ng s\u1eed d\u1ee5ng \u1edf nh\u00e0 hay mang theo khi \u0111i Picnic, du l\u1ecbch c\u00f9ng gia \u0111\u00ecnh, b\u1ea1n b\u00e8. V\u1edbi s\u1ea3n ph\u1ea9m n\u00e0y, b\u1ea1n s\u1ebd mua m\u1ed9t g\u00f3i Th\u1ecbt b\u00f2 \u0111\u00f4ng kh\u00f4 d\u1ea1ng kh\u1ed1i \u0111\u1ec3 l\u00e0m Th\u1ecbt b\u00f2 h\u1ea7m [&hellip;]<\/p>","protected":false},"featured_media":8490,"comment_status":"open","ping_status":"closed","template":"","meta":[],"product_cat":[239],"product_tag":[],"class_list":{"0":"post-8489","1":"product","2":"type-product","3":"status-publish","4":"has-post-thumbnail","6":"product_cat-thuc-pham-picnic","8":"first","9":"instock","10":"shipping-taxable","11":"product-type-simple"},"yoast_head":"<!-- This site is optimized with the Yoast SEO plugin v25.7 - https:\/\/yoast.com\/wordpress\/plugins\/seo\/ -->\n<title>Th\u1ecbt b\u00f2 s\u1ea5y \u0111\u00f4ng kh\u00f4 - Bamboo Freeze Drying<\/title>\n<meta name=\"robots\" content=\"index, follow, max-snippet:-1, max-image-preview:large, max-video-preview:-1\" \/>\n<link rel=\"canonical\" href=\"https:\/\/bamboovipfood.com\/en\/product\/freeze-dried-beef\/\" \/>\n<meta property=\"og:locale\" content=\"en_US\" \/>\n<meta property=\"og:type\" content=\"article\" \/>\n<meta property=\"og:title\" content=\"Th\u1ecbt b\u00f2 s\u1ea5y \u0111\u00f4ng kh\u00f4 - Bamboo Freeze Drying\" \/>\n<meta property=\"og:description\" content=\"Th\u1ecbt b\u00f2 h\u1ea7m \u0111\u00f4ng kh\u00f4 (ch\u01b0a n\u1ea5u ch\u00edn) \u0111\u01b0\u1ee3c \u0111\u00f3ng g\u00f3i \u0111\u1ec3 b\u1ea3o qu\u1ea3n l\u00e2u d\u00e0i, ti\u1ec7n d\u1ee5ng s\u1eed d\u1ee5ng \u1edf nh\u00e0 hay mang theo khi \u0111i Picnic, du l\u1ecbch c\u00f9ng gia \u0111\u00ecnh, b\u1ea1n b\u00e8. V\u1edbi s\u1ea3n ph\u1ea9m n\u00e0y, b\u1ea1n s\u1ebd mua m\u1ed9t g\u00f3i Th\u1ecbt b\u00f2 \u0111\u00f4ng kh\u00f4 d\u1ea1ng kh\u1ed1i \u0111\u1ec3 l\u00e0m Th\u1ecbt b\u00f2 h\u1ea7m [&hellip;]\" \/>\n<meta property=\"og:url\" content=\"https:\/\/bamboovipfood.com\/en\/product\/freeze-dried-beef\/\" \/>\n<meta property=\"og:site_name\" content=\"Bamboo Freeze Drying\" \/>\n<meta property=\"og:image\" content=\"https:\/\/bamboovipfood.com\/wp-content\/uploads\/2024\/05\/thit-bo-dong-kho.jpg\" \/>\n\t<meta property=\"og:image:width\" content=\"750\" \/>\n\t<meta property=\"og:image:height\" content=\"750\" \/>\n\t<meta property=\"og:image:type\" content=\"image\/jpeg\" \/>\n<meta name=\"twitter:card\" content=\"summary_large_image\" \/>\n<meta name=\"twitter:label1\" content=\"Est. reading time\" \/>\n\t<meta name=\"twitter:data1\" content=\"2 minutes\" \/>\n<script type=\"application\/ld+json\" class=\"yoast-schema-graph\">{\"@context\":\"https:\/\/schema.org\",\"@graph\":[{\"@type\":\"WebPage\",\"@id\":\"https:\/\/bamboovipfood.com\/san-pham\/thit-bo-say-dong-kho\/\",\"url\":\"https:\/\/bamboovipfood.com\/san-pham\/thit-bo-say-dong-kho\/\",\"name\":\"Th\u1ecbt b\u00f2 s\u1ea5y \u0111\u00f4ng kh\u00f4 - Bamboo Freeze Drying\",\"isPartOf\":{\"@id\":\"https:\/\/bamboovipfood.com\/#website\"},\"primaryImageOfPage\":{\"@id\":\"https:\/\/bamboovipfood.com\/san-pham\/thit-bo-say-dong-kho\/#primaryimage\"},\"image\":{\"@id\":\"https:\/\/bamboovipfood.com\/san-pham\/thit-bo-say-dong-kho\/#primaryimage\"},\"thumbnailUrl\":\"https:\/\/bamboovipfood.com\/wp-content\/uploads\/2024\/05\/thit-bo-dong-kho.jpg\",\"datePublished\":\"2024-05-06T04:13:56+00:00\",\"breadcrumb\":{\"@id\":\"https:\/\/bamboovipfood.com\/san-pham\/thit-bo-say-dong-kho\/#breadcrumb\"},\"inLanguage\":\"en-US\",\"potentialAction\":[{\"@type\":\"ReadAction\",\"target\":[\"https:\/\/bamboovipfood.com\/san-pham\/thit-bo-say-dong-kho\/\"]}]},{\"@type\":\"ImageObject\",\"inLanguage\":\"en-US\",\"@id\":\"https:\/\/bamboovipfood.com\/san-pham\/thit-bo-say-dong-kho\/#primaryimage\",\"url\":\"https:\/\/bamboovipfood.com\/wp-content\/uploads\/2024\/05\/thit-bo-dong-kho.jpg\",\"contentUrl\":\"https:\/\/bamboovipfood.com\/wp-content\/uploads\/2024\/05\/thit-bo-dong-kho.jpg\",\"width\":750,\"height\":750},{\"@type\":\"BreadcrumbList\",\"@id\":\"https:\/\/bamboovipfood.com\/san-pham\/thit-bo-say-dong-kho\/#breadcrumb\",\"itemListElement\":[{\"@type\":\"ListItem\",\"position\":1,\"name\":\"Trang ch\u1ee7\",\"item\":\"https:\/\/bamboovipfood.com\/\"},{\"@type\":\"ListItem\",\"position\":2,\"name\":\"Shop\",\"item\":\"https:\/\/bamboovipfood.com\/shop\/\"},{\"@type\":\"ListItem\",\"position\":3,\"name\":\"Th\u1ecbt b\u00f2 s\u1ea5y \u0111\u00f4ng kh\u00f4\"}]},{\"@type\":\"WebSite\",\"@id\":\"https:\/\/bamboovipfood.com\/#website\",\"url\":\"https:\/\/bamboovipfood.com\/\",\"name\":\"Bamboo Freeze Drying\",\"description\":\"Nh\u00e0 cung \u1ee9ng s\u1ea3n ph\u1ea9m s\u1ea5y th\u0103ng hoa h\u00e0ng \u0111\u1ea7u\",\"publisher\":{\"@id\":\"https:\/\/bamboovipfood.com\/#organization\"},\"potentialAction\":[{\"@type\":\"SearchAction\",\"target\":{\"@type\":\"EntryPoint\",\"urlTemplate\":\"https:\/\/bamboovipfood.com\/?s={search_term_string}\"},\"query-input\":{\"@type\":\"PropertyValueSpecification\",\"valueRequired\":true,\"valueName\":\"search_term_string\"}}],\"inLanguage\":\"en-US\"},{\"@type\":\"Organization\",\"@id\":\"https:\/\/bamboovipfood.com\/#organization\",\"name\":\"Bamboo Freeze Drying\",\"url\":\"https:\/\/bamboovipfood.com\/\",\"logo\":{\"@type\":\"ImageObject\",\"inLanguage\":\"en-US\",\"@id\":\"https:\/\/bamboovipfood.com\/#\/schema\/logo\/image\/\",\"url\":\"https:\/\/bamboovipfood.com\/wp-content\/uploads\/2020\/08\/Logo-Bamboo-Freeze-Dry-Dark.png\",\"contentUrl\":\"https:\/\/bamboovipfood.com\/wp-content\/uploads\/2020\/08\/Logo-Bamboo-Freeze-Dry-Dark.png\",\"width\":500,\"height\":189,\"caption\":\"Bamboo Freeze Drying\"},\"image\":{\"@id\":\"https:\/\/bamboovipfood.com\/#\/schema\/logo\/image\/\"}}]}<\/script>\n<!-- \/ Yoast SEO plugin. -->","yoast_head_json":{"title":"Th\u1ecbt b\u00f2 s\u1ea5y \u0111\u00f4ng kh\u00f4 - Bamboo Freeze Drying","robots":{"index":"index","follow":"follow","max-snippet":"max-snippet:-1","max-image-preview":"max-image-preview:large","max-video-preview":"max-video-preview:-1"},"canonical":"https:\/\/bamboovipfood.com\/en\/product\/freeze-dried-beef\/","og_locale":"en_US","og_type":"article","og_title":"Th\u1ecbt b\u00f2 s\u1ea5y \u0111\u00f4ng kh\u00f4 - Bamboo Freeze Drying","og_description":"Th\u1ecbt b\u00f2 h\u1ea7m \u0111\u00f4ng kh\u00f4 (ch\u01b0a n\u1ea5u ch\u00edn) \u0111\u01b0\u1ee3c \u0111\u00f3ng g\u00f3i \u0111\u1ec3 b\u1ea3o qu\u1ea3n l\u00e2u d\u00e0i, ti\u1ec7n d\u1ee5ng s\u1eed d\u1ee5ng \u1edf nh\u00e0 hay mang theo khi \u0111i Picnic, du l\u1ecbch c\u00f9ng gia \u0111\u00ecnh, b\u1ea1n b\u00e8. V\u1edbi s\u1ea3n ph\u1ea9m n\u00e0y, b\u1ea1n s\u1ebd mua m\u1ed9t g\u00f3i Th\u1ecbt b\u00f2 \u0111\u00f4ng kh\u00f4 d\u1ea1ng kh\u1ed1i \u0111\u1ec3 l\u00e0m Th\u1ecbt b\u00f2 h\u1ea7m [&hellip;]","og_url":"https:\/\/bamboovipfood.com\/en\/product\/freeze-dried-beef\/","og_site_name":"Bamboo Freeze Drying","og_image":[{"width":750,"height":750,"url":"https:\/\/bamboovipfood.com\/wp-content\/uploads\/2024\/05\/thit-bo-dong-kho.jpg","type":"image\/jpeg"}],"twitter_card":"summary_large_image","twitter_misc":{"Est. reading time":"2 minutes"},"schema":{"@context":"https:\/\/schema.org","@graph":[{"@type":"WebPage","@id":"https:\/\/bamboovipfood.com\/san-pham\/thit-bo-say-dong-kho\/","url":"https:\/\/bamboovipfood.com\/san-pham\/thit-bo-say-dong-kho\/","name":"Th\u1ecbt b\u00f2 s\u1ea5y \u0111\u00f4ng kh\u00f4 - Bamboo Freeze Drying","isPartOf":{"@id":"https:\/\/bamboovipfood.com\/#website"},"primaryImageOfPage":{"@id":"https:\/\/bamboovipfood.com\/san-pham\/thit-bo-say-dong-kho\/#primaryimage"},"image":{"@id":"https:\/\/bamboovipfood.com\/san-pham\/thit-bo-say-dong-kho\/#primaryimage"},"thumbnailUrl":"https:\/\/bamboovipfood.com\/wp-content\/uploads\/2024\/05\/thit-bo-dong-kho.jpg","datePublished":"2024-05-06T04:13:56+00:00","breadcrumb":{"@id":"https:\/\/bamboovipfood.com\/san-pham\/thit-bo-say-dong-kho\/#breadcrumb"},"inLanguage":"en-US","potentialAction":[{"@type":"ReadAction","target":["https:\/\/bamboovipfood.com\/san-pham\/thit-bo-say-dong-kho\/"]}]},{"@type":"ImageObject","inLanguage":"en-US","@id":"https:\/\/bamboovipfood.com\/san-pham\/thit-bo-say-dong-kho\/#primaryimage","url":"https:\/\/bamboovipfood.com\/wp-content\/uploads\/2024\/05\/thit-bo-dong-kho.jpg","contentUrl":"https:\/\/bamboovipfood.com\/wp-content\/uploads\/2024\/05\/thit-bo-dong-kho.jpg","width":750,"height":750},{"@type":"BreadcrumbList","@id":"https:\/\/bamboovipfood.com\/san-pham\/thit-bo-say-dong-kho\/#breadcrumb","itemListElement":[{"@type":"ListItem","position":1,"name":"Trang ch\u1ee7","item":"https:\/\/bamboovipfood.com\/"},{"@type":"ListItem","position":2,"name":"Shop","item":"https:\/\/bamboovipfood.com\/shop\/"},{"@type":"ListItem","position":3,"name":"Th\u1ecbt b\u00f2 s\u1ea5y \u0111\u00f4ng kh\u00f4"}]},{"@type":"WebSite","@id":"https:\/\/bamboovipfood.com\/#website","url":"https:\/\/bamboovipfood.com\/","name":"Bamboo Freeze Drying","description":"Nh\u00e0 cung \u1ee9ng s\u1ea3n ph\u1ea9m s\u1ea5y th\u0103ng hoa h\u00e0ng \u0111\u1ea7u","publisher":{"@id":"https:\/\/bamboovipfood.com\/#organization"},"potentialAction":[{"@type":"SearchAction","target":{"@type":"EntryPoint","urlTemplate":"https:\/\/bamboovipfood.com\/?s={search_term_string}"},"query-input":{"@type":"PropertyValueSpecification","valueRequired":true,"valueName":"search_term_string"}}],"inLanguage":"en-US"},{"@type":"Organization","@id":"https:\/\/bamboovipfood.com\/#organization","name":"Bamboo Freeze Drying","url":"https:\/\/bamboovipfood.com\/","logo":{"@type":"ImageObject","inLanguage":"en-US","@id":"https:\/\/bamboovipfood.com\/#\/schema\/logo\/image\/","url":"https:\/\/bamboovipfood.com\/wp-content\/uploads\/2020\/08\/Logo-Bamboo-Freeze-Dry-Dark.png","contentUrl":"https:\/\/bamboovipfood.com\/wp-content\/uploads\/2020\/08\/Logo-Bamboo-Freeze-Dry-Dark.png","width":500,"height":189,"caption":"Bamboo Freeze Drying"},"image":{"@id":"https:\/\/bamboovipfood.com\/#\/schema\/logo\/image\/"}}]}},"_links":{"self":[{"href":"https:\/\/bamboovipfood.com\/en\/wp-json\/wp\/v2\/product\/8489","targetHints":{"allow":["GET"]}}],"collection":[{"href":"https:\/\/bamboovipfood.com\/en\/wp-json\/wp\/v2\/product"}],"about":[{"href":"https:\/\/bamboovipfood.com\/en\/wp-json\/wp\/v2\/types\/product"}],"replies":[{"embeddable":true,"href":"https:\/\/bamboovipfood.com\/en\/wp-json\/wp\/v2\/comments?post=8489"}],"wp:featuredmedia":[{"embeddable":true,"href":"https:\/\/bamboovipfood.com\/en\/wp-json\/wp\/v2\/media\/8490"}],"wp:attachment":[{"href":"https:\/\/bamboovipfood.com\/en\/wp-json\/wp\/v2\/media?parent=8489"}],"wp:term":[{"taxonomy":"product_cat","embeddable":true,"href":"https:\/\/bamboovipfood.com\/en\/wp-json\/wp\/v2\/product_cat?post=8489"},{"taxonomy":"product_tag","embeddable":true,"href":"https:\/\/bamboovipfood.com\/en\/wp-json\/wp\/v2\/product_tag?post=8489"}],"curies":[{"name":"wp","href":"https:\/\/api.w.org\/{rel}","templated":true}]}}