{"id":8431,"date":"2024-06-07T08:41:41","date_gmt":"2024-06-07T08:41:41","guid":{"rendered":"https:\/\/bamboovipfood.com\/?post_type=product&#038;p=8431"},"modified":"2024-10-07T04:16:00","modified_gmt":"2024-10-07T04:16:00","slug":"bo-say-thang-hoa","status":"publish","type":"product","link":"https:\/\/bamboovipfood.com\/en\/product\/freeze-dried-avocado\/","title":{"rendered":"Freeze-Dried Avocado"},"content":{"rendered":"<p><strong>Avocado<\/strong> Packed with healthy fats, fiber, and a wide variety of nutrients, including 20 different vitamins and minerals, avocados are nutritious, versatile, and delicious, making them an indispensable part of many family kitchens around the world.<\/p>\n<p>They are used in many different recipes. The problem with avocados, like many other fruits and vegetables, is that they are brown and can spoil very quickly, making them difficult to store. There are many tricks to try to extend the shelf life and color of avocados, but they only keep them fresh for a few days.<\/p>\n<p><strong>Freeze-drying method<\/strong> It was created to help preserve <strong>avocado<\/strong> It's durable; you can use it for a long time and all year round, even out of season. <strong>Freeze-Dried Avocado<\/strong> This helps them retain their green color and freshness for many years, especially since they almost completely retain all their original nutritional benefits, while also being very easy to rehydrate. You won't have to worry about finding fresh avocados; you can use this product whenever the craving strikes.<\/p>\n<p><img decoding=\"async\" class=\"aligncenter\" src=\"https:\/\/bamboovipfood.com\/wp-content\/uploads\/2024\/04\/qua-bo-say-thang-hoa-2.jpg\" \/><\/p>\n<h3>Characteristics of our freeze-dried butter product:<\/h3>\n<p>Butter is an incredibly versatile food additive to a wide range of ingredients: in terms of flavor, texture, and function.\u00a0<strong><a href=\"https:\/\/bamboovipfood.com\/en\/product\/freeze-dried-avocado\/\">Freeze-Dried Avocado<\/a><\/strong> Our product is made from carefully selected fresh avocado pulp from orchards in the fertile Central Highlands, processed using advanced freeze-drying techniques to produce a high-quality, delicious product that retains its nutritional value.<\/p>\n<p>Vacuum technology and sub-zero temperatures are combined in a process that transforms ice crystals into vapor, allowing the butter slices to retain their natural properties (structure, color, flavor, nutrients) and be stored at room temperature.<\/p>\n<ul>\n<li>Ingredient: <strong>100%<\/strong> fresh butter, sliced \u200b\u200band freeze-dried.<\/li>\n<li><strong>Crispy texture:<\/strong> Enjoy the delightful crispness of the avocado slices with every bite.<\/li>\n<li><strong>Flavor:<\/strong> Enjoy the burst of rich and creamy flavor of avocado.<\/li>\n<li><strong>Lightweight:<\/strong> The freeze-drying process removes most of the moisture (leaving less than <strong>&lt;5%<\/strong>) is therefore quite lightweight, packaged in a zip-lock bag to ensure long-term storage and convenient portability for use anywhere.<\/li>\n<li><strong>Color:<\/strong> It still retains the color of fresh butter.<\/li>\n<\/ul>\n<p><img decoding=\"async\" class=\"aligncenter\" src=\"https:\/\/bamboovipfood.com\/wp-content\/uploads\/2024\/04\/qua-bo-say-thang-hoa-3.jpg\" \/><\/p>\n<h3>Nutritional and health benefits of avocado:<\/h3>\n<p>Avocado is one of the most nutritious foods \u2013 the only fruit that contains protein, carbohydrates, and fat, with numerous nutritional benefits. Combining freeze-drying with avocados helps retain most of the nutrients found in fresh avocados.<\/p>\n<p class=\"translation-block\">\u2713 Good source of fiber<br>\n\u2713 Source of niacin <strong>B3<\/strong><br>\n\u2713 Source of pantothenic acid B5<br>\n\u2713 Good source of vitamin B6<br>\n\u2713 Source of vitamin C<br>\n\u2713 Source of vitamin E<br>\n\u2713 Source of copper<br>\n\u2713 Source of potassium<br>\n\u2713 Good source of folate.<\/p>\n<h4>Consuming avocados offers a variety of positive health benefits, such as:<\/h4>\n<p>\u2713 Digestive health<br \/>\n\u2713 Brain and nervous system<br \/>\n\u2713 Energy &amp; metabolism (including reduction of tiredness and fatigue)<br \/>\n\u2713 Joint health<br \/>\n\u2713 Growth and development in children<br \/>\n\u2713 Heart and circulation<br \/>\n\u2713 Immune function and inflammation<br \/>\n\u2713 Endocrine function<br \/>\n\u2713 Skin and eye health<br \/>\n\u2713 Cell and tissue growth<br \/>\n\u2713 Bone health<br \/>\n\u2713 Prevents oxidative damage<br \/>\n\u2713 Weight management.<\/p>\n<h3>How to enjoy it:<\/h3>\n<ul>\n<li>It's a snack, ready to eat straight from the bag.<\/li>\n<li>Rehydrate in cold water and enjoy with ice cream, smoothies, salads, sandwiches, guacamole, etc.<\/li>\n<li>You can also use it as an ingredient for other dishes such as: ice cream, cakes, yogurt, tea, muesli bowls, chocolate, and other desserts to create your own unique dishes.<\/li>\n<\/ul>\n<p><img decoding=\"async\" class=\"aligncenter\" src=\"https:\/\/bamboovipfood.com\/wp-content\/uploads\/2024\/04\/qua-bo-say-thang-hoa-4.jpg\" \/><\/p>\n<h3>Bamboo Tropical Fruit \u2013 Vietnam's #1 supplier of freeze-dried avocado products.<\/h3>\n<p>Looking for a quality, delicious, and convenient product to enjoy, or a supplier? Are you seeking large quantities of freeze-dried sliced \u200b\u200bavocado for gifts or business purposes? Contact us! <a href=\"https:\/\/bamboovipfood.com\/en\/\"><strong>Bamboo Tropical Fruit<\/strong><\/a>:<\/p>\n<ul>\n<li>We use advanced drying technology to ensure that the finished product has a shelf life of up to <strong>95-98%<\/strong> The nutrients (minerals, vitamins, etc.), as well as the taste, color, aroma, and appearance, are all the same as when fresh.<\/li>\n<li>Direct manufacturing, no intermediaries, offering you the best prices and service. We have a wide range of options for businesses of all sizes and types, whether you are a retailer, wholesaler, distributor, or food service provider.<\/li>\n<li>In addition, we also offer <strong>private label creation services<\/strong>, helping you create your own brand for this product line. <strong><a href=\"https:\/\/bamboovipfood.com\/en\/product-category\/freeze-dried-fruit\/\">freeze-dried fruit products<\/a><\/strong>. We are not just a supplier, but also a partner, bringing you the best satisfaction.<\/li>\n<li>Our dedicated and friendly team is ready to assist you with any questions, requests, or feedback.<\/li>\n<li>With our fast and reliable delivery service, ensuring your order arrives on time, we are confident we can meet your needs.<\/li>\n<\/ul>\n<p><strong>Contact us today to experience the product or to discuss business opportunities with us!<\/strong><\/p>","protected":false},"excerpt":{"rendered":"<p><span style=\"color: #ff6600;\"><strong>Freeze Dried Avocado<\/strong><\/span><\/p>\n<ul>\n<li><span class=\"OYPEnA text-decoration-none text-strikethrough-none\">Shape: Sliced<\/span><\/li>\n<li><span class=\"OYPEnA text-decoration-none text-strikethrough-none\">Moisture:\u00a0<strong>&lt; 5%<\/strong><\/span><\/li>\n<li><span class=\"OYPEnA text-decoration-none text-strikethrough-none\">Booth Avocado &amp; Wax Avocado<\/span><\/li>\n<li><span class=\"OYPEnA text-decoration-none text-strikethrough-none\">Purity:\u00a0<strong>100%<\/strong><\/span><\/li>\n<li><span class=\"OYPEnA text-decoration-none text-strikethrough-none\">Drying Method: Freeze-Drying (Sublimation)<\/span><\/li>\n<li><span class=\"OYPEnA text-decoration-none text-strikethrough-none\">Texture: Crunchy, Porous<\/span><\/li>\n<li><span class=\"OYPEnA text-decoration-none text-strikethrough-none\">Storage: Resealable Zip Bag<\/span><\/li>\n<li><span class=\"OYPEnA text-decoration-none text-strikethrough-none\">Shelf Life: 24 months<\/span><\/li>\n<li><span class=\"OYPEnA text-decoration-none text-strikethrough-none\">No Added Sugar, No Preservatives<\/span><\/li>\n<\/ul>","protected":false},"featured_media":8634,"comment_status":"open","ping_status":"closed","template":"","meta":[],"product_cat":[236],"product_tag":[],"class_list":{"0":"post-8431","1":"product","2":"type-product","3":"status-publish","4":"has-post-thumbnail","6":"product_cat-trai-cay-say-thang-hoa","8":"first","9":"instock","10":"shipping-taxable","11":"purchasable","12":"product-type-simple"},"yoast_head":"<!-- This site is optimized with the Yoast SEO plugin v25.7 - https:\/\/yoast.com\/wordpress\/plugins\/seo\/ -->\n<title>B\u01a1 s\u1ea5y th\u0103ng hoa (Freeze Dried Avocado)<\/title>\n<meta name=\"robots\" content=\"index, follow, max-snippet:-1, max-image-preview:large, max-video-preview:-1\" \/>\n<link rel=\"canonical\" href=\"https:\/\/bamboovipfood.com\/en\/product\/freeze-dried-avocado\/\" \/>\n<meta property=\"og:locale\" content=\"en_US\" \/>\n<meta property=\"og:type\" content=\"article\" \/>\n<meta property=\"og:title\" content=\"B\u01a1 s\u1ea5y th\u0103ng hoa (Freeze Dried Avocado)\" \/>\n<meta property=\"og:description\" content=\"Freeze Dried Avocado   H\u00ecnh d\u1ea1ng: C\u1eaft L\u00e1t  \u0110\u1ed9 \u1ea9m:\u00a0&lt; 5%  D\u00f2ng: B\u01a1 Booth &amp; B\u01a1 s\u00e1p  \u0110\u1ed9 tinh khi\u1ebft:\u00a0100%  Ph\u01b0\u01a1ng ph\u00e1p s\u1ea5y: \u0110\u00f4ng kh\u00f4 (Th\u0103ng hoa)  K\u1ebft c\u1ea5u: Gi\u00f2n, X\u1ed1p  B\u1ea3o qu\u1ea3n: T\u00fai zip  Th\u1eddi h\u1ea1n s\u1eed d\u1ee5ng: 24 th\u00e1ng  Kh\u00f4ng \u0111\u01b0\u1eddng, kh\u00f4ng ch\u1ea5t b\u1ea3o qu\u1ea3n\" \/>\n<meta property=\"og:url\" content=\"https:\/\/bamboovipfood.com\/en\/product\/freeze-dried-avocado\/\" \/>\n<meta property=\"og:site_name\" content=\"Bamboo Freeze Drying\" \/>\n<meta property=\"article:modified_time\" content=\"2024-10-07T04:16:00+00:00\" \/>\n<meta property=\"og:image\" content=\"https:\/\/bamboovipfood.com\/wp-content\/uploads\/2024\/04\/qua-bo-say-thang-hoa.jpg\" \/>\n\t<meta property=\"og:image:width\" content=\"1000\" \/>\n\t<meta property=\"og:image:height\" content=\"1000\" \/>\n\t<meta property=\"og:image:type\" content=\"image\/jpeg\" \/>\n<meta name=\"twitter:card\" content=\"summary_large_image\" \/>\n<meta name=\"twitter:label1\" content=\"Est. reading time\" \/>\n\t<meta name=\"twitter:data1\" content=\"7 minutes\" \/>\n<script type=\"application\/ld+json\" class=\"yoast-schema-graph\">{\"@context\":\"https:\/\/schema.org\",\"@graph\":[{\"@type\":\"WebPage\",\"@id\":\"https:\/\/bamboovipfood.com\/san-pham\/bo-say-thang-hoa\/\",\"url\":\"https:\/\/bamboovipfood.com\/san-pham\/bo-say-thang-hoa\/\",\"name\":\"B\u01a1 s\u1ea5y th\u0103ng hoa (Freeze Dried Avocado)\",\"isPartOf\":{\"@id\":\"https:\/\/bamboovipfood.com\/#website\"},\"primaryImageOfPage\":{\"@id\":\"https:\/\/bamboovipfood.com\/san-pham\/bo-say-thang-hoa\/#primaryimage\"},\"image\":{\"@id\":\"https:\/\/bamboovipfood.com\/san-pham\/bo-say-thang-hoa\/#primaryimage\"},\"thumbnailUrl\":\"https:\/\/bamboovipfood.com\/wp-content\/uploads\/2024\/04\/qua-bo-say-thang-hoa.jpg\",\"datePublished\":\"2024-06-07T08:41:41+00:00\",\"dateModified\":\"2024-10-07T04:16:00+00:00\",\"breadcrumb\":{\"@id\":\"https:\/\/bamboovipfood.com\/san-pham\/bo-say-thang-hoa\/#breadcrumb\"},\"inLanguage\":\"en-US\",\"potentialAction\":[{\"@type\":\"ReadAction\",\"target\":[\"https:\/\/bamboovipfood.com\/san-pham\/bo-say-thang-hoa\/\"]}]},{\"@type\":\"ImageObject\",\"inLanguage\":\"en-US\",\"@id\":\"https:\/\/bamboovipfood.com\/san-pham\/bo-say-thang-hoa\/#primaryimage\",\"url\":\"https:\/\/bamboovipfood.com\/wp-content\/uploads\/2024\/04\/qua-bo-say-thang-hoa.jpg\",\"contentUrl\":\"https:\/\/bamboovipfood.com\/wp-content\/uploads\/2024\/04\/qua-bo-say-thang-hoa.jpg\",\"width\":1000,\"height\":1000},{\"@type\":\"BreadcrumbList\",\"@id\":\"https:\/\/bamboovipfood.com\/san-pham\/bo-say-thang-hoa\/#breadcrumb\",\"itemListElement\":[{\"@type\":\"ListItem\",\"position\":1,\"name\":\"Trang ch\u1ee7\",\"item\":\"https:\/\/bamboovipfood.com\/\"},{\"@type\":\"ListItem\",\"position\":2,\"name\":\"Shop\",\"item\":\"https:\/\/bamboovipfood.com\/shop\/\"},{\"@type\":\"ListItem\",\"position\":3,\"name\":\"B\u01a1 s\u1ea5y th\u0103ng hoa\"}]},{\"@type\":\"WebSite\",\"@id\":\"https:\/\/bamboovipfood.com\/#website\",\"url\":\"https:\/\/bamboovipfood.com\/\",\"name\":\"Bamboo Freeze Drying\",\"description\":\"Nh\u00e0 cung \u1ee9ng s\u1ea3n ph\u1ea9m s\u1ea5y th\u0103ng hoa h\u00e0ng \u0111\u1ea7u\",\"publisher\":{\"@id\":\"https:\/\/bamboovipfood.com\/#organization\"},\"potentialAction\":[{\"@type\":\"SearchAction\",\"target\":{\"@type\":\"EntryPoint\",\"urlTemplate\":\"https:\/\/bamboovipfood.com\/?s={search_term_string}\"},\"query-input\":{\"@type\":\"PropertyValueSpecification\",\"valueRequired\":true,\"valueName\":\"search_term_string\"}}],\"inLanguage\":\"en-US\"},{\"@type\":\"Organization\",\"@id\":\"https:\/\/bamboovipfood.com\/#organization\",\"name\":\"Bamboo Freeze Drying\",\"url\":\"https:\/\/bamboovipfood.com\/\",\"logo\":{\"@type\":\"ImageObject\",\"inLanguage\":\"en-US\",\"@id\":\"https:\/\/bamboovipfood.com\/#\/schema\/logo\/image\/\",\"url\":\"https:\/\/bamboovipfood.com\/wp-content\/uploads\/2020\/08\/Logo-Bamboo-Freeze-Dry-Dark.png\",\"contentUrl\":\"https:\/\/bamboovipfood.com\/wp-content\/uploads\/2020\/08\/Logo-Bamboo-Freeze-Dry-Dark.png\",\"width\":500,\"height\":189,\"caption\":\"Bamboo Freeze Drying\"},\"image\":{\"@id\":\"https:\/\/bamboovipfood.com\/#\/schema\/logo\/image\/\"}}]}<\/script>\n<!-- \/ Yoast SEO plugin. -->","yoast_head_json":{"title":"B\u01a1 s\u1ea5y th\u0103ng hoa (Freeze Dried Avocado)","robots":{"index":"index","follow":"follow","max-snippet":"max-snippet:-1","max-image-preview":"max-image-preview:large","max-video-preview":"max-video-preview:-1"},"canonical":"https:\/\/bamboovipfood.com\/en\/product\/freeze-dried-avocado\/","og_locale":"en_US","og_type":"article","og_title":"B\u01a1 s\u1ea5y th\u0103ng hoa (Freeze Dried Avocado)","og_description":"Freeze Dried Avocado   H\u00ecnh d\u1ea1ng: C\u1eaft L\u00e1t  \u0110\u1ed9 \u1ea9m:\u00a0&lt; 5%  D\u00f2ng: B\u01a1 Booth &amp; B\u01a1 s\u00e1p  \u0110\u1ed9 tinh khi\u1ebft:\u00a0100%  Ph\u01b0\u01a1ng ph\u00e1p s\u1ea5y: \u0110\u00f4ng kh\u00f4 (Th\u0103ng hoa)  K\u1ebft c\u1ea5u: Gi\u00f2n, X\u1ed1p  B\u1ea3o qu\u1ea3n: T\u00fai zip  Th\u1eddi h\u1ea1n s\u1eed d\u1ee5ng: 24 th\u00e1ng  Kh\u00f4ng \u0111\u01b0\u1eddng, kh\u00f4ng ch\u1ea5t b\u1ea3o qu\u1ea3n","og_url":"https:\/\/bamboovipfood.com\/en\/product\/freeze-dried-avocado\/","og_site_name":"Bamboo Freeze Drying","article_modified_time":"2024-10-07T04:16:00+00:00","og_image":[{"width":1000,"height":1000,"url":"https:\/\/bamboovipfood.com\/wp-content\/uploads\/2024\/04\/qua-bo-say-thang-hoa.jpg","type":"image\/jpeg"}],"twitter_card":"summary_large_image","twitter_misc":{"Est. reading time":"7 minutes"},"schema":{"@context":"https:\/\/schema.org","@graph":[{"@type":"WebPage","@id":"https:\/\/bamboovipfood.com\/san-pham\/bo-say-thang-hoa\/","url":"https:\/\/bamboovipfood.com\/san-pham\/bo-say-thang-hoa\/","name":"B\u01a1 s\u1ea5y th\u0103ng hoa (Freeze Dried Avocado)","isPartOf":{"@id":"https:\/\/bamboovipfood.com\/#website"},"primaryImageOfPage":{"@id":"https:\/\/bamboovipfood.com\/san-pham\/bo-say-thang-hoa\/#primaryimage"},"image":{"@id":"https:\/\/bamboovipfood.com\/san-pham\/bo-say-thang-hoa\/#primaryimage"},"thumbnailUrl":"https:\/\/bamboovipfood.com\/wp-content\/uploads\/2024\/04\/qua-bo-say-thang-hoa.jpg","datePublished":"2024-06-07T08:41:41+00:00","dateModified":"2024-10-07T04:16:00+00:00","breadcrumb":{"@id":"https:\/\/bamboovipfood.com\/san-pham\/bo-say-thang-hoa\/#breadcrumb"},"inLanguage":"en-US","potentialAction":[{"@type":"ReadAction","target":["https:\/\/bamboovipfood.com\/san-pham\/bo-say-thang-hoa\/"]}]},{"@type":"ImageObject","inLanguage":"en-US","@id":"https:\/\/bamboovipfood.com\/san-pham\/bo-say-thang-hoa\/#primaryimage","url":"https:\/\/bamboovipfood.com\/wp-content\/uploads\/2024\/04\/qua-bo-say-thang-hoa.jpg","contentUrl":"https:\/\/bamboovipfood.com\/wp-content\/uploads\/2024\/04\/qua-bo-say-thang-hoa.jpg","width":1000,"height":1000},{"@type":"BreadcrumbList","@id":"https:\/\/bamboovipfood.com\/san-pham\/bo-say-thang-hoa\/#breadcrumb","itemListElement":[{"@type":"ListItem","position":1,"name":"Trang ch\u1ee7","item":"https:\/\/bamboovipfood.com\/"},{"@type":"ListItem","position":2,"name":"Shop","item":"https:\/\/bamboovipfood.com\/shop\/"},{"@type":"ListItem","position":3,"name":"B\u01a1 s\u1ea5y th\u0103ng hoa"}]},{"@type":"WebSite","@id":"https:\/\/bamboovipfood.com\/#website","url":"https:\/\/bamboovipfood.com\/","name":"Bamboo Freeze Drying","description":"Nh\u00e0 cung \u1ee9ng s\u1ea3n ph\u1ea9m s\u1ea5y th\u0103ng hoa h\u00e0ng \u0111\u1ea7u","publisher":{"@id":"https:\/\/bamboovipfood.com\/#organization"},"potentialAction":[{"@type":"SearchAction","target":{"@type":"EntryPoint","urlTemplate":"https:\/\/bamboovipfood.com\/?s={search_term_string}"},"query-input":{"@type":"PropertyValueSpecification","valueRequired":true,"valueName":"search_term_string"}}],"inLanguage":"en-US"},{"@type":"Organization","@id":"https:\/\/bamboovipfood.com\/#organization","name":"Bamboo Freeze Drying","url":"https:\/\/bamboovipfood.com\/","logo":{"@type":"ImageObject","inLanguage":"en-US","@id":"https:\/\/bamboovipfood.com\/#\/schema\/logo\/image\/","url":"https:\/\/bamboovipfood.com\/wp-content\/uploads\/2020\/08\/Logo-Bamboo-Freeze-Dry-Dark.png","contentUrl":"https:\/\/bamboovipfood.com\/wp-content\/uploads\/2020\/08\/Logo-Bamboo-Freeze-Dry-Dark.png","width":500,"height":189,"caption":"Bamboo Freeze Drying"},"image":{"@id":"https:\/\/bamboovipfood.com\/#\/schema\/logo\/image\/"}}]}},"_links":{"self":[{"href":"https:\/\/bamboovipfood.com\/en\/wp-json\/wp\/v2\/product\/8431","targetHints":{"allow":["GET"]}}],"collection":[{"href":"https:\/\/bamboovipfood.com\/en\/wp-json\/wp\/v2\/product"}],"about":[{"href":"https:\/\/bamboovipfood.com\/en\/wp-json\/wp\/v2\/types\/product"}],"replies":[{"embeddable":true,"href":"https:\/\/bamboovipfood.com\/en\/wp-json\/wp\/v2\/comments?post=8431"}],"wp:featuredmedia":[{"embeddable":true,"href":"https:\/\/bamboovipfood.com\/en\/wp-json\/wp\/v2\/media\/8634"}],"wp:attachment":[{"href":"https:\/\/bamboovipfood.com\/en\/wp-json\/wp\/v2\/media?parent=8431"}],"wp:term":[{"taxonomy":"product_cat","embeddable":true,"href":"https:\/\/bamboovipfood.com\/en\/wp-json\/wp\/v2\/product_cat?post=8431"},{"taxonomy":"product_tag","embeddable":true,"href":"https:\/\/bamboovipfood.com\/en\/wp-json\/wp\/v2\/product_tag?post=8431"}],"curies":[{"name":"wp","href":"https:\/\/api.w.org\/{rel}","templated":true}]}}