{"id":8322,"date":"2024-09-09T06:39:31","date_gmt":"2024-09-09T06:39:31","guid":{"rendered":"https:\/\/bamboovipfood.com\/?post_type=product&#038;p=8322"},"modified":"2025-04-22T04:54:12","modified_gmt":"2025-04-22T04:54:12","slug":"mang-cut-say-thang-hoa","status":"publish","type":"product","link":"https:\/\/bamboovipfood.com\/en\/product\/freeze-dried-mangosteen\/","title":{"rendered":"Premium Mangosteen (Freeze-Dried)"},"content":{"rendered":"<p>Known as the 'Queen of Fruits,' mangosteen offers a perfect balance of sweet and tangy flavors combined with a refreshing aroma. Beyond its delicious taste, it has long been valued as a powerful medicinal fruit for overall health.<\/p>\n<p>At BambooTropicalFruit, <strong><a href=\"https:\/\/bamboovipfood.com\/en\/product\/freeze-dried-mangosteen\/\">mangosteen preserved by freeze-drying technology<\/a><\/strong> to ensure all nutritional and medicinal benefits remain intact. Additionally, this process reduces the fruit's weight and volume, allowing for more convenient storage and shipping.<\/p>\n<p><img decoding=\"async\" class=\"aligncenter\" src=\"https:\/\/bamboovipfood.com\/wp-content\/uploads\/2024\/08\/mang-cut-say-thang-hoa-1.jpg\" \/><\/p>\n<h3>Final Product Characteristics of Freeze-Dried Mangosteen:<\/h3>\n<p>Mangosteen is <strong>Bamboo<\/strong> We select only the freshest, high-quality mangosteens directly from local Vietnamese farms. After being peeled and undergoing the freeze-drying process, the fruit remains 100% natural with no added sugar or preservatives. This maintains the fruit's pure essence and ensures a healthy snack for every customer.<\/p>\n<h3>Nutritional Benefits of Freeze-Dried Mangosteen:<\/h3>\n<p>Mangosteen possesses medicinal properties that are highly beneficial for health, in addition to being rich in essential vitamins and other nutrients. It is a fruit of exceptionally high health value.<\/p>\n<ul>\n<li>Rich in antioxidants, which provide powerful anti-inflammatory, anti-cancer, anti-aging, and anti-diabetic effects.<\/li>\n<li>High in fiber and low in calories, consuming mangosteen helps you feel full longer, thereby creating an effective weight loss benefit.<\/li>\n<li>Abundant in fiber and vitamins, mangosteen helps maintain stable health by boosting the body's immune system.<\/li>\n<li>Thanks to its high concentration of vitamins and antioxidants, mangosteen plays a significant role in protecting and maintaining healthy skin.<\/li>\n<\/ul>\n<p><img decoding=\"async\" class=\"aligncenter\" src=\"https:\/\/bamboovipfood.com\/wp-content\/uploads\/2024\/08\/mang-cut-say-thang-hoa-2.jpg\" \/><\/p>\n<h3>How to Enjoy:<\/h3>\n<p><strong>Freeze-dried mangosteen<\/strong> c\u00f3 th\u1ec3 s\u1eed d\u1ee5ng nh\u01b0 nh\u1eefng lo\u1ea1i tr\u00e1i c\u00e2y s\u1ea5y kh\u00e1c l\u00e0 s\u1eed d\u1ee5ng ngay sau khi m\u1edf bao b\u00ec. Ngo\u00e0i ra n\u00f3 c\u00f2n c\u00f3 th\u1ec3 k\u1ebft h\u1ee3p v\u1edbi s\u1eefa chua hay d\u00f9ng chung v\u1edbi tr\u00e0 tr\u00e1i c\u00e2y nhi\u1ec7t \u0111\u1edbi t\u1ea1o n\u00ean m\u1ed9t m\u00f3n n\u01b0\u1edbc thanh m\u00e1t v\u00e0 t\u1ed1t cho s\u1ee9c kh\u1ecfe. B\u1ea1n c\u0169ng c\u00f3 th\u1ec3 r\u1eafc l\u00ean kem ho\u1eb7c d\u00f9ng \u0111\u1ec3 tr\u1ed9n v\u1edbi ng\u0169 c\u1ed1c \u0111\u1ec3 c\u00f3 m\u1ed9t b\u1eefa s\u00e1ng dinh d\u01b0\u1ee1ng, th\u01a1m ngon, \u00edt calo v\u00e0 \u0111\u1ea7y \u0111\u1ee7 vitamin.<\/p>\n<h3>Vietnam's Leading Supplier of Freeze-Dried Mangosteen:<\/h3>\n<p><a href=\"https:\/\/bamboovipfood.com\/en\/\"><strong>Bamboo Tropical Fruit<\/strong><\/a>\u00a0\u2013 specializing in the processing and export of\u00a0<strong>Fresh tropical fruits, frozen (IQF), freeze-dried fruits, and freeze-dried mushrooms..<\/strong>...at competitive prices, with all the necessary documents and certificates for export.<\/p>\n<p>You can place an order for individual packs in quantities of\u00a0<strong>50gr, 100gr<\/strong>\u00a0Whether for personal enjoyment or wholesale prices starting from just 1kg, our products are made from the highest quality selected fruits, professionally chosen and processed using advanced technology to ensure maximum flavor and nutrition preservation.<\/p>\n<ul>\n<li>Capable of large-scale production for businesses of all sizes and types: retailers, wholesalers, distributors, and food service providers.<\/li>\n<li>We offer private label services, allowing you to create your own signature dried fruit brand.<\/li>\n<li>Our dedicated, friendly, and experienced team is always ready to assist you with any questions, requests, or feedback.<\/li>\n<li>Fast and reliable delivery services, ensuring your orders arrive on time, every time.<\/li>\n<\/ul>\n<p><strong>Contact us today to experience our products or to find your new supplier!<\/strong><\/p>\n<blockquote><p>Explore our other freeze-dried fruit collections: <strong><a href=\"https:\/\/bamboovipfood.com\/en\/product-category\/freeze-dried-fruit\/\">https:\/\/bamboovipfood.com\/en\/product-category\/trai-cay-say-thang-hoa\/<\/a><\/strong><\/p><\/blockquote>","protected":false},"excerpt":{"rendered":"<p><span style=\"color: #ff6600;\"><strong>Experience the perfect balance of sweet and tangy with our Freeze-Dried Mangosteen. Using advanced technology, Bamboo Freeze Drying preserves the natural white segments, delicate flavor, and essential vitamins of the 'Queen of Fruits' in a light, crispy snack.<\/strong><\/span><\/p>","protected":false},"featured_media":8870,"comment_status":"open","ping_status":"closed","template":"","meta":[],"product_cat":[236],"product_tag":[],"class_list":{"0":"post-8322","1":"product","2":"type-product","3":"status-publish","4":"has-post-thumbnail","6":"product_cat-trai-cay-say-thang-hoa","8":"first","9":"instock","10":"shipping-taxable","11":"purchasable","12":"product-type-simple"},"yoast_head":"<!-- This site is optimized with the Yoast SEO plugin v25.7 - https:\/\/yoast.com\/wordpress\/plugins\/seo\/ -->\n<title>M\u0103ng c\u1ee5t s\u1ea5y th\u0103ng hoa - Bamboo Freeze Drying<\/title>\n<meta name=\"robots\" content=\"index, follow, max-snippet:-1, max-image-preview:large, max-video-preview:-1\" \/>\n<link rel=\"canonical\" href=\"https:\/\/bamboovipfood.com\/en\/product\/freeze-dried-mangosteen\/\" \/>\n<meta property=\"og:locale\" content=\"en_US\" \/>\n<meta property=\"og:type\" content=\"article\" \/>\n<meta property=\"og:title\" content=\"M\u0103ng c\u1ee5t s\u1ea5y th\u0103ng hoa - Bamboo Freeze Drying\" \/>\n<meta property=\"og:description\" content=\"Freeze-dried Mangosteen\" \/>\n<meta property=\"og:url\" content=\"https:\/\/bamboovipfood.com\/en\/product\/freeze-dried-mangosteen\/\" \/>\n<meta property=\"og:site_name\" content=\"Bamboo Freeze Drying\" \/>\n<meta property=\"article:modified_time\" content=\"2025-04-22T04:54:12+00:00\" \/>\n<meta property=\"og:image\" content=\"https:\/\/bamboovipfood.com\/wp-content\/uploads\/2024\/08\/mang-cut-say-thang-hoa.jpg\" \/>\n\t<meta property=\"og:image:width\" content=\"750\" \/>\n\t<meta property=\"og:image:height\" content=\"750\" \/>\n\t<meta property=\"og:image:type\" content=\"image\/jpeg\" \/>\n<meta name=\"twitter:card\" content=\"summary_large_image\" \/>\n<meta name=\"twitter:label1\" content=\"Est. reading time\" \/>\n\t<meta name=\"twitter:data1\" content=\"5 minutes\" \/>\n<script type=\"application\/ld+json\" class=\"yoast-schema-graph\">{\"@context\":\"https:\/\/schema.org\",\"@graph\":[{\"@type\":\"WebPage\",\"@id\":\"https:\/\/bamboovipfood.com\/san-pham\/mang-cut-say-thang-hoa\/\",\"url\":\"https:\/\/bamboovipfood.com\/san-pham\/mang-cut-say-thang-hoa\/\",\"name\":\"M\u0103ng c\u1ee5t s\u1ea5y th\u0103ng hoa - Bamboo Freeze Drying\",\"isPartOf\":{\"@id\":\"https:\/\/bamboovipfood.com\/#website\"},\"primaryImageOfPage\":{\"@id\":\"https:\/\/bamboovipfood.com\/san-pham\/mang-cut-say-thang-hoa\/#primaryimage\"},\"image\":{\"@id\":\"https:\/\/bamboovipfood.com\/san-pham\/mang-cut-say-thang-hoa\/#primaryimage\"},\"thumbnailUrl\":\"https:\/\/bamboovipfood.com\/wp-content\/uploads\/2024\/08\/mang-cut-say-thang-hoa.jpg\",\"datePublished\":\"2024-09-09T06:39:31+00:00\",\"dateModified\":\"2025-04-22T04:54:12+00:00\",\"breadcrumb\":{\"@id\":\"https:\/\/bamboovipfood.com\/san-pham\/mang-cut-say-thang-hoa\/#breadcrumb\"},\"inLanguage\":\"en-US\",\"potentialAction\":[{\"@type\":\"ReadAction\",\"target\":[\"https:\/\/bamboovipfood.com\/san-pham\/mang-cut-say-thang-hoa\/\"]}]},{\"@type\":\"ImageObject\",\"inLanguage\":\"en-US\",\"@id\":\"https:\/\/bamboovipfood.com\/san-pham\/mang-cut-say-thang-hoa\/#primaryimage\",\"url\":\"https:\/\/bamboovipfood.com\/wp-content\/uploads\/2024\/08\/mang-cut-say-thang-hoa.jpg\",\"contentUrl\":\"https:\/\/bamboovipfood.com\/wp-content\/uploads\/2024\/08\/mang-cut-say-thang-hoa.jpg\",\"width\":750,\"height\":750},{\"@type\":\"BreadcrumbList\",\"@id\":\"https:\/\/bamboovipfood.com\/san-pham\/mang-cut-say-thang-hoa\/#breadcrumb\",\"itemListElement\":[{\"@type\":\"ListItem\",\"position\":1,\"name\":\"Trang ch\u1ee7\",\"item\":\"https:\/\/bamboovipfood.com\/\"},{\"@type\":\"ListItem\",\"position\":2,\"name\":\"Shop\",\"item\":\"https:\/\/bamboovipfood.com\/shop\/\"},{\"@type\":\"ListItem\",\"position\":3,\"name\":\"M\u0103ng c\u1ee5t s\u1ea5y th\u0103ng hoa\"}]},{\"@type\":\"WebSite\",\"@id\":\"https:\/\/bamboovipfood.com\/#website\",\"url\":\"https:\/\/bamboovipfood.com\/\",\"name\":\"Bamboo Freeze Drying\",\"description\":\"Nh\u00e0 cung \u1ee9ng s\u1ea3n ph\u1ea9m s\u1ea5y th\u0103ng hoa h\u00e0ng \u0111\u1ea7u\",\"publisher\":{\"@id\":\"https:\/\/bamboovipfood.com\/#organization\"},\"potentialAction\":[{\"@type\":\"SearchAction\",\"target\":{\"@type\":\"EntryPoint\",\"urlTemplate\":\"https:\/\/bamboovipfood.com\/?s={search_term_string}\"},\"query-input\":{\"@type\":\"PropertyValueSpecification\",\"valueRequired\":true,\"valueName\":\"search_term_string\"}}],\"inLanguage\":\"en-US\"},{\"@type\":\"Organization\",\"@id\":\"https:\/\/bamboovipfood.com\/#organization\",\"name\":\"Bamboo Freeze Drying\",\"url\":\"https:\/\/bamboovipfood.com\/\",\"logo\":{\"@type\":\"ImageObject\",\"inLanguage\":\"en-US\",\"@id\":\"https:\/\/bamboovipfood.com\/#\/schema\/logo\/image\/\",\"url\":\"https:\/\/bamboovipfood.com\/wp-content\/uploads\/2020\/08\/Logo-Bamboo-Freeze-Dry-Dark.png\",\"contentUrl\":\"https:\/\/bamboovipfood.com\/wp-content\/uploads\/2020\/08\/Logo-Bamboo-Freeze-Dry-Dark.png\",\"width\":500,\"height\":189,\"caption\":\"Bamboo Freeze Drying\"},\"image\":{\"@id\":\"https:\/\/bamboovipfood.com\/#\/schema\/logo\/image\/\"}}]}<\/script>\n<!-- \/ Yoast SEO plugin. -->","yoast_head_json":{"title":"M\u0103ng c\u1ee5t s\u1ea5y th\u0103ng hoa - Bamboo Freeze Drying","robots":{"index":"index","follow":"follow","max-snippet":"max-snippet:-1","max-image-preview":"max-image-preview:large","max-video-preview":"max-video-preview:-1"},"canonical":"https:\/\/bamboovipfood.com\/en\/product\/freeze-dried-mangosteen\/","og_locale":"en_US","og_type":"article","og_title":"M\u0103ng c\u1ee5t s\u1ea5y th\u0103ng hoa - Bamboo Freeze Drying","og_description":"Freeze-dried Mangosteen","og_url":"https:\/\/bamboovipfood.com\/en\/product\/freeze-dried-mangosteen\/","og_site_name":"Bamboo Freeze Drying","article_modified_time":"2025-04-22T04:54:12+00:00","og_image":[{"width":750,"height":750,"url":"https:\/\/bamboovipfood.com\/wp-content\/uploads\/2024\/08\/mang-cut-say-thang-hoa.jpg","type":"image\/jpeg"}],"twitter_card":"summary_large_image","twitter_misc":{"Est. reading time":"5 minutes"},"schema":{"@context":"https:\/\/schema.org","@graph":[{"@type":"WebPage","@id":"https:\/\/bamboovipfood.com\/san-pham\/mang-cut-say-thang-hoa\/","url":"https:\/\/bamboovipfood.com\/san-pham\/mang-cut-say-thang-hoa\/","name":"M\u0103ng c\u1ee5t s\u1ea5y th\u0103ng hoa - Bamboo Freeze Drying","isPartOf":{"@id":"https:\/\/bamboovipfood.com\/#website"},"primaryImageOfPage":{"@id":"https:\/\/bamboovipfood.com\/san-pham\/mang-cut-say-thang-hoa\/#primaryimage"},"image":{"@id":"https:\/\/bamboovipfood.com\/san-pham\/mang-cut-say-thang-hoa\/#primaryimage"},"thumbnailUrl":"https:\/\/bamboovipfood.com\/wp-content\/uploads\/2024\/08\/mang-cut-say-thang-hoa.jpg","datePublished":"2024-09-09T06:39:31+00:00","dateModified":"2025-04-22T04:54:12+00:00","breadcrumb":{"@id":"https:\/\/bamboovipfood.com\/san-pham\/mang-cut-say-thang-hoa\/#breadcrumb"},"inLanguage":"en-US","potentialAction":[{"@type":"ReadAction","target":["https:\/\/bamboovipfood.com\/san-pham\/mang-cut-say-thang-hoa\/"]}]},{"@type":"ImageObject","inLanguage":"en-US","@id":"https:\/\/bamboovipfood.com\/san-pham\/mang-cut-say-thang-hoa\/#primaryimage","url":"https:\/\/bamboovipfood.com\/wp-content\/uploads\/2024\/08\/mang-cut-say-thang-hoa.jpg","contentUrl":"https:\/\/bamboovipfood.com\/wp-content\/uploads\/2024\/08\/mang-cut-say-thang-hoa.jpg","width":750,"height":750},{"@type":"BreadcrumbList","@id":"https:\/\/bamboovipfood.com\/san-pham\/mang-cut-say-thang-hoa\/#breadcrumb","itemListElement":[{"@type":"ListItem","position":1,"name":"Trang ch\u1ee7","item":"https:\/\/bamboovipfood.com\/"},{"@type":"ListItem","position":2,"name":"Shop","item":"https:\/\/bamboovipfood.com\/shop\/"},{"@type":"ListItem","position":3,"name":"M\u0103ng c\u1ee5t s\u1ea5y th\u0103ng hoa"}]},{"@type":"WebSite","@id":"https:\/\/bamboovipfood.com\/#website","url":"https:\/\/bamboovipfood.com\/","name":"Bamboo Freeze Drying","description":"Nh\u00e0 cung \u1ee9ng s\u1ea3n ph\u1ea9m s\u1ea5y th\u0103ng hoa h\u00e0ng \u0111\u1ea7u","publisher":{"@id":"https:\/\/bamboovipfood.com\/#organization"},"potentialAction":[{"@type":"SearchAction","target":{"@type":"EntryPoint","urlTemplate":"https:\/\/bamboovipfood.com\/?s={search_term_string}"},"query-input":{"@type":"PropertyValueSpecification","valueRequired":true,"valueName":"search_term_string"}}],"inLanguage":"en-US"},{"@type":"Organization","@id":"https:\/\/bamboovipfood.com\/#organization","name":"Bamboo Freeze Drying","url":"https:\/\/bamboovipfood.com\/","logo":{"@type":"ImageObject","inLanguage":"en-US","@id":"https:\/\/bamboovipfood.com\/#\/schema\/logo\/image\/","url":"https:\/\/bamboovipfood.com\/wp-content\/uploads\/2020\/08\/Logo-Bamboo-Freeze-Dry-Dark.png","contentUrl":"https:\/\/bamboovipfood.com\/wp-content\/uploads\/2020\/08\/Logo-Bamboo-Freeze-Dry-Dark.png","width":500,"height":189,"caption":"Bamboo Freeze Drying"},"image":{"@id":"https:\/\/bamboovipfood.com\/#\/schema\/logo\/image\/"}}]}},"_links":{"self":[{"href":"https:\/\/bamboovipfood.com\/en\/wp-json\/wp\/v2\/product\/8322","targetHints":{"allow":["GET"]}}],"collection":[{"href":"https:\/\/bamboovipfood.com\/en\/wp-json\/wp\/v2\/product"}],"about":[{"href":"https:\/\/bamboovipfood.com\/en\/wp-json\/wp\/v2\/types\/product"}],"replies":[{"embeddable":true,"href":"https:\/\/bamboovipfood.com\/en\/wp-json\/wp\/v2\/comments?post=8322"}],"wp:featuredmedia":[{"embeddable":true,"href":"https:\/\/bamboovipfood.com\/en\/wp-json\/wp\/v2\/media\/8870"}],"wp:attachment":[{"href":"https:\/\/bamboovipfood.com\/en\/wp-json\/wp\/v2\/media?parent=8322"}],"wp:term":[{"taxonomy":"product_cat","embeddable":true,"href":"https:\/\/bamboovipfood.com\/en\/wp-json\/wp\/v2\/product_cat?post=8322"},{"taxonomy":"product_tag","embeddable":true,"href":"https:\/\/bamboovipfood.com\/en\/wp-json\/wp\/v2\/product_tag?post=8322"}],"curies":[{"name":"wp","href":"https:\/\/api.w.org\/{rel}","templated":true}]}}