{"id":7992,"date":"2024-03-22T07:57:16","date_gmt":"2024-03-22T07:57:16","guid":{"rendered":"https:\/\/bamboovipfood.com\/?post_type=product&#038;p=7992"},"modified":"2025-04-22T04:53:54","modified_gmt":"2025-04-22T04:53:54","slug":"bot-thanh-long-say-thang-hoa","status":"publish","type":"product","link":"https:\/\/bamboovipfood.com\/en\/product\/pure-freeze-dried-dragon-fruit-powder\/","title":{"rendered":"Freeze-Dried Dragon Fruit Powder"},"content":{"rendered":"<table>\n<tbody>\n<tr>\n<td>Ph\u01b0\u01a1ng ph\u00e1p s\u1ea5y<\/td>\n<td><strong>S\u1ea5y Th\u0103ng hoa<\/strong><\/td>\n<\/tr>\n<tr>\n<td>Ngu\u1ed3n g\u1ed1c<\/td>\n<td><span style=\"font-weight: 400;\">T\u1eeb nh\u1eefng qu\u1ea3 thanh long ch\u1ea5t l\u01b0\u1ee3ng cao \u0111\u01b0\u1ee3c s\u1ea5y th\u00e0nh b\u1ed9t m\u1ecbn<\/span><\/td>\n<\/tr>\n<tr>\n<td>Feature<\/td>\n<td><span style=\"font-weight: 400;\">B\u1ed9t c\u00f3 m\u00e0u m\u00e0u h\u1ed3ng, li ti m\u00e0u \u0111en c\u1ee7a h\u1ea1t, b\u1ed9t m\u1ecbn 80 mesh, \u0111\u1ed9 \u1ea9m &lt;5%<\/span><\/td>\n<\/tr>\n<tr>\n<td>H\u00e0m l\u01b0\u1ee3ng dinh d\u01b0\u1ee1ng<\/td>\n<td><span style=\"font-weight: 400;\">\u00a0cao, ch\u1ee9a l\u01b0\u1ee3ng l\u1edbn ch\u1ea5t ch\u1ed1ng oxy ho\u00e1, h\u00e0m l\u01b0\u1ee3ng magie v\u00e0 ch\u1ea5t x\u01a1 d\u1ed3i d\u00e0o<\/span><\/td>\n<\/tr>\n<tr>\n<td>C\u00f4ng d\u1ee5ng<\/td>\n<td><span style=\"font-weight: 400;\">D\u00f9ng trong pha ch\u1ebf \u0111\u1ed3 u\u1ed1ng v\u00e0 ch\u1ebf bi\u1ebfn th\u1ef1c ph\u1ea9m, gi\u00fap t\u1ea1o m\u00e0u v\u00e0 h\u01b0\u01a1ng v\u1ecb t\u1ef1 nhi\u00ean, d\u00f9ng trong c\u00e1c s\u1ea3n ph\u1ea9m dinh d\u01b0\u1ee1ng c\u1ea3i thi\u1ec7n s\u1ee9c kho\u1ebb v\u00e0 l\u00e0m \u0111\u1eb9p da t\u1eeb b\u00ean trong<\/span><\/td>\n<\/tr>\n<\/tbody>\n<\/table>","protected":false},"excerpt":{"rendered":"<p>Ph\u01b0\u01a1ng ph\u00e1p s\u1ea5y S\u1ea5y Th\u0103ng hoa Ngu\u1ed3n g\u1ed1c T\u1eeb nh\u1eefng qu\u1ea3 thanh long ch\u1ea5t l\u01b0\u1ee3ng cao \u0111\u01b0\u1ee3c s\u1ea5y th\u00e0nh b\u1ed9t m\u1ecbn \u0110\u1eb7c \u0111i\u1ec3m B\u1ed9t c\u00f3 m\u00e0u m\u00e0u h\u1ed3ng, li ti m\u00e0u \u0111en c\u1ee7a h\u1ea1t, b\u1ed9t m\u1ecbn 80 mesh, \u0111\u1ed9 \u1ea9m &lt;5% H\u00e0m l\u01b0\u1ee3ng dinh d\u01b0\u1ee1ng \u00a0cao, ch\u1ee9a l\u01b0\u1ee3ng l\u1edbn ch\u1ea5t ch\u1ed1ng oxy ho\u00e1, h\u00e0m l\u01b0\u1ee3ng [&hellip;]<\/p>","protected":false},"featured_media":7993,"comment_status":"open","ping_status":"closed","template":"","meta":[],"product_cat":[238],"product_tag":[249],"class_list":{"0":"post-7992","1":"product","2":"type-product","3":"status-publish","4":"has-post-thumbnail","6":"product_cat-bot-rau-cu-qua","7":"product_tag-thanh-long","9":"first","10":"instock","11":"shipping-taxable","12":"product-type-simple"},"yoast_head":"<!-- This site is optimized with the Yoast SEO plugin v25.7 - https:\/\/yoast.com\/wordpress\/plugins\/seo\/ -->\n<title>B\u1ed9t thanh long s\u1ea5y th\u0103ng hoa - Bamboo Freeze Drying<\/title>\n<meta name=\"robots\" content=\"index, follow, max-snippet:-1, max-image-preview:large, max-video-preview:-1\" \/>\n<link rel=\"canonical\" href=\"https:\/\/bamboovipfood.com\/en\/product\/pure-freeze-dried-dragon-fruit-powder\/\" \/>\n<meta property=\"og:locale\" content=\"en_US\" \/>\n<meta property=\"og:type\" content=\"article\" \/>\n<meta property=\"og:title\" content=\"B\u1ed9t thanh long s\u1ea5y th\u0103ng hoa - Bamboo Freeze Drying\" \/>\n<meta property=\"og:description\" content=\"Ph\u01b0\u01a1ng ph\u00e1p s\u1ea5y S\u1ea5y Th\u0103ng hoa Ngu\u1ed3n g\u1ed1c T\u1eeb nh\u1eefng qu\u1ea3 thanh long ch\u1ea5t l\u01b0\u1ee3ng cao \u0111\u01b0\u1ee3c s\u1ea5y th\u00e0nh b\u1ed9t m\u1ecbn \u0110\u1eb7c \u0111i\u1ec3m B\u1ed9t c\u00f3 m\u00e0u m\u00e0u h\u1ed3ng, li ti m\u00e0u \u0111en c\u1ee7a h\u1ea1t, b\u1ed9t m\u1ecbn 80 mesh, \u0111\u1ed9 \u1ea9m &lt;5% H\u00e0m l\u01b0\u1ee3ng dinh d\u01b0\u1ee1ng \u00a0cao, ch\u1ee9a l\u01b0\u1ee3ng l\u1edbn ch\u1ea5t ch\u1ed1ng oxy ho\u00e1, h\u00e0m l\u01b0\u1ee3ng [&hellip;]\" \/>\n<meta property=\"og:url\" content=\"https:\/\/bamboovipfood.com\/en\/product\/pure-freeze-dried-dragon-fruit-powder\/\" \/>\n<meta property=\"og:site_name\" content=\"Bamboo Freeze Drying\" \/>\n<meta property=\"article:modified_time\" content=\"2025-04-22T04:53:54+00:00\" \/>\n<meta property=\"og:image\" content=\"https:\/\/bamboovipfood.com\/wp-content\/uploads\/2024\/03\/bot-thanh-long.jpg\" \/>\n\t<meta property=\"og:image:width\" content=\"750\" \/>\n\t<meta property=\"og:image:height\" content=\"750\" \/>\n\t<meta property=\"og:image:type\" content=\"image\/jpeg\" \/>\n<meta name=\"twitter:card\" content=\"summary_large_image\" \/>\n<meta name=\"twitter:label1\" content=\"Est. reading time\" \/>\n\t<meta name=\"twitter:data1\" content=\"1 minute\" \/>\n<script type=\"application\/ld+json\" class=\"yoast-schema-graph\">{\"@context\":\"https:\/\/schema.org\",\"@graph\":[{\"@type\":\"WebPage\",\"@id\":\"https:\/\/bamboovipfood.com\/san-pham\/bot-thanh-long-say-thang-hoa\/\",\"url\":\"https:\/\/bamboovipfood.com\/san-pham\/bot-thanh-long-say-thang-hoa\/\",\"name\":\"B\u1ed9t thanh long s\u1ea5y th\u0103ng hoa - Bamboo Freeze Drying\",\"isPartOf\":{\"@id\":\"https:\/\/bamboovipfood.com\/#website\"},\"primaryImageOfPage\":{\"@id\":\"https:\/\/bamboovipfood.com\/san-pham\/bot-thanh-long-say-thang-hoa\/#primaryimage\"},\"image\":{\"@id\":\"https:\/\/bamboovipfood.com\/san-pham\/bot-thanh-long-say-thang-hoa\/#primaryimage\"},\"thumbnailUrl\":\"https:\/\/bamboovipfood.com\/wp-content\/uploads\/2024\/03\/bot-thanh-long.jpg\",\"datePublished\":\"2024-03-22T07:57:16+00:00\",\"dateModified\":\"2025-04-22T04:53:54+00:00\",\"breadcrumb\":{\"@id\":\"https:\/\/bamboovipfood.com\/san-pham\/bot-thanh-long-say-thang-hoa\/#breadcrumb\"},\"inLanguage\":\"en-US\",\"potentialAction\":[{\"@type\":\"ReadAction\",\"target\":[\"https:\/\/bamboovipfood.com\/san-pham\/bot-thanh-long-say-thang-hoa\/\"]}]},{\"@type\":\"ImageObject\",\"inLanguage\":\"en-US\",\"@id\":\"https:\/\/bamboovipfood.com\/san-pham\/bot-thanh-long-say-thang-hoa\/#primaryimage\",\"url\":\"https:\/\/bamboovipfood.com\/wp-content\/uploads\/2024\/03\/bot-thanh-long.jpg\",\"contentUrl\":\"https:\/\/bamboovipfood.com\/wp-content\/uploads\/2024\/03\/bot-thanh-long.jpg\",\"width\":750,\"height\":750},{\"@type\":\"BreadcrumbList\",\"@id\":\"https:\/\/bamboovipfood.com\/san-pham\/bot-thanh-long-say-thang-hoa\/#breadcrumb\",\"itemListElement\":[{\"@type\":\"ListItem\",\"position\":1,\"name\":\"Trang ch\u1ee7\",\"item\":\"https:\/\/bamboovipfood.com\/\"},{\"@type\":\"ListItem\",\"position\":2,\"name\":\"Shop\",\"item\":\"https:\/\/bamboovipfood.com\/shop\/\"},{\"@type\":\"ListItem\",\"position\":3,\"name\":\"B\u1ed9t thanh long s\u1ea5y th\u0103ng hoa\"}]},{\"@type\":\"WebSite\",\"@id\":\"https:\/\/bamboovipfood.com\/#website\",\"url\":\"https:\/\/bamboovipfood.com\/\",\"name\":\"Bamboo Freeze Drying\",\"description\":\"Nh\u00e0 cung \u1ee9ng s\u1ea3n ph\u1ea9m s\u1ea5y th\u0103ng hoa h\u00e0ng \u0111\u1ea7u\",\"publisher\":{\"@id\":\"https:\/\/bamboovipfood.com\/#organization\"},\"potentialAction\":[{\"@type\":\"SearchAction\",\"target\":{\"@type\":\"EntryPoint\",\"urlTemplate\":\"https:\/\/bamboovipfood.com\/?s={search_term_string}\"},\"query-input\":{\"@type\":\"PropertyValueSpecification\",\"valueRequired\":true,\"valueName\":\"search_term_string\"}}],\"inLanguage\":\"en-US\"},{\"@type\":\"Organization\",\"@id\":\"https:\/\/bamboovipfood.com\/#organization\",\"name\":\"Bamboo Freeze Drying\",\"url\":\"https:\/\/bamboovipfood.com\/\",\"logo\":{\"@type\":\"ImageObject\",\"inLanguage\":\"en-US\",\"@id\":\"https:\/\/bamboovipfood.com\/#\/schema\/logo\/image\/\",\"url\":\"https:\/\/bamboovipfood.com\/wp-content\/uploads\/2020\/08\/Logo-Bamboo-Freeze-Dry-Dark.png\",\"contentUrl\":\"https:\/\/bamboovipfood.com\/wp-content\/uploads\/2020\/08\/Logo-Bamboo-Freeze-Dry-Dark.png\",\"width\":500,\"height\":189,\"caption\":\"Bamboo Freeze Drying\"},\"image\":{\"@id\":\"https:\/\/bamboovipfood.com\/#\/schema\/logo\/image\/\"}}]}<\/script>\n<!-- \/ Yoast SEO plugin. -->","yoast_head_json":{"title":"B\u1ed9t thanh long s\u1ea5y th\u0103ng hoa - Bamboo Freeze Drying","robots":{"index":"index","follow":"follow","max-snippet":"max-snippet:-1","max-image-preview":"max-image-preview:large","max-video-preview":"max-video-preview:-1"},"canonical":"https:\/\/bamboovipfood.com\/en\/product\/pure-freeze-dried-dragon-fruit-powder\/","og_locale":"en_US","og_type":"article","og_title":"B\u1ed9t thanh long s\u1ea5y th\u0103ng hoa - Bamboo Freeze Drying","og_description":"Ph\u01b0\u01a1ng ph\u00e1p s\u1ea5y S\u1ea5y Th\u0103ng hoa Ngu\u1ed3n g\u1ed1c T\u1eeb nh\u1eefng qu\u1ea3 thanh long ch\u1ea5t l\u01b0\u1ee3ng cao \u0111\u01b0\u1ee3c s\u1ea5y th\u00e0nh b\u1ed9t m\u1ecbn \u0110\u1eb7c \u0111i\u1ec3m B\u1ed9t c\u00f3 m\u00e0u m\u00e0u h\u1ed3ng, li ti m\u00e0u \u0111en c\u1ee7a h\u1ea1t, b\u1ed9t m\u1ecbn 80 mesh, \u0111\u1ed9 \u1ea9m &lt;5% H\u00e0m l\u01b0\u1ee3ng dinh d\u01b0\u1ee1ng \u00a0cao, ch\u1ee9a l\u01b0\u1ee3ng l\u1edbn ch\u1ea5t ch\u1ed1ng oxy ho\u00e1, h\u00e0m l\u01b0\u1ee3ng [&hellip;]","og_url":"https:\/\/bamboovipfood.com\/en\/product\/pure-freeze-dried-dragon-fruit-powder\/","og_site_name":"Bamboo Freeze Drying","article_modified_time":"2025-04-22T04:53:54+00:00","og_image":[{"width":750,"height":750,"url":"https:\/\/bamboovipfood.com\/wp-content\/uploads\/2024\/03\/bot-thanh-long.jpg","type":"image\/jpeg"}],"twitter_card":"summary_large_image","twitter_misc":{"Est. reading time":"1 minute"},"schema":{"@context":"https:\/\/schema.org","@graph":[{"@type":"WebPage","@id":"https:\/\/bamboovipfood.com\/san-pham\/bot-thanh-long-say-thang-hoa\/","url":"https:\/\/bamboovipfood.com\/san-pham\/bot-thanh-long-say-thang-hoa\/","name":"B\u1ed9t thanh long s\u1ea5y th\u0103ng hoa - Bamboo Freeze Drying","isPartOf":{"@id":"https:\/\/bamboovipfood.com\/#website"},"primaryImageOfPage":{"@id":"https:\/\/bamboovipfood.com\/san-pham\/bot-thanh-long-say-thang-hoa\/#primaryimage"},"image":{"@id":"https:\/\/bamboovipfood.com\/san-pham\/bot-thanh-long-say-thang-hoa\/#primaryimage"},"thumbnailUrl":"https:\/\/bamboovipfood.com\/wp-content\/uploads\/2024\/03\/bot-thanh-long.jpg","datePublished":"2024-03-22T07:57:16+00:00","dateModified":"2025-04-22T04:53:54+00:00","breadcrumb":{"@id":"https:\/\/bamboovipfood.com\/san-pham\/bot-thanh-long-say-thang-hoa\/#breadcrumb"},"inLanguage":"en-US","potentialAction":[{"@type":"ReadAction","target":["https:\/\/bamboovipfood.com\/san-pham\/bot-thanh-long-say-thang-hoa\/"]}]},{"@type":"ImageObject","inLanguage":"en-US","@id":"https:\/\/bamboovipfood.com\/san-pham\/bot-thanh-long-say-thang-hoa\/#primaryimage","url":"https:\/\/bamboovipfood.com\/wp-content\/uploads\/2024\/03\/bot-thanh-long.jpg","contentUrl":"https:\/\/bamboovipfood.com\/wp-content\/uploads\/2024\/03\/bot-thanh-long.jpg","width":750,"height":750},{"@type":"BreadcrumbList","@id":"https:\/\/bamboovipfood.com\/san-pham\/bot-thanh-long-say-thang-hoa\/#breadcrumb","itemListElement":[{"@type":"ListItem","position":1,"name":"Trang ch\u1ee7","item":"https:\/\/bamboovipfood.com\/"},{"@type":"ListItem","position":2,"name":"Shop","item":"https:\/\/bamboovipfood.com\/shop\/"},{"@type":"ListItem","position":3,"name":"B\u1ed9t thanh long s\u1ea5y th\u0103ng hoa"}]},{"@type":"WebSite","@id":"https:\/\/bamboovipfood.com\/#website","url":"https:\/\/bamboovipfood.com\/","name":"Bamboo Freeze Drying","description":"Nh\u00e0 cung \u1ee9ng s\u1ea3n ph\u1ea9m s\u1ea5y th\u0103ng hoa h\u00e0ng \u0111\u1ea7u","publisher":{"@id":"https:\/\/bamboovipfood.com\/#organization"},"potentialAction":[{"@type":"SearchAction","target":{"@type":"EntryPoint","urlTemplate":"https:\/\/bamboovipfood.com\/?s={search_term_string}"},"query-input":{"@type":"PropertyValueSpecification","valueRequired":true,"valueName":"search_term_string"}}],"inLanguage":"en-US"},{"@type":"Organization","@id":"https:\/\/bamboovipfood.com\/#organization","name":"Bamboo Freeze Drying","url":"https:\/\/bamboovipfood.com\/","logo":{"@type":"ImageObject","inLanguage":"en-US","@id":"https:\/\/bamboovipfood.com\/#\/schema\/logo\/image\/","url":"https:\/\/bamboovipfood.com\/wp-content\/uploads\/2020\/08\/Logo-Bamboo-Freeze-Dry-Dark.png","contentUrl":"https:\/\/bamboovipfood.com\/wp-content\/uploads\/2020\/08\/Logo-Bamboo-Freeze-Dry-Dark.png","width":500,"height":189,"caption":"Bamboo Freeze Drying"},"image":{"@id":"https:\/\/bamboovipfood.com\/#\/schema\/logo\/image\/"}}]}},"_links":{"self":[{"href":"https:\/\/bamboovipfood.com\/en\/wp-json\/wp\/v2\/product\/7992","targetHints":{"allow":["GET"]}}],"collection":[{"href":"https:\/\/bamboovipfood.com\/en\/wp-json\/wp\/v2\/product"}],"about":[{"href":"https:\/\/bamboovipfood.com\/en\/wp-json\/wp\/v2\/types\/product"}],"replies":[{"embeddable":true,"href":"https:\/\/bamboovipfood.com\/en\/wp-json\/wp\/v2\/comments?post=7992"}],"wp:featuredmedia":[{"embeddable":true,"href":"https:\/\/bamboovipfood.com\/en\/wp-json\/wp\/v2\/media\/7993"}],"wp:attachment":[{"href":"https:\/\/bamboovipfood.com\/en\/wp-json\/wp\/v2\/media?parent=7992"}],"wp:term":[{"taxonomy":"product_cat","embeddable":true,"href":"https:\/\/bamboovipfood.com\/en\/wp-json\/wp\/v2\/product_cat?post=7992"},{"taxonomy":"product_tag","embeddable":true,"href":"https:\/\/bamboovipfood.com\/en\/wp-json\/wp\/v2\/product_tag?post=7992"}],"curies":[{"name":"wp","href":"https:\/\/api.w.org\/{rel}","templated":true}]}}