{"id":7967,"date":"2025-03-12T04:19:21","date_gmt":"2025-03-12T04:19:21","guid":{"rendered":"https:\/\/bamboovipfood.com\/?post_type=product&#038;p=7967"},"modified":"2025-04-21T08:47:54","modified_gmt":"2025-04-21T08:47:54","slug":"sau-rieng-say-thang-hoa","status":"publish","type":"product","link":"https:\/\/bamboovipfood.com\/en\/product\/freeze-dried-durian\/","title":{"rendered":"Freeze-Dried Durian Crisps"},"content":{"rendered":"<pre><strong>A dream come true for durian lovers! Our freeze-dried durian is incredibly delicious, rich, and creamy\u2014tasting just like the fresh fruit.<\/strong><\/pre>\n<p><strong>Durian<\/strong> is a tropical fruit known as <em>\"The King of Fruits\"<\/em> is native to Southeast Asia, where it is extensively grown and consumed. <strong>Freeze dried<\/strong> is a way to preserve the freshness and nutrition of durian without adding any chemicals or additives, making it a healthy snack that can be enjoyed anytime, anywhere.<\/p>\n<h3>Product Features:<\/h3>\n<p>Our Products <strong><a href=\"https:\/\/bamboovipfood.com\/en\/product\/freeze-dried-durian\/\">Freeze-Dried Durian Crisps<\/a>\u00a0(Freeze Dried Durian)<\/strong> is crafted using a specialized process called <strong>sublimation (freeze-drying) <\/strong>to remove moisture from fresh fruit, reaching a final moisture level of under <strong>5% <\/strong>This advanced method perfectly preserves the natural color, shape, texture, flavor, and nutrients of the original fruit, resulting in a signature crispy and airy texture.<\/p>\n<p>Our finished products are made from <strong>100%<\/strong>\u00a0fresh durian sourced directly from local Vietnamese orchards. We select only the finest varieties, such as <strong>Ri6<\/strong> and <strong>Monthong (Thai) durian (seasonal)<\/strong> , using the ripest and most flavorful fruits that have passed rigorous quality control standards to ensure premium raw materials for our freeze-drying process.<\/p>\n<p>This method utilizes low temperatures and low pressure to remove moisture from food. Unlike other drying methods such as heat drying, it produces a product with numerous superior advantages:<\/p>\n<ul>\n<li>Preserves the natural color, shape, texture, flavor, and nutrients of the durian far better than any other drying method.<\/li>\n<li>Reduces food weight and volume by up to 90%, making storage and transportation significantly easier.<\/li>\n<li>Offers a long shelf life while maintaining the original quality and nutrients of the durian. It is convenient to enjoy anytime, anywhere\u2014perfect for traveling or outdoor trips.<\/li>\n<li>Extends the shelf life of food up to 2 years without the need for refrigeration or special preservatives.<\/li>\n<li>A perfect solution to enjoy the flavor of durian all year round, even during the off-season.<\/li>\n<\/ul>\n<p>&nbsp;<\/p>\n<p><iframe title=\"S\u1ea7u ri\u00eang s\u1ea5y th\u0103ng hoa || Bamboo Tropical Fruit\u00a0VN\" width=\"980\" height=\"551\" src=\"https:\/\/www.youtube.com\/embed\/3edjXdPPUwo?feature=oembed\" frameborder=\"0\" allow=\"accelerometer; autoplay; clipboard-write; encrypted-media; gyroscope; picture-in-picture; web-share\" referrerpolicy=\"strict-origin-when-cross-origin\" allowfullscreen><\/iframe><\/p>\n<h3>Here are some of the nutritional benefits of durian:<\/h3>\n<ul>\n<li><strong>Digestive Health:<\/strong> Durian contains dietary fiber, which can help promote healthy digestion and alleviate issues such as bloating and heartburn.<\/li>\n<li><strong>Cardiovascular Disease Prevention:<\/strong> The sulfur compounds found in durian are linked to the regulation of inflammatory enzymes, potentially reducing the risk of cardiovascular diseases.<\/li>\n<li><strong>Blood Sugar Regulation:<\/strong>\u00a0Durian contains manganese, a mineral that can help maintain blood sugar levels within a healthy range.<\/li>\n<li><strong>Blood Pressure Regulation:<\/strong> It is a rich source of potassium, which helps lower blood pressure. Adequate potassium intake contributes to maintaining healthy blood pressure levels.<\/li>\n<li><strong>Anti-aging Properties:<\/strong>\u00a0Durian is rich in antioxidants, including Vitamin C, which can help combat oxidative stress and reduce the signs of skin aging.<\/li>\n<li><strong>Bone Health:<\/strong> High levels of potassium and magnesium can support bone health and contribute to maintaining strong bones.<\/li>\n<li><strong>Anemia Management:<\/strong>\u00a0Durian is a rich source of folate, a B-vitamin essential for red blood cell production. Adequate folate intake can help in managing anemia.<\/li>\n<li><strong>Mood Improvement:<\/strong> Durian is believed to act as a natural antidepressant, although more research is needed to fully understand its specific effects on mood.<\/li>\n<\/ul>\n<h3>How to Enjoy:<\/h3>\n<ul>\n<li>The most popular way is to enjoy it directly as a fruit snack.<\/li>\n<li>It can also be used as an ingredient in various dishes and drinks, such as cakes, jams, and more.<\/li>\n<li>Grind into a powder to pair with various other dishes.<\/li>\n<\/ul>\n<h3>Business Potential of Freeze-Dried Durian in the Global Market:<\/h3>\n<p><strong>Durian<\/strong> Durian has a massive fan base not only in Vietnam but worldwide. Applied in a wide variety of dishes and preparation methods, the demand for this fruit continues to grow steadily.<\/p>\n<ul>\n<li>There is a growing demand for exotic fruits and flavors among consumers seeking new and exciting experiences.<\/li>\n<li>There is a growing awareness of durian's health benefits among consumers seeking natural and nutritious foods.<\/li>\n<li>Improved transportation systems allow for the seamless export and import of both fresh and processed durian products.<\/li>\n<\/ul>\n<p><img fetchpriority=\"high\" decoding=\"async\" class=\"aligncenter\" src=\"https:\/\/bamboovipfood.com\/wp-content\/uploads\/2024\/04\/qua-sau-rieng-say-thang-hoa-8.jpg\" alt=\"S\u1ea7u ri\u00eang s\u1ea5y th\u0103ng hoa 4\" width=\"1000\" height=\"667\" \/><\/p>\n<p><strong>Freeze-Dried Durian Crisps<\/strong> Bamboo can penetrate this growing market by offering a unique and convenient way to enjoy durian. It can appeal to both existing fans and potential customers who are interested in trying durian but are deterred by its strong smell or limited availability. Furthermore, it can cater to various market segments, such as:<\/p>\n<ul>\n<li><em>Individual customers looking to purchase durian as a snack or as a gift for themselves or their loved ones.<\/em><\/li>\n<li><em>Restaurants, bakeries, and cafes looking to use durian as a premium ingredient in their culinary creations.<\/em><\/li>\n<li><em>Retailers looking to sell this product in their physical stores and on online platforms.<\/em><\/li>\n<li><em>Import companies looking to source freeze-dried durian from reliable suppliers to distribute to their target markets.<\/em><\/li>\n<\/ul>\n<p>This is undoubtedly a product with great potential to generate revenue and profit, helping you expand your customer base and brand awareness.<\/p>\n<p><img decoding=\"async\" class=\"aligncenter\" src=\"https:\/\/bamboovipfood.com\/wp-content\/uploads\/2024\/04\/qua-sau-rieng-say-thang-hoa-7.jpg\" alt=\"S\u1ea7u ri\u00eang s\u1ea5y th\u0103ng hoa 5\" width=\"1000\" height=\"733\" \/><\/p>\n<h3>Why is Bamboo Tropical Fruit your ideal choice?<\/h3>\n<p><strong>Bamboo Tropical Fruit<\/strong> is more than just a durian supplier; we offer a diverse range of tropical fruit solutions. <a href=\"https:\/\/bamboovipfood.com\/en\/product-category\/freeze-dried-fruit\/\">A variety of freeze-dried fruits<\/a>, we are more than just a supplier; we are your business partner and companion in achieving your goals. Partnering with us brings you numerous benefits:<\/p>\n<ul>\n<li>With years of industry experience, we have accumulated extensive knowledge and expertise, staying ahead of market trends, consumer preferences, product standards, and best practices. We are ready to advise you on how to optimize your business strategy and maximize your profitability.<\/li>\n<li>We possess a robust supply chain network\u2014including direct farm sourcing, processing facilities, warehousing, and logistics\u2014to guarantee product quality, quantity, and timely delivery in perfect condition. Furthermore, we provide comprehensive support for customs clearance and documentation.<\/li>\n<li>We offer competitive market prices and are open to negotiating discounts for large orders or long-term contracts.<\/li>\n<li>Our products are of premium quality and in high demand, helping you attract more customers and generate significantly higher revenue.<\/li>\n<li>Ch\u00fang t\u00f4i coi tr\u1ecdng m\u1ed1i quan h\u1ec7 c\u1ee7a ch\u00fang t\u00f4i v\u1edbi b\u1ea1n, lu\u00f4n s\u1eb5n s\u00e0ng tr\u1ea3 l\u1eddi c\u00e1c c\u00e2u h\u1ecfi c\u1ee7a b\u1ea1n, gi\u1ea3i quy\u1ebft c\u00e1c m\u1ed1i quan t\u00e2m c\u1ee7a b\u1ea1n v\u00e0 gi\u1ea3i quy\u1ebft c\u00e1c v\u1ea5n \u0111\u1ec1 c\u1ee7a b\u1ea1n. Ch\u00fang t\u00f4i linh ho\u1ea1t v\u00e0 \u0111\u00e1p \u1ee9ng nhu c\u1ea7u v\u00e0 y\u00eau c\u1ea7u c\u1ee7a b\u1ea1n tr\u00ean tinh th\u1ea7n th\u00e2n thi\u1ec7n l\u1eabn chuy\u00ean nghi\u1ec7p.<\/li>\n<li>Cung c\u1ea5p th\u00eam d\u1ecbch v\u1ee5 l\u00e0m nh\u00e3n hi\u1ec7u ri\u00eang, cho ph\u00e9p b\u1ea1n t\u1ea1o th\u01b0\u01a1ng hi\u1ec7u hoa qu\u1ea3 s\u1ea5y th\u0103ng hoa \u0111\u1eb7c tr\u01b0ng c\u1ee7a ri\u00eang m\u00ecnh.<\/li>\n<li>B\u1ea1n c\u00f3 th\u1ec3 mua l\u1ebb v\u1edbi s\u1ed1 l\u01b0\u1ee3ng <strong>50gr, 100gr<\/strong> t\u00f9y ch\u1ecdn ho\u1eb7c mua gi\u00e1 s\u1ec9 ch\u1ec9 t\u1eeb 1kg<\/li>\n<\/ul>\n<p><strong>For any product inquiries or business cooperation opportunities, please feel free to contact us!<\/strong><\/p>","protected":false},"excerpt":{"rendered":"<p><span style=\"color: #ff6600;\"><strong>Freeze Dried Durian<\/strong><\/span><\/p>\n<ul>\n<li><span class=\"OYPEnA text-decoration-none text-strikethrough-none\">Shape: Sliced<\/span><\/li>\n<li><span class=\"OYPEnA text-decoration-none text-strikethrough-none\">Moisture:\u00a0<strong>&lt; 5%<\/strong><\/span><\/li>\n<li><span class=\"OYPEnA text-decoration-none text-strikethrough-none\">Varieties: Monthong (Thai) &amp; Ri6 Durians<\/span><\/li>\n<li><span class=\"OYPEnA text-decoration-none text-strikethrough-none\">Purity:\u00a0<strong>100%<\/strong><\/span><\/li>\n<li><span class=\"OYPEnA text-decoration-none text-strikethrough-none\">Drying Method: Freeze-Drying (Sublimation)<\/span><\/li>\n<li><span class=\"OYPEnA text-decoration-none text-strikethrough-none\">Texture: Crunchy, Porous<\/span><\/li>\n<li><span class=\"OYPEnA text-decoration-none text-strikethrough-none\">Storage: Resealable Zip Bag<\/span><\/li>\n<li><span class=\"OYPEnA text-decoration-none text-strikethrough-none\">Shelf Life: 24 months<\/span><\/li>\n<li><span class=\"OYPEnA text-decoration-none text-strikethrough-none\">No Added Sugar, No Preservatives<\/span><\/li>\n<\/ul>","protected":false},"featured_media":9489,"comment_status":"open","ping_status":"closed","template":"","meta":[],"product_cat":[236],"product_tag":[248],"class_list":{"0":"post-7967","1":"product","2":"type-product","3":"status-publish","4":"has-post-thumbnail","6":"product_cat-trai-cay-say-thang-hoa","7":"product_tag-sau-rieng","9":"first","10":"instock","11":"shipping-taxable","12":"purchasable","13":"product-type-variable","14":"wvs-archive-product-wrapper"},"yoast_head":"<!-- This site is optimized with the Yoast SEO plugin v25.7 - https:\/\/yoast.com\/wordpress\/plugins\/seo\/ -->\n<title>S\u1ea7u ri\u00eang s\u1ea5y th\u0103ng hoa (Freeze Dried Durian)<\/title>\n<meta name=\"description\" content=\"S\u1ea7u ri\u00eang \u0111\u00f4ng kh\u00f4 s\u1eed d\u1ee5ng c\u00f4ng ngh\u1ec7 s\u1ea5y th\u0103ng hoa \u0111\u1ec3 t\u1ea1o ra m\u00f3n \u0103n nh\u1eb9 ch\u1ea5t l\u01b0\u1ee3ng cao, kh\u00f4ng l\u00e0m thay \u0111\u1ed5i ch\u1ea5t l\u01b0\u1ee3ng v\u00e0 dinh d\u01b0\u1ee1ng c\u1ee7a s\u1ea7u ri\u00eang, c\u00f3 tr\u1ecdng l\u01b0\u1ee3ng nh\u1eb9 \u0111\u1ec3 ti\u1ec7n s\u1eed d\u1ee5ng hay mang \u0111i\" \/>\n<meta name=\"robots\" content=\"index, follow, max-snippet:-1, max-image-preview:large, max-video-preview:-1\" \/>\n<link rel=\"canonical\" href=\"https:\/\/bamboovipfood.com\/en\/product\/freeze-dried-durian\/\" \/>\n<meta property=\"og:locale\" content=\"en_US\" \/>\n<meta property=\"og:type\" content=\"article\" \/>\n<meta property=\"og:title\" content=\"S\u1ea7u ri\u00eang s\u1ea5y th\u0103ng hoa (Freeze Dried Durian)\" \/>\n<meta property=\"og:description\" content=\"S\u1ea7u ri\u00eang \u0111\u00f4ng kh\u00f4 s\u1eed d\u1ee5ng c\u00f4ng ngh\u1ec7 s\u1ea5y th\u0103ng hoa \u0111\u1ec3 t\u1ea1o ra m\u00f3n \u0103n nh\u1eb9 ch\u1ea5t l\u01b0\u1ee3ng cao, kh\u00f4ng l\u00e0m thay \u0111\u1ed5i ch\u1ea5t l\u01b0\u1ee3ng v\u00e0 dinh d\u01b0\u1ee1ng c\u1ee7a s\u1ea7u ri\u00eang, c\u00f3 tr\u1ecdng l\u01b0\u1ee3ng nh\u1eb9 \u0111\u1ec3 ti\u1ec7n s\u1eed d\u1ee5ng hay mang \u0111i\" \/>\n<meta property=\"og:url\" content=\"https:\/\/bamboovipfood.com\/en\/product\/freeze-dried-durian\/\" \/>\n<meta property=\"og:site_name\" content=\"Bamboo Freeze Drying\" \/>\n<meta property=\"article:modified_time\" content=\"2025-04-21T08:47:54+00:00\" \/>\n<meta property=\"og:image\" content=\"https:\/\/bamboovipfood.com\/wp-content\/uploads\/2024\/11\/sau-rieng-say-thang-hoa.jpg\" \/>\n\t<meta property=\"og:image:width\" content=\"800\" \/>\n\t<meta property=\"og:image:height\" content=\"800\" \/>\n\t<meta property=\"og:image:type\" content=\"image\/jpeg\" \/>\n<meta name=\"twitter:card\" content=\"summary_large_image\" \/>\n<meta name=\"twitter:label1\" content=\"Est. reading time\" \/>\n\t<meta name=\"twitter:data1\" content=\"9 minutes\" \/>\n<script type=\"application\/ld+json\" class=\"yoast-schema-graph\">{\"@context\":\"https:\/\/schema.org\",\"@graph\":[{\"@type\":\"WebPage\",\"@id\":\"https:\/\/bamboovipfood.com\/san-pham\/sau-rieng-say-thang-hoa\/\",\"url\":\"https:\/\/bamboovipfood.com\/san-pham\/sau-rieng-say-thang-hoa\/\",\"name\":\"S\u1ea7u ri\u00eang s\u1ea5y th\u0103ng hoa (Freeze Dried Durian)\",\"isPartOf\":{\"@id\":\"https:\/\/bamboovipfood.com\/#website\"},\"primaryImageOfPage\":{\"@id\":\"https:\/\/bamboovipfood.com\/san-pham\/sau-rieng-say-thang-hoa\/#primaryimage\"},\"image\":{\"@id\":\"https:\/\/bamboovipfood.com\/san-pham\/sau-rieng-say-thang-hoa\/#primaryimage\"},\"thumbnailUrl\":\"https:\/\/bamboovipfood.com\/wp-content\/uploads\/2024\/11\/sau-rieng-say-thang-hoa.jpg\",\"datePublished\":\"2025-03-12T04:19:21+00:00\",\"dateModified\":\"2025-04-21T08:47:54+00:00\",\"description\":\"S\u1ea7u ri\u00eang \u0111\u00f4ng kh\u00f4 s\u1eed d\u1ee5ng c\u00f4ng ngh\u1ec7 s\u1ea5y th\u0103ng hoa \u0111\u1ec3 t\u1ea1o ra m\u00f3n \u0103n nh\u1eb9 ch\u1ea5t l\u01b0\u1ee3ng cao, kh\u00f4ng l\u00e0m thay \u0111\u1ed5i ch\u1ea5t l\u01b0\u1ee3ng v\u00e0 dinh d\u01b0\u1ee1ng c\u1ee7a s\u1ea7u ri\u00eang, c\u00f3 tr\u1ecdng l\u01b0\u1ee3ng nh\u1eb9 \u0111\u1ec3 ti\u1ec7n s\u1eed d\u1ee5ng hay mang \u0111i\",\"breadcrumb\":{\"@id\":\"https:\/\/bamboovipfood.com\/san-pham\/sau-rieng-say-thang-hoa\/#breadcrumb\"},\"inLanguage\":\"en-US\",\"potentialAction\":[{\"@type\":\"ReadAction\",\"target\":[\"https:\/\/bamboovipfood.com\/san-pham\/sau-rieng-say-thang-hoa\/\"]}]},{\"@type\":\"ImageObject\",\"inLanguage\":\"en-US\",\"@id\":\"https:\/\/bamboovipfood.com\/san-pham\/sau-rieng-say-thang-hoa\/#primaryimage\",\"url\":\"https:\/\/bamboovipfood.com\/wp-content\/uploads\/2024\/11\/sau-rieng-say-thang-hoa.jpg\",\"contentUrl\":\"https:\/\/bamboovipfood.com\/wp-content\/uploads\/2024\/11\/sau-rieng-say-thang-hoa.jpg\",\"width\":800,\"height\":800},{\"@type\":\"BreadcrumbList\",\"@id\":\"https:\/\/bamboovipfood.com\/san-pham\/sau-rieng-say-thang-hoa\/#breadcrumb\",\"itemListElement\":[{\"@type\":\"ListItem\",\"position\":1,\"name\":\"Trang ch\u1ee7\",\"item\":\"https:\/\/bamboovipfood.com\/\"},{\"@type\":\"ListItem\",\"position\":2,\"name\":\"Shop\",\"item\":\"https:\/\/bamboovipfood.com\/shop\/\"},{\"@type\":\"ListItem\",\"position\":3,\"name\":\"S\u1ea7u ri\u00eang s\u1ea5y th\u0103ng hoa\"}]},{\"@type\":\"WebSite\",\"@id\":\"https:\/\/bamboovipfood.com\/#website\",\"url\":\"https:\/\/bamboovipfood.com\/\",\"name\":\"Bamboo Freeze Drying\",\"description\":\"Nh\u00e0 cung \u1ee9ng s\u1ea3n ph\u1ea9m s\u1ea5y th\u0103ng hoa h\u00e0ng \u0111\u1ea7u\",\"publisher\":{\"@id\":\"https:\/\/bamboovipfood.com\/#organization\"},\"potentialAction\":[{\"@type\":\"SearchAction\",\"target\":{\"@type\":\"EntryPoint\",\"urlTemplate\":\"https:\/\/bamboovipfood.com\/?s={search_term_string}\"},\"query-input\":{\"@type\":\"PropertyValueSpecification\",\"valueRequired\":true,\"valueName\":\"search_term_string\"}}],\"inLanguage\":\"en-US\"},{\"@type\":\"Organization\",\"@id\":\"https:\/\/bamboovipfood.com\/#organization\",\"name\":\"Bamboo Freeze Drying\",\"url\":\"https:\/\/bamboovipfood.com\/\",\"logo\":{\"@type\":\"ImageObject\",\"inLanguage\":\"en-US\",\"@id\":\"https:\/\/bamboovipfood.com\/#\/schema\/logo\/image\/\",\"url\":\"https:\/\/bamboovipfood.com\/wp-content\/uploads\/2020\/08\/Logo-Bamboo-Freeze-Dry-Dark.png\",\"contentUrl\":\"https:\/\/bamboovipfood.com\/wp-content\/uploads\/2020\/08\/Logo-Bamboo-Freeze-Dry-Dark.png\",\"width\":500,\"height\":189,\"caption\":\"Bamboo Freeze Drying\"},\"image\":{\"@id\":\"https:\/\/bamboovipfood.com\/#\/schema\/logo\/image\/\"}}]}<\/script>\n<!-- \/ Yoast SEO plugin. -->","yoast_head_json":{"title":"S\u1ea7u ri\u00eang s\u1ea5y th\u0103ng hoa (Freeze Dried Durian)","description":"S\u1ea7u ri\u00eang \u0111\u00f4ng kh\u00f4 s\u1eed d\u1ee5ng c\u00f4ng ngh\u1ec7 s\u1ea5y th\u0103ng hoa \u0111\u1ec3 t\u1ea1o ra m\u00f3n \u0103n nh\u1eb9 ch\u1ea5t l\u01b0\u1ee3ng cao, kh\u00f4ng l\u00e0m thay \u0111\u1ed5i ch\u1ea5t l\u01b0\u1ee3ng v\u00e0 dinh d\u01b0\u1ee1ng c\u1ee7a s\u1ea7u ri\u00eang, c\u00f3 tr\u1ecdng l\u01b0\u1ee3ng nh\u1eb9 \u0111\u1ec3 ti\u1ec7n s\u1eed d\u1ee5ng hay mang \u0111i","robots":{"index":"index","follow":"follow","max-snippet":"max-snippet:-1","max-image-preview":"max-image-preview:large","max-video-preview":"max-video-preview:-1"},"canonical":"https:\/\/bamboovipfood.com\/en\/product\/freeze-dried-durian\/","og_locale":"en_US","og_type":"article","og_title":"S\u1ea7u ri\u00eang s\u1ea5y th\u0103ng hoa (Freeze Dried Durian)","og_description":"S\u1ea7u ri\u00eang \u0111\u00f4ng kh\u00f4 s\u1eed d\u1ee5ng c\u00f4ng ngh\u1ec7 s\u1ea5y th\u0103ng hoa \u0111\u1ec3 t\u1ea1o ra m\u00f3n \u0103n nh\u1eb9 ch\u1ea5t l\u01b0\u1ee3ng cao, kh\u00f4ng l\u00e0m thay \u0111\u1ed5i ch\u1ea5t l\u01b0\u1ee3ng v\u00e0 dinh d\u01b0\u1ee1ng c\u1ee7a s\u1ea7u ri\u00eang, c\u00f3 tr\u1ecdng l\u01b0\u1ee3ng nh\u1eb9 \u0111\u1ec3 ti\u1ec7n s\u1eed d\u1ee5ng hay mang \u0111i","og_url":"https:\/\/bamboovipfood.com\/en\/product\/freeze-dried-durian\/","og_site_name":"Bamboo Freeze Drying","article_modified_time":"2025-04-21T08:47:54+00:00","og_image":[{"width":800,"height":800,"url":"https:\/\/bamboovipfood.com\/wp-content\/uploads\/2024\/11\/sau-rieng-say-thang-hoa.jpg","type":"image\/jpeg"}],"twitter_card":"summary_large_image","twitter_misc":{"Est. reading time":"9 minutes"},"schema":{"@context":"https:\/\/schema.org","@graph":[{"@type":"WebPage","@id":"https:\/\/bamboovipfood.com\/san-pham\/sau-rieng-say-thang-hoa\/","url":"https:\/\/bamboovipfood.com\/san-pham\/sau-rieng-say-thang-hoa\/","name":"S\u1ea7u ri\u00eang s\u1ea5y th\u0103ng hoa (Freeze Dried Durian)","isPartOf":{"@id":"https:\/\/bamboovipfood.com\/#website"},"primaryImageOfPage":{"@id":"https:\/\/bamboovipfood.com\/san-pham\/sau-rieng-say-thang-hoa\/#primaryimage"},"image":{"@id":"https:\/\/bamboovipfood.com\/san-pham\/sau-rieng-say-thang-hoa\/#primaryimage"},"thumbnailUrl":"https:\/\/bamboovipfood.com\/wp-content\/uploads\/2024\/11\/sau-rieng-say-thang-hoa.jpg","datePublished":"2025-03-12T04:19:21+00:00","dateModified":"2025-04-21T08:47:54+00:00","description":"S\u1ea7u ri\u00eang \u0111\u00f4ng kh\u00f4 s\u1eed d\u1ee5ng c\u00f4ng ngh\u1ec7 s\u1ea5y th\u0103ng hoa \u0111\u1ec3 t\u1ea1o ra m\u00f3n \u0103n nh\u1eb9 ch\u1ea5t l\u01b0\u1ee3ng cao, kh\u00f4ng l\u00e0m thay \u0111\u1ed5i ch\u1ea5t l\u01b0\u1ee3ng v\u00e0 dinh d\u01b0\u1ee1ng c\u1ee7a s\u1ea7u ri\u00eang, c\u00f3 tr\u1ecdng l\u01b0\u1ee3ng nh\u1eb9 \u0111\u1ec3 ti\u1ec7n s\u1eed d\u1ee5ng hay mang \u0111i","breadcrumb":{"@id":"https:\/\/bamboovipfood.com\/san-pham\/sau-rieng-say-thang-hoa\/#breadcrumb"},"inLanguage":"en-US","potentialAction":[{"@type":"ReadAction","target":["https:\/\/bamboovipfood.com\/san-pham\/sau-rieng-say-thang-hoa\/"]}]},{"@type":"ImageObject","inLanguage":"en-US","@id":"https:\/\/bamboovipfood.com\/san-pham\/sau-rieng-say-thang-hoa\/#primaryimage","url":"https:\/\/bamboovipfood.com\/wp-content\/uploads\/2024\/11\/sau-rieng-say-thang-hoa.jpg","contentUrl":"https:\/\/bamboovipfood.com\/wp-content\/uploads\/2024\/11\/sau-rieng-say-thang-hoa.jpg","width":800,"height":800},{"@type":"BreadcrumbList","@id":"https:\/\/bamboovipfood.com\/san-pham\/sau-rieng-say-thang-hoa\/#breadcrumb","itemListElement":[{"@type":"ListItem","position":1,"name":"Trang ch\u1ee7","item":"https:\/\/bamboovipfood.com\/"},{"@type":"ListItem","position":2,"name":"Shop","item":"https:\/\/bamboovipfood.com\/shop\/"},{"@type":"ListItem","position":3,"name":"S\u1ea7u ri\u00eang s\u1ea5y th\u0103ng hoa"}]},{"@type":"WebSite","@id":"https:\/\/bamboovipfood.com\/#website","url":"https:\/\/bamboovipfood.com\/","name":"Bamboo Freeze Drying","description":"Nh\u00e0 cung \u1ee9ng s\u1ea3n ph\u1ea9m s\u1ea5y th\u0103ng hoa h\u00e0ng \u0111\u1ea7u","publisher":{"@id":"https:\/\/bamboovipfood.com\/#organization"},"potentialAction":[{"@type":"SearchAction","target":{"@type":"EntryPoint","urlTemplate":"https:\/\/bamboovipfood.com\/?s={search_term_string}"},"query-input":{"@type":"PropertyValueSpecification","valueRequired":true,"valueName":"search_term_string"}}],"inLanguage":"en-US"},{"@type":"Organization","@id":"https:\/\/bamboovipfood.com\/#organization","name":"Bamboo Freeze Drying","url":"https:\/\/bamboovipfood.com\/","logo":{"@type":"ImageObject","inLanguage":"en-US","@id":"https:\/\/bamboovipfood.com\/#\/schema\/logo\/image\/","url":"https:\/\/bamboovipfood.com\/wp-content\/uploads\/2020\/08\/Logo-Bamboo-Freeze-Dry-Dark.png","contentUrl":"https:\/\/bamboovipfood.com\/wp-content\/uploads\/2020\/08\/Logo-Bamboo-Freeze-Dry-Dark.png","width":500,"height":189,"caption":"Bamboo Freeze Drying"},"image":{"@id":"https:\/\/bamboovipfood.com\/#\/schema\/logo\/image\/"}}]}},"_links":{"self":[{"href":"https:\/\/bamboovipfood.com\/en\/wp-json\/wp\/v2\/product\/7967","targetHints":{"allow":["GET"]}}],"collection":[{"href":"https:\/\/bamboovipfood.com\/en\/wp-json\/wp\/v2\/product"}],"about":[{"href":"https:\/\/bamboovipfood.com\/en\/wp-json\/wp\/v2\/types\/product"}],"replies":[{"embeddable":true,"href":"https:\/\/bamboovipfood.com\/en\/wp-json\/wp\/v2\/comments?post=7967"}],"wp:featuredmedia":[{"embeddable":true,"href":"https:\/\/bamboovipfood.com\/en\/wp-json\/wp\/v2\/media\/9489"}],"wp:attachment":[{"href":"https:\/\/bamboovipfood.com\/en\/wp-json\/wp\/v2\/media?parent=7967"}],"wp:term":[{"taxonomy":"product_cat","embeddable":true,"href":"https:\/\/bamboovipfood.com\/en\/wp-json\/wp\/v2\/product_cat?post=7967"},{"taxonomy":"product_tag","embeddable":true,"href":"https:\/\/bamboovipfood.com\/en\/wp-json\/wp\/v2\/product_tag?post=7967"}],"curies":[{"name":"wp","href":"https:\/\/api.w.org\/{rel}","templated":true}]}}