{"id":7936,"date":"2025-04-18T01:57:41","date_gmt":"2025-04-18T01:57:41","guid":{"rendered":"https:\/\/bamboovipfood.com\/?post_type=product&#038;p=7936"},"modified":"2025-04-22T05:00:38","modified_gmt":"2025-04-22T05:00:38","slug":"bot-dua-say-dong-kho","status":"publish","type":"product","link":"https:\/\/bamboovipfood.com\/en\/product\/pure-freeze-dried-pineapple-powder\/","title":{"rendered":"Freeze-Dried Pineapple Powder"},"content":{"rendered":"<p>S\u1ea3n ph\u1ea9m n\u00e0y \u0111\u01b0\u1ee3c l\u00e0m t\u1eeb 100% d\u1ee9a t\u1ef1 nhi\u00ean \u0111\u01b0\u1ee3c ch\u1ebf bi\u1ebfn b\u1eb1ng c\u00f4ng ngh\u1ec7 s\u1ea5y th\u0103ng hoa ti\u00ean ti\u1ebfn, gi\u00fap b\u1ea3o to\u00e0n \u0111\u01b0\u1ee3c ch\u1ea5t dinh d\u01b0\u1ee1ng, h\u01b0\u01a1ng v\u1ecb v\u00e0 m\u00e0u s\u1eafc t\u1ef1 nhi\u00ean c\u1ee7a d\u1ee9a t\u01b0\u01a1i. <strong><a href=\"https:\/\/bamboovipfood.com\/en\/product\/pure-freeze-dried-pineapple-powder\/\">B\u1ed9t d\u1ee9a s\u1ea5y th\u0103ng hoa<\/a><\/strong> l\u00e0 m\u1ed9t s\u1ea3n ph\u1ea9m \u0111a n\u0103ng v\u00e0 ti\u1ec7n l\u1ee3i, c\u00f3 th\u1ec3 s\u1eed d\u1ee5ng cho nhi\u1ec1u m\u1ee5c \u0111\u00edch kh\u00e1c nhau nh\u01b0 sinh t\u1ed1, \u0111\u1ed3 u\u1ed1ng, l\u00e0m b\u00e1nh, tr\u00e1ng mi\u1ec7ng, \u0111\u1ed3 \u0103n nh\u1eb9 l\u00e0nh m\u1ea1nh, l\u00e0m nguy\u00ean li\u1ec7u trong c\u00e1c m\u00f3n \u0103n c\u1ea7n \u0111\u1ebfn v\u1ecb chua thanh nh\u01b0 kho c\u00e1, n\u1ea5u canh chua, n\u1ea5u l\u1ea9u&#8230;. N\u00f3 c\u0169ng c\u00f3 nhu c\u1ea7u cao tr\u00ean th\u1ecb tr\u01b0\u1eddng to\u00e0n c\u1ea7u khi ng\u00e0y c\u00e0ng c\u00f3 nhi\u1ec1u ng\u01b0\u1eddi ti\u00eau d\u00f9ng t\u00ecm ki\u1ebfm, l\u1ef1a ch\u1ecdn th\u1ef1c ph\u1ea9m l\u00e0nh m\u1ea1nh c\u00f3 ngu\u1ed3n g\u1ed1c t\u1ef1 nhi\u00ean, h\u1eefu c\u01a1, kh\u00f4ng ch\u1ee9a gluten, thu\u1ea7n chay, kh\u00f4ng bi\u1ebfn \u0111\u1ed5i ch\u1ea5t v\u00e0 kh\u00f4ng c\u00f3 ch\u1ea5t ph\u1ee5 gia c\u0169ng nh\u01b0 ch\u1ea5t b\u1ea3o qu\u1ea3n.<\/p>\n<table>\n<tbody>\n<tr>\n<td>Ph\u01b0\u01a1ng ph\u00e1p s\u1ea5y<\/td>\n<td><strong>S\u1ea5y Th\u0103ng hoa<\/strong><\/td>\n<\/tr>\n<tr>\n<td>Ngu\u1ed3n g\u1ed1c<\/td>\n<td><span style=\"font-weight: 400;\">T\u1eeb nh\u1eefng qu\u1ea3 d\u1ee9a \u0111\u1ea1t ch\u1ea5t l\u01b0\u1ee3ng, \u0111\u01b0\u1ee3c x\u1eed l\u00fd s\u1ea5y th\u0103ng hoa v\u00e0 nghi\u1ec1n m\u1ecbn<\/span><\/td>\n<\/tr>\n<tr>\n<td>Feature<\/td>\n<td><span style=\"font-weight: 400;\">B\u1ed9t c\u00f3 m\u00e0u v\u00e0ng nh\u1ea1t, m\u00f9i th\u01a1m \u0111\u1eb7c tr\u01b0ng, v\u1ecb h\u01a1i chua, b\u1ed9t m\u1ecbn, \u0111\u1ed9 \u1ea9m &lt;5%, 100% t\u1ef1 nhi\u00ean, kh\u00f4ng c\u00f3 b\u1ea5t k\u00ec ch\u1ea5t b\u1ea3o qu\u1ea3n n\u00e0o<\/span><\/td>\n<\/tr>\n<tr>\n<td>H\u00e0m l\u01b0\u1ee3ng dinh d\u01b0\u1ee1ng<\/td>\n<td>H\u00e0m l\u01b0\u1ee3ng dinh d\u01b0\u1ee1ng: cao, ch\u1ee9a h\u00e0m l\u01b0\u1ee3ng ch\u1ea5t x\u01a1 v\u00e0 <span style=\"font-weight: 400;\">vitamin C<\/span><\/td>\n<\/tr>\n<tr>\n<td>C\u00f4ng d\u1ee5ng<\/td>\n<td>D\u00f9ng l\u00e0m nguy\u00ean li\u1ec7u trong ch\u1ebf bi\u1ebfn th\u1ef1c ph\u1ea9m v\u00e0 \u0111\u1ed3 u\u1ed1ng, gi\u00fap gi\u1ea3m c\u00e2n, t\u0103ng c\u01b0\u1eddng th\u1ecb l\u1ef1c, l\u00e0m m\u1ef9 ph\u1ea9m t\u1ea9y t\u1ebf b\u00e0o ch\u1ebft v\u00e0 d\u1ea7u g\u1ed9i tr\u1ecb g\u00e0u.<\/td>\n<\/tr>\n<\/tbody>\n<\/table>","protected":false},"excerpt":{"rendered":"<p>S\u1ea3n ph\u1ea9m n\u00e0y \u0111\u01b0\u1ee3c l\u00e0m t\u1eeb 100% d\u1ee9a t\u1ef1 nhi\u00ean \u0111\u01b0\u1ee3c ch\u1ebf bi\u1ebfn b\u1eb1ng c\u00f4ng ngh\u1ec7 s\u1ea5y th\u0103ng hoa ti\u00ean ti\u1ebfn, gi\u00fap b\u1ea3o to\u00e0n \u0111\u01b0\u1ee3c ch\u1ea5t dinh d\u01b0\u1ee1ng, h\u01b0\u01a1ng v\u1ecb v\u00e0 m\u00e0u s\u1eafc t\u1ef1 nhi\u00ean c\u1ee7a d\u1ee9a t\u01b0\u01a1i. B\u1ed9t d\u1ee9a s\u1ea5y th\u0103ng hoa l\u00e0 m\u1ed9t s\u1ea3n ph\u1ea9m \u0111a n\u0103ng v\u00e0 ti\u1ec7n l\u1ee3i, c\u00f3 th\u1ec3 s\u1eed [&hellip;]<\/p>","protected":false},"featured_media":9641,"comment_status":"open","ping_status":"closed","template":"","meta":[],"product_cat":[238],"product_tag":[244],"class_list":{"0":"post-7936","1":"product","2":"type-product","3":"status-publish","4":"has-post-thumbnail","6":"product_cat-bot-rau-cu-qua","7":"product_tag-thom","9":"first","10":"instock","11":"shipping-taxable","12":"purchasable","13":"product-type-variable","14":"wvs-archive-product-wrapper"},"yoast_head":"<!-- This site is optimized with the Yoast SEO plugin v25.7 - https:\/\/yoast.com\/wordpress\/plugins\/seo\/ -->\n<title>B\u1ed9t d\u1ee9a (th\u01a1m) s\u1ea5y th\u0103ng hoa - Bamboo Freeze Drying<\/title>\n<meta name=\"robots\" content=\"index, follow, max-snippet:-1, max-image-preview:large, max-video-preview:-1\" \/>\n<link rel=\"canonical\" href=\"https:\/\/bamboovipfood.com\/en\/product\/pure-freeze-dried-pineapple-powder\/\" \/>\n<meta property=\"og:locale\" content=\"en_US\" \/>\n<meta property=\"og:type\" content=\"article\" \/>\n<meta property=\"og:title\" content=\"B\u1ed9t d\u1ee9a (th\u01a1m) s\u1ea5y th\u0103ng hoa - Bamboo Freeze Drying\" \/>\n<meta property=\"og:description\" content=\"S\u1ea3n ph\u1ea9m n\u00e0y \u0111\u01b0\u1ee3c l\u00e0m t\u1eeb 100% d\u1ee9a t\u1ef1 nhi\u00ean \u0111\u01b0\u1ee3c ch\u1ebf bi\u1ebfn b\u1eb1ng c\u00f4ng ngh\u1ec7 s\u1ea5y th\u0103ng hoa ti\u00ean ti\u1ebfn, gi\u00fap b\u1ea3o to\u00e0n \u0111\u01b0\u1ee3c ch\u1ea5t dinh d\u01b0\u1ee1ng, h\u01b0\u01a1ng v\u1ecb v\u00e0 m\u00e0u s\u1eafc t\u1ef1 nhi\u00ean c\u1ee7a d\u1ee9a t\u01b0\u01a1i. B\u1ed9t d\u1ee9a s\u1ea5y th\u0103ng hoa l\u00e0 m\u1ed9t s\u1ea3n ph\u1ea9m \u0111a n\u0103ng v\u00e0 ti\u1ec7n l\u1ee3i, c\u00f3 th\u1ec3 s\u1eed [&hellip;]\" \/>\n<meta property=\"og:url\" content=\"https:\/\/bamboovipfood.com\/en\/product\/pure-freeze-dried-pineapple-powder\/\" \/>\n<meta property=\"og:site_name\" content=\"Bamboo Freeze Drying\" \/>\n<meta property=\"article:modified_time\" content=\"2025-04-22T05:00:38+00:00\" \/>\n<meta property=\"og:image\" content=\"https:\/\/bamboovipfood.com\/wp-content\/uploads\/2025\/01\/bot-thom-say-thang-hoa.jpg\" \/>\n\t<meta property=\"og:image:width\" content=\"750\" \/>\n\t<meta property=\"og:image:height\" content=\"750\" \/>\n\t<meta property=\"og:image:type\" content=\"image\/jpeg\" \/>\n<meta name=\"twitter:card\" content=\"summary_large_image\" \/>\n<meta name=\"twitter:label1\" content=\"Est. reading time\" \/>\n\t<meta name=\"twitter:data1\" content=\"2 minutes\" \/>\n<script type=\"application\/ld+json\" class=\"yoast-schema-graph\">{\"@context\":\"https:\/\/schema.org\",\"@graph\":[{\"@type\":\"WebPage\",\"@id\":\"https:\/\/bamboovipfood.com\/san-pham\/bot-dua-say-dong-kho\/\",\"url\":\"https:\/\/bamboovipfood.com\/san-pham\/bot-dua-say-dong-kho\/\",\"name\":\"B\u1ed9t d\u1ee9a (th\u01a1m) s\u1ea5y th\u0103ng hoa - Bamboo Freeze Drying\",\"isPartOf\":{\"@id\":\"https:\/\/bamboovipfood.com\/#website\"},\"primaryImageOfPage\":{\"@id\":\"https:\/\/bamboovipfood.com\/san-pham\/bot-dua-say-dong-kho\/#primaryimage\"},\"image\":{\"@id\":\"https:\/\/bamboovipfood.com\/san-pham\/bot-dua-say-dong-kho\/#primaryimage\"},\"thumbnailUrl\":\"https:\/\/bamboovipfood.com\/wp-content\/uploads\/2025\/01\/bot-thom-say-thang-hoa.jpg\",\"datePublished\":\"2025-04-18T01:57:41+00:00\",\"dateModified\":\"2025-04-22T05:00:38+00:00\",\"breadcrumb\":{\"@id\":\"https:\/\/bamboovipfood.com\/san-pham\/bot-dua-say-dong-kho\/#breadcrumb\"},\"inLanguage\":\"en-US\",\"potentialAction\":[{\"@type\":\"ReadAction\",\"target\":[\"https:\/\/bamboovipfood.com\/san-pham\/bot-dua-say-dong-kho\/\"]}]},{\"@type\":\"ImageObject\",\"inLanguage\":\"en-US\",\"@id\":\"https:\/\/bamboovipfood.com\/san-pham\/bot-dua-say-dong-kho\/#primaryimage\",\"url\":\"https:\/\/bamboovipfood.com\/wp-content\/uploads\/2025\/01\/bot-thom-say-thang-hoa.jpg\",\"contentUrl\":\"https:\/\/bamboovipfood.com\/wp-content\/uploads\/2025\/01\/bot-thom-say-thang-hoa.jpg\",\"width\":750,\"height\":750},{\"@type\":\"BreadcrumbList\",\"@id\":\"https:\/\/bamboovipfood.com\/san-pham\/bot-dua-say-dong-kho\/#breadcrumb\",\"itemListElement\":[{\"@type\":\"ListItem\",\"position\":1,\"name\":\"Trang ch\u1ee7\",\"item\":\"https:\/\/bamboovipfood.com\/\"},{\"@type\":\"ListItem\",\"position\":2,\"name\":\"Shop\",\"item\":\"https:\/\/bamboovipfood.com\/shop\/\"},{\"@type\":\"ListItem\",\"position\":3,\"name\":\"B\u1ed9t d\u1ee9a (th\u01a1m) s\u1ea5y th\u0103ng hoa\"}]},{\"@type\":\"WebSite\",\"@id\":\"https:\/\/bamboovipfood.com\/#website\",\"url\":\"https:\/\/bamboovipfood.com\/\",\"name\":\"Bamboo Freeze Drying\",\"description\":\"Nh\u00e0 cung \u1ee9ng s\u1ea3n ph\u1ea9m s\u1ea5y th\u0103ng hoa h\u00e0ng \u0111\u1ea7u\",\"publisher\":{\"@id\":\"https:\/\/bamboovipfood.com\/#organization\"},\"potentialAction\":[{\"@type\":\"SearchAction\",\"target\":{\"@type\":\"EntryPoint\",\"urlTemplate\":\"https:\/\/bamboovipfood.com\/?s={search_term_string}\"},\"query-input\":{\"@type\":\"PropertyValueSpecification\",\"valueRequired\":true,\"valueName\":\"search_term_string\"}}],\"inLanguage\":\"en-US\"},{\"@type\":\"Organization\",\"@id\":\"https:\/\/bamboovipfood.com\/#organization\",\"name\":\"Bamboo Freeze Drying\",\"url\":\"https:\/\/bamboovipfood.com\/\",\"logo\":{\"@type\":\"ImageObject\",\"inLanguage\":\"en-US\",\"@id\":\"https:\/\/bamboovipfood.com\/#\/schema\/logo\/image\/\",\"url\":\"https:\/\/bamboovipfood.com\/wp-content\/uploads\/2020\/08\/Logo-Bamboo-Freeze-Dry-Dark.png\",\"contentUrl\":\"https:\/\/bamboovipfood.com\/wp-content\/uploads\/2020\/08\/Logo-Bamboo-Freeze-Dry-Dark.png\",\"width\":500,\"height\":189,\"caption\":\"Bamboo Freeze Drying\"},\"image\":{\"@id\":\"https:\/\/bamboovipfood.com\/#\/schema\/logo\/image\/\"}}]}<\/script>\n<!-- \/ Yoast SEO plugin. -->","yoast_head_json":{"title":"B\u1ed9t d\u1ee9a (th\u01a1m) s\u1ea5y th\u0103ng hoa - Bamboo Freeze Drying","robots":{"index":"index","follow":"follow","max-snippet":"max-snippet:-1","max-image-preview":"max-image-preview:large","max-video-preview":"max-video-preview:-1"},"canonical":"https:\/\/bamboovipfood.com\/en\/product\/pure-freeze-dried-pineapple-powder\/","og_locale":"en_US","og_type":"article","og_title":"B\u1ed9t d\u1ee9a (th\u01a1m) s\u1ea5y th\u0103ng hoa - Bamboo Freeze Drying","og_description":"S\u1ea3n ph\u1ea9m n\u00e0y \u0111\u01b0\u1ee3c l\u00e0m t\u1eeb 100% d\u1ee9a t\u1ef1 nhi\u00ean \u0111\u01b0\u1ee3c ch\u1ebf bi\u1ebfn b\u1eb1ng c\u00f4ng ngh\u1ec7 s\u1ea5y th\u0103ng hoa ti\u00ean ti\u1ebfn, gi\u00fap b\u1ea3o to\u00e0n \u0111\u01b0\u1ee3c ch\u1ea5t dinh d\u01b0\u1ee1ng, h\u01b0\u01a1ng v\u1ecb v\u00e0 m\u00e0u s\u1eafc t\u1ef1 nhi\u00ean c\u1ee7a d\u1ee9a t\u01b0\u01a1i. B\u1ed9t d\u1ee9a s\u1ea5y th\u0103ng hoa l\u00e0 m\u1ed9t s\u1ea3n ph\u1ea9m \u0111a n\u0103ng v\u00e0 ti\u1ec7n l\u1ee3i, c\u00f3 th\u1ec3 s\u1eed [&hellip;]","og_url":"https:\/\/bamboovipfood.com\/en\/product\/pure-freeze-dried-pineapple-powder\/","og_site_name":"Bamboo Freeze Drying","article_modified_time":"2025-04-22T05:00:38+00:00","og_image":[{"width":750,"height":750,"url":"https:\/\/bamboovipfood.com\/wp-content\/uploads\/2025\/01\/bot-thom-say-thang-hoa.jpg","type":"image\/jpeg"}],"twitter_card":"summary_large_image","twitter_misc":{"Est. reading time":"2 minutes"},"schema":{"@context":"https:\/\/schema.org","@graph":[{"@type":"WebPage","@id":"https:\/\/bamboovipfood.com\/san-pham\/bot-dua-say-dong-kho\/","url":"https:\/\/bamboovipfood.com\/san-pham\/bot-dua-say-dong-kho\/","name":"B\u1ed9t d\u1ee9a (th\u01a1m) s\u1ea5y th\u0103ng hoa - Bamboo Freeze Drying","isPartOf":{"@id":"https:\/\/bamboovipfood.com\/#website"},"primaryImageOfPage":{"@id":"https:\/\/bamboovipfood.com\/san-pham\/bot-dua-say-dong-kho\/#primaryimage"},"image":{"@id":"https:\/\/bamboovipfood.com\/san-pham\/bot-dua-say-dong-kho\/#primaryimage"},"thumbnailUrl":"https:\/\/bamboovipfood.com\/wp-content\/uploads\/2025\/01\/bot-thom-say-thang-hoa.jpg","datePublished":"2025-04-18T01:57:41+00:00","dateModified":"2025-04-22T05:00:38+00:00","breadcrumb":{"@id":"https:\/\/bamboovipfood.com\/san-pham\/bot-dua-say-dong-kho\/#breadcrumb"},"inLanguage":"en-US","potentialAction":[{"@type":"ReadAction","target":["https:\/\/bamboovipfood.com\/san-pham\/bot-dua-say-dong-kho\/"]}]},{"@type":"ImageObject","inLanguage":"en-US","@id":"https:\/\/bamboovipfood.com\/san-pham\/bot-dua-say-dong-kho\/#primaryimage","url":"https:\/\/bamboovipfood.com\/wp-content\/uploads\/2025\/01\/bot-thom-say-thang-hoa.jpg","contentUrl":"https:\/\/bamboovipfood.com\/wp-content\/uploads\/2025\/01\/bot-thom-say-thang-hoa.jpg","width":750,"height":750},{"@type":"BreadcrumbList","@id":"https:\/\/bamboovipfood.com\/san-pham\/bot-dua-say-dong-kho\/#breadcrumb","itemListElement":[{"@type":"ListItem","position":1,"name":"Trang ch\u1ee7","item":"https:\/\/bamboovipfood.com\/"},{"@type":"ListItem","position":2,"name":"Shop","item":"https:\/\/bamboovipfood.com\/shop\/"},{"@type":"ListItem","position":3,"name":"B\u1ed9t d\u1ee9a (th\u01a1m) s\u1ea5y th\u0103ng hoa"}]},{"@type":"WebSite","@id":"https:\/\/bamboovipfood.com\/#website","url":"https:\/\/bamboovipfood.com\/","name":"Bamboo Freeze Drying","description":"Nh\u00e0 cung \u1ee9ng s\u1ea3n ph\u1ea9m s\u1ea5y th\u0103ng hoa h\u00e0ng \u0111\u1ea7u","publisher":{"@id":"https:\/\/bamboovipfood.com\/#organization"},"potentialAction":[{"@type":"SearchAction","target":{"@type":"EntryPoint","urlTemplate":"https:\/\/bamboovipfood.com\/?s={search_term_string}"},"query-input":{"@type":"PropertyValueSpecification","valueRequired":true,"valueName":"search_term_string"}}],"inLanguage":"en-US"},{"@type":"Organization","@id":"https:\/\/bamboovipfood.com\/#organization","name":"Bamboo Freeze Drying","url":"https:\/\/bamboovipfood.com\/","logo":{"@type":"ImageObject","inLanguage":"en-US","@id":"https:\/\/bamboovipfood.com\/#\/schema\/logo\/image\/","url":"https:\/\/bamboovipfood.com\/wp-content\/uploads\/2020\/08\/Logo-Bamboo-Freeze-Dry-Dark.png","contentUrl":"https:\/\/bamboovipfood.com\/wp-content\/uploads\/2020\/08\/Logo-Bamboo-Freeze-Dry-Dark.png","width":500,"height":189,"caption":"Bamboo Freeze Drying"},"image":{"@id":"https:\/\/bamboovipfood.com\/#\/schema\/logo\/image\/"}}]}},"_links":{"self":[{"href":"https:\/\/bamboovipfood.com\/en\/wp-json\/wp\/v2\/product\/7936","targetHints":{"allow":["GET"]}}],"collection":[{"href":"https:\/\/bamboovipfood.com\/en\/wp-json\/wp\/v2\/product"}],"about":[{"href":"https:\/\/bamboovipfood.com\/en\/wp-json\/wp\/v2\/types\/product"}],"replies":[{"embeddable":true,"href":"https:\/\/bamboovipfood.com\/en\/wp-json\/wp\/v2\/comments?post=7936"}],"wp:featuredmedia":[{"embeddable":true,"href":"https:\/\/bamboovipfood.com\/en\/wp-json\/wp\/v2\/media\/9641"}],"wp:attachment":[{"href":"https:\/\/bamboovipfood.com\/en\/wp-json\/wp\/v2\/media?parent=7936"}],"wp:term":[{"taxonomy":"product_cat","embeddable":true,"href":"https:\/\/bamboovipfood.com\/en\/wp-json\/wp\/v2\/product_cat?post=7936"},{"taxonomy":"product_tag","embeddable":true,"href":"https:\/\/bamboovipfood.com\/en\/wp-json\/wp\/v2\/product_tag?post=7936"}],"curies":[{"name":"wp","href":"https:\/\/api.w.org\/{rel}","templated":true}]}}