{"id":7898,"date":"2024-03-17T02:18:20","date_gmt":"2024-03-17T02:18:20","guid":{"rendered":"https:\/\/bamboovipfood.com\/?post_type=product&#038;p=7898"},"modified":"2025-04-22T04:53:44","modified_gmt":"2025-04-22T04:53:44","slug":"bot-du-du-say-thang-hoa","status":"publish","type":"product","link":"https:\/\/bamboovipfood.com\/en\/product\/pure-freeze-dried-papaya-powder\/","title":{"rendered":"Freeze-Dried Papaya Powder"},"content":{"rendered":"<table>\n<tbody>\n<tr>\n<td>Ph\u01b0\u01a1ng ph\u00e1p s\u1ea5y<\/td>\n<td><strong>S\u1ea5y Th\u0103ng hoa<\/strong><\/td>\n<\/tr>\n<tr>\n<td>Ngu\u1ed3n g\u1ed1c<\/td>\n<td><span style=\"font-weight: 400;\">T\u1eeb qu\u1ea3 \u0111u \u0111\u1ee7 ch\u00edn Vi\u1ec7t Nam, \u0111\u01b0\u1ee3c s\u1ea5y th\u0103ng hoa th\u00e0nh b\u1ed9t m\u1ecbn<\/span><\/td>\n<\/tr>\n<tr>\n<td>Feature<\/td>\n<td><span style=\"font-weight: 400;\">B\u1ed9t c\u00f3 m\u00e0u v\u00e0ng nh\u1ea1t, m\u00f9i th\u01a1m \u0111\u1eb7c tr\u01b0ng, v\u1ecb ng\u1ecdt, b\u1ed9t m\u1ecbn 80 mesh, \u0111\u1ed9 \u1ea9m &lt;5%<\/span><\/td>\n<\/tr>\n<tr>\n<td>H\u00e0m l\u01b0\u1ee3ng dinh d\u01b0\u1ee1ng<\/td>\n<td><span style=\"font-weight: 400;\">H\u00e0m l\u01b0\u1ee3ng dinh d\u01b0\u1ee1ng: cao, c\u00f3 nhi\u1ec1u beta caroten, axit h\u1eefu c\u01a1, vitamin, B, C, ch\u1ea5t b\u00e9o, xenlul\u00f4z\u01a1, canxi, photpho, magi\u00ea, s\u1eaft, <\/span><span style=\"font-weight: 400;\">thiamin, riboflavin&#8230; r\u1ea5t t\u1ed1t cho l\u00e0n da v\u00e0 cho s\u1ee9c kh\u1ecfe<\/span><\/td>\n<\/tr>\n<tr>\n<td>C\u00f4ng d\u1ee5ng<\/td>\n<td><span style=\"font-weight: 400;\">\u0110\u01b0\u1ee3c d\u00f9ng tr\u1ef1c ti\u1ebfp gi\u00fap gi\u1ea3m c\u00e2n, ng\u1eeba hen suy\u1ec5n, ti\u1ec3u \u0111\u01b0\u1eddng, t\u1ed1t cho x\u01b0\u01a1ng, \u0111\u01b0\u1ee3c s\u1eed d\u1ee5ng l\u00e0m nguy\u00ean li\u1ec7u s\u1ea3n xu\u1ea5t th\u1ef1c ph\u1ea9m, m\u1ef9 ph\u1ea9m ch\u0103m s\u00f3c da<\/span><\/td>\n<\/tr>\n<\/tbody>\n<\/table>\n<pre><strong>B\u1ed9t \u0110u \u0110\u1ee7 S\u1ea5y Th\u0103ng Hoa: B\u00ed quy\u1ebft ti\u00eau h\u00f3a kh\u1ecfe m\u1ea1nh, l\u00e0n da t\u01b0\u01a1i tr\u1ebb<\/strong><\/pre>\n<p>\u0110u \u0111\u1ee7 t\u1eeb l\u00e2u \u0111\u00e3 \u0111\u01b0\u1ee3c bi\u1ebft l\u00e0 lo\u1ea1i tr\u00e1i c\u00e2y r\u1ea5t nhanh h\u1ecfng. \u0110\u1ec3 kh\u1eafc ph\u1ee5c nh\u01b0\u1ee3c \u0111i\u1ec3m \u0111\u00f3 v\u00e0 gia t\u0103ng s\u1ef1 ti\u1ec7n l\u1ee3i c\u1ee7a \u0111u \u0111\u1ee7 ch\u00fang t\u00f4i \u0111\u00e3 nghi\u00ean c\u1ee9u v\u00e0 ch\u1ebf bi\u1ebfn <strong>b\u1ed9t \u0111u \u0111\u1ee7 s\u1ea5y th\u0103ng hoa<\/strong>. \u0110u \u0111\u1ee7 sau khi \u0111\u00e3 \u0111\u1ea1t \u0111\u1ed9 ch\u00edn ho\u00e0n h\u1ea3o s\u1ebd \u0111\u01b0\u1ee3c tuy\u1ec3n ch\u1ecdn l\u1ea1i v\u00e0 s\u01a1 ch\u1ebf s\u1ea1ch s\u1ebd. Sau \u0111\u00f3 s\u1ebd th\u00f4ng qua qu\u00e1 tr\u00ecnh s\u1ea5y th\u0103ng hoa v\u00e0 \u0111\u01b0\u1ee3c xay m\u1ecbn th\u00e0nh b\u1ed9t. \u0110u \u0111\u1ee7 cung c\u1ea5p r\u1ea5t nhi\u1ec1u ch\u1ea5t vitamin v\u00e0 ch\u1ea5t kho\u00e1ng c\u00f3 l\u1ee3i cho s\u1ee9c kh\u1ecfe v\u00e0 l\u00e0n da. Vi\u1ec7c b\u1ed5 sung \u0111u \u0111\u1ee7 v\u00e0o th\u1ef1c \u0111\u01a1n h\u1eb1ng ng\u00e0y c\u00f3 th\u1ec3 gi\u00fap b\u1ea1n t\u0103ng c\u01b0\u1eddng s\u1ee9c kh\u1ecfe v\u00e0 ng\u0103n ng\u1eeba b\u1ec7nh t\u1eadt.<\/p>\n<h2>Nutrition Facts<\/h2>\n<p>B\u1ed9t \u0111u \u0111\u1ee7 s\u1ea5y th\u0103ng hoa ch\u1ee9a h\u00e0m l\u01b0\u1ee3ng cao c\u00e1c ch\u1ea5t dinh d\u01b0\u1ee1ng quan tr\u1ecdng nh\u01b0:<\/p>\n<ul>\n<li>Enzyme papain: \u0110\u00e2y l\u00e0 enzyme ti\u00eau h\u00f3a protein, gi\u00fap h\u1ed7 tr\u1ee3 qu\u00e1 tr\u00ecnh ti\u00eau h\u00f3a, gi\u1ea3m \u0111\u1ea7y h\u01a1i, kh\u00f3 ti\u00eau.<\/li>\n<li>Vitamin: \u0110\u1eb7c bi\u1ec7t gi\u00e0u vitamin A v\u00e0 C, gi\u00fap t\u0103ng c\u01b0\u1eddng h\u1ec7 mi\u1ec5n d\u1ecbch, b\u1ea3o v\u1ec7 m\u1eaft v\u00e0 l\u00e0n da.<\/li>\n<li>Kho\u00e1ng ch\u1ea5t: Cung c\u1ea5p kali, magie, h\u1ed7 tr\u1ee3 ch\u1ee9c n\u0103ng tim m\u1ea1ch v\u00e0 h\u1ec7 th\u1ea7n kinh.<\/li>\n<li>Ch\u1ea5t x\u01a1: Gi\u00fap c\u1ea3i thi\u1ec7n h\u1ec7 ti\u00eau h\u00f3a, t\u0103ng c\u1ea3m gi\u00e1c no v\u00e0 ki\u1ec3m so\u00e1t c\u00e2n n\u1eb7ng.<\/li>\n<li>Ch\u1ea5t ch\u1ed1ng oxy h\u00f3a: Gi\u00fap b\u1ea3o v\u1ec7 t\u1ebf b\u00e0o kh\u1ecfi t\u00e1c h\u1ea1i c\u1ee7a g\u1ed1c t\u1ef1 do, ng\u0103n ng\u1eeba l\u00e3o h\u00f3a v\u00e0 c\u00e1c b\u1ec7nh m\u00e3n t\u00ednh.<\/li>\n<\/ul>\n<h2>Health Benefits<\/h2>\n<ul>\n<li>H\u1ed7 tr\u1ee3 ti\u00eau h\u00f3a: Enzyme papain trong \u0111u \u0111\u1ee7 gi\u00fap ph\u00e2n gi\u1ea3i protein, c\u1ea3i thi\u1ec7n qu\u00e1 tr\u00ecnh ti\u00eau h\u00f3a, gi\u1ea3m t\u00ecnh tr\u1ea1ng \u0111\u1ea7y h\u01a1i, kh\u00f3 ti\u00eau.<\/li>\n<li>T\u0103ng c\u01b0\u1eddng h\u1ec7 mi\u1ec5n d\u1ecbch: Vitamin C trong \u0111u \u0111\u1ee7 gi\u00fap t\u0103ng c\u01b0\u1eddng h\u1ec7 mi\u1ec5n d\u1ecbch, b\u1ea3o v\u1ec7 c\u01a1 th\u1ec3 kh\u1ecfi b\u1ec7nh t\u1eadt.<\/li>\n<li>Ch\u1ed1ng vi\u00eam: \u0110u \u0111\u1ee7 c\u00f3 t\u00e1c d\u1ee5ng ch\u1ed1ng vi\u00eam, gi\u1ea3m c\u00e1c tri\u1ec7u ch\u1ee9ng vi\u00eam kh\u1edbp v\u00e0 c\u00e1c b\u1ec7nh vi\u00eam nhi\u1ec5m kh\u00e1c.<\/li>\n<li>L\u00e0m \u0111\u1eb9p da: Vitamin A v\u00e0 c\u00e1c ch\u1ea5t ch\u1ed1ng oxy h\u00f3a trong \u0111u \u0111\u1ee7 gi\u00fap l\u00e0m \u0111\u1eb9p da, ng\u0103n ng\u1eeba l\u00e3o h\u00f3a v\u00e0 l\u00e0m m\u1edd v\u1ebft th\u00e2m.<\/li>\n<li>H\u1ed7 tr\u1ee3 gi\u1ea3m c\u00e2n: Ch\u1ea5t x\u01a1 trong \u0111u \u0111\u1ee7 gi\u00fap t\u0103ng c\u1ea3m gi\u00e1c no, ki\u1ec3m so\u00e1t c\u1ea3m gi\u00e1c th\u00e8m \u0103n, h\u1ed7 tr\u1ee3 qu\u00e1 tr\u00ecnh gi\u1ea3m c\u00e2n.<\/li>\n<\/ul>","protected":false},"excerpt":{"rendered":"<p>Ph\u01b0\u01a1ng ph\u00e1p s\u1ea5y S\u1ea5y Th\u0103ng hoa Ngu\u1ed3n g\u1ed1c T\u1eeb qu\u1ea3 \u0111u \u0111\u1ee7 ch\u00edn Vi\u1ec7t Nam, \u0111\u01b0\u1ee3c s\u1ea5y th\u0103ng hoa th\u00e0nh b\u1ed9t m\u1ecbn \u0110\u1eb7c \u0111i\u1ec3m B\u1ed9t c\u00f3 m\u00e0u v\u00e0ng nh\u1ea1t, m\u00f9i th\u01a1m \u0111\u1eb7c tr\u01b0ng, v\u1ecb ng\u1ecdt, b\u1ed9t m\u1ecbn 80 mesh, \u0111\u1ed9 \u1ea9m &lt;5% H\u00e0m l\u01b0\u1ee3ng dinh d\u01b0\u1ee1ng H\u00e0m l\u01b0\u1ee3ng dinh d\u01b0\u1ee1ng: cao, c\u00f3 nhi\u1ec1u beta caroten, [&hellip;]<\/p>","protected":false},"featured_media":7899,"comment_status":"open","ping_status":"closed","template":"","meta":[],"product_cat":[238],"product_tag":[250],"class_list":{"0":"post-7898","1":"product","2":"type-product","3":"status-publish","4":"has-post-thumbnail","6":"product_cat-bot-rau-cu-qua","7":"product_tag-du-du","9":"first","10":"instock","11":"shipping-taxable","12":"product-type-simple"},"yoast_head":"<!-- This site is optimized with the Yoast SEO plugin v25.7 - https:\/\/yoast.com\/wordpress\/plugins\/seo\/ -->\n<title>B\u1ed9t \u0111u \u0111\u1ee7 s\u1ea5y th\u0103ng hoa - Bamboo Freeze Drying<\/title>\n<meta name=\"robots\" content=\"index, follow, max-snippet:-1, max-image-preview:large, max-video-preview:-1\" \/>\n<link rel=\"canonical\" href=\"https:\/\/bamboovipfood.com\/en\/product\/pure-freeze-dried-papaya-powder\/\" \/>\n<meta property=\"og:locale\" content=\"en_US\" \/>\n<meta property=\"og:type\" content=\"article\" \/>\n<meta property=\"og:title\" content=\"B\u1ed9t \u0111u \u0111\u1ee7 s\u1ea5y th\u0103ng hoa - Bamboo Freeze Drying\" \/>\n<meta property=\"og:description\" content=\"Ph\u01b0\u01a1ng ph\u00e1p s\u1ea5y S\u1ea5y Th\u0103ng hoa Ngu\u1ed3n g\u1ed1c T\u1eeb qu\u1ea3 \u0111u \u0111\u1ee7 ch\u00edn Vi\u1ec7t Nam, \u0111\u01b0\u1ee3c s\u1ea5y th\u0103ng hoa th\u00e0nh b\u1ed9t m\u1ecbn \u0110\u1eb7c \u0111i\u1ec3m B\u1ed9t c\u00f3 m\u00e0u v\u00e0ng nh\u1ea1t, m\u00f9i th\u01a1m \u0111\u1eb7c tr\u01b0ng, v\u1ecb ng\u1ecdt, b\u1ed9t m\u1ecbn 80 mesh, \u0111\u1ed9 \u1ea9m &lt;5% H\u00e0m l\u01b0\u1ee3ng dinh d\u01b0\u1ee1ng H\u00e0m l\u01b0\u1ee3ng dinh d\u01b0\u1ee1ng: cao, c\u00f3 nhi\u1ec1u beta caroten, [&hellip;]\" \/>\n<meta property=\"og:url\" content=\"https:\/\/bamboovipfood.com\/en\/product\/pure-freeze-dried-papaya-powder\/\" \/>\n<meta property=\"og:site_name\" content=\"Bamboo Freeze Drying\" \/>\n<meta property=\"article:modified_time\" content=\"2025-04-22T04:53:44+00:00\" \/>\n<meta property=\"og:image\" content=\"https:\/\/bamboovipfood.com\/wp-content\/uploads\/2024\/03\/bot-du-du-say-thang-hoa.jpg\" \/>\n\t<meta property=\"og:image:width\" content=\"750\" \/>\n\t<meta property=\"og:image:height\" content=\"750\" \/>\n\t<meta property=\"og:image:type\" content=\"image\/jpeg\" \/>\n<meta name=\"twitter:card\" content=\"summary_large_image\" \/>\n<meta name=\"twitter:label1\" content=\"Est. reading time\" \/>\n\t<meta name=\"twitter:data1\" content=\"3 minutes\" \/>\n<script type=\"application\/ld+json\" class=\"yoast-schema-graph\">{\"@context\":\"https:\/\/schema.org\",\"@graph\":[{\"@type\":\"WebPage\",\"@id\":\"https:\/\/bamboovipfood.com\/san-pham\/bot-du-du-say-thang-hoa\/\",\"url\":\"https:\/\/bamboovipfood.com\/san-pham\/bot-du-du-say-thang-hoa\/\",\"name\":\"B\u1ed9t \u0111u \u0111\u1ee7 s\u1ea5y th\u0103ng hoa - Bamboo Freeze Drying\",\"isPartOf\":{\"@id\":\"https:\/\/bamboovipfood.com\/#website\"},\"primaryImageOfPage\":{\"@id\":\"https:\/\/bamboovipfood.com\/san-pham\/bot-du-du-say-thang-hoa\/#primaryimage\"},\"image\":{\"@id\":\"https:\/\/bamboovipfood.com\/san-pham\/bot-du-du-say-thang-hoa\/#primaryimage\"},\"thumbnailUrl\":\"https:\/\/bamboovipfood.com\/wp-content\/uploads\/2024\/03\/bot-du-du-say-thang-hoa.jpg\",\"datePublished\":\"2024-03-17T02:18:20+00:00\",\"dateModified\":\"2025-04-22T04:53:44+00:00\",\"breadcrumb\":{\"@id\":\"https:\/\/bamboovipfood.com\/san-pham\/bot-du-du-say-thang-hoa\/#breadcrumb\"},\"inLanguage\":\"en-US\",\"potentialAction\":[{\"@type\":\"ReadAction\",\"target\":[\"https:\/\/bamboovipfood.com\/san-pham\/bot-du-du-say-thang-hoa\/\"]}]},{\"@type\":\"ImageObject\",\"inLanguage\":\"en-US\",\"@id\":\"https:\/\/bamboovipfood.com\/san-pham\/bot-du-du-say-thang-hoa\/#primaryimage\",\"url\":\"https:\/\/bamboovipfood.com\/wp-content\/uploads\/2024\/03\/bot-du-du-say-thang-hoa.jpg\",\"contentUrl\":\"https:\/\/bamboovipfood.com\/wp-content\/uploads\/2024\/03\/bot-du-du-say-thang-hoa.jpg\",\"width\":750,\"height\":750},{\"@type\":\"BreadcrumbList\",\"@id\":\"https:\/\/bamboovipfood.com\/san-pham\/bot-du-du-say-thang-hoa\/#breadcrumb\",\"itemListElement\":[{\"@type\":\"ListItem\",\"position\":1,\"name\":\"Trang ch\u1ee7\",\"item\":\"https:\/\/bamboovipfood.com\/\"},{\"@type\":\"ListItem\",\"position\":2,\"name\":\"Shop\",\"item\":\"https:\/\/bamboovipfood.com\/shop\/\"},{\"@type\":\"ListItem\",\"position\":3,\"name\":\"B\u1ed9t \u0111u \u0111\u1ee7 s\u1ea5y th\u0103ng hoa\"}]},{\"@type\":\"WebSite\",\"@id\":\"https:\/\/bamboovipfood.com\/#website\",\"url\":\"https:\/\/bamboovipfood.com\/\",\"name\":\"Bamboo Freeze Drying\",\"description\":\"Nh\u00e0 cung \u1ee9ng s\u1ea3n ph\u1ea9m s\u1ea5y th\u0103ng hoa h\u00e0ng \u0111\u1ea7u\",\"publisher\":{\"@id\":\"https:\/\/bamboovipfood.com\/#organization\"},\"potentialAction\":[{\"@type\":\"SearchAction\",\"target\":{\"@type\":\"EntryPoint\",\"urlTemplate\":\"https:\/\/bamboovipfood.com\/?s={search_term_string}\"},\"query-input\":{\"@type\":\"PropertyValueSpecification\",\"valueRequired\":true,\"valueName\":\"search_term_string\"}}],\"inLanguage\":\"en-US\"},{\"@type\":\"Organization\",\"@id\":\"https:\/\/bamboovipfood.com\/#organization\",\"name\":\"Bamboo Freeze Drying\",\"url\":\"https:\/\/bamboovipfood.com\/\",\"logo\":{\"@type\":\"ImageObject\",\"inLanguage\":\"en-US\",\"@id\":\"https:\/\/bamboovipfood.com\/#\/schema\/logo\/image\/\",\"url\":\"https:\/\/bamboovipfood.com\/wp-content\/uploads\/2020\/08\/Logo-Bamboo-Freeze-Dry-Dark.png\",\"contentUrl\":\"https:\/\/bamboovipfood.com\/wp-content\/uploads\/2020\/08\/Logo-Bamboo-Freeze-Dry-Dark.png\",\"width\":500,\"height\":189,\"caption\":\"Bamboo Freeze Drying\"},\"image\":{\"@id\":\"https:\/\/bamboovipfood.com\/#\/schema\/logo\/image\/\"}}]}<\/script>\n<!-- \/ Yoast SEO plugin. -->","yoast_head_json":{"title":"B\u1ed9t \u0111u \u0111\u1ee7 s\u1ea5y th\u0103ng hoa - Bamboo Freeze Drying","robots":{"index":"index","follow":"follow","max-snippet":"max-snippet:-1","max-image-preview":"max-image-preview:large","max-video-preview":"max-video-preview:-1"},"canonical":"https:\/\/bamboovipfood.com\/en\/product\/pure-freeze-dried-papaya-powder\/","og_locale":"en_US","og_type":"article","og_title":"B\u1ed9t \u0111u \u0111\u1ee7 s\u1ea5y th\u0103ng hoa - Bamboo Freeze Drying","og_description":"Ph\u01b0\u01a1ng ph\u00e1p s\u1ea5y S\u1ea5y Th\u0103ng hoa Ngu\u1ed3n g\u1ed1c T\u1eeb qu\u1ea3 \u0111u \u0111\u1ee7 ch\u00edn Vi\u1ec7t Nam, \u0111\u01b0\u1ee3c s\u1ea5y th\u0103ng hoa th\u00e0nh b\u1ed9t m\u1ecbn \u0110\u1eb7c \u0111i\u1ec3m B\u1ed9t c\u00f3 m\u00e0u v\u00e0ng nh\u1ea1t, m\u00f9i th\u01a1m \u0111\u1eb7c tr\u01b0ng, v\u1ecb ng\u1ecdt, b\u1ed9t m\u1ecbn 80 mesh, \u0111\u1ed9 \u1ea9m &lt;5% H\u00e0m l\u01b0\u1ee3ng dinh d\u01b0\u1ee1ng H\u00e0m l\u01b0\u1ee3ng dinh d\u01b0\u1ee1ng: cao, c\u00f3 nhi\u1ec1u beta caroten, [&hellip;]","og_url":"https:\/\/bamboovipfood.com\/en\/product\/pure-freeze-dried-papaya-powder\/","og_site_name":"Bamboo Freeze Drying","article_modified_time":"2025-04-22T04:53:44+00:00","og_image":[{"width":750,"height":750,"url":"https:\/\/bamboovipfood.com\/wp-content\/uploads\/2024\/03\/bot-du-du-say-thang-hoa.jpg","type":"image\/jpeg"}],"twitter_card":"summary_large_image","twitter_misc":{"Est. reading time":"3 minutes"},"schema":{"@context":"https:\/\/schema.org","@graph":[{"@type":"WebPage","@id":"https:\/\/bamboovipfood.com\/san-pham\/bot-du-du-say-thang-hoa\/","url":"https:\/\/bamboovipfood.com\/san-pham\/bot-du-du-say-thang-hoa\/","name":"B\u1ed9t \u0111u \u0111\u1ee7 s\u1ea5y th\u0103ng hoa - Bamboo Freeze Drying","isPartOf":{"@id":"https:\/\/bamboovipfood.com\/#website"},"primaryImageOfPage":{"@id":"https:\/\/bamboovipfood.com\/san-pham\/bot-du-du-say-thang-hoa\/#primaryimage"},"image":{"@id":"https:\/\/bamboovipfood.com\/san-pham\/bot-du-du-say-thang-hoa\/#primaryimage"},"thumbnailUrl":"https:\/\/bamboovipfood.com\/wp-content\/uploads\/2024\/03\/bot-du-du-say-thang-hoa.jpg","datePublished":"2024-03-17T02:18:20+00:00","dateModified":"2025-04-22T04:53:44+00:00","breadcrumb":{"@id":"https:\/\/bamboovipfood.com\/san-pham\/bot-du-du-say-thang-hoa\/#breadcrumb"},"inLanguage":"en-US","potentialAction":[{"@type":"ReadAction","target":["https:\/\/bamboovipfood.com\/san-pham\/bot-du-du-say-thang-hoa\/"]}]},{"@type":"ImageObject","inLanguage":"en-US","@id":"https:\/\/bamboovipfood.com\/san-pham\/bot-du-du-say-thang-hoa\/#primaryimage","url":"https:\/\/bamboovipfood.com\/wp-content\/uploads\/2024\/03\/bot-du-du-say-thang-hoa.jpg","contentUrl":"https:\/\/bamboovipfood.com\/wp-content\/uploads\/2024\/03\/bot-du-du-say-thang-hoa.jpg","width":750,"height":750},{"@type":"BreadcrumbList","@id":"https:\/\/bamboovipfood.com\/san-pham\/bot-du-du-say-thang-hoa\/#breadcrumb","itemListElement":[{"@type":"ListItem","position":1,"name":"Trang ch\u1ee7","item":"https:\/\/bamboovipfood.com\/"},{"@type":"ListItem","position":2,"name":"Shop","item":"https:\/\/bamboovipfood.com\/shop\/"},{"@type":"ListItem","position":3,"name":"B\u1ed9t \u0111u \u0111\u1ee7 s\u1ea5y th\u0103ng hoa"}]},{"@type":"WebSite","@id":"https:\/\/bamboovipfood.com\/#website","url":"https:\/\/bamboovipfood.com\/","name":"Bamboo Freeze Drying","description":"Nh\u00e0 cung \u1ee9ng s\u1ea3n ph\u1ea9m s\u1ea5y th\u0103ng hoa h\u00e0ng \u0111\u1ea7u","publisher":{"@id":"https:\/\/bamboovipfood.com\/#organization"},"potentialAction":[{"@type":"SearchAction","target":{"@type":"EntryPoint","urlTemplate":"https:\/\/bamboovipfood.com\/?s={search_term_string}"},"query-input":{"@type":"PropertyValueSpecification","valueRequired":true,"valueName":"search_term_string"}}],"inLanguage":"en-US"},{"@type":"Organization","@id":"https:\/\/bamboovipfood.com\/#organization","name":"Bamboo Freeze Drying","url":"https:\/\/bamboovipfood.com\/","logo":{"@type":"ImageObject","inLanguage":"en-US","@id":"https:\/\/bamboovipfood.com\/#\/schema\/logo\/image\/","url":"https:\/\/bamboovipfood.com\/wp-content\/uploads\/2020\/08\/Logo-Bamboo-Freeze-Dry-Dark.png","contentUrl":"https:\/\/bamboovipfood.com\/wp-content\/uploads\/2020\/08\/Logo-Bamboo-Freeze-Dry-Dark.png","width":500,"height":189,"caption":"Bamboo Freeze Drying"},"image":{"@id":"https:\/\/bamboovipfood.com\/#\/schema\/logo\/image\/"}}]}},"_links":{"self":[{"href":"https:\/\/bamboovipfood.com\/en\/wp-json\/wp\/v2\/product\/7898","targetHints":{"allow":["GET"]}}],"collection":[{"href":"https:\/\/bamboovipfood.com\/en\/wp-json\/wp\/v2\/product"}],"about":[{"href":"https:\/\/bamboovipfood.com\/en\/wp-json\/wp\/v2\/types\/product"}],"replies":[{"embeddable":true,"href":"https:\/\/bamboovipfood.com\/en\/wp-json\/wp\/v2\/comments?post=7898"}],"wp:featuredmedia":[{"embeddable":true,"href":"https:\/\/bamboovipfood.com\/en\/wp-json\/wp\/v2\/media\/7899"}],"wp:attachment":[{"href":"https:\/\/bamboovipfood.com\/en\/wp-json\/wp\/v2\/media?parent=7898"}],"wp:term":[{"taxonomy":"product_cat","embeddable":true,"href":"https:\/\/bamboovipfood.com\/en\/wp-json\/wp\/v2\/product_cat?post=7898"},{"taxonomy":"product_tag","embeddable":true,"href":"https:\/\/bamboovipfood.com\/en\/wp-json\/wp\/v2\/product_tag?post=7898"}],"curies":[{"name":"wp","href":"https:\/\/api.w.org\/{rel}","templated":true}]}}