{"id":7880,"date":"2025-01-23T08:14:18","date_gmt":"2025-01-23T08:14:18","guid":{"rendered":"https:\/\/bamboovipfood.com\/?post_type=product&#038;p=7880"},"modified":"2025-04-11T03:40:23","modified_gmt":"2025-04-11T03:40:23","slug":"bot-dau-tay-dong-kho","status":"publish","type":"product","link":"https:\/\/bamboovipfood.com\/en\/product\/pure-freeze-dried-strawberry-powder\/","title":{"rendered":"Freeze-Dried Strawberry Powder"},"content":{"rendered":"<p>B\u1ed9t d\u00e2u t\u00e2y s\u1ea5y th\u0103ng hoa l\u00e0 m\u1ed9t c\u00e1ch t\u1ef1 nhi\u00ean v\u00e0 th\u00f4ng minh \u0111\u1ec3 \u0111\u01b0a th\u00eam tr\u00e1i c\u00e2y v\u00e0o ch\u1ebf \u0111\u1ed9 \u0103n u\u1ed1ng, \u0111\u1ed3ng th\u1eddi l\u00e0 m\u1ed9t ch\u1ea5t t\u1ea1o m\u00e0u v\u00e0 h\u01b0\u01a1ng v\u1ecb t\u1ef1 nhi\u00ean, an to\u00e0n. B\u1ed9t kh\u00f4ng ch\u1ee9a th\u00e0nh ph\u1ea7n nh\u00e2n t\u1ea1o, h\u01b0\u01a1ng li\u1ec7u ho\u1eb7c ch\u1ea5t t\u1ea1o m\u00e0u, ch\u1ec9 100% d\u00e2u t\u00e2y nguy\u00ean ch\u1ea5t, c\u00f3 m\u00e0u \u0111\u1ecf t\u01b0\u01a1i t\u1ef1 nhi\u00ean v\u1edbi h\u01b0\u01a1ng v\u1ecb d\u00e2u ng\u1ecdt ng\u00e0o \u0111\u1eb7c tr\u01b0ng.<\/p>\n<table>\n<tbody>\n<tr>\n<td>Ph\u01b0\u01a1ng ph\u00e1p s\u1ea5y<\/td>\n<td><strong>S\u1ea5y Th\u0103ng hoa<\/strong><\/td>\n<\/tr>\n<tr>\n<td>Ngu\u1ed3n g\u1ed1c<\/td>\n<td><span style=\"font-weight: 400;\">\u00a0T\u1eeb nh\u1eefng qu\u1ea3 d\u00e2u t\u00e2y \u0111\u1ea1t ch\u1ea5t l\u01b0\u1ee3ng, s\u1ea5y th\u0103ng hoa v\u00e0 nghi\u1ec1n m\u1ecbn<\/span><\/td>\n<\/tr>\n<tr>\n<td>Feature<\/td>\n<td><span style=\"font-weight: 400;\">B\u1ed9t c\u00f3 m\u00e0u \u0111\u1ecf h\u1ed3ng, m\u00f9i th\u01a1m n\u1ed3ng v\u00e0 v\u1ecb ng\u1ecdt, b\u1ed9t m\u1ecbn l\u1ecdt r\u00e2y 80 mesh, \u0111\u1ed9 \u1ea9m &lt;5%<\/span><\/td>\n<\/tr>\n<tr>\n<td>H\u00e0m l\u01b0\u1ee3ng dinh d\u01b0\u1ee1ng<\/td>\n<td>H\u00e0m l\u01b0\u1ee3ng dinh d\u01b0\u1ee1ng: cao, ch\u1ee9a nhi\u1ec1u vitamin v\u00e0 kho\u1ea3ng ch\u1ea5t nh\u01b0 B2, B5, B6, K, C, magie, gi\u00e0u acid salicylic, v\u00e0 c\u00e1c ch\u1ea5t ch\u1ed1ng oxy ho\u00e1.<\/td>\n<\/tr>\n<tr>\n<td>C\u00f4ng d\u1ee5ng<\/td>\n<td><span style=\"font-weight: 400;\">D\u00f9ng tr\u1ef1c ti\u1ebfp thay cho d\u00e2u t\u00e2y t\u01b0\u01a1i, \u0111\u1ec3 pha ch\u1ebf \u0111\u1ed3 u\u1ed1ng, l\u00e0m b\u00e1nh k\u1eb9o, l\u00e0m kem ho\u1eb7c trang tr\u00ed m\u00f3n \u0103n. D\u00f9ng l\u00e0m m\u1eb7t n\u1ea1 d\u01b0\u1ee1ng da gi\u00fap tr\u1ecb m\u1ee5n, s\u00e1ng da.<\/span><\/td>\n<\/tr>\n<\/tbody>\n<\/table>\n<p>&nbsp;<\/p>","protected":false},"excerpt":{"rendered":"<p><span style=\"color: #ff6600;\"><strong>Freeze Dried Strawberries Powder<\/strong><\/span><\/p>\n<ul>\n<li>B\u1ed9t d\u00e2u nguy\u00ean ch\u1ea5t.<\/li>\n<li>\u0110\u01b0\u1ee3c l\u00e0m t\u1eeb 100% d\u00e2u t\u00e2y.<\/li>\n<li>Th\u00edch h\u1ee3p \u0111\u1ec3 r\u1eafc v\u00e0o th\u1ee9c \u0103n kh\u00f4 ho\u1eb7c \u0111\u1ec3 b\u00f9 n\u01b0\u1edbc.<\/li>\n<\/ul>","protected":false},"featured_media":7881,"comment_status":"open","ping_status":"closed","template":"","meta":[],"product_cat":[238],"product_tag":[242],"class_list":{"0":"post-7880","1":"product","2":"type-product","3":"status-publish","4":"has-post-thumbnail","6":"product_cat-bot-rau-cu-qua","7":"product_tag-dau","9":"first","10":"instock","11":"shipping-taxable","12":"purchasable","13":"product-type-variable","14":"wvs-archive-product-wrapper"},"yoast_head":"<!-- This site is optimized with the Yoast SEO plugin v25.7 - https:\/\/yoast.com\/wordpress\/plugins\/seo\/ -->\n<title>B\u1ed9t d\u00e2u t\u00e2y s\u1ea5y th\u0103ng hoa - Bamboo Freeze Drying<\/title>\n<meta name=\"robots\" content=\"index, follow, max-snippet:-1, max-image-preview:large, max-video-preview:-1\" \/>\n<link rel=\"canonical\" href=\"https:\/\/bamboovipfood.com\/en\/product\/pure-freeze-dried-strawberry-powder\/\" \/>\n<meta property=\"og:locale\" content=\"en_US\" \/>\n<meta property=\"og:type\" content=\"article\" \/>\n<meta property=\"og:title\" content=\"B\u1ed9t d\u00e2u t\u00e2y s\u1ea5y th\u0103ng hoa - Bamboo Freeze Drying\" \/>\n<meta property=\"og:description\" content=\"Freeze Dried Strawberries Powder   B\u1ed9t d\u00e2u nguy\u00ean ch\u1ea5t.  \u0110\u01b0\u1ee3c l\u00e0m t\u1eeb 100% d\u00e2u t\u00e2y.  Th\u00edch h\u1ee3p \u0111\u1ec3 r\u1eafc v\u00e0o th\u1ee9c \u0103n kh\u00f4 ho\u1eb7c \u0111\u1ec3 b\u00f9 n\u01b0\u1edbc.\" \/>\n<meta property=\"og:url\" content=\"https:\/\/bamboovipfood.com\/en\/product\/pure-freeze-dried-strawberry-powder\/\" \/>\n<meta property=\"og:site_name\" content=\"Bamboo Freeze Drying\" \/>\n<meta property=\"article:modified_time\" content=\"2025-04-11T03:40:23+00:00\" \/>\n<meta property=\"og:image\" content=\"https:\/\/bamboovipfood.com\/wp-content\/uploads\/2024\/03\/bot-dau-tay-dong-kho-freeze-dried-strawberry-powder.jpg\" \/>\n\t<meta property=\"og:image:width\" content=\"750\" \/>\n\t<meta property=\"og:image:height\" content=\"750\" \/>\n\t<meta property=\"og:image:type\" content=\"image\/jpeg\" \/>\n<meta name=\"twitter:card\" content=\"summary_large_image\" \/>\n<meta name=\"twitter:label1\" content=\"Est. reading time\" \/>\n\t<meta name=\"twitter:data1\" content=\"2 minutes\" \/>\n<script type=\"application\/ld+json\" class=\"yoast-schema-graph\">{\"@context\":\"https:\/\/schema.org\",\"@graph\":[{\"@type\":\"WebPage\",\"@id\":\"https:\/\/bamboovipfood.com\/san-pham\/bot-dau-tay-dong-kho\/\",\"url\":\"https:\/\/bamboovipfood.com\/san-pham\/bot-dau-tay-dong-kho\/\",\"name\":\"B\u1ed9t d\u00e2u t\u00e2y s\u1ea5y th\u0103ng hoa - Bamboo Freeze Drying\",\"isPartOf\":{\"@id\":\"https:\/\/bamboovipfood.com\/#website\"},\"primaryImageOfPage\":{\"@id\":\"https:\/\/bamboovipfood.com\/san-pham\/bot-dau-tay-dong-kho\/#primaryimage\"},\"image\":{\"@id\":\"https:\/\/bamboovipfood.com\/san-pham\/bot-dau-tay-dong-kho\/#primaryimage\"},\"thumbnailUrl\":\"https:\/\/bamboovipfood.com\/wp-content\/uploads\/2024\/03\/bot-dau-tay-dong-kho-freeze-dried-strawberry-powder.jpg\",\"datePublished\":\"2025-01-23T08:14:18+00:00\",\"dateModified\":\"2025-04-11T03:40:23+00:00\",\"breadcrumb\":{\"@id\":\"https:\/\/bamboovipfood.com\/san-pham\/bot-dau-tay-dong-kho\/#breadcrumb\"},\"inLanguage\":\"en-US\",\"potentialAction\":[{\"@type\":\"ReadAction\",\"target\":[\"https:\/\/bamboovipfood.com\/san-pham\/bot-dau-tay-dong-kho\/\"]}]},{\"@type\":\"ImageObject\",\"inLanguage\":\"en-US\",\"@id\":\"https:\/\/bamboovipfood.com\/san-pham\/bot-dau-tay-dong-kho\/#primaryimage\",\"url\":\"https:\/\/bamboovipfood.com\/wp-content\/uploads\/2024\/03\/bot-dau-tay-dong-kho-freeze-dried-strawberry-powder.jpg\",\"contentUrl\":\"https:\/\/bamboovipfood.com\/wp-content\/uploads\/2024\/03\/bot-dau-tay-dong-kho-freeze-dried-strawberry-powder.jpg\",\"width\":750,\"height\":750},{\"@type\":\"BreadcrumbList\",\"@id\":\"https:\/\/bamboovipfood.com\/san-pham\/bot-dau-tay-dong-kho\/#breadcrumb\",\"itemListElement\":[{\"@type\":\"ListItem\",\"position\":1,\"name\":\"Trang ch\u1ee7\",\"item\":\"https:\/\/bamboovipfood.com\/\"},{\"@type\":\"ListItem\",\"position\":2,\"name\":\"Shop\",\"item\":\"https:\/\/bamboovipfood.com\/shop\/\"},{\"@type\":\"ListItem\",\"position\":3,\"name\":\"B\u1ed9t d\u00e2u t\u00e2y s\u1ea5y th\u0103ng hoa\"}]},{\"@type\":\"WebSite\",\"@id\":\"https:\/\/bamboovipfood.com\/#website\",\"url\":\"https:\/\/bamboovipfood.com\/\",\"name\":\"Bamboo Freeze Drying\",\"description\":\"Nh\u00e0 cung \u1ee9ng s\u1ea3n ph\u1ea9m s\u1ea5y th\u0103ng hoa h\u00e0ng \u0111\u1ea7u\",\"publisher\":{\"@id\":\"https:\/\/bamboovipfood.com\/#organization\"},\"potentialAction\":[{\"@type\":\"SearchAction\",\"target\":{\"@type\":\"EntryPoint\",\"urlTemplate\":\"https:\/\/bamboovipfood.com\/?s={search_term_string}\"},\"query-input\":{\"@type\":\"PropertyValueSpecification\",\"valueRequired\":true,\"valueName\":\"search_term_string\"}}],\"inLanguage\":\"en-US\"},{\"@type\":\"Organization\",\"@id\":\"https:\/\/bamboovipfood.com\/#organization\",\"name\":\"Bamboo Freeze Drying\",\"url\":\"https:\/\/bamboovipfood.com\/\",\"logo\":{\"@type\":\"ImageObject\",\"inLanguage\":\"en-US\",\"@id\":\"https:\/\/bamboovipfood.com\/#\/schema\/logo\/image\/\",\"url\":\"https:\/\/bamboovipfood.com\/wp-content\/uploads\/2020\/08\/Logo-Bamboo-Freeze-Dry-Dark.png\",\"contentUrl\":\"https:\/\/bamboovipfood.com\/wp-content\/uploads\/2020\/08\/Logo-Bamboo-Freeze-Dry-Dark.png\",\"width\":500,\"height\":189,\"caption\":\"Bamboo Freeze Drying\"},\"image\":{\"@id\":\"https:\/\/bamboovipfood.com\/#\/schema\/logo\/image\/\"}}]}<\/script>\n<!-- \/ Yoast SEO plugin. -->","yoast_head_json":{"title":"B\u1ed9t d\u00e2u t\u00e2y s\u1ea5y th\u0103ng hoa - Bamboo Freeze Drying","robots":{"index":"index","follow":"follow","max-snippet":"max-snippet:-1","max-image-preview":"max-image-preview:large","max-video-preview":"max-video-preview:-1"},"canonical":"https:\/\/bamboovipfood.com\/en\/product\/pure-freeze-dried-strawberry-powder\/","og_locale":"en_US","og_type":"article","og_title":"B\u1ed9t d\u00e2u t\u00e2y s\u1ea5y th\u0103ng hoa - Bamboo Freeze Drying","og_description":"Freeze Dried Strawberries Powder   B\u1ed9t d\u00e2u nguy\u00ean ch\u1ea5t.  \u0110\u01b0\u1ee3c l\u00e0m t\u1eeb 100% d\u00e2u t\u00e2y.  Th\u00edch h\u1ee3p \u0111\u1ec3 r\u1eafc v\u00e0o th\u1ee9c \u0103n kh\u00f4 ho\u1eb7c \u0111\u1ec3 b\u00f9 n\u01b0\u1edbc.","og_url":"https:\/\/bamboovipfood.com\/en\/product\/pure-freeze-dried-strawberry-powder\/","og_site_name":"Bamboo Freeze Drying","article_modified_time":"2025-04-11T03:40:23+00:00","og_image":[{"width":750,"height":750,"url":"https:\/\/bamboovipfood.com\/wp-content\/uploads\/2024\/03\/bot-dau-tay-dong-kho-freeze-dried-strawberry-powder.jpg","type":"image\/jpeg"}],"twitter_card":"summary_large_image","twitter_misc":{"Est. reading time":"2 minutes"},"schema":{"@context":"https:\/\/schema.org","@graph":[{"@type":"WebPage","@id":"https:\/\/bamboovipfood.com\/san-pham\/bot-dau-tay-dong-kho\/","url":"https:\/\/bamboovipfood.com\/san-pham\/bot-dau-tay-dong-kho\/","name":"B\u1ed9t d\u00e2u t\u00e2y s\u1ea5y th\u0103ng hoa - Bamboo Freeze Drying","isPartOf":{"@id":"https:\/\/bamboovipfood.com\/#website"},"primaryImageOfPage":{"@id":"https:\/\/bamboovipfood.com\/san-pham\/bot-dau-tay-dong-kho\/#primaryimage"},"image":{"@id":"https:\/\/bamboovipfood.com\/san-pham\/bot-dau-tay-dong-kho\/#primaryimage"},"thumbnailUrl":"https:\/\/bamboovipfood.com\/wp-content\/uploads\/2024\/03\/bot-dau-tay-dong-kho-freeze-dried-strawberry-powder.jpg","datePublished":"2025-01-23T08:14:18+00:00","dateModified":"2025-04-11T03:40:23+00:00","breadcrumb":{"@id":"https:\/\/bamboovipfood.com\/san-pham\/bot-dau-tay-dong-kho\/#breadcrumb"},"inLanguage":"en-US","potentialAction":[{"@type":"ReadAction","target":["https:\/\/bamboovipfood.com\/san-pham\/bot-dau-tay-dong-kho\/"]}]},{"@type":"ImageObject","inLanguage":"en-US","@id":"https:\/\/bamboovipfood.com\/san-pham\/bot-dau-tay-dong-kho\/#primaryimage","url":"https:\/\/bamboovipfood.com\/wp-content\/uploads\/2024\/03\/bot-dau-tay-dong-kho-freeze-dried-strawberry-powder.jpg","contentUrl":"https:\/\/bamboovipfood.com\/wp-content\/uploads\/2024\/03\/bot-dau-tay-dong-kho-freeze-dried-strawberry-powder.jpg","width":750,"height":750},{"@type":"BreadcrumbList","@id":"https:\/\/bamboovipfood.com\/san-pham\/bot-dau-tay-dong-kho\/#breadcrumb","itemListElement":[{"@type":"ListItem","position":1,"name":"Trang ch\u1ee7","item":"https:\/\/bamboovipfood.com\/"},{"@type":"ListItem","position":2,"name":"Shop","item":"https:\/\/bamboovipfood.com\/shop\/"},{"@type":"ListItem","position":3,"name":"B\u1ed9t d\u00e2u t\u00e2y s\u1ea5y th\u0103ng hoa"}]},{"@type":"WebSite","@id":"https:\/\/bamboovipfood.com\/#website","url":"https:\/\/bamboovipfood.com\/","name":"Bamboo Freeze Drying","description":"Nh\u00e0 cung \u1ee9ng s\u1ea3n ph\u1ea9m s\u1ea5y th\u0103ng hoa h\u00e0ng \u0111\u1ea7u","publisher":{"@id":"https:\/\/bamboovipfood.com\/#organization"},"potentialAction":[{"@type":"SearchAction","target":{"@type":"EntryPoint","urlTemplate":"https:\/\/bamboovipfood.com\/?s={search_term_string}"},"query-input":{"@type":"PropertyValueSpecification","valueRequired":true,"valueName":"search_term_string"}}],"inLanguage":"en-US"},{"@type":"Organization","@id":"https:\/\/bamboovipfood.com\/#organization","name":"Bamboo Freeze Drying","url":"https:\/\/bamboovipfood.com\/","logo":{"@type":"ImageObject","inLanguage":"en-US","@id":"https:\/\/bamboovipfood.com\/#\/schema\/logo\/image\/","url":"https:\/\/bamboovipfood.com\/wp-content\/uploads\/2020\/08\/Logo-Bamboo-Freeze-Dry-Dark.png","contentUrl":"https:\/\/bamboovipfood.com\/wp-content\/uploads\/2020\/08\/Logo-Bamboo-Freeze-Dry-Dark.png","width":500,"height":189,"caption":"Bamboo Freeze Drying"},"image":{"@id":"https:\/\/bamboovipfood.com\/#\/schema\/logo\/image\/"}}]}},"_links":{"self":[{"href":"https:\/\/bamboovipfood.com\/en\/wp-json\/wp\/v2\/product\/7880","targetHints":{"allow":["GET"]}}],"collection":[{"href":"https:\/\/bamboovipfood.com\/en\/wp-json\/wp\/v2\/product"}],"about":[{"href":"https:\/\/bamboovipfood.com\/en\/wp-json\/wp\/v2\/types\/product"}],"replies":[{"embeddable":true,"href":"https:\/\/bamboovipfood.com\/en\/wp-json\/wp\/v2\/comments?post=7880"}],"wp:featuredmedia":[{"embeddable":true,"href":"https:\/\/bamboovipfood.com\/en\/wp-json\/wp\/v2\/media\/7881"}],"wp:attachment":[{"href":"https:\/\/bamboovipfood.com\/en\/wp-json\/wp\/v2\/media?parent=7880"}],"wp:term":[{"taxonomy":"product_cat","embeddable":true,"href":"https:\/\/bamboovipfood.com\/en\/wp-json\/wp\/v2\/product_cat?post=7880"},{"taxonomy":"product_tag","embeddable":true,"href":"https:\/\/bamboovipfood.com\/en\/wp-json\/wp\/v2\/product_tag?post=7880"}],"curies":[{"name":"wp","href":"https:\/\/api.w.org\/{rel}","templated":true}]}}