{"id":9,"date":"2024-03-22T02:00:07","date_gmt":"2024-03-22T02:00:07","guid":{"rendered":"https:\/\/bamboovipfood.com\/?page_id=9"},"modified":"2024-11-04T07:35:11","modified_gmt":"2024-11-04T07:35:11","slug":"gio-hang","status":"publish","type":"page","link":"https:\/\/bamboovipfood.com\/en\/carts\/","title":{"rendered":"Shopping Cart"},"content":{"rendered":"<div data-block-name=\"woocommerce\/cart\" class=\"wp-block-woocommerce-cart alignwide is-loading\"><div data-block-name=\"woocommerce\/filled-cart-block\" class=\"wp-block-woocommerce-filled-cart-block\"><div data-block-name=\"woocommerce\/cart-items-block\" class=\"wp-block-woocommerce-cart-items-block\"><div data-block-name=\"woocommerce\/cart-line-items-block\" class=\"wp-block-woocommerce-cart-line-items-block\"><\/div>\n\n<div data-block-name=\"woocommerce\/cart-cross-sells-block\" class=\"wp-block-woocommerce-cart-cross-sells-block\">\n<h2 class=\"wp-block-heading has-large-font-size\">You may be interested in\u2026<\/h2>\n\n\n<div data-block-name=\"woocommerce\/cart-cross-sells-products-block\" class=\"wp-block-woocommerce-cart-cross-sells-products-block\"><\/div><\/div><\/div>\n\n<div data-block-name=\"woocommerce\/cart-totals-block\" class=\"wp-block-woocommerce-cart-totals-block\"><div data-block-name=\"woocommerce\/cart-order-summary-block\" class=\"wp-block-woocommerce-cart-order-summary-block\"><div data-block-name=\"woocommerce\/cart-order-summary-heading-block\" class=\"wp-block-woocommerce-cart-order-summary-heading-block\"><\/div><div data-block-name=\"woocommerce\/cart-order-summary-coupon-form-block\" class=\"wp-block-woocommerce-cart-order-summary-coupon-form-block\"><\/div><div data-block-name=\"woocommerce\/cart-order-summary-totals-block\" class=\"wp-block-woocommerce-cart-order-summary-totals-block\">\n<div data-block-name=\"woocommerce\/cart-order-summary-subtotal-block\" class=\"wp-block-woocommerce-cart-order-summary-subtotal-block\"><\/div>\n<div data-block-name=\"woocommerce\/cart-order-summary-discount-block\" class=\"wp-block-woocommerce-cart-order-summary-discount-block\"><\/div>\n<div data-block-name=\"woocommerce\/cart-order-summary-fee-block\" class=\"wp-block-woocommerce-cart-order-summary-fee-block\"><\/div>\n<div data-block-name=\"woocommerce\/cart-order-summary-shipping-block\" class=\"wp-block-woocommerce-cart-order-summary-shipping-block\"><\/div>\n<div data-block-name=\"woocommerce\/cart-order-summary-taxes-block\" class=\"wp-block-woocommerce-cart-order-summary-taxes-block\"><\/div><\/div><\/div>\n\n<div data-block-name=\"woocommerce\/cart-express-payment-block\" class=\"wp-block-woocommerce-cart-express-payment-block\"><\/div>\n\n<div data-block-name=\"woocommerce\/proceed-to-checkout-block\" class=\"wp-block-woocommerce-proceed-to-checkout-block\"><\/div>\n\n<div data-block-name=\"woocommerce\/cart-accepted-payment-methods-block\" class=\"wp-block-woocommerce-cart-accepted-payment-methods-block\"><\/div><\/div><\/div>\n\n<div data-block-name=\"woocommerce\/empty-cart-block\" class=\"wp-block-woocommerce-empty-cart-block\">\n<h2 class=\"wp-block-heading has-text-align-center with-empty-cart-icon wc-block-cart__empty-cart__title\">Empty Cart Page<\/h2>\n\n\n\n<hr class=\"wp-block-separator has-alpha-channel-opacity is-style-dots\"\/>\n\n\n\n<h2 class=\"wp-block-heading has-text-align-center\">New in store<\/h2>\n\n\n<div data-block-name=\"woocommerce\/product-new\" data-columns=\"4\" data-rows=\"1\" class=\"wc-block-grid wp-block-product-new wc-block-product-new has-4-columns\"><ul class=\"wc-block-grid__products\"><li class=\"wc-block-grid__product\">\n\t\t\t\t<a href=\"https:\/\/bamboovipfood.com\/en\/product\/natural-vegetable-seasoning-powder\/\" class=\"wc-block-grid__product-link\">\n\t\t\t\t\t\n\t\t\t\t\t<div class=\"wc-block-grid__product-image\"><img fetchpriority=\"high\" decoding=\"async\" width=\"450\" height=\"450\" src=\"https:\/\/bamboovipfood.com\/wp-content\/uploads\/2025\/06\/bot-nem-rau-cu-thuan-chay-450x450.jpg\" class=\"attachment-woocommerce_thumbnail size-woocommerce_thumbnail wvs-archive-product-image\" alt=\"b\u1ed9t n\u00eam rau c\u1ee7 h\u1eefu c\u01a1\" srcset=\"https:\/\/bamboovipfood.com\/wp-content\/uploads\/2025\/06\/bot-nem-rau-cu-thuan-chay-450x450.jpg 450w, https:\/\/bamboovipfood.com\/wp-content\/uploads\/2025\/06\/bot-nem-rau-cu-thuan-chay-100x100.jpg 100w, https:\/\/bamboovipfood.com\/wp-content\/uploads\/2025\/06\/bot-nem-rau-cu-thuan-chay-300x300.jpg 300w, https:\/\/bamboovipfood.com\/wp-content\/uploads\/2025\/06\/bot-nem-rau-cu-thuan-chay-150x150.jpg 150w, https:\/\/bamboovipfood.com\/wp-content\/uploads\/2025\/06\/bot-nem-rau-cu-thuan-chay-768x768.jpg 768w, https:\/\/bamboovipfood.com\/wp-content\/uploads\/2025\/06\/bot-nem-rau-cu-thuan-chay-700x700.jpg 700w, https:\/\/bamboovipfood.com\/wp-content\/uploads\/2025\/06\/bot-nem-rau-cu-thuan-chay-50x50.jpg 50w, https:\/\/bamboovipfood.com\/wp-content\/uploads\/2025\/06\/bot-nem-rau-cu-thuan-chay-600x600.jpg 600w, https:\/\/bamboovipfood.com\/wp-content\/uploads\/2025\/06\/bot-nem-rau-cu-thuan-chay-96x96.jpg 96w, https:\/\/bamboovipfood.com\/wp-content\/uploads\/2025\/06\/bot-nem-rau-cu-thuan-chay-460x460.jpg 460w, https:\/\/bamboovipfood.com\/wp-content\/uploads\/2025\/06\/bot-nem-rau-cu-thuan-chay.jpg 800w\" sizes=\"(max-width: 450px) 100vw, 450px\" \/><\/div>\n\t\t\t\t\t<div class=\"wc-block-grid__product-title\">Vegan vegetable seasoning powder<\/div>\n\t\t\t\t<\/a>\n\t\t\t\t<div class=\"wc-block-grid__product-price price\"><\/div>\n\t\t\t\t\n\t\t\t\t<div class=\"wp-block-button wc-block-grid__product-add-to-cart\"><a href=\"https:\/\/bamboovipfood.com\/en\/product\/natural-vegetable-seasoning-powder\/\" aria-label=\"Read more about \u201cB\u1ed9t n\u00eam rau c\u1ee7 thu\u1ea7n chay\u201d\" data-quantity=\"1\" data-product_id=\"10028\" data-product_sku=\"\" data-price=\"0\" rel=\"nofollow\" class=\"wp-block-button__link  add_to_cart_button\" data-no-translation=\"\" data-trp-gettext=\"\" data-no-translation-aria-label=\"\">Read more<\/a><\/div>\n\t\t\t<\/li><li class=\"wc-block-grid__product\">\n\t\t\t\t<a href=\"https:\/\/bamboovipfood.com\/en\/product\/butter-milk-seasoning-powder\/\" class=\"wc-block-grid__product-link\">\n\t\t\t\t\t\n\t\t\t\t\t<div class=\"wc-block-grid__product-image\"><img decoding=\"async\" width=\"450\" height=\"450\" src=\"https:\/\/bamboovipfood.com\/wp-content\/uploads\/2025\/06\/bot-gia-vi-bo-sua-450x450.png\" class=\"attachment-woocommerce_thumbnail size-woocommerce_thumbnail wvs-archive-product-image\" alt=\"Buttermilk Seasoning Powder\" srcset=\"https:\/\/bamboovipfood.com\/wp-content\/uploads\/2025\/06\/bot-gia-vi-bo-sua-450x450.png 450w, https:\/\/bamboovipfood.com\/wp-content\/uploads\/2025\/06\/bot-gia-vi-bo-sua-100x100.png 100w, https:\/\/bamboovipfood.com\/wp-content\/uploads\/2025\/06\/bot-gia-vi-bo-sua-800x800.png 800w, https:\/\/bamboovipfood.com\/wp-content\/uploads\/2025\/06\/bot-gia-vi-bo-sua-300x300.png 300w, https:\/\/bamboovipfood.com\/wp-content\/uploads\/2025\/06\/bot-gia-vi-bo-sua-150x150.png 150w, https:\/\/bamboovipfood.com\/wp-content\/uploads\/2025\/06\/bot-gia-vi-bo-sua-768x768.png 768w, https:\/\/bamboovipfood.com\/wp-content\/uploads\/2025\/06\/bot-gia-vi-bo-sua-50x50.png 50w, https:\/\/bamboovipfood.com\/wp-content\/uploads\/2025\/06\/bot-gia-vi-bo-sua-600x600.png 600w, https:\/\/bamboovipfood.com\/wp-content\/uploads\/2025\/06\/bot-gia-vi-bo-sua-96x96.png 96w, https:\/\/bamboovipfood.com\/wp-content\/uploads\/2025\/06\/bot-gia-vi-bo-sua-460x460.png 460w, https:\/\/bamboovipfood.com\/wp-content\/uploads\/2025\/06\/bot-gia-vi-bo-sua.png 1024w\" sizes=\"(max-width: 450px) 100vw, 450px\" \/><\/div>\n\t\t\t\t\t<div class=\"wc-block-grid__product-title\">Buttermilk Seasoning Powder<\/div>\n\t\t\t\t<\/a>\n\t\t\t\t<div class=\"wc-block-grid__product-price price\"><\/div>\n\t\t\t\t\n\t\t\t\t<div class=\"wp-block-button wc-block-grid__product-add-to-cart\"><a href=\"https:\/\/bamboovipfood.com\/en\/product\/butter-milk-seasoning-powder\/\" aria-label=\"Read more about \u201cB\u1ed9t Gia V\u1ecb B\u01a1 S\u1eefa\u201d\" data-quantity=\"1\" data-product_id=\"9982\" data-product_sku=\"\" data-price=\"0\" rel=\"nofollow\" class=\"wp-block-button__link  add_to_cart_button\" data-no-translation=\"\" data-trp-gettext=\"\" data-no-translation-aria-label=\"\">Read more<\/a><\/div>\n\t\t\t<\/li><li class=\"wc-block-grid__product\">\n\t\t\t\t<a href=\"https:\/\/bamboovipfood.com\/en\/product\/premium-seaweed-seasoning-powder\/\" class=\"wc-block-grid__product-link\">\n\t\t\t\t\t\n\t\t\t\t\t<div class=\"wc-block-grid__product-image\"><img decoding=\"async\" width=\"450\" height=\"450\" src=\"https:\/\/bamboovipfood.com\/wp-content\/uploads\/2025\/06\/bot-gia-vi-rong-bien-450x450.png\" class=\"attachment-woocommerce_thumbnail size-woocommerce_thumbnail wvs-archive-product-image\" alt=\"b\u1ed9t gia v\u1ecb rong bi\u1ec3n\" srcset=\"https:\/\/bamboovipfood.com\/wp-content\/uploads\/2025\/06\/bot-gia-vi-rong-bien-450x450.png 450w, https:\/\/bamboovipfood.com\/wp-content\/uploads\/2025\/06\/bot-gia-vi-rong-bien-100x100.png 100w, https:\/\/bamboovipfood.com\/wp-content\/uploads\/2025\/06\/bot-gia-vi-rong-bien-800x800.png 800w, https:\/\/bamboovipfood.com\/wp-content\/uploads\/2025\/06\/bot-gia-vi-rong-bien-300x300.png 300w, https:\/\/bamboovipfood.com\/wp-content\/uploads\/2025\/06\/bot-gia-vi-rong-bien-150x150.png 150w, https:\/\/bamboovipfood.com\/wp-content\/uploads\/2025\/06\/bot-gia-vi-rong-bien-768x768.png 768w, https:\/\/bamboovipfood.com\/wp-content\/uploads\/2025\/06\/bot-gia-vi-rong-bien-50x50.png 50w, https:\/\/bamboovipfood.com\/wp-content\/uploads\/2025\/06\/bot-gia-vi-rong-bien-600x600.png 600w, https:\/\/bamboovipfood.com\/wp-content\/uploads\/2025\/06\/bot-gia-vi-rong-bien-96x96.png 96w, https:\/\/bamboovipfood.com\/wp-content\/uploads\/2025\/06\/bot-gia-vi-rong-bien-460x460.png 460w, https:\/\/bamboovipfood.com\/wp-content\/uploads\/2025\/06\/bot-gia-vi-rong-bien.png 1024w\" sizes=\"(max-width: 450px) 100vw, 450px\" \/><\/div>\n\t\t\t\t\t<div class=\"wc-block-grid__product-title\">Seaweed Seasoning Powder<\/div>\n\t\t\t\t<\/a>\n\t\t\t\t<div class=\"wc-block-grid__product-price price\"><\/div>\n\t\t\t\t\n\t\t\t\t<div class=\"wp-block-button wc-block-grid__product-add-to-cart\"><a href=\"https:\/\/bamboovipfood.com\/en\/product\/premium-seaweed-seasoning-powder\/\" aria-label=\"Read more about \u201cB\u1ed9t gia v\u1ecb Rong Bi\u1ec3n\u201d\" data-quantity=\"1\" data-product_id=\"9971\" data-product_sku=\"\" data-price=\"0\" rel=\"nofollow\" class=\"wp-block-button__link  add_to_cart_button\" data-no-translation=\"\" data-trp-gettext=\"\" data-no-translation-aria-label=\"\">Read more<\/a><\/div>\n\t\t\t<\/li><li class=\"wc-block-grid__product\">\n\t\t\t\t<a href=\"https:\/\/bamboovipfood.com\/en\/product\/premium-bbq-meat-seasoning-powder\/\" class=\"wc-block-grid__product-link\">\n\t\t\t\t\t\n\t\t\t\t\t<div class=\"wc-block-grid__product-image\"><img loading=\"lazy\" decoding=\"async\" width=\"450\" height=\"450\" src=\"https:\/\/bamboovipfood.com\/wp-content\/uploads\/2025\/06\/bot-rac-thit-nuong-bbq-450x450.png\" class=\"attachment-woocommerce_thumbnail size-woocommerce_thumbnail wvs-archive-product-image\" alt=\"BBQ Seasoning Powder\" srcset=\"https:\/\/bamboovipfood.com\/wp-content\/uploads\/2025\/06\/bot-rac-thit-nuong-bbq-450x450.png 450w, https:\/\/bamboovipfood.com\/wp-content\/uploads\/2025\/06\/bot-rac-thit-nuong-bbq-100x100.png 100w, https:\/\/bamboovipfood.com\/wp-content\/uploads\/2025\/06\/bot-rac-thit-nuong-bbq-800x800.png 800w, https:\/\/bamboovipfood.com\/wp-content\/uploads\/2025\/06\/bot-rac-thit-nuong-bbq-300x300.png 300w, https:\/\/bamboovipfood.com\/wp-content\/uploads\/2025\/06\/bot-rac-thit-nuong-bbq-150x150.png 150w, https:\/\/bamboovipfood.com\/wp-content\/uploads\/2025\/06\/bot-rac-thit-nuong-bbq-768x768.png 768w, https:\/\/bamboovipfood.com\/wp-content\/uploads\/2025\/06\/bot-rac-thit-nuong-bbq-50x50.png 50w, https:\/\/bamboovipfood.com\/wp-content\/uploads\/2025\/06\/bot-rac-thit-nuong-bbq-600x600.png 600w, https:\/\/bamboovipfood.com\/wp-content\/uploads\/2025\/06\/bot-rac-thit-nuong-bbq-96x96.png 96w, https:\/\/bamboovipfood.com\/wp-content\/uploads\/2025\/06\/bot-rac-thit-nuong-bbq-460x460.png 460w, https:\/\/bamboovipfood.com\/wp-content\/uploads\/2025\/06\/bot-rac-thit-nuong-bbq.png 1024w\" sizes=\"(max-width: 450px) 100vw, 450px\" \/><\/div>\n\t\t\t\t\t<div class=\"wc-block-grid__product-title\">BBQ Seasoning Powder<\/div>\n\t\t\t\t<\/a>\n\t\t\t\t<div class=\"wc-block-grid__product-price price\"><\/div>\n\t\t\t\t\n\t\t\t\t<div class=\"wp-block-button wc-block-grid__product-add-to-cart\"><a href=\"https:\/\/bamboovipfood.com\/en\/product\/premium-bbq-meat-seasoning-powder\/\" aria-label=\"Read more about \u201cB\u1ed9t gia v\u1ecb Th\u1ecbt N\u01b0\u1edbng - BBQ\u201d\" data-quantity=\"1\" data-product_id=\"9969\" data-product_sku=\"\" data-price=\"0\" rel=\"nofollow\" class=\"wp-block-button__link  add_to_cart_button\" data-no-translation=\"\" data-trp-gettext=\"\" data-no-translation-aria-label=\"\">Read more<\/a><\/div>\n\t\t\t<\/li><\/ul><\/div><\/div><\/div>","protected":false},"excerpt":{"rendered":"","protected":false},"author":1,"featured_media":0,"parent":0,"menu_order":0,"comment_status":"closed","ping_status":"closed","template":"","meta":{"footnotes":""},"class_list":["post-9","page","type-page","status-publish","hentry"],"yoast_head":"<!-- This site is optimized with the Yoast SEO plugin v25.7 - https:\/\/yoast.com\/wordpress\/plugins\/seo\/ -->\n<title>Gi\u1ecf h\u00e0ng - Bamboo Freeze Drying<\/title>\n<meta name=\"robots\" content=\"index, follow, max-snippet:-1, max-image-preview:large, max-video-preview:-1\" \/>\n<link rel=\"canonical\" href=\"https:\/\/bamboovipfood.com\/en\/carts\/\" \/>\n<meta property=\"og:locale\" content=\"en_US\" \/>\n<meta property=\"og:type\" content=\"article\" \/>\n<meta property=\"og:title\" content=\"Gi\u1ecf h\u00e0ng - Bamboo Freeze Drying\" \/>\n<meta property=\"og:url\" content=\"https:\/\/bamboovipfood.com\/en\/carts\/\" \/>\n<meta property=\"og:site_name\" content=\"Bamboo Freeze Drying\" \/>\n<meta property=\"article:modified_time\" content=\"2024-11-04T07:35:11+00:00\" \/>\n<meta name=\"twitter:card\" content=\"summary_large_image\" \/>\n<script type=\"application\/ld+json\" class=\"yoast-schema-graph\">{\"@context\":\"https:\/\/schema.org\",\"@graph\":[{\"@type\":\"WebPage\",\"@id\":\"https:\/\/bamboovipfood.com\/gio-hang\/\",\"url\":\"https:\/\/bamboovipfood.com\/gio-hang\/\",\"name\":\"Gi\u1ecf h\u00e0ng - Bamboo Freeze Drying\",\"isPartOf\":{\"@id\":\"https:\/\/bamboovipfood.com\/#website\"},\"datePublished\":\"2024-03-22T02:00:07+00:00\",\"dateModified\":\"2024-11-04T07:35:11+00:00\",\"breadcrumb\":{\"@id\":\"https:\/\/bamboovipfood.com\/gio-hang\/#breadcrumb\"},\"inLanguage\":\"en-US\",\"potentialAction\":[{\"@type\":\"ReadAction\",\"target\":[\"https:\/\/bamboovipfood.com\/gio-hang\/\"]}]},{\"@type\":\"BreadcrumbList\",\"@id\":\"https:\/\/bamboovipfood.com\/gio-hang\/#breadcrumb\",\"itemListElement\":[{\"@type\":\"ListItem\",\"position\":1,\"name\":\"Trang ch\u1ee7\",\"item\":\"https:\/\/bamboovipfood.com\/\"},{\"@type\":\"ListItem\",\"position\":2,\"name\":\"Gi\u1ecf h\u00e0ng\"}]},{\"@type\":\"WebSite\",\"@id\":\"https:\/\/bamboovipfood.com\/#website\",\"url\":\"https:\/\/bamboovipfood.com\/\",\"name\":\"Bamboo Freeze Drying\",\"description\":\"Nh\u00e0 cung \u1ee9ng s\u1ea3n ph\u1ea9m s\u1ea5y th\u0103ng hoa h\u00e0ng \u0111\u1ea7u\",\"publisher\":{\"@id\":\"https:\/\/bamboovipfood.com\/#organization\"},\"potentialAction\":[{\"@type\":\"SearchAction\",\"target\":{\"@type\":\"EntryPoint\",\"urlTemplate\":\"https:\/\/bamboovipfood.com\/?s={search_term_string}\"},\"query-input\":{\"@type\":\"PropertyValueSpecification\",\"valueRequired\":true,\"valueName\":\"search_term_string\"}}],\"inLanguage\":\"en-US\"},{\"@type\":\"Organization\",\"@id\":\"https:\/\/bamboovipfood.com\/#organization\",\"name\":\"Bamboo Freeze Drying\",\"url\":\"https:\/\/bamboovipfood.com\/\",\"logo\":{\"@type\":\"ImageObject\",\"inLanguage\":\"en-US\",\"@id\":\"https:\/\/bamboovipfood.com\/#\/schema\/logo\/image\/\",\"url\":\"https:\/\/bamboovipfood.com\/wp-content\/uploads\/2020\/08\/Logo-Bamboo-Freeze-Dry-Dark.png\",\"contentUrl\":\"https:\/\/bamboovipfood.com\/wp-content\/uploads\/2020\/08\/Logo-Bamboo-Freeze-Dry-Dark.png\",\"width\":500,\"height\":189,\"caption\":\"Bamboo Freeze Drying\"},\"image\":{\"@id\":\"https:\/\/bamboovipfood.com\/#\/schema\/logo\/image\/\"}}]}<\/script>\n<!-- \/ Yoast SEO plugin. -->","yoast_head_json":{"title":"Gi\u1ecf h\u00e0ng - Bamboo Freeze Drying","robots":{"index":"index","follow":"follow","max-snippet":"max-snippet:-1","max-image-preview":"max-image-preview:large","max-video-preview":"max-video-preview:-1"},"canonical":"https:\/\/bamboovipfood.com\/en\/carts\/","og_locale":"en_US","og_type":"article","og_title":"Gi\u1ecf h\u00e0ng - Bamboo Freeze Drying","og_url":"https:\/\/bamboovipfood.com\/en\/carts\/","og_site_name":"Bamboo Freeze Drying","article_modified_time":"2024-11-04T07:35:11+00:00","twitter_card":"summary_large_image","schema":{"@context":"https:\/\/schema.org","@graph":[{"@type":"WebPage","@id":"https:\/\/bamboovipfood.com\/gio-hang\/","url":"https:\/\/bamboovipfood.com\/gio-hang\/","name":"Gi\u1ecf h\u00e0ng - Bamboo Freeze Drying","isPartOf":{"@id":"https:\/\/bamboovipfood.com\/#website"},"datePublished":"2024-03-22T02:00:07+00:00","dateModified":"2024-11-04T07:35:11+00:00","breadcrumb":{"@id":"https:\/\/bamboovipfood.com\/gio-hang\/#breadcrumb"},"inLanguage":"en-US","potentialAction":[{"@type":"ReadAction","target":["https:\/\/bamboovipfood.com\/gio-hang\/"]}]},{"@type":"BreadcrumbList","@id":"https:\/\/bamboovipfood.com\/gio-hang\/#breadcrumb","itemListElement":[{"@type":"ListItem","position":1,"name":"Trang ch\u1ee7","item":"https:\/\/bamboovipfood.com\/"},{"@type":"ListItem","position":2,"name":"Gi\u1ecf h\u00e0ng"}]},{"@type":"WebSite","@id":"https:\/\/bamboovipfood.com\/#website","url":"https:\/\/bamboovipfood.com\/","name":"Bamboo Freeze Drying","description":"Nh\u00e0 cung \u1ee9ng s\u1ea3n ph\u1ea9m s\u1ea5y th\u0103ng hoa h\u00e0ng \u0111\u1ea7u","publisher":{"@id":"https:\/\/bamboovipfood.com\/#organization"},"potentialAction":[{"@type":"SearchAction","target":{"@type":"EntryPoint","urlTemplate":"https:\/\/bamboovipfood.com\/?s={search_term_string}"},"query-input":{"@type":"PropertyValueSpecification","valueRequired":true,"valueName":"search_term_string"}}],"inLanguage":"en-US"},{"@type":"Organization","@id":"https:\/\/bamboovipfood.com\/#organization","name":"Bamboo Freeze Drying","url":"https:\/\/bamboovipfood.com\/","logo":{"@type":"ImageObject","inLanguage":"en-US","@id":"https:\/\/bamboovipfood.com\/#\/schema\/logo\/image\/","url":"https:\/\/bamboovipfood.com\/wp-content\/uploads\/2020\/08\/Logo-Bamboo-Freeze-Dry-Dark.png","contentUrl":"https:\/\/bamboovipfood.com\/wp-content\/uploads\/2020\/08\/Logo-Bamboo-Freeze-Dry-Dark.png","width":500,"height":189,"caption":"Bamboo Freeze Drying"},"image":{"@id":"https:\/\/bamboovipfood.com\/#\/schema\/logo\/image\/"}}]}},"_links":{"self":[{"href":"https:\/\/bamboovipfood.com\/en\/wp-json\/wp\/v2\/pages\/9","targetHints":{"allow":["GET"]}}],"collection":[{"href":"https:\/\/bamboovipfood.com\/en\/wp-json\/wp\/v2\/pages"}],"about":[{"href":"https:\/\/bamboovipfood.com\/en\/wp-json\/wp\/v2\/types\/page"}],"author":[{"embeddable":true,"href":"https:\/\/bamboovipfood.com\/en\/wp-json\/wp\/v2\/users\/1"}],"replies":[{"embeddable":true,"href":"https:\/\/bamboovipfood.com\/en\/wp-json\/wp\/v2\/comments?post=9"}],"version-history":[{"count":1,"href":"https:\/\/bamboovipfood.com\/en\/wp-json\/wp\/v2\/pages\/9\/revisions"}],"predecessor-version":[{"id":9241,"href":"https:\/\/bamboovipfood.com\/en\/wp-json\/wp\/v2\/pages\/9\/revisions\/9241"}],"wp:attachment":[{"href":"https:\/\/bamboovipfood.com\/en\/wp-json\/wp\/v2\/media?parent=9"}],"curies":[{"name":"wp","href":"https:\/\/api.w.org\/{rel}","templated":true}]}}